{"id":442819,"date":"2025-02-06T14:39:02","date_gmt":"2025-02-06T13:39:02","guid":{"rendered":"https:\/\/www.vdhurk.nl\/?page_id=442819"},"modified":"2025-02-06T17:20:59","modified_gmt":"2025-02-06T16:20:59","slug":"macchina","status":"publish","type":"page","link":"https:\/\/www.vdhurk.nl\/it\/peugeot-bedrijfswagens\/boxer\/automaat\/","title":{"rendered":"Peugeot Boxer Automatico"},"content":{"rendered":"<section  class='av_textblock_section av-lu8gnh7d-4ac895489941e586c1d7c8cb72318135'  itemscope=\"itemscope\" itemtype=\"https:\/\/schema.org\/CreativeWork\" ><div class='avia_textblock'  itemprop=\"text\" ><h1>Cercate una Peugeot Boxer automatica?<\/h1>\n<p>Siete alla ricerca di un'auto aziendale affidabile per la vostra attivit\u00e0? Allora il Peugeot Boxer automatico merita sicuramente la vostra attenzione. Questo modello \u00e8 molto popolare tra gli utenti aziendali e per una buona ragione. Grazie alla sua esperienza di guida confortevole e all'ampia capacit\u00e0 di carico, il Peugeot Boxer \u00e8 una scelta eccellente per gli imprenditori che apprezzano qualit\u00e0 ed efficienza. Continuate a leggere e scoprite se questo veicolo commerciale \u00e8 perfetto per le vostre esigenze aziendali.<\/p>\n<\/div><\/section>\n\n<style type=\"text\/css\" data-created_by=\"avia_inline_auto\" id=\"style-css-av-lujjddpd-afa3d7a9eabd61123e643ed1228e781e\">\n#top .hr.hr-invisible.av-lujjddpd-afa3d7a9eabd61123e643ed1228e781e{\nheight:50px;\n}\n<\/style>\n<div  class='hr av-lujjddpd-afa3d7a9eabd61123e643ed1228e781e hr-invisible  avia-builder-el-1  el_after_av_textblock  el_before_av_codeblock'><span class='hr-inner'><span class=\"hr-inner-style\"><\/span><\/span><\/div>\n\n\n<style type=\"text\/css\" data-created_by=\"avia_inline_auto\" id=\"style-css-av-ah0xd-63338d9dc6b40410e22a712829c369d6\">\n#top .hr.hr-invisible.av-ah0xd-63338d9dc6b40410e22a712829c369d6{\nheight:50px;\n}\n<\/style>\n<div  class='hr av-ah0xd-63338d9dc6b40410e22a712829c369d6 hr-invisible  avia-builder-el-3  el_after_av_codeblock  el_before_av_textblock'><span class='hr-inner'><span class=\"hr-inner-style\"><\/span><\/span><\/div>\n<section  class='av_textblock_section av-lu8gow1e-300853e458ed741bd87d6cb78e55cc7a'  itemscope=\"itemscope\" itemtype=\"https:\/\/schema.org\/CreativeWork\" ><div class='avia_textblock'  itemprop=\"text\" ><h2>I vantaggi di una versione automatica<\/h2>\n<p>In qualit\u00e0 di imprenditore, \u00e8 naturale che desideriate un'auto aziendale che non solo funzioni in modo efficiente, ma che renda la guida il pi\u00f9 semplice possibile. L'automatico offre esattamente questi vantaggi e si distingue chiaramente dai modelli Peugeot Boxer manuali. Poich\u00e9 si usa un solo piede, si beneficia di un maggiore comfort di guida. Questo \u00e8 particolarmente vantaggioso durante i lunghi viaggi o quando \u00e8 necessario fermarsi e accelerare regolarmente nel traffico cittadino intenso. Con un Renault Trafic automatico, investite in comfort e affidabilit\u00e0.<\/p>\n<\/div><\/section>\n<div class='flex_column av-f64w1-da126f42b61613402309283c14245a25 av_one_half  avia-builder-el-5  el_after_av_textblock  el_before_av_one_third  first flex_column_div column-top-margin'   ><section  class='av_textblock_section av-lu8gpqre-73cc2c17e6a6497ba6e1b58af22bd9e8'  itemscope=\"itemscope\" itemtype=\"https:\/\/schema.org\/CreativeWork\" ><div class='avia_textblock'  itemprop=\"text\" ><h2>Perch\u00e9 scegliere un Peugeot Boxer usato o nuovo?<\/h2>\n<p>State pensando di acquistare un Peugeot Boxer? Allora state scegliendo un veicolo commerciale che offre numerosi vantaggi. L'abitacolo \u00e8 stato progettato per garantire un comfort ottimale, rendendo agevoli le lunghe giornate di lavoro al volante. Grazie agli ampi spazi di stivaggio e alle pratiche dotazioni, potrete godere di una guida confortevole ogni giorno. Il Peugeot Boxer \u00e8 anche molto versatile, con varie versioni che si adattano alle diverse esigenze aziendali. Che siate alla ricerca di un modello per il trasporto di merci o per scopi commerciali specifici, c'\u00e8 sempre una variante che fa al caso vostro. In breve, il Peugeot Boxer offre una combinazione di comfort, versatilit\u00e0 e scelta. Ci\u00f2 rende questo veicolo commerciale ideale per qualsiasi azienda.<\/p>\n<\/div><\/section><\/div>\n<div class='flex_column av-aldk9-ee694297f5c4032981677a02caab84d6 av_one_third  avia-builder-el-7  el_after_av_one_half  el_before_av_hr  flex_column_div column-top-margin'   ><style type=\"text\/css\" data-created_by=\"avia_inline_auto\" id=\"style-css-av-l1w9kpsf-4ec3fab772ec7a9adaa33cfc64ff0475\">\n.avia-image-container.av-l1w9kpsf-4ec3fab772ec7a9adaa33cfc64ff0475 .av-image-caption-overlay-center{\ncolor:#ffffff;\n}\n<\/style>\n<div  class='avia-image-container av-l1w9kpsf-4ec3fab772ec7a9adaa33cfc64ff0475 av-styling- avia-align-center  avia-builder-el-8  avia-builder-el-no-sibling'  itemprop=\"image\" itemscope=\"itemscope\" itemtype=\"https:\/\/schema.org\/ImageObject\" ><div class=\"avia-image-container-inner\"><div class=\"avia-image-overlay-wrap\"><img decoding=\"async\" class='wp-image-187 avia-img-lazy-loading-not-187 avia_image' src=\"https:\/\/www.vdhurk.nl\/wp-content\/uploads\/2022\/03\/Voorrad.png\" alt='' title='Stock'  height=\"758\" width=\"1135\"  itemprop=\"thumbnailUrl\" srcset=\"https:\/\/www.vdhurk.nl\/wp-content\/uploads\/2022\/03\/Voorrad.png 1135w, https:\/\/www.vdhurk.nl\/wp-content\/uploads\/2022\/03\/Voorrad-300x200.png 300w, https:\/\/www.vdhurk.nl\/wp-content\/uploads\/2022\/03\/Voorrad-1030x688.png 1030w, https:\/\/www.vdhurk.nl\/wp-content\/uploads\/2022\/03\/Voorrad-768x513.png 768w, https:\/\/www.vdhurk.nl\/wp-content\/uploads\/2022\/03\/Voorrad-18x12.png 18w, https:\/\/www.vdhurk.nl\/wp-content\/uploads\/2022\/03\/Voorrad-705x471.png 705w\" sizes=\"(max-width: 1135px) 100vw, 1135px\" \/><\/div><\/div><\/div><\/div>\n\n<style type=\"text\/css\" data-created_by=\"avia_inline_auto\" id=\"style-css-av-luqrjpjc-5a23a1fb5f94718ca85316a9df963e2f\">\n#top .hr.hr-invisible.av-luqrjpjc-5a23a1fb5f94718ca85316a9df963e2f{\nheight:50px;\n}\n<\/style>\n<div  class='hr av-luqrjpjc-5a23a1fb5f94718ca85316a9df963e2f hr-invisible  avia-builder-el-9  el_after_av_one_third  el_before_av_textblock'><span class='hr-inner'><span class=\"hr-inner-style\"><\/span><\/span><\/div>\n<section  class='av_textblock_section av-lu8gtjw7-4f3cee9304909518d86d2860d9d582dd'  itemscope=\"itemscope\" itemtype=\"https:\/\/schema.org\/CreativeWork\" ><div class='avia_textblock'  itemprop=\"text\" ><h2>Un'indicazione di prezzo<\/h2>\n<p>I prezzi di un Peugeot Boxer automatico variano, e ci\u00f2 \u00e8 dovuto alle diverse versioni e specifiche che offriamo. Che siate alla ricerca di un semplice Peugeot Boxer o di una versione completamente accessoriata, nella nostra gamma troverete sempre un modello adatto alle vostre esigenze. Poich\u00e9 la nostra offerta \u00e8 in continua evoluzione, non possiamo fornire un preventivo a prezzo fisso. Pertanto, vi invitiamo a tenere in considerazione il nostro <a href=\"https:\/\/www.vdhurk.nl\/it\/veicoli-commerciali\/\">offerta attuale<\/a> con attenzione.<\/p>\n<h2>Acquistare o prendere in leasing una Peugeot Boxer?<\/h2>\n<p>Presso Van den Hurk, non solo avete la possibilit\u00e0 di acquistare direttamente un veicolo commerciale, ma potete anche optare per <a href=\"https:\/\/www.vdhurk.nl\/it\/locazione-finanziaria\/\">locazione finanziaria<\/a>. Il leasing di un Peugeot Boxer prevede il pagamento di un importo fisso al mese. Durante il periodo di leasing, si accumula sempre pi\u00f9 propriet\u00e0 e alla fine del contratto si diventa proprietari a tutti gli effetti del veicolo, senza dover versare un grosso anticipo.<\/p>\n<h2>Trovate l'auto aziendale perfetta<\/h2>\n<p>Siete convinti e pronti ad acquistare una Peugeot Boxer automatica? O avete ancora bisogno di qualche informazione in pi\u00f9 per fare la scelta giusta? In qualit\u00e0 di concessionario Peugeot Boxer, siamo pronti a rispondere a tutte le vostre domande. Contattateci per maggiori dettagli o consultate la nostra gamma attuale per trovare il vostro veicolo commerciale ideale.<\/p>\n<\/div><\/section>","protected":false},"excerpt":{"rendered":"","protected":false},"author":3,"featured_media":0,"parent":405923,"menu_order":0,"comment_status":"closed","ping_status":"closed","template":"","meta":{"_acf_changed":false,"_improvement_type_select":"improve_an_existing","_thumb_yes_seoaic":false,"_frame_yes_seoaic":false,"seoaic_generate_description":"","seoaic_improve_instructions_prompt":"","seoaic_rollback_content_improvement":"","seoaic_idea_thumbnail_generator":"","thumbnail_generated":false,"thumbnail_generate_prompt":"","seoaic_article_description":"","footnotes":""},"class_list":["post-442819","page","type-page","status-publish","hentry"],"acf":[],"yoast_head":"<!-- This site is optimized with the Yoast SEO plugin v27.5 - https:\/\/yoast.com\/product\/yoast-seo-wordpress\/ -->\n<title>Vind jouw Peugeot Boxer automaat | Bekijk ons aanbod<\/title>\n<meta name=\"description\" content=\"Zoek je een Peugeot Boxer automaat? Ontdek de mogelijkheden en vind de bedrijfswagen die perfect aansluit bij jouw zakelijke behoeften.\" \/>\n<meta name=\"robots\" content=\"index, follow, max-snippet:-1, max-image-preview:large, max-video-preview:-1\" \/>\n<link rel=\"canonical\" href=\"https:\/\/www.vdhurk.nl\/it\/veicoli-commerciali-peugeot\/mercedes-11\/macchina\/\" \/>\n<meta property=\"og:locale\" content=\"it_IT\" \/>\n<meta property=\"og:type\" content=\"article\" \/>\n<meta property=\"og:title\" content=\"Vind jouw Peugeot Boxer automaat | Bekijk ons aanbod\" \/>\n<meta property=\"og:description\" content=\"Zoek je een Peugeot Boxer automaat? Ontdek de mogelijkheden en vind de bedrijfswagen die perfect aansluit bij jouw zakelijke behoeften.\" \/>\n<meta property=\"og:url\" content=\"https:\/\/www.vdhurk.nl\/it\/veicoli-commerciali-peugeot\/mercedes-11\/macchina\/\" \/>\n<meta property=\"og:site_name\" content=\"Van den Hurk Bedrijfswagens\" \/>\n<meta property=\"article:modified_time\" content=\"2025-02-06T16:20:59+00:00\" \/>\n<meta name=\"twitter:card\" content=\"summary_large_image\" \/>\n<meta name=\"twitter:label1\" content=\"Tempo di lettura stimato\" \/>\n\t<meta name=\"twitter:data1\" content=\"4 minuti\" \/>\n<script type=\"application\/ld+json\" class=\"yoast-schema-graph\">{\"@context\":\"https:\\\/\\\/schema.org\",\"@graph\":[{\"@type\":\"WebPage\",\"@id\":\"https:\\\/\\\/www.vdhurk.nl\\\/peugeot-bedrijfswagens\\\/boxer\\\/automaat\\\/\",\"url\":\"https:\\\/\\\/www.vdhurk.nl\\\/peugeot-bedrijfswagens\\\/boxer\\\/automaat\\\/\",\"name\":\"Vind jouw Peugeot Boxer automaat | Bekijk ons aanbod\",\"isPartOf\":{\"@id\":\"https:\\\/\\\/www.vdhurk.nl\\\/#website\"},\"datePublished\":\"2025-02-06T13:39:02+00:00\",\"dateModified\":\"2025-02-06T16:20:59+00:00\",\"description\":\"Zoek je een Peugeot Boxer automaat? Ontdek de mogelijkheden en vind de bedrijfswagen die perfect aansluit bij jouw zakelijke behoeften.\",\"breadcrumb\":{\"@id\":\"https:\\\/\\\/www.vdhurk.nl\\\/peugeot-bedrijfswagens\\\/boxer\\\/automaat\\\/#breadcrumb\"},\"inLanguage\":\"it-IT\",\"potentialAction\":[{\"@type\":\"ReadAction\",\"target\":[\"https:\\\/\\\/www.vdhurk.nl\\\/peugeot-bedrijfswagens\\\/boxer\\\/automaat\\\/\"]}]},{\"@type\":\"BreadcrumbList\",\"@id\":\"https:\\\/\\\/www.vdhurk.nl\\\/peugeot-bedrijfswagens\\\/boxer\\\/automaat\\\/#breadcrumb\",\"itemListElement\":[{\"@type\":\"ListItem\",\"position\":1,\"name\":\"Home\",\"item\":\"https:\\\/\\\/www.vdhurk.nl\\\/home\\\/\"},{\"@type\":\"ListItem\",\"position\":2,\"name\":\"Peugeot Bedrijfswagens\",\"item\":\"https:\\\/\\\/www.vdhurk.nl\\\/peugeot-bedrijfswagens\\\/\"},{\"@type\":\"ListItem\",\"position\":3,\"name\":\"Peugeot Boxer\",\"item\":\"https:\\\/\\\/www.vdhurk.nl\\\/peugeot-bedrijfswagens\\\/boxer\\\/\"},{\"@type\":\"ListItem\",\"position\":4,\"name\":\"Peugeot Boxer Automaat\"}]},{\"@type\":\"WebSite\",\"@id\":\"https:\\\/\\\/www.vdhurk.nl\\\/#website\",\"url\":\"https:\\\/\\\/www.vdhurk.nl\\\/\",\"name\":\"Van den Hurk Bedrijfswagens\",\"description\":\"Van den Hurk bedrijfswagens Helmond\",\"potentialAction\":[{\"@type\":\"SearchAction\",\"target\":{\"@type\":\"EntryPoint\",\"urlTemplate\":\"https:\\\/\\\/www.vdhurk.nl\\\/?s={search_term_string}\"},\"query-input\":{\"@type\":\"PropertyValueSpecification\",\"valueRequired\":true,\"valueName\":\"search_term_string\"}}],\"inLanguage\":\"it-IT\"}]}<\/script>\n<!-- \/ Yoast SEO plugin. -->","yoast_head_json":{"title":"Trova la tua Peugeot Boxer automatica | Visualizza la nostra offerta","description":"Cercate un Peugeot Boxer automatico? Esplorate le opzioni e trovate il veicolo commerciale che si adatta perfettamente alle vostre esigenze aziendali.","robots":{"index":"index","follow":"follow","max-snippet":"max-snippet:-1","max-image-preview":"max-image-preview:large","max-video-preview":"max-video-preview:-1"},"canonical":"https:\/\/www.vdhurk.nl\/it\/veicoli-commerciali-peugeot\/mercedes-11\/macchina\/","og_locale":"it_IT","og_type":"article","og_title":"Vind jouw Peugeot Boxer automaat | Bekijk ons aanbod","og_description":"Zoek je een Peugeot Boxer automaat? Ontdek de mogelijkheden en vind de bedrijfswagen die perfect aansluit bij jouw zakelijke behoeften.","og_url":"https:\/\/www.vdhurk.nl\/it\/veicoli-commerciali-peugeot\/mercedes-11\/macchina\/","og_site_name":"Van den Hurk Bedrijfswagens","article_modified_time":"2025-02-06T16:20:59+00:00","twitter_card":"summary_large_image","twitter_misc":{"Tempo di lettura stimato":"4 minuti"},"schema":{"@context":"https:\/\/schema.org","@graph":[{"@type":"WebPage","@id":"https:\/\/www.vdhurk.nl\/peugeot-bedrijfswagens\/boxer\/automaat\/","url":"https:\/\/www.vdhurk.nl\/peugeot-bedrijfswagens\/boxer\/automaat\/","name":"Trova la tua Peugeot Boxer automatica | Visualizza la nostra offerta","isPartOf":{"@id":"https:\/\/www.vdhurk.nl\/#website"},"datePublished":"2025-02-06T13:39:02+00:00","dateModified":"2025-02-06T16:20:59+00:00","description":"Cercate un Peugeot Boxer automatico? Esplorate le opzioni e trovate il veicolo commerciale che si adatta perfettamente alle vostre esigenze aziendali.","breadcrumb":{"@id":"https:\/\/www.vdhurk.nl\/peugeot-bedrijfswagens\/boxer\/automaat\/#breadcrumb"},"inLanguage":"it-IT","potentialAction":[{"@type":"ReadAction","target":["https:\/\/www.vdhurk.nl\/peugeot-bedrijfswagens\/boxer\/automaat\/"]}]},{"@type":"BreadcrumbList","@id":"https:\/\/www.vdhurk.nl\/peugeot-bedrijfswagens\/boxer\/automaat\/#breadcrumb","itemListElement":[{"@type":"ListItem","position":1,"name":"Home","item":"https:\/\/www.vdhurk.nl\/home\/"},{"@type":"ListItem","position":2,"name":"Peugeot Bedrijfswagens","item":"https:\/\/www.vdhurk.nl\/peugeot-bedrijfswagens\/"},{"@type":"ListItem","position":3,"name":"Peugeot Boxer","item":"https:\/\/www.vdhurk.nl\/peugeot-bedrijfswagens\/boxer\/"},{"@type":"ListItem","position":4,"name":"Peugeot Boxer Automaat"}]},{"@type":"WebSite","@id":"https:\/\/www.vdhurk.nl\/#website","url":"https:\/\/www.vdhurk.nl\/","name":"Veicoli commerciali Van den Hurk","description":"Van den Hurk veicoli commerciali Helmond","potentialAction":[{"@type":"SearchAction","target":{"@type":"EntryPoint","urlTemplate":"https:\/\/www.vdhurk.nl\/?s={search_term_string}"},"query-input":{"@type":"PropertyValueSpecification","valueRequired":true,"valueName":"search_term_string"}}],"inLanguage":"it-IT"}]}},"_links":{"self":[{"href":"https:\/\/www.vdhurk.nl\/it\/wp-json\/wp\/v2\/pages\/442819","targetHints":{"allow":["GET"]}}],"collection":[{"href":"https:\/\/www.vdhurk.nl\/it\/wp-json\/wp\/v2\/pages"}],"about":[{"href":"https:\/\/www.vdhurk.nl\/it\/wp-json\/wp\/v2\/types\/page"}],"author":[{"embeddable":true,"href":"https:\/\/www.vdhurk.nl\/it\/wp-json\/wp\/v2\/users\/3"}],"replies":[{"embeddable":true,"href":"https:\/\/www.vdhurk.nl\/it\/wp-json\/wp\/v2\/comments?post=442819"}],"version-history":[{"count":3,"href":"https:\/\/www.vdhurk.nl\/it\/wp-json\/wp\/v2\/pages\/442819\/revisions"}],"predecessor-version":[{"id":442890,"href":"https:\/\/www.vdhurk.nl\/it\/wp-json\/wp\/v2\/pages\/442819\/revisions\/442890"}],"up":[{"embeddable":true,"href":"https:\/\/www.vdhurk.nl\/it\/wp-json\/wp\/v2\/pages\/405923"}],"wp:attachment":[{"href":"https:\/\/www.vdhurk.nl\/it\/wp-json\/wp\/v2\/media?parent=442819"}],"curies":[{"name":"wp","href":"https:\/\/api.w.org\/{rel}","templated":true}]}}