{"id":442817,"date":"2025-02-06T14:04:20","date_gmt":"2025-02-06T13:04:20","guid":{"rendered":"https:\/\/www.vdhurk.nl\/?page_id=442817"},"modified":"2025-02-06T17:20:38","modified_gmt":"2025-02-06T16:20:38","slug":"macchina","status":"publish","type":"page","link":"https:\/\/www.vdhurk.nl\/it\/peugeot-bedrijfswagens\/partner\/automaat\/","title":{"rendered":"Peugeot Partner Automatico"},"content":{"rendered":"<section  class='av_textblock_section av-lu8gnh7d-4ac895489941e586c1d7c8cb72318135'  itemscope=\"itemscope\" itemtype=\"https:\/\/schema.org\/CreativeWork\" ><div class='avia_textblock'  itemprop=\"text\" ><h1>Trova il tuo cambio automatico Peugeot Partner<\/h1>\n<p>Il vostro veicolo commerciale deve essere sostituito? Siete alla ricerca del vostro primo furgone o volete passare a un cambio automatico? Allora il Peugeot Partner automatico \u00e8 una scelta eccellente. Con le sue caratteristiche versatili e le sue specifiche pratiche, questo furgone \u00e8 il partner ideale per la vostra attivit\u00e0. Vi chiedete perch\u00e9? Continuate a leggere e scoprite se il Peugeot Partner fa al caso vostro.<\/p>\n<\/div><\/section>\n\n<style type=\"text\/css\" data-created_by=\"avia_inline_auto\" id=\"style-css-av-lujjddpd-afa3d7a9eabd61123e643ed1228e781e\">\n#top .hr.hr-invisible.av-lujjddpd-afa3d7a9eabd61123e643ed1228e781e{\nheight:50px;\n}\n<\/style>\n<div  class='hr av-lujjddpd-afa3d7a9eabd61123e643ed1228e781e hr-invisible  avia-builder-el-1  el_after_av_textblock  el_before_av_codeblock'><span class='hr-inner'><span class=\"hr-inner-style\"><\/span><\/span><\/div>\n\n\n<style type=\"text\/css\" data-created_by=\"avia_inline_auto\" id=\"style-css-av-ah0xd-63338d9dc6b40410e22a712829c369d6\">\n#top .hr.hr-invisible.av-ah0xd-63338d9dc6b40410e22a712829c369d6{\nheight:50px;\n}\n<\/style>\n<div  class='hr av-ah0xd-63338d9dc6b40410e22a712829c369d6 hr-invisible  avia-builder-el-3  el_after_av_codeblock  el_before_av_textblock'><span class='hr-inner'><span class=\"hr-inner-style\"><\/span><\/span><\/div>\n<section  class='av_textblock_section av-lu8gow1e-300853e458ed741bd87d6cb78e55cc7a'  itemscope=\"itemscope\" itemtype=\"https:\/\/schema.org\/CreativeWork\" ><div class='avia_textblock'  itemprop=\"text\" ><h2>Quali sono i vantaggi di un automatico?<\/h2>\n<p>Come imprenditori, cercate un'auto aziendale che non sia solo efficiente, ma che porti il comfort di guida a un livello superiore. L'automatico offre proprio questo e presenta chiari vantaggi rispetto ai modelli Peugeot Partner manuali. Usando un solo piede, si guida sempre in modo confortevole, anche nei lunghi viaggi. Con un Peugeot Partner automatico, quindi, si investe sia in comfort che in durata.<\/p>\n<\/div><\/section>\n<div class='flex_column av-f64w1-da126f42b61613402309283c14245a25 av_one_half  avia-builder-el-5  el_after_av_textblock  el_before_av_one_third  first flex_column_div column-top-margin'   ><section  class='av_textblock_section av-lu8gpqre-73cc2c17e6a6497ba6e1b58af22bd9e8'  itemscope=\"itemscope\" itemtype=\"https:\/\/schema.org\/CreativeWork\" ><div class='avia_textblock'  itemprop=\"text\" ><h2>Perch\u00e9 scegliere un Peugeot Partner?<\/h2>\n<p>Il Peugeot Partner \u00e8 un veicolo commerciale affidabile e versatile, e questo si riflette nei numerosi vantaggi che questo modello offre. Grazie alle sue dimensioni compatte, il Partner si muove senza fatica sia in citt\u00e0 che nel traffico intenso, in modo da arrivare sempre rapidamente a destinazione. Lo spazioso vano di carico \u00e8 ideale per trasportare tutti i materiali e le attrezzature, in modo che non vi manchi mai nulla. L'abitacolo, flessibile ed ergonomico, garantisce una guida confortevole anche nei lunghi viaggi. E la sicurezza? \u00c8 garantita. Il Peugeot Partner \u00e8 dotato di numerosi sistemi di sicurezza avanzati, per cui potrete sempre affrontare la strada in tutta tranquillit\u00e0. In definitiva, il Peugeot Partner \u00e8 un'auto aziendale affidabile ed efficiente che vi supporta ogni giorno nel vostro lavoro.<\/p>\n<\/div><\/section><\/div>\n<div class='flex_column av-aldk9-ee694297f5c4032981677a02caab84d6 av_one_third  avia-builder-el-7  el_after_av_one_half  el_before_av_hr  flex_column_div column-top-margin'   ><style type=\"text\/css\" data-created_by=\"avia_inline_auto\" id=\"style-css-av-l1w9kpsf-4ec3fab772ec7a9adaa33cfc64ff0475\">\n.avia-image-container.av-l1w9kpsf-4ec3fab772ec7a9adaa33cfc64ff0475 .av-image-caption-overlay-center{\ncolor:#ffffff;\n}\n<\/style>\n<div  class='avia-image-container av-l1w9kpsf-4ec3fab772ec7a9adaa33cfc64ff0475 av-styling- avia-align-center  avia-builder-el-8  avia-builder-el-no-sibling'  itemprop=\"image\" itemscope=\"itemscope\" itemtype=\"https:\/\/schema.org\/ImageObject\" ><div class=\"avia-image-container-inner\"><div class=\"avia-image-overlay-wrap\"><img decoding=\"async\" class='wp-image-187 avia-img-lazy-loading-not-187 avia_image' src=\"https:\/\/www.vdhurk.nl\/wp-content\/uploads\/2022\/03\/Voorrad.png\" alt='' title='Stock'  height=\"758\" width=\"1135\"  itemprop=\"thumbnailUrl\" srcset=\"https:\/\/www.vdhurk.nl\/wp-content\/uploads\/2022\/03\/Voorrad.png 1135w, https:\/\/www.vdhurk.nl\/wp-content\/uploads\/2022\/03\/Voorrad-300x200.png 300w, https:\/\/www.vdhurk.nl\/wp-content\/uploads\/2022\/03\/Voorrad-1030x688.png 1030w, https:\/\/www.vdhurk.nl\/wp-content\/uploads\/2022\/03\/Voorrad-768x513.png 768w, https:\/\/www.vdhurk.nl\/wp-content\/uploads\/2022\/03\/Voorrad-18x12.png 18w, https:\/\/www.vdhurk.nl\/wp-content\/uploads\/2022\/03\/Voorrad-705x471.png 705w\" sizes=\"(max-width: 1135px) 100vw, 1135px\" \/><\/div><\/div><\/div><\/div>\n\n<style type=\"text\/css\" data-created_by=\"avia_inline_auto\" id=\"style-css-av-luqrjpjc-5a23a1fb5f94718ca85316a9df963e2f\">\n#top .hr.hr-invisible.av-luqrjpjc-5a23a1fb5f94718ca85316a9df963e2f{\nheight:50px;\n}\n<\/style>\n<div  class='hr av-luqrjpjc-5a23a1fb5f94718ca85316a9df963e2f hr-invisible  avia-builder-el-9  el_after_av_one_third  el_before_av_textblock'><span class='hr-inner'><span class=\"hr-inner-style\"><\/span><\/span><\/div>\n<section  class='av_textblock_section av-lu8gtjw7-4f3cee9304909518d86d2860d9d582dd'  itemscope=\"itemscope\" itemtype=\"https:\/\/schema.org\/CreativeWork\" ><div class='avia_textblock'  itemprop=\"text\" ><h2>Quali sono i prezzi?<\/h2>\n<p>I prezzi di un Peugeot Partner automatico variano, il che non sorprende. Nella nostra offerta troverete sia modelli semplici di Peugeot Partner che versioni completamente equipaggiate. Poich\u00e9 la nostra offerta \u00e8 in continua evoluzione, non possiamo fornire un'indicazione precisa del prezzo. Poich\u00e9 l'offerta \u00e8 in continua evoluzione, c'\u00e8 sempre qualcosa che rientra nella vostra fascia di prezzo.<\/p>\n<h2>Acquistare o prendere in leasing un Peugeot Partner?<\/h2>\n<p>Da Van den Hurk potete scegliere tra diverse opzioni di pagamento per il vostro Peugeot Partner. Volete acquistare subito un Peugeot Partner? Certo che s\u00ec! Ma avete anche pensato a <a href=\"https:\/\/www.vdhurk.nl\/it\/locazione-finanziaria\/\">locazione finanziaria<\/a>? Il leasing di un Peugeot Partner comporta il pagamento di un importo fisso mensile, anzich\u00e9 di una somma elevata in un'unica soluzione. Il veicolo diventa gradualmente di vostra propriet\u00e0 durante la durata del contratto di leasing. E quando il contratto di leasing termina, ne sarete gli orgogliosi proprietari senza dover affrontare un pesante investimento iniziale. In breve, il leasing finanziario vi offre i vantaggi di una nuova auto aziendale e un metodo di pagamento conveniente!<\/p>\n<h2>Visualizza la nostra offerta attuale<\/h2>\n<p>Siete entusiasti del cambio automatico del Peugeot Partner? O avete bisogno di maggiori informazioni? In qualit\u00e0 di concessionario Peugeot Partner, siamo sempre pronti a rispondere alle vostre domande. Aiutarvi a fare la scelta giusta \u00e8 la nostra priorit\u00e0. Che scegliate un Peugeot Partner usato o nuovo, avrete sempre la garanzia di un veicolo ben funzionante. Consultate la nostra offerta attuale o contattateci per maggiori informazioni.<\/p>\n<\/div><\/section>","protected":false},"excerpt":{"rendered":"","protected":false},"author":3,"featured_media":0,"parent":405925,"menu_order":0,"comment_status":"closed","ping_status":"closed","template":"","meta":{"_acf_changed":false,"_improvement_type_select":"improve_an_existing","_thumb_yes_seoaic":false,"_frame_yes_seoaic":false,"seoaic_generate_description":"","seoaic_improve_instructions_prompt":"","seoaic_rollback_content_improvement":"","seoaic_idea_thumbnail_generator":"","thumbnail_generated":false,"thumbnail_generate_prompt":"","seoaic_article_description":"","footnotes":""},"class_list":["post-442817","page","type-page","status-publish","hentry"],"acf":[],"yoast_head":"<!-- This site is optimized with the Yoast SEO plugin v27.3 - https:\/\/yoast.com\/product\/yoast-seo-wordpress\/ -->\n<title>Kies jouw Peugeot Partner automaat | Ontdek de opties<\/title>\n<meta name=\"description\" content=\"Denk je aan een Peugeot automaat? Ontdek ons volledige aanbod en vind de auto die perfect bij jou past.\" \/>\n<meta name=\"robots\" content=\"index, follow, max-snippet:-1, max-image-preview:large, max-video-preview:-1\" \/>\n<link rel=\"canonical\" href=\"https:\/\/www.vdhurk.nl\/it\/veicoli-commerciali-peugeot\/mercedes-6\/macchina\/\" \/>\n<meta property=\"og:locale\" content=\"it_IT\" \/>\n<meta property=\"og:type\" content=\"article\" \/>\n<meta property=\"og:title\" content=\"Kies jouw Peugeot Partner automaat | Ontdek de opties\" \/>\n<meta property=\"og:description\" content=\"Denk je aan een Peugeot automaat? Ontdek ons volledige aanbod en vind de auto die perfect bij jou past.\" \/>\n<meta property=\"og:url\" content=\"https:\/\/www.vdhurk.nl\/it\/veicoli-commerciali-peugeot\/mercedes-6\/macchina\/\" \/>\n<meta property=\"og:site_name\" content=\"Van den Hurk Bedrijfswagens\" \/>\n<meta property=\"article:modified_time\" content=\"2025-02-06T16:20:38+00:00\" \/>\n<meta name=\"twitter:card\" content=\"summary_large_image\" \/>\n<meta name=\"twitter:label1\" content=\"Tempo di lettura stimato\" \/>\n\t<meta name=\"twitter:data1\" content=\"5 minuti\" \/>\n<script type=\"application\/ld+json\" class=\"yoast-schema-graph\">{\"@context\":\"https:\\\/\\\/schema.org\",\"@graph\":[{\"@type\":\"WebPage\",\"@id\":\"https:\\\/\\\/www.vdhurk.nl\\\/peugeot-bedrijfswagens\\\/partner\\\/automaat\\\/\",\"url\":\"https:\\\/\\\/www.vdhurk.nl\\\/peugeot-bedrijfswagens\\\/partner\\\/automaat\\\/\",\"name\":\"Kies jouw Peugeot Partner automaat | Ontdek de opties\",\"isPartOf\":{\"@id\":\"https:\\\/\\\/www.vdhurk.nl\\\/#website\"},\"datePublished\":\"2025-02-06T13:04:20+00:00\",\"dateModified\":\"2025-02-06T16:20:38+00:00\",\"description\":\"Denk je aan een Peugeot automaat? Ontdek ons volledige aanbod en vind de auto die perfect bij jou past.\",\"breadcrumb\":{\"@id\":\"https:\\\/\\\/www.vdhurk.nl\\\/peugeot-bedrijfswagens\\\/partner\\\/automaat\\\/#breadcrumb\"},\"inLanguage\":\"it-IT\",\"potentialAction\":[{\"@type\":\"ReadAction\",\"target\":[\"https:\\\/\\\/www.vdhurk.nl\\\/peugeot-bedrijfswagens\\\/partner\\\/automaat\\\/\"]}]},{\"@type\":\"BreadcrumbList\",\"@id\":\"https:\\\/\\\/www.vdhurk.nl\\\/peugeot-bedrijfswagens\\\/partner\\\/automaat\\\/#breadcrumb\",\"itemListElement\":[{\"@type\":\"ListItem\",\"position\":1,\"name\":\"Home\",\"item\":\"https:\\\/\\\/www.vdhurk.nl\\\/home\\\/\"},{\"@type\":\"ListItem\",\"position\":2,\"name\":\"Peugeot Bedrijfswagens\",\"item\":\"https:\\\/\\\/www.vdhurk.nl\\\/peugeot-bedrijfswagens\\\/\"},{\"@type\":\"ListItem\",\"position\":3,\"name\":\"Peugeot Partner\",\"item\":\"https:\\\/\\\/www.vdhurk.nl\\\/peugeot-bedrijfswagens\\\/partner\\\/\"},{\"@type\":\"ListItem\",\"position\":4,\"name\":\"Peugeot Partner Automaat\"}]},{\"@type\":\"WebSite\",\"@id\":\"https:\\\/\\\/www.vdhurk.nl\\\/#website\",\"url\":\"https:\\\/\\\/www.vdhurk.nl\\\/\",\"name\":\"Van den Hurk Bedrijfswagens\",\"description\":\"Van den Hurk bedrijfswagens Helmond\",\"potentialAction\":[{\"@type\":\"SearchAction\",\"target\":{\"@type\":\"EntryPoint\",\"urlTemplate\":\"https:\\\/\\\/www.vdhurk.nl\\\/?s={search_term_string}\"},\"query-input\":{\"@type\":\"PropertyValueSpecification\",\"valueRequired\":true,\"valueName\":\"search_term_string\"}}],\"inLanguage\":\"it-IT\"}]}<\/script>\n<!-- \/ Yoast SEO plugin. -->","yoast_head_json":{"title":"Scegliete il cambio automatico del vostro Peugeot Partner | Scoprite gli optional","description":"State pensando a una Peugeot automatica? Esplorate la nostra gamma completa e trovate l'auto che fa per voi.","robots":{"index":"index","follow":"follow","max-snippet":"max-snippet:-1","max-image-preview":"max-image-preview:large","max-video-preview":"max-video-preview:-1"},"canonical":"https:\/\/www.vdhurk.nl\/it\/veicoli-commerciali-peugeot\/mercedes-6\/macchina\/","og_locale":"it_IT","og_type":"article","og_title":"Kies jouw Peugeot Partner automaat | Ontdek de opties","og_description":"Denk je aan een Peugeot automaat? Ontdek ons volledige aanbod en vind de auto die perfect bij jou past.","og_url":"https:\/\/www.vdhurk.nl\/it\/veicoli-commerciali-peugeot\/mercedes-6\/macchina\/","og_site_name":"Van den Hurk Bedrijfswagens","article_modified_time":"2025-02-06T16:20:38+00:00","twitter_card":"summary_large_image","twitter_misc":{"Tempo di lettura stimato":"5 minuti"},"schema":{"@context":"https:\/\/schema.org","@graph":[{"@type":"WebPage","@id":"https:\/\/www.vdhurk.nl\/peugeot-bedrijfswagens\/partner\/automaat\/","url":"https:\/\/www.vdhurk.nl\/peugeot-bedrijfswagens\/partner\/automaat\/","name":"Scegliete il cambio automatico del vostro Peugeot Partner | Scoprite gli optional","isPartOf":{"@id":"https:\/\/www.vdhurk.nl\/#website"},"datePublished":"2025-02-06T13:04:20+00:00","dateModified":"2025-02-06T16:20:38+00:00","description":"State pensando a una Peugeot automatica? Esplorate la nostra gamma completa e trovate l'auto che fa per voi.","breadcrumb":{"@id":"https:\/\/www.vdhurk.nl\/peugeot-bedrijfswagens\/partner\/automaat\/#breadcrumb"},"inLanguage":"it-IT","potentialAction":[{"@type":"ReadAction","target":["https:\/\/www.vdhurk.nl\/peugeot-bedrijfswagens\/partner\/automaat\/"]}]},{"@type":"BreadcrumbList","@id":"https:\/\/www.vdhurk.nl\/peugeot-bedrijfswagens\/partner\/automaat\/#breadcrumb","itemListElement":[{"@type":"ListItem","position":1,"name":"Home","item":"https:\/\/www.vdhurk.nl\/home\/"},{"@type":"ListItem","position":2,"name":"Peugeot Bedrijfswagens","item":"https:\/\/www.vdhurk.nl\/peugeot-bedrijfswagens\/"},{"@type":"ListItem","position":3,"name":"Peugeot Partner","item":"https:\/\/www.vdhurk.nl\/peugeot-bedrijfswagens\/partner\/"},{"@type":"ListItem","position":4,"name":"Peugeot Partner Automaat"}]},{"@type":"WebSite","@id":"https:\/\/www.vdhurk.nl\/#website","url":"https:\/\/www.vdhurk.nl\/","name":"Veicoli commerciali Van den Hurk","description":"Van den Hurk veicoli commerciali Helmond","potentialAction":[{"@type":"SearchAction","target":{"@type":"EntryPoint","urlTemplate":"https:\/\/www.vdhurk.nl\/?s={search_term_string}"},"query-input":{"@type":"PropertyValueSpecification","valueRequired":true,"valueName":"search_term_string"}}],"inLanguage":"it-IT"}]}},"_links":{"self":[{"href":"https:\/\/www.vdhurk.nl\/it\/wp-json\/wp\/v2\/pages\/442817","targetHints":{"allow":["GET"]}}],"collection":[{"href":"https:\/\/www.vdhurk.nl\/it\/wp-json\/wp\/v2\/pages"}],"about":[{"href":"https:\/\/www.vdhurk.nl\/it\/wp-json\/wp\/v2\/types\/page"}],"author":[{"embeddable":true,"href":"https:\/\/www.vdhurk.nl\/it\/wp-json\/wp\/v2\/users\/3"}],"replies":[{"embeddable":true,"href":"https:\/\/www.vdhurk.nl\/it\/wp-json\/wp\/v2\/comments?post=442817"}],"version-history":[{"count":3,"href":"https:\/\/www.vdhurk.nl\/it\/wp-json\/wp\/v2\/pages\/442817\/revisions"}],"predecessor-version":[{"id":442888,"href":"https:\/\/www.vdhurk.nl\/it\/wp-json\/wp\/v2\/pages\/442817\/revisions\/442888"}],"up":[{"embeddable":true,"href":"https:\/\/www.vdhurk.nl\/it\/wp-json\/wp\/v2\/pages\/405925"}],"wp:attachment":[{"href":"https:\/\/www.vdhurk.nl\/it\/wp-json\/wp\/v2\/media?parent=442817"}],"curies":[{"name":"wp","href":"https:\/\/api.w.org\/{rel}","templated":true}]}}