{"id":442814,"date":"2025-02-06T13:51:05","date_gmt":"2025-02-06T12:51:05","guid":{"rendered":"https:\/\/www.vdhurk.nl\/?page_id=442814"},"modified":"2025-02-06T17:20:26","modified_gmt":"2025-02-06T16:20:26","slug":"macchina","status":"publish","type":"page","link":"https:\/\/www.vdhurk.nl\/it\/peugeot-bedrijfswagens\/expert\/automaat\/","title":{"rendered":"Peugeot Expert Automatico"},"content":{"rendered":"<section  class='av_textblock_section av-lu8gnh7d-4ac895489941e586c1d7c8cb72318135'  itemscope=\"itemscope\" itemtype=\"https:\/\/schema.org\/CreativeWork\" ><div class='avia_textblock'  itemprop=\"text\" ><h1>Acquistare una Peugeot Expert con cambio automatico?<\/h1>\n<p>Cercate un nuovo veicolo commerciale che combini comfort e convenienza? Con il Peugeot Expert automatico non dovrete pi\u00f9 cambiare marcia. Questo furgone pratico e versatile \u00e8 disponibile in diverse versioni, per cui c'\u00e8 sempre un modello che si adatta perfettamente alle vostre esigenze aziendali e al vostro budget. Scoprite tutte le specifiche e le possibilit\u00e0.<\/p>\n<\/div><\/section>\n\n<style type=\"text\/css\" data-created_by=\"avia_inline_auto\" id=\"style-css-av-lujjddpd-afa3d7a9eabd61123e643ed1228e781e\">\n#top .hr.hr-invisible.av-lujjddpd-afa3d7a9eabd61123e643ed1228e781e{\nheight:50px;\n}\n<\/style>\n<div  class='hr av-lujjddpd-afa3d7a9eabd61123e643ed1228e781e hr-invisible  avia-builder-el-1  el_after_av_textblock  el_before_av_codeblock'><span class='hr-inner'><span class=\"hr-inner-style\"><\/span><\/span><\/div>\n\n\n<style type=\"text\/css\" data-created_by=\"avia_inline_auto\" id=\"style-css-av-ah0xd-63338d9dc6b40410e22a712829c369d6\">\n#top .hr.hr-invisible.av-ah0xd-63338d9dc6b40410e22a712829c369d6{\nheight:50px;\n}\n<\/style>\n<div  class='hr av-ah0xd-63338d9dc6b40410e22a712829c369d6 hr-invisible  avia-builder-el-3  el_after_av_codeblock  el_before_av_textblock'><span class='hr-inner'><span class=\"hr-inner-style\"><\/span><\/span><\/div>\n<section  class='av_textblock_section av-lu8gow1e-300853e458ed741bd87d6cb78e55cc7a'  itemscope=\"itemscope\" itemtype=\"https:\/\/schema.org\/CreativeWork\" ><div class='avia_textblock'  itemprop=\"text\" ><h2>I vantaggi di un cambio automatico<\/h2>\n<p>Come imprenditori, non solo volete un'auto aziendale affidabile, ma anche un modello che aumenti il comfort di guida. Un'auto automatica offre questa comodit\u00e0 in pi\u00f9 e presenta diversi vantaggi rispetto alle versioni manuali. Grazie al cambio automatico, dovrete concentrarvi solo sulla guida, il che offre un maggiore comfort, soprattutto nei lunghi viaggi. Non dovete preoccuparvi di cambiare le marce, riducendo cos\u00ec il rischio di problemi al motore. Ci sono quindi molti motivi per scegliere un cambio automatico!<\/p>\n<\/div><\/section>\n<div class='flex_column av-f64w1-da126f42b61613402309283c14245a25 av_one_half  avia-builder-el-5  el_after_av_textblock  el_before_av_one_third  first flex_column_div column-top-margin'   ><section  class='av_textblock_section av-lu8gpqre-73cc2c17e6a6497ba6e1b58af22bd9e8'  itemscope=\"itemscope\" itemtype=\"https:\/\/schema.org\/CreativeWork\" ><div class='avia_textblock'  itemprop=\"text\" ><h2>Perch\u00e9 acquistare un Peugeot Expert?<\/h2>\n<p>Il Peugeot Expert \u00e8 una scelta versatile e affidabile per gli imprenditori che cercano un veicolo commerciale pratico e affidabile. Con una generosa capacit\u00e0 di carico, i modelli Peugeot Expert offrono spazio sufficiente per trasportare tutto ci\u00f2 di cui avete bisogno. Dagli attrezzi ai carichi pi\u00f9 grandi, con questo veicolo commerciale sarete sempre ben preparati sulla strada. L'elevato comfort di guida rende agevoli i lunghi viaggi, ideali per chi trascorre molto tempo in viaggio. Inoltre, gli economici motori diesel garantiscono un consumo di carburante ridotto, aiutandovi a risparmiare sui costi. Grazie al suo design compatto e all'eccellente manovrabilit\u00e0, il Peugeot Expert \u00e8 perfetto anche per gli ambienti urbani pi\u00f9 trafficati, ma allo stesso tempo si comporta in modo ideale in autostrada. Il Peugeot Expert unisce quindi flessibilit\u00e0, efficienza e comfort in un unico veicolo commerciale.<\/p>\n<\/div><\/section><\/div>\n<div class='flex_column av-aldk9-ee694297f5c4032981677a02caab84d6 av_one_third  avia-builder-el-7  el_after_av_one_half  el_before_av_hr  flex_column_div column-top-margin'   ><style type=\"text\/css\" data-created_by=\"avia_inline_auto\" id=\"style-css-av-l1w9kpsf-4ec3fab772ec7a9adaa33cfc64ff0475\">\n.avia-image-container.av-l1w9kpsf-4ec3fab772ec7a9adaa33cfc64ff0475 .av-image-caption-overlay-center{\ncolor:#ffffff;\n}\n<\/style>\n<div  class='avia-image-container av-l1w9kpsf-4ec3fab772ec7a9adaa33cfc64ff0475 av-styling- avia-align-center  avia-builder-el-8  avia-builder-el-no-sibling'  itemprop=\"image\" itemscope=\"itemscope\" itemtype=\"https:\/\/schema.org\/ImageObject\" ><div class=\"avia-image-container-inner\"><div class=\"avia-image-overlay-wrap\"><img decoding=\"async\" class='wp-image-187 avia-img-lazy-loading-not-187 avia_image' src=\"https:\/\/www.vdhurk.nl\/wp-content\/uploads\/2022\/03\/Voorrad.png\" alt='' title='Stock'  height=\"758\" width=\"1135\"  itemprop=\"thumbnailUrl\" srcset=\"https:\/\/www.vdhurk.nl\/wp-content\/uploads\/2022\/03\/Voorrad.png 1135w, https:\/\/www.vdhurk.nl\/wp-content\/uploads\/2022\/03\/Voorrad-300x200.png 300w, https:\/\/www.vdhurk.nl\/wp-content\/uploads\/2022\/03\/Voorrad-1030x688.png 1030w, https:\/\/www.vdhurk.nl\/wp-content\/uploads\/2022\/03\/Voorrad-768x513.png 768w, https:\/\/www.vdhurk.nl\/wp-content\/uploads\/2022\/03\/Voorrad-18x12.png 18w, https:\/\/www.vdhurk.nl\/wp-content\/uploads\/2022\/03\/Voorrad-705x471.png 705w\" sizes=\"(max-width: 1135px) 100vw, 1135px\" \/><\/div><\/div><\/div><\/div>\n\n<style type=\"text\/css\" data-created_by=\"avia_inline_auto\" id=\"style-css-av-luqrjpjc-5a23a1fb5f94718ca85316a9df963e2f\">\n#top .hr.hr-invisible.av-luqrjpjc-5a23a1fb5f94718ca85316a9df963e2f{\nheight:50px;\n}\n<\/style>\n<div  class='hr av-luqrjpjc-5a23a1fb5f94718ca85316a9df963e2f hr-invisible  avia-builder-el-9  el_after_av_one_third  el_before_av_textblock'><span class='hr-inner'><span class=\"hr-inner-style\"><\/span><\/span><\/div>\n<section  class='av_textblock_section av-lu8gtjw7-4f3cee9304909518d86d2860d9d582dd'  itemscope=\"itemscope\" itemtype=\"https:\/\/schema.org\/CreativeWork\" ><div class='avia_textblock'  itemprop=\"text\" ><h2>A quali prezzi bisogna pensare?<\/h2>\n<p>I prezzi dei nostri modelli Peugeot Expert variano. Ci\u00f2 \u00e8 dovuto alle diverse possibilit\u00e0 di scelta. Scegliete una versione base o una variante con specifiche aggiuntive? Il prezzo \u00e8 determinato dai vostri desideri e dalle vostre esigenze. Qualunque siano le vostre esigenze, troverete sempre un modello adatto al vostro budget.<\/p>\n<h2>Acquistare o prendere in leasing una Peugeot Expert: qual \u00e8 la scelta migliore per voi?<\/h2>\n<p>Noi di Van den Hurk offriamo diverse opzioni di finanziamento per il vostro veicolo commerciale. In questo modo potrete sempre scegliere l'opzione migliore per la vostra situazione specifica. Potete scegliere di pagare il veicolo tutto in una volta o di ripartire il costo con <a href=\"https:\/\/www.vdhurk.nl\/it\/locazione-finanziaria\/\">locazione finanziaria<\/a>. Il leasing di una Peugeot Expert prevede il pagamento di un importo mensile fisso. Questa opzione \u00e8 pensata appositamente per chi desidera flessibilit\u00e0. In entrambi i casi, si diventa proprietari del veicolo: con il leasing finanziario, lo si diventa non appena il contratto viene perfezionato, mentre con il pagamento diretto, si ricevono le chiavi e si diventa immediatamente proprietari.<\/p>\n<h2>Trovate il vostro veicolo commerciale ideale<\/h2>\n<p>Volete acquistare un Peugeot Expert automatico? Che si scelga un Peugeot Expert di seconda mano o nuovo, si beneficia sempre di una buona qualit\u00e0. Date un'occhiata al <a href=\"https:\/\/www.vdhurk.nl\/it\/veicoli-commerciali\/\">offerta attuale<\/a> per le possibilit\u00e0. Non siete ancora arrivati e volete un consiglio dal nostro staff? Non c'\u00e8 problema. Il nostro staff \u00e8 pronto ad aiutarvi a fare la scelta migliore.<\/p>\n<\/div><\/section>","protected":false},"excerpt":{"rendered":"","protected":false},"author":3,"featured_media":0,"parent":405921,"menu_order":0,"comment_status":"closed","ping_status":"closed","template":"","meta":{"_acf_changed":false,"_improvement_type_select":"improve_an_existing","_thumb_yes_seoaic":false,"_frame_yes_seoaic":false,"seoaic_generate_description":"","seoaic_improve_instructions_prompt":"","seoaic_rollback_content_improvement":"","seoaic_idea_thumbnail_generator":"","thumbnail_generated":false,"thumbnail_generate_prompt":"","seoaic_article_description":"","footnotes":""},"class_list":["post-442814","page","type-page","status-publish","hentry"],"acf":[],"yoast_head":"<!-- This site is optimized with the Yoast SEO plugin v27.5 - https:\/\/yoast.com\/product\/yoast-seo-wordpress\/ -->\n<title>Peugeot Expert automaat kopen? Bekijk de mogelijkheden!<\/title>\n<meta name=\"description\" content=\"Zoek je een Peugeot Expert automaat? Ontdek het aanbod en vind jouw ideale bedrijfswagen bij Van den Hurk.\" \/>\n<meta name=\"robots\" content=\"index, follow, max-snippet:-1, max-image-preview:large, max-video-preview:-1\" \/>\n<link rel=\"canonical\" href=\"https:\/\/www.vdhurk.nl\/it\/veicoli-commerciali-peugeot\/mercedes-19\/macchina\/\" \/>\n<meta property=\"og:locale\" content=\"it_IT\" \/>\n<meta property=\"og:type\" content=\"article\" \/>\n<meta property=\"og:title\" content=\"Peugeot Expert automaat kopen? Bekijk de mogelijkheden!\" \/>\n<meta property=\"og:description\" content=\"Zoek je een Peugeot Expert automaat? Ontdek het aanbod en vind jouw ideale bedrijfswagen bij Van den Hurk.\" \/>\n<meta property=\"og:url\" content=\"https:\/\/www.vdhurk.nl\/it\/veicoli-commerciali-peugeot\/mercedes-19\/macchina\/\" \/>\n<meta property=\"og:site_name\" content=\"Van den Hurk Bedrijfswagens\" \/>\n<meta property=\"article:modified_time\" content=\"2025-02-06T16:20:26+00:00\" \/>\n<meta name=\"twitter:card\" content=\"summary_large_image\" \/>\n<meta name=\"twitter:label1\" content=\"Tempo di lettura stimato\" \/>\n\t<meta name=\"twitter:data1\" content=\"5 minuti\" \/>\n<script type=\"application\/ld+json\" class=\"yoast-schema-graph\">{\"@context\":\"https:\\\/\\\/schema.org\",\"@graph\":[{\"@type\":\"WebPage\",\"@id\":\"https:\\\/\\\/www.vdhurk.nl\\\/peugeot-bedrijfswagens\\\/expert\\\/automaat\\\/\",\"url\":\"https:\\\/\\\/www.vdhurk.nl\\\/peugeot-bedrijfswagens\\\/expert\\\/automaat\\\/\",\"name\":\"Peugeot Expert automaat kopen? Bekijk de mogelijkheden!\",\"isPartOf\":{\"@id\":\"https:\\\/\\\/www.vdhurk.nl\\\/#website\"},\"datePublished\":\"2025-02-06T12:51:05+00:00\",\"dateModified\":\"2025-02-06T16:20:26+00:00\",\"description\":\"Zoek je een Peugeot Expert automaat? Ontdek het aanbod en vind jouw ideale bedrijfswagen bij Van den Hurk.\",\"breadcrumb\":{\"@id\":\"https:\\\/\\\/www.vdhurk.nl\\\/peugeot-bedrijfswagens\\\/expert\\\/automaat\\\/#breadcrumb\"},\"inLanguage\":\"it-IT\",\"potentialAction\":[{\"@type\":\"ReadAction\",\"target\":[\"https:\\\/\\\/www.vdhurk.nl\\\/peugeot-bedrijfswagens\\\/expert\\\/automaat\\\/\"]}]},{\"@type\":\"BreadcrumbList\",\"@id\":\"https:\\\/\\\/www.vdhurk.nl\\\/peugeot-bedrijfswagens\\\/expert\\\/automaat\\\/#breadcrumb\",\"itemListElement\":[{\"@type\":\"ListItem\",\"position\":1,\"name\":\"Home\",\"item\":\"https:\\\/\\\/www.vdhurk.nl\\\/home\\\/\"},{\"@type\":\"ListItem\",\"position\":2,\"name\":\"Peugeot Bedrijfswagens\",\"item\":\"https:\\\/\\\/www.vdhurk.nl\\\/peugeot-bedrijfswagens\\\/\"},{\"@type\":\"ListItem\",\"position\":3,\"name\":\"Peugeot Expert\",\"item\":\"https:\\\/\\\/www.vdhurk.nl\\\/peugeot-bedrijfswagens\\\/expert\\\/\"},{\"@type\":\"ListItem\",\"position\":4,\"name\":\"Peugeot Expert Automaat\"}]},{\"@type\":\"WebSite\",\"@id\":\"https:\\\/\\\/www.vdhurk.nl\\\/#website\",\"url\":\"https:\\\/\\\/www.vdhurk.nl\\\/\",\"name\":\"Van den Hurk Bedrijfswagens\",\"description\":\"Van den Hurk bedrijfswagens Helmond\",\"potentialAction\":[{\"@type\":\"SearchAction\",\"target\":{\"@type\":\"EntryPoint\",\"urlTemplate\":\"https:\\\/\\\/www.vdhurk.nl\\\/?s={search_term_string}\"},\"query-input\":{\"@type\":\"PropertyValueSpecification\",\"valueRequired\":true,\"valueName\":\"search_term_string\"}}],\"inLanguage\":\"it-IT\"}]}<\/script>\n<!-- \/ Yoast SEO plugin. -->","yoast_head_json":{"title":"Acquistare Peugeot Expert con cambio automatico? Scopri le opzioni!","description":"Cercate un Peugeot Expert automatico? Scoprite la gamma e trovate il vostro veicolo commerciale ideale da Van den Hurk.","robots":{"index":"index","follow":"follow","max-snippet":"max-snippet:-1","max-image-preview":"max-image-preview:large","max-video-preview":"max-video-preview:-1"},"canonical":"https:\/\/www.vdhurk.nl\/it\/veicoli-commerciali-peugeot\/mercedes-19\/macchina\/","og_locale":"it_IT","og_type":"article","og_title":"Peugeot Expert automaat kopen? Bekijk de mogelijkheden!","og_description":"Zoek je een Peugeot Expert automaat? Ontdek het aanbod en vind jouw ideale bedrijfswagen bij Van den Hurk.","og_url":"https:\/\/www.vdhurk.nl\/it\/veicoli-commerciali-peugeot\/mercedes-19\/macchina\/","og_site_name":"Van den Hurk Bedrijfswagens","article_modified_time":"2025-02-06T16:20:26+00:00","twitter_card":"summary_large_image","twitter_misc":{"Tempo di lettura stimato":"5 minuti"},"schema":{"@context":"https:\/\/schema.org","@graph":[{"@type":"WebPage","@id":"https:\/\/www.vdhurk.nl\/peugeot-bedrijfswagens\/expert\/automaat\/","url":"https:\/\/www.vdhurk.nl\/peugeot-bedrijfswagens\/expert\/automaat\/","name":"Acquistare Peugeot Expert con cambio automatico? Scopri le opzioni!","isPartOf":{"@id":"https:\/\/www.vdhurk.nl\/#website"},"datePublished":"2025-02-06T12:51:05+00:00","dateModified":"2025-02-06T16:20:26+00:00","description":"Cercate un Peugeot Expert automatico? Scoprite la gamma e trovate il vostro veicolo commerciale ideale da Van den Hurk.","breadcrumb":{"@id":"https:\/\/www.vdhurk.nl\/peugeot-bedrijfswagens\/expert\/automaat\/#breadcrumb"},"inLanguage":"it-IT","potentialAction":[{"@type":"ReadAction","target":["https:\/\/www.vdhurk.nl\/peugeot-bedrijfswagens\/expert\/automaat\/"]}]},{"@type":"BreadcrumbList","@id":"https:\/\/www.vdhurk.nl\/peugeot-bedrijfswagens\/expert\/automaat\/#breadcrumb","itemListElement":[{"@type":"ListItem","position":1,"name":"Home","item":"https:\/\/www.vdhurk.nl\/home\/"},{"@type":"ListItem","position":2,"name":"Peugeot Bedrijfswagens","item":"https:\/\/www.vdhurk.nl\/peugeot-bedrijfswagens\/"},{"@type":"ListItem","position":3,"name":"Peugeot Expert","item":"https:\/\/www.vdhurk.nl\/peugeot-bedrijfswagens\/expert\/"},{"@type":"ListItem","position":4,"name":"Peugeot Expert Automaat"}]},{"@type":"WebSite","@id":"https:\/\/www.vdhurk.nl\/#website","url":"https:\/\/www.vdhurk.nl\/","name":"Veicoli commerciali Van den Hurk","description":"Van den Hurk veicoli commerciali Helmond","potentialAction":[{"@type":"SearchAction","target":{"@type":"EntryPoint","urlTemplate":"https:\/\/www.vdhurk.nl\/?s={search_term_string}"},"query-input":{"@type":"PropertyValueSpecification","valueRequired":true,"valueName":"search_term_string"}}],"inLanguage":"it-IT"}]}},"_links":{"self":[{"href":"https:\/\/www.vdhurk.nl\/it\/wp-json\/wp\/v2\/pages\/442814","targetHints":{"allow":["GET"]}}],"collection":[{"href":"https:\/\/www.vdhurk.nl\/it\/wp-json\/wp\/v2\/pages"}],"about":[{"href":"https:\/\/www.vdhurk.nl\/it\/wp-json\/wp\/v2\/types\/page"}],"author":[{"embeddable":true,"href":"https:\/\/www.vdhurk.nl\/it\/wp-json\/wp\/v2\/users\/3"}],"replies":[{"embeddable":true,"href":"https:\/\/www.vdhurk.nl\/it\/wp-json\/wp\/v2\/comments?post=442814"}],"version-history":[{"count":4,"href":"https:\/\/www.vdhurk.nl\/it\/wp-json\/wp\/v2\/pages\/442814\/revisions"}],"predecessor-version":[{"id":442886,"href":"https:\/\/www.vdhurk.nl\/it\/wp-json\/wp\/v2\/pages\/442814\/revisions\/442886"}],"up":[{"embeddable":true,"href":"https:\/\/www.vdhurk.nl\/it\/wp-json\/wp\/v2\/pages\/405921"}],"wp:attachment":[{"href":"https:\/\/www.vdhurk.nl\/it\/wp-json\/wp\/v2\/media?parent=442814"}],"curies":[{"name":"wp","href":"https:\/\/api.w.org\/{rel}","templated":true}]}}