{"id":442811,"date":"2025-02-06T13:45:45","date_gmt":"2025-02-06T12:45:45","guid":{"rendered":"https:\/\/www.vdhurk.nl\/?page_id=442811"},"modified":"2025-02-06T17:20:09","modified_gmt":"2025-02-06T16:20:09","slug":"macchina","status":"publish","type":"page","link":"https:\/\/www.vdhurk.nl\/it\/opel-bedrijfswagens\/combo\/automaat\/","title":{"rendered":"Opel Combo Automatico"},"content":{"rendered":"<section  class='av_textblock_section av-lu8gnh7d-4ac895489941e586c1d7c8cb72318135'  itemscope=\"itemscope\" itemtype=\"https:\/\/schema.org\/CreativeWork\" ><div class='avia_textblock'  itemprop=\"text\" ><h1><b>Cercate un Opel Combo automatico?<\/b><\/h1>\n<p>Cercate un'auto aziendale che vi faciliti la giornata lavorativa? Ecco Opel Combo automatico, la scelta degli imprenditori che cercano comfort ed efficienza. Niente pi\u00f9 problemi di cambio marcia, ma una guida fluida grazie al cambio automatico. Grazie alle sue caratteristiche versatili, questo veicolo commerciale \u00e8 da anni uno dei preferiti dagli imprenditori. Scoprite voi stessi il perch\u00e9!<\/p>\n<\/div><\/section>\n\n<style type=\"text\/css\" data-created_by=\"avia_inline_auto\" id=\"style-css-av-lujjddpd-afa3d7a9eabd61123e643ed1228e781e\">\n#top .hr.hr-invisible.av-lujjddpd-afa3d7a9eabd61123e643ed1228e781e{\nheight:50px;\n}\n<\/style>\n<div  class='hr av-lujjddpd-afa3d7a9eabd61123e643ed1228e781e hr-invisible  avia-builder-el-1  el_after_av_textblock  el_before_av_codeblock'><span class='hr-inner'><span class=\"hr-inner-style\"><\/span><\/span><\/div>\n\n\n<style type=\"text\/css\" data-created_by=\"avia_inline_auto\" id=\"style-css-av-ah0xd-63338d9dc6b40410e22a712829c369d6\">\n#top .hr.hr-invisible.av-ah0xd-63338d9dc6b40410e22a712829c369d6{\nheight:50px;\n}\n<\/style>\n<div  class='hr av-ah0xd-63338d9dc6b40410e22a712829c369d6 hr-invisible  avia-builder-el-3  el_after_av_codeblock  el_before_av_textblock'><span class='hr-inner'><span class=\"hr-inner-style\"><\/span><\/span><\/div>\n<section  class='av_textblock_section av-lu8gow1e-300853e458ed741bd87d6cb78e55cc7a'  itemscope=\"itemscope\" itemtype=\"https:\/\/schema.org\/CreativeWork\" ><div class='avia_textblock'  itemprop=\"text\" ><h2>Perch\u00e9 scegliere un cambio automatico?<\/h2>\n<p>Sempre pi\u00f9 aziende passano a un veicolo commerciale con cambio automatico, e per una buona ragione. Le trasmissioni automatiche offrono infatti molti vantaggi che si adattano perfettamente alle esigenze delle aziende. Ad esempio, i conducenti sperimentano un maggiore comfort e comodit\u00e0 perch\u00e9 il cambio di marcia non \u00e8 pi\u00f9 un problema del passato. Ci\u00f2 si rivela particolarmente utile nel traffico cittadino o nei lunghi ingorghi, dove il cambio automatico garantisce una guida fluida e una minore fatica. Con tutti questi vantaggi, un Opel Combo \u00e8 una scelta intelligente e lungimirante per la vostra azienda.<\/p>\n<\/div><\/section>\n<div class='flex_column av-f64w1-da126f42b61613402309283c14245a25 av_one_half  avia-builder-el-5  el_after_av_textblock  el_before_av_one_third  first flex_column_div column-top-margin'   ><section  class='av_textblock_section av-lu8gpqre-73cc2c17e6a6497ba6e1b58af22bd9e8'  itemscope=\"itemscope\" itemtype=\"https:\/\/schema.org\/CreativeWork\" ><div class='avia_textblock'  itemprop=\"text\" ><h2>Specifiche del modello Opel Combo<\/h2>\n<p>Il Vauxhall Combo offre il perfetto equilibrio tra design compatto e funzionalit\u00e0 spaziosa, con innovazioni intelligenti che rendono pi\u00f9 efficiente la vostra giornata lavorativa. L'abitacolo ergonomico garantisce il massimo comfort, mentre il generoso spazio di carico offre ampio spazio per tutti gli elementi essenziali per il lavoro. I sistemi di sicurezza come l'assistenza alla frenata d'emergenza e il sistema di mantenimento della corsia garantiscono una maggiore tranquillit\u00e0 sulla strada. Grazie all'ampia scelta di anni di modello, motorizzazioni e versioni, troverete sempre un Opel Combo che si adatta perfettamente alle vostre esigenze di lavoro.<\/p>\n<\/div><\/section><\/div>\n<div class='flex_column av-aldk9-ee694297f5c4032981677a02caab84d6 av_one_third  avia-builder-el-7  el_after_av_one_half  el_before_av_hr  flex_column_div column-top-margin'   ><style type=\"text\/css\" data-created_by=\"avia_inline_auto\" id=\"style-css-av-l1w9kpsf-4ec3fab772ec7a9adaa33cfc64ff0475\">\n.avia-image-container.av-l1w9kpsf-4ec3fab772ec7a9adaa33cfc64ff0475 .av-image-caption-overlay-center{\ncolor:#ffffff;\n}\n<\/style>\n<div  class='avia-image-container av-l1w9kpsf-4ec3fab772ec7a9adaa33cfc64ff0475 av-styling- avia-align-center  avia-builder-el-8  avia-builder-el-no-sibling'  itemprop=\"image\" itemscope=\"itemscope\" itemtype=\"https:\/\/schema.org\/ImageObject\" ><div class=\"avia-image-container-inner\"><div class=\"avia-image-overlay-wrap\"><img decoding=\"async\" class='wp-image-187 avia-img-lazy-loading-not-187 avia_image' src=\"https:\/\/www.vdhurk.nl\/wp-content\/uploads\/2022\/03\/Voorrad.png\" alt='' title='Stock'  height=\"758\" width=\"1135\"  itemprop=\"thumbnailUrl\" srcset=\"https:\/\/www.vdhurk.nl\/wp-content\/uploads\/2022\/03\/Voorrad.png 1135w, https:\/\/www.vdhurk.nl\/wp-content\/uploads\/2022\/03\/Voorrad-300x200.png 300w, https:\/\/www.vdhurk.nl\/wp-content\/uploads\/2022\/03\/Voorrad-1030x688.png 1030w, https:\/\/www.vdhurk.nl\/wp-content\/uploads\/2022\/03\/Voorrad-768x513.png 768w, https:\/\/www.vdhurk.nl\/wp-content\/uploads\/2022\/03\/Voorrad-18x12.png 18w, https:\/\/www.vdhurk.nl\/wp-content\/uploads\/2022\/03\/Voorrad-705x471.png 705w\" sizes=\"(max-width: 1135px) 100vw, 1135px\" \/><\/div><\/div><\/div><\/div>\n\n<style type=\"text\/css\" data-created_by=\"avia_inline_auto\" id=\"style-css-av-luqrjpjc-5a23a1fb5f94718ca85316a9df963e2f\">\n#top .hr.hr-invisible.av-luqrjpjc-5a23a1fb5f94718ca85316a9df963e2f{\nheight:50px;\n}\n<\/style>\n<div  class='hr av-luqrjpjc-5a23a1fb5f94718ca85316a9df963e2f hr-invisible  avia-builder-el-9  el_after_av_one_third  el_before_av_textblock'><span class='hr-inner'><span class=\"hr-inner-style\"><\/span><\/span><\/div>\n<section  class='av_textblock_section av-lu8gtjw7-4f3cee9304909518d86d2860d9d582dd'  itemscope=\"itemscope\" itemtype=\"https:\/\/schema.org\/CreativeWork\" ><div class='avia_textblock'  itemprop=\"text\" ><h2>Prezzo di Opel Combo<\/h2>\n<p>State pensando di acquistare un Opel Combo automatico? Allora, ovviamente, volete sapere cosa aspettarvi in termini di prezzo. I costi variano a seconda del modello, dell'anno di produzione e del chilometraggio. Sceglierete un modello con dotazioni di base o opterete per un lusso extra? Qualunque siano le vostre esigenze, abbiamo diverse versioni che si adattano al vostro budget. Desiderate un'indicazione di prezzo su misura? Non esitate a contattarci, saremo lieti di aiutarvi a trovare l'auto aziendale perfetta.<\/p>\n<h2>Avete pensato al leasing finanziario?<\/h2>\n<p>L'acquisto di una Opel Combo pu\u00f2 essere effettuato pagando in un'unica soluzione, ma esiste anche un'altra opzione intelligente, <a href=\"https:\/\/www.vdhurk.nl\/it\/locazione-finanziaria\/\">locazione finanziaria<\/a>. Il leasing di una Opel Combo comporta il pagamento di un importo fisso al mese. Con un contratto di leasing, invece, si acquisisce la propriet\u00e0 dell'auto aziendale passo dopo passo. Il vantaggio? Mantenete il margine finanziario per altri importanti investimenti all'interno della vostra azienda, pur beneficiando di un'auto aziendale affidabile ed efficiente. Siete curiosi di conoscere le possibilit\u00e0? Siamo pronti ad aiutarvi!<\/p>\n<h2>Trovate un'auto aziendale adatta alle vostre esigenze di lavoro<\/h2>\n<p>La nostra gamma cambia costantemente. Non avete ancora trovato la vostra auto aziendale ideale? Nessun problema, domani potrebbe essere diverso. Volete essere sempre aggiornati sulle nostre offerte? Allora iscrivetevi al nostro <a href=\"https:\/\/www.vdhurk.nl\/it\/allarme-azionario\/\">allarme azionario<\/a>. In questo modo, sarete i primi a sapere quando sar\u00e0 disponibile un Opel Combo usato o nuovo che soddisfa completamente le vostre esigenze. E non dimenticate di tenere d'occhio le nostre offerte attuali. Chiss\u00e0, forse la vostra Opel Combo automatica ideale sar\u00e0 presto tra queste!<\/p>\n<\/div><\/section>","protected":false},"excerpt":{"rendered":"","protected":false},"author":3,"featured_media":0,"parent":409581,"menu_order":0,"comment_status":"closed","ping_status":"closed","template":"","meta":{"_acf_changed":false,"_improvement_type_select":"improve_an_existing","_thumb_yes_seoaic":false,"_frame_yes_seoaic":false,"seoaic_generate_description":"","seoaic_improve_instructions_prompt":"","seoaic_rollback_content_improvement":"","seoaic_idea_thumbnail_generator":"","thumbnail_generated":false,"thumbnail_generate_prompt":"","seoaic_article_description":"","footnotes":""},"class_list":["post-442811","page","type-page","status-publish","hentry"],"acf":[],"yoast_head":"<!-- This site is optimized with the Yoast SEO plugin v27.3 - https:\/\/yoast.com\/product\/yoast-seo-wordpress\/ -->\n<title>Een Opel Combo automaat kopen? Ontdek het aanbod!<\/title>\n<meta name=\"description\" content=\"Op zoek naar een Opel Combo automaat? Ontdek de verschillende specificaties en uitvoeringen en vind jouw ideale bedrijfswagen.\" \/>\n<meta name=\"robots\" content=\"index, follow, max-snippet:-1, max-image-preview:large, max-video-preview:-1\" \/>\n<link rel=\"canonical\" href=\"https:\/\/www.vdhurk.nl\/it\/veicoli-commerciali-vauxhall\/mercedes-12\/macchina\/\" \/>\n<meta property=\"og:locale\" content=\"it_IT\" \/>\n<meta property=\"og:type\" content=\"article\" \/>\n<meta property=\"og:title\" content=\"Een Opel Combo automaat kopen? Ontdek het aanbod!\" \/>\n<meta property=\"og:description\" content=\"Op zoek naar een Opel Combo automaat? Ontdek de verschillende specificaties en uitvoeringen en vind jouw ideale bedrijfswagen.\" \/>\n<meta property=\"og:url\" content=\"https:\/\/www.vdhurk.nl\/it\/veicoli-commerciali-vauxhall\/mercedes-12\/macchina\/\" \/>\n<meta property=\"og:site_name\" content=\"Van den Hurk Bedrijfswagens\" \/>\n<meta property=\"article:modified_time\" content=\"2025-02-06T16:20:09+00:00\" \/>\n<meta name=\"twitter:card\" content=\"summary_large_image\" \/>\n<meta name=\"twitter:label1\" content=\"Tempo di lettura stimato\" \/>\n\t<meta name=\"twitter:data1\" content=\"4 minuti\" \/>\n<script type=\"application\/ld+json\" class=\"yoast-schema-graph\">{\"@context\":\"https:\\\/\\\/schema.org\",\"@graph\":[{\"@type\":\"WebPage\",\"@id\":\"https:\\\/\\\/www.vdhurk.nl\\\/opel-bedrijfswagens\\\/combo\\\/automaat\\\/\",\"url\":\"https:\\\/\\\/www.vdhurk.nl\\\/opel-bedrijfswagens\\\/combo\\\/automaat\\\/\",\"name\":\"Een Opel Combo automaat kopen? Ontdek het aanbod!\",\"isPartOf\":{\"@id\":\"https:\\\/\\\/www.vdhurk.nl\\\/#website\"},\"datePublished\":\"2025-02-06T12:45:45+00:00\",\"dateModified\":\"2025-02-06T16:20:09+00:00\",\"description\":\"Op zoek naar een Opel Combo automaat? Ontdek de verschillende specificaties en uitvoeringen en vind jouw ideale bedrijfswagen.\",\"breadcrumb\":{\"@id\":\"https:\\\/\\\/www.vdhurk.nl\\\/opel-bedrijfswagens\\\/combo\\\/automaat\\\/#breadcrumb\"},\"inLanguage\":\"it-IT\",\"potentialAction\":[{\"@type\":\"ReadAction\",\"target\":[\"https:\\\/\\\/www.vdhurk.nl\\\/opel-bedrijfswagens\\\/combo\\\/automaat\\\/\"]}]},{\"@type\":\"BreadcrumbList\",\"@id\":\"https:\\\/\\\/www.vdhurk.nl\\\/opel-bedrijfswagens\\\/combo\\\/automaat\\\/#breadcrumb\",\"itemListElement\":[{\"@type\":\"ListItem\",\"position\":1,\"name\":\"Home\",\"item\":\"https:\\\/\\\/www.vdhurk.nl\\\/home\\\/\"},{\"@type\":\"ListItem\",\"position\":2,\"name\":\"Opel Bedrijfswagens\",\"item\":\"https:\\\/\\\/www.vdhurk.nl\\\/opel-bedrijfswagens\\\/\"},{\"@type\":\"ListItem\",\"position\":3,\"name\":\"Opel Combo\",\"item\":\"https:\\\/\\\/www.vdhurk.nl\\\/opel-bedrijfswagens\\\/combo\\\/\"},{\"@type\":\"ListItem\",\"position\":4,\"name\":\"Opel Combo Automaat\"}]},{\"@type\":\"WebSite\",\"@id\":\"https:\\\/\\\/www.vdhurk.nl\\\/#website\",\"url\":\"https:\\\/\\\/www.vdhurk.nl\\\/\",\"name\":\"Van den Hurk Bedrijfswagens\",\"description\":\"Van den Hurk bedrijfswagens Helmond\",\"potentialAction\":[{\"@type\":\"SearchAction\",\"target\":{\"@type\":\"EntryPoint\",\"urlTemplate\":\"https:\\\/\\\/www.vdhurk.nl\\\/?s={search_term_string}\"},\"query-input\":{\"@type\":\"PropertyValueSpecification\",\"valueRequired\":true,\"valueName\":\"search_term_string\"}}],\"inLanguage\":\"it-IT\"}]}<\/script>\n<!-- \/ Yoast SEO plugin. -->","yoast_head_json":{"title":"Acquistare una Opel Combo automatica? Scoprite l'offerta!","description":"Cercate un Opel Combo automatico? Esplorate le diverse specifiche e versioni e trovate il vostro veicolo commerciale ideale.","robots":{"index":"index","follow":"follow","max-snippet":"max-snippet:-1","max-image-preview":"max-image-preview:large","max-video-preview":"max-video-preview:-1"},"canonical":"https:\/\/www.vdhurk.nl\/it\/veicoli-commerciali-vauxhall\/mercedes-12\/macchina\/","og_locale":"it_IT","og_type":"article","og_title":"Een Opel Combo automaat kopen? Ontdek het aanbod!","og_description":"Op zoek naar een Opel Combo automaat? Ontdek de verschillende specificaties en uitvoeringen en vind jouw ideale bedrijfswagen.","og_url":"https:\/\/www.vdhurk.nl\/it\/veicoli-commerciali-vauxhall\/mercedes-12\/macchina\/","og_site_name":"Van den Hurk Bedrijfswagens","article_modified_time":"2025-02-06T16:20:09+00:00","twitter_card":"summary_large_image","twitter_misc":{"Tempo di lettura stimato":"4 minuti"},"schema":{"@context":"https:\/\/schema.org","@graph":[{"@type":"WebPage","@id":"https:\/\/www.vdhurk.nl\/opel-bedrijfswagens\/combo\/automaat\/","url":"https:\/\/www.vdhurk.nl\/opel-bedrijfswagens\/combo\/automaat\/","name":"Acquistare una Opel Combo automatica? Scoprite l'offerta!","isPartOf":{"@id":"https:\/\/www.vdhurk.nl\/#website"},"datePublished":"2025-02-06T12:45:45+00:00","dateModified":"2025-02-06T16:20:09+00:00","description":"Cercate un Opel Combo automatico? Esplorate le diverse specifiche e versioni e trovate il vostro veicolo commerciale ideale.","breadcrumb":{"@id":"https:\/\/www.vdhurk.nl\/opel-bedrijfswagens\/combo\/automaat\/#breadcrumb"},"inLanguage":"it-IT","potentialAction":[{"@type":"ReadAction","target":["https:\/\/www.vdhurk.nl\/opel-bedrijfswagens\/combo\/automaat\/"]}]},{"@type":"BreadcrumbList","@id":"https:\/\/www.vdhurk.nl\/opel-bedrijfswagens\/combo\/automaat\/#breadcrumb","itemListElement":[{"@type":"ListItem","position":1,"name":"Home","item":"https:\/\/www.vdhurk.nl\/home\/"},{"@type":"ListItem","position":2,"name":"Opel Bedrijfswagens","item":"https:\/\/www.vdhurk.nl\/opel-bedrijfswagens\/"},{"@type":"ListItem","position":3,"name":"Opel Combo","item":"https:\/\/www.vdhurk.nl\/opel-bedrijfswagens\/combo\/"},{"@type":"ListItem","position":4,"name":"Opel Combo Automaat"}]},{"@type":"WebSite","@id":"https:\/\/www.vdhurk.nl\/#website","url":"https:\/\/www.vdhurk.nl\/","name":"Veicoli commerciali Van den Hurk","description":"Van den Hurk veicoli commerciali Helmond","potentialAction":[{"@type":"SearchAction","target":{"@type":"EntryPoint","urlTemplate":"https:\/\/www.vdhurk.nl\/?s={search_term_string}"},"query-input":{"@type":"PropertyValueSpecification","valueRequired":true,"valueName":"search_term_string"}}],"inLanguage":"it-IT"}]}},"_links":{"self":[{"href":"https:\/\/www.vdhurk.nl\/it\/wp-json\/wp\/v2\/pages\/442811","targetHints":{"allow":["GET"]}}],"collection":[{"href":"https:\/\/www.vdhurk.nl\/it\/wp-json\/wp\/v2\/pages"}],"about":[{"href":"https:\/\/www.vdhurk.nl\/it\/wp-json\/wp\/v2\/types\/page"}],"author":[{"embeddable":true,"href":"https:\/\/www.vdhurk.nl\/it\/wp-json\/wp\/v2\/users\/3"}],"replies":[{"embeddable":true,"href":"https:\/\/www.vdhurk.nl\/it\/wp-json\/wp\/v2\/comments?post=442811"}],"version-history":[{"count":4,"href":"https:\/\/www.vdhurk.nl\/it\/wp-json\/wp\/v2\/pages\/442811\/revisions"}],"predecessor-version":[{"id":442884,"href":"https:\/\/www.vdhurk.nl\/it\/wp-json\/wp\/v2\/pages\/442811\/revisions\/442884"}],"up":[{"embeddable":true,"href":"https:\/\/www.vdhurk.nl\/it\/wp-json\/wp\/v2\/pages\/409581"}],"wp:attachment":[{"href":"https:\/\/www.vdhurk.nl\/it\/wp-json\/wp\/v2\/media?parent=442811"}],"curies":[{"name":"wp","href":"https:\/\/api.w.org\/{rel}","templated":true}]}}