{"id":434872,"date":"2025-02-06T15:48:28","date_gmt":"2025-02-06T14:48:28","guid":{"rendered":"https:\/\/www.vdhurk.nl\/?page_id=434872"},"modified":"2025-02-06T17:22:53","modified_gmt":"2025-02-06T16:22:53","slug":"ponticello","status":"publish","type":"page","link":"https:\/\/www.vdhurk.nl\/it\/citroen-bedrijfswagens\/jumper\/","title":{"rendered":"Ponticello Citro\u00ebn"},"content":{"rendered":"<section  class='av_textblock_section av-lu8gnh7d-4ac895489941e586c1d7c8cb72318135'  itemscope=\"itemscope\" itemtype=\"https:\/\/schema.org\/CreativeWork\" ><div class='avia_textblock'  itemprop=\"text\" ><h1>Acquistare un'occasione Citro\u00ebn Jumper?<\/h1>\n<p>Siete alla ricerca di un veicolo commerciale affidabile che soddisfi tutte le vostre esigenze aziendali? Il Citro\u00ebn Jumper \u00e8 uno dei veicoli preferiti dagli imprenditori, e per una buona ragione. Scoprite perch\u00e9 questo veicolo commerciale \u00e8 perfetto per la vostra azienda!<\/p>\n<\/div><\/section>\n\n<style type=\"text\/css\" data-created_by=\"avia_inline_auto\" id=\"style-css-av-lujjddpd-afa3d7a9eabd61123e643ed1228e781e\">\n#top .hr.hr-invisible.av-lujjddpd-afa3d7a9eabd61123e643ed1228e781e{\nheight:50px;\n}\n<\/style>\n<div  class='hr av-lujjddpd-afa3d7a9eabd61123e643ed1228e781e hr-invisible  avia-builder-el-1  el_after_av_textblock  el_before_av_codeblock'><span class='hr-inner'><span class=\"hr-inner-style\"><\/span><\/span><\/div>\n\n\n<style type=\"text\/css\" data-created_by=\"avia_inline_auto\" id=\"style-css-av-ah0xd-63338d9dc6b40410e22a712829c369d6\">\n#top .hr.hr-invisible.av-ah0xd-63338d9dc6b40410e22a712829c369d6{\nheight:50px;\n}\n<\/style>\n<div  class='hr av-ah0xd-63338d9dc6b40410e22a712829c369d6 hr-invisible  avia-builder-el-3  el_after_av_codeblock  el_before_av_textblock'><span class='hr-inner'><span class=\"hr-inner-style\"><\/span><\/span><\/div>\n<section  class='av_textblock_section av-lu8gow1e-300853e458ed741bd87d6cb78e55cc7a'  itemscope=\"itemscope\" itemtype=\"https:\/\/schema.org\/CreativeWork\" ><div class='avia_textblock'  itemprop=\"text\" ><h2>Le specifiche e l'equipaggiamento del Citro\u00ebn Jumper occasionale<\/h2>\n<p>Questo veicolo commerciale offre numerose versioni per soddisfare le vostre esigenze specifiche. Che abbiate bisogno di un vano di carico aperto, di molti posti a sedere o di uno spazio di carico extra, il Citro\u00ebn Jumper ha tutto ci\u00f2 che fa per voi. Inoltre, potete scegliere tra un cambio manuale o un comodo automatico. Qualunque sia la vostra scelta, il Citro\u00ebn Jumper \u00e8 noto per il suo ampio carico utile e le sue specifiche pratiche. \u00c8 inoltre dotato di caratteristiche tecniche moderne e di un'ampia gamma di dispositivi di sicurezza. Cos\u00ec non solo potrete affrontare la strada in modo efficiente, ma anche in tutta tranquillit\u00e0. Con il Citro\u00ebn Jumper siete sempre pronti per qualsiasi lavoro!<\/p>\n<\/div><\/section>\n<div class='flex_column av-f64w1-da126f42b61613402309283c14245a25 av_one_half  avia-builder-el-5  el_after_av_textblock  el_before_av_one_third  first flex_column_div column-top-margin'   ><section  class='av_textblock_section av-lu8gpqre-73cc2c17e6a6497ba6e1b58af22bd9e8'  itemscope=\"itemscope\" itemtype=\"https:\/\/schema.org\/CreativeWork\" ><div class='avia_textblock'  itemprop=\"text\" ><h2>Quali vantaggi offre questo furgone?<\/h2>\n<p>Questo Citro\u00ebn Jumper si distingue per il suo design intelligente, comodo, sicuro ed economico. Come tutti i <a href=\"https:\/\/www.vdhurk.nl\/it\/veicoli-commerciali-citroen\/\">Veicoli commerciali Citro\u00ebn<\/a> il Jumper trasmette affidabilit\u00e0 e qualit\u00e0. Con il suo design robusto e l'attenzione all'uso intensivo, \u00e8 la scelta ideale per chi cerca un investimento sostenibile a lungo termine. L'abitacolo spazioso, con sedili regolabili e ampio spazio per le gambe, rende ogni viaggio estremamente piacevole. Che si tratti di spostamenti quotidiani o di distanze elevate, il Citro\u00ebn Jumper offre comfort e convenienza in un'unica soluzione.<\/p>\n<\/div><\/section><\/div><div class='flex_column av-aldk9-ee694297f5c4032981677a02caab84d6 av_one_third  avia-builder-el-7  el_after_av_one_half  el_before_av_hr  flex_column_div column-top-margin'   ><style type=\"text\/css\" data-created_by=\"avia_inline_auto\" id=\"style-css-av-l1w9kpsf-4ec3fab772ec7a9adaa33cfc64ff0475\">\n.avia-image-container.av-l1w9kpsf-4ec3fab772ec7a9adaa33cfc64ff0475 .av-image-caption-overlay-center{\ncolor:#ffffff;\n}\n<\/style>\n<div  class='avia-image-container av-l1w9kpsf-4ec3fab772ec7a9adaa33cfc64ff0475 av-styling- avia-align-center  avia-builder-el-8  avia-builder-el-no-sibling'  itemprop=\"image\" itemscope=\"itemscope\" itemtype=\"https:\/\/schema.org\/ImageObject\" ><div class=\"avia-image-container-inner\"><div class=\"avia-image-overlay-wrap\"><img decoding=\"async\" class='wp-image-187 avia-img-lazy-loading-not-187 avia_image' src=\"https:\/\/www.vdhurk.nl\/wp-content\/uploads\/2022\/03\/Voorrad.png\" alt='' title='Stock'  height=\"758\" width=\"1135\"  itemprop=\"thumbnailUrl\" srcset=\"https:\/\/www.vdhurk.nl\/wp-content\/uploads\/2022\/03\/Voorrad.png 1135w, https:\/\/www.vdhurk.nl\/wp-content\/uploads\/2022\/03\/Voorrad-300x200.png 300w, https:\/\/www.vdhurk.nl\/wp-content\/uploads\/2022\/03\/Voorrad-1030x688.png 1030w, https:\/\/www.vdhurk.nl\/wp-content\/uploads\/2022\/03\/Voorrad-768x513.png 768w, https:\/\/www.vdhurk.nl\/wp-content\/uploads\/2022\/03\/Voorrad-18x12.png 18w, https:\/\/www.vdhurk.nl\/wp-content\/uploads\/2022\/03\/Voorrad-705x471.png 705w\" sizes=\"(max-width: 1135px) 100vw, 1135px\" \/><\/div><\/div><\/div><\/div><\/p>\n\n<style type=\"text\/css\" data-created_by=\"avia_inline_auto\" id=\"style-css-av-luqrjpjc-5a23a1fb5f94718ca85316a9df963e2f\">\n#top .hr.hr-invisible.av-luqrjpjc-5a23a1fb5f94718ca85316a9df963e2f{\nheight:50px;\n}\n<\/style>\n<div  class='hr av-luqrjpjc-5a23a1fb5f94718ca85316a9df963e2f hr-invisible  avia-builder-el-9  el_after_av_one_third  el_before_av_textblock'><span class='hr-inner'><span class=\"hr-inner-style\"><\/span><\/span><\/div>\n<section  class='av_textblock_section av-lu8gtjw7-4f3cee9304909518d86d2860d9d582dd'  itemscope=\"itemscope\" itemtype=\"https:\/\/schema.org\/CreativeWork\" ><div class='avia_textblock'  itemprop=\"text\" ><h2>Trovate un ponticello adatto al vostro budget<\/h2>\n<p>L'acquisto di un veicolo commerciale \u00e8 un investimento importante e il prezzo del Citro\u00ebn Jumper ha un ruolo importante. I costi variano a seconda della versione e se si opta per un modello nuovo o usato. I modelli di seconda mano offrono spesso un ottimo rapporto qualit\u00e0-prezzo, mentre i modelli nuovi consentono di accedere alle tecnologie e alle caratteristiche pi\u00f9 recenti. Anche se di solito hanno un prezzo di acquisto pi\u00f9 alto, sono ideali per chi cerca le ultime innovazioni e l'estensione della garanzia. Qualunque siano le vostre esigenze o il vostro budget, c'\u00e8 sempre un Citro\u00ebn Jumper che si adatta perfettamente alle vostre necessit\u00e0 aziendali. Informatevi sulle opzioni e scoprite qual \u00e8 la versione pi\u00f9 adatta a voi!<\/p>\n<h2>Optate per un leasing finanziario?<\/h2>\n<p>Oltre all'acquisto diretto di un veicolo commerciale, potete anche usufruire di <a href=\"https:\/\/www.vdhurk.nl\/it\/locazione-finanziaria\/\">locazione finanziaria<\/a>. Con questa opzione, il costo viene ripartito su pi\u00f9 rate, in modo da non dover pagare un importo elevato in un'unica soluzione. Il pagamento di un importo fisso ogni mese garantisce la prevedibilit\u00e0 finanziaria e la flessibilit\u00e0 del vostro budget. Al termine del periodo di leasing, sarete proprietari a tutti gli effetti del veicolo, senza dover fare grandi investimenti in anticipo. Il leasing di un Citroen Jumper \u00e8 un modo intelligente e accessibile per investire nella vostra auto aziendale.<\/p>\n<h2>Trovate il furgone adatto alla vostra attivit\u00e0<\/h2>\n<p>Acquistare un Citro\u00ebn Jumper usato o nuovo? O volete saperne di pi\u00f9 su ci\u00f2 che si adatta alle vostre esigenze aziendali? Saremo lieti di aiutarvi a fare la scelta giusta. Date un'occhiata alla nostra <a href=\"https:\/\/www.vdhurk.nl\/it\/veicoli-commerciali\/\">offerta attuale<\/a> o semplicemente contattateci.<\/p>\n<\/div><\/section>","protected":false},"excerpt":{"rendered":"","protected":false},"author":3,"featured_media":0,"parent":372085,"menu_order":0,"comment_status":"closed","ping_status":"closed","template":"","meta":{"_acf_changed":false,"_improvement_type_select":"improve_an_existing","_thumb_yes_seoaic":false,"_frame_yes_seoaic":false,"seoaic_generate_description":"","seoaic_improve_instructions_prompt":"","seoaic_rollback_content_improvement":"","seoaic_idea_thumbnail_generator":"","thumbnail_generated":false,"thumbnail_generate_prompt":"","seoaic_article_description":"","footnotes":""},"class_list":["post-434872","page","type-page","status-publish","hentry"],"acf":[],"yoast_head":"<!-- This site is optimized with the Yoast SEO plugin v27.5 - https:\/\/yoast.com\/product\/yoast-seo-wordpress\/ -->\n<title>Betrouwbare Citro\u00ebn Jumper occasion kopen?<\/title>\n<meta name=\"description\" content=\"Op zoek naar een veelzijdige bedrijfswagen? De Citro\u00ebn Jumper occasion biedt alles wat je nodig hebt. Ontdek alle voordelen.\" \/>\n<meta name=\"robots\" content=\"index, follow, max-snippet:-1, max-image-preview:large, max-video-preview:-1\" \/>\n<link rel=\"canonical\" href=\"https:\/\/www.vdhurk.nl\/it\/veicoli-commerciali-citroen\/ponticello\/\" \/>\n<meta property=\"og:locale\" content=\"it_IT\" \/>\n<meta property=\"og:type\" content=\"article\" \/>\n<meta property=\"og:title\" content=\"Betrouwbare Citro\u00ebn Jumper occasion kopen?\" \/>\n<meta property=\"og:description\" content=\"Op zoek naar een veelzijdige bedrijfswagen? De Citro\u00ebn Jumper occasion biedt alles wat je nodig hebt. Ontdek alle voordelen.\" \/>\n<meta property=\"og:url\" content=\"https:\/\/www.vdhurk.nl\/it\/veicoli-commerciali-citroen\/ponticello\/\" \/>\n<meta property=\"og:site_name\" content=\"Van den Hurk Bedrijfswagens\" \/>\n<meta property=\"article:modified_time\" content=\"2025-02-06T16:22:53+00:00\" \/>\n<meta name=\"twitter:card\" content=\"summary_large_image\" \/>\n<meta name=\"twitter:label1\" content=\"Tempo di lettura stimato\" \/>\n\t<meta name=\"twitter:data1\" content=\"4 minuti\" \/>\n<script type=\"application\/ld+json\" class=\"yoast-schema-graph\">{\"@context\":\"https:\\\/\\\/schema.org\",\"@graph\":[{\"@type\":\"WebPage\",\"@id\":\"https:\\\/\\\/www.vdhurk.nl\\\/citroen-bedrijfswagens\\\/jumper\\\/\",\"url\":\"https:\\\/\\\/www.vdhurk.nl\\\/citroen-bedrijfswagens\\\/jumper\\\/\",\"name\":\"Betrouwbare Citro\u00ebn Jumper occasion kopen?\",\"isPartOf\":{\"@id\":\"https:\\\/\\\/www.vdhurk.nl\\\/#website\"},\"datePublished\":\"2025-02-06T14:48:28+00:00\",\"dateModified\":\"2025-02-06T16:22:53+00:00\",\"description\":\"Op zoek naar een veelzijdige bedrijfswagen? De Citro\u00ebn Jumper occasion biedt alles wat je nodig hebt. Ontdek alle voordelen.\",\"breadcrumb\":{\"@id\":\"https:\\\/\\\/www.vdhurk.nl\\\/citroen-bedrijfswagens\\\/jumper\\\/#breadcrumb\"},\"inLanguage\":\"it-IT\",\"potentialAction\":[{\"@type\":\"ReadAction\",\"target\":[\"https:\\\/\\\/www.vdhurk.nl\\\/citroen-bedrijfswagens\\\/jumper\\\/\"]}]},{\"@type\":\"BreadcrumbList\",\"@id\":\"https:\\\/\\\/www.vdhurk.nl\\\/citroen-bedrijfswagens\\\/jumper\\\/#breadcrumb\",\"itemListElement\":[{\"@type\":\"ListItem\",\"position\":1,\"name\":\"Home\",\"item\":\"https:\\\/\\\/www.vdhurk.nl\\\/home\\\/\"},{\"@type\":\"ListItem\",\"position\":2,\"name\":\"Citro\u00ebn Bedrijfswagens\",\"item\":\"https:\\\/\\\/www.vdhurk.nl\\\/citroen-bedrijfswagens\\\/\"},{\"@type\":\"ListItem\",\"position\":3,\"name\":\"Citro\u00ebn Jumper\"}]},{\"@type\":\"WebSite\",\"@id\":\"https:\\\/\\\/www.vdhurk.nl\\\/#website\",\"url\":\"https:\\\/\\\/www.vdhurk.nl\\\/\",\"name\":\"Van den Hurk Bedrijfswagens\",\"description\":\"Van den Hurk bedrijfswagens Helmond\",\"potentialAction\":[{\"@type\":\"SearchAction\",\"target\":{\"@type\":\"EntryPoint\",\"urlTemplate\":\"https:\\\/\\\/www.vdhurk.nl\\\/?s={search_term_string}\"},\"query-input\":{\"@type\":\"PropertyValueSpecification\",\"valueRequired\":true,\"valueName\":\"search_term_string\"}}],\"inLanguage\":\"it-IT\"}]}<\/script>\n<!-- \/ Yoast SEO plugin. -->","yoast_head_json":{"title":"Acquistare un'auto usata Citro\u00ebn Jumper affidabile?","description":"Cercate un veicolo commerciale versatile? Citro\u00ebn Jumper offre tutto ci\u00f2 di cui avete bisogno. Scoprite tutti i vantaggi.","robots":{"index":"index","follow":"follow","max-snippet":"max-snippet:-1","max-image-preview":"max-image-preview:large","max-video-preview":"max-video-preview:-1"},"canonical":"https:\/\/www.vdhurk.nl\/it\/veicoli-commerciali-citroen\/ponticello\/","og_locale":"it_IT","og_type":"article","og_title":"Betrouwbare Citro\u00ebn Jumper occasion kopen?","og_description":"Op zoek naar een veelzijdige bedrijfswagen? De Citro\u00ebn Jumper occasion biedt alles wat je nodig hebt. Ontdek alle voordelen.","og_url":"https:\/\/www.vdhurk.nl\/it\/veicoli-commerciali-citroen\/ponticello\/","og_site_name":"Van den Hurk Bedrijfswagens","article_modified_time":"2025-02-06T16:22:53+00:00","twitter_card":"summary_large_image","twitter_misc":{"Tempo di lettura stimato":"4 minuti"},"schema":{"@context":"https:\/\/schema.org","@graph":[{"@type":"WebPage","@id":"https:\/\/www.vdhurk.nl\/citroen-bedrijfswagens\/jumper\/","url":"https:\/\/www.vdhurk.nl\/citroen-bedrijfswagens\/jumper\/","name":"Acquistare un'auto usata Citro\u00ebn Jumper affidabile?","isPartOf":{"@id":"https:\/\/www.vdhurk.nl\/#website"},"datePublished":"2025-02-06T14:48:28+00:00","dateModified":"2025-02-06T16:22:53+00:00","description":"Cercate un veicolo commerciale versatile? Citro\u00ebn Jumper offre tutto ci\u00f2 di cui avete bisogno. Scoprite tutti i vantaggi.","breadcrumb":{"@id":"https:\/\/www.vdhurk.nl\/citroen-bedrijfswagens\/jumper\/#breadcrumb"},"inLanguage":"it-IT","potentialAction":[{"@type":"ReadAction","target":["https:\/\/www.vdhurk.nl\/citroen-bedrijfswagens\/jumper\/"]}]},{"@type":"BreadcrumbList","@id":"https:\/\/www.vdhurk.nl\/citroen-bedrijfswagens\/jumper\/#breadcrumb","itemListElement":[{"@type":"ListItem","position":1,"name":"Home","item":"https:\/\/www.vdhurk.nl\/home\/"},{"@type":"ListItem","position":2,"name":"Citro\u00ebn Bedrijfswagens","item":"https:\/\/www.vdhurk.nl\/citroen-bedrijfswagens\/"},{"@type":"ListItem","position":3,"name":"Citro\u00ebn Jumper"}]},{"@type":"WebSite","@id":"https:\/\/www.vdhurk.nl\/#website","url":"https:\/\/www.vdhurk.nl\/","name":"Veicoli commerciali Van den Hurk","description":"Van den Hurk veicoli commerciali Helmond","potentialAction":[{"@type":"SearchAction","target":{"@type":"EntryPoint","urlTemplate":"https:\/\/www.vdhurk.nl\/?s={search_term_string}"},"query-input":{"@type":"PropertyValueSpecification","valueRequired":true,"valueName":"search_term_string"}}],"inLanguage":"it-IT"}]}},"_links":{"self":[{"href":"https:\/\/www.vdhurk.nl\/it\/wp-json\/wp\/v2\/pages\/434872","targetHints":{"allow":["GET"]}}],"collection":[{"href":"https:\/\/www.vdhurk.nl\/it\/wp-json\/wp\/v2\/pages"}],"about":[{"href":"https:\/\/www.vdhurk.nl\/it\/wp-json\/wp\/v2\/types\/page"}],"author":[{"embeddable":true,"href":"https:\/\/www.vdhurk.nl\/it\/wp-json\/wp\/v2\/users\/3"}],"replies":[{"embeddable":true,"href":"https:\/\/www.vdhurk.nl\/it\/wp-json\/wp\/v2\/comments?post=434872"}],"version-history":[{"count":5,"href":"https:\/\/www.vdhurk.nl\/it\/wp-json\/wp\/v2\/pages\/434872\/revisions"}],"predecessor-version":[{"id":442895,"href":"https:\/\/www.vdhurk.nl\/it\/wp-json\/wp\/v2\/pages\/434872\/revisions\/442895"}],"up":[{"embeddable":true,"href":"https:\/\/www.vdhurk.nl\/it\/wp-json\/wp\/v2\/pages\/372085"}],"wp:attachment":[{"href":"https:\/\/www.vdhurk.nl\/it\/wp-json\/wp\/v2\/media?parent=434872"}],"curies":[{"name":"wp","href":"https:\/\/api.w.org\/{rel}","templated":true}]}}