{"id":422133,"date":"2024-12-05T13:37:02","date_gmt":"2024-12-05T12:37:02","guid":{"rendered":"https:\/\/www.vdhurk.nl\/?page_id=422133"},"modified":"2024-12-05T13:37:02","modified_gmt":"2024-12-05T12:37:02","slug":"proace","status":"publish","type":"page","link":"https:\/\/www.vdhurk.nl\/it\/toyota-bedrijfswagens\/proace\/","title":{"rendered":"Toyota Proace"},"content":{"rendered":"<section  class='av_textblock_section av-lu8gnh7d-4ac895489941e586c1d7c8cb72318135'  itemscope=\"itemscope\" itemtype=\"https:\/\/schema.org\/CreativeWork\" ><div class='avia_textblock'  itemprop=\"text\" ><h1>Scopri tutto quello che vuoi sapere sull'auto usata Toyota Proace<\/h1>\n<p>Siete alla ricerca di un veicolo commerciale affidabile e versatile per aiutare la vostra azienda a progredire? L'auto usata Toyota Proace \u00e8 da anni una delle preferite dai proprietari di aziende, e per una buona ragione. Grazie alla sua flessibilit\u00e0 e affidabilit\u00e0, \u00e8 l'auto aziendale in grado di affrontare qualsiasi lavoro. Vi state chiedendo perch\u00e9? Continuate a leggere e scoprite cosa pu\u00f2 fare la Toyota Proace per la vostra azienda.<\/p>\n<\/div><\/section>\n\n<style type=\"text\/css\" data-created_by=\"avia_inline_auto\" id=\"style-css-av-lujjddpd-afa3d7a9eabd61123e643ed1228e781e\">\n#top .hr.hr-invisible.av-lujjddpd-afa3d7a9eabd61123e643ed1228e781e{\nheight:50px;\n}\n<\/style>\n<div  class='hr av-lujjddpd-afa3d7a9eabd61123e643ed1228e781e hr-invisible  avia-builder-el-1  el_after_av_textblock  el_before_av_codeblock'><span class='hr-inner'><span class=\"hr-inner-style\"><\/span><\/span><\/div>\n\n\n<style type=\"text\/css\" data-created_by=\"avia_inline_auto\" id=\"style-css-av-ah0xd-63338d9dc6b40410e22a712829c369d6\">\n#top .hr.hr-invisible.av-ah0xd-63338d9dc6b40410e22a712829c369d6{\nheight:50px;\n}\n<\/style>\n<div  class='hr av-ah0xd-63338d9dc6b40410e22a712829c369d6 hr-invisible  avia-builder-el-3  el_after_av_codeblock  el_before_av_textblock'><span class='hr-inner'><span class=\"hr-inner-style\"><\/span><\/span><\/div>\n<section  class='av_textblock_section av-lu8gow1e-300853e458ed741bd87d6cb78e55cc7a'  itemscope=\"itemscope\" itemtype=\"https:\/\/schema.org\/CreativeWork\" ><div class='avia_textblock'  itemprop=\"text\" ><h2>Specifiche e caratteristiche<\/h2>\n<p>Il Toyota Proace \u00e8 un veicolo commerciale versatile che risponde bene alle esigenze degli imprenditori. Con un bagagliaio spazioso e un'elevata capacit\u00e0 di carico utile, questo modello \u00e8 adatto a tutti i tipi di lavoro. Sotto il cofano c'\u00e8 un potente ed efficiente motore diesel a 4 cilindri, che non solo garantisce prestazioni affidabili, ma contribuisce anche a ridurre i consumi di carburante. Ci\u00f2 rende il Proace una scelta conveniente a lungo termine. Vi occupate regolarmente di trasporto passeggeri? Anche in questo caso, il Toyota Proace \u00e8 una scelta eccellente. Con spazio per ben 9 passeggeri, questo modello \u00e8 l'ideale per il trasporto di gruppo.<\/p>\n<\/div><\/section>\n<div class='flex_column av-f64w1-da126f42b61613402309283c14245a25 av_one_half  avia-builder-el-5  el_after_av_textblock  el_before_av_one_third  first flex_column_div column-top-margin'   ><section  class='av_textblock_section av-lu8gpqre-73cc2c17e6a6497ba6e1b58af22bd9e8'  itemscope=\"itemscope\" itemtype=\"https:\/\/schema.org\/CreativeWork\" ><div class='avia_textblock'  itemprop=\"text\" ><h2>Diverse versioni<\/h2>\n<p>Il Toyota Proace offre tutto ci\u00f2 che cercate in un veicolo commerciale: versatilit\u00e0, affidabilit\u00e0 e adattabilit\u00e0. Con una scelta di lunghezze e configurazioni diverse, c'\u00e8 sempre un modello che si adatta perfettamente alle vostre esigenze aziendali. Avete bisogno di una versione compatta e agile per la guida quotidiana in citt\u00e0? Oppure cercate una variante spaziosa per trasportare grandi carichi in modo efficiente? Qualunque siano le vostre esigenze, il Toyota Proace si adatta senza problemi al vostro business. Con il Proace, scegliete un'auto aziendale che non solo \u00e8 pronta per qualsiasi sfida, ma \u00e8 anche un partner affidabile per il successo della vostra attivit\u00e0.<\/p>\n<\/div><\/section><\/div><div class='flex_column av-aldk9-ee694297f5c4032981677a02caab84d6 av_one_third  avia-builder-el-7  el_after_av_one_half  el_before_av_hr  flex_column_div column-top-margin'   ><style type=\"text\/css\" data-created_by=\"avia_inline_auto\" id=\"style-css-av-l1w9kpsf-4ec3fab772ec7a9adaa33cfc64ff0475\">\n.avia-image-container.av-l1w9kpsf-4ec3fab772ec7a9adaa33cfc64ff0475 .av-image-caption-overlay-center{\ncolor:#ffffff;\n}\n<\/style>\n<div  class='avia-image-container av-l1w9kpsf-4ec3fab772ec7a9adaa33cfc64ff0475 av-styling- avia-align-center  avia-builder-el-8  avia-builder-el-no-sibling'  itemprop=\"image\" itemscope=\"itemscope\" itemtype=\"https:\/\/schema.org\/ImageObject\" ><div class=\"avia-image-container-inner\"><div class=\"avia-image-overlay-wrap\"><img decoding=\"async\" class='wp-image-187 avia-img-lazy-loading-not-187 avia_image' src=\"https:\/\/www.vdhurk.nl\/wp-content\/uploads\/2022\/03\/Voorrad.png\" alt='' title='Stock'  height=\"758\" width=\"1135\"  itemprop=\"thumbnailUrl\" srcset=\"https:\/\/www.vdhurk.nl\/wp-content\/uploads\/2022\/03\/Voorrad.png 1135w, https:\/\/www.vdhurk.nl\/wp-content\/uploads\/2022\/03\/Voorrad-300x200.png 300w, https:\/\/www.vdhurk.nl\/wp-content\/uploads\/2022\/03\/Voorrad-1030x688.png 1030w, https:\/\/www.vdhurk.nl\/wp-content\/uploads\/2022\/03\/Voorrad-768x513.png 768w, https:\/\/www.vdhurk.nl\/wp-content\/uploads\/2022\/03\/Voorrad-18x12.png 18w, https:\/\/www.vdhurk.nl\/wp-content\/uploads\/2022\/03\/Voorrad-705x471.png 705w\" sizes=\"(max-width: 1135px) 100vw, 1135px\" \/><\/div><\/div><\/div><\/div><\/p>\n\n<style type=\"text\/css\" data-created_by=\"avia_inline_auto\" id=\"style-css-av-luqrjpjc-5a23a1fb5f94718ca85316a9df963e2f\">\n#top .hr.hr-invisible.av-luqrjpjc-5a23a1fb5f94718ca85316a9df963e2f{\nheight:50px;\n}\n<\/style>\n<div  class='hr av-luqrjpjc-5a23a1fb5f94718ca85316a9df963e2f hr-invisible  avia-builder-el-9  el_after_av_one_third  el_before_av_textblock'><span class='hr-inner'><span class=\"hr-inner-style\"><\/span><\/span><\/div>\n<section  class='av_textblock_section av-lu8gtjw7-4f3cee9304909518d86d2860d9d582dd'  itemscope=\"itemscope\" itemtype=\"https:\/\/schema.org\/CreativeWork\" ><div class='avia_textblock'  itemprop=\"text\" ><h2>Quanto si paga una Toyota Proace?<\/h2>\n<p>I prezzi dei veicoli commerciali Toyota Proace variano in quanto la nostra gamma comprende sia modelli semplici di Toyota Proace che versioni completamente equipaggiate. Questa variazione di opzioni significa che \u00e8 sempre disponibile un veicolo adatto alle vostre esigenze specifiche e al vostro budget. Qualunque cosa stiate cercando, con noi troverete sempre una soluzione adatta.<\/p>\n<h2>Acquistare o prendere in leasing una Toyota Proace?<\/h2>\n<p>Oltre alla possibilit\u00e0 di acquistare un veicolo commerciale a titolo definitivo, anche il leasing di un Toyota Proace \u00e8 una delle opzioni. Con il leasing finanziario, si diventa gradualmente proprietari del veicolo commerciale. Si paga un importo fisso al mese. Al termine del contratto di leasing, si diventa proprietari a tutti gli effetti del veicolo.<\/p>\n<h2>Trovate l'auto aziendale perfetta<\/h2>\n<p>Avete trovato una Toyota Proace usata o nuova che soddisfa completamente le vostre esigenze aziendali? O volete maggiori informazioni per fare la scelta giusta? In qualit\u00e0 di concessionario Toyota Proace, siamo lieti di aiutarvi nel vostro percorso. Date un'occhiata alla nostra <a href=\"https:\/\/www.vdhurk.nl\/it\/veicoli-commerciali\/\">offerta attuale<\/a> Oppure contattateci.<\/p>\n<\/div><\/section>","protected":false},"excerpt":{"rendered":"","protected":false},"author":3,"featured_media":0,"parent":398333,"menu_order":0,"comment_status":"closed","ping_status":"closed","template":"","meta":{"_acf_changed":false,"_improvement_type_select":"improve_an_existing","_thumb_yes_seoaic":false,"_frame_yes_seoaic":false,"seoaic_generate_description":"","seoaic_improve_instructions_prompt":"","seoaic_rollback_content_improvement":"","seoaic_idea_thumbnail_generator":"","thumbnail_generated":false,"thumbnail_generate_prompt":"","seoaic_article_description":"","footnotes":""},"class_list":["post-422133","page","type-page","status-publish","hentry"],"acf":[],"yoast_head":"<!-- This site is optimized with the Yoast SEO plugin v27.5 - https:\/\/yoast.com\/product\/yoast-seo-wordpress\/ -->\n<title>Op zoek naar een Toyota Proace occasion?<\/title>\n<meta name=\"description\" content=\"Ontdek de Toyota Proace occasion: een veelzijdige, betrouwbare bedrijfswagen die elke klus klaart. Perfect voor jouw onderneming. Bekijk ons aanbod!\" \/>\n<meta name=\"robots\" content=\"index, follow, max-snippet:-1, max-image-preview:large, max-video-preview:-1\" \/>\n<link rel=\"canonical\" href=\"https:\/\/www.vdhurk.nl\/it\/veicoli-commerciali-toyota\/proace\/\" \/>\n<meta property=\"og:locale\" content=\"it_IT\" \/>\n<meta property=\"og:type\" content=\"article\" \/>\n<meta property=\"og:title\" content=\"Op zoek naar een Toyota Proace occasion?\" \/>\n<meta property=\"og:description\" content=\"Ontdek de Toyota Proace occasion: een veelzijdige, betrouwbare bedrijfswagen die elke klus klaart. Perfect voor jouw onderneming. Bekijk ons aanbod!\" \/>\n<meta property=\"og:url\" content=\"https:\/\/www.vdhurk.nl\/it\/veicoli-commerciali-toyota\/proace\/\" \/>\n<meta property=\"og:site_name\" content=\"Van den Hurk Bedrijfswagens\" \/>\n<meta name=\"twitter:card\" content=\"summary_large_image\" \/>\n<meta name=\"twitter:label1\" content=\"Tempo di lettura stimato\" \/>\n\t<meta name=\"twitter:data1\" content=\"4 minuti\" \/>\n<script type=\"application\/ld+json\" class=\"yoast-schema-graph\">{\"@context\":\"https:\\\/\\\/schema.org\",\"@graph\":[{\"@type\":\"WebPage\",\"@id\":\"https:\\\/\\\/www.vdhurk.nl\\\/toyota-bedrijfswagens\\\/proace\\\/\",\"url\":\"https:\\\/\\\/www.vdhurk.nl\\\/toyota-bedrijfswagens\\\/proace\\\/\",\"name\":\"Op zoek naar een Toyota Proace occasion?\",\"isPartOf\":{\"@id\":\"https:\\\/\\\/www.vdhurk.nl\\\/#website\"},\"datePublished\":\"2024-12-05T12:37:02+00:00\",\"description\":\"Ontdek de Toyota Proace occasion: een veelzijdige, betrouwbare bedrijfswagen die elke klus klaart. Perfect voor jouw onderneming. Bekijk ons aanbod!\",\"breadcrumb\":{\"@id\":\"https:\\\/\\\/www.vdhurk.nl\\\/toyota-bedrijfswagens\\\/proace\\\/#breadcrumb\"},\"inLanguage\":\"it-IT\",\"potentialAction\":[{\"@type\":\"ReadAction\",\"target\":[\"https:\\\/\\\/www.vdhurk.nl\\\/toyota-bedrijfswagens\\\/proace\\\/\"]}]},{\"@type\":\"BreadcrumbList\",\"@id\":\"https:\\\/\\\/www.vdhurk.nl\\\/toyota-bedrijfswagens\\\/proace\\\/#breadcrumb\",\"itemListElement\":[{\"@type\":\"ListItem\",\"position\":1,\"name\":\"Home\",\"item\":\"https:\\\/\\\/www.vdhurk.nl\\\/home\\\/\"},{\"@type\":\"ListItem\",\"position\":2,\"name\":\"Toyota Bedrijfswagens\",\"item\":\"https:\\\/\\\/www.vdhurk.nl\\\/toyota-bedrijfswagens\\\/\"},{\"@type\":\"ListItem\",\"position\":3,\"name\":\"Toyota Proace\"}]},{\"@type\":\"WebSite\",\"@id\":\"https:\\\/\\\/www.vdhurk.nl\\\/#website\",\"url\":\"https:\\\/\\\/www.vdhurk.nl\\\/\",\"name\":\"Van den Hurk Bedrijfswagens\",\"description\":\"Van den Hurk bedrijfswagens Helmond\",\"potentialAction\":[{\"@type\":\"SearchAction\",\"target\":{\"@type\":\"EntryPoint\",\"urlTemplate\":\"https:\\\/\\\/www.vdhurk.nl\\\/?s={search_term_string}\"},\"query-input\":{\"@type\":\"PropertyValueSpecification\",\"valueRequired\":true,\"valueName\":\"search_term_string\"}}],\"inLanguage\":\"it-IT\"}]}<\/script>\n<!-- \/ Yoast SEO plugin. -->","yoast_head_json":{"title":"Cerchi un'auto usata Toyota Proace?","description":"Scoprite l'occasione del Toyota Proace: un veicolo commerciale versatile e affidabile che svolge qualsiasi lavoro. Perfetto per la vostra attivit\u00e0. Scoprite la nostra offerta!","robots":{"index":"index","follow":"follow","max-snippet":"max-snippet:-1","max-image-preview":"max-image-preview:large","max-video-preview":"max-video-preview:-1"},"canonical":"https:\/\/www.vdhurk.nl\/it\/veicoli-commerciali-toyota\/proace\/","og_locale":"it_IT","og_type":"article","og_title":"Op zoek naar een Toyota Proace occasion?","og_description":"Ontdek de Toyota Proace occasion: een veelzijdige, betrouwbare bedrijfswagen die elke klus klaart. Perfect voor jouw onderneming. Bekijk ons aanbod!","og_url":"https:\/\/www.vdhurk.nl\/it\/veicoli-commerciali-toyota\/proace\/","og_site_name":"Van den Hurk Bedrijfswagens","twitter_card":"summary_large_image","twitter_misc":{"Tempo di lettura stimato":"4 minuti"},"schema":{"@context":"https:\/\/schema.org","@graph":[{"@type":"WebPage","@id":"https:\/\/www.vdhurk.nl\/toyota-bedrijfswagens\/proace\/","url":"https:\/\/www.vdhurk.nl\/toyota-bedrijfswagens\/proace\/","name":"Cerchi un'auto usata Toyota Proace?","isPartOf":{"@id":"https:\/\/www.vdhurk.nl\/#website"},"datePublished":"2024-12-05T12:37:02+00:00","description":"Scoprite l'occasione del Toyota Proace: un veicolo commerciale versatile e affidabile che svolge qualsiasi lavoro. Perfetto per la vostra attivit\u00e0. Scoprite la nostra offerta!","breadcrumb":{"@id":"https:\/\/www.vdhurk.nl\/toyota-bedrijfswagens\/proace\/#breadcrumb"},"inLanguage":"it-IT","potentialAction":[{"@type":"ReadAction","target":["https:\/\/www.vdhurk.nl\/toyota-bedrijfswagens\/proace\/"]}]},{"@type":"BreadcrumbList","@id":"https:\/\/www.vdhurk.nl\/toyota-bedrijfswagens\/proace\/#breadcrumb","itemListElement":[{"@type":"ListItem","position":1,"name":"Home","item":"https:\/\/www.vdhurk.nl\/home\/"},{"@type":"ListItem","position":2,"name":"Toyota Bedrijfswagens","item":"https:\/\/www.vdhurk.nl\/toyota-bedrijfswagens\/"},{"@type":"ListItem","position":3,"name":"Toyota Proace"}]},{"@type":"WebSite","@id":"https:\/\/www.vdhurk.nl\/#website","url":"https:\/\/www.vdhurk.nl\/","name":"Veicoli commerciali Van den Hurk","description":"Van den Hurk veicoli commerciali Helmond","potentialAction":[{"@type":"SearchAction","target":{"@type":"EntryPoint","urlTemplate":"https:\/\/www.vdhurk.nl\/?s={search_term_string}"},"query-input":{"@type":"PropertyValueSpecification","valueRequired":true,"valueName":"search_term_string"}}],"inLanguage":"it-IT"}]}},"_links":{"self":[{"href":"https:\/\/www.vdhurk.nl\/it\/wp-json\/wp\/v2\/pages\/422133","targetHints":{"allow":["GET"]}}],"collection":[{"href":"https:\/\/www.vdhurk.nl\/it\/wp-json\/wp\/v2\/pages"}],"about":[{"href":"https:\/\/www.vdhurk.nl\/it\/wp-json\/wp\/v2\/types\/page"}],"author":[{"embeddable":true,"href":"https:\/\/www.vdhurk.nl\/it\/wp-json\/wp\/v2\/users\/3"}],"replies":[{"embeddable":true,"href":"https:\/\/www.vdhurk.nl\/it\/wp-json\/wp\/v2\/comments?post=422133"}],"version-history":[{"count":1,"href":"https:\/\/www.vdhurk.nl\/it\/wp-json\/wp\/v2\/pages\/422133\/revisions"}],"predecessor-version":[{"id":422181,"href":"https:\/\/www.vdhurk.nl\/it\/wp-json\/wp\/v2\/pages\/422133\/revisions\/422181"}],"up":[{"embeddable":true,"href":"https:\/\/www.vdhurk.nl\/it\/wp-json\/wp\/v2\/pages\/398333"}],"wp:attachment":[{"href":"https:\/\/www.vdhurk.nl\/it\/wp-json\/wp\/v2\/media?parent=422133"}],"curies":[{"name":"wp","href":"https:\/\/api.w.org\/{rel}","templated":true}]}}