{"id":422128,"date":"2024-12-05T13:10:35","date_gmt":"2024-12-05T12:10:35","guid":{"rendered":"https:\/\/www.vdhurk.nl\/?page_id=422128"},"modified":"2024-12-05T13:17:53","modified_gmt":"2024-12-05T12:17:53","slug":"maestro","status":"publish","type":"page","link":"https:\/\/www.vdhurk.nl\/it\/renault-bedrijfswagens\/master\/","title":{"rendered":"Renault Master"},"content":{"rendered":"<section  class='av_textblock_section av-lu8gnh7d-4ac895489941e586c1d7c8cb72318135'  itemscope=\"itemscope\" itemtype=\"https:\/\/schema.org\/CreativeWork\" ><div class='avia_textblock'  itemprop=\"text\" ><h1>Cerchi un'auto usata Renault Master?<\/h1>\n<p>Avete bisogno di un nuovo veicolo commerciale per la vostra azienda? L'occasione del Renault Master \u00e8 una scelta ponderata. I modelli Renault Master sono molto popolari tra gli utenti commerciali, e per una buona ragione. Volete saperne di pi\u00f9 su ci\u00f2 che questo veicolo commerciale ha da offrire? Continuate a leggere e scoprite se questo \u00e8 il modello perfetto per voi.<\/p>\n<\/div><\/section>\n\n<style type=\"text\/css\" data-created_by=\"avia_inline_auto\" id=\"style-css-av-lujjddpd-afa3d7a9eabd61123e643ed1228e781e\">\n#top .hr.hr-invisible.av-lujjddpd-afa3d7a9eabd61123e643ed1228e781e{\nheight:50px;\n}\n<\/style>\n<div  class='hr av-lujjddpd-afa3d7a9eabd61123e643ed1228e781e hr-invisible  avia-builder-el-1  el_after_av_textblock  el_before_av_codeblock'><span class='hr-inner'><span class=\"hr-inner-style\"><\/span><\/span><\/div>\n\n\n<style type=\"text\/css\" data-created_by=\"avia_inline_auto\" id=\"style-css-av-ah0xd-63338d9dc6b40410e22a712829c369d6\">\n#top .hr.hr-invisible.av-ah0xd-63338d9dc6b40410e22a712829c369d6{\nheight:50px;\n}\n<\/style>\n<div  class='hr av-ah0xd-63338d9dc6b40410e22a712829c369d6 hr-invisible  avia-builder-el-3  el_after_av_codeblock  el_before_av_textblock'><span class='hr-inner'><span class=\"hr-inner-style\"><\/span><\/span><\/div>\n<section  class='av_textblock_section av-lu8gow1e-300853e458ed741bd87d6cb78e55cc7a'  itemscope=\"itemscope\" itemtype=\"https:\/\/schema.org\/CreativeWork\" ><div class='avia_textblock'  itemprop=\"text\" ><h2>Specifiche del Renault Master<\/h2>\n<p><a href=\"https:\/\/www.vdhurk.nl\/it\/veicoli-commerciali-renault\/\">Veicolo commerciale Renault<\/a> sono noti per la loro affidabilit\u00e0 e il Master non fa eccezione. Questo veicolo commerciale potente e compatto offre opzioni di stoccaggio versatili, in modo da poter portare facilmente tutte le vostre forniture in qualsiasi lavoro. Con un carico utile e un peso di traino elevati, il Renault Master \u00e8 progettato per sostenere la vostra attivit\u00e0 in qualsiasi sfida. Grazie alla sua struttura robusta, questo veicolo commerciale offre la massima flessibilit\u00e0. Inoltre, \u00e8 stata prestata grande attenzione al comfort, alla sicurezza e all'efficienza, rendendo ogni viaggio produttivo e piacevole. Scoprite come il Renault Master sia il vostro partner ideale sulla strada.<\/p>\n<\/div><\/section>\n<div class='flex_column av-f64w1-da126f42b61613402309283c14245a25 av_one_half  avia-builder-el-5  el_after_av_textblock  el_before_av_one_third  first flex_column_div column-top-margin'   ><section  class='av_textblock_section av-lu8gpqre-73cc2c17e6a6497ba6e1b58af22bd9e8'  itemscope=\"itemscope\" itemtype=\"https:\/\/schema.org\/CreativeWork\" ><div class='avia_textblock'  itemprop=\"text\" ><h2>Diverse versioni<\/h2>\n<p>Il Renault Master \u00e8 disponibile in diversi allestimenti, per cui troverete sempre un modello che si adatta perfettamente alle vostre esigenze. Scegliete tra diversi anni di costruzione, chilometraggi e configurazioni. Che si tratti di un furgone chiuso o di un modello con cabina singola o doppia, il Renault Master offre numerose opzioni. Grazie a questa versatilit\u00e0, il Renault Master \u00e8 ideale per l'utilizzo in settori come l'edilizia, il trasporto di persone e il trasporto. Inoltre, \u00e8 possibile scegliere tra una versione con cambio manuale e una con cambio automatico, per guidare sempre in tutta comodit\u00e0. Con cos\u00ec tante opzioni, fare la scelta giusta \u00e8 difficile. Avete bisogno di aiuto o di ulteriori informazioni? Non esitate a <a href=\"https:\/\/www.vdhurk.nl\/it\/contatto\/\">contatto<\/a> includono.<\/p>\n<\/div><\/section><\/div>\n<div class='flex_column av-aldk9-ee694297f5c4032981677a02caab84d6 av_one_third  avia-builder-el-7  el_after_av_one_half  el_before_av_hr  flex_column_div column-top-margin'   ><style type=\"text\/css\" data-created_by=\"avia_inline_auto\" id=\"style-css-av-l1w9kpsf-4ec3fab772ec7a9adaa33cfc64ff0475\">\n.avia-image-container.av-l1w9kpsf-4ec3fab772ec7a9adaa33cfc64ff0475 .av-image-caption-overlay-center{\ncolor:#ffffff;\n}\n<\/style>\n<div  class='avia-image-container av-l1w9kpsf-4ec3fab772ec7a9adaa33cfc64ff0475 av-styling- avia-align-center  avia-builder-el-8  avia-builder-el-no-sibling'  itemprop=\"image\" itemscope=\"itemscope\" itemtype=\"https:\/\/schema.org\/ImageObject\" ><div class=\"avia-image-container-inner\"><div class=\"avia-image-overlay-wrap\"><img decoding=\"async\" class='wp-image-187 avia-img-lazy-loading-not-187 avia_image' src=\"https:\/\/www.vdhurk.nl\/wp-content\/uploads\/2022\/03\/Voorrad.png\" alt='' title='Stock'  height=\"758\" width=\"1135\"  itemprop=\"thumbnailUrl\" srcset=\"https:\/\/www.vdhurk.nl\/wp-content\/uploads\/2022\/03\/Voorrad.png 1135w, https:\/\/www.vdhurk.nl\/wp-content\/uploads\/2022\/03\/Voorrad-300x200.png 300w, https:\/\/www.vdhurk.nl\/wp-content\/uploads\/2022\/03\/Voorrad-1030x688.png 1030w, https:\/\/www.vdhurk.nl\/wp-content\/uploads\/2022\/03\/Voorrad-768x513.png 768w, https:\/\/www.vdhurk.nl\/wp-content\/uploads\/2022\/03\/Voorrad-18x12.png 18w, https:\/\/www.vdhurk.nl\/wp-content\/uploads\/2022\/03\/Voorrad-705x471.png 705w\" sizes=\"(max-width: 1135px) 100vw, 1135px\" \/><\/div><\/div><\/div><\/div>\n\n<style type=\"text\/css\" data-created_by=\"avia_inline_auto\" id=\"style-css-av-luqrjpjc-5a23a1fb5f94718ca85316a9df963e2f\">\n#top .hr.hr-invisible.av-luqrjpjc-5a23a1fb5f94718ca85316a9df963e2f{\nheight:50px;\n}\n<\/style>\n<div  class='hr av-luqrjpjc-5a23a1fb5f94718ca85316a9df963e2f hr-invisible  avia-builder-el-9  el_after_av_one_third  el_before_av_textblock'><span class='hr-inner'><span class=\"hr-inner-style\"><\/span><\/span><\/div>\n<section  class='av_textblock_section av-lu8gtjw7-4f3cee9304909518d86d2860d9d582dd'  itemscope=\"itemscope\" itemtype=\"https:\/\/schema.org\/CreativeWork\" ><div class='avia_textblock'  itemprop=\"text\" ><h2>In quale fascia di prezzo rientra il Renault Master?<\/h2>\n<p>I prezzi di un Renault Master variano a seconda della versione e dell'equipaggiamento. La nostra offerta spazia da versioni pratiche ed essenziali a modelli completamente equipaggiati con tutti gli optional possibili. Che siate alla ricerca di un modello semplice che rientri nel vostro budget o di una versione di lusso che soddisfi tutte le vostre esigenze, con noi troverete sempre un veicolo commerciale adatto alle vostre necessit\u00e0 e al vostro portafoglio.<\/p>\n<h2>Leasing di Renault Master<\/h2>\n<p>State pensando di acquistare una Renault Master? Allora avete una scelta di opzioni di pagamento. Preferite pagare tutto in una volta o distribuire il costo? Con il leasing finanziario, non dovete fare un grande investimento in una sola volta. Potrete pagare il veicolo commerciale in rate gestibili, utilizzandolo immediatamente. E la parte migliore? Al termine del contratto di leasing, sarete orgogliosi proprietari del vostro Renault Master. Ecco come combinare flessibilit\u00e0 e scelte finanziarie intelligenti.<\/p>\n<h2>Trovate l'auto aziendale perfetta<\/h2>\n<p>Acquistare un Renault Master usato o nuovo? Volete saperne di pi\u00f9 su ci\u00f2 che si adatta alle vostre esigenze aziendali? Saremo lieti di aiutarvi a fare la scelta giusta. Vedere <a href=\"https:\/\/www.vdhurk.nl\/it\/veicoli-commerciali\/\">la nostra offerta attuale<\/a> o semplicemente contattateci. In qualit\u00e0 di concessionario Renault Master, saremo lieti di aiutarvi a trovare il vostro veicolo commerciale ideale.<\/p>\n<\/div><\/section>","protected":false},"excerpt":{"rendered":"","protected":false},"author":3,"featured_media":0,"parent":372057,"menu_order":0,"comment_status":"closed","ping_status":"closed","template":"","meta":{"_acf_changed":false,"_improvement_type_select":"improve_an_existing","_thumb_yes_seoaic":false,"_frame_yes_seoaic":false,"seoaic_generate_description":"","seoaic_improve_instructions_prompt":"","seoaic_rollback_content_improvement":"","seoaic_idea_thumbnail_generator":"","thumbnail_generated":false,"thumbnail_generate_prompt":"","seoaic_article_description":"","footnotes":""},"class_list":["post-422128","page","type-page","status-publish","hentry"],"acf":[],"yoast_head":"<!-- This site is optimized with the Yoast SEO plugin v27.5 - https:\/\/yoast.com\/product\/yoast-seo-wordpress\/ -->\n<title>Koop een Renault Master occasion<\/title>\n<meta name=\"description\" content=\"Een betrouwbaar bedrijfsvoertuig kopen? Ontdek alle specificaties en voordelen van de Renault Master occasion en bekijk het aanbod.\" \/>\n<meta name=\"robots\" content=\"index, follow, max-snippet:-1, max-image-preview:large, max-video-preview:-1\" \/>\n<link rel=\"canonical\" href=\"https:\/\/www.vdhurk.nl\/it\/veicoli-commerciali-renault\/maestro\/\" \/>\n<meta property=\"og:locale\" content=\"it_IT\" \/>\n<meta property=\"og:type\" content=\"article\" \/>\n<meta property=\"og:title\" content=\"Koop een Renault Master occasion\" \/>\n<meta property=\"og:description\" content=\"Een betrouwbaar bedrijfsvoertuig kopen? Ontdek alle specificaties en voordelen van de Renault Master occasion en bekijk het aanbod.\" \/>\n<meta property=\"og:url\" content=\"https:\/\/www.vdhurk.nl\/it\/veicoli-commerciali-renault\/maestro\/\" \/>\n<meta property=\"og:site_name\" content=\"Van den Hurk Bedrijfswagens\" \/>\n<meta property=\"article:modified_time\" content=\"2024-12-05T12:17:53+00:00\" \/>\n<meta name=\"twitter:card\" content=\"summary_large_image\" \/>\n<meta name=\"twitter:label1\" content=\"Tempo di lettura stimato\" \/>\n\t<meta name=\"twitter:data1\" content=\"4 minuti\" \/>\n<script type=\"application\/ld+json\" class=\"yoast-schema-graph\">{\"@context\":\"https:\\\/\\\/schema.org\",\"@graph\":[{\"@type\":\"WebPage\",\"@id\":\"https:\\\/\\\/www.vdhurk.nl\\\/renault-bedrijfswagens\\\/master\\\/\",\"url\":\"https:\\\/\\\/www.vdhurk.nl\\\/renault-bedrijfswagens\\\/master\\\/\",\"name\":\"Koop een Renault Master occasion\",\"isPartOf\":{\"@id\":\"https:\\\/\\\/www.vdhurk.nl\\\/#website\"},\"datePublished\":\"2024-12-05T12:10:35+00:00\",\"dateModified\":\"2024-12-05T12:17:53+00:00\",\"description\":\"Een betrouwbaar bedrijfsvoertuig kopen? Ontdek alle specificaties en voordelen van de Renault Master occasion en bekijk het aanbod.\",\"breadcrumb\":{\"@id\":\"https:\\\/\\\/www.vdhurk.nl\\\/renault-bedrijfswagens\\\/master\\\/#breadcrumb\"},\"inLanguage\":\"it-IT\",\"potentialAction\":[{\"@type\":\"ReadAction\",\"target\":[\"https:\\\/\\\/www.vdhurk.nl\\\/renault-bedrijfswagens\\\/master\\\/\"]}]},{\"@type\":\"BreadcrumbList\",\"@id\":\"https:\\\/\\\/www.vdhurk.nl\\\/renault-bedrijfswagens\\\/master\\\/#breadcrumb\",\"itemListElement\":[{\"@type\":\"ListItem\",\"position\":1,\"name\":\"Home\",\"item\":\"https:\\\/\\\/www.vdhurk.nl\\\/home\\\/\"},{\"@type\":\"ListItem\",\"position\":2,\"name\":\"Renault Bedrijfswagens\",\"item\":\"https:\\\/\\\/www.vdhurk.nl\\\/renault-bedrijfswagens\\\/\"},{\"@type\":\"ListItem\",\"position\":3,\"name\":\"Renault Master\"}]},{\"@type\":\"WebSite\",\"@id\":\"https:\\\/\\\/www.vdhurk.nl\\\/#website\",\"url\":\"https:\\\/\\\/www.vdhurk.nl\\\/\",\"name\":\"Van den Hurk Bedrijfswagens\",\"description\":\"Van den Hurk bedrijfswagens Helmond\",\"potentialAction\":[{\"@type\":\"SearchAction\",\"target\":{\"@type\":\"EntryPoint\",\"urlTemplate\":\"https:\\\/\\\/www.vdhurk.nl\\\/?s={search_term_string}\"},\"query-input\":{\"@type\":\"PropertyValueSpecification\",\"valueRequired\":true,\"valueName\":\"search_term_string\"}}],\"inLanguage\":\"it-IT\"}]}<\/script>\n<!-- \/ Yoast SEO plugin. -->","yoast_head_json":{"title":"Acquistare un'auto usata Renault Master","description":"Acquistare un veicolo commerciale affidabile? Scoprite tutte le caratteristiche e i vantaggi dell'occasione Renault Master e sfogliate la gamma.","robots":{"index":"index","follow":"follow","max-snippet":"max-snippet:-1","max-image-preview":"max-image-preview:large","max-video-preview":"max-video-preview:-1"},"canonical":"https:\/\/www.vdhurk.nl\/it\/veicoli-commerciali-renault\/maestro\/","og_locale":"it_IT","og_type":"article","og_title":"Koop een Renault Master occasion","og_description":"Een betrouwbaar bedrijfsvoertuig kopen? Ontdek alle specificaties en voordelen van de Renault Master occasion en bekijk het aanbod.","og_url":"https:\/\/www.vdhurk.nl\/it\/veicoli-commerciali-renault\/maestro\/","og_site_name":"Van den Hurk Bedrijfswagens","article_modified_time":"2024-12-05T12:17:53+00:00","twitter_card":"summary_large_image","twitter_misc":{"Tempo di lettura stimato":"4 minuti"},"schema":{"@context":"https:\/\/schema.org","@graph":[{"@type":"WebPage","@id":"https:\/\/www.vdhurk.nl\/renault-bedrijfswagens\/master\/","url":"https:\/\/www.vdhurk.nl\/renault-bedrijfswagens\/master\/","name":"Acquistare un'auto usata Renault Master","isPartOf":{"@id":"https:\/\/www.vdhurk.nl\/#website"},"datePublished":"2024-12-05T12:10:35+00:00","dateModified":"2024-12-05T12:17:53+00:00","description":"Acquistare un veicolo commerciale affidabile? Scoprite tutte le caratteristiche e i vantaggi dell'occasione Renault Master e sfogliate la gamma.","breadcrumb":{"@id":"https:\/\/www.vdhurk.nl\/renault-bedrijfswagens\/master\/#breadcrumb"},"inLanguage":"it-IT","potentialAction":[{"@type":"ReadAction","target":["https:\/\/www.vdhurk.nl\/renault-bedrijfswagens\/master\/"]}]},{"@type":"BreadcrumbList","@id":"https:\/\/www.vdhurk.nl\/renault-bedrijfswagens\/master\/#breadcrumb","itemListElement":[{"@type":"ListItem","position":1,"name":"Home","item":"https:\/\/www.vdhurk.nl\/home\/"},{"@type":"ListItem","position":2,"name":"Renault Bedrijfswagens","item":"https:\/\/www.vdhurk.nl\/renault-bedrijfswagens\/"},{"@type":"ListItem","position":3,"name":"Renault Master"}]},{"@type":"WebSite","@id":"https:\/\/www.vdhurk.nl\/#website","url":"https:\/\/www.vdhurk.nl\/","name":"Veicoli commerciali Van den Hurk","description":"Van den Hurk veicoli commerciali Helmond","potentialAction":[{"@type":"SearchAction","target":{"@type":"EntryPoint","urlTemplate":"https:\/\/www.vdhurk.nl\/?s={search_term_string}"},"query-input":{"@type":"PropertyValueSpecification","valueRequired":true,"valueName":"search_term_string"}}],"inLanguage":"it-IT"}]}},"_links":{"self":[{"href":"https:\/\/www.vdhurk.nl\/it\/wp-json\/wp\/v2\/pages\/422128","targetHints":{"allow":["GET"]}}],"collection":[{"href":"https:\/\/www.vdhurk.nl\/it\/wp-json\/wp\/v2\/pages"}],"about":[{"href":"https:\/\/www.vdhurk.nl\/it\/wp-json\/wp\/v2\/types\/page"}],"author":[{"embeddable":true,"href":"https:\/\/www.vdhurk.nl\/it\/wp-json\/wp\/v2\/users\/3"}],"replies":[{"embeddable":true,"href":"https:\/\/www.vdhurk.nl\/it\/wp-json\/wp\/v2\/comments?post=422128"}],"version-history":[{"count":4,"href":"https:\/\/www.vdhurk.nl\/it\/wp-json\/wp\/v2\/pages\/422128\/revisions"}],"predecessor-version":[{"id":422132,"href":"https:\/\/www.vdhurk.nl\/it\/wp-json\/wp\/v2\/pages\/422128\/revisions\/422132"}],"up":[{"embeddable":true,"href":"https:\/\/www.vdhurk.nl\/it\/wp-json\/wp\/v2\/pages\/372057"}],"wp:attachment":[{"href":"https:\/\/www.vdhurk.nl\/it\/wp-json\/wp\/v2\/media?parent=422128"}],"curies":[{"name":"wp","href":"https:\/\/api.w.org\/{rel}","templated":true}]}}