{"id":422100,"date":"2024-12-05T12:17:00","date_gmt":"2024-12-05T11:17:00","guid":{"rendered":"https:\/\/www.vdhurk.nl\/?page_id=422100"},"modified":"2024-12-05T12:17:00","modified_gmt":"2024-12-05T11:17:00","slug":"vivaro","status":"publish","type":"page","link":"https:\/\/www.vdhurk.nl\/it\/opel-bedrijfswagens\/vivaro\/","title":{"rendered":"Aprire Vivaro"},"content":{"rendered":"<section  class='av_textblock_section av-lu8gnh7d-4ac895489941e586c1d7c8cb72318135'  itemscope=\"itemscope\" itemtype=\"https:\/\/schema.org\/CreativeWork\" ><div class='avia_textblock'  itemprop=\"text\" ><h1>Acquistare l'occasione Vauxhall Vivaro?<\/h1>\n<p>Avete bisogno di un veicolo affidabile? Prendete in considerazione un Opel Vivaro usato. Questo veicolo commerciale \u00e8 affidabile, versatile e molto popolare tra gli utenti commerciali. Questo veicolo commerciale \u00e8 la scelta giusta per chi cerca un veicolo commerciale efficiente e duraturo. Leggete tutto su questo popolare modello e scoprite se \u00e8 adatto alle vostre esigenze aziendali.<\/p>\n<\/div><\/section>\n\n<style type=\"text\/css\" data-created_by=\"avia_inline_auto\" id=\"style-css-av-lujjddpd-afa3d7a9eabd61123e643ed1228e781e\">\n#top .hr.hr-invisible.av-lujjddpd-afa3d7a9eabd61123e643ed1228e781e{\nheight:50px;\n}\n<\/style>\n<div  class='hr av-lujjddpd-afa3d7a9eabd61123e643ed1228e781e hr-invisible  avia-builder-el-1  el_after_av_textblock  el_before_av_codeblock'><span class='hr-inner'><span class=\"hr-inner-style\"><\/span><\/span><\/div>\n\n\n<style type=\"text\/css\" data-created_by=\"avia_inline_auto\" id=\"style-css-av-ah0xd-63338d9dc6b40410e22a712829c369d6\">\n#top .hr.hr-invisible.av-ah0xd-63338d9dc6b40410e22a712829c369d6{\nheight:50px;\n}\n<\/style>\n<div  class='hr av-ah0xd-63338d9dc6b40410e22a712829c369d6 hr-invisible  avia-builder-el-3  el_after_av_codeblock  el_before_av_textblock'><span class='hr-inner'><span class=\"hr-inner-style\"><\/span><\/span><\/div>\n<section  class='av_textblock_section av-lu8gow1e-300853e458ed741bd87d6cb78e55cc7a'  itemscope=\"itemscope\" itemtype=\"https:\/\/schema.org\/CreativeWork\" ><div class='avia_textblock'  itemprop=\"text\" ><h2>Opel Vivaro di seconda mano: scoprite i vantaggi di questo modello<\/h2>\n<p>Come altri <a href=\"https:\/\/www.vdhurk.nl\/it\/veicoli-commerciali-vauxhall\/\">Veicoli commerciali Opel<\/a> in diverse aree, il che lo rende una scelta popolare tra gli utenti aziendali:<\/p>\n<ul>\n<li><strong>Caratteristiche di sicurezza:<\/strong> con questo modello, la vostra sicurezza viene al primo posto. Grazie a sistemi avanzati come il sistema di assistenza al mantenimento della corsia, il sistema di frenata d'emergenza e i sensori di parcheggio, la sicurezza \u00e8 assicurata.<\/li>\n<li><strong>Interni spaziosi<\/strong>: l'interno del Vivaro non solo offre comfort a voi e ai vostri passeggeri, ma \u00e8 anche molto pratico. Grazie alle intelligenti opzioni di stoccaggio, \u00e8 possibile organizzare facilmente gli attrezzi o altre necessit\u00e0.<\/li>\n<li><strong>Diverse lunghezze di carico:<\/strong> questo modello si adatta senza problemi alle vostre esigenze di trasporto. Potete scegliere tra diverse lunghezze di carico, adatte a piccoli pacchi o a grandi carichi. Cos\u00ec avrete sempre la soluzione giusta a portata di mano.<\/li>\n<li><strong>Prestazioni efficienti del motore:<\/strong> Con Opel Vivaro scegliete l'efficienza e la sostenibilit\u00e0. I motori a basso consumo riducono i consumi e le emissioni, a tutto vantaggio dell'ambiente e del vostro portafoglio.<\/li>\n<\/ul>\n<p>In breve, sono molti i vantaggi di scegliere un Opel Vivaro.<\/p>\n<\/div><\/section>\n<div class='flex_column av-f64w1-da126f42b61613402309283c14245a25 av_one_half  avia-builder-el-5  el_after_av_textblock  el_before_av_one_third  first flex_column_div column-top-margin'   ><section  class='av_textblock_section av-lu8gpqre-73cc2c17e6a6497ba6e1b58af22bd9e8'  itemscope=\"itemscope\" itemtype=\"https:\/\/schema.org\/CreativeWork\" ><div class='avia_textblock'  itemprop=\"text\" ><h2>Per cosa \u00e8 noto l'Opel Vivaro?<\/h2>\n<p>L'Opel Vivaro \u00e8 un versatile furgone di medie dimensioni disponibile in diverse versioni. Sia che dobbiate occuparvi di grandi trasporti o di viaggi di lavoro quotidiani, il Vivaro si adatta senza problemi alle vostre esigenze. Uno dei suoi maggiori vantaggi \u00e8 il design facile da usare: le porte posteriori si aprono in modo extra-largo, facilitando le operazioni di carico e scarico. Anche gli interni sono stati progettati all'insegna della praticit\u00e0. Grazie ai suoi materiali robusti, il Vivaro pu\u00f2 resistere a un uso intensivo, garantendovi un partner durevole e affidabile per il vostro lavoro.<\/p>\n<\/div><\/section><\/div><div class='flex_column av-aldk9-ee694297f5c4032981677a02caab84d6 av_one_third  avia-builder-el-7  el_after_av_one_half  el_before_av_hr  flex_column_div column-top-margin'   ><style type=\"text\/css\" data-created_by=\"avia_inline_auto\" id=\"style-css-av-l1w9kpsf-4ec3fab772ec7a9adaa33cfc64ff0475\">\n.avia-image-container.av-l1w9kpsf-4ec3fab772ec7a9adaa33cfc64ff0475 .av-image-caption-overlay-center{\ncolor:#ffffff;\n}\n<\/style>\n<div  class='avia-image-container av-l1w9kpsf-4ec3fab772ec7a9adaa33cfc64ff0475 av-styling- avia-align-center  avia-builder-el-8  avia-builder-el-no-sibling'  itemprop=\"image\" itemscope=\"itemscope\" itemtype=\"https:\/\/schema.org\/ImageObject\" ><div class=\"avia-image-container-inner\"><div class=\"avia-image-overlay-wrap\"><img decoding=\"async\" class='wp-image-187 avia-img-lazy-loading-not-187 avia_image' src=\"https:\/\/www.vdhurk.nl\/wp-content\/uploads\/2022\/03\/Voorrad.png\" alt='' title='Stock'  height=\"758\" width=\"1135\"  itemprop=\"thumbnailUrl\" srcset=\"https:\/\/www.vdhurk.nl\/wp-content\/uploads\/2022\/03\/Voorrad.png 1135w, https:\/\/www.vdhurk.nl\/wp-content\/uploads\/2022\/03\/Voorrad-300x200.png 300w, https:\/\/www.vdhurk.nl\/wp-content\/uploads\/2022\/03\/Voorrad-1030x688.png 1030w, https:\/\/www.vdhurk.nl\/wp-content\/uploads\/2022\/03\/Voorrad-768x513.png 768w, https:\/\/www.vdhurk.nl\/wp-content\/uploads\/2022\/03\/Voorrad-18x12.png 18w, https:\/\/www.vdhurk.nl\/wp-content\/uploads\/2022\/03\/Voorrad-705x471.png 705w\" sizes=\"(max-width: 1135px) 100vw, 1135px\" \/><\/div><\/div><\/div><\/div><\/p>\n\n<style type=\"text\/css\" data-created_by=\"avia_inline_auto\" id=\"style-css-av-luqrjpjc-5a23a1fb5f94718ca85316a9df963e2f\">\n#top .hr.hr-invisible.av-luqrjpjc-5a23a1fb5f94718ca85316a9df963e2f{\nheight:50px;\n}\n<\/style>\n<div  class='hr av-luqrjpjc-5a23a1fb5f94718ca85316a9df963e2f hr-invisible  avia-builder-el-9  el_after_av_one_third  el_before_av_textblock'><span class='hr-inner'><span class=\"hr-inner-style\"><\/span><\/span><\/div>\n<section  class='av_textblock_section av-lu8gtjw7-4f3cee9304909518d86d2860d9d582dd'  itemscope=\"itemscope\" itemtype=\"https:\/\/schema.org\/CreativeWork\" ><div class='avia_textblock'  itemprop=\"text\" ><h2>Quanto costa un Opel Vivaro?<\/h2>\n<p>Il prezzo di un Opel Vivaro dipende da ci\u00f2 che state cercando. Nella nostra gamma troverete dalle semplici versioni base ai modelli completamente equipaggiati con lusso e funzionalit\u00e0 extra. Poich\u00e9 la nostra gamma cambia regolarmente, \u00e8 difficile fornire un'indicazione di prezzo fissa. Che siate alla ricerca di un modello di seconda mano o di un Vivaro nuovo, c'\u00e8 sempre un'opzione adatta alle vostre esigenze e al vostro budget.<\/p>\n<h2>Opel Vivaro in leasing o in acquisto o in leasing<\/h2>\n<p>Sapevate che da Van den Hurk \u00e8 possibile non solo acquistare un veicolo commerciale, ma anche prenderlo in leasing? Con <a href=\"https:\/\/www.vdhurk.nl\/it\/locazione-finanziaria\/\">locazione finanziaria<\/a> pagate un importo fisso al mese, in modo da non dover investire una somma elevata in una sola volta. Durante il periodo di leasing, diventate gradualmente proprietari del veicolo. Il contratto di leasing \u00e8 terminato? Allora siete proprietari a tutti gli effetti!<\/p>\n<h2>Trovate il vostro veicolo perfetto<\/h2>\n<p>Volete acquistare un Opel Vivaro? O avete bisogno di qualche informazione aggiuntiva da parte del concessionario? Saremo lieti di fornirvi maggiori informazioni sui modelli di Vauxhall Vivaro, in modo che possiate sempre fare la scelta giusta. <a href=\"https:\/\/www.vdhurk.nl\/it\/contatto\/\">Contattateci<\/a> per maggiori informazioni o controllare l'offerta attuale per trovare il vostro veicolo perfetto.<\/p>\n<\/div><\/section>","protected":false},"excerpt":{"rendered":"","protected":false},"author":3,"featured_media":0,"parent":372050,"menu_order":0,"comment_status":"closed","ping_status":"closed","template":"","meta":{"_acf_changed":false,"_improvement_type_select":"improve_an_existing","_thumb_yes_seoaic":false,"_frame_yes_seoaic":false,"seoaic_generate_description":"","seoaic_improve_instructions_prompt":"","seoaic_rollback_content_improvement":"","seoaic_idea_thumbnail_generator":"","thumbnail_generated":false,"thumbnail_generate_prompt":"","seoaic_article_description":"","footnotes":""},"class_list":["post-422100","page","type-page","status-publish","hentry"],"acf":[],"yoast_head":"<!-- This site is optimized with the Yoast SEO plugin v27.3 - https:\/\/yoast.com\/product\/yoast-seo-wordpress\/ -->\n<title>Op zoek naar een Opel Vivaro occasion? Bekijk het aanbod!<\/title>\n<meta name=\"description\" content=\"Zoek je een betrouwbare Opel Vivaro occasion? Ontdek waarom dit model perfect bij jou past en verken de specificaties en voordelen van dit model.\" \/>\n<meta name=\"robots\" content=\"index, follow, max-snippet:-1, max-image-preview:large, max-video-preview:-1\" \/>\n<link rel=\"canonical\" href=\"https:\/\/www.vdhurk.nl\/it\/veicoli-commerciali-vauxhall\/vivaro\/\" \/>\n<meta property=\"og:locale\" content=\"it_IT\" \/>\n<meta property=\"og:type\" content=\"article\" \/>\n<meta property=\"og:title\" content=\"Op zoek naar een Opel Vivaro occasion? Bekijk het aanbod!\" \/>\n<meta property=\"og:description\" content=\"Zoek je een betrouwbare Opel Vivaro occasion? Ontdek waarom dit model perfect bij jou past en verken de specificaties en voordelen van dit model.\" \/>\n<meta property=\"og:url\" content=\"https:\/\/www.vdhurk.nl\/it\/veicoli-commerciali-vauxhall\/vivaro\/\" \/>\n<meta property=\"og:site_name\" content=\"Van den Hurk Bedrijfswagens\" \/>\n<meta name=\"twitter:card\" content=\"summary_large_image\" \/>\n<meta name=\"twitter:label1\" content=\"Tempo di lettura stimato\" \/>\n\t<meta name=\"twitter:data1\" content=\"4 minuti\" \/>\n<script type=\"application\/ld+json\" class=\"yoast-schema-graph\">{\"@context\":\"https:\\\/\\\/schema.org\",\"@graph\":[{\"@type\":\"WebPage\",\"@id\":\"https:\\\/\\\/www.vdhurk.nl\\\/opel-bedrijfswagens\\\/vivaro\\\/\",\"url\":\"https:\\\/\\\/www.vdhurk.nl\\\/opel-bedrijfswagens\\\/vivaro\\\/\",\"name\":\"Op zoek naar een Opel Vivaro occasion? Bekijk het aanbod!\",\"isPartOf\":{\"@id\":\"https:\\\/\\\/www.vdhurk.nl\\\/#website\"},\"datePublished\":\"2024-12-05T11:17:00+00:00\",\"description\":\"Zoek je een betrouwbare Opel Vivaro occasion? Ontdek waarom dit model perfect bij jou past en verken de specificaties en voordelen van dit model.\",\"breadcrumb\":{\"@id\":\"https:\\\/\\\/www.vdhurk.nl\\\/opel-bedrijfswagens\\\/vivaro\\\/#breadcrumb\"},\"inLanguage\":\"it-IT\",\"potentialAction\":[{\"@type\":\"ReadAction\",\"target\":[\"https:\\\/\\\/www.vdhurk.nl\\\/opel-bedrijfswagens\\\/vivaro\\\/\"]}]},{\"@type\":\"BreadcrumbList\",\"@id\":\"https:\\\/\\\/www.vdhurk.nl\\\/opel-bedrijfswagens\\\/vivaro\\\/#breadcrumb\",\"itemListElement\":[{\"@type\":\"ListItem\",\"position\":1,\"name\":\"Home\",\"item\":\"https:\\\/\\\/www.vdhurk.nl\\\/home\\\/\"},{\"@type\":\"ListItem\",\"position\":2,\"name\":\"Opel Bedrijfswagens\",\"item\":\"https:\\\/\\\/www.vdhurk.nl\\\/opel-bedrijfswagens\\\/\"},{\"@type\":\"ListItem\",\"position\":3,\"name\":\"Open Vivaro\"}]},{\"@type\":\"WebSite\",\"@id\":\"https:\\\/\\\/www.vdhurk.nl\\\/#website\",\"url\":\"https:\\\/\\\/www.vdhurk.nl\\\/\",\"name\":\"Van den Hurk Bedrijfswagens\",\"description\":\"Van den Hurk bedrijfswagens Helmond\",\"potentialAction\":[{\"@type\":\"SearchAction\",\"target\":{\"@type\":\"EntryPoint\",\"urlTemplate\":\"https:\\\/\\\/www.vdhurk.nl\\\/?s={search_term_string}\"},\"query-input\":{\"@type\":\"PropertyValueSpecification\",\"valueRequired\":true,\"valueName\":\"search_term_string\"}}],\"inLanguage\":\"it-IT\"}]}<\/script>\n<!-- \/ Yoast SEO plugin. -->","yoast_head_json":{"title":"Cerchi un'auto usata Opel Vivaro? Scopri l'offerta!","description":"Siete alla ricerca di un'auto usata Vauxhall Vivaro affidabile? Scoprite perch\u00e9 questo modello \u00e8 perfetto per voi ed esplorate le sue caratteristiche e i suoi vantaggi.","robots":{"index":"index","follow":"follow","max-snippet":"max-snippet:-1","max-image-preview":"max-image-preview:large","max-video-preview":"max-video-preview:-1"},"canonical":"https:\/\/www.vdhurk.nl\/it\/veicoli-commerciali-vauxhall\/vivaro\/","og_locale":"it_IT","og_type":"article","og_title":"Op zoek naar een Opel Vivaro occasion? Bekijk het aanbod!","og_description":"Zoek je een betrouwbare Opel Vivaro occasion? Ontdek waarom dit model perfect bij jou past en verken de specificaties en voordelen van dit model.","og_url":"https:\/\/www.vdhurk.nl\/it\/veicoli-commerciali-vauxhall\/vivaro\/","og_site_name":"Van den Hurk Bedrijfswagens","twitter_card":"summary_large_image","twitter_misc":{"Tempo di lettura stimato":"4 minuti"},"schema":{"@context":"https:\/\/schema.org","@graph":[{"@type":"WebPage","@id":"https:\/\/www.vdhurk.nl\/opel-bedrijfswagens\/vivaro\/","url":"https:\/\/www.vdhurk.nl\/opel-bedrijfswagens\/vivaro\/","name":"Cerchi un'auto usata Opel Vivaro? Scopri l'offerta!","isPartOf":{"@id":"https:\/\/www.vdhurk.nl\/#website"},"datePublished":"2024-12-05T11:17:00+00:00","description":"Siete alla ricerca di un'auto usata Vauxhall Vivaro affidabile? Scoprite perch\u00e9 questo modello \u00e8 perfetto per voi ed esplorate le sue caratteristiche e i suoi vantaggi.","breadcrumb":{"@id":"https:\/\/www.vdhurk.nl\/opel-bedrijfswagens\/vivaro\/#breadcrumb"},"inLanguage":"it-IT","potentialAction":[{"@type":"ReadAction","target":["https:\/\/www.vdhurk.nl\/opel-bedrijfswagens\/vivaro\/"]}]},{"@type":"BreadcrumbList","@id":"https:\/\/www.vdhurk.nl\/opel-bedrijfswagens\/vivaro\/#breadcrumb","itemListElement":[{"@type":"ListItem","position":1,"name":"Home","item":"https:\/\/www.vdhurk.nl\/home\/"},{"@type":"ListItem","position":2,"name":"Opel Bedrijfswagens","item":"https:\/\/www.vdhurk.nl\/opel-bedrijfswagens\/"},{"@type":"ListItem","position":3,"name":"Open Vivaro"}]},{"@type":"WebSite","@id":"https:\/\/www.vdhurk.nl\/#website","url":"https:\/\/www.vdhurk.nl\/","name":"Veicoli commerciali Van den Hurk","description":"Van den Hurk veicoli commerciali Helmond","potentialAction":[{"@type":"SearchAction","target":{"@type":"EntryPoint","urlTemplate":"https:\/\/www.vdhurk.nl\/?s={search_term_string}"},"query-input":{"@type":"PropertyValueSpecification","valueRequired":true,"valueName":"search_term_string"}}],"inLanguage":"it-IT"}]}},"_links":{"self":[{"href":"https:\/\/www.vdhurk.nl\/it\/wp-json\/wp\/v2\/pages\/422100","targetHints":{"allow":["GET"]}}],"collection":[{"href":"https:\/\/www.vdhurk.nl\/it\/wp-json\/wp\/v2\/pages"}],"about":[{"href":"https:\/\/www.vdhurk.nl\/it\/wp-json\/wp\/v2\/types\/page"}],"author":[{"embeddable":true,"href":"https:\/\/www.vdhurk.nl\/it\/wp-json\/wp\/v2\/users\/3"}],"replies":[{"embeddable":true,"href":"https:\/\/www.vdhurk.nl\/it\/wp-json\/wp\/v2\/comments?post=422100"}],"version-history":[{"count":3,"href":"https:\/\/www.vdhurk.nl\/it\/wp-json\/wp\/v2\/pages\/422100\/revisions"}],"predecessor-version":[{"id":422103,"href":"https:\/\/www.vdhurk.nl\/it\/wp-json\/wp\/v2\/pages\/422100\/revisions\/422103"}],"up":[{"embeddable":true,"href":"https:\/\/www.vdhurk.nl\/it\/wp-json\/wp\/v2\/pages\/372050"}],"wp:attachment":[{"href":"https:\/\/www.vdhurk.nl\/it\/wp-json\/wp\/v2\/media?parent=422100"}],"curies":[{"name":"wp","href":"https:\/\/api.w.org\/{rel}","templated":true}]}}