{"id":409559,"date":"2024-10-16T15:40:17","date_gmt":"2024-10-16T13:40:17","guid":{"rendered":"https:\/\/www.vdhurk.nl\/?page_id=409559"},"modified":"2024-10-16T15:40:17","modified_gmt":"2024-10-16T13:40:17","slug":"mercedes-10","status":"publish","type":"page","link":"https:\/\/www.vdhurk.nl\/it\/renault-bedrijfswagens\/kangoo\/","title":{"rendered":"Renault Kangoo"},"content":{"rendered":"<section  class='av_textblock_section av-lu8gnh7d-4ac895489941e586c1d7c8cb72318135'  itemscope=\"itemscope\" itemtype=\"https:\/\/schema.org\/CreativeWork\" ><div class='avia_textblock'  itemprop=\"text\" ><h1>Renault Kangoo occasione: il vostro veicolo commerciale perfetto<\/h1>\n<p>Cercate un veicolo commerciale affidabile e versatile? Allora date un'occhiata a una Renault Kangoo usata! \u00c8 il veicolo perfetto per qualsiasi azienda, grazie alle numerose versioni e alle specifiche che si possono adattare alle proprie esigenze. Vi sembra una buona idea? Continuate a leggere e scoprite se il Kangoo \u00e8 proprio quello che fa per voi.<\/p>\n<\/div><\/section>\n\n<style type=\"text\/css\" data-created_by=\"avia_inline_auto\" id=\"style-css-av-lujjddpd-afa3d7a9eabd61123e643ed1228e781e\">\n#top .hr.hr-invisible.av-lujjddpd-afa3d7a9eabd61123e643ed1228e781e{\nheight:50px;\n}\n<\/style>\n<div  class='hr av-lujjddpd-afa3d7a9eabd61123e643ed1228e781e hr-invisible  avia-builder-el-1  el_after_av_textblock  el_before_av_codeblock'><span class='hr-inner'><span class=\"hr-inner-style\"><\/span><\/span><\/div>\n\n\n<style type=\"text\/css\" data-created_by=\"avia_inline_auto\" id=\"style-css-av-ah0xd-63338d9dc6b40410e22a712829c369d6\">\n#top .hr.hr-invisible.av-ah0xd-63338d9dc6b40410e22a712829c369d6{\nheight:50px;\n}\n<\/style>\n<div  class='hr av-ah0xd-63338d9dc6b40410e22a712829c369d6 hr-invisible  avia-builder-el-3  el_after_av_codeblock  el_before_av_textblock'><span class='hr-inner'><span class=\"hr-inner-style\"><\/span><\/span><\/div>\n<section  class='av_textblock_section av-lu8gow1e-300853e458ed741bd87d6cb78e55cc7a'  itemscope=\"itemscope\" itemtype=\"https:\/\/schema.org\/CreativeWork\" ><div class='avia_textblock'  itemprop=\"text\" ><h2>Completamente attrezzato<\/h2>\n<p>I modelli Renault Kangoo sono stati progettati pensando alle vostre esigenze professionali. Grazie all'ampio posteriore e ai passaruota intelligentemente allargati, \u00e8 possibile sfruttare al massimo lo spazio di carico senza perdere spazio. Ideale per il trasporto di grandi carichi! Tutto \u00e8 disposto in modo da poter accedere sempre facilmente alle vostre cose. Questo veicolo non \u00e8 solo spazioso, ma anche versatile. I suoi motori a basso consumo di carburante lo rendono una scelta economica per il comfort quotidiano. E il comfort? Anche questo \u00e8 un aspetto che non fa una piega. Il Kangoo \u00e8 dotato di interni ergonomici che rendono molto pi\u00f9 piacevoli i lunghi viaggi. E non \u00e8 tutto. Grazie ai pratici sistemi di assistenza alla guida, ogni viaggio, breve o lungo che sia, \u00e8 facile e sicuro.<\/p>\n<\/div><\/section>\n<div class='flex_column av-f64w1-da126f42b61613402309283c14245a25 av_one_half  avia-builder-el-5  el_after_av_textblock  el_before_av_one_third  first flex_column_div column-top-margin'   ><section  class='av_textblock_section av-lu8gpqre-73cc2c17e6a6497ba6e1b58af22bd9e8'  itemscope=\"itemscope\" itemtype=\"https:\/\/schema.org\/CreativeWork\" ><div class='avia_textblock'  itemprop=\"text\" ><h2>Diverse versioni<\/h2>\n<p>State pensando di acquistare un Renault Kangoo? Scoprite le diverse versioni che si adattano perfettamente alla vostra attivit\u00e0. A seconda dell'anno di produzione, questo veicolo commerciale ha una serie di pratiche specifiche. Scegliete il cambio manuale o automatico? Un Kangoo manuale offre spesso un maggiore piacere di guida ed \u00e8 un po' pi\u00f9 economico, mentre un automatico \u00e8 ideale per la massima facilit\u00e0 d'uso e il massimo comfort.Non avete ancora trovato quello che state cercando? Nessun problema! La nostra gamma cambia regolarmente, quindi la vostra Renault Kangoo ideale potrebbe essere tra quelle disponibili domani. Tenete d'occhio il nostro stock o iscrivetevi all'elenco dei veicoli in vendita. <a href=\"https:\/\/www.vdhurk.nl\/it\/allarme-azionario\/\">allarme azionario<\/a> e noi vi terremo informati. In questo modo, non perderete mai l'abbinamento perfetto per la vostra attivit\u00e0.<\/p>\n<\/div><\/section><\/div><div class='flex_column av-aldk9-ee694297f5c4032981677a02caab84d6 av_one_third  avia-builder-el-7  el_after_av_one_half  el_before_av_hr  flex_column_div column-top-margin'   ><style type=\"text\/css\" data-created_by=\"avia_inline_auto\" id=\"style-css-av-l1w9kpsf-4ec3fab772ec7a9adaa33cfc64ff0475\">\n.avia-image-container.av-l1w9kpsf-4ec3fab772ec7a9adaa33cfc64ff0475 .av-image-caption-overlay-center{\ncolor:#ffffff;\n}\n<\/style>\n<div  class='avia-image-container av-l1w9kpsf-4ec3fab772ec7a9adaa33cfc64ff0475 av-styling- avia-align-center  avia-builder-el-8  avia-builder-el-no-sibling'  itemprop=\"image\" itemscope=\"itemscope\" itemtype=\"https:\/\/schema.org\/ImageObject\" ><div class=\"avia-image-container-inner\"><div class=\"avia-image-overlay-wrap\"><img decoding=\"async\" class='wp-image-187 avia-img-lazy-loading-not-187 avia_image' src=\"https:\/\/www.vdhurk.nl\/wp-content\/uploads\/2022\/03\/Voorrad.png\" alt='' title='Stock'  height=\"758\" width=\"1135\"  itemprop=\"thumbnailUrl\" srcset=\"https:\/\/www.vdhurk.nl\/wp-content\/uploads\/2022\/03\/Voorrad.png 1135w, https:\/\/www.vdhurk.nl\/wp-content\/uploads\/2022\/03\/Voorrad-300x200.png 300w, https:\/\/www.vdhurk.nl\/wp-content\/uploads\/2022\/03\/Voorrad-1030x688.png 1030w, https:\/\/www.vdhurk.nl\/wp-content\/uploads\/2022\/03\/Voorrad-768x513.png 768w, https:\/\/www.vdhurk.nl\/wp-content\/uploads\/2022\/03\/Voorrad-18x12.png 18w, https:\/\/www.vdhurk.nl\/wp-content\/uploads\/2022\/03\/Voorrad-705x471.png 705w\" sizes=\"(max-width: 1135px) 100vw, 1135px\" \/><\/div><\/div><\/div><\/div><\/p>\n\n<style type=\"text\/css\" data-created_by=\"avia_inline_auto\" id=\"style-css-av-luqrjpjc-5a23a1fb5f94718ca85316a9df963e2f\">\n#top .hr.hr-invisible.av-luqrjpjc-5a23a1fb5f94718ca85316a9df963e2f{\nheight:50px;\n}\n<\/style>\n<div  class='hr av-luqrjpjc-5a23a1fb5f94718ca85316a9df963e2f hr-invisible  avia-builder-el-9  el_after_av_one_third  el_before_av_textblock'><span class='hr-inner'><span class=\"hr-inner-style\"><\/span><\/span><\/div>\n<section  class='av_textblock_section av-lu8gtjw7-4f3cee9304909518d86d2860d9d582dd'  itemscope=\"itemscope\" itemtype=\"https:\/\/schema.org\/CreativeWork\" ><div class='avia_textblock'  itemprop=\"text\" ><h2>A quali prezzi bisogna pensare?<\/h2>\n<p>Il costo di una Renault Kangoo di seconda mano dipende da fattori quali l'anno di produzione, l'allestimento e gli optional extra. Ma con la nostra offerta in continua evoluzione, c'\u00e8 sempre qualcosa che si adatta al vostro budget. Per una Renault Kangoo usata, i prezzi partono da circa 5.000 euro. Siete curiosi di conoscere un prezzo specifico o avete altre domande? Non esitate a contattarci, saremo lieti di aiutarvi!<\/p>\n<h2>Avete pensato al leasing finanziario?<\/h2>\n<p>Da Van den Hurk, avete diverse opzioni di pagamento. Volete acquistare una Renault Kangoo e pagare l'importo in un'unica soluzione? \u00c8 possibile. Ma sapevate che potete anche scegliere di prendere in leasing una Renault Kangoo? Da <a href=\"https:\/\/www.vdhurk.nl\/it\/locazione-finanziaria\/\">locazione finanziaria<\/a> pagate un importo fisso al mese e il veicolo diventa gradualmente di vostra propriet\u00e0. Quindi, cosa si adatta meglio alla vostra attivit\u00e0? Che optiate per l'acquisto o il leasing, saremo lieti di aiutarvi. Contattateci e scoprite le possibilit\u00e0!<\/p>\n<h2>Sfoglia la gamma e trova il tuo veicolo commerciale perfetto<\/h2>\n<p>Volete acquistare una Renault Kangoo occasionale o nuova? O avete bisogno di ulteriori informazioni? In qualit\u00e0 di concessionario Renault Kangoo, siamo qui per aiutarvi a fare la scelta migliore. Date un'occhiata alla nostra offerta o contattateci, saremo felici di aiutarvi!<\/p>\n<\/div><\/section>","protected":false},"excerpt":{"rendered":"","protected":false},"author":3,"featured_media":0,"parent":372057,"menu_order":0,"comment_status":"closed","ping_status":"closed","template":"","meta":{"_acf_changed":false,"_improvement_type_select":"improve_an_existing","_thumb_yes_seoaic":false,"_frame_yes_seoaic":false,"seoaic_generate_description":"","seoaic_improve_instructions_prompt":"","seoaic_rollback_content_improvement":"","seoaic_idea_thumbnail_generator":"","thumbnail_generated":false,"thumbnail_generate_prompt":"","seoaic_article_description":"","footnotes":""},"class_list":["post-409559","page","type-page","status-publish","hentry"],"acf":[],"yoast_head":"<!-- This site is optimized with the Yoast SEO plugin v27.5 - https:\/\/yoast.com\/product\/yoast-seo-wordpress\/ -->\n<title>Renault Kangoo occasion kopen? Bekijk het actuele aanbod.<\/title>\n<meta name=\"description\" content=\"Op zoek naar een Renault Kangoo occasion? Bij Van den Hurk hebben we verschillende uitvoeringen. Bekijk het aanbod en vind jouw perfecte bedrijfswagen,\" \/>\n<meta name=\"robots\" content=\"index, follow, max-snippet:-1, max-image-preview:large, max-video-preview:-1\" \/>\n<link rel=\"canonical\" href=\"https:\/\/www.vdhurk.nl\/it\/veicoli-commerciali-renault\/mercedes-10\/\" \/>\n<meta property=\"og:locale\" content=\"it_IT\" \/>\n<meta property=\"og:type\" content=\"article\" \/>\n<meta property=\"og:title\" content=\"Renault Kangoo occasion kopen? Bekijk het actuele aanbod.\" \/>\n<meta property=\"og:description\" content=\"Op zoek naar een Renault Kangoo occasion? Bij Van den Hurk hebben we verschillende uitvoeringen. Bekijk het aanbod en vind jouw perfecte bedrijfswagen,\" \/>\n<meta property=\"og:url\" content=\"https:\/\/www.vdhurk.nl\/it\/veicoli-commerciali-renault\/mercedes-10\/\" \/>\n<meta property=\"og:site_name\" content=\"Van den Hurk Bedrijfswagens\" \/>\n<meta name=\"twitter:card\" content=\"summary_large_image\" \/>\n<meta name=\"twitter:label1\" content=\"Tempo di lettura stimato\" \/>\n\t<meta name=\"twitter:data1\" content=\"5 minuti\" \/>\n<script type=\"application\/ld+json\" class=\"yoast-schema-graph\">{\"@context\":\"https:\\\/\\\/schema.org\",\"@graph\":[{\"@type\":\"WebPage\",\"@id\":\"https:\\\/\\\/www.vdhurk.nl\\\/renault-bedrijfswagens\\\/kangoo\\\/\",\"url\":\"https:\\\/\\\/www.vdhurk.nl\\\/renault-bedrijfswagens\\\/kangoo\\\/\",\"name\":\"Renault Kangoo occasion kopen? Bekijk het actuele aanbod.\",\"isPartOf\":{\"@id\":\"https:\\\/\\\/www.vdhurk.nl\\\/#website\"},\"datePublished\":\"2024-10-16T13:40:17+00:00\",\"description\":\"Op zoek naar een Renault Kangoo occasion? Bij Van den Hurk hebben we verschillende uitvoeringen. Bekijk het aanbod en vind jouw perfecte bedrijfswagen,\",\"breadcrumb\":{\"@id\":\"https:\\\/\\\/www.vdhurk.nl\\\/renault-bedrijfswagens\\\/kangoo\\\/#breadcrumb\"},\"inLanguage\":\"it-IT\",\"potentialAction\":[{\"@type\":\"ReadAction\",\"target\":[\"https:\\\/\\\/www.vdhurk.nl\\\/renault-bedrijfswagens\\\/kangoo\\\/\"]}]},{\"@type\":\"BreadcrumbList\",\"@id\":\"https:\\\/\\\/www.vdhurk.nl\\\/renault-bedrijfswagens\\\/kangoo\\\/#breadcrumb\",\"itemListElement\":[{\"@type\":\"ListItem\",\"position\":1,\"name\":\"Home\",\"item\":\"https:\\\/\\\/www.vdhurk.nl\\\/home\\\/\"},{\"@type\":\"ListItem\",\"position\":2,\"name\":\"Renault Bedrijfswagens\",\"item\":\"https:\\\/\\\/www.vdhurk.nl\\\/renault-bedrijfswagens\\\/\"},{\"@type\":\"ListItem\",\"position\":3,\"name\":\"Renault Kangoo\"}]},{\"@type\":\"WebSite\",\"@id\":\"https:\\\/\\\/www.vdhurk.nl\\\/#website\",\"url\":\"https:\\\/\\\/www.vdhurk.nl\\\/\",\"name\":\"Van den Hurk Bedrijfswagens\",\"description\":\"Van den Hurk bedrijfswagens Helmond\",\"potentialAction\":[{\"@type\":\"SearchAction\",\"target\":{\"@type\":\"EntryPoint\",\"urlTemplate\":\"https:\\\/\\\/www.vdhurk.nl\\\/?s={search_term_string}\"},\"query-input\":{\"@type\":\"PropertyValueSpecification\",\"valueRequired\":true,\"valueName\":\"search_term_string\"}}],\"inLanguage\":\"it-IT\"}]}<\/script>\n<!-- \/ Yoast SEO plugin. -->","yoast_head_json":{"title":"Acquistare un'occasione Renault Kangoo? Scoprite l'offerta attuale.","description":"Siete alla ricerca di una Renault Kangoo usata? Da Van den Hurk abbiamo diverse versioni. Scoprite la gamma e trovate il vostro veicolo commerciale perfetto,","robots":{"index":"index","follow":"follow","max-snippet":"max-snippet:-1","max-image-preview":"max-image-preview:large","max-video-preview":"max-video-preview:-1"},"canonical":"https:\/\/www.vdhurk.nl\/it\/veicoli-commerciali-renault\/mercedes-10\/","og_locale":"it_IT","og_type":"article","og_title":"Renault Kangoo occasion kopen? Bekijk het actuele aanbod.","og_description":"Op zoek naar een Renault Kangoo occasion? Bij Van den Hurk hebben we verschillende uitvoeringen. Bekijk het aanbod en vind jouw perfecte bedrijfswagen,","og_url":"https:\/\/www.vdhurk.nl\/it\/veicoli-commerciali-renault\/mercedes-10\/","og_site_name":"Van den Hurk Bedrijfswagens","twitter_card":"summary_large_image","twitter_misc":{"Tempo di lettura stimato":"5 minuti"},"schema":{"@context":"https:\/\/schema.org","@graph":[{"@type":"WebPage","@id":"https:\/\/www.vdhurk.nl\/renault-bedrijfswagens\/kangoo\/","url":"https:\/\/www.vdhurk.nl\/renault-bedrijfswagens\/kangoo\/","name":"Acquistare un'occasione Renault Kangoo? Scoprite l'offerta attuale.","isPartOf":{"@id":"https:\/\/www.vdhurk.nl\/#website"},"datePublished":"2024-10-16T13:40:17+00:00","description":"Siete alla ricerca di una Renault Kangoo usata? Da Van den Hurk abbiamo diverse versioni. Scoprite la gamma e trovate il vostro veicolo commerciale perfetto,","breadcrumb":{"@id":"https:\/\/www.vdhurk.nl\/renault-bedrijfswagens\/kangoo\/#breadcrumb"},"inLanguage":"it-IT","potentialAction":[{"@type":"ReadAction","target":["https:\/\/www.vdhurk.nl\/renault-bedrijfswagens\/kangoo\/"]}]},{"@type":"BreadcrumbList","@id":"https:\/\/www.vdhurk.nl\/renault-bedrijfswagens\/kangoo\/#breadcrumb","itemListElement":[{"@type":"ListItem","position":1,"name":"Home","item":"https:\/\/www.vdhurk.nl\/home\/"},{"@type":"ListItem","position":2,"name":"Renault Bedrijfswagens","item":"https:\/\/www.vdhurk.nl\/renault-bedrijfswagens\/"},{"@type":"ListItem","position":3,"name":"Renault Kangoo"}]},{"@type":"WebSite","@id":"https:\/\/www.vdhurk.nl\/#website","url":"https:\/\/www.vdhurk.nl\/","name":"Veicoli commerciali Van den Hurk","description":"Van den Hurk veicoli commerciali Helmond","potentialAction":[{"@type":"SearchAction","target":{"@type":"EntryPoint","urlTemplate":"https:\/\/www.vdhurk.nl\/?s={search_term_string}"},"query-input":{"@type":"PropertyValueSpecification","valueRequired":true,"valueName":"search_term_string"}}],"inLanguage":"it-IT"}]}},"_links":{"self":[{"href":"https:\/\/www.vdhurk.nl\/it\/wp-json\/wp\/v2\/pages\/409559","targetHints":{"allow":["GET"]}}],"collection":[{"href":"https:\/\/www.vdhurk.nl\/it\/wp-json\/wp\/v2\/pages"}],"about":[{"href":"https:\/\/www.vdhurk.nl\/it\/wp-json\/wp\/v2\/types\/page"}],"author":[{"embeddable":true,"href":"https:\/\/www.vdhurk.nl\/it\/wp-json\/wp\/v2\/users\/3"}],"replies":[{"embeddable":true,"href":"https:\/\/www.vdhurk.nl\/it\/wp-json\/wp\/v2\/comments?post=409559"}],"version-history":[{"count":1,"href":"https:\/\/www.vdhurk.nl\/it\/wp-json\/wp\/v2\/pages\/409559\/revisions"}],"predecessor-version":[{"id":409560,"href":"https:\/\/www.vdhurk.nl\/it\/wp-json\/wp\/v2\/pages\/409559\/revisions\/409560"}],"up":[{"embeddable":true,"href":"https:\/\/www.vdhurk.nl\/it\/wp-json\/wp\/v2\/pages\/372057"}],"wp:attachment":[{"href":"https:\/\/www.vdhurk.nl\/it\/wp-json\/wp\/v2\/media?parent=409559"}],"curies":[{"name":"wp","href":"https:\/\/api.w.org\/{rel}","templated":true}]}}