{"id":409484,"date":"2024-10-16T15:21:36","date_gmt":"2024-10-16T13:21:36","guid":{"rendered":"https:\/\/www.vdhurk.nl\/?page_id=409484"},"modified":"2024-10-16T15:21:36","modified_gmt":"2024-10-16T13:21:36","slug":"mercedes-7","status":"publish","type":"page","link":"https:\/\/www.vdhurk.nl\/it\/renault-bedrijfswagens\/trafic\/","title":{"rendered":"Renault Trafic"},"content":{"rendered":"<section  class='av_textblock_section av-lu8gnh7d-4ac895489941e586c1d7c8cb72318135'  itemscope=\"itemscope\" itemtype=\"https:\/\/schema.org\/CreativeWork\" ><div class='avia_textblock'  itemprop=\"text\" ><h1>Cerchi un'auto usata Renault Trafic?<\/h1>\n<p>Come azienda, cogliete le opportunit\u00e0, soprattutto quando si tratta di auto aziendali. Logico, perch\u00e9 avete bisogno di un'auto aziendale che non vi deluda. Soprattutto se la utilizzate quotidianamente, l'affidabilit\u00e0 \u00e8 fondamentale. Scoprite quindi l'occasione del Renault Trafic e perch\u00e9 questo veicolo \u00e8 perfetto per la vostra azienda.<\/p>\n<\/div><\/section>\n\n<style type=\"text\/css\" data-created_by=\"avia_inline_auto\" id=\"style-css-av-lujjddpd-afa3d7a9eabd61123e643ed1228e781e\">\n#top .hr.hr-invisible.av-lujjddpd-afa3d7a9eabd61123e643ed1228e781e{\nheight:50px;\n}\n<\/style>\n<div  class='hr av-lujjddpd-afa3d7a9eabd61123e643ed1228e781e hr-invisible  avia-builder-el-1  el_after_av_textblock  el_before_av_codeblock'><span class='hr-inner'><span class=\"hr-inner-style\"><\/span><\/span><\/div>\n\n\n<style type=\"text\/css\" data-created_by=\"avia_inline_auto\" id=\"style-css-av-ah0xd-63338d9dc6b40410e22a712829c369d6\">\n#top .hr.hr-invisible.av-ah0xd-63338d9dc6b40410e22a712829c369d6{\nheight:50px;\n}\n<\/style>\n<div  class='hr av-ah0xd-63338d9dc6b40410e22a712829c369d6 hr-invisible  avia-builder-el-3  el_after_av_codeblock  el_before_av_textblock'><span class='hr-inner'><span class=\"hr-inner-style\"><\/span><\/span><\/div>\n<section  class='av_textblock_section av-lu8gow1e-300853e458ed741bd87d6cb78e55cc7a'  itemscope=\"itemscope\" itemtype=\"https:\/\/schema.org\/CreativeWork\" ><div class='avia_textblock'  itemprop=\"text\" ><h2>Renault Trafic usato: specifiche e versioni<\/h2>\n<p>Con l'occasione del Renault Trafic, avrete un'ampia scelta di livelli di allestimento e potrete beneficiare di specifiche convenienti. Scegliete l'anno di produzione pi\u00f9 adatto alle vostre esigenze e decidete se desiderate un cambio manuale o automatico. Inoltre, potete scegliere tra diverse cilindrate, in modo da avere sempre un Trafic perfettamente adatto alle vostre attivit\u00e0. Che abbiate bisogno di spazio di carico extra o che cerchiate un maggiore comfort di guida, c'\u00e8 sempre una versione adatta alla vostra attivit\u00e0.<\/p>\n<\/div><\/section>\n<div class='flex_column av-f64w1-da126f42b61613402309283c14245a25 av_one_half  avia-builder-el-5  el_after_av_textblock  el_before_av_one_third  first flex_column_div column-top-margin'   ><section  class='av_textblock_section av-lu8gpqre-73cc2c17e6a6497ba6e1b58af22bd9e8'  itemscope=\"itemscope\" itemtype=\"https:\/\/schema.org\/CreativeWork\" ><div class='avia_textblock'  itemprop=\"text\" ><h2>Quali vantaggi offrono i modelli Renault Trafic?<\/h2>\n<p>Come tutti gli altri <a href=\"https:\/\/www.vdhurk.nl\/it\/veicoli-commerciali-renault\/\">veicoli commerciali Renault<\/a> un veicolo affidabile. E non \u00e8 tutto. Oltre all'affidabilit\u00e0, potrete beneficiare di molti altri vantaggi. Siamo lieti di elencarvi i principali:<\/p>\n<ul>\n<li><strong>Comfort e facilit\u00e0 d'uso:<\/strong> questo veicolo \u00e8 dotato di interni dal design intelligente che rendono ogni viaggio piacevole sia per il guidatore che per il passeggero.<\/li>\n<li><strong>Spazio di carico ottimale:<\/strong> Lo spazio non manca. Infatti, il Trafic dispone di spazio in abbondanza con varie opzioni di stivaggio.<\/li>\n<li><strong>Caratteristiche di sicurezza:<\/strong> Naturalmente, la sicurezza viene prima di tutto. Per questo motivo, questo modello \u00e8 dotato di diversi nuovi sistemi di assistenza alla guida, come l'ABS, l'ESP e l'assistente alla frenata d'emergenza.<\/li>\n<li><strong>Design elegante e pratico:<\/strong> questo furgone aziendale \u00e8 elegante e funzionale. Il design elegante e moderno conferisce alla vostra azienda un aspetto professionale, mentre la struttura robusta assicura che il furgone sia adatto all'uso quotidiano.<\/li>\n<\/ul>\n<p>Grazie a questi vantaggi, avrete la garanzia di un'auto aziendale non solo affidabile, ma anche perfettamente adatta alle vostre esigenze quotidiane.<\/p>\n<\/div><\/section><\/div><div class='flex_column av-aldk9-ee694297f5c4032981677a02caab84d6 av_one_third  avia-builder-el-7  el_after_av_one_half  el_before_av_hr  flex_column_div column-top-margin'   ><style type=\"text\/css\" data-created_by=\"avia_inline_auto\" id=\"style-css-av-l1w9kpsf-4ec3fab772ec7a9adaa33cfc64ff0475\">\n.avia-image-container.av-l1w9kpsf-4ec3fab772ec7a9adaa33cfc64ff0475 .av-image-caption-overlay-center{\ncolor:#ffffff;\n}\n<\/style>\n<div  class='avia-image-container av-l1w9kpsf-4ec3fab772ec7a9adaa33cfc64ff0475 av-styling- avia-align-center  avia-builder-el-8  avia-builder-el-no-sibling'  itemprop=\"image\" itemscope=\"itemscope\" itemtype=\"https:\/\/schema.org\/ImageObject\" ><div class=\"avia-image-container-inner\"><div class=\"avia-image-overlay-wrap\"><img decoding=\"async\" class='wp-image-187 avia-img-lazy-loading-not-187 avia_image' src=\"https:\/\/www.vdhurk.nl\/wp-content\/uploads\/2022\/03\/Voorrad.png\" alt='' title='Stock'  height=\"758\" width=\"1135\"  itemprop=\"thumbnailUrl\" srcset=\"https:\/\/www.vdhurk.nl\/wp-content\/uploads\/2022\/03\/Voorrad.png 1135w, https:\/\/www.vdhurk.nl\/wp-content\/uploads\/2022\/03\/Voorrad-300x200.png 300w, https:\/\/www.vdhurk.nl\/wp-content\/uploads\/2022\/03\/Voorrad-1030x688.png 1030w, https:\/\/www.vdhurk.nl\/wp-content\/uploads\/2022\/03\/Voorrad-768x513.png 768w, https:\/\/www.vdhurk.nl\/wp-content\/uploads\/2022\/03\/Voorrad-18x12.png 18w, https:\/\/www.vdhurk.nl\/wp-content\/uploads\/2022\/03\/Voorrad-705x471.png 705w\" sizes=\"(max-width: 1135px) 100vw, 1135px\" \/><\/div><\/div><\/div><\/div><\/p>\n\n<style type=\"text\/css\" data-created_by=\"avia_inline_auto\" id=\"style-css-av-luqrjpjc-5a23a1fb5f94718ca85316a9df963e2f\">\n#top .hr.hr-invisible.av-luqrjpjc-5a23a1fb5f94718ca85316a9df963e2f{\nheight:50px;\n}\n<\/style>\n<div  class='hr av-luqrjpjc-5a23a1fb5f94718ca85316a9df963e2f hr-invisible  avia-builder-el-9  el_after_av_one_third  el_before_av_textblock'><span class='hr-inner'><span class=\"hr-inner-style\"><\/span><\/span><\/div>\n<section  class='av_textblock_section av-lu8gtjw7-4f3cee9304909518d86d2860d9d582dd'  itemscope=\"itemscope\" itemtype=\"https:\/\/schema.org\/CreativeWork\" ><div class='avia_textblock'  itemprop=\"text\" ><h2>Acquistare un Renault Trafic: quali sono le opzioni di acquisto disponibili?<\/h2>\n<p>Sapevate che da Van den Hurk avete diverse opzioni di pagamento? Volete pagare il vostro veicolo commerciale in un'unica soluzione? Nessun problema! Ma avete pensato anche al leasing di un Renault Trafic? Si tratta di un'opzione ideale se preferite non spendere subito una grossa somma di denaro. A <a href=\"https:\/\/www.vdhurk.nl\/it\/locazione-finanziaria\/\">locazione finanziaria<\/a> pagate un importo fisso al mese, mantenendo il vostro budget flessibile. Il bello \u00e8 che alla fine del contratto di leasing diventate proprietari del Renault Trafic. Cos\u00ec potrete guidare subito la vostra auto aziendale ideale, senza fare un grande investimento in una sola volta.<\/p>\n<h2>A quali prezzi bisogna pensare?<\/h2>\n<p>I prezzi di un Renault Trafic variano, e per una buona ragione. Nella nostra offerta attuale, troverete diverse versioni e anni di modello, il che comporta un'ampia gamma di prezzi. Pertanto, \u00e8 difficile fornire un'indicazione di prezzo standard. Ma grazie alla nostra offerta in continua evoluzione, c'\u00e8 sempre un'auto aziendale che si adatta al vostro budget. Siete curiosi di conoscere i prezzi o avete bisogno di consigli? Non esitate a contattarci, saremo lieti di aiutarvi.<\/p>\n<h2>Trovate l'auto aziendale perfetta<\/h2>\n<p>Avete trovato un'occasione o un nuovo modello di Renault Trafic che risponde esattamente alle vostre esigenze? \u00c8 fantastico! Non avete ancora trovato quello che cercate? Non preoccupatevi. Iscrivetevi al nostro <a href=\"https:\/\/www.vdhurk.nl\/it\/allarme-azionario\/\">allarme azionario<\/a> e tenersi facilmente aggiornati sui nuovi veicoli in arrivo. In questo modo, insieme, vi aiuteremo a trovare il vostro veicolo commerciale perfetto.<\/p>\n<h2><b>Visualizza le varie opzioni<\/b><\/h2>\n<p>Siete convinti di acquistare una Citro\u00ebn Jumpy di seconda mano? O avete bisogno di ulteriori informazioni? Siamo pronti a rispondere a tutte le vostre domande e ad aiutarvi a fare la scelta giusta. Contattateci per maggiori dettagli o consultate la nostra gamma attuale per trovare il vostro veicolo commerciale ideale. Acquistare un Citro\u00ebn Jumpy non \u00e8 mai stato cos\u00ec facile.<\/p>\n<\/div><\/section>","protected":false},"excerpt":{"rendered":"","protected":false},"author":3,"featured_media":0,"parent":372057,"menu_order":0,"comment_status":"closed","ping_status":"closed","template":"","meta":{"_acf_changed":false,"_improvement_type_select":"improve_an_existing","_thumb_yes_seoaic":false,"_frame_yes_seoaic":false,"seoaic_generate_description":"","seoaic_improve_instructions_prompt":"","seoaic_rollback_content_improvement":"","seoaic_idea_thumbnail_generator":"","thumbnail_generated":false,"thumbnail_generate_prompt":"","seoaic_article_description":"","footnotes":""},"class_list":["post-409484","page","type-page","status-publish","hentry"],"acf":[],"yoast_head":"<!-- This site is optimized with the Yoast SEO plugin v27.2 - https:\/\/yoast.com\/product\/yoast-seo-wordpress\/ -->\n<title>Vind de Renault Trafic occasion die aan jouw wensen voldoet<\/title>\n<meta name=\"description\" content=\"Ben je op zoek naar een betrouwbare Renault Trafic occasion voor jouw zakelijke behoeften? Bekijk ons aanbod en vind de uitvoering die perfect bij jou past.\" \/>\n<meta name=\"robots\" content=\"index, follow, max-snippet:-1, max-image-preview:large, max-video-preview:-1\" \/>\n<link rel=\"canonical\" href=\"https:\/\/www.vdhurk.nl\/it\/veicoli-commerciali-renault\/mercedes-7\/\" \/>\n<meta property=\"og:locale\" content=\"it_IT\" \/>\n<meta property=\"og:type\" content=\"article\" \/>\n<meta property=\"og:title\" content=\"Vind de Renault Trafic occasion die aan jouw wensen voldoet\" \/>\n<meta property=\"og:description\" content=\"Ben je op zoek naar een betrouwbare Renault Trafic occasion voor jouw zakelijke behoeften? Bekijk ons aanbod en vind de uitvoering die perfect bij jou past.\" \/>\n<meta property=\"og:url\" content=\"https:\/\/www.vdhurk.nl\/it\/veicoli-commerciali-renault\/mercedes-7\/\" \/>\n<meta property=\"og:site_name\" content=\"Van den Hurk Bedrijfswagens\" \/>\n<meta name=\"twitter:card\" content=\"summary_large_image\" \/>\n<meta name=\"twitter:label1\" content=\"Tempo di lettura stimato\" \/>\n\t<meta name=\"twitter:data1\" content=\"5 minuti\" \/>\n<script type=\"application\/ld+json\" class=\"yoast-schema-graph\">{\"@context\":\"https:\/\/schema.org\",\"@graph\":[{\"@type\":\"WebPage\",\"@id\":\"https:\/\/www.vdhurk.nl\/renault-bedrijfswagens\/trafic\/\",\"url\":\"https:\/\/www.vdhurk.nl\/renault-bedrijfswagens\/trafic\/\",\"name\":\"Vind de Renault Trafic occasion die aan jouw wensen voldoet\",\"isPartOf\":{\"@id\":\"https:\/\/www.vdhurk.nl\/#website\"},\"datePublished\":\"2024-10-16T13:21:36+00:00\",\"description\":\"Ben je op zoek naar een betrouwbare Renault Trafic occasion voor jouw zakelijke behoeften? Bekijk ons aanbod en vind de uitvoering die perfect bij jou past.\",\"breadcrumb\":{\"@id\":\"https:\/\/www.vdhurk.nl\/renault-bedrijfswagens\/trafic\/#breadcrumb\"},\"inLanguage\":\"it-IT\",\"potentialAction\":[{\"@type\":\"ReadAction\",\"target\":[\"https:\/\/www.vdhurk.nl\/renault-bedrijfswagens\/trafic\/\"]}]},{\"@type\":\"BreadcrumbList\",\"@id\":\"https:\/\/www.vdhurk.nl\/renault-bedrijfswagens\/trafic\/#breadcrumb\",\"itemListElement\":[{\"@type\":\"ListItem\",\"position\":1,\"name\":\"Home\",\"item\":\"https:\/\/www.vdhurk.nl\/home\/\"},{\"@type\":\"ListItem\",\"position\":2,\"name\":\"Renault Bedrijfswagens\",\"item\":\"https:\/\/www.vdhurk.nl\/renault-bedrijfswagens\/\"},{\"@type\":\"ListItem\",\"position\":3,\"name\":\"Renault Trafic\"}]},{\"@type\":\"WebSite\",\"@id\":\"https:\/\/www.vdhurk.nl\/#website\",\"url\":\"https:\/\/www.vdhurk.nl\/\",\"name\":\"Van den Hurk Bedrijfswagens\",\"description\":\"Van den Hurk bedrijfswagens Helmond\",\"potentialAction\":[{\"@type\":\"SearchAction\",\"target\":{\"@type\":\"EntryPoint\",\"urlTemplate\":\"https:\/\/www.vdhurk.nl\/?s={search_term_string}\"},\"query-input\":{\"@type\":\"PropertyValueSpecification\",\"valueRequired\":true,\"valueName\":\"search_term_string\"}}],\"inLanguage\":\"it-IT\"}]}<\/script>\n<!-- \/ Yoast SEO plugin. -->","yoast_head_json":{"title":"Trova l'auto usata Renault Trafic che soddisfa le tue esigenze","description":"Cercate un'auto usata Renault Trafic affidabile per le vostre esigenze di lavoro? Date un'occhiata alla nostra offerta e trovate la versione che fa per voi.","robots":{"index":"index","follow":"follow","max-snippet":"max-snippet:-1","max-image-preview":"max-image-preview:large","max-video-preview":"max-video-preview:-1"},"canonical":"https:\/\/www.vdhurk.nl\/it\/veicoli-commerciali-renault\/mercedes-7\/","og_locale":"it_IT","og_type":"article","og_title":"Vind de Renault Trafic occasion die aan jouw wensen voldoet","og_description":"Ben je op zoek naar een betrouwbare Renault Trafic occasion voor jouw zakelijke behoeften? Bekijk ons aanbod en vind de uitvoering die perfect bij jou past.","og_url":"https:\/\/www.vdhurk.nl\/it\/veicoli-commerciali-renault\/mercedes-7\/","og_site_name":"Van den Hurk Bedrijfswagens","twitter_card":"summary_large_image","twitter_misc":{"Tempo di lettura stimato":"5 minuti"},"schema":{"@context":"https:\/\/schema.org","@graph":[{"@type":"WebPage","@id":"https:\/\/www.vdhurk.nl\/renault-bedrijfswagens\/trafic\/","url":"https:\/\/www.vdhurk.nl\/renault-bedrijfswagens\/trafic\/","name":"Trova l'auto usata Renault Trafic che soddisfa le tue esigenze","isPartOf":{"@id":"https:\/\/www.vdhurk.nl\/#website"},"datePublished":"2024-10-16T13:21:36+00:00","description":"Cercate un'auto usata Renault Trafic affidabile per le vostre esigenze di lavoro? Date un'occhiata alla nostra offerta e trovate la versione che fa per voi.","breadcrumb":{"@id":"https:\/\/www.vdhurk.nl\/renault-bedrijfswagens\/trafic\/#breadcrumb"},"inLanguage":"it-IT","potentialAction":[{"@type":"ReadAction","target":["https:\/\/www.vdhurk.nl\/renault-bedrijfswagens\/trafic\/"]}]},{"@type":"BreadcrumbList","@id":"https:\/\/www.vdhurk.nl\/renault-bedrijfswagens\/trafic\/#breadcrumb","itemListElement":[{"@type":"ListItem","position":1,"name":"Home","item":"https:\/\/www.vdhurk.nl\/home\/"},{"@type":"ListItem","position":2,"name":"Renault Bedrijfswagens","item":"https:\/\/www.vdhurk.nl\/renault-bedrijfswagens\/"},{"@type":"ListItem","position":3,"name":"Renault Trafic"}]},{"@type":"WebSite","@id":"https:\/\/www.vdhurk.nl\/#website","url":"https:\/\/www.vdhurk.nl\/","name":"Veicoli commerciali Van den Hurk","description":"Van den Hurk veicoli commerciali Helmond","potentialAction":[{"@type":"SearchAction","target":{"@type":"EntryPoint","urlTemplate":"https:\/\/www.vdhurk.nl\/?s={search_term_string}"},"query-input":{"@type":"PropertyValueSpecification","valueRequired":true,"valueName":"search_term_string"}}],"inLanguage":"it-IT"}]}},"_links":{"self":[{"href":"https:\/\/www.vdhurk.nl\/it\/wp-json\/wp\/v2\/pages\/409484","targetHints":{"allow":["GET"]}}],"collection":[{"href":"https:\/\/www.vdhurk.nl\/it\/wp-json\/wp\/v2\/pages"}],"about":[{"href":"https:\/\/www.vdhurk.nl\/it\/wp-json\/wp\/v2\/types\/page"}],"author":[{"embeddable":true,"href":"https:\/\/www.vdhurk.nl\/it\/wp-json\/wp\/v2\/users\/3"}],"replies":[{"embeddable":true,"href":"https:\/\/www.vdhurk.nl\/it\/wp-json\/wp\/v2\/comments?post=409484"}],"version-history":[{"count":2,"href":"https:\/\/www.vdhurk.nl\/it\/wp-json\/wp\/v2\/pages\/409484\/revisions"}],"predecessor-version":[{"id":409558,"href":"https:\/\/www.vdhurk.nl\/it\/wp-json\/wp\/v2\/pages\/409484\/revisions\/409558"}],"up":[{"embeddable":true,"href":"https:\/\/www.vdhurk.nl\/it\/wp-json\/wp\/v2\/pages\/372057"}],"wp:attachment":[{"href":"https:\/\/www.vdhurk.nl\/it\/wp-json\/wp\/v2\/media?parent=409484"}],"curies":[{"name":"wp","href":"https:\/\/api.w.org\/{rel}","templated":true}]}}