{"id":405923,"date":"2024-09-20T11:35:01","date_gmt":"2024-09-20T09:35:01","guid":{"rendered":"https:\/\/www.vdhurk.nl\/?page_id=405923"},"modified":"2024-09-20T11:35:01","modified_gmt":"2024-09-20T09:35:01","slug":"mercedes-11","status":"publish","type":"page","link":"https:\/\/www.vdhurk.nl\/it\/peugeot-bedrijfswagens\/boxer\/","title":{"rendered":"Peugeot Boxer"},"content":{"rendered":"<section  class='av_textblock_section av-lu8gnh7d-4ac895489941e586c1d7c8cb72318135'  itemscope=\"itemscope\" itemtype=\"https:\/\/schema.org\/CreativeWork\" ><div class='avia_textblock'  itemprop=\"text\" ><h1>Acquistare un'auto Peugeot Boxer usata?<\/h1>\n<p>Siete alla ricerca dell'auto aziendale perfetta per la vostra attivit\u00e0? Allora vale sicuramente la pena di prendere in considerazione il Peugeot Boxer. Questo veicolo commerciale \u00e8 una scelta popolare tra gli utenti aziendali, e per una buona ragione. Scoprite qui tutto quello che volete sapere sul Peugeot Boxer e decidete se questo veicolo commerciale \u00e8 adatto alle vostre esigenze.<\/p>\n<\/div><\/section>\n\n<style type=\"text\/css\" data-created_by=\"avia_inline_auto\" id=\"style-css-av-lujjddpd-afa3d7a9eabd61123e643ed1228e781e\">\n#top .hr.hr-invisible.av-lujjddpd-afa3d7a9eabd61123e643ed1228e781e{\nheight:50px;\n}\n<\/style>\n<div  class='hr av-lujjddpd-afa3d7a9eabd61123e643ed1228e781e hr-invisible  avia-builder-el-1  el_after_av_textblock  el_before_av_codeblock'><span class='hr-inner'><span class=\"hr-inner-style\"><\/span><\/span><\/div>\n\n\n<style type=\"text\/css\" data-created_by=\"avia_inline_auto\" id=\"style-css-av-ah0xd-63338d9dc6b40410e22a712829c369d6\">\n#top .hr.hr-invisible.av-ah0xd-63338d9dc6b40410e22a712829c369d6{\nheight:50px;\n}\n<\/style>\n<div  class='hr av-ah0xd-63338d9dc6b40410e22a712829c369d6 hr-invisible  avia-builder-el-3  el_after_av_codeblock  el_before_av_textblock'><span class='hr-inner'><span class=\"hr-inner-style\"><\/span><\/span><\/div>\n<section  class='av_textblock_section av-lu8gow1e-300853e458ed741bd87d6cb78e55cc7a'  itemscope=\"itemscope\" itemtype=\"https:\/\/schema.org\/CreativeWork\" ><div class='avia_textblock'  itemprop=\"text\" ><h2>Caratteristiche e specifiche del Peugeot Boxer<\/h2>\n<p><a href=\"https:\/\/www.vdhurk.nl\/it\/veicoli-commerciali-peugeot\/\">Veicoli commerciali Peugeot<\/a> sono noti per la loro versatilit\u00e0 e affidabilit\u00e0 e il Boxer non fa eccezione. Questo furgone \u00e8 particolarmente apprezzato dagli utenti business per la sua idoneit\u00e0 al trasporto. Il Boxer offre un abitacolo spazioso, ideale per varie applicazioni aziendali. Inoltre, questo furgone commerciale \u00e8 noto per la sua eccellente affidabilit\u00e0 e versatilit\u00e0. Grazie a una serie di dispositivi di sicurezza, vi garantisce un viaggio sicuro da A a B.<\/p>\n<\/div><\/section>\n<div class='flex_column av-f64w1-da126f42b61613402309283c14245a25 av_one_half  avia-builder-el-5  el_after_av_textblock  el_before_av_one_third  first flex_column_div column-top-margin'   ><section  class='av_textblock_section av-lu8gpqre-73cc2c17e6a6497ba6e1b58af22bd9e8'  itemscope=\"itemscope\" itemtype=\"https:\/\/schema.org\/CreativeWork\" ><div class='avia_textblock'  itemprop=\"text\" ><h2>Acquistare un Peugeot Boxer: quali sono i vantaggi?<\/h2>\n<p>State pensando di acquistare una Peugeot Boxer? Allora potrete beneficiare di diversi vantaggi. Desideriamo elencarli per consentirvi di fare una scelta consapevole:<\/p>\n<ul>\n<li><strong>Comfort<\/strong>L'abitacolo del Peugeot Boxer \u00e8 stato progettato all'insegna del comfort, per rendere agevoli le lunghe giornate di lavoro al volante. Grazie agli ampi spazi di stivaggio e alle pratiche funzioni, la guida sar\u00e0 sempre piacevole.<\/li>\n<li><strong>Versatilit\u00e0<\/strong>: Il Peugeot Boxer \u00e8 disponibile in diverse versioni, per cui troverete sempre un veicolo che si adatta perfettamente alle vostre esigenze aziendali.<\/li>\n<li><strong>Diversi tipi di carburante<\/strong>Che preferiate il diesel o l'elettrico, il Boxer offre una scelta di tipi di carburante. In questo modo potrete trovare facilmente il tipo di carburante pi\u00f9 adatto alle vostre abitudini di guida e al vostro chilometraggio.<\/li>\n<\/ul>\n<p>Questi sono solo alcuni dei numerosi vantaggi offerti dal Peugeot Boxer.<\/p>\n<\/div><\/section><\/div><div class='flex_column av-aldk9-ee694297f5c4032981677a02caab84d6 av_one_third  avia-builder-el-7  el_after_av_one_half  el_before_av_hr  flex_column_div column-top-margin'   ><style type=\"text\/css\" data-created_by=\"avia_inline_auto\" id=\"style-css-av-l1w9kpsf-4ec3fab772ec7a9adaa33cfc64ff0475\">\n.avia-image-container.av-l1w9kpsf-4ec3fab772ec7a9adaa33cfc64ff0475 .av-image-caption-overlay-center{\ncolor:#ffffff;\n}\n<\/style>\n<div  class='avia-image-container av-l1w9kpsf-4ec3fab772ec7a9adaa33cfc64ff0475 av-styling- avia-align-center  avia-builder-el-8  avia-builder-el-no-sibling'  itemprop=\"image\" itemscope=\"itemscope\" itemtype=\"https:\/\/schema.org\/ImageObject\" ><div class=\"avia-image-container-inner\"><div class=\"avia-image-overlay-wrap\"><img decoding=\"async\" class='wp-image-187 avia-img-lazy-loading-not-187 avia_image' src=\"https:\/\/www.vdhurk.nl\/wp-content\/uploads\/2022\/03\/Voorrad.png\" alt='' title='Stock'  height=\"758\" width=\"1135\"  itemprop=\"thumbnailUrl\" srcset=\"https:\/\/www.vdhurk.nl\/wp-content\/uploads\/2022\/03\/Voorrad.png 1135w, https:\/\/www.vdhurk.nl\/wp-content\/uploads\/2022\/03\/Voorrad-300x200.png 300w, https:\/\/www.vdhurk.nl\/wp-content\/uploads\/2022\/03\/Voorrad-1030x688.png 1030w, https:\/\/www.vdhurk.nl\/wp-content\/uploads\/2022\/03\/Voorrad-768x513.png 768w, https:\/\/www.vdhurk.nl\/wp-content\/uploads\/2022\/03\/Voorrad-18x12.png 18w, https:\/\/www.vdhurk.nl\/wp-content\/uploads\/2022\/03\/Voorrad-705x471.png 705w\" sizes=\"(max-width: 1135px) 100vw, 1135px\" \/><\/div><\/div><\/div><\/div><\/p>\n\n<style type=\"text\/css\" data-created_by=\"avia_inline_auto\" id=\"style-css-av-luqrjpjc-5a23a1fb5f94718ca85316a9df963e2f\">\n#top .hr.hr-invisible.av-luqrjpjc-5a23a1fb5f94718ca85316a9df963e2f{\nheight:50px;\n}\n<\/style>\n<div  class='hr av-luqrjpjc-5a23a1fb5f94718ca85316a9df963e2f hr-invisible  avia-builder-el-9  el_after_av_one_third  el_before_av_textblock'><span class='hr-inner'><span class=\"hr-inner-style\"><\/span><\/span><\/div>\n<section  class='av_textblock_section av-lu8gtjw7-4f3cee9304909518d86d2860d9d582dd'  itemscope=\"itemscope\" itemtype=\"https:\/\/schema.org\/CreativeWork\" ><div class='avia_textblock'  itemprop=\"text\" ><h2>Diverse versioni<\/h2>\n<p>Il Peugeot Boxer \u00e8 disponibile in diverse versioni. Ad esempio, esiste un'opzione con schienale aperto, ideale per il trasporto di passeggeri. La versione chiusa \u00e8 perfetta per il trasporto di merci in modo sicuro e semplice. Dovete trasportare regolarmente carichi pesanti? Allora un cassone aperto \u00e8 molto adatto. Il Peugeot Boxer ha una capacit\u00e0 di carico fino a 1600 kg. \u00c8 inoltre possibile scegliere tra diversi motori con potenze da 140 CV a 180 CV.<\/p>\n<p>Grazie a questa variet\u00e0, troverete sempre un Peugeot Boxer adatto alle vostre esigenze. Non avete ancora trovato quello che cercate? Non c'\u00e8 problema! La nostra offerta \u00e8 in continua evoluzione, quindi il vostro veicolo commerciale ideale potrebbe essere presto disponibile. Pertanto, continuate a controllare il nostro <a href=\"https:\/\/www.vdhurk.nl\/it\/veicoli-commerciali\/\">offerta attuale<\/a> con attenzione. Cercate un modello specifico? Fatecelo sapere tramite il nostro <a href=\"https:\/\/www.vdhurk.nl\/it\/allarme-azionario\/\">stockalert<\/a>e noi vi aiuteremo a trovare l'auto aziendale perfetta.<\/p>\n<h2>A quali prezzi bisogna pensare?<\/h2>\n<p>I prezzi dei nostri veicoli commerciali variano, e per una buona ragione. Nella nostra offerta troverete sia semplici modelli di Peugeot Boxer che veicoli Peugeot Boxer completamente equipaggiati. Poich\u00e9 la nostra offerta \u00e8 in continua evoluzione, non possiamo fornire un'indicazione precisa del prezzo. Sia che cerchiate una Peugeot Boxer di seconda mano o un modello nuovo, c'\u00e8 sempre qualcosa che si adatta al vostro budget.<\/p>\n<h2>Leasing o acquisto di un Peugeot Boxer: qual \u00e8 l'opzione migliore per voi?<\/h2>\n<p>Presso Van den Hurk \u00e8 possibile non solo acquistare direttamente un veicolo commerciale, ma anche optare per il leasing finanziario. Con <a href=\"https:\/\/www.vdhurk.nl\/it\/locazione-finanziaria\/\">locazione finanziaria<\/a> Il veicolo viene pagato mensilmente, in modo da non dover investire una somma elevata in un'unica soluzione. Durante il periodo di leasing, il veicolo diventa gradualmente di vostra propriet\u00e0. Al termine del contratto di leasing, sarete i proprietari a tutti gli effetti, senza dover effettuare un grande investimento iniziale.<\/p>\n<h2><b>Trova la tua Peugeot Boxer<\/b><\/h2>\n<p>Siete convinti e pronti ad acquistare un Peugeot Boxer? O avete bisogno di ulteriori informazioni? In qualit\u00e0 di concessionario Peugeot Boxer, siamo pronti a rispondere a tutte le vostre domande e ad aiutarvi a fare la scelta giusta. Contattateci per maggiori dettagli o consultate la nostra gamma attuale per trovare il vostro veicolo commerciale ideale.<\/p>\n<\/div><\/section>","protected":false},"excerpt":{"rendered":"","protected":false},"author":3,"featured_media":0,"parent":370581,"menu_order":0,"comment_status":"closed","ping_status":"closed","template":"","meta":{"_acf_changed":false,"_improvement_type_select":"improve_an_existing","_thumb_yes_seoaic":false,"_frame_yes_seoaic":false,"seoaic_generate_description":"","seoaic_improve_instructions_prompt":"","seoaic_rollback_content_improvement":"","seoaic_idea_thumbnail_generator":"","thumbnail_generated":false,"thumbnail_generate_prompt":"","seoaic_article_description":"","footnotes":""},"class_list":["post-405923","page","type-page","status-publish","hentry"],"acf":[],"yoast_head":"<!-- This site is optimized with the Yoast SEO plugin v27.3 - https:\/\/yoast.com\/product\/yoast-seo-wordpress\/ -->\n<title>Vind jouw Peugeot Boxer occasion | Bekijk de mogelijkheden<\/title>\n<meta name=\"description\" content=\"Overweeg je een Peugeot Boxer occasion aan te schaffen? Bekijk dan ons aanbod en vind de bedrijfswagen die perfect aansluit bij jouw behoeften en gebruik.\" \/>\n<meta name=\"robots\" content=\"index, follow, max-snippet:-1, max-image-preview:large, max-video-preview:-1\" \/>\n<link rel=\"canonical\" href=\"https:\/\/www.vdhurk.nl\/it\/veicoli-commerciali-peugeot\/mercedes-11\/\" \/>\n<meta property=\"og:locale\" content=\"it_IT\" \/>\n<meta property=\"og:type\" content=\"article\" \/>\n<meta property=\"og:title\" content=\"Vind jouw Peugeot Boxer occasion | Bekijk de mogelijkheden\" \/>\n<meta property=\"og:description\" content=\"Overweeg je een Peugeot Boxer occasion aan te schaffen? Bekijk dan ons aanbod en vind de bedrijfswagen die perfect aansluit bij jouw behoeften en gebruik.\" \/>\n<meta property=\"og:url\" content=\"https:\/\/www.vdhurk.nl\/it\/veicoli-commerciali-peugeot\/mercedes-11\/\" \/>\n<meta property=\"og:site_name\" content=\"Van den Hurk Bedrijfswagens\" \/>\n<meta name=\"twitter:card\" content=\"summary_large_image\" \/>\n<meta name=\"twitter:label1\" content=\"Tempo di lettura stimato\" \/>\n\t<meta name=\"twitter:data1\" content=\"5 minuti\" \/>\n<script type=\"application\/ld+json\" class=\"yoast-schema-graph\">{\"@context\":\"https:\\\/\\\/schema.org\",\"@graph\":[{\"@type\":\"WebPage\",\"@id\":\"https:\\\/\\\/www.vdhurk.nl\\\/peugeot-bedrijfswagens\\\/boxer\\\/\",\"url\":\"https:\\\/\\\/www.vdhurk.nl\\\/peugeot-bedrijfswagens\\\/boxer\\\/\",\"name\":\"Vind jouw Peugeot Boxer occasion | Bekijk de mogelijkheden\",\"isPartOf\":{\"@id\":\"https:\\\/\\\/www.vdhurk.nl\\\/#website\"},\"datePublished\":\"2024-09-20T09:35:01+00:00\",\"description\":\"Overweeg je een Peugeot Boxer occasion aan te schaffen? Bekijk dan ons aanbod en vind de bedrijfswagen die perfect aansluit bij jouw behoeften en gebruik.\",\"breadcrumb\":{\"@id\":\"https:\\\/\\\/www.vdhurk.nl\\\/peugeot-bedrijfswagens\\\/boxer\\\/#breadcrumb\"},\"inLanguage\":\"it-IT\",\"potentialAction\":[{\"@type\":\"ReadAction\",\"target\":[\"https:\\\/\\\/www.vdhurk.nl\\\/peugeot-bedrijfswagens\\\/boxer\\\/\"]}]},{\"@type\":\"BreadcrumbList\",\"@id\":\"https:\\\/\\\/www.vdhurk.nl\\\/peugeot-bedrijfswagens\\\/boxer\\\/#breadcrumb\",\"itemListElement\":[{\"@type\":\"ListItem\",\"position\":1,\"name\":\"Home\",\"item\":\"https:\\\/\\\/www.vdhurk.nl\\\/home\\\/\"},{\"@type\":\"ListItem\",\"position\":2,\"name\":\"Peugeot Bedrijfswagens\",\"item\":\"https:\\\/\\\/www.vdhurk.nl\\\/peugeot-bedrijfswagens\\\/\"},{\"@type\":\"ListItem\",\"position\":3,\"name\":\"Peugeot Boxer\"}]},{\"@type\":\"WebSite\",\"@id\":\"https:\\\/\\\/www.vdhurk.nl\\\/#website\",\"url\":\"https:\\\/\\\/www.vdhurk.nl\\\/\",\"name\":\"Van den Hurk Bedrijfswagens\",\"description\":\"Van den Hurk bedrijfswagens Helmond\",\"potentialAction\":[{\"@type\":\"SearchAction\",\"target\":{\"@type\":\"EntryPoint\",\"urlTemplate\":\"https:\\\/\\\/www.vdhurk.nl\\\/?s={search_term_string}\"},\"query-input\":{\"@type\":\"PropertyValueSpecification\",\"valueRequired\":true,\"valueName\":\"search_term_string\"}}],\"inLanguage\":\"it-IT\"}]}<\/script>\n<!-- \/ Yoast SEO plugin. -->","yoast_head_json":{"title":"Trova la tua occasione Peugeot Boxer | Visualizza le opzioni","description":"State pensando di acquistare un'auto usata Peugeot Boxer? Allora date un'occhiata alla nostra gamma e trovate il veicolo commerciale che si adatta perfettamente alle vostre esigenze e al vostro utilizzo.","robots":{"index":"index","follow":"follow","max-snippet":"max-snippet:-1","max-image-preview":"max-image-preview:large","max-video-preview":"max-video-preview:-1"},"canonical":"https:\/\/www.vdhurk.nl\/it\/veicoli-commerciali-peugeot\/mercedes-11\/","og_locale":"it_IT","og_type":"article","og_title":"Vind jouw Peugeot Boxer occasion | Bekijk de mogelijkheden","og_description":"Overweeg je een Peugeot Boxer occasion aan te schaffen? Bekijk dan ons aanbod en vind de bedrijfswagen die perfect aansluit bij jouw behoeften en gebruik.","og_url":"https:\/\/www.vdhurk.nl\/it\/veicoli-commerciali-peugeot\/mercedes-11\/","og_site_name":"Van den Hurk Bedrijfswagens","twitter_card":"summary_large_image","twitter_misc":{"Tempo di lettura stimato":"5 minuti"},"schema":{"@context":"https:\/\/schema.org","@graph":[{"@type":"WebPage","@id":"https:\/\/www.vdhurk.nl\/peugeot-bedrijfswagens\/boxer\/","url":"https:\/\/www.vdhurk.nl\/peugeot-bedrijfswagens\/boxer\/","name":"Trova la tua occasione Peugeot Boxer | Visualizza le opzioni","isPartOf":{"@id":"https:\/\/www.vdhurk.nl\/#website"},"datePublished":"2024-09-20T09:35:01+00:00","description":"State pensando di acquistare un'auto usata Peugeot Boxer? Allora date un'occhiata alla nostra gamma e trovate il veicolo commerciale che si adatta perfettamente alle vostre esigenze e al vostro utilizzo.","breadcrumb":{"@id":"https:\/\/www.vdhurk.nl\/peugeot-bedrijfswagens\/boxer\/#breadcrumb"},"inLanguage":"it-IT","potentialAction":[{"@type":"ReadAction","target":["https:\/\/www.vdhurk.nl\/peugeot-bedrijfswagens\/boxer\/"]}]},{"@type":"BreadcrumbList","@id":"https:\/\/www.vdhurk.nl\/peugeot-bedrijfswagens\/boxer\/#breadcrumb","itemListElement":[{"@type":"ListItem","position":1,"name":"Home","item":"https:\/\/www.vdhurk.nl\/home\/"},{"@type":"ListItem","position":2,"name":"Peugeot Bedrijfswagens","item":"https:\/\/www.vdhurk.nl\/peugeot-bedrijfswagens\/"},{"@type":"ListItem","position":3,"name":"Peugeot Boxer"}]},{"@type":"WebSite","@id":"https:\/\/www.vdhurk.nl\/#website","url":"https:\/\/www.vdhurk.nl\/","name":"Veicoli commerciali Van den Hurk","description":"Van den Hurk veicoli commerciali Helmond","potentialAction":[{"@type":"SearchAction","target":{"@type":"EntryPoint","urlTemplate":"https:\/\/www.vdhurk.nl\/?s={search_term_string}"},"query-input":{"@type":"PropertyValueSpecification","valueRequired":true,"valueName":"search_term_string"}}],"inLanguage":"it-IT"}]}},"_links":{"self":[{"href":"https:\/\/www.vdhurk.nl\/it\/wp-json\/wp\/v2\/pages\/405923","targetHints":{"allow":["GET"]}}],"collection":[{"href":"https:\/\/www.vdhurk.nl\/it\/wp-json\/wp\/v2\/pages"}],"about":[{"href":"https:\/\/www.vdhurk.nl\/it\/wp-json\/wp\/v2\/types\/page"}],"author":[{"embeddable":true,"href":"https:\/\/www.vdhurk.nl\/it\/wp-json\/wp\/v2\/users\/3"}],"replies":[{"embeddable":true,"href":"https:\/\/www.vdhurk.nl\/it\/wp-json\/wp\/v2\/comments?post=405923"}],"version-history":[{"count":1,"href":"https:\/\/www.vdhurk.nl\/it\/wp-json\/wp\/v2\/pages\/405923\/revisions"}],"predecessor-version":[{"id":405924,"href":"https:\/\/www.vdhurk.nl\/it\/wp-json\/wp\/v2\/pages\/405923\/revisions\/405924"}],"up":[{"embeddable":true,"href":"https:\/\/www.vdhurk.nl\/it\/wp-json\/wp\/v2\/pages\/370581"}],"wp:attachment":[{"href":"https:\/\/www.vdhurk.nl\/it\/wp-json\/wp\/v2\/media?parent=405923"}],"curies":[{"name":"wp","href":"https:\/\/api.w.org\/{rel}","templated":true}]}}