{"id":405921,"date":"2024-09-20T11:25:27","date_gmt":"2024-09-20T09:25:27","guid":{"rendered":"https:\/\/www.vdhurk.nl\/?page_id=405921"},"modified":"2024-09-20T11:25:27","modified_gmt":"2024-09-20T09:25:27","slug":"mercedes-19","status":"publish","type":"page","link":"https:\/\/www.vdhurk.nl\/it\/peugeot-bedrijfswagens\/expert\/","title":{"rendered":"Esperto Peugeot"},"content":{"rendered":"<section  class='av_textblock_section av-lu8gnh7d-4ac895489941e586c1d7c8cb72318135'  itemscope=\"itemscope\" itemtype=\"https:\/\/schema.org\/CreativeWork\" ><div class='avia_textblock'  itemprop=\"text\" ><h1>Acquisto di una Peugeot Expert occasionale: a cosa prestare attenzione?<\/h1>\n<p>Siete alla ricerca di un veicolo commerciale? Allora prendete sicuramente in considerazione il Peugeot Expert occasion. Questo furgone pratico e versatile \u00e8 disponibile in diversi allestimenti e varianti, per cui troverete sempre un modello che si adatta perfettamente alle vostre esigenze aziendali. Scoprite i numerosi vantaggi del Peugeot Expert e perch\u00e9 questo veicolo \u00e8 una scelta intelligente per la vostra azienda.<\/p>\n<\/div><\/section>\n\n<style type=\"text\/css\" data-created_by=\"avia_inline_auto\" id=\"style-css-av-lujjddpd-afa3d7a9eabd61123e643ed1228e781e\">\n#top .hr.hr-invisible.av-lujjddpd-afa3d7a9eabd61123e643ed1228e781e{\nheight:50px;\n}\n<\/style>\n<div  class='hr av-lujjddpd-afa3d7a9eabd61123e643ed1228e781e hr-invisible  avia-builder-el-1  el_after_av_textblock  el_before_av_codeblock'><span class='hr-inner'><span class=\"hr-inner-style\"><\/span><\/span><\/div>\n\n\n<style type=\"text\/css\" data-created_by=\"avia_inline_auto\" id=\"style-css-av-ah0xd-63338d9dc6b40410e22a712829c369d6\">\n#top .hr.hr-invisible.av-ah0xd-63338d9dc6b40410e22a712829c369d6{\nheight:50px;\n}\n<\/style>\n<div  class='hr av-ah0xd-63338d9dc6b40410e22a712829c369d6 hr-invisible  avia-builder-el-3  el_after_av_codeblock  el_before_av_textblock'><span class='hr-inner'><span class=\"hr-inner-style\"><\/span><\/span><\/div>\n<section  class='av_textblock_section av-lu8gow1e-300853e458ed741bd87d6cb78e55cc7a'  itemscope=\"itemscope\" itemtype=\"https:\/\/schema.org\/CreativeWork\" ><div class='avia_textblock'  itemprop=\"text\" ><h2>Caratteristiche e specifiche<\/h2>\n<p>Quando si sceglie un Peugeot Expert, si scelgono affidabilit\u00e0 e funzionalit\u00e0. Questo modello, come molti altri di <a href=\"https:\/\/www.vdhurk.nl\/it\/veicoli-commerciali-peugeot\/\">Peugeot<\/a>\u00e8 innovativo e compatto. Questo veicolo commerciale \u00e8 stato progettato per facilitare il vostro lavoro. L'Expert si distingue anche per il suo motore silenzioso, che offre un maggiore comfort di guida.Il Peugeot Expert \u00e8 disponibile in diverse varianti, con diversi anni di costruzione. Nel 2021, questo modello \u00e8 stato addirittura nominato \"Veicolo commerciale dell'anno\", a dimostrazione della sua qualit\u00e0 e popolarit\u00e0. Dotato di potenti motori diesel e di un ampio carico utile, l'Expert \u00e8 ideale per i lavori pesanti. Inoltre, le sue ampie caratteristiche di sicurezza assicurano che siate sempre al sicuro sulla strada.<\/p>\n<\/div><\/section>\n<div class='flex_column av-f64w1-da126f42b61613402309283c14245a25 av_one_half  avia-builder-el-5  el_after_av_textblock  el_before_av_one_third  first flex_column_div column-top-margin'   ><section  class='av_textblock_section av-lu8gpqre-73cc2c17e6a6497ba6e1b58af22bd9e8'  itemscope=\"itemscope\" itemtype=\"https:\/\/schema.org\/CreativeWork\" ><div class='avia_textblock'  itemprop=\"text\" ><h2>Acquistare un Peugeot Expert: quali sono i vantaggi?<\/h2>\n<p>Il Peugeot Expert offre numerosi vantaggi che lo rendono una scelta versatile e affidabile.<\/p>\n<ul>\n<li><strong>Design pratico e intelligente<\/strong>Con un'ampia capacit\u00e0 di carico, potete trasportare facilmente tutto ci\u00f2 che vi serve, dagli attrezzi ai carichi pi\u00f9 grandi.<\/li>\n<li><strong>Elevato comfort di guida<\/strong>Questo modello \u00e8 stato progettato pensando al comfort, in modo da rendere agevoli i lunghi viaggi. Questo modello \u00e8 perfetto per chi trascorre molto tempo in viaggio.<\/li>\n<li><strong>Efficienza del carburante<\/strong> I motori diesel a basso consumo di carburante garantiscono un consumo ridotto, particolarmente vantaggioso se la vostra azienda percorre spesso lunghe distanze.<\/li>\n<li><strong>Flessibilit\u00e0<\/strong>Grazie al suo design compatto e all'eccellente maneggevolezza, Expert pu\u00f2 essere manovrato facilmente nelle citt\u00e0 pi\u00f9 trafficate ed \u00e8 ideale anche per i viaggi pi\u00f9 lunghi in autostrada.<\/li>\n<\/ul>\n<p>Questi sono solo alcuni esempi dei vantaggi offerti dal Peugeot Expert.<\/p>\n<\/div><\/section><\/div><div class='flex_column av-aldk9-ee694297f5c4032981677a02caab84d6 av_one_third  avia-builder-el-7  el_after_av_one_half  el_before_av_hr  flex_column_div column-top-margin'   ><style type=\"text\/css\" data-created_by=\"avia_inline_auto\" id=\"style-css-av-l1w9kpsf-4ec3fab772ec7a9adaa33cfc64ff0475\">\n.avia-image-container.av-l1w9kpsf-4ec3fab772ec7a9adaa33cfc64ff0475 .av-image-caption-overlay-center{\ncolor:#ffffff;\n}\n<\/style>\n<div  class='avia-image-container av-l1w9kpsf-4ec3fab772ec7a9adaa33cfc64ff0475 av-styling- avia-align-center  avia-builder-el-8  avia-builder-el-no-sibling'  itemprop=\"image\" itemscope=\"itemscope\" itemtype=\"https:\/\/schema.org\/ImageObject\" ><div class=\"avia-image-container-inner\"><div class=\"avia-image-overlay-wrap\"><img decoding=\"async\" class='wp-image-187 avia-img-lazy-loading-not-187 avia_image' src=\"https:\/\/www.vdhurk.nl\/wp-content\/uploads\/2022\/03\/Voorrad.png\" alt='' title='Stock'  height=\"758\" width=\"1135\"  itemprop=\"thumbnailUrl\" srcset=\"https:\/\/www.vdhurk.nl\/wp-content\/uploads\/2022\/03\/Voorrad.png 1135w, https:\/\/www.vdhurk.nl\/wp-content\/uploads\/2022\/03\/Voorrad-300x200.png 300w, https:\/\/www.vdhurk.nl\/wp-content\/uploads\/2022\/03\/Voorrad-1030x688.png 1030w, https:\/\/www.vdhurk.nl\/wp-content\/uploads\/2022\/03\/Voorrad-768x513.png 768w, https:\/\/www.vdhurk.nl\/wp-content\/uploads\/2022\/03\/Voorrad-18x12.png 18w, https:\/\/www.vdhurk.nl\/wp-content\/uploads\/2022\/03\/Voorrad-705x471.png 705w\" sizes=\"(max-width: 1135px) 100vw, 1135px\" \/><\/div><\/div><\/div><\/div><\/p>\n\n<style type=\"text\/css\" data-created_by=\"avia_inline_auto\" id=\"style-css-av-luqrjpjc-5a23a1fb5f94718ca85316a9df963e2f\">\n#top .hr.hr-invisible.av-luqrjpjc-5a23a1fb5f94718ca85316a9df963e2f{\nheight:50px;\n}\n<\/style>\n<div  class='hr av-luqrjpjc-5a23a1fb5f94718ca85316a9df963e2f hr-invisible  avia-builder-el-9  el_after_av_one_third  el_before_av_textblock'><span class='hr-inner'><span class=\"hr-inner-style\"><\/span><\/span><\/div>\n<section  class='av_textblock_section av-lu8gtjw7-4f3cee9304909518d86d2860d9d582dd'  itemscope=\"itemscope\" itemtype=\"https:\/\/schema.org\/CreativeWork\" ><div class='avia_textblock'  itemprop=\"text\" ><h2>A quali prezzi bisogna pensare?<\/h2>\n<p>Il prezzo dei nostri modelli Peugeot Expert varia. Ci\u00f2 \u00e8 dovuto alle vostre esigenze e scelte. Che si scelga una versione base o un modello con specifiche extra, il prezzo finale del Peugeot Expert \u00e8 determinato dai vostri desideri e dalle vostre esigenze. Pertanto, non possiamo fornire un'indicazione di prezzo fissa. Qualunque sia la vostra preferenza, all'interno della nostra offerta troverete sempre un modello che si adatta al vostro budget.<\/p>\n<h2>Leasing o acquisto di un Peugeot Expert: qual \u00e8 la scelta migliore per voi?<\/h2>\n<p>Da Van den Hurk avete l'imbarazzo della scelta quando si tratta di finanziare il vostro veicolo commerciale. Pagate il veicolo in un'unica soluzione oppure optate per <a href=\"https:\/\/www.vdhurk.nl\/it\/locazione-finanziaria\/\">locazione finanziaria<\/a> e distribuire il costo in rate mensili. In questo modo, non dovrete fare subito un grosso investimento. In entrambi i casi, diventate proprietari a tutti gli effetti del veicolo. Con il leasing finanziario si diventa proprietari non appena scade il contratto, mentre con il pagamento diretto si hanno subito le chiavi in mano.<\/p>\n<h2>Scopri la gamma e trova la tua Peugeot<\/h2>\n<p>State acquistando una Peugeot Expert di seconda mano? O una variante nuova si adatta meglio ai vostri obiettivi aziendali? Scopritelo <a href=\"https:\/\/www.vdhurk.nl\/it\/veicoli-commerciali\/\">offerta attuale<\/a> per le possibilit\u00e0. Non siete ancora arrivati e volete un consiglio da un esperto? Non c'\u00e8 problema. Il nostro staff \u00e8 pronto ad aiutarvi a fare la scelta migliore.<\/p>\n<\/div><\/section>","protected":false},"excerpt":{"rendered":"","protected":false},"author":3,"featured_media":0,"parent":370581,"menu_order":0,"comment_status":"closed","ping_status":"closed","template":"","meta":{"_acf_changed":false,"_improvement_type_select":"improve_an_existing","_thumb_yes_seoaic":false,"_frame_yes_seoaic":false,"seoaic_generate_description":"","seoaic_improve_instructions_prompt":"","seoaic_rollback_content_improvement":"","seoaic_idea_thumbnail_generator":"","thumbnail_generated":false,"thumbnail_generate_prompt":"","seoaic_article_description":"","footnotes":""},"class_list":["post-405921","page","type-page","status-publish","hentry"],"acf":[],"yoast_head":"<!-- This site is optimized with the Yoast SEO plugin v27.5 - https:\/\/yoast.com\/product\/yoast-seo-wordpress\/ -->\n<title>Peugeot Expert occasion kopen? Bekijk ons actuele aanbod!<\/title>\n<meta name=\"description\" content=\"Op zoek naar een Peugeot Expert occasion? Vind de bedrijfswagen die helemaal aansluit bij jouw zakelijke behoeften bij Van den Hurk\" \/>\n<meta name=\"robots\" content=\"index, follow, max-snippet:-1, max-image-preview:large, max-video-preview:-1\" \/>\n<link rel=\"canonical\" href=\"https:\/\/www.vdhurk.nl\/it\/veicoli-commerciali-peugeot\/mercedes-19\/\" \/>\n<meta property=\"og:locale\" content=\"it_IT\" \/>\n<meta property=\"og:type\" content=\"article\" \/>\n<meta property=\"og:title\" content=\"Peugeot Expert occasion kopen? Bekijk ons actuele aanbod!\" \/>\n<meta property=\"og:description\" content=\"Op zoek naar een Peugeot Expert occasion? Vind de bedrijfswagen die helemaal aansluit bij jouw zakelijke behoeften bij Van den Hurk\" \/>\n<meta property=\"og:url\" content=\"https:\/\/www.vdhurk.nl\/it\/veicoli-commerciali-peugeot\/mercedes-19\/\" \/>\n<meta property=\"og:site_name\" content=\"Van den Hurk Bedrijfswagens\" \/>\n<meta name=\"twitter:card\" content=\"summary_large_image\" \/>\n<meta name=\"twitter:label1\" content=\"Tempo di lettura stimato\" \/>\n\t<meta name=\"twitter:data1\" content=\"5 minuti\" \/>\n<script type=\"application\/ld+json\" class=\"yoast-schema-graph\">{\"@context\":\"https:\\\/\\\/schema.org\",\"@graph\":[{\"@type\":\"WebPage\",\"@id\":\"https:\\\/\\\/www.vdhurk.nl\\\/peugeot-bedrijfswagens\\\/expert\\\/\",\"url\":\"https:\\\/\\\/www.vdhurk.nl\\\/peugeot-bedrijfswagens\\\/expert\\\/\",\"name\":\"Peugeot Expert occasion kopen? Bekijk ons actuele aanbod!\",\"isPartOf\":{\"@id\":\"https:\\\/\\\/www.vdhurk.nl\\\/#website\"},\"datePublished\":\"2024-09-20T09:25:27+00:00\",\"description\":\"Op zoek naar een Peugeot Expert occasion? Vind de bedrijfswagen die helemaal aansluit bij jouw zakelijke behoeften bij Van den Hurk\",\"breadcrumb\":{\"@id\":\"https:\\\/\\\/www.vdhurk.nl\\\/peugeot-bedrijfswagens\\\/expert\\\/#breadcrumb\"},\"inLanguage\":\"it-IT\",\"potentialAction\":[{\"@type\":\"ReadAction\",\"target\":[\"https:\\\/\\\/www.vdhurk.nl\\\/peugeot-bedrijfswagens\\\/expert\\\/\"]}]},{\"@type\":\"BreadcrumbList\",\"@id\":\"https:\\\/\\\/www.vdhurk.nl\\\/peugeot-bedrijfswagens\\\/expert\\\/#breadcrumb\",\"itemListElement\":[{\"@type\":\"ListItem\",\"position\":1,\"name\":\"Home\",\"item\":\"https:\\\/\\\/www.vdhurk.nl\\\/home\\\/\"},{\"@type\":\"ListItem\",\"position\":2,\"name\":\"Peugeot Bedrijfswagens\",\"item\":\"https:\\\/\\\/www.vdhurk.nl\\\/peugeot-bedrijfswagens\\\/\"},{\"@type\":\"ListItem\",\"position\":3,\"name\":\"Peugeot Expert\"}]},{\"@type\":\"WebSite\",\"@id\":\"https:\\\/\\\/www.vdhurk.nl\\\/#website\",\"url\":\"https:\\\/\\\/www.vdhurk.nl\\\/\",\"name\":\"Van den Hurk Bedrijfswagens\",\"description\":\"Van den Hurk bedrijfswagens Helmond\",\"potentialAction\":[{\"@type\":\"SearchAction\",\"target\":{\"@type\":\"EntryPoint\",\"urlTemplate\":\"https:\\\/\\\/www.vdhurk.nl\\\/?s={search_term_string}\"},\"query-input\":{\"@type\":\"PropertyValueSpecification\",\"valueRequired\":true,\"valueName\":\"search_term_string\"}}],\"inLanguage\":\"it-IT\"}]}<\/script>\n<!-- \/ Yoast SEO plugin. -->","yoast_head_json":{"title":"Acquistare un'occasione Peugeot Expert? Scopri la nostra offerta attuale!","description":"Cercate un'auto usata Peugeot Expert? Trova da Van den Hurk il veicolo commerciale adatto alle tue esigenze aziendali","robots":{"index":"index","follow":"follow","max-snippet":"max-snippet:-1","max-image-preview":"max-image-preview:large","max-video-preview":"max-video-preview:-1"},"canonical":"https:\/\/www.vdhurk.nl\/it\/veicoli-commerciali-peugeot\/mercedes-19\/","og_locale":"it_IT","og_type":"article","og_title":"Peugeot Expert occasion kopen? Bekijk ons actuele aanbod!","og_description":"Op zoek naar een Peugeot Expert occasion? Vind de bedrijfswagen die helemaal aansluit bij jouw zakelijke behoeften bij Van den Hurk","og_url":"https:\/\/www.vdhurk.nl\/it\/veicoli-commerciali-peugeot\/mercedes-19\/","og_site_name":"Van den Hurk Bedrijfswagens","twitter_card":"summary_large_image","twitter_misc":{"Tempo di lettura stimato":"5 minuti"},"schema":{"@context":"https:\/\/schema.org","@graph":[{"@type":"WebPage","@id":"https:\/\/www.vdhurk.nl\/peugeot-bedrijfswagens\/expert\/","url":"https:\/\/www.vdhurk.nl\/peugeot-bedrijfswagens\/expert\/","name":"Acquistare un'occasione Peugeot Expert? Scopri la nostra offerta attuale!","isPartOf":{"@id":"https:\/\/www.vdhurk.nl\/#website"},"datePublished":"2024-09-20T09:25:27+00:00","description":"Cercate un'auto usata Peugeot Expert? Trova da Van den Hurk il veicolo commerciale adatto alle tue esigenze aziendali","breadcrumb":{"@id":"https:\/\/www.vdhurk.nl\/peugeot-bedrijfswagens\/expert\/#breadcrumb"},"inLanguage":"it-IT","potentialAction":[{"@type":"ReadAction","target":["https:\/\/www.vdhurk.nl\/peugeot-bedrijfswagens\/expert\/"]}]},{"@type":"BreadcrumbList","@id":"https:\/\/www.vdhurk.nl\/peugeot-bedrijfswagens\/expert\/#breadcrumb","itemListElement":[{"@type":"ListItem","position":1,"name":"Home","item":"https:\/\/www.vdhurk.nl\/home\/"},{"@type":"ListItem","position":2,"name":"Peugeot Bedrijfswagens","item":"https:\/\/www.vdhurk.nl\/peugeot-bedrijfswagens\/"},{"@type":"ListItem","position":3,"name":"Peugeot Expert"}]},{"@type":"WebSite","@id":"https:\/\/www.vdhurk.nl\/#website","url":"https:\/\/www.vdhurk.nl\/","name":"Veicoli commerciali Van den Hurk","description":"Van den Hurk veicoli commerciali Helmond","potentialAction":[{"@type":"SearchAction","target":{"@type":"EntryPoint","urlTemplate":"https:\/\/www.vdhurk.nl\/?s={search_term_string}"},"query-input":{"@type":"PropertyValueSpecification","valueRequired":true,"valueName":"search_term_string"}}],"inLanguage":"it-IT"}]}},"_links":{"self":[{"href":"https:\/\/www.vdhurk.nl\/it\/wp-json\/wp\/v2\/pages\/405921","targetHints":{"allow":["GET"]}}],"collection":[{"href":"https:\/\/www.vdhurk.nl\/it\/wp-json\/wp\/v2\/pages"}],"about":[{"href":"https:\/\/www.vdhurk.nl\/it\/wp-json\/wp\/v2\/types\/page"}],"author":[{"embeddable":true,"href":"https:\/\/www.vdhurk.nl\/it\/wp-json\/wp\/v2\/users\/3"}],"replies":[{"embeddable":true,"href":"https:\/\/www.vdhurk.nl\/it\/wp-json\/wp\/v2\/comments?post=405921"}],"version-history":[{"count":1,"href":"https:\/\/www.vdhurk.nl\/it\/wp-json\/wp\/v2\/pages\/405921\/revisions"}],"predecessor-version":[{"id":405922,"href":"https:\/\/www.vdhurk.nl\/it\/wp-json\/wp\/v2\/pages\/405921\/revisions\/405922"}],"up":[{"embeddable":true,"href":"https:\/\/www.vdhurk.nl\/it\/wp-json\/wp\/v2\/pages\/370581"}],"wp:attachment":[{"href":"https:\/\/www.vdhurk.nl\/it\/wp-json\/wp\/v2\/media?parent=405921"}],"curies":[{"name":"wp","href":"https:\/\/api.w.org\/{rel}","templated":true}]}}