{"id":405902,"date":"2024-09-20T10:54:47","date_gmt":"2024-09-20T08:54:47","guid":{"rendered":"https:\/\/www.vdhurk.nl\/?page_id=405902"},"modified":"2024-09-20T10:54:47","modified_gmt":"2024-09-20T08:54:47","slug":"mercedes-18","status":"publish","type":"page","link":"https:\/\/www.vdhurk.nl\/it\/citroen-bedrijfswagens\/jumpy\/","title":{"rendered":"Citro\u00ebn Jumpy"},"content":{"rendered":"<section  class='av_textblock_section av-lu8gnh7d-4ac895489941e586c1d7c8cb72318135'  itemscope=\"itemscope\" itemtype=\"https:\/\/schema.org\/CreativeWork\" ><div class='avia_textblock'  itemprop=\"text\" ><h1>Acquistare un Citro\u00ebn Jumpy occasionale?<\/h1>\n<p>Siete alla ricerca di un veicolo commerciale affidabile? Allora il Citro\u00ebn Jumpy occasion \u00e8 sicuramente da prendere in considerazione! Questo versatile furgone offre numerosi vantaggi che si adattano perfettamente alle esigenze di qualsiasi imprenditore. Che abbiate bisogno di molto spazio per il carico o che stiate semplicemente cercando un modo efficiente per andare da A a B, il Jumpy ha una versione adatta alle vostre esigenze aziendali. Esplorate le diverse versioni e scoprite se questo veicolo commerciale \u00e8 la scelta ideale per la vostra azienda!<\/p>\n<\/div><\/section>\n\n<style type=\"text\/css\" data-created_by=\"avia_inline_auto\" id=\"style-css-av-lujjddpd-afa3d7a9eabd61123e643ed1228e781e\">\n#top .hr.hr-invisible.av-lujjddpd-afa3d7a9eabd61123e643ed1228e781e{\nheight:50px;\n}\n<\/style>\n<div  class='hr av-lujjddpd-afa3d7a9eabd61123e643ed1228e781e hr-invisible  avia-builder-el-1  el_after_av_textblock  el_before_av_codeblock'><span class='hr-inner'><span class=\"hr-inner-style\"><\/span><\/span><\/div>\n\n\n<style type=\"text\/css\" data-created_by=\"avia_inline_auto\" id=\"style-css-av-ah0xd-63338d9dc6b40410e22a712829c369d6\">\n#top .hr.hr-invisible.av-ah0xd-63338d9dc6b40410e22a712829c369d6{\nheight:50px;\n}\n<\/style>\n<div  class='hr av-ah0xd-63338d9dc6b40410e22a712829c369d6 hr-invisible  avia-builder-el-3  el_after_av_codeblock  el_before_av_textblock'><span class='hr-inner'><span class=\"hr-inner-style\"><\/span><\/span><\/div>\n<section  class='av_textblock_section av-lu8gow1e-300853e458ed741bd87d6cb78e55cc7a'  itemscope=\"itemscope\" itemtype=\"https:\/\/schema.org\/CreativeWork\" ><div class='avia_textblock'  itemprop=\"text\" ><h2>Per cosa \u00e8 noto il Citro\u00ebn Jumpy: quali sono i suoi vantaggi?<\/h2>\n<p>Il <a href=\"https:\/\/www.vdhurk.nl\/it\/veicoli-commerciali-citroen\/\">Veicoli commerciali Citro\u00ebn<\/a> sono noti per la loro versatilit\u00e0 e affidabilit\u00e0, e il Jumpy ne \u00e8 un perfetto esempio. Con interni pratici e moderni e opzioni di stivaggio intelligenti, questo veicolo offre tutto ci\u00f2 di cui avete bisogno. Il suo elevato comfort di guida rende ogni viaggio un piacere, sia che si percorrano lunghe distanze sia che si salga e scenda spesso. I modelli Citro\u00ebn Jumpy sono inoltre dotati di pratici sistemi di assistenza alla guida che garantiscono un viaggio sicuro. Se trasportate persone, consegnate pacchi o avete altri mezzi di trasporto, con le varie versioni c'\u00e8 sempre un Jumpy adatto al vostro lavoro. Ideale per gli imprenditori che sono spesso in viaggio e che cercano un'auto aziendale in grado di soddisfare le loro esigenze quotidiane.<\/p>\n<\/div><\/section>\n<div class='flex_column av-f64w1-da126f42b61613402309283c14245a25 av_one_half  avia-builder-el-5  el_after_av_textblock  el_before_av_one_third  first flex_column_div column-top-margin'   ><section  class='av_textblock_section av-lu8gpqre-73cc2c17e6a6497ba6e1b58af22bd9e8'  itemscope=\"itemscope\" itemtype=\"https:\/\/schema.org\/CreativeWork\" ><div class='avia_textblock'  itemprop=\"text\" ><h2>Diverse versioni<\/h2>\n<p>Il Citro\u00ebn Jumpy \u00e8 disponibile in diverse versioni, quindi troverete sempre un modello adatto alle vostre esigenze. Che siate alla ricerca di una nuova costruzione o di un veicolo commerciale con pochi chilometri, la scelta \u00e8 ampia. Per quanto riguarda la trasmissione, sono disponibili sia il cambio manuale che quello automatico. Inoltre, potete scegliere una cabina doppia, un cassone aperto o un colore che si adatti al vostro stile. In breve, con il Citro\u00ebn Jumpy si pu\u00f2 andare da una parte o dall'altra.<\/p>\n<\/div><\/section><\/div><div class='flex_column av-aldk9-ee694297f5c4032981677a02caab84d6 av_one_third  avia-builder-el-7  el_after_av_one_half  el_before_av_hr  flex_column_div column-top-margin'   ><style type=\"text\/css\" data-created_by=\"avia_inline_auto\" id=\"style-css-av-l1w9kpsf-4ec3fab772ec7a9adaa33cfc64ff0475\">\n.avia-image-container.av-l1w9kpsf-4ec3fab772ec7a9adaa33cfc64ff0475 .av-image-caption-overlay-center{\ncolor:#ffffff;\n}\n<\/style>\n<div  class='avia-image-container av-l1w9kpsf-4ec3fab772ec7a9adaa33cfc64ff0475 av-styling- avia-align-center  avia-builder-el-8  avia-builder-el-no-sibling'  itemprop=\"image\" itemscope=\"itemscope\" itemtype=\"https:\/\/schema.org\/ImageObject\" ><div class=\"avia-image-container-inner\"><div class=\"avia-image-overlay-wrap\"><img decoding=\"async\" class='wp-image-187 avia-img-lazy-loading-not-187 avia_image' src=\"https:\/\/www.vdhurk.nl\/wp-content\/uploads\/2022\/03\/Voorrad.png\" alt='' title='Stock'  height=\"758\" width=\"1135\"  itemprop=\"thumbnailUrl\" srcset=\"https:\/\/www.vdhurk.nl\/wp-content\/uploads\/2022\/03\/Voorrad.png 1135w, https:\/\/www.vdhurk.nl\/wp-content\/uploads\/2022\/03\/Voorrad-300x200.png 300w, https:\/\/www.vdhurk.nl\/wp-content\/uploads\/2022\/03\/Voorrad-1030x688.png 1030w, https:\/\/www.vdhurk.nl\/wp-content\/uploads\/2022\/03\/Voorrad-768x513.png 768w, https:\/\/www.vdhurk.nl\/wp-content\/uploads\/2022\/03\/Voorrad-18x12.png 18w, https:\/\/www.vdhurk.nl\/wp-content\/uploads\/2022\/03\/Voorrad-705x471.png 705w\" sizes=\"(max-width: 1135px) 100vw, 1135px\" \/><\/div><\/div><\/div><\/div><\/p>\n\n<style type=\"text\/css\" data-created_by=\"avia_inline_auto\" id=\"style-css-av-luqrjpjc-5a23a1fb5f94718ca85316a9df963e2f\">\n#top .hr.hr-invisible.av-luqrjpjc-5a23a1fb5f94718ca85316a9df963e2f{\nheight:50px;\n}\n<\/style>\n<div  class='hr av-luqrjpjc-5a23a1fb5f94718ca85316a9df963e2f hr-invisible  avia-builder-el-9  el_after_av_one_third  el_before_av_textblock'><span class='hr-inner'><span class=\"hr-inner-style\"><\/span><\/span><\/div>\n<section  class='av_textblock_section av-lu8gtjw7-4f3cee9304909518d86d2860d9d582dd'  itemscope=\"itemscope\" itemtype=\"https:\/\/schema.org\/CreativeWork\" ><div class='avia_textblock'  itemprop=\"text\" ><h2>Il leasing di un Citro\u00ebn Jumpy fa al caso vostro?<\/h2>\n<p>Sapevate che presso Van den Hurk avete diverse opzioni di pagamento? Oltre a pagare direttamente un veicolo commerciale, \u00e8 possibile anche <a href=\"https:\/\/www.vdhurk.nl\/it\/locazione-finanziaria\/\">locazione finanziaria<\/a> opzione. In questo caso, si paga il veicolo al mese, senza dover fare un grande investimento in una sola volta. L'aspetto positivo \u00e8 che durante il periodo di leasing diventerete proprietari del veicolo passo dopo passo. In questo modo, potrete partire subito con la vostra nuova auto aziendale, senza dover pagare tutto in una volta. Comodo, no?<\/p>\n<h2>Citro\u00ebn Jumpy prezzo: a quali importi bisogna pensare?<\/h2>\n<p>I prezzi dei nostri veicoli commerciali variano, come \u00e8 logico che sia. Questo perch\u00e9 la nostra gamma \u00e8 in continua evoluzione e potete sempre scegliere tra diverse versioni. Questo fa s\u00ec che i prezzi varino. \u00c8 quindi difficile fornire un'indicazione precisa dei prezzi. Ma non preoccupatevi, c'\u00e8 sempre un'auto aziendale che si adatta al vostro budget, indipendentemente dalla versione che state cercando. Che siate alla ricerca di una versione semplice o di un modello con tutti gli optional, c'\u00e8 sempre una soluzione adatta a ogni budget.<\/p>\n<h2>Avete sentito parlare del nostro allarme azionario?<\/h2>\n<p>Da Van den Hurk abbiamo una gamma di veicoli commerciali in continua evoluzione. Il vostro veicolo ideale non \u00e8 al momento tra questi? Nessun problema! Potrebbe rendersi disponibile un veicolo commerciale che soddisfa esattamente le vostre esigenze. Non volete perdervi nulla? Allora iscrivetevi al nostro avviso di stock. Inserite le vostre preferenze e vi terremo informati non appena sar\u00e0 disponibile un veicolo adatto. Insieme troveremo il vostro veicolo commerciale perfetto!<\/p>\n<h2><b>Visualizza le varie opzioni<\/b><\/h2>\n<p>Siete convinti di acquistare una Citro\u00ebn Jumpy di seconda mano? O avete bisogno di ulteriori informazioni? Siamo pronti a rispondere a tutte le vostre domande e ad aiutarvi a fare la scelta giusta. Contattateci per maggiori dettagli o consultate la nostra gamma attuale per trovare il vostro veicolo commerciale ideale. Acquistare un Citro\u00ebn Jumpy non \u00e8 mai stato cos\u00ec facile.<\/p>\n<\/div><\/section>","protected":false},"excerpt":{"rendered":"","protected":false},"author":3,"featured_media":0,"parent":372085,"menu_order":0,"comment_status":"closed","ping_status":"closed","template":"","meta":{"_acf_changed":false,"_improvement_type_select":"improve_an_existing","_thumb_yes_seoaic":false,"_frame_yes_seoaic":false,"seoaic_generate_description":"","seoaic_improve_instructions_prompt":"","seoaic_rollback_content_improvement":"","seoaic_idea_thumbnail_generator":"","thumbnail_generated":false,"thumbnail_generate_prompt":"","seoaic_article_description":"","footnotes":""},"class_list":["post-405902","page","type-page","status-publish","hentry"],"acf":[],"yoast_head":"<!-- This site is optimized with the Yoast SEO plugin v27.3 - https:\/\/yoast.com\/product\/yoast-seo-wordpress\/ -->\n<title>Bekijk de mogelijkheden en vind jouw Citro\u00ebn Jumpy occasion<\/title>\n<meta name=\"description\" content=\"Op zoek naar Citro\u00ebn Jumpy occasion? Bekijk dan het actuele aanbod van Van den Hurk. Samen vinden we jouw perfecte bedrijfswagen.\" \/>\n<meta name=\"robots\" content=\"index, follow, max-snippet:-1, max-image-preview:large, max-video-preview:-1\" \/>\n<link rel=\"canonical\" href=\"https:\/\/www.vdhurk.nl\/it\/veicoli-commerciali-citroen\/mercedes-18\/\" \/>\n<meta property=\"og:locale\" content=\"it_IT\" \/>\n<meta property=\"og:type\" content=\"article\" \/>\n<meta property=\"og:title\" content=\"Bekijk de mogelijkheden en vind jouw Citro\u00ebn Jumpy occasion\" \/>\n<meta property=\"og:description\" content=\"Op zoek naar Citro\u00ebn Jumpy occasion? Bekijk dan het actuele aanbod van Van den Hurk. Samen vinden we jouw perfecte bedrijfswagen.\" \/>\n<meta property=\"og:url\" content=\"https:\/\/www.vdhurk.nl\/it\/veicoli-commerciali-citroen\/mercedes-18\/\" \/>\n<meta property=\"og:site_name\" content=\"Van den Hurk Bedrijfswagens\" \/>\n<meta name=\"twitter:card\" content=\"summary_large_image\" \/>\n<meta name=\"twitter:label1\" content=\"Tempo di lettura stimato\" \/>\n\t<meta name=\"twitter:data1\" content=\"5 minuti\" \/>\n<script type=\"application\/ld+json\" class=\"yoast-schema-graph\">{\"@context\":\"https:\\\/\\\/schema.org\",\"@graph\":[{\"@type\":\"WebPage\",\"@id\":\"https:\\\/\\\/www.vdhurk.nl\\\/citroen-bedrijfswagens\\\/jumpy\\\/\",\"url\":\"https:\\\/\\\/www.vdhurk.nl\\\/citroen-bedrijfswagens\\\/jumpy\\\/\",\"name\":\"Bekijk de mogelijkheden en vind jouw Citro\u00ebn Jumpy occasion\",\"isPartOf\":{\"@id\":\"https:\\\/\\\/www.vdhurk.nl\\\/#website\"},\"datePublished\":\"2024-09-20T08:54:47+00:00\",\"description\":\"Op zoek naar Citro\u00ebn Jumpy occasion? Bekijk dan het actuele aanbod van Van den Hurk. Samen vinden we jouw perfecte bedrijfswagen.\",\"breadcrumb\":{\"@id\":\"https:\\\/\\\/www.vdhurk.nl\\\/citroen-bedrijfswagens\\\/jumpy\\\/#breadcrumb\"},\"inLanguage\":\"it-IT\",\"potentialAction\":[{\"@type\":\"ReadAction\",\"target\":[\"https:\\\/\\\/www.vdhurk.nl\\\/citroen-bedrijfswagens\\\/jumpy\\\/\"]}]},{\"@type\":\"BreadcrumbList\",\"@id\":\"https:\\\/\\\/www.vdhurk.nl\\\/citroen-bedrijfswagens\\\/jumpy\\\/#breadcrumb\",\"itemListElement\":[{\"@type\":\"ListItem\",\"position\":1,\"name\":\"Home\",\"item\":\"https:\\\/\\\/www.vdhurk.nl\\\/home\\\/\"},{\"@type\":\"ListItem\",\"position\":2,\"name\":\"Citro\u00ebn Bedrijfswagens\",\"item\":\"https:\\\/\\\/www.vdhurk.nl\\\/citroen-bedrijfswagens\\\/\"},{\"@type\":\"ListItem\",\"position\":3,\"name\":\"Citro\u00ebn Jumpy\"}]},{\"@type\":\"WebSite\",\"@id\":\"https:\\\/\\\/www.vdhurk.nl\\\/#website\",\"url\":\"https:\\\/\\\/www.vdhurk.nl\\\/\",\"name\":\"Van den Hurk Bedrijfswagens\",\"description\":\"Van den Hurk bedrijfswagens Helmond\",\"potentialAction\":[{\"@type\":\"SearchAction\",\"target\":{\"@type\":\"EntryPoint\",\"urlTemplate\":\"https:\\\/\\\/www.vdhurk.nl\\\/?s={search_term_string}\"},\"query-input\":{\"@type\":\"PropertyValueSpecification\",\"valueRequired\":true,\"valueName\":\"search_term_string\"}}],\"inLanguage\":\"it-IT\"}]}<\/script>\n<!-- \/ Yoast SEO plugin. -->","yoast_head_json":{"title":"Scopri le opzioni e trova la tua auto usata Citro\u00ebn Jumpy","description":"Siete alla ricerca di un'occasione Citro\u00ebn Jumpy? Allora date un'occhiata all'attuale offerta di Van den Hurk. Insieme troveremo la vostra auto aziendale perfetta.","robots":{"index":"index","follow":"follow","max-snippet":"max-snippet:-1","max-image-preview":"max-image-preview:large","max-video-preview":"max-video-preview:-1"},"canonical":"https:\/\/www.vdhurk.nl\/it\/veicoli-commerciali-citroen\/mercedes-18\/","og_locale":"it_IT","og_type":"article","og_title":"Bekijk de mogelijkheden en vind jouw Citro\u00ebn Jumpy occasion","og_description":"Op zoek naar Citro\u00ebn Jumpy occasion? Bekijk dan het actuele aanbod van Van den Hurk. Samen vinden we jouw perfecte bedrijfswagen.","og_url":"https:\/\/www.vdhurk.nl\/it\/veicoli-commerciali-citroen\/mercedes-18\/","og_site_name":"Van den Hurk Bedrijfswagens","twitter_card":"summary_large_image","twitter_misc":{"Tempo di lettura stimato":"5 minuti"},"schema":{"@context":"https:\/\/schema.org","@graph":[{"@type":"WebPage","@id":"https:\/\/www.vdhurk.nl\/citroen-bedrijfswagens\/jumpy\/","url":"https:\/\/www.vdhurk.nl\/citroen-bedrijfswagens\/jumpy\/","name":"Scopri le opzioni e trova la tua auto usata Citro\u00ebn Jumpy","isPartOf":{"@id":"https:\/\/www.vdhurk.nl\/#website"},"datePublished":"2024-09-20T08:54:47+00:00","description":"Siete alla ricerca di un'occasione Citro\u00ebn Jumpy? Allora date un'occhiata all'attuale offerta di Van den Hurk. Insieme troveremo la vostra auto aziendale perfetta.","breadcrumb":{"@id":"https:\/\/www.vdhurk.nl\/citroen-bedrijfswagens\/jumpy\/#breadcrumb"},"inLanguage":"it-IT","potentialAction":[{"@type":"ReadAction","target":["https:\/\/www.vdhurk.nl\/citroen-bedrijfswagens\/jumpy\/"]}]},{"@type":"BreadcrumbList","@id":"https:\/\/www.vdhurk.nl\/citroen-bedrijfswagens\/jumpy\/#breadcrumb","itemListElement":[{"@type":"ListItem","position":1,"name":"Home","item":"https:\/\/www.vdhurk.nl\/home\/"},{"@type":"ListItem","position":2,"name":"Citro\u00ebn Bedrijfswagens","item":"https:\/\/www.vdhurk.nl\/citroen-bedrijfswagens\/"},{"@type":"ListItem","position":3,"name":"Citro\u00ebn Jumpy"}]},{"@type":"WebSite","@id":"https:\/\/www.vdhurk.nl\/#website","url":"https:\/\/www.vdhurk.nl\/","name":"Veicoli commerciali Van den Hurk","description":"Van den Hurk veicoli commerciali Helmond","potentialAction":[{"@type":"SearchAction","target":{"@type":"EntryPoint","urlTemplate":"https:\/\/www.vdhurk.nl\/?s={search_term_string}"},"query-input":{"@type":"PropertyValueSpecification","valueRequired":true,"valueName":"search_term_string"}}],"inLanguage":"it-IT"}]}},"_links":{"self":[{"href":"https:\/\/www.vdhurk.nl\/it\/wp-json\/wp\/v2\/pages\/405902","targetHints":{"allow":["GET"]}}],"collection":[{"href":"https:\/\/www.vdhurk.nl\/it\/wp-json\/wp\/v2\/pages"}],"about":[{"href":"https:\/\/www.vdhurk.nl\/it\/wp-json\/wp\/v2\/types\/page"}],"author":[{"embeddable":true,"href":"https:\/\/www.vdhurk.nl\/it\/wp-json\/wp\/v2\/users\/3"}],"replies":[{"embeddable":true,"href":"https:\/\/www.vdhurk.nl\/it\/wp-json\/wp\/v2\/comments?post=405902"}],"version-history":[{"count":1,"href":"https:\/\/www.vdhurk.nl\/it\/wp-json\/wp\/v2\/pages\/405902\/revisions"}],"predecessor-version":[{"id":405920,"href":"https:\/\/www.vdhurk.nl\/it\/wp-json\/wp\/v2\/pages\/405902\/revisions\/405920"}],"up":[{"embeddable":true,"href":"https:\/\/www.vdhurk.nl\/it\/wp-json\/wp\/v2\/pages\/372085"}],"wp:attachment":[{"href":"https:\/\/www.vdhurk.nl\/it\/wp-json\/wp\/v2\/media?parent=405902"}],"curies":[{"name":"wp","href":"https:\/\/api.w.org\/{rel}","templated":true}]}}