{"id":402273,"date":"2024-09-05T10:59:46","date_gmt":"2024-09-05T08:59:46","guid":{"rendered":"https:\/\/www.vdhurk.nl\/?page_id=402273"},"modified":"2024-09-05T10:59:46","modified_gmt":"2024-09-05T08:59:46","slug":"mercedes-23","status":"publish","type":"page","link":"https:\/\/www.vdhurk.nl\/it\/fiat-bedrijfswagens\/fiorino\/","title":{"rendered":"Fiat Fiorino"},"content":{"rendered":"<section  class='av_textblock_section av-lu8gnh7d-4ac895489941e586c1d7c8cb72318135'  itemscope=\"itemscope\" itemtype=\"https:\/\/schema.org\/CreativeWork\" ><div class='avia_textblock'  itemprop=\"text\" ><h1>Trova il tuo Fiat Fiorino<\/h1>\n<p>Il Fiat Fiorino occasion \u00e8 un veicolo commerciale conveniente e versatile nella sua categoria. Combinando funzionalit\u00e0 e stile, questo modello offre una soluzione affidabile per diverse esigenze aziendali. Grazie alle sue dimensioni compatte, questo veicolo commerciale si muove senza fatica nel traffico e si parcheggia facilmente in spazi ristretti. Questo rende il Fiat Fiorino popolare tra le aziende.<\/p>\n<\/div><\/section>\n\n<style type=\"text\/css\" data-created_by=\"avia_inline_auto\" id=\"style-css-av-lujjddpd-afa3d7a9eabd61123e643ed1228e781e\">\n#top .hr.hr-invisible.av-lujjddpd-afa3d7a9eabd61123e643ed1228e781e{\nheight:50px;\n}\n<\/style>\n<div  class='hr av-lujjddpd-afa3d7a9eabd61123e643ed1228e781e hr-invisible  avia-builder-el-1  el_after_av_textblock  el_before_av_codeblock'><span class='hr-inner'><span class=\"hr-inner-style\"><\/span><\/span><\/div>\n\n\n<style type=\"text\/css\" data-created_by=\"avia_inline_auto\" id=\"style-css-av-ah0xd-63338d9dc6b40410e22a712829c369d6\">\n#top .hr.hr-invisible.av-ah0xd-63338d9dc6b40410e22a712829c369d6{\nheight:50px;\n}\n<\/style>\n<div  class='hr av-ah0xd-63338d9dc6b40410e22a712829c369d6 hr-invisible  avia-builder-el-3  el_after_av_codeblock  el_before_av_textblock'><span class='hr-inner'><span class=\"hr-inner-style\"><\/span><\/span><\/div>\n<section  class='av_textblock_section av-lu8gow1e-300853e458ed741bd87d6cb78e55cc7a'  itemscope=\"itemscope\" itemtype=\"https:\/\/schema.org\/CreativeWork\" ><div class='avia_textblock'  itemprop=\"text\" ><h2>Vantaggi del Fiat Fiorino<\/h2>\n<p>Questo veicolo commerciale presenta numerosi vantaggi, tra cui l'eccellente manovrabilit\u00e0. Grazie alle sue dimensioni compatte, questo veicolo commerciale \u00e8 ideale per il traffico cittadino: si muove facilmente nelle strade strette e nelle situazioni di traffico intenso. Nonostante le sue dimensioni modeste, il Fiorino offre un carico utile impressionante, che rende il trasporto di merci non un problema. Inoltre, i suoi motori a basso consumo di carburante assicurano bassi costi operativi, rendendo questo modello una scelta conveniente per le aziende che vogliono ridurre al minimo le spese. Con una solida reputazione di affidabilit\u00e0, <a href=\"https:\/\/www.vdhurk.nl\/it\/veicoli-commerciali-fiat\/\">Fiat<\/a> ha assicurato che il Fiorino \u00e8 progettato per un uso intensivo e a lungo termine. Inoltre, questo veicolo \u00e8 disponibile in diverse versioni e pu\u00f2 essere facilmente adattato alle specifiche esigenze aziendali.<\/p>\n<\/div><\/section>\n<div class='flex_column av-f64w1-da126f42b61613402309283c14245a25 av_one_half  avia-builder-el-5  el_after_av_textblock  el_before_av_one_third  first flex_column_div column-top-margin'   ><section  class='av_textblock_section av-lu8gpqre-73cc2c17e6a6497ba6e1b58af22bd9e8'  itemscope=\"itemscope\" itemtype=\"https:\/\/schema.org\/CreativeWork\" ><div class='avia_textblock'  itemprop=\"text\" ><h2>Specifiche tecniche<\/h2>\n<p>Il Fiat Fiorino presenta diverse caratteristiche che lo rendono una scelta popolare tra le aziende e le organizzazioni. Questo modello offre un'impressionante capacit\u00e0 di carico fino a 610 chilogrammi, ideale per il trasporto di merci. Gli interni funzionali combinano la facilit\u00e0 d'uso con opzioni di stoccaggio intelligenti. La sicurezza viene sempre al primo posto; pertanto, il Fiorino \u00e8 dotato di un'ampia gamma di dispositivi di sicurezza standard e opzionali per una protezione ottimale. Inoltre, sono disponibili tecnologie moderne come un sistema di infotainment e opzioni di connettivit\u00e0, che rendono il veicolo non solo pratico, ma anche a prova di futuro.<\/p>\n<\/div><\/section><\/div><div class='flex_column av-aldk9-ee694297f5c4032981677a02caab84d6 av_one_third  avia-builder-el-7  el_after_av_one_half  el_before_av_hr  flex_column_div column-top-margin'   ><style type=\"text\/css\" data-created_by=\"avia_inline_auto\" id=\"style-css-av-l1w9kpsf-4ec3fab772ec7a9adaa33cfc64ff0475\">\n.avia-image-container.av-l1w9kpsf-4ec3fab772ec7a9adaa33cfc64ff0475 .av-image-caption-overlay-center{\ncolor:#ffffff;\n}\n<\/style>\n<div  class='avia-image-container av-l1w9kpsf-4ec3fab772ec7a9adaa33cfc64ff0475 av-styling- avia-align-center  avia-builder-el-8  avia-builder-el-no-sibling'  itemprop=\"image\" itemscope=\"itemscope\" itemtype=\"https:\/\/schema.org\/ImageObject\" ><div class=\"avia-image-container-inner\"><div class=\"avia-image-overlay-wrap\"><img decoding=\"async\" class='wp-image-187 avia-img-lazy-loading-not-187 avia_image' src=\"https:\/\/www.vdhurk.nl\/wp-content\/uploads\/2022\/03\/Voorrad.png\" alt='' title='Stock'  height=\"758\" width=\"1135\"  itemprop=\"thumbnailUrl\" srcset=\"https:\/\/www.vdhurk.nl\/wp-content\/uploads\/2022\/03\/Voorrad.png 1135w, https:\/\/www.vdhurk.nl\/wp-content\/uploads\/2022\/03\/Voorrad-300x200.png 300w, https:\/\/www.vdhurk.nl\/wp-content\/uploads\/2022\/03\/Voorrad-1030x688.png 1030w, https:\/\/www.vdhurk.nl\/wp-content\/uploads\/2022\/03\/Voorrad-768x513.png 768w, https:\/\/www.vdhurk.nl\/wp-content\/uploads\/2022\/03\/Voorrad-18x12.png 18w, https:\/\/www.vdhurk.nl\/wp-content\/uploads\/2022\/03\/Voorrad-705x471.png 705w\" sizes=\"(max-width: 1135px) 100vw, 1135px\" \/><\/div><\/div><\/div><\/div><\/p>\n\n<style type=\"text\/css\" data-created_by=\"avia_inline_auto\" id=\"style-css-av-luqrjpjc-5a23a1fb5f94718ca85316a9df963e2f\">\n#top .hr.hr-invisible.av-luqrjpjc-5a23a1fb5f94718ca85316a9df963e2f{\nheight:50px;\n}\n<\/style>\n<div  class='hr av-luqrjpjc-5a23a1fb5f94718ca85316a9df963e2f hr-invisible  avia-builder-el-9  el_after_av_one_third  el_before_av_textblock'><span class='hr-inner'><span class=\"hr-inner-style\"><\/span><\/span><\/div>\n<section  class='av_textblock_section av-lu8gtjw7-4f3cee9304909518d86d2860d9d582dd'  itemscope=\"itemscope\" itemtype=\"https:\/\/schema.org\/CreativeWork\" ><div class='avia_textblock'  itemprop=\"text\" ><h2>Acquistare un Fiat Fiorino: quali sono i prezzi?<\/h2>\n<p>I prezzi variano perch\u00e9 nella nostra gamma sono presenti sia modelli di Fiat Fiorino nuovi che di seconda mano. Naturalmente, il prezzo di un modello nuovo \u00e8 superiore a quello di un modello usato. Inoltre, anche altri fattori giocano un ruolo nel prezzo, come la versione e le condizioni del veicolo. La nostra gamma \u00e8 variabile, quindi i prezzi dipendono dalla disponibilit\u00e0 del momento. Anche se \u00e8 difficile indicare un prezzo esatto, di solito si pu\u00f2 contare su 10.000-15.000 euro per un Fiat Fiorino di seconda mano, mentre un modello nuovo parte da circa 20.000 euro. Controllate quindi regolarmente la nostra offerta per trovare il miglior affare!<\/p>\n<h2>Leasing di un Fiat Fiorino<\/h2>\n<p>Oltre alla possibilit\u00e0 di acquistare direttamente un veicolo commerciale, potete anche optare per <a href=\"https:\/\/www.vdhurk.nl\/it\/locazione-finanziaria\/\">locazione finanziaria<\/a>. Con questa opzione, non dovrete versare un'ingente somma di denaro tutta in una volta. Al contrario, il veicolo viene pagato in rate mensili e diventa gradualmente di vostra propriet\u00e0. Ci\u00f2 significa che pagherete un importo fisso ogni mese, rendendo la vostra pianificazione finanziaria pi\u00f9 semplice e flessibile. Al termine del periodo di leasing, sarete proprietari a tutti gli effetti del veicolo, senza dover fare un grosso investimento iniziale.<\/p>\n<h2>Visualizza l'offerta<\/h2>\n<p>Volete acquistare un Fiat Fiorino d'occasione? Allora date un'occhiata all'offerta attuale di Van den Hurk. La vostra auto aziendale perfetta non \u00e8 presente nell'elenco? Non c'\u00e8 da preoccuparsi! Iscrivetevi alla nostra <a href=\"https:\/\/www.vdhurk.nl\/it\/allarme-azionario\/\">allarme azionario<\/a>. Inoltre, avete sempre la possibilit\u00e0 di contattarci. Saremo lieti di fornirvi ulteriori informazioni per consentirvi di fare una scelta consapevole.<\/p>\n<\/div><\/section>","protected":false},"excerpt":{"rendered":"","protected":false},"author":3,"featured_media":0,"parent":372075,"menu_order":0,"comment_status":"closed","ping_status":"closed","template":"","meta":{"_acf_changed":false,"_improvement_type_select":"improve_an_existing","_thumb_yes_seoaic":false,"_frame_yes_seoaic":false,"seoaic_generate_description":"","seoaic_improve_instructions_prompt":"","seoaic_rollback_content_improvement":"","seoaic_idea_thumbnail_generator":"","thumbnail_generated":false,"thumbnail_generate_prompt":"","seoaic_article_description":"","footnotes":""},"class_list":["post-402273","page","type-page","status-publish","hentry"],"acf":[],"yoast_head":"<!-- This site is optimized with the Yoast SEO plugin v27.5 - https:\/\/yoast.com\/product\/yoast-seo-wordpress\/ -->\n<title>Koop een Fiat Fiorino occasion tegenover scherpe prijzen<\/title>\n<meta name=\"description\" content=\"Vind jouw Fiat Fiorino occasion binnen ons uitgebreide assortiment. Ontdek de voordelen en specificaties van dit model en kies voor service en kwaliteit.\" \/>\n<meta name=\"robots\" content=\"index, follow, max-snippet:-1, max-image-preview:large, max-video-preview:-1\" \/>\n<link rel=\"canonical\" href=\"https:\/\/www.vdhurk.nl\/it\/veicoli-commerciali-fiat\/mercedes-23\/\" \/>\n<meta property=\"og:locale\" content=\"it_IT\" \/>\n<meta property=\"og:type\" content=\"article\" \/>\n<meta property=\"og:title\" content=\"Koop een Fiat Fiorino occasion tegenover scherpe prijzen\" \/>\n<meta property=\"og:description\" content=\"Vind jouw Fiat Fiorino occasion binnen ons uitgebreide assortiment. Ontdek de voordelen en specificaties van dit model en kies voor service en kwaliteit.\" \/>\n<meta property=\"og:url\" content=\"https:\/\/www.vdhurk.nl\/it\/veicoli-commerciali-fiat\/mercedes-23\/\" \/>\n<meta property=\"og:site_name\" content=\"Van den Hurk Bedrijfswagens\" \/>\n<meta name=\"twitter:card\" content=\"summary_large_image\" \/>\n<meta name=\"twitter:label1\" content=\"Tempo di lettura stimato\" \/>\n\t<meta name=\"twitter:data1\" content=\"5 minuti\" \/>\n<script type=\"application\/ld+json\" class=\"yoast-schema-graph\">{\"@context\":\"https:\\\/\\\/schema.org\",\"@graph\":[{\"@type\":\"WebPage\",\"@id\":\"https:\\\/\\\/www.vdhurk.nl\\\/fiat-bedrijfswagens\\\/fiorino\\\/\",\"url\":\"https:\\\/\\\/www.vdhurk.nl\\\/fiat-bedrijfswagens\\\/fiorino\\\/\",\"name\":\"Koop een Fiat Fiorino occasion tegenover scherpe prijzen\",\"isPartOf\":{\"@id\":\"https:\\\/\\\/www.vdhurk.nl\\\/#website\"},\"datePublished\":\"2024-09-05T08:59:46+00:00\",\"description\":\"Vind jouw Fiat Fiorino occasion binnen ons uitgebreide assortiment. Ontdek de voordelen en specificaties van dit model en kies voor service en kwaliteit.\",\"breadcrumb\":{\"@id\":\"https:\\\/\\\/www.vdhurk.nl\\\/fiat-bedrijfswagens\\\/fiorino\\\/#breadcrumb\"},\"inLanguage\":\"it-IT\",\"potentialAction\":[{\"@type\":\"ReadAction\",\"target\":[\"https:\\\/\\\/www.vdhurk.nl\\\/fiat-bedrijfswagens\\\/fiorino\\\/\"]}]},{\"@type\":\"BreadcrumbList\",\"@id\":\"https:\\\/\\\/www.vdhurk.nl\\\/fiat-bedrijfswagens\\\/fiorino\\\/#breadcrumb\",\"itemListElement\":[{\"@type\":\"ListItem\",\"position\":1,\"name\":\"Home\",\"item\":\"https:\\\/\\\/www.vdhurk.nl\\\/home\\\/\"},{\"@type\":\"ListItem\",\"position\":2,\"name\":\"Fiat Bedrijfswagens\",\"item\":\"https:\\\/\\\/www.vdhurk.nl\\\/fiat-bedrijfswagens\\\/\"},{\"@type\":\"ListItem\",\"position\":3,\"name\":\"Fiat Fiorino\"}]},{\"@type\":\"WebSite\",\"@id\":\"https:\\\/\\\/www.vdhurk.nl\\\/#website\",\"url\":\"https:\\\/\\\/www.vdhurk.nl\\\/\",\"name\":\"Van den Hurk Bedrijfswagens\",\"description\":\"Van den Hurk bedrijfswagens Helmond\",\"potentialAction\":[{\"@type\":\"SearchAction\",\"target\":{\"@type\":\"EntryPoint\",\"urlTemplate\":\"https:\\\/\\\/www.vdhurk.nl\\\/?s={search_term_string}\"},\"query-input\":{\"@type\":\"PropertyValueSpecification\",\"valueRequired\":true,\"valueName\":\"search_term_string\"}}],\"inLanguage\":\"it-IT\"}]}<\/script>\n<!-- \/ Yoast SEO plugin. -->","yoast_head_json":{"title":"Acquistare un Fiat Fiorino a prezzi competitivi","description":"Trovate la vostra occasione Fiat Fiorino all'interno della nostra vasta gamma. Scoprite i vantaggi e le caratteristiche di questo modello e scegliete il servizio e la qualit\u00e0.","robots":{"index":"index","follow":"follow","max-snippet":"max-snippet:-1","max-image-preview":"max-image-preview:large","max-video-preview":"max-video-preview:-1"},"canonical":"https:\/\/www.vdhurk.nl\/it\/veicoli-commerciali-fiat\/mercedes-23\/","og_locale":"it_IT","og_type":"article","og_title":"Koop een Fiat Fiorino occasion tegenover scherpe prijzen","og_description":"Vind jouw Fiat Fiorino occasion binnen ons uitgebreide assortiment. Ontdek de voordelen en specificaties van dit model en kies voor service en kwaliteit.","og_url":"https:\/\/www.vdhurk.nl\/it\/veicoli-commerciali-fiat\/mercedes-23\/","og_site_name":"Van den Hurk Bedrijfswagens","twitter_card":"summary_large_image","twitter_misc":{"Tempo di lettura stimato":"5 minuti"},"schema":{"@context":"https:\/\/schema.org","@graph":[{"@type":"WebPage","@id":"https:\/\/www.vdhurk.nl\/fiat-bedrijfswagens\/fiorino\/","url":"https:\/\/www.vdhurk.nl\/fiat-bedrijfswagens\/fiorino\/","name":"Acquistare un Fiat Fiorino a prezzi competitivi","isPartOf":{"@id":"https:\/\/www.vdhurk.nl\/#website"},"datePublished":"2024-09-05T08:59:46+00:00","description":"Trovate la vostra occasione Fiat Fiorino all'interno della nostra vasta gamma. Scoprite i vantaggi e le caratteristiche di questo modello e scegliete il servizio e la qualit\u00e0.","breadcrumb":{"@id":"https:\/\/www.vdhurk.nl\/fiat-bedrijfswagens\/fiorino\/#breadcrumb"},"inLanguage":"it-IT","potentialAction":[{"@type":"ReadAction","target":["https:\/\/www.vdhurk.nl\/fiat-bedrijfswagens\/fiorino\/"]}]},{"@type":"BreadcrumbList","@id":"https:\/\/www.vdhurk.nl\/fiat-bedrijfswagens\/fiorino\/#breadcrumb","itemListElement":[{"@type":"ListItem","position":1,"name":"Home","item":"https:\/\/www.vdhurk.nl\/home\/"},{"@type":"ListItem","position":2,"name":"Fiat Bedrijfswagens","item":"https:\/\/www.vdhurk.nl\/fiat-bedrijfswagens\/"},{"@type":"ListItem","position":3,"name":"Fiat Fiorino"}]},{"@type":"WebSite","@id":"https:\/\/www.vdhurk.nl\/#website","url":"https:\/\/www.vdhurk.nl\/","name":"Veicoli commerciali Van den Hurk","description":"Van den Hurk veicoli commerciali Helmond","potentialAction":[{"@type":"SearchAction","target":{"@type":"EntryPoint","urlTemplate":"https:\/\/www.vdhurk.nl\/?s={search_term_string}"},"query-input":{"@type":"PropertyValueSpecification","valueRequired":true,"valueName":"search_term_string"}}],"inLanguage":"it-IT"}]}},"_links":{"self":[{"href":"https:\/\/www.vdhurk.nl\/it\/wp-json\/wp\/v2\/pages\/402273","targetHints":{"allow":["GET"]}}],"collection":[{"href":"https:\/\/www.vdhurk.nl\/it\/wp-json\/wp\/v2\/pages"}],"about":[{"href":"https:\/\/www.vdhurk.nl\/it\/wp-json\/wp\/v2\/types\/page"}],"author":[{"embeddable":true,"href":"https:\/\/www.vdhurk.nl\/it\/wp-json\/wp\/v2\/users\/3"}],"replies":[{"embeddable":true,"href":"https:\/\/www.vdhurk.nl\/it\/wp-json\/wp\/v2\/comments?post=402273"}],"version-history":[{"count":1,"href":"https:\/\/www.vdhurk.nl\/it\/wp-json\/wp\/v2\/pages\/402273\/revisions"}],"predecessor-version":[{"id":402274,"href":"https:\/\/www.vdhurk.nl\/it\/wp-json\/wp\/v2\/pages\/402273\/revisions\/402274"}],"up":[{"embeddable":true,"href":"https:\/\/www.vdhurk.nl\/it\/wp-json\/wp\/v2\/pages\/372075"}],"wp:attachment":[{"href":"https:\/\/www.vdhurk.nl\/it\/wp-json\/wp\/v2\/media?parent=402273"}],"curies":[{"name":"wp","href":"https:\/\/api.w.org\/{rel}","templated":true}]}}