{"id":402263,"date":"2024-09-05T10:46:12","date_gmt":"2024-09-05T08:46:12","guid":{"rendered":"https:\/\/www.vdhurk.nl\/?page_id=402263"},"modified":"2024-09-05T10:46:12","modified_gmt":"2024-09-05T08:46:12","slug":"mercedes-5","status":"publish","type":"page","link":"https:\/\/www.vdhurk.nl\/it\/fiat-bedrijfswagens\/scudo\/","title":{"rendered":"Fiat Scudo"},"content":{"rendered":"<section  class='av_textblock_section av-lu8gnh7d-4ac895489941e586c1d7c8cb72318135'  itemscope=\"itemscope\" itemtype=\"https:\/\/schema.org\/CreativeWork\" ><div class='avia_textblock'  itemprop=\"text\" ><h1>Trova la tua auto usata Fiat Scudo ideale<\/h1>\n<p>Il Fiat Scudo occasionale \u00e8 stato progettato tenendo conto delle esigenze degli utenti business. Questo modello \u00e8 estremamente versatile e ci\u00f2 si riflette in vari aspetti. Ci\u00f2 rende lo Scudo molto popolare tra le aziende di diversi settori. Questo modello non offre solo versatilit\u00e0, ma anche affidabilit\u00e0. Un aspetto fondamentale per le aziende che utilizzano quotidianamente i loro veicoli commerciali. Per saperne di pi\u00f9 sulle versioni e sulle specifiche dello Scudo.<\/p>\n<\/div><\/section>\n\n<style type=\"text\/css\" data-created_by=\"avia_inline_auto\" id=\"style-css-av-lujjddpd-afa3d7a9eabd61123e643ed1228e781e\">\n#top .hr.hr-invisible.av-lujjddpd-afa3d7a9eabd61123e643ed1228e781e{\nheight:50px;\n}\n<\/style>\n<div  class='hr av-lujjddpd-afa3d7a9eabd61123e643ed1228e781e hr-invisible  avia-builder-el-1  el_after_av_textblock  el_before_av_codeblock'><span class='hr-inner'><span class=\"hr-inner-style\"><\/span><\/span><\/div>\n\n\n<style type=\"text\/css\" data-created_by=\"avia_inline_auto\" id=\"style-css-av-ah0xd-63338d9dc6b40410e22a712829c369d6\">\n#top .hr.hr-invisible.av-ah0xd-63338d9dc6b40410e22a712829c369d6{\nheight:50px;\n}\n<\/style>\n<div  class='hr av-ah0xd-63338d9dc6b40410e22a712829c369d6 hr-invisible  avia-builder-el-3  el_after_av_codeblock  el_before_av_textblock'><span class='hr-inner'><span class=\"hr-inner-style\"><\/span><\/span><\/div>\n<section  class='av_textblock_section av-lu8gow1e-300853e458ed741bd87d6cb78e55cc7a'  itemscope=\"itemscope\" itemtype=\"https:\/\/schema.org\/CreativeWork\" ><div class='avia_textblock'  itemprop=\"text\" ><h2>Per cosa \u00e8 noto il Fiat Scudo?<\/h2>\n<p>Fiat \u00e8 nota per i suoi veicoli commerciali affidabili, e questo vale anche per lo Scudo. Questo modello \u00e8 noto per la praticit\u00e0 dello spazio di carico e la flessibilit\u00e0 del layout. Ci\u00f2 rende questo veicolo commerciale ideale per il trasporto di merci e persone. Inoltre, questo modello \u00e8 dotato di motori a basso consumo di carburante e quindi di bassi costi di manutenzione. Pertanto, questo modello \u00e8 anche una scelta economicamente vantaggiosa per le aziende che desiderano mantenere bassi i costi operativi. Ci\u00f2 rende lo Scudo popolare tra molte aziende di vari settori, dalla logistica all'edilizia, fino alle societ\u00e0 di servizi e assistenza.<\/p>\n<\/div><\/section>\n<div class='flex_column av-f64w1-da126f42b61613402309283c14245a25 av_one_half  avia-builder-el-5  el_after_av_textblock  el_before_av_one_third  first flex_column_div column-top-margin'   ><section  class='av_textblock_section av-lu8gpqre-73cc2c17e6a6497ba6e1b58af22bd9e8'  itemscope=\"itemscope\" itemtype=\"https:\/\/schema.org\/CreativeWork\" ><div class='avia_textblock'  itemprop=\"text\" ><h2>Quali sono i vantaggi?<\/h2>\n<p>Il Fiat Scudo offre numerosi vantaggi. Ad esempio, questo veicolo commerciale non solo ha un'elevata capacit\u00e0 di carico, ma anche un design intelligente. Questo lo rende uno dei veicoli commerciali pi\u00f9 diffusi. Il modello \u00e8 pi\u00f9 grande del <a href=\"https:\/\/www.vdhurk.nl\/it\/veicoli-commerciali-fiat\/mercedes-21\/\">Fiat Doblo<\/a> e pi\u00f9 piccolo del <a href=\"https:\/\/www.vdhurk.nl\/it\/veicoli-commerciali-fiat\/mercedes-17\/\">Fiat Ducato<\/a>. e si guida come un'autovettura. Lo Scudo \u00e8 dotato di comodi posti a sedere e di altre comodit\u00e0. L'ideale quando si \u00e8 in viaggio per molto tempo. Inoltre, questo veicolo commerciale \u00e8 dotato di diversi sistemi di assistenza alla guida che rendono la guida ancora pi\u00f9 semplice.<\/p>\n<\/div><\/section><\/div><div class='flex_column av-aldk9-ee694297f5c4032981677a02caab84d6 av_one_third  avia-builder-el-7  el_after_av_one_half  el_before_av_hr  flex_column_div column-top-margin'   ><style type=\"text\/css\" data-created_by=\"avia_inline_auto\" id=\"style-css-av-l1w9kpsf-4ec3fab772ec7a9adaa33cfc64ff0475\">\n.avia-image-container.av-l1w9kpsf-4ec3fab772ec7a9adaa33cfc64ff0475 .av-image-caption-overlay-center{\ncolor:#ffffff;\n}\n<\/style>\n<div  class='avia-image-container av-l1w9kpsf-4ec3fab772ec7a9adaa33cfc64ff0475 av-styling- avia-align-center  avia-builder-el-8  avia-builder-el-no-sibling'  itemprop=\"image\" itemscope=\"itemscope\" itemtype=\"https:\/\/schema.org\/ImageObject\" ><div class=\"avia-image-container-inner\"><div class=\"avia-image-overlay-wrap\"><img decoding=\"async\" class='wp-image-187 avia-img-lazy-loading-not-187 avia_image' src=\"https:\/\/www.vdhurk.nl\/wp-content\/uploads\/2022\/03\/Voorrad.png\" alt='' title='Stock'  height=\"758\" width=\"1135\"  itemprop=\"thumbnailUrl\" srcset=\"https:\/\/www.vdhurk.nl\/wp-content\/uploads\/2022\/03\/Voorrad.png 1135w, https:\/\/www.vdhurk.nl\/wp-content\/uploads\/2022\/03\/Voorrad-300x200.png 300w, https:\/\/www.vdhurk.nl\/wp-content\/uploads\/2022\/03\/Voorrad-1030x688.png 1030w, https:\/\/www.vdhurk.nl\/wp-content\/uploads\/2022\/03\/Voorrad-768x513.png 768w, https:\/\/www.vdhurk.nl\/wp-content\/uploads\/2022\/03\/Voorrad-18x12.png 18w, https:\/\/www.vdhurk.nl\/wp-content\/uploads\/2022\/03\/Voorrad-705x471.png 705w\" sizes=\"(max-width: 1135px) 100vw, 1135px\" \/><\/div><\/div><\/div><\/div><\/p>\n\n<style type=\"text\/css\" data-created_by=\"avia_inline_auto\" id=\"style-css-av-luqrjpjc-5a23a1fb5f94718ca85316a9df963e2f\">\n#top .hr.hr-invisible.av-luqrjpjc-5a23a1fb5f94718ca85316a9df963e2f{\nheight:50px;\n}\n<\/style>\n<div  class='hr av-luqrjpjc-5a23a1fb5f94718ca85316a9df963e2f hr-invisible  avia-builder-el-9  el_after_av_one_third  el_before_av_textblock'><span class='hr-inner'><span class=\"hr-inner-style\"><\/span><\/span><\/div>\n<section  class='av_textblock_section av-lu8gtjw7-4f3cee9304909518d86d2860d9d582dd'  itemscope=\"itemscope\" itemtype=\"https:\/\/schema.org\/CreativeWork\" ><div class='avia_textblock'  itemprop=\"text\" ><h2>Prezzi<\/h2>\n<p>Nella nostra gamma sono regolarmente disponibili diversi modelli di Fiat Scudo. A causa della variet\u00e0 di versioni, anni di produzione e chilometraggio, anche i prezzi possono variare. La nostra gamma \u00e8 in continua evoluzione, per questo motivo vi consigliamo di visitare il nostro sito <a href=\"https:\/\/www.vdhurk.nl\/it\/veicoli-commerciali\/\">offerta attuale di veicoli commerciali<\/a> o contattateci per avere informazioni specifiche sui modelli e sui prezzi disponibili. Saremo lieti di aiutarvi a trovare un veicolo commerciale adatto al vostro budget.<\/p>\n<h2>Leasing di un Fiat Scudo<\/h2>\n<p>Sapevate che presso Van den Hurk \u00e8 possibile utilizzare anche <a href=\"https:\/\/www.vdhurk.nl\/it\/locazione-finanziaria\/\">locazione finanziaria<\/a>? Questo \u00e8 un prodotto speciale per gli imprenditori che vogliono certezze. Si stabilisce la durata che si adatta all'ammortamento e al periodo di locazione dell'oggetto. Il tasso di interesse \u00e8 determinato in anticipo, quindi si paga un importo fisso al mese. In questo modo si sa esattamente qual \u00e8 la propria posizione.<\/p>\n<h2>Trovate l'auto aziendale adatta alle vostre esigenze<\/h2>\n<p>Acquistare un Fiat Scudo usato o nuovo: da Van den Hurk troverete la soluzione che si adatta perfettamente alle vostre esigenze aziendali. Siamo pronti ad aiutarvi a fare la scelta giusta. Contattateci per una consulenza personalizzata e per discutere la nostra offerta attuale. Acquistare un Fiat Scudo non \u00e8 mai stato cos\u00ec facile.<\/p>\n<\/div><\/section>","protected":false},"excerpt":{"rendered":"","protected":false},"author":3,"featured_media":0,"parent":372075,"menu_order":0,"comment_status":"closed","ping_status":"closed","template":"","meta":{"_acf_changed":false,"_improvement_type_select":"improve_an_existing","_thumb_yes_seoaic":false,"_frame_yes_seoaic":false,"seoaic_generate_description":"","seoaic_improve_instructions_prompt":"","seoaic_rollback_content_improvement":"","seoaic_idea_thumbnail_generator":"","thumbnail_generated":false,"thumbnail_generate_prompt":"","seoaic_article_description":"","footnotes":""},"class_list":["post-402263","page","type-page","status-publish","hentry"],"acf":[],"yoast_head":"<!-- This site is optimized with the Yoast SEO plugin v27.5 - https:\/\/yoast.com\/product\/yoast-seo-wordpress\/ -->\n<title>Fiat Scudo occasion kopen? Kies voor service en kwaliteit<\/title>\n<meta name=\"description\" content=\"Op zoek naar een Fiat Scudo occasion voor jouw onderneming? Ontdek de diverse uitvoeringen en specificaties van dit model en vind de perfecte match.\" \/>\n<meta name=\"robots\" content=\"index, follow, max-snippet:-1, max-image-preview:large, max-video-preview:-1\" \/>\n<link rel=\"canonical\" href=\"https:\/\/www.vdhurk.nl\/it\/veicoli-commerciali-fiat\/mercedes-5\/\" \/>\n<meta property=\"og:locale\" content=\"it_IT\" \/>\n<meta property=\"og:type\" content=\"article\" \/>\n<meta property=\"og:title\" content=\"Fiat Scudo occasion kopen? Kies voor service en kwaliteit\" \/>\n<meta property=\"og:description\" content=\"Op zoek naar een Fiat Scudo occasion voor jouw onderneming? Ontdek de diverse uitvoeringen en specificaties van dit model en vind de perfecte match.\" \/>\n<meta property=\"og:url\" content=\"https:\/\/www.vdhurk.nl\/it\/veicoli-commerciali-fiat\/mercedes-5\/\" \/>\n<meta property=\"og:site_name\" content=\"Van den Hurk Bedrijfswagens\" \/>\n<meta name=\"twitter:card\" content=\"summary_large_image\" \/>\n<meta name=\"twitter:label1\" content=\"Tempo di lettura stimato\" \/>\n\t<meta name=\"twitter:data1\" content=\"4 minuti\" \/>\n<script type=\"application\/ld+json\" class=\"yoast-schema-graph\">{\"@context\":\"https:\\\/\\\/schema.org\",\"@graph\":[{\"@type\":\"WebPage\",\"@id\":\"https:\\\/\\\/www.vdhurk.nl\\\/fiat-bedrijfswagens\\\/scudo\\\/\",\"url\":\"https:\\\/\\\/www.vdhurk.nl\\\/fiat-bedrijfswagens\\\/scudo\\\/\",\"name\":\"Fiat Scudo occasion kopen? Kies voor service en kwaliteit\",\"isPartOf\":{\"@id\":\"https:\\\/\\\/www.vdhurk.nl\\\/#website\"},\"datePublished\":\"2024-09-05T08:46:12+00:00\",\"description\":\"Op zoek naar een Fiat Scudo occasion voor jouw onderneming? Ontdek de diverse uitvoeringen en specificaties van dit model en vind de perfecte match.\",\"breadcrumb\":{\"@id\":\"https:\\\/\\\/www.vdhurk.nl\\\/fiat-bedrijfswagens\\\/scudo\\\/#breadcrumb\"},\"inLanguage\":\"it-IT\",\"potentialAction\":[{\"@type\":\"ReadAction\",\"target\":[\"https:\\\/\\\/www.vdhurk.nl\\\/fiat-bedrijfswagens\\\/scudo\\\/\"]}]},{\"@type\":\"BreadcrumbList\",\"@id\":\"https:\\\/\\\/www.vdhurk.nl\\\/fiat-bedrijfswagens\\\/scudo\\\/#breadcrumb\",\"itemListElement\":[{\"@type\":\"ListItem\",\"position\":1,\"name\":\"Home\",\"item\":\"https:\\\/\\\/www.vdhurk.nl\\\/home\\\/\"},{\"@type\":\"ListItem\",\"position\":2,\"name\":\"Fiat Bedrijfswagens\",\"item\":\"https:\\\/\\\/www.vdhurk.nl\\\/fiat-bedrijfswagens\\\/\"},{\"@type\":\"ListItem\",\"position\":3,\"name\":\"Fiat Scudo\"}]},{\"@type\":\"WebSite\",\"@id\":\"https:\\\/\\\/www.vdhurk.nl\\\/#website\",\"url\":\"https:\\\/\\\/www.vdhurk.nl\\\/\",\"name\":\"Van den Hurk Bedrijfswagens\",\"description\":\"Van den Hurk bedrijfswagens Helmond\",\"potentialAction\":[{\"@type\":\"SearchAction\",\"target\":{\"@type\":\"EntryPoint\",\"urlTemplate\":\"https:\\\/\\\/www.vdhurk.nl\\\/?s={search_term_string}\"},\"query-input\":{\"@type\":\"PropertyValueSpecification\",\"valueRequired\":true,\"valueName\":\"search_term_string\"}}],\"inLanguage\":\"it-IT\"}]}<\/script>\n<!-- \/ Yoast SEO plugin. -->","yoast_head_json":{"title":"Acquistare una Fiat Scudo occasione? Scegliete il servizio e la qualit\u00e0","description":"Cercate un'auto usata Fiat Scudo per la vostra azienda? Esplorate le varie versioni e specifiche di questo modello e trovate l'abbinamento perfetto.","robots":{"index":"index","follow":"follow","max-snippet":"max-snippet:-1","max-image-preview":"max-image-preview:large","max-video-preview":"max-video-preview:-1"},"canonical":"https:\/\/www.vdhurk.nl\/it\/veicoli-commerciali-fiat\/mercedes-5\/","og_locale":"it_IT","og_type":"article","og_title":"Fiat Scudo occasion kopen? Kies voor service en kwaliteit","og_description":"Op zoek naar een Fiat Scudo occasion voor jouw onderneming? Ontdek de diverse uitvoeringen en specificaties van dit model en vind de perfecte match.","og_url":"https:\/\/www.vdhurk.nl\/it\/veicoli-commerciali-fiat\/mercedes-5\/","og_site_name":"Van den Hurk Bedrijfswagens","twitter_card":"summary_large_image","twitter_misc":{"Tempo di lettura stimato":"4 minuti"},"schema":{"@context":"https:\/\/schema.org","@graph":[{"@type":"WebPage","@id":"https:\/\/www.vdhurk.nl\/fiat-bedrijfswagens\/scudo\/","url":"https:\/\/www.vdhurk.nl\/fiat-bedrijfswagens\/scudo\/","name":"Acquistare una Fiat Scudo occasione? Scegliete il servizio e la qualit\u00e0","isPartOf":{"@id":"https:\/\/www.vdhurk.nl\/#website"},"datePublished":"2024-09-05T08:46:12+00:00","description":"Cercate un'auto usata Fiat Scudo per la vostra azienda? Esplorate le varie versioni e specifiche di questo modello e trovate l'abbinamento perfetto.","breadcrumb":{"@id":"https:\/\/www.vdhurk.nl\/fiat-bedrijfswagens\/scudo\/#breadcrumb"},"inLanguage":"it-IT","potentialAction":[{"@type":"ReadAction","target":["https:\/\/www.vdhurk.nl\/fiat-bedrijfswagens\/scudo\/"]}]},{"@type":"BreadcrumbList","@id":"https:\/\/www.vdhurk.nl\/fiat-bedrijfswagens\/scudo\/#breadcrumb","itemListElement":[{"@type":"ListItem","position":1,"name":"Home","item":"https:\/\/www.vdhurk.nl\/home\/"},{"@type":"ListItem","position":2,"name":"Fiat Bedrijfswagens","item":"https:\/\/www.vdhurk.nl\/fiat-bedrijfswagens\/"},{"@type":"ListItem","position":3,"name":"Fiat Scudo"}]},{"@type":"WebSite","@id":"https:\/\/www.vdhurk.nl\/#website","url":"https:\/\/www.vdhurk.nl\/","name":"Veicoli commerciali Van den Hurk","description":"Van den Hurk veicoli commerciali Helmond","potentialAction":[{"@type":"SearchAction","target":{"@type":"EntryPoint","urlTemplate":"https:\/\/www.vdhurk.nl\/?s={search_term_string}"},"query-input":{"@type":"PropertyValueSpecification","valueRequired":true,"valueName":"search_term_string"}}],"inLanguage":"it-IT"}]}},"_links":{"self":[{"href":"https:\/\/www.vdhurk.nl\/it\/wp-json\/wp\/v2\/pages\/402263","targetHints":{"allow":["GET"]}}],"collection":[{"href":"https:\/\/www.vdhurk.nl\/it\/wp-json\/wp\/v2\/pages"}],"about":[{"href":"https:\/\/www.vdhurk.nl\/it\/wp-json\/wp\/v2\/types\/page"}],"author":[{"embeddable":true,"href":"https:\/\/www.vdhurk.nl\/it\/wp-json\/wp\/v2\/users\/3"}],"replies":[{"embeddable":true,"href":"https:\/\/www.vdhurk.nl\/it\/wp-json\/wp\/v2\/comments?post=402263"}],"version-history":[{"count":1,"href":"https:\/\/www.vdhurk.nl\/it\/wp-json\/wp\/v2\/pages\/402263\/revisions"}],"predecessor-version":[{"id":402264,"href":"https:\/\/www.vdhurk.nl\/it\/wp-json\/wp\/v2\/pages\/402263\/revisions\/402264"}],"up":[{"embeddable":true,"href":"https:\/\/www.vdhurk.nl\/it\/wp-json\/wp\/v2\/pages\/372075"}],"wp:attachment":[{"href":"https:\/\/www.vdhurk.nl\/it\/wp-json\/wp\/v2\/media?parent=402263"}],"curies":[{"name":"wp","href":"https:\/\/api.w.org\/{rel}","templated":true}]}}