{"id":402259,"date":"2024-09-05T10:37:44","date_gmt":"2024-09-05T08:37:44","guid":{"rendered":"https:\/\/www.vdhurk.nl\/?page_id=402259"},"modified":"2024-09-05T10:38:45","modified_gmt":"2024-09-05T08:38:45","slug":"mercedes-15","status":"publish","type":"page","link":"https:\/\/www.vdhurk.nl\/it\/fiat-bedrijfswagens\/talento\/","title":{"rendered":"Fiat Talento"},"content":{"rendered":"<section  class='av_textblock_section av-lu8gnh7d-4ac895489941e586c1d7c8cb72318135'  itemscope=\"itemscope\" itemtype=\"https:\/\/schema.org\/CreativeWork\" ><div class='avia_textblock'  itemprop=\"text\" ><h1>L'occasione della Fiat Talento: quello che c'\u00e8 da sapere<\/h1>\n<p>Se siete alla ricerca di un veicolo commerciale ben funzionante, vale la pena prendere in considerazione il Fiat Talento. Questo modello \u00e8 un furgone moderno che molte aziende utilizzano. E non c'\u00e8 da stupirsi: questo furgone ha un sistema di sicurezza completo, un motore potente e una grande capacit\u00e0 di carico. In breve, questo furgone ha tutto ci\u00f2 che serve per soddisfare le vostre esigenze aziendali.<\/p>\n<\/div><\/section>\n\n<style type=\"text\/css\" data-created_by=\"avia_inline_auto\" id=\"style-css-av-lujjddpd-afa3d7a9eabd61123e643ed1228e781e\">\n#top .hr.hr-invisible.av-lujjddpd-afa3d7a9eabd61123e643ed1228e781e{\nheight:50px;\n}\n<\/style>\n<div  class='hr av-lujjddpd-afa3d7a9eabd61123e643ed1228e781e hr-invisible  avia-builder-el-1  el_after_av_textblock  el_before_av_codeblock'><span class='hr-inner'><span class=\"hr-inner-style\"><\/span><\/span><\/div>\n\n\n<style type=\"text\/css\" data-created_by=\"avia_inline_auto\" id=\"style-css-av-av_hr-3a876428eececa9d35452247ddb053af\">\n#top .hr.hr-invisible.av-av_hr-3a876428eececa9d35452247ddb053af{\nheight:50px;\n}\n<\/style>\n<div  class='hr av-av_hr-3a876428eececa9d35452247ddb053af hr-invisible  avia-builder-el-3  el_after_av_codeblock  el_before_av_textblock'><span class='hr-inner'><span class=\"hr-inner-style\"><\/span><\/span><\/div>\n<section  class='av_textblock_section av-lu8gow1e-300853e458ed741bd87d6cb78e55cc7a'  itemscope=\"itemscope\" itemtype=\"https:\/\/schema.org\/CreativeWork\" ><div class='avia_textblock'  itemprop=\"text\" ><h2>Caratteristiche del Talento<\/h2>\n<p>Il marchio <a href=\"https:\/\/www.vdhurk.nl\/it\/veicoli-commerciali-fiat\/\">Fiat<\/a> ha prodotto molti veicoli commerciali affidabili e versatili, e il Talento non fa eccezione. Diversi modelli di Fiat Talento sono disponibili con soluzioni standard e specifiche, che lo rendono adatto a qualsiasi utente commerciale. Il Talento \u00e8 noto per le sue dimensioni compatte, che consentono un perfetto equilibrio tra manovrabilit\u00e0 e capacit\u00e0 di carico. Ci\u00f2 rende questo veicolo commerciale perfetto per il traffico cittadino.<\/p>\n<\/div><\/section>\n<div class='flex_column av-f64w1-da126f42b61613402309283c14245a25 av_one_half  avia-builder-el-5  el_after_av_textblock  el_before_av_one_third  first flex_column_div column-top-margin'   ><section  class='av_textblock_section av-lu8gpqre-73cc2c17e6a6497ba6e1b58af22bd9e8'  itemscope=\"itemscope\" itemtype=\"https:\/\/schema.org\/CreativeWork\" ><div class='avia_textblock'  itemprop=\"text\" ><h2><b>Quali vantaggi offre questo veicolo?<\/b><\/h2>\n<p>Il Fiat Talento \u00e8 un veicolo commerciale versatile, ideale per diversi settori, come le imprese edili, i servizi di corriere e le societ\u00e0 di consegna che si concentrano sul trasporto di merci. Nonostante le sue dimensioni compatte, il Talento offre uno spazio di carico sorprendentemente ampio, che consente di trasportare grandi carichi senza fatica. Inoltre, gli interni confortevoli fanno s\u00ec che le lunghe distanze non siano un problema per il conducente. Grazie alle varie opzioni disponibili, il Talento pu\u00f2 essere facilmente adattato alle esigenze specifiche della vostra azienda, rendendo questo furgone una scelta flessibile e affidabile.<\/p>\n<\/div><\/section><\/div>\n<div class='flex_column av-aldk9-ee694297f5c4032981677a02caab84d6 av_one_third  avia-builder-el-7  el_after_av_one_half  el_before_av_hr  flex_column_div column-top-margin'   ><style type=\"text\/css\" data-created_by=\"avia_inline_auto\" id=\"style-css-av-l1w9kpsf-4ec3fab772ec7a9adaa33cfc64ff0475\">\n.avia-image-container.av-l1w9kpsf-4ec3fab772ec7a9adaa33cfc64ff0475 .av-image-caption-overlay-center{\ncolor:#ffffff;\n}\n<\/style>\n<div  class='avia-image-container av-l1w9kpsf-4ec3fab772ec7a9adaa33cfc64ff0475 av-styling- avia-align-center  avia-builder-el-8  avia-builder-el-no-sibling'  itemprop=\"image\" itemscope=\"itemscope\" itemtype=\"https:\/\/schema.org\/ImageObject\" ><div class=\"avia-image-container-inner\"><div class=\"avia-image-overlay-wrap\"><img decoding=\"async\" class='wp-image-187 avia-img-lazy-loading-not-187 avia_image' src=\"https:\/\/www.vdhurk.nl\/wp-content\/uploads\/2022\/03\/Voorrad.png\" alt='' title='Stock'  height=\"758\" width=\"1135\"  itemprop=\"thumbnailUrl\" srcset=\"https:\/\/www.vdhurk.nl\/wp-content\/uploads\/2022\/03\/Voorrad.png 1135w, https:\/\/www.vdhurk.nl\/wp-content\/uploads\/2022\/03\/Voorrad-300x200.png 300w, https:\/\/www.vdhurk.nl\/wp-content\/uploads\/2022\/03\/Voorrad-1030x688.png 1030w, https:\/\/www.vdhurk.nl\/wp-content\/uploads\/2022\/03\/Voorrad-768x513.png 768w, https:\/\/www.vdhurk.nl\/wp-content\/uploads\/2022\/03\/Voorrad-18x12.png 18w, https:\/\/www.vdhurk.nl\/wp-content\/uploads\/2022\/03\/Voorrad-705x471.png 705w\" sizes=\"(max-width: 1135px) 100vw, 1135px\" \/><\/div><\/div><\/div><\/div>\n\n<style type=\"text\/css\" data-created_by=\"avia_inline_auto\" id=\"style-css-av-luqrjpjc-5a23a1fb5f94718ca85316a9df963e2f\">\n#top .hr.hr-invisible.av-luqrjpjc-5a23a1fb5f94718ca85316a9df963e2f{\nheight:50px;\n}\n<\/style>\n<div  class='hr av-luqrjpjc-5a23a1fb5f94718ca85316a9df963e2f hr-invisible  avia-builder-el-9  el_after_av_one_third  el_before_av_textblock'><span class='hr-inner'><span class=\"hr-inner-style\"><\/span><\/span><\/div>\n<section  class='av_textblock_section av-lu8gtjw7-4f3cee9304909518d86d2860d9d582dd'  itemscope=\"itemscope\" itemtype=\"https:\/\/schema.org\/CreativeWork\" ><div class='avia_textblock'  itemprop=\"text\" ><h2>Quali sono i prezzi?<\/h2>\n<p>Volete acquistare una Fiat Talento? Allora naturalmente vorrete maggiori informazioni sui prezzi. Abbiamo regolarmente a disposizione diversi modelli. A causa della variet\u00e0 di versioni, dell'anno di produzione e del chilometraggio, le aziende possono variare. Tuttavia, vorremmo darvi un'indicazione del prezzo che pagherete per una Fiat Talento. In generale, per una Fiat Talento nuova si pu\u00f2 prevedere un prezzo compreso tra 25.000 e 35.000 euro. I modelli di seconda mano offrono spesso un'opzione pi\u00f9 economica. Anche in questo caso, il prezzo varia in base all'anno di produzione, al chilometraggio e alle condizioni del veicolo. In generale, i prezzi di una Fiat Talento usata sono compresi tra 15.000 e 25.000 euro. Poich\u00e9 la nostra offerta \u00e8 in continua evoluzione, vi consigliamo di controllare regolarmente l'offerta attuale.<\/p>\n<h2>Leasing di una Fiat Talento<\/h2>\n<p>Siete alla ricerca di un'auto aziendale, ma non volete fare un grande investimento tutto in una volta? Allora <a href=\"https:\/\/www.vdhurk.nl\/it\/locazione-finanziaria\/\">locazione finanziaria<\/a> un'opzione da considerare. Con questa opzione, il veicolo viene pagato in rate mensili e diventa gradualmente di vostra propriet\u00e0. Pagherete un importo fisso ogni mese e non dovrete quindi sostenere spese spiacevoli. Al termine del periodo di leasing, diventate proprietari a tutti gli effetti del veicolo commerciale.<\/p>\n<h2>Trovare il veicolo commerciale giusto<\/h2>\n<p>Volete acquistare una Fiat Talento usata o nuova? Da Van den Hurk troverete la soluzione che si adatta perfettamente alle vostre esigenze aziendali. Il nostro team \u00e8 sempre pronto a fornirvi consigli per fare la scelta giusta. Contattateci per discutere la nostra offerta attuale.<\/p>\n<\/div><\/section>","protected":false},"excerpt":{"rendered":"","protected":false},"author":3,"featured_media":0,"parent":372075,"menu_order":0,"comment_status":"closed","ping_status":"closed","template":"","meta":{"_acf_changed":false,"_improvement_type_select":"improve_an_existing","_thumb_yes_seoaic":false,"_frame_yes_seoaic":false,"seoaic_generate_description":"","seoaic_improve_instructions_prompt":"","seoaic_rollback_content_improvement":"","seoaic_idea_thumbnail_generator":"","thumbnail_generated":false,"thumbnail_generate_prompt":"","seoaic_article_description":"","footnotes":""},"class_list":["post-402259","page","type-page","status-publish","hentry"],"acf":[],"yoast_head":"<!-- This site is optimized with the Yoast SEO plugin v27.2 - https:\/\/yoast.com\/product\/yoast-seo-wordpress\/ -->\n<title>Fiat Talento occasion kopen? Bekijk ons actuele aanbod<\/title>\n<meta name=\"description\" content=\"Benieuwd of de Fiat Talento occasion geschikt is voor jouw zakelijke behoeften? Ontdek alle specificaties en maak een weloverwogen keuze.\" \/>\n<meta name=\"robots\" content=\"index, follow, max-snippet:-1, max-image-preview:large, max-video-preview:-1\" \/>\n<link rel=\"canonical\" href=\"https:\/\/www.vdhurk.nl\/it\/veicoli-commerciali-fiat\/mercedes-15\/\" \/>\n<meta property=\"og:locale\" content=\"it_IT\" \/>\n<meta property=\"og:type\" content=\"article\" \/>\n<meta property=\"og:title\" content=\"Fiat Talento occasion kopen? Bekijk ons actuele aanbod\" \/>\n<meta property=\"og:description\" content=\"Benieuwd of de Fiat Talento occasion geschikt is voor jouw zakelijke behoeften? Ontdek alle specificaties en maak een weloverwogen keuze.\" \/>\n<meta property=\"og:url\" content=\"https:\/\/www.vdhurk.nl\/it\/veicoli-commerciali-fiat\/mercedes-15\/\" \/>\n<meta property=\"og:site_name\" content=\"Van den Hurk Bedrijfswagens\" \/>\n<meta property=\"article:modified_time\" content=\"2024-09-05T08:38:45+00:00\" \/>\n<meta name=\"twitter:card\" content=\"summary_large_image\" \/>\n<meta name=\"twitter:label1\" content=\"Tempo di lettura stimato\" \/>\n\t<meta name=\"twitter:data1\" content=\"4 minuti\" \/>\n<script type=\"application\/ld+json\" class=\"yoast-schema-graph\">{\"@context\":\"https:\/\/schema.org\",\"@graph\":[{\"@type\":\"WebPage\",\"@id\":\"https:\/\/www.vdhurk.nl\/fiat-bedrijfswagens\/talento\/\",\"url\":\"https:\/\/www.vdhurk.nl\/fiat-bedrijfswagens\/talento\/\",\"name\":\"Fiat Talento occasion kopen? Bekijk ons actuele aanbod\",\"isPartOf\":{\"@id\":\"https:\/\/www.vdhurk.nl\/#website\"},\"datePublished\":\"2024-09-05T08:37:44+00:00\",\"dateModified\":\"2024-09-05T08:38:45+00:00\",\"description\":\"Benieuwd of de Fiat Talento occasion geschikt is voor jouw zakelijke behoeften? Ontdek alle specificaties en maak een weloverwogen keuze.\",\"breadcrumb\":{\"@id\":\"https:\/\/www.vdhurk.nl\/fiat-bedrijfswagens\/talento\/#breadcrumb\"},\"inLanguage\":\"it-IT\",\"potentialAction\":[{\"@type\":\"ReadAction\",\"target\":[\"https:\/\/www.vdhurk.nl\/fiat-bedrijfswagens\/talento\/\"]}]},{\"@type\":\"BreadcrumbList\",\"@id\":\"https:\/\/www.vdhurk.nl\/fiat-bedrijfswagens\/talento\/#breadcrumb\",\"itemListElement\":[{\"@type\":\"ListItem\",\"position\":1,\"name\":\"Home\",\"item\":\"https:\/\/www.vdhurk.nl\/home\/\"},{\"@type\":\"ListItem\",\"position\":2,\"name\":\"Fiat Bedrijfswagens\",\"item\":\"https:\/\/www.vdhurk.nl\/fiat-bedrijfswagens\/\"},{\"@type\":\"ListItem\",\"position\":3,\"name\":\"Fiat Talento\"}]},{\"@type\":\"WebSite\",\"@id\":\"https:\/\/www.vdhurk.nl\/#website\",\"url\":\"https:\/\/www.vdhurk.nl\/\",\"name\":\"Van den Hurk Bedrijfswagens\",\"description\":\"Van den Hurk bedrijfswagens Helmond\",\"potentialAction\":[{\"@type\":\"SearchAction\",\"target\":{\"@type\":\"EntryPoint\",\"urlTemplate\":\"https:\/\/www.vdhurk.nl\/?s={search_term_string}\"},\"query-input\":{\"@type\":\"PropertyValueSpecification\",\"valueRequired\":true,\"valueName\":\"search_term_string\"}}],\"inLanguage\":\"it-IT\"}]}<\/script>\n<!-- \/ Yoast SEO plugin. -->","yoast_head_json":{"title":"Acquistare una Fiat Talento? Scopri la nostra offerta attuale","description":"Vi state chiedendo se il Fiat Talento \u00e8 adatto alle vostre esigenze aziendali? Scoprite tutte le specifiche e fate una scelta consapevole.","robots":{"index":"index","follow":"follow","max-snippet":"max-snippet:-1","max-image-preview":"max-image-preview:large","max-video-preview":"max-video-preview:-1"},"canonical":"https:\/\/www.vdhurk.nl\/it\/veicoli-commerciali-fiat\/mercedes-15\/","og_locale":"it_IT","og_type":"article","og_title":"Fiat Talento occasion kopen? Bekijk ons actuele aanbod","og_description":"Benieuwd of de Fiat Talento occasion geschikt is voor jouw zakelijke behoeften? Ontdek alle specificaties en maak een weloverwogen keuze.","og_url":"https:\/\/www.vdhurk.nl\/it\/veicoli-commerciali-fiat\/mercedes-15\/","og_site_name":"Van den Hurk Bedrijfswagens","article_modified_time":"2024-09-05T08:38:45+00:00","twitter_card":"summary_large_image","twitter_misc":{"Tempo di lettura stimato":"4 minuti"},"schema":{"@context":"https:\/\/schema.org","@graph":[{"@type":"WebPage","@id":"https:\/\/www.vdhurk.nl\/fiat-bedrijfswagens\/talento\/","url":"https:\/\/www.vdhurk.nl\/fiat-bedrijfswagens\/talento\/","name":"Acquistare una Fiat Talento? Scopri la nostra offerta attuale","isPartOf":{"@id":"https:\/\/www.vdhurk.nl\/#website"},"datePublished":"2024-09-05T08:37:44+00:00","dateModified":"2024-09-05T08:38:45+00:00","description":"Vi state chiedendo se il Fiat Talento \u00e8 adatto alle vostre esigenze aziendali? Scoprite tutte le specifiche e fate una scelta consapevole.","breadcrumb":{"@id":"https:\/\/www.vdhurk.nl\/fiat-bedrijfswagens\/talento\/#breadcrumb"},"inLanguage":"it-IT","potentialAction":[{"@type":"ReadAction","target":["https:\/\/www.vdhurk.nl\/fiat-bedrijfswagens\/talento\/"]}]},{"@type":"BreadcrumbList","@id":"https:\/\/www.vdhurk.nl\/fiat-bedrijfswagens\/talento\/#breadcrumb","itemListElement":[{"@type":"ListItem","position":1,"name":"Home","item":"https:\/\/www.vdhurk.nl\/home\/"},{"@type":"ListItem","position":2,"name":"Fiat Bedrijfswagens","item":"https:\/\/www.vdhurk.nl\/fiat-bedrijfswagens\/"},{"@type":"ListItem","position":3,"name":"Fiat Talento"}]},{"@type":"WebSite","@id":"https:\/\/www.vdhurk.nl\/#website","url":"https:\/\/www.vdhurk.nl\/","name":"Veicoli commerciali Van den Hurk","description":"Van den Hurk veicoli commerciali Helmond","potentialAction":[{"@type":"SearchAction","target":{"@type":"EntryPoint","urlTemplate":"https:\/\/www.vdhurk.nl\/?s={search_term_string}"},"query-input":{"@type":"PropertyValueSpecification","valueRequired":true,"valueName":"search_term_string"}}],"inLanguage":"it-IT"}]}},"_links":{"self":[{"href":"https:\/\/www.vdhurk.nl\/it\/wp-json\/wp\/v2\/pages\/402259","targetHints":{"allow":["GET"]}}],"collection":[{"href":"https:\/\/www.vdhurk.nl\/it\/wp-json\/wp\/v2\/pages"}],"about":[{"href":"https:\/\/www.vdhurk.nl\/it\/wp-json\/wp\/v2\/types\/page"}],"author":[{"embeddable":true,"href":"https:\/\/www.vdhurk.nl\/it\/wp-json\/wp\/v2\/users\/3"}],"replies":[{"embeddable":true,"href":"https:\/\/www.vdhurk.nl\/it\/wp-json\/wp\/v2\/comments?post=402259"}],"version-history":[{"count":3,"href":"https:\/\/www.vdhurk.nl\/it\/wp-json\/wp\/v2\/pages\/402259\/revisions"}],"predecessor-version":[{"id":402262,"href":"https:\/\/www.vdhurk.nl\/it\/wp-json\/wp\/v2\/pages\/402259\/revisions\/402262"}],"up":[{"embeddable":true,"href":"https:\/\/www.vdhurk.nl\/it\/wp-json\/wp\/v2\/pages\/372075"}],"wp:attachment":[{"href":"https:\/\/www.vdhurk.nl\/it\/wp-json\/wp\/v2\/media?parent=402259"}],"curies":[{"name":"wp","href":"https:\/\/api.w.org\/{rel}","templated":true}]}}