{"id":398333,"date":"2024-08-08T08:44:00","date_gmt":"2024-08-08T06:44:00","guid":{"rendered":"https:\/\/www.vdhurk.nl\/?page_id=398333"},"modified":"2024-08-08T08:44:00","modified_gmt":"2024-08-08T06:44:00","slug":"veicoli-commerciali-toyota","status":"publish","type":"page","link":"https:\/\/www.vdhurk.nl\/it\/toyota-bedrijfswagens\/","title":{"rendered":"Veicoli commerciali Toyota"},"content":{"rendered":"<section  class='av_textblock_section av-lu8gnh7d-4ac895489941e586c1d7c8cb72318135'  itemscope=\"itemscope\" itemtype=\"https:\/\/schema.org\/CreativeWork\" ><div class='avia_textblock'  itemprop=\"text\" ><h1>Veicoli commerciali Toyota: successo garantito su strada<\/h1>\n<p>In un mondo dinamico come quello dei veicoli commerciali, i veicoli commerciali Toyota sono noti per il loro design affidabile e innovativo. Il marchio offre diverse soluzioni su misura per gli utenti aziendali. Che si tratti di consegnare merci, spostare persone o svolgere attivit\u00e0 specializzate: Toyota ha tutto ci\u00f2 che serve. I suoi veicoli commerciali combinano efficienza, comfort e prestazioni per portare la vostra attivit\u00e0 a nuovi livelli.<\/p>\n<\/div><\/section>\n\n<style type=\"text\/css\" data-created_by=\"avia_inline_auto\" id=\"style-css-av-lujjddpd-afa3d7a9eabd61123e643ed1228e781e\">\n#top .hr.hr-invisible.av-lujjddpd-afa3d7a9eabd61123e643ed1228e781e{\nheight:50px;\n}\n<\/style>\n<div  class='hr av-lujjddpd-afa3d7a9eabd61123e643ed1228e781e hr-invisible  avia-builder-el-1  el_after_av_textblock  el_before_av_codeblock'><span class='hr-inner'><span class=\"hr-inner-style\"><\/span><\/span><\/div>\n\n\n<style type=\"text\/css\" data-created_by=\"avia_inline_auto\" id=\"style-css-av-o1d5-cf77288da24053faf1b6ffbefcfc6222\">\n#top .hr.hr-invisible.av-o1d5-cf77288da24053faf1b6ffbefcfc6222{\nheight:50px;\n}\n<\/style>\n<div  class='hr av-o1d5-cf77288da24053faf1b6ffbefcfc6222 hr-invisible  avia-builder-el-3  el_after_av_codeblock  el_before_av_textblock'><span class='hr-inner'><span class=\"hr-inner-style\"><\/span><\/span><\/div>\n<section  class='av_textblock_section av-lu8gtjw7-4f3cee9304909518d86d2860d9d582dd'  itemscope=\"itemscope\" itemtype=\"https:\/\/schema.org\/CreativeWork\" ><div class='avia_textblock'  itemprop=\"text\" ><h2>La storia di Toyota<\/h2>\n<h3>L'istituzione<\/h3>\n<p>Toyota \u00e8 stata fondata nel 1937 come azienda produttrice di telai. Gradualmente, il marchio si \u00e8 evoluto da azienda tessile a una delle case automobilistiche pi\u00f9 popolari al mondo. Il primo passo verso la produzione di veicoli commerciali avvenne con l'introduzione del Toyota Stout nel 1954. Si trattava di un autocarro leggero destinato a soddisfare le crescenti esigenze di imprenditori e piccole imprese. Negli anni successivi, il marchio ha ampliato la propria gamma includendo diversi veicoli commerciali. Oggi, Toyota \u00e8 una delle scelte pi\u00f9 popolari a livello mondiale quando si parla di veicoli commerciali.<\/p>\n<h3>Sviluppi e tappe fondamentali<\/h3>\n<p>Lo sviluppo degli autobus e dei veicoli commerciali Toyota ha delle tappe importanti che hanno segnato l'evoluzione del marchio:<\/p>\n<ul>\n<li><strong>Introduzione della Toyota Stout nel 1954:<\/strong> \u00c8 stato il primo veicolo commerciale lanciato dal marchio. \u00c8 stato progettato per soddisfare le esigenze delle piccole imprese.<\/li>\n<li><strong>Lancio della Toyota HiAce nel 1967:<\/strong> Questo modello \u00e8 stato introdotto come furgone e minibus versatile. \u00c8 diventato rapidamente un veicolo popolare grazie allo spazio, all'affidabilit\u00e0 e alla durata.<\/li>\n<li><strong>Introduzione della Toyota Hilux nel 1968:<\/strong> Questo modello, un pick-up compatto, \u00e8 diventato uno dei veicoli commerciali pi\u00f9 iconici del mondo.<\/li>\n<li><strong>Il Toyota Land Cruiser in uso commerciale dal 1951:<\/strong> Sviluppato originariamente come veicolo fuoristrada, questo modello \u00e8 stato presto riconosciuto come un veicolo versatile nell'uso aziendale, soprattutto in ambienti accidentati e in aree con terreni difficili.<\/li>\n<li><strong>Focus sui veicoli commerciali ibridi ed elettrici:<\/strong> Negli ultimi anni, il marchio si \u00e8 concentrato sullo sviluppo di veicoli commerciali ibridi ed elettrici per soddisfare la crescente domanda di mobilit\u00e0 sostenibile.<\/li>\n<\/ul>\n<h2>Innovazioni tecnologiche<\/h2>\n<p>Toyota \u00e8 costantemente alla ricerca dell'innovazione tecnologica nella produzione di veicoli commerciali. Ad esempio, utilizza sistemi di sicurezza avanzati con funzioni come la frenata automatica d'emergenza, il cruise control adattivo e l'assistente di corsia. Questi sistemi sono progettati per migliorare la sicurezza del conducente e dei passeggeri e per prevenire il pi\u00f9 possibile i brutti incidenti. Toyota ha anche svolto un ruolo importante nello sviluppo di sistemi di propulsione ibridi e impiega soluzioni avanzate di ricarica e stoccaggio.<\/p>\n<h2>I vantaggi dei veicoli commerciali Toyota<\/h2>\n<p>Sono diversi i vantaggi che spingono gli utenti aziendali a scegliere Toyota:<\/p>\n<ul>\n<li aria-level=\"1\"><strong>Affidabilit\u00e0<\/strong>: Toyota produce veicoli commerciali affidabili costruiti con materiali di alta qualit\u00e0 e tecniche innovative.<\/li>\n<li aria-level=\"1\"><strong>Efficienza:<\/strong> I veicoli commerciali Toyota sono dotati di tecnologie motoristiche avanzate, come i sistemi di trazione ibrida, che consentono di ottenere una buona efficienza nei consumi.<\/li>\n<li aria-level=\"1\"><strong>Sicurezza<\/strong>Il marchio \u00e8 impegnato nella sicurezza di tutti i veicoli commerciali. Grazie alle avanzate caratteristiche di sicurezza, i veicoli commerciali offrono una buona protezione a tutti gli utenti della strada.<\/li>\n<li aria-level=\"1\"><strong>L'innovazione<\/strong>Toyota investe costantemente nell'innovazione tecnologica, che le consente di garantire funzionalit\u00e0 e sistemi avanzati. Tra questi, le soluzioni di ricarica intelligente che contribuiscono alla produttivit\u00e0 e al comfort.<\/li>\n<\/ul>\n<h2>Opzioni finanziarie<\/h2>\n<p>Da Van den Hurk potete usufruire di diverse opzioni di finanziamento. Volete acquistare un autobus Toyota? \u00c8 possibile. Il vantaggio \u00e8 che \u00e8 di vostra propriet\u00e0. Siete voi a decidere se modificare il vostro furgone aziendale e cosa farne. Se scegliete di acquistare un veicolo commerciale, inoltre, non dovrete fare i conti con la svalutazione mensile e le restrizioni sul chilometraggio. Preferite prendere in leasing un furgone Toyota? Anche questo \u00e8 possibile. Il vantaggio del leasing \u00e8 che i costi sono prevedibili. Inoltre, offre anche una comodit\u00e0 amministrativa. L'opzione migliore per la vostra azienda dipende da una serie di fattori. Saremo lieti di aiutarvi a fare la scelta migliore.<\/p>\n<h2><b>Modelli di seconda mano<\/b><\/h2>\n<p>Desiderate un veicolo commerciale ben funzionante senza doverlo pagare a caro prezzo? Allora un autobus Toyota occasion \u00e8 molto adatto. Un occasion \u00e8 un modello usato che funziona ancora bene. Il vantaggio di un modello usato \u00e8 che si paga molto meno rispetto a un modello nuovo. Siete interessati a un modello di seconda mano? Allora date un'occhiata alla nostra offerta.<\/p>\n<\/div><\/section>","protected":false},"excerpt":{"rendered":"","protected":false},"author":3,"featured_media":0,"parent":0,"menu_order":0,"comment_status":"closed","ping_status":"closed","template":"","meta":{"_acf_changed":false,"_improvement_type_select":"improve_an_existing","_thumb_yes_seoaic":false,"_frame_yes_seoaic":false,"seoaic_generate_description":"","seoaic_improve_instructions_prompt":"","seoaic_rollback_content_improvement":"","seoaic_idea_thumbnail_generator":"","thumbnail_generated":false,"thumbnail_generate_prompt":"","seoaic_article_description":"","footnotes":""},"class_list":["post-398333","page","type-page","status-publish","hentry"],"acf":[],"yoast_head":"<!-- This site is optimized with the Yoast SEO plugin v27.2 - https:\/\/yoast.com\/product\/yoast-seo-wordpress\/ -->\n<title>Toyota bedrijfswagens voor zakelijke gebruikers aanschaffen<\/title>\n<meta name=\"description\" content=\"Ben jij op zoek naar een voertuig dat geschikt is voor zakelijk gebruik? Ontdek dan Toyota bedrijfswagens: veilig, betrouwbaar en effici\u00ebnt.\" \/>\n<meta name=\"robots\" content=\"index, follow, max-snippet:-1, max-image-preview:large, max-video-preview:-1\" \/>\n<link rel=\"canonical\" href=\"https:\/\/www.vdhurk.nl\/it\/veicoli-commerciali-toyota\/\" \/>\n<meta property=\"og:locale\" content=\"it_IT\" \/>\n<meta property=\"og:type\" content=\"article\" \/>\n<meta property=\"og:title\" content=\"Toyota bedrijfswagens voor zakelijke gebruikers aanschaffen\" \/>\n<meta property=\"og:description\" content=\"Ben jij op zoek naar een voertuig dat geschikt is voor zakelijk gebruik? Ontdek dan Toyota bedrijfswagens: veilig, betrouwbaar en effici\u00ebnt.\" \/>\n<meta property=\"og:url\" content=\"https:\/\/www.vdhurk.nl\/it\/veicoli-commerciali-toyota\/\" \/>\n<meta property=\"og:site_name\" content=\"Van den Hurk Bedrijfswagens\" \/>\n<meta name=\"twitter:card\" content=\"summary_large_image\" \/>\n<meta name=\"twitter:label1\" content=\"Tempo di lettura stimato\" \/>\n\t<meta name=\"twitter:data1\" content=\"4 minuti\" \/>\n<script type=\"application\/ld+json\" class=\"yoast-schema-graph\">{\"@context\":\"https:\/\/schema.org\",\"@graph\":[{\"@type\":\"WebPage\",\"@id\":\"https:\/\/www.vdhurk.nl\/toyota-bedrijfswagens\/\",\"url\":\"https:\/\/www.vdhurk.nl\/toyota-bedrijfswagens\/\",\"name\":\"Toyota bedrijfswagens voor zakelijke gebruikers aanschaffen\",\"isPartOf\":{\"@id\":\"https:\/\/www.vdhurk.nl\/#website\"},\"datePublished\":\"2024-08-08T06:44:00+00:00\",\"description\":\"Ben jij op zoek naar een voertuig dat geschikt is voor zakelijk gebruik? Ontdek dan Toyota bedrijfswagens: veilig, betrouwbaar en effici\u00ebnt.\",\"breadcrumb\":{\"@id\":\"https:\/\/www.vdhurk.nl\/toyota-bedrijfswagens\/#breadcrumb\"},\"inLanguage\":\"it-IT\",\"potentialAction\":[{\"@type\":\"ReadAction\",\"target\":[\"https:\/\/www.vdhurk.nl\/toyota-bedrijfswagens\/\"]}]},{\"@type\":\"BreadcrumbList\",\"@id\":\"https:\/\/www.vdhurk.nl\/toyota-bedrijfswagens\/#breadcrumb\",\"itemListElement\":[{\"@type\":\"ListItem\",\"position\":1,\"name\":\"Home\",\"item\":\"https:\/\/www.vdhurk.nl\/home\/\"},{\"@type\":\"ListItem\",\"position\":2,\"name\":\"Toyota Bedrijfswagens\"}]},{\"@type\":\"WebSite\",\"@id\":\"https:\/\/www.vdhurk.nl\/#website\",\"url\":\"https:\/\/www.vdhurk.nl\/\",\"name\":\"Van den Hurk Bedrijfswagens\",\"description\":\"Van den Hurk bedrijfswagens Helmond\",\"potentialAction\":[{\"@type\":\"SearchAction\",\"target\":{\"@type\":\"EntryPoint\",\"urlTemplate\":\"https:\/\/www.vdhurk.nl\/?s={search_term_string}\"},\"query-input\":{\"@type\":\"PropertyValueSpecification\",\"valueRequired\":true,\"valueName\":\"search_term_string\"}}],\"inLanguage\":\"it-IT\"}]}<\/script>\n<!-- \/ Yoast SEO plugin. -->","yoast_head_json":{"title":"Acquisto di veicoli commerciali Toyota per utenti business","description":"Siete alla ricerca di un veicolo adatto all'uso aziendale? Scoprite i veicoli commerciali Toyota: sicuri, affidabili ed efficienti.","robots":{"index":"index","follow":"follow","max-snippet":"max-snippet:-1","max-image-preview":"max-image-preview:large","max-video-preview":"max-video-preview:-1"},"canonical":"https:\/\/www.vdhurk.nl\/it\/veicoli-commerciali-toyota\/","og_locale":"it_IT","og_type":"article","og_title":"Toyota bedrijfswagens voor zakelijke gebruikers aanschaffen","og_description":"Ben jij op zoek naar een voertuig dat geschikt is voor zakelijk gebruik? Ontdek dan Toyota bedrijfswagens: veilig, betrouwbaar en effici\u00ebnt.","og_url":"https:\/\/www.vdhurk.nl\/it\/veicoli-commerciali-toyota\/","og_site_name":"Van den Hurk Bedrijfswagens","twitter_card":"summary_large_image","twitter_misc":{"Tempo di lettura stimato":"4 minuti"},"schema":{"@context":"https:\/\/schema.org","@graph":[{"@type":"WebPage","@id":"https:\/\/www.vdhurk.nl\/toyota-bedrijfswagens\/","url":"https:\/\/www.vdhurk.nl\/toyota-bedrijfswagens\/","name":"Acquisto di veicoli commerciali Toyota per utenti business","isPartOf":{"@id":"https:\/\/www.vdhurk.nl\/#website"},"datePublished":"2024-08-08T06:44:00+00:00","description":"Siete alla ricerca di un veicolo adatto all'uso aziendale? Scoprite i veicoli commerciali Toyota: sicuri, affidabili ed efficienti.","breadcrumb":{"@id":"https:\/\/www.vdhurk.nl\/toyota-bedrijfswagens\/#breadcrumb"},"inLanguage":"it-IT","potentialAction":[{"@type":"ReadAction","target":["https:\/\/www.vdhurk.nl\/toyota-bedrijfswagens\/"]}]},{"@type":"BreadcrumbList","@id":"https:\/\/www.vdhurk.nl\/toyota-bedrijfswagens\/#breadcrumb","itemListElement":[{"@type":"ListItem","position":1,"name":"Home","item":"https:\/\/www.vdhurk.nl\/home\/"},{"@type":"ListItem","position":2,"name":"Toyota Bedrijfswagens"}]},{"@type":"WebSite","@id":"https:\/\/www.vdhurk.nl\/#website","url":"https:\/\/www.vdhurk.nl\/","name":"Veicoli commerciali Van den Hurk","description":"Van den Hurk veicoli commerciali Helmond","potentialAction":[{"@type":"SearchAction","target":{"@type":"EntryPoint","urlTemplate":"https:\/\/www.vdhurk.nl\/?s={search_term_string}"},"query-input":{"@type":"PropertyValueSpecification","valueRequired":true,"valueName":"search_term_string"}}],"inLanguage":"it-IT"}]}},"_links":{"self":[{"href":"https:\/\/www.vdhurk.nl\/it\/wp-json\/wp\/v2\/pages\/398333","targetHints":{"allow":["GET"]}}],"collection":[{"href":"https:\/\/www.vdhurk.nl\/it\/wp-json\/wp\/v2\/pages"}],"about":[{"href":"https:\/\/www.vdhurk.nl\/it\/wp-json\/wp\/v2\/types\/page"}],"author":[{"embeddable":true,"href":"https:\/\/www.vdhurk.nl\/it\/wp-json\/wp\/v2\/users\/3"}],"replies":[{"embeddable":true,"href":"https:\/\/www.vdhurk.nl\/it\/wp-json\/wp\/v2\/comments?post=398333"}],"version-history":[{"count":1,"href":"https:\/\/www.vdhurk.nl\/it\/wp-json\/wp\/v2\/pages\/398333\/revisions"}],"predecessor-version":[{"id":398334,"href":"https:\/\/www.vdhurk.nl\/it\/wp-json\/wp\/v2\/pages\/398333\/revisions\/398334"}],"wp:attachment":[{"href":"https:\/\/www.vdhurk.nl\/it\/wp-json\/wp\/v2\/media?parent=398333"}],"curies":[{"name":"wp","href":"https:\/\/api.w.org\/{rel}","templated":true}]}}