{"id":397532,"date":"2024-08-01T16:13:36","date_gmt":"2024-08-01T14:13:36","guid":{"rendered":"https:\/\/www.vdhurk.nl\/?page_id=397532"},"modified":"2024-08-01T16:13:36","modified_gmt":"2024-08-01T14:13:36","slug":"mercedes-22","status":"publish","type":"page","link":"https:\/\/www.vdhurk.nl\/it\/mercedes-bedrijfswagens\/citan\/","title":{"rendered":"Mercedes Citan"},"content":{"rendered":"<section  class='av_textblock_section av-lu8gnh7d-4ac895489941e586c1d7c8cb72318135'  itemscope=\"itemscope\" itemtype=\"https:\/\/schema.org\/CreativeWork\" ><div class='avia_textblock'  itemprop=\"text\" ><h1>Il Mercedes Citan utilizzato come veicolo commerciale<\/h1>\n<p>Il Mercedes Citan occasion \u00e8 un furgone che si distingue per la sua versatilit\u00e0 e il comfort Mercedes-Benz. Fin dalla sua introduzione, questo modello \u00e8 stato progettato sia per la distribuzione in citt\u00e0 che per le lunghe distanze. Di conseguenza, questo modello offre un eccellente mix tra funzionalit\u00e0 e comfort di guida. Questo rende l'eccellente mix tra funzionalit\u00e0 e facilit\u00e0 di guida. Questo lo rende una scelta popolare per gli imprenditori.<\/p>\n<\/div><\/section>\n\n<style type=\"text\/css\" data-created_by=\"avia_inline_auto\" id=\"style-css-av-lujjddpd-afa3d7a9eabd61123e643ed1228e781e\">\n#top .hr.hr-invisible.av-lujjddpd-afa3d7a9eabd61123e643ed1228e781e{\nheight:50px;\n}\n<\/style>\n<div  class='hr av-lujjddpd-afa3d7a9eabd61123e643ed1228e781e hr-invisible  avia-builder-el-1  el_after_av_textblock  el_before_av_codeblock'><span class='hr-inner'><span class=\"hr-inner-style\"><\/span><\/span><\/div>\n\n\n<style type=\"text\/css\" data-created_by=\"avia_inline_auto\" id=\"style-css-av-ah0xd-63338d9dc6b40410e22a712829c369d6\">\n#top .hr.hr-invisible.av-ah0xd-63338d9dc6b40410e22a712829c369d6{\nheight:50px;\n}\n<\/style>\n<div  class='hr av-ah0xd-63338d9dc6b40410e22a712829c369d6 hr-invisible  avia-builder-el-3  el_after_av_codeblock  el_before_av_textblock'><span class='hr-inner'><span class=\"hr-inner-style\"><\/span><\/span><\/div>\n<section  class='av_textblock_section av-lu8gow1e-300853e458ed741bd87d6cb78e55cc7a'  itemscope=\"itemscope\" itemtype=\"https:\/\/schema.org\/CreativeWork\" ><div class='avia_textblock'  itemprop=\"text\" ><h2>5 motivi per cui il Mercedes Citan \u00e8 una scelta popolare<\/h2>\n<p>Il Mercedes Citan \u00e8 una scelta popolare perch\u00e9 questo modello offre numerosi vantaggi:<\/p>\n<ul>\n<li><strong>Affidabilit\u00e0:<\/strong> Mercedes-Benz \u00e8 nota per la sua alta qualit\u00e0 e quindi per la sua affidabilit\u00e0. Questo vale anche per il Citan. Con questo modello, potete aspettarvi una lunga durata.<\/li>\n<li><strong>Efficienza del carburante<\/strong>Il Citan \u00e8 stato progettato tenendo conto dell'efficienza dei consumi. Ci\u00f2 garantisce costi di esercizio inferiori. Ci\u00f2 \u00e8 vantaggioso soprattutto per le aziende che coprono molte e lunghe distanze.<\/li>\n<li><strong>Molto spazio di carico:<\/strong> L'ampia capacit\u00e0 di carico e la possibilit\u00e0 di personalizzare gli interni sono particolarmente preziose per le aziende con esigenze logistiche diverse.<\/li>\n<li><strong>Comfort di guida e caratteristiche di sicurezza:<\/strong> Il Citan unisce la robustezza di un veicolo commerciale al comfort di un'autovettura. Questo garantisce un'esperienza di guida piacevole, anche nei lunghi viaggi. Inoltre, il Citan \u00e8 dotato di dispositivi di sicurezza che garantiscono l'incolumit\u00e0 del conducente e degli eventuali passeggeri.<\/li>\n<li><strong>Aspetto professionale:<\/strong> Un veicolo commerciale Mercedes emana professionalit\u00e0. Per le aziende, possedere un veicolo di un marchio rinomato come Mercedes-Benz pu\u00f2 contribuire a creare un'immagine positiva presso clienti e partner.<\/li>\n<\/ul>\n<p>Questi vantaggi rendono il Mercedes Citan una scelta popolare per le aziende che cercano un veicolo commerciale ad alte prestazioni.<\/p>\n<\/div><\/section>\n<div class='flex_column av-f64w1-da126f42b61613402309283c14245a25 av_one_half  avia-builder-el-5  el_after_av_textblock  el_before_av_one_third  first flex_column_div column-top-margin'   ><section  class='av_textblock_section av-lu8gpqre-73cc2c17e6a6497ba6e1b58af22bd9e8'  itemscope=\"itemscope\" itemtype=\"https:\/\/schema.org\/CreativeWork\" ><div class='avia_textblock'  itemprop=\"text\" ><h2>Gli interni del Mercedes Citan<\/h2>\n<p>Il Mercedes Citan \u00e8 stato progettato con particolare attenzione al comfort, alla funzionalit\u00e0 e alla facilit\u00e0 di guida. Questo lo rende un'opzione interessante per le aziende. Gli interni sono progettati ergonomicamente per offrire il massimo comfort. I sedili sono ben sagomati e offrono sostegno, rendendo pi\u00f9 interessante guidare per lunghe distanze. <a href=\"https:\/\/www.vdhurk.nl\/it\/veicoli-commerciali\/mercedes\/\">Veicoli commerciali Mercedes<\/a> L'utilizzo di materiali di alta qualit\u00e0 per gli interni d\u00e0 luogo a una sensazione di lusso. L'abitacolo offre molto spazio ed \u00e8 progettato in modo funzionale. Lo spazio \u00e8 ampio e facilita la guida. Inoltre, ci sono diverse opzioni di stoccaggio per riporre facilmente gli oggetti.<\/p>\n<\/div><\/section><\/div><div class='flex_column av-aldk9-ee694297f5c4032981677a02caab84d6 av_one_third  avia-builder-el-7  el_after_av_one_half  el_before_av_hr  flex_column_div column-top-margin'   ><style type=\"text\/css\" data-created_by=\"avia_inline_auto\" id=\"style-css-av-l1w9kpsf-4ec3fab772ec7a9adaa33cfc64ff0475\">\n.avia-image-container.av-l1w9kpsf-4ec3fab772ec7a9adaa33cfc64ff0475 .av-image-caption-overlay-center{\ncolor:#ffffff;\n}\n<\/style>\n<div  class='avia-image-container av-l1w9kpsf-4ec3fab772ec7a9adaa33cfc64ff0475 av-styling- avia-align-center  avia-builder-el-8  avia-builder-el-no-sibling'  itemprop=\"image\" itemscope=\"itemscope\" itemtype=\"https:\/\/schema.org\/ImageObject\" ><div class=\"avia-image-container-inner\"><div class=\"avia-image-overlay-wrap\"><img decoding=\"async\" class='wp-image-187 avia-img-lazy-loading-not-187 avia_image' src=\"https:\/\/www.vdhurk.nl\/wp-content\/uploads\/2022\/03\/Voorrad.png\" alt='' title='Stock'  height=\"758\" width=\"1135\"  itemprop=\"thumbnailUrl\" srcset=\"https:\/\/www.vdhurk.nl\/wp-content\/uploads\/2022\/03\/Voorrad.png 1135w, https:\/\/www.vdhurk.nl\/wp-content\/uploads\/2022\/03\/Voorrad-300x200.png 300w, https:\/\/www.vdhurk.nl\/wp-content\/uploads\/2022\/03\/Voorrad-1030x688.png 1030w, https:\/\/www.vdhurk.nl\/wp-content\/uploads\/2022\/03\/Voorrad-768x513.png 768w, https:\/\/www.vdhurk.nl\/wp-content\/uploads\/2022\/03\/Voorrad-18x12.png 18w, https:\/\/www.vdhurk.nl\/wp-content\/uploads\/2022\/03\/Voorrad-705x471.png 705w\" sizes=\"(max-width: 1135px) 100vw, 1135px\" \/><\/div><\/div><\/div><\/div><\/p>\n\n<style type=\"text\/css\" data-created_by=\"avia_inline_auto\" id=\"style-css-av-luqrjpjc-5a23a1fb5f94718ca85316a9df963e2f\">\n#top .hr.hr-invisible.av-luqrjpjc-5a23a1fb5f94718ca85316a9df963e2f{\nheight:50px;\n}\n<\/style>\n<div  class='hr av-luqrjpjc-5a23a1fb5f94718ca85316a9df963e2f hr-invisible  avia-builder-el-9  el_after_av_one_third  el_before_av_textblock'><span class='hr-inner'><span class=\"hr-inner-style\"><\/span><\/span><\/div>\n<section  class='av_textblock_section av-lu8gtjw7-4f3cee9304909518d86d2860d9d582dd'  itemscope=\"itemscope\" itemtype=\"https:\/\/schema.org\/CreativeWork\" ><div class='avia_textblock'  itemprop=\"text\" ><h2>Acquistare una Mercedes Citan: quali considerazioni fare?<\/h2>\n<p>L'acquisto di un Mercedes Citan \u00e8 un investimento intelligente per le aziende, state pensando di acquistare questo modello? Allora \u00e8 bene considerare alcuni aspetti. Per cosa utilizzerete l'auto aziendale, con quale frequenza e per quali distanze? Inoltre, \u00e8 bene scegliere se si desidera un veicolo commerciale nuovo o di seconda mano. Noi offriamo entrambe le opzioni. Non siete sicuri di quale sia la pi\u00f9 adatta alle vostre esigenze aziendali? Non c'\u00e8 problema. Saremo lieti di consigliarvi.<\/p>\n<h2>Leasing di Mercedes Citan<\/h2>\n<p>Il leasing \u00e8 un'opzione di finanziamento comunemente utilizzata da Van den Hurk per le aziende che desiderano acquistare un veicolo commerciale, ma non vogliono pagare l'intero importo in una sola volta. Con il nostro <a href=\"https:\/\/www.vdhurk.nl\/it\/locazione-finanziaria\/\">locazione finanziaria<\/a> Il contratto di leasing prevede l'utilizzo del veicolo commerciale e il pagamento di un importo mensile. Al termine del periodo di locazione, diventate proprietari del veicolo commerciale.<\/p>\n<h2>Strutture<\/h2>\n<p>Il Mercedes Citan \u00e8 un furgone versatile e affidabile, dotato di numerose funzioni di sicurezza e comfort. Tra queste, la telecamera di parcheggio, il rilevamento degli angoli ciechi, il rilevamento dei segnali stradali, il sistema anticollisione e il sistema di assistenza al mantenimento della corsia. Inoltre, non dovrete preoccuparvi delle calde giornate estive. L'auto aziendale \u00e8 infatti dotata di aria condizionata. Inoltre, potrete beneficiare di altre caratteristiche come i sistemi di infotainment e la connettivit\u00e0 USB.<\/p>\n<h2><b>Scegliere un veicolo commerciale ben funzionante<\/b><\/h2>\n<p>Se siete alla ricerca di un veicolo commerciale, il Mercedes Citan \u00e8 una scelta eccellente. Con la sua struttura robusta, l'ampia capacit\u00e0 di carico e gli interni confortevoli, il Citan offre un buon mix di funzionalit\u00e0 e comfort di guida.<\/p>\n<\/div><\/section>","protected":false},"excerpt":{"rendered":"","protected":false},"author":3,"featured_media":0,"parent":370573,"menu_order":0,"comment_status":"closed","ping_status":"closed","template":"","meta":{"_acf_changed":false,"_improvement_type_select":"improve_an_existing","_thumb_yes_seoaic":false,"_frame_yes_seoaic":false,"seoaic_generate_description":"","seoaic_improve_instructions_prompt":"","seoaic_rollback_content_improvement":"","seoaic_idea_thumbnail_generator":"","thumbnail_generated":false,"thumbnail_generate_prompt":"","seoaic_article_description":"","footnotes":""},"class_list":["post-397532","page","type-page","status-publish","hentry"],"acf":[],"yoast_head":"<!-- This site is optimized with the Yoast SEO plugin v27.5 - https:\/\/yoast.com\/product\/yoast-seo-wordpress\/ -->\n<title>Ontdek alles wat je wilt weten over de Mercedes Citan occasion<\/title>\n<meta name=\"description\" content=\"Meer weten over de Mercedes Citan occasion? Ontdek alle specificaties van dit model en kijk of het bij jouw zakelijke behoeften aansluit.\" \/>\n<meta name=\"robots\" content=\"index, follow, max-snippet:-1, max-image-preview:large, max-video-preview:-1\" \/>\n<link rel=\"canonical\" href=\"https:\/\/www.vdhurk.nl\/it\/mercedes-9\/mercedes-22\/\" \/>\n<meta property=\"og:locale\" content=\"it_IT\" \/>\n<meta property=\"og:type\" content=\"article\" \/>\n<meta property=\"og:title\" content=\"Ontdek alles wat je wilt weten over de Mercedes Citan occasion\" \/>\n<meta property=\"og:description\" content=\"Meer weten over de Mercedes Citan occasion? Ontdek alle specificaties van dit model en kijk of het bij jouw zakelijke behoeften aansluit.\" \/>\n<meta property=\"og:url\" content=\"https:\/\/www.vdhurk.nl\/it\/mercedes-9\/mercedes-22\/\" \/>\n<meta property=\"og:site_name\" content=\"Van den Hurk Bedrijfswagens\" \/>\n<meta name=\"twitter:card\" content=\"summary_large_image\" \/>\n<meta name=\"twitter:label1\" content=\"Tempo di lettura stimato\" \/>\n\t<meta name=\"twitter:data1\" content=\"5 minuti\" \/>\n<script type=\"application\/ld+json\" class=\"yoast-schema-graph\">{\"@context\":\"https:\\\/\\\/schema.org\",\"@graph\":[{\"@type\":\"WebPage\",\"@id\":\"https:\\\/\\\/www.vdhurk.nl\\\/mercedes-bedrijfswagens\\\/citan\\\/\",\"url\":\"https:\\\/\\\/www.vdhurk.nl\\\/mercedes-bedrijfswagens\\\/citan\\\/\",\"name\":\"Ontdek alles wat je wilt weten over de Mercedes Citan occasion\",\"isPartOf\":{\"@id\":\"https:\\\/\\\/www.vdhurk.nl\\\/#website\"},\"datePublished\":\"2024-08-01T14:13:36+00:00\",\"description\":\"Meer weten over de Mercedes Citan occasion? Ontdek alle specificaties van dit model en kijk of het bij jouw zakelijke behoeften aansluit.\",\"breadcrumb\":{\"@id\":\"https:\\\/\\\/www.vdhurk.nl\\\/mercedes-bedrijfswagens\\\/citan\\\/#breadcrumb\"},\"inLanguage\":\"it-IT\",\"potentialAction\":[{\"@type\":\"ReadAction\",\"target\":[\"https:\\\/\\\/www.vdhurk.nl\\\/mercedes-bedrijfswagens\\\/citan\\\/\"]}]},{\"@type\":\"BreadcrumbList\",\"@id\":\"https:\\\/\\\/www.vdhurk.nl\\\/mercedes-bedrijfswagens\\\/citan\\\/#breadcrumb\",\"itemListElement\":[{\"@type\":\"ListItem\",\"position\":1,\"name\":\"Home\",\"item\":\"https:\\\/\\\/www.vdhurk.nl\\\/home\\\/\"},{\"@type\":\"ListItem\",\"position\":2,\"name\":\"Mercedes Bedrijfswagens\",\"item\":\"https:\\\/\\\/www.vdhurk.nl\\\/mercedes-bedrijfswagens\\\/\"},{\"@type\":\"ListItem\",\"position\":3,\"name\":\"Mercedes Citan\"}]},{\"@type\":\"WebSite\",\"@id\":\"https:\\\/\\\/www.vdhurk.nl\\\/#website\",\"url\":\"https:\\\/\\\/www.vdhurk.nl\\\/\",\"name\":\"Van den Hurk Bedrijfswagens\",\"description\":\"Van den Hurk bedrijfswagens Helmond\",\"potentialAction\":[{\"@type\":\"SearchAction\",\"target\":{\"@type\":\"EntryPoint\",\"urlTemplate\":\"https:\\\/\\\/www.vdhurk.nl\\\/?s={search_term_string}\"},\"query-input\":{\"@type\":\"PropertyValueSpecification\",\"valueRequired\":true,\"valueName\":\"search_term_string\"}}],\"inLanguage\":\"it-IT\"}]}<\/script>\n<!-- \/ Yoast SEO plugin. -->","yoast_head_json":{"title":"Scopri tutto quello che c'\u00e8 da sapere sull'auto usata Mercedes Citan","description":"Volete saperne di pi\u00f9 sull'occasione Mercedes Citan? Scoprite tutte le specifiche di questo modello e verificate se \u00e8 adatto alle vostre esigenze aziendali.","robots":{"index":"index","follow":"follow","max-snippet":"max-snippet:-1","max-image-preview":"max-image-preview:large","max-video-preview":"max-video-preview:-1"},"canonical":"https:\/\/www.vdhurk.nl\/it\/mercedes-9\/mercedes-22\/","og_locale":"it_IT","og_type":"article","og_title":"Ontdek alles wat je wilt weten over de Mercedes Citan occasion","og_description":"Meer weten over de Mercedes Citan occasion? Ontdek alle specificaties van dit model en kijk of het bij jouw zakelijke behoeften aansluit.","og_url":"https:\/\/www.vdhurk.nl\/it\/mercedes-9\/mercedes-22\/","og_site_name":"Van den Hurk Bedrijfswagens","twitter_card":"summary_large_image","twitter_misc":{"Tempo di lettura stimato":"5 minuti"},"schema":{"@context":"https:\/\/schema.org","@graph":[{"@type":"WebPage","@id":"https:\/\/www.vdhurk.nl\/mercedes-bedrijfswagens\/citan\/","url":"https:\/\/www.vdhurk.nl\/mercedes-bedrijfswagens\/citan\/","name":"Scopri tutto quello che c'\u00e8 da sapere sull'auto usata Mercedes Citan","isPartOf":{"@id":"https:\/\/www.vdhurk.nl\/#website"},"datePublished":"2024-08-01T14:13:36+00:00","description":"Volete saperne di pi\u00f9 sull'occasione Mercedes Citan? Scoprite tutte le specifiche di questo modello e verificate se \u00e8 adatto alle vostre esigenze aziendali.","breadcrumb":{"@id":"https:\/\/www.vdhurk.nl\/mercedes-bedrijfswagens\/citan\/#breadcrumb"},"inLanguage":"it-IT","potentialAction":[{"@type":"ReadAction","target":["https:\/\/www.vdhurk.nl\/mercedes-bedrijfswagens\/citan\/"]}]},{"@type":"BreadcrumbList","@id":"https:\/\/www.vdhurk.nl\/mercedes-bedrijfswagens\/citan\/#breadcrumb","itemListElement":[{"@type":"ListItem","position":1,"name":"Home","item":"https:\/\/www.vdhurk.nl\/home\/"},{"@type":"ListItem","position":2,"name":"Mercedes Bedrijfswagens","item":"https:\/\/www.vdhurk.nl\/mercedes-bedrijfswagens\/"},{"@type":"ListItem","position":3,"name":"Mercedes Citan"}]},{"@type":"WebSite","@id":"https:\/\/www.vdhurk.nl\/#website","url":"https:\/\/www.vdhurk.nl\/","name":"Veicoli commerciali Van den Hurk","description":"Van den Hurk veicoli commerciali Helmond","potentialAction":[{"@type":"SearchAction","target":{"@type":"EntryPoint","urlTemplate":"https:\/\/www.vdhurk.nl\/?s={search_term_string}"},"query-input":{"@type":"PropertyValueSpecification","valueRequired":true,"valueName":"search_term_string"}}],"inLanguage":"it-IT"}]}},"_links":{"self":[{"href":"https:\/\/www.vdhurk.nl\/it\/wp-json\/wp\/v2\/pages\/397532","targetHints":{"allow":["GET"]}}],"collection":[{"href":"https:\/\/www.vdhurk.nl\/it\/wp-json\/wp\/v2\/pages"}],"about":[{"href":"https:\/\/www.vdhurk.nl\/it\/wp-json\/wp\/v2\/types\/page"}],"author":[{"embeddable":true,"href":"https:\/\/www.vdhurk.nl\/it\/wp-json\/wp\/v2\/users\/3"}],"replies":[{"embeddable":true,"href":"https:\/\/www.vdhurk.nl\/it\/wp-json\/wp\/v2\/comments?post=397532"}],"version-history":[{"count":2,"href":"https:\/\/www.vdhurk.nl\/it\/wp-json\/wp\/v2\/pages\/397532\/revisions"}],"predecessor-version":[{"id":397535,"href":"https:\/\/www.vdhurk.nl\/it\/wp-json\/wp\/v2\/pages\/397532\/revisions\/397535"}],"up":[{"embeddable":true,"href":"https:\/\/www.vdhurk.nl\/it\/wp-json\/wp\/v2\/pages\/370573"}],"wp:attachment":[{"href":"https:\/\/www.vdhurk.nl\/it\/wp-json\/wp\/v2\/media?parent=397532"}],"curies":[{"name":"wp","href":"https:\/\/api.w.org\/{rel}","templated":true}]}}