{"id":397524,"date":"2024-08-01T15:19:48","date_gmt":"2024-08-01T13:19:48","guid":{"rendered":"https:\/\/www.vdhurk.nl\/?page_id=397524"},"modified":"2024-08-01T15:19:48","modified_gmt":"2024-08-01T13:19:48","slug":"transito","status":"publish","type":"page","link":"https:\/\/www.vdhurk.nl\/it\/ford-bedrijfswagens\/transit\/","title":{"rendered":"Ford Transit"},"content":{"rendered":"<section  class='av_textblock_section av-lu8gnh7d-4ac895489941e586c1d7c8cb72318135'  itemscope=\"itemscope\" itemtype=\"https:\/\/schema.org\/CreativeWork\" ><div class='avia_textblock'  itemprop=\"text\" ><h1>Ford Transit usato: tutto quello che c'\u00e8 da sapere<\/h1>\n<p>Siete alla ricerca di un veicolo commerciale? Allora il Ford Transit occasion \u00e8 una delle tante opzioni. Si tratta di un veicolo versatile che nel corso degli anni si \u00e8 guadagnato un'ottima reputazione per le sue funzionalit\u00e0. Continuate a leggere per saperne di pi\u00f9 sulle sue caratteristiche e sui suoi vantaggi, in modo da poter prendere una decisione informata.<\/p>\n<\/div><\/section>\n\n<style type=\"text\/css\" data-created_by=\"avia_inline_auto\" id=\"style-css-av-lujjddpd-afa3d7a9eabd61123e643ed1228e781e\">\n#top .hr.hr-invisible.av-lujjddpd-afa3d7a9eabd61123e643ed1228e781e{\nheight:50px;\n}\n<\/style>\n<div  class='hr av-lujjddpd-afa3d7a9eabd61123e643ed1228e781e hr-invisible  avia-builder-el-1  el_after_av_textblock  el_before_av_codeblock'><span class='hr-inner'><span class=\"hr-inner-style\"><\/span><\/span><\/div>\n\n\n<style type=\"text\/css\" data-created_by=\"avia_inline_auto\" id=\"style-css-av-ah0xd-63338d9dc6b40410e22a712829c369d6\">\n#top .hr.hr-invisible.av-ah0xd-63338d9dc6b40410e22a712829c369d6{\nheight:50px;\n}\n<\/style>\n<div  class='hr av-ah0xd-63338d9dc6b40410e22a712829c369d6 hr-invisible  avia-builder-el-3  el_after_av_codeblock  el_before_av_buttonrow'><span class='hr-inner'><span class=\"hr-inner-style\"><\/span><\/span><\/div>\n<div  class='avia-buttonrow-wrap av-lycy2l1u-efac69e9f010a0319d432a3a571c80d4 avia-buttonrow-center  avia-builder-el-4  el_after_av_hr  el_before_av_hr'>\n\n<style type=\"text\/css\" data-created_by=\"avia_inline_auto\" id=\"style-css-av-lycy2co6-8f2299fe1206a496ca2b75fca013669b\">\n#top #wrap_all .avia-button.av-lycy2co6-8f2299fe1206a496ca2b75fca013669b{\nmargin-bottom:5px;\nmargin-right:3px;\nmargin-left:3px;\n}\n<\/style>\n<a href='https:\/\/www.vdhurk.nl\/it\/veicoli-commerciali\/#HctBCoAwDETRu2QtHqCXKbWdRbSaMqmCiHe3uPwP_iM7uMXdCmrMiTR3UCFBOtPh2mUSYwGXe1ijrj5fYzFrf8SW2DWfVcFQ4FneDw'  class='avia-button av-lycy2co6-8f2299fe1206a496ca2b75fca013669b avia-icon_select-yes-right-icon avia-size-x-large avia-color-theme-color'  ><span class='avia_iconbox_title' >Siete curiosi di conoscere l'intera gamma di veicoli commerciali Ford Transit? Non esitate a dare un'occhiata!<\/span><span class='avia_button_icon avia_button_icon_right' aria-hidden='true' data-av_icon='\ue871' data-av_iconfont='entypo-fontello'><\/span><\/a>\n<\/div>\n\n<style type=\"text\/css\" data-created_by=\"avia_inline_auto\" id=\"style-css-av-5os5nsu-fdb3cafc4aea70f22b364d176f4b3a1b\">\n#top .hr.hr-invisible.av-5os5nsu-fdb3cafc4aea70f22b364d176f4b3a1b{\nheight:50px;\n}\n<\/style>\n<div  class='hr av-5os5nsu-fdb3cafc4aea70f22b364d176f4b3a1b hr-invisible  avia-builder-el-5  el_after_av_buttonrow  el_before_av_textblock'><span class='hr-inner'><span class=\"hr-inner-style\"><\/span><\/span><\/div>\n<section  class='av_textblock_section av-lu8gow1e-300853e458ed741bd87d6cb78e55cc7a'  itemscope=\"itemscope\" itemtype=\"https:\/\/schema.org\/CreativeWork\" ><div class='avia_textblock'  itemprop=\"text\" ><h2><b>Perch\u00e9 i modelli Ford Transit sono popolari?<\/b><\/h2>\n<p>Il Ford Transit \u00e8 una scelta popolare per diversi motivi, sia nel nuovo che nell'usato. Le ragioni principali per cui le persone scelgono questo modello hanno a che fare con:<\/p>\n<ul>\n<li><strong>Affidabilit\u00e0 e durata:<\/strong> Questo modello \u00e8 noto per la sua robusta qualit\u00e0 costruttiva e la sua affidabilit\u00e0. Ci\u00f2 lo rende adatto all'uso quotidiano, un aspetto importante per molte organizzazioni e aziende.<\/li>\n<li><strong>Versatilit\u00e0<\/strong>Il veicolo \u00e8 disponibile in diverse versioni. Ci\u00f2 significa che questo modello \u00e8 adatto a quasi tutte le esigenze aziendali: dal trasporto di passeggeri al trasporto di carichi pesanti o di grandi dimensioni.<\/li>\n<li><strong>Molto spazio:<\/strong> Uno dei suoi numerosi vantaggi \u00e8 l'ampio spazio di carico e l'elevato carico utile. \u00c8 l'ideale per le aziende che si occupano molto di trasporto di materiali e merci.<\/li>\n<li><strong>Elevato comfort di marcia:<\/strong> Nonostante le dimensioni relativamente grandi, questo modello offre un elevato comfort di guida. Il modello \u00e8 dotato di vari dispositivi di sicurezza e di sedili confortevoli.<\/li>\n<li><strong>Costo-efficacia<\/strong>Un Ford Transit usato offre un eccellente rapporto qualit\u00e0-prezzo. Le occasioni sono spesso significativamente pi\u00f9 economiche dei modelli nuovi, pur continuando a funzionare bene.<\/li>\n<li><strong>Efficienza del carburante<\/strong>I modelli moderni sono stati progettati pensando all'efficienza. I motori disponibili offrono un buon equilibrio tra potenza e consumo di carburante. Ci\u00f2 contribuisce a mantenere bassi i costi operativi.<\/li>\n<\/ul>\n<p>Tutti questi fattori contribuiscono alla popolarit\u00e0 di questo veicolo.<\/p>\n<\/div><\/section>\n<div class='flex_column av-f64w1-da126f42b61613402309283c14245a25 av_one_half  avia-builder-el-7  el_after_av_textblock  el_before_av_one_third  first flex_column_div column-top-margin'   ><section  class='av_textblock_section av-lu8gpqre-73cc2c17e6a6497ba6e1b58af22bd9e8'  itemscope=\"itemscope\" itemtype=\"https:\/\/schema.org\/CreativeWork\" ><div class='avia_textblock'  itemprop=\"text\" ><h2>Dispositivi di sicurezza<\/h2>\n<p>Il Ford Transit \u00e8 dotato di numerose funzioni di sicurezza che proteggono sia il conducente che i passeggeri. Ad esempio, questo modello \u00e8 dotato di cruise control adattivo. Questo sistema regola automaticamente la velocit\u00e0 per mantenere una distanza di sicurezza dal veicolo che precede. Inoltre, questo veicolo \u00e8 dotato di assistenza al mantenimento della corsia. Questo sistema aiuta a mantenere la corsia di marcia. Inoltre, \u00e8 disponibile anche la frenata automatica d'emergenza. Si tratta di un sistema che rileva potenziali collisioni con altri veicoli o pedoni. In questo modo \u00e8 possibile prevenire gli incidenti. Il veicolo \u00e8 dotato anche di altre funzioni di sicurezza come l'avviso di angolo cieco, gli airbag e altro ancora.<\/p>\n<\/div><\/section><\/div><div class='flex_column av-aldk9-ee694297f5c4032981677a02caab84d6 av_one_third  avia-builder-el-9  el_after_av_one_half  el_before_av_hr  flex_column_div column-top-margin'   ><style type=\"text\/css\" data-created_by=\"avia_inline_auto\" id=\"style-css-av-l1w9kpsf-4ec3fab772ec7a9adaa33cfc64ff0475\">\n.avia-image-container.av-l1w9kpsf-4ec3fab772ec7a9adaa33cfc64ff0475 .av-image-caption-overlay-center{\ncolor:#ffffff;\n}\n<\/style>\n<div  class='avia-image-container av-l1w9kpsf-4ec3fab772ec7a9adaa33cfc64ff0475 av-styling- avia-align-center  avia-builder-el-10  avia-builder-el-no-sibling'  itemprop=\"image\" itemscope=\"itemscope\" itemtype=\"https:\/\/schema.org\/ImageObject\" ><div class=\"avia-image-container-inner\"><div class=\"avia-image-overlay-wrap\"><img decoding=\"async\" class='wp-image-187 avia-img-lazy-loading-not-187 avia_image' src=\"https:\/\/www.vdhurk.nl\/wp-content\/uploads\/2022\/03\/Voorrad.png\" alt='' title='Stock'  height=\"758\" width=\"1135\"  itemprop=\"thumbnailUrl\" srcset=\"https:\/\/www.vdhurk.nl\/wp-content\/uploads\/2022\/03\/Voorrad.png 1135w, https:\/\/www.vdhurk.nl\/wp-content\/uploads\/2022\/03\/Voorrad-300x200.png 300w, https:\/\/www.vdhurk.nl\/wp-content\/uploads\/2022\/03\/Voorrad-1030x688.png 1030w, https:\/\/www.vdhurk.nl\/wp-content\/uploads\/2022\/03\/Voorrad-768x513.png 768w, https:\/\/www.vdhurk.nl\/wp-content\/uploads\/2022\/03\/Voorrad-18x12.png 18w, https:\/\/www.vdhurk.nl\/wp-content\/uploads\/2022\/03\/Voorrad-705x471.png 705w\" sizes=\"(max-width: 1135px) 100vw, 1135px\" \/><\/div><\/div><\/div><\/div><\/p>\n\n<style type=\"text\/css\" data-created_by=\"avia_inline_auto\" id=\"style-css-av-luqrjpjc-5a23a1fb5f94718ca85316a9df963e2f\">\n#top .hr.hr-invisible.av-luqrjpjc-5a23a1fb5f94718ca85316a9df963e2f{\nheight:50px;\n}\n<\/style>\n<div  class='hr av-luqrjpjc-5a23a1fb5f94718ca85316a9df963e2f hr-invisible  avia-builder-el-11  el_after_av_one_third  el_before_av_textblock'><span class='hr-inner'><span class=\"hr-inner-style\"><\/span><\/span><\/div>\n<section  class='av_textblock_section av-lu8gtjw7-4f3cee9304909518d86d2860d9d582dd'  itemscope=\"itemscope\" itemtype=\"https:\/\/schema.org\/CreativeWork\" ><div class='avia_textblock'  itemprop=\"text\" ><h2><b>Specifiche e caratteristiche<\/b><\/h2>\n<p>Esistono diverse tipologie all'interno del modello Transit. Pensiamo, ad esempio, a una capacit\u00e0 di traino di 2.800 kg, a 4 tipi di veicoli con massa complessiva elevata, manuali o automatici, a trazione anteriore o posteriore, da L2H2 a L4H3. In questo modo, ce n'\u00e8 per tutti i gusti e troverete sempre un tipo che soddisfa le vostre aspettative.<\/p>\n<h2><b>Ford Transit: usato e nuovo disponibile<\/b><\/h2>\n<p>A seconda delle esigenze aziendali, si pu\u00f2 valutare se il modello nuovo o un veicolo commerciale usato offra i maggiori vantaggi. Un nuovo modello introduce spesso nuove funzionalit\u00e0, ma spesso comporta anche un prezzo pi\u00f9 elevato. D'altro canto, offriamo veicoli commerciali usati. Questa \u00e8 spesso un'opzione interessante grazie al prezzo pi\u00f9 basso. La scelta tra modelli nuovi o usati dipende da diversi fattori, come il budget, le esigenze operative e la durata di vita desiderata. Non siete sicuri di quale sia la scelta migliore per voi? Saremo lieti di aiutarvi.<\/p>\n<h2><b>L'opportunit\u00e0 di noleggiare un Ford Transit<\/b><\/h2>\n<p>Naturalmente potete scegliere di acquistare un Ford Transit, ma noi di Van den Hurk vi offriamo anche <a href=\"https:\/\/www.vdhurk.nl\/it\/locazione-finanziaria\/\">locazione finanziaria<\/a> a. In questo modo le aziende possono distribuire il costo di un veicolo commerciale su un periodo di tempo pi\u00f9 lungo, senza dover fare un grande investimento in una sola volta. State pensando di ricorrere al leasing finanziario? Saremo lieti di fornirvi una consulenza su misura. In questo modo potrete essere certi di fare la scelta migliore.<\/p>\n<h2><b>Scegliere un veicolo affidabile<\/b><\/h2>\n<p>Il Ford Transit rimane una buona scelta tra le aziende per la sua versatilit\u00e0 e le sue caratteristiche di comfort e sicurezza. Che scegliate un modello nuovo o usato, noi di Van den Hurk siamo pronti ad aiutarvi a trovare il veicolo ideale per le vostre esigenze aziendali.<\/p>\n<\/div><\/section>","protected":false},"excerpt":{"rendered":"","protected":false},"author":3,"featured_media":0,"parent":513,"menu_order":0,"comment_status":"closed","ping_status":"closed","template":"","meta":{"_acf_changed":false,"_improvement_type_select":"improve_an_existing","_thumb_yes_seoaic":false,"_frame_yes_seoaic":false,"seoaic_generate_description":"","seoaic_improve_instructions_prompt":"","seoaic_rollback_content_improvement":"","seoaic_idea_thumbnail_generator":"","thumbnail_generated":false,"thumbnail_generate_prompt":"","seoaic_article_description":"","footnotes":""},"class_list":["post-397524","page","type-page","status-publish","hentry"],"acf":[],"yoast_head":"<!-- This site is optimized with the Yoast SEO plugin v27.5 - https:\/\/yoast.com\/product\/yoast-seo-wordpress\/ -->\n<title>Ontdek alles over de Ford Transit occasion<\/title>\n<meta name=\"description\" content=\"Op zoek naar een bedrijfswagen? Dan is de Ford Transit ocassion een uitstekende optie. Ontdek de specificaties van dit model en kijk of het geschikt is.\" \/>\n<meta name=\"robots\" content=\"index, follow, max-snippet:-1, max-image-preview:large, max-video-preview:-1\" \/>\n<link rel=\"canonical\" href=\"https:\/\/www.vdhurk.nl\/it\/veicoli-commerciali-ford\/transito\/\" \/>\n<meta property=\"og:locale\" content=\"it_IT\" \/>\n<meta property=\"og:type\" content=\"article\" \/>\n<meta property=\"og:title\" content=\"Ontdek alles over de Ford Transit occasion\" \/>\n<meta property=\"og:description\" content=\"Op zoek naar een bedrijfswagen? Dan is de Ford Transit ocassion een uitstekende optie. Ontdek de specificaties van dit model en kijk of het geschikt is.\" \/>\n<meta property=\"og:url\" content=\"https:\/\/www.vdhurk.nl\/it\/veicoli-commerciali-ford\/transito\/\" \/>\n<meta property=\"og:site_name\" content=\"Van den Hurk Bedrijfswagens\" \/>\n<meta name=\"twitter:card\" content=\"summary_large_image\" \/>\n<meta name=\"twitter:label1\" content=\"Tempo di lettura stimato\" \/>\n\t<meta name=\"twitter:data1\" content=\"6 minuti\" \/>\n<script type=\"application\/ld+json\" class=\"yoast-schema-graph\">{\"@context\":\"https:\\\/\\\/schema.org\",\"@graph\":[{\"@type\":\"WebPage\",\"@id\":\"https:\\\/\\\/www.vdhurk.nl\\\/ford-bedrijfswagens\\\/transit\\\/\",\"url\":\"https:\\\/\\\/www.vdhurk.nl\\\/ford-bedrijfswagens\\\/transit\\\/\",\"name\":\"Ontdek alles over de Ford Transit occasion\",\"isPartOf\":{\"@id\":\"https:\\\/\\\/www.vdhurk.nl\\\/#website\"},\"datePublished\":\"2024-08-01T13:19:48+00:00\",\"description\":\"Op zoek naar een bedrijfswagen? Dan is de Ford Transit ocassion een uitstekende optie. Ontdek de specificaties van dit model en kijk of het geschikt is.\",\"breadcrumb\":{\"@id\":\"https:\\\/\\\/www.vdhurk.nl\\\/ford-bedrijfswagens\\\/transit\\\/#breadcrumb\"},\"inLanguage\":\"it-IT\",\"potentialAction\":[{\"@type\":\"ReadAction\",\"target\":[\"https:\\\/\\\/www.vdhurk.nl\\\/ford-bedrijfswagens\\\/transit\\\/\"]}]},{\"@type\":\"BreadcrumbList\",\"@id\":\"https:\\\/\\\/www.vdhurk.nl\\\/ford-bedrijfswagens\\\/transit\\\/#breadcrumb\",\"itemListElement\":[{\"@type\":\"ListItem\",\"position\":1,\"name\":\"Home\",\"item\":\"https:\\\/\\\/www.vdhurk.nl\\\/home\\\/\"},{\"@type\":\"ListItem\",\"position\":2,\"name\":\"Ford Bedrijfswagens\",\"item\":\"https:\\\/\\\/www.vdhurk.nl\\\/ford-bedrijfswagens\\\/\"},{\"@type\":\"ListItem\",\"position\":3,\"name\":\"Ford Transit\"}]},{\"@type\":\"WebSite\",\"@id\":\"https:\\\/\\\/www.vdhurk.nl\\\/#website\",\"url\":\"https:\\\/\\\/www.vdhurk.nl\\\/\",\"name\":\"Van den Hurk Bedrijfswagens\",\"description\":\"Van den Hurk bedrijfswagens Helmond\",\"potentialAction\":[{\"@type\":\"SearchAction\",\"target\":{\"@type\":\"EntryPoint\",\"urlTemplate\":\"https:\\\/\\\/www.vdhurk.nl\\\/?s={search_term_string}\"},\"query-input\":{\"@type\":\"PropertyValueSpecification\",\"valueRequired\":true,\"valueName\":\"search_term_string\"}}],\"inLanguage\":\"it-IT\"}]}<\/script>\n<!-- \/ Yoast SEO plugin. -->","yoast_head_json":{"title":"Scopri tutto sull'auto usata Ford Transit","description":"Siete alla ricerca di un veicolo commerciale? Allora il Ford Transit ocassion \u00e8 un'opzione eccellente. Esplorate le specifiche di questo modello e verificate se \u00e8 adatto.","robots":{"index":"index","follow":"follow","max-snippet":"max-snippet:-1","max-image-preview":"max-image-preview:large","max-video-preview":"max-video-preview:-1"},"canonical":"https:\/\/www.vdhurk.nl\/it\/veicoli-commerciali-ford\/transito\/","og_locale":"it_IT","og_type":"article","og_title":"Ontdek alles over de Ford Transit occasion","og_description":"Op zoek naar een bedrijfswagen? Dan is de Ford Transit ocassion een uitstekende optie. Ontdek de specificaties van dit model en kijk of het geschikt is.","og_url":"https:\/\/www.vdhurk.nl\/it\/veicoli-commerciali-ford\/transito\/","og_site_name":"Van den Hurk Bedrijfswagens","twitter_card":"summary_large_image","twitter_misc":{"Tempo di lettura stimato":"6 minuti"},"schema":{"@context":"https:\/\/schema.org","@graph":[{"@type":"WebPage","@id":"https:\/\/www.vdhurk.nl\/ford-bedrijfswagens\/transit\/","url":"https:\/\/www.vdhurk.nl\/ford-bedrijfswagens\/transit\/","name":"Scopri tutto sull'auto usata Ford Transit","isPartOf":{"@id":"https:\/\/www.vdhurk.nl\/#website"},"datePublished":"2024-08-01T13:19:48+00:00","description":"Siete alla ricerca di un veicolo commerciale? Allora il Ford Transit ocassion \u00e8 un'opzione eccellente. Esplorate le specifiche di questo modello e verificate se \u00e8 adatto.","breadcrumb":{"@id":"https:\/\/www.vdhurk.nl\/ford-bedrijfswagens\/transit\/#breadcrumb"},"inLanguage":"it-IT","potentialAction":[{"@type":"ReadAction","target":["https:\/\/www.vdhurk.nl\/ford-bedrijfswagens\/transit\/"]}]},{"@type":"BreadcrumbList","@id":"https:\/\/www.vdhurk.nl\/ford-bedrijfswagens\/transit\/#breadcrumb","itemListElement":[{"@type":"ListItem","position":1,"name":"Home","item":"https:\/\/www.vdhurk.nl\/home\/"},{"@type":"ListItem","position":2,"name":"Ford Bedrijfswagens","item":"https:\/\/www.vdhurk.nl\/ford-bedrijfswagens\/"},{"@type":"ListItem","position":3,"name":"Ford Transit"}]},{"@type":"WebSite","@id":"https:\/\/www.vdhurk.nl\/#website","url":"https:\/\/www.vdhurk.nl\/","name":"Veicoli commerciali Van den Hurk","description":"Van den Hurk veicoli commerciali Helmond","potentialAction":[{"@type":"SearchAction","target":{"@type":"EntryPoint","urlTemplate":"https:\/\/www.vdhurk.nl\/?s={search_term_string}"},"query-input":{"@type":"PropertyValueSpecification","valueRequired":true,"valueName":"search_term_string"}}],"inLanguage":"it-IT"}]}},"_links":{"self":[{"href":"https:\/\/www.vdhurk.nl\/it\/wp-json\/wp\/v2\/pages\/397524","targetHints":{"allow":["GET"]}}],"collection":[{"href":"https:\/\/www.vdhurk.nl\/it\/wp-json\/wp\/v2\/pages"}],"about":[{"href":"https:\/\/www.vdhurk.nl\/it\/wp-json\/wp\/v2\/types\/page"}],"author":[{"embeddable":true,"href":"https:\/\/www.vdhurk.nl\/it\/wp-json\/wp\/v2\/users\/3"}],"replies":[{"embeddable":true,"href":"https:\/\/www.vdhurk.nl\/it\/wp-json\/wp\/v2\/comments?post=397524"}],"version-history":[{"count":2,"href":"https:\/\/www.vdhurk.nl\/it\/wp-json\/wp\/v2\/pages\/397524\/revisions"}],"predecessor-version":[{"id":397526,"href":"https:\/\/www.vdhurk.nl\/it\/wp-json\/wp\/v2\/pages\/397524\/revisions\/397526"}],"up":[{"embeddable":true,"href":"https:\/\/www.vdhurk.nl\/it\/wp-json\/wp\/v2\/pages\/513"}],"wp:attachment":[{"href":"https:\/\/www.vdhurk.nl\/it\/wp-json\/wp\/v2\/media?parent=397524"}],"curies":[{"name":"wp","href":"https:\/\/api.w.org\/{rel}","templated":true}]}}