{"id":393643,"date":"2024-07-08T14:24:33","date_gmt":"2024-07-08T12:24:33","guid":{"rendered":"https:\/\/www.vdhurk.nl\/?page_id=393643"},"modified":"2024-07-08T14:24:33","modified_gmt":"2024-07-08T12:24:33","slug":"mercedes-14","status":"publish","type":"page","link":"https:\/\/www.vdhurk.nl\/it\/volkswagen-bedrijfswagens\/transporter\/","title":{"rendered":"Volkswagen Transporter"},"content":{"rendered":"<section  class='av_textblock_section av-lu8gnh7d-4ac895489941e586c1d7c8cb72318135'  itemscope=\"itemscope\" itemtype=\"https:\/\/schema.org\/CreativeWork\" ><div class='avia_textblock'  itemprop=\"text\" ><h1>Tutto quello che volete sapere sull'occasione del Volkswagen Transporter<\/h1>\n<p>Nel mondo dei veicoli commerciali, il Volkswagen Transporter \u00e8 una scelta popolare. Da anni questo modello \u00e8 noto per la sua affidabilit\u00e0 e versatilit\u00e0. Grazie alla sua robusta qualit\u00e0, questo modello convince non solo per l'aspetto, ma anche per le sue caratteristiche pratiche. Ci\u00f2 rende questo veicolo commerciale estremamente adatto all'uso aziendale. Anche per chi viaggia molto, questo modello rappresenta una scelta eccellente.<\/p>\n<\/div><\/section>\n\n<style type=\"text\/css\" data-created_by=\"avia_inline_auto\" id=\"style-css-av-lujjddpd-afa3d7a9eabd61123e643ed1228e781e\">\n#top .hr.hr-invisible.av-lujjddpd-afa3d7a9eabd61123e643ed1228e781e{\nheight:50px;\n}\n<\/style>\n<div  class='hr av-lujjddpd-afa3d7a9eabd61123e643ed1228e781e hr-invisible  avia-builder-el-1  el_after_av_textblock  el_before_av_codeblock'><span class='hr-inner'><span class=\"hr-inner-style\"><\/span><\/span><\/div>\n\n\n<style type=\"text\/css\" data-created_by=\"avia_inline_auto\" id=\"style-css-av-82y21t7-4622d153891c0528813f731a57d2f010\">\n#top .hr.hr-invisible.av-82y21t7-4622d153891c0528813f731a57d2f010{\nheight:50px;\n}\n<\/style>\n<div  class='hr av-82y21t7-4622d153891c0528813f731a57d2f010 hr-invisible  avia-builder-el-3  el_after_av_codeblock  el_before_av_buttonrow'><span class='hr-inner'><span class=\"hr-inner-style\"><\/span><\/span><\/div>\n<div  class='avia-buttonrow-wrap av-lycyeosk-3a5d84609b38731678ab01a141ddd2c6 avia-buttonrow-center  avia-builder-el-4  el_after_av_hr  el_before_av_hr'>\n\n<style type=\"text\/css\" data-created_by=\"avia_inline_auto\" id=\"style-css-av-lycyehd9-8b81d1ba0c97b1c601641cfcf82e6f50\">\n#top #wrap_all .avia-button.av-lycyehd9-8b81d1ba0c97b1c601641cfcf82e6f50{\nmargin-bottom:5px;\nmargin-right:3px;\nmargin-left:3px;\n}\n<\/style>\n<a href='https:\/\/www.vdhurk.nl\/it\/veicoli-commerciali\/#HcxRCoAgEEXRrcR8RwtoM2L6CEsbeWNFRHsv-rxwuLcUcHVFI7ILnlQzMEFGOTSvdvoZW9foN6vKBkovyghO10cq02LD8R1U6x-uerYU9pzAMcKCPC8'  class='avia-button av-lycyehd9-8b81d1ba0c97b1c601641cfcf82e6f50 avia-icon_select-yes-right-icon avia-size-x-large avia-color-theme-color'  ><span class='avia_iconbox_title' >Siete curiosi di conoscere l'intera gamma di veicoli commerciali Volkswagen Transporter? Non esitate a dare un'occhiata!<\/span><span class='avia_button_icon avia_button_icon_right' aria-hidden='true' data-av_icon='\ue871' data-av_iconfont='entypo-fontello'><\/span><\/a>\n<\/div>\n\n<style type=\"text\/css\" data-created_by=\"avia_inline_auto\" id=\"style-css-av-ah0xd-63338d9dc6b40410e22a712829c369d6\">\n#top .hr.hr-invisible.av-ah0xd-63338d9dc6b40410e22a712829c369d6{\nheight:50px;\n}\n<\/style>\n<div  class='hr av-ah0xd-63338d9dc6b40410e22a712829c369d6 hr-invisible  avia-builder-el-5  el_after_av_buttonrow  el_before_av_textblock'><span class='hr-inner'><span class=\"hr-inner-style\"><\/span><\/span><\/div>\n<section  class='av_textblock_section av-lu8gow1e-300853e458ed741bd87d6cb78e55cc7a'  itemscope=\"itemscope\" itemtype=\"https:\/\/schema.org\/CreativeWork\" ><div class='avia_textblock'  itemprop=\"text\" ><h2>6 motivi per cui gli imprenditori acquistano un Volkswagen Transporter<\/h2>\n<p>In qualit\u00e0 di concessionario Volkswagen Transporter, sappiamo che questo modello \u00e8 molto apprezzato per l'uso aziendale. La popolarit\u00e0 di questo modello \u00e8 in parte dovuta a:<\/p>\n<ul>\n<li><strong>Versatilit\u00e0<\/strong>Questo modello \u00e8 stato progettato per soddisfare diverse esigenze aziendali. Ad esempio, il veicolo commerciale \u00e8 adatto al trasporto di merci e persone. Il Transporter offre soluzioni per diverse applicazioni.<\/li>\n<li><strong>Qualit\u00e0 costruttiva robusta<\/strong>Il Transporter \u00e8 noto per la sua struttura solida e la sua durata. Il modello \u00e8 progettato per sopportare carichi pesanti. Questo rende il veicolo commerciale affidabile in varie condizioni.<\/li>\n<li><strong>Efficienza potente<\/strong>Le Volkswagen sono note per i loro motori potenti ed efficienti. Questo rende i veicoli fluidi e reattivi anche sotto carichi pesanti. I modelli sono stati progettati per essere economici, pur fornendo una potenza sufficiente per un uso diversificato.<\/li>\n<li><strong>Utilizzo confortevole<\/strong>Gli interni del modello sono stati progettati all'insegna del comfort e della praticit\u00e0. Il modello comprende sedili ergonomici, raffinate soluzioni di stivaggio e caratteristiche tecnologiche avanzate. Di conseguenza, questo modello offre un'esperienza di guida piacevole per tutti i conducenti e i passeggeri.<\/li>\n<li><strong>Tecnologia<\/strong>Questo modello \u00e8 stato progettato con una serie di caratteristiche tecnologiche. Queste includono sistemi di infotainment, sistemi di assistenza alla guida e opzioni di connettivit\u00e0. Queste tecnologie migliorano il comfort e la praticit\u00e0 e contribuiscono alla sicurezza del veicolo.<br \/>\n<strong>Dispositivi di sicurezza<\/strong>Il marchio presta molta attenzione alla sicurezza. Per esempio, ha sviluppato funzioni come l'assistenza alla frenata avanzata, il cruise control adattivo e altro ancora. Si tratta di funzioni che aiutano a supportare il conducente e a garantire la sicurezza dei passeggeri, anche in condizioni difficili.<\/li>\n<\/ul>\n<p>Tutte queste caratteristiche rendono i modelli Volkswagen Transporter una scelta popolare per gli affari.<\/p>\n<\/div><\/section>\n<div class='flex_column av-f64w1-da126f42b61613402309283c14245a25 av_one_half  avia-builder-el-7  el_after_av_textblock  el_before_av_one_third  first flex_column_div column-top-margin'   ><section  class='av_textblock_section av-lu8gpqre-73cc2c17e6a6497ba6e1b58af22bd9e8'  itemscope=\"itemscope\" itemtype=\"https:\/\/schema.org\/CreativeWork\" ><div class='avia_textblock'  itemprop=\"text\" ><h2><b>Perch\u00e9 scegliere un modello di seconda mano?<\/b><\/h2>\n<p>Nella nostra offerta troverete un Volkswagen Transporter di seconda mano che funziona correttamente. Nonostante i nostri modelli siano stati usati in precedenza, fanno esattamente quello che dovrebbero fare. Inoltre, un modello usato offre molti vantaggi, a cominciare dal risparmio sui costi. In genere, i modelli usati sono pi\u00f9 economici di quelli nuovi. Quindi si risparmia molto sul prezzo di acquisto. Inoltre, i veicoli nuovi perdono rapidamente il loro valore. Con un Transporter usato si evita gran parte di questa svalutazione.<\/p>\n<\/div><\/section><\/div>\n<div class='flex_column av-aldk9-ee694297f5c4032981677a02caab84d6 av_one_third  avia-builder-el-9  el_after_av_one_half  el_before_av_hr  flex_column_div column-top-margin'   ><style type=\"text\/css\" data-created_by=\"avia_inline_auto\" id=\"style-css-av-l1w9kpsf-4ec3fab772ec7a9adaa33cfc64ff0475\">\n.avia-image-container.av-l1w9kpsf-4ec3fab772ec7a9adaa33cfc64ff0475 .av-image-caption-overlay-center{\ncolor:#ffffff;\n}\n<\/style>\n<div  class='avia-image-container av-l1w9kpsf-4ec3fab772ec7a9adaa33cfc64ff0475 av-styling- avia-align-center  avia-builder-el-10  avia-builder-el-no-sibling'  itemprop=\"image\" itemscope=\"itemscope\" itemtype=\"https:\/\/schema.org\/ImageObject\" ><div class=\"avia-image-container-inner\"><div class=\"avia-image-overlay-wrap\"><img decoding=\"async\" class='wp-image-187 avia-img-lazy-loading-not-187 avia_image' src=\"https:\/\/www.vdhurk.nl\/wp-content\/uploads\/2022\/03\/Voorrad.png\" alt='' title='Stock'  height=\"758\" width=\"1135\"  itemprop=\"thumbnailUrl\" srcset=\"https:\/\/www.vdhurk.nl\/wp-content\/uploads\/2022\/03\/Voorrad.png 1135w, https:\/\/www.vdhurk.nl\/wp-content\/uploads\/2022\/03\/Voorrad-300x200.png 300w, https:\/\/www.vdhurk.nl\/wp-content\/uploads\/2022\/03\/Voorrad-1030x688.png 1030w, https:\/\/www.vdhurk.nl\/wp-content\/uploads\/2022\/03\/Voorrad-768x513.png 768w, https:\/\/www.vdhurk.nl\/wp-content\/uploads\/2022\/03\/Voorrad-18x12.png 18w, https:\/\/www.vdhurk.nl\/wp-content\/uploads\/2022\/03\/Voorrad-705x471.png 705w\" sizes=\"(max-width: 1135px) 100vw, 1135px\" \/><\/div><\/div><\/div><\/div>\n\n<style type=\"text\/css\" data-created_by=\"avia_inline_auto\" id=\"style-css-av-luqrjpjc-5a23a1fb5f94718ca85316a9df963e2f\">\n#top .hr.hr-invisible.av-luqrjpjc-5a23a1fb5f94718ca85316a9df963e2f{\nheight:50px;\n}\n<\/style>\n<div  class='hr av-luqrjpjc-5a23a1fb5f94718ca85316a9df963e2f hr-invisible  avia-builder-el-11  el_after_av_one_third  el_before_av_textblock'><span class='hr-inner'><span class=\"hr-inner-style\"><\/span><\/span><\/div>\n<section  class='av_textblock_section av-lu8gtjw7-4f3cee9304909518d86d2860d9d582dd'  itemscope=\"itemscope\" itemtype=\"https:\/\/schema.org\/CreativeWork\" ><div class='avia_textblock'  itemprop=\"text\" ><h2>Leasing di un Transporter Volkswagen<\/h2>\n<p>Noi di Van den Hurk offriamo pi\u00f9 opzioni rispetto al semplice acquisto di veicoli commerciali. \u00c8 anche possibile prenderne uno in leasing. Si tratta di un'opzione pensata appositamente per gli utenti aziendali che desiderano sicurezza. Il vantaggio di un <a href=\"https:\/\/www.vdhurk.nl\/it\/locazione-finanziaria\/#top\">leasing di auto aziendali<\/a> \u00e8 che non dovete utilizzare le vostre risorse finanziarie. Questo perch\u00e9 il finanziamento \u00e8 separato dagli altri finanziamenti aziendali. Volete saperne di pi\u00f9 sul leasing? Saremo lieti di parlarvene.<\/p>\n<h2><b>La storia di questo modello<\/b><\/h2>\n<h3><b>Punto di partenza del trasportatore<\/b><\/h3>\n<p>La storia del Volkswagen Transporter \u00e8 una storia di innovazione, versatilit\u00e0 e durata che risale al XX secolo. In quel periodo, Volkswagen vide la necessit\u00e0 di un veicolo commerciale versatile in grado di soddisfare la crescente domanda di opzioni di trasporto. In seguito, il veicolo si \u00e8 rapidamente trasformato in un modello popolare.<\/p>\n<h3><b>Sviluppi negli anni successivi<\/b><\/h3>\n<p>Negli anni successivi alla nascita del Volkswagen Transporter sono seguite numerose evoluzioni e miglioramenti. Vennero sviluppati nuovi modelli per tenere il passo con le mutevoli richieste del mercato e con i progressi tecnologici. Di conseguenza, i modelli rimasero popolari tra gli utenti commerciali.<\/p>\n<h3><strong>L'auto aziendale oggi<\/strong><\/h3>\n<p>Oggi il Volkswagen Transporter rimane una delle scelte preferite da persone di ogni et\u00e0 e provenienza. Gli imprenditori scelgono questo modello perch\u00e9 \u00e8 una scelta affidabile a lungo termine. Con una ricca storia, questo modello rimane un'icona di mobilit\u00e0 e libert\u00e0.<\/p>\n<\/div><\/section>","protected":false},"excerpt":{"rendered":"","protected":false},"author":3,"featured_media":0,"parent":372079,"menu_order":0,"comment_status":"closed","ping_status":"closed","template":"","meta":{"_acf_changed":false,"_improvement_type_select":"improve_an_existing","_thumb_yes_seoaic":false,"_frame_yes_seoaic":false,"seoaic_generate_description":"","seoaic_improve_instructions_prompt":"","seoaic_rollback_content_improvement":"","seoaic_idea_thumbnail_generator":"","thumbnail_generated":false,"thumbnail_generate_prompt":"","seoaic_article_description":"","footnotes":""},"class_list":["post-393643","page","type-page","status-publish","hentry"],"acf":[],"yoast_head":"<!-- This site is optimized with the Yoast SEO plugin v27.5 - https:\/\/yoast.com\/product\/yoast-seo-wordpress\/ -->\n<title>Vind jouw geschikte Volkswagen Transporter occasion<\/title>\n<meta name=\"description\" content=\"Op zoek naar een goed werkende Volkswagen Transporter occasion? Bekijk dan ons actuele aanbod en ontdek de verschillende mogelijkheden.\" \/>\n<meta name=\"robots\" content=\"index, follow, max-snippet:-1, max-image-preview:large, max-video-preview:-1\" \/>\n<link rel=\"canonical\" href=\"https:\/\/www.vdhurk.nl\/it\/mercedes-13\/mercedes-14\/\" \/>\n<meta property=\"og:locale\" content=\"it_IT\" \/>\n<meta property=\"og:type\" content=\"article\" \/>\n<meta property=\"og:title\" content=\"Vind jouw geschikte Volkswagen Transporter occasion\" \/>\n<meta property=\"og:description\" content=\"Op zoek naar een goed werkende Volkswagen Transporter occasion? Bekijk dan ons actuele aanbod en ontdek de verschillende mogelijkheden.\" \/>\n<meta property=\"og:url\" content=\"https:\/\/www.vdhurk.nl\/it\/mercedes-13\/mercedes-14\/\" \/>\n<meta property=\"og:site_name\" content=\"Van den Hurk Bedrijfswagens\" \/>\n<meta name=\"twitter:card\" content=\"summary_large_image\" \/>\n<meta name=\"twitter:label1\" content=\"Tempo di lettura stimato\" \/>\n\t<meta name=\"twitter:data1\" content=\"6 minuti\" \/>\n<script type=\"application\/ld+json\" class=\"yoast-schema-graph\">{\"@context\":\"https:\\\/\\\/schema.org\",\"@graph\":[{\"@type\":\"WebPage\",\"@id\":\"https:\\\/\\\/www.vdhurk.nl\\\/volkswagen-bedrijfswagens\\\/transporter\\\/\",\"url\":\"https:\\\/\\\/www.vdhurk.nl\\\/volkswagen-bedrijfswagens\\\/transporter\\\/\",\"name\":\"Vind jouw geschikte Volkswagen Transporter occasion\",\"isPartOf\":{\"@id\":\"https:\\\/\\\/www.vdhurk.nl\\\/#website\"},\"datePublished\":\"2024-07-08T12:24:33+00:00\",\"description\":\"Op zoek naar een goed werkende Volkswagen Transporter occasion? Bekijk dan ons actuele aanbod en ontdek de verschillende mogelijkheden.\",\"breadcrumb\":{\"@id\":\"https:\\\/\\\/www.vdhurk.nl\\\/volkswagen-bedrijfswagens\\\/transporter\\\/#breadcrumb\"},\"inLanguage\":\"it-IT\",\"potentialAction\":[{\"@type\":\"ReadAction\",\"target\":[\"https:\\\/\\\/www.vdhurk.nl\\\/volkswagen-bedrijfswagens\\\/transporter\\\/\"]}]},{\"@type\":\"BreadcrumbList\",\"@id\":\"https:\\\/\\\/www.vdhurk.nl\\\/volkswagen-bedrijfswagens\\\/transporter\\\/#breadcrumb\",\"itemListElement\":[{\"@type\":\"ListItem\",\"position\":1,\"name\":\"Home\",\"item\":\"https:\\\/\\\/www.vdhurk.nl\\\/home\\\/\"},{\"@type\":\"ListItem\",\"position\":2,\"name\":\"Volkswagen Bedrijfswagens\",\"item\":\"https:\\\/\\\/www.vdhurk.nl\\\/volkswagen-bedrijfswagens\\\/\"},{\"@type\":\"ListItem\",\"position\":3,\"name\":\"Volkswagen Transporter\"}]},{\"@type\":\"WebSite\",\"@id\":\"https:\\\/\\\/www.vdhurk.nl\\\/#website\",\"url\":\"https:\\\/\\\/www.vdhurk.nl\\\/\",\"name\":\"Van den Hurk Bedrijfswagens\",\"description\":\"Van den Hurk bedrijfswagens Helmond\",\"potentialAction\":[{\"@type\":\"SearchAction\",\"target\":{\"@type\":\"EntryPoint\",\"urlTemplate\":\"https:\\\/\\\/www.vdhurk.nl\\\/?s={search_term_string}\"},\"query-input\":{\"@type\":\"PropertyValueSpecification\",\"valueRequired\":true,\"valueName\":\"search_term_string\"}}],\"inLanguage\":\"it-IT\"}]}<\/script>\n<!-- \/ Yoast SEO plugin. -->","yoast_head_json":{"title":"Trova l'auto usata Volkswagen Transporter che fa per te","description":"Siete alla ricerca di una buona auto usata Volkswagen Transporter? Allora date un'occhiata alla nostra offerta attuale e scoprite le diverse opzioni.","robots":{"index":"index","follow":"follow","max-snippet":"max-snippet:-1","max-image-preview":"max-image-preview:large","max-video-preview":"max-video-preview:-1"},"canonical":"https:\/\/www.vdhurk.nl\/it\/mercedes-13\/mercedes-14\/","og_locale":"it_IT","og_type":"article","og_title":"Vind jouw geschikte Volkswagen Transporter occasion","og_description":"Op zoek naar een goed werkende Volkswagen Transporter occasion? Bekijk dan ons actuele aanbod en ontdek de verschillende mogelijkheden.","og_url":"https:\/\/www.vdhurk.nl\/it\/mercedes-13\/mercedes-14\/","og_site_name":"Van den Hurk Bedrijfswagens","twitter_card":"summary_large_image","twitter_misc":{"Tempo di lettura stimato":"6 minuti"},"schema":{"@context":"https:\/\/schema.org","@graph":[{"@type":"WebPage","@id":"https:\/\/www.vdhurk.nl\/volkswagen-bedrijfswagens\/transporter\/","url":"https:\/\/www.vdhurk.nl\/volkswagen-bedrijfswagens\/transporter\/","name":"Trova l'auto usata Volkswagen Transporter che fa per te","isPartOf":{"@id":"https:\/\/www.vdhurk.nl\/#website"},"datePublished":"2024-07-08T12:24:33+00:00","description":"Siete alla ricerca di una buona auto usata Volkswagen Transporter? Allora date un'occhiata alla nostra offerta attuale e scoprite le diverse opzioni.","breadcrumb":{"@id":"https:\/\/www.vdhurk.nl\/volkswagen-bedrijfswagens\/transporter\/#breadcrumb"},"inLanguage":"it-IT","potentialAction":[{"@type":"ReadAction","target":["https:\/\/www.vdhurk.nl\/volkswagen-bedrijfswagens\/transporter\/"]}]},{"@type":"BreadcrumbList","@id":"https:\/\/www.vdhurk.nl\/volkswagen-bedrijfswagens\/transporter\/#breadcrumb","itemListElement":[{"@type":"ListItem","position":1,"name":"Home","item":"https:\/\/www.vdhurk.nl\/home\/"},{"@type":"ListItem","position":2,"name":"Volkswagen Bedrijfswagens","item":"https:\/\/www.vdhurk.nl\/volkswagen-bedrijfswagens\/"},{"@type":"ListItem","position":3,"name":"Volkswagen Transporter"}]},{"@type":"WebSite","@id":"https:\/\/www.vdhurk.nl\/#website","url":"https:\/\/www.vdhurk.nl\/","name":"Veicoli commerciali Van den Hurk","description":"Van den Hurk veicoli commerciali Helmond","potentialAction":[{"@type":"SearchAction","target":{"@type":"EntryPoint","urlTemplate":"https:\/\/www.vdhurk.nl\/?s={search_term_string}"},"query-input":{"@type":"PropertyValueSpecification","valueRequired":true,"valueName":"search_term_string"}}],"inLanguage":"it-IT"}]}},"_links":{"self":[{"href":"https:\/\/www.vdhurk.nl\/it\/wp-json\/wp\/v2\/pages\/393643","targetHints":{"allow":["GET"]}}],"collection":[{"href":"https:\/\/www.vdhurk.nl\/it\/wp-json\/wp\/v2\/pages"}],"about":[{"href":"https:\/\/www.vdhurk.nl\/it\/wp-json\/wp\/v2\/types\/page"}],"author":[{"embeddable":true,"href":"https:\/\/www.vdhurk.nl\/it\/wp-json\/wp\/v2\/users\/3"}],"replies":[{"embeddable":true,"href":"https:\/\/www.vdhurk.nl\/it\/wp-json\/wp\/v2\/comments?post=393643"}],"version-history":[{"count":5,"href":"https:\/\/www.vdhurk.nl\/it\/wp-json\/wp\/v2\/pages\/393643\/revisions"}],"predecessor-version":[{"id":393653,"href":"https:\/\/www.vdhurk.nl\/it\/wp-json\/wp\/v2\/pages\/393643\/revisions\/393653"}],"up":[{"embeddable":true,"href":"https:\/\/www.vdhurk.nl\/it\/wp-json\/wp\/v2\/pages\/372079"}],"wp:attachment":[{"href":"https:\/\/www.vdhurk.nl\/it\/wp-json\/wp\/v2\/media?parent=393643"}],"curies":[{"name":"wp","href":"https:\/\/api.w.org\/{rel}","templated":true}]}}