{"id":393610,"date":"2024-07-08T13:58:13","date_gmt":"2024-07-08T11:58:13","guid":{"rendered":"https:\/\/www.vdhurk.nl\/?page_id=393610"},"modified":"2024-07-08T14:22:13","modified_gmt":"2024-07-08T12:22:13","slug":"mercedes-4","status":"publish","type":"page","link":"https:\/\/www.vdhurk.nl\/it\/volkswagen-bedrijfswagens\/caddy\/","title":{"rendered":"Volkswagen Caddy"},"content":{"rendered":"<section  class='av_textblock_section av-lu8gnh7d-4ac895489941e586c1d7c8cb72318135'  itemscope=\"itemscope\" itemtype=\"https:\/\/schema.org\/CreativeWork\" ><div class='avia_textblock'  itemprop=\"text\" ><h1>Tutto quello che c'\u00e8 da sapere sull'occasione Volkswagen Caddy<\/h1>\n<p>Il Volkswagen Caddy \u00e8 da tempo uno dei veicoli commerciali pi\u00f9 popolari e versatili sul mercato. Questo modello si \u00e8 guadagnato una solida reputazione tra le aziende e gli imprenditori. Questo veicolo offre molte qualit\u00e0 a un prezzo accessibile. Flessibilit\u00e0 e durata si fondono in questo modello. Scoprite le numerose specifiche e i vantaggi di questo modello.<\/p>\n<\/div><\/section>\n\n<style type=\"text\/css\" data-created_by=\"avia_inline_auto\" id=\"style-css-av-lujjddpd-afa3d7a9eabd61123e643ed1228e781e\">\n#top .hr.hr-invisible.av-lujjddpd-afa3d7a9eabd61123e643ed1228e781e{\nheight:50px;\n}\n<\/style>\n<div  class='hr av-lujjddpd-afa3d7a9eabd61123e643ed1228e781e hr-invisible  avia-builder-el-1  el_after_av_textblock  el_before_av_codeblock'><span class='hr-inner'><span class=\"hr-inner-style\"><\/span><\/span><\/div>\n\n\n<style type=\"text\/css\" data-created_by=\"avia_inline_auto\" id=\"style-css-av-av_hr-3a876428eececa9d35452247ddb053af\">\n#top .hr.hr-invisible.av-av_hr-3a876428eececa9d35452247ddb053af{\nheight:50px;\n}\n<\/style>\n<div  class='hr av-av_hr-3a876428eececa9d35452247ddb053af hr-invisible  avia-builder-el-3  el_after_av_codeblock  el_before_av_buttonrow'><span class='hr-inner'><span class=\"hr-inner-style\"><\/span><\/span><\/div>\n<div  class='avia-buttonrow-wrap av-lycyckhz-a0207ca1bb187f2978bad44a1bbc9abf avia-buttonrow-center  avia-builder-el-4  el_after_av_hr  el_before_av_hr'>\n\n<style type=\"text\/css\" data-created_by=\"avia_inline_auto\" id=\"style-css-av-lycyc0c8-09cd1f79e4080d9a7583e09e93f1a2c7\">\n#top #wrap_all .avia-button.av-lycyc0c8-09cd1f79e4080d9a7583e09e93f1a2c7{\nmargin-bottom:5px;\nmargin-right:3px;\nmargin-left:3px;\n}\n<\/style>\n<a href='https:\/\/www.vdhurk.nl\/it\/veicoli-commerciali\/#HctLCoAwDEXRrUjG4gLcTKlJkNpqyosfRNy7xeHlcB9aFTmsJloCR8DcFUlppNNK9ivOunUcRW7qySCK6W5YkRYfzvaa1T9CjdgTHyUpRlFnej8'  class='avia-button av-lycyc0c8-09cd1f79e4080d9a7583e09e93f1a2c7 avia-icon_select-yes-right-icon avia-size-x-large avia-color-theme-color'  ><span class='avia_iconbox_title' >Siete curiosi di conoscere l'intera gamma di veicoli commerciali Volkswagen Caddy? Non esitate a dare un'occhiata!<\/span><span class='avia_button_icon avia_button_icon_right' aria-hidden='true' data-av_icon='\ue871' data-av_iconfont='entypo-fontello'><\/span><\/a>\n<\/div>\n\n<style type=\"text\/css\" data-created_by=\"avia_inline_auto\" id=\"style-css-av-ah0xd-63338d9dc6b40410e22a712829c369d6\">\n#top .hr.hr-invisible.av-ah0xd-63338d9dc6b40410e22a712829c369d6{\nheight:50px;\n}\n<\/style>\n<div  class='hr av-ah0xd-63338d9dc6b40410e22a712829c369d6 hr-invisible  avia-builder-el-5  el_after_av_buttonrow  el_before_av_textblock'><span class='hr-inner'><span class=\"hr-inner-style\"><\/span><\/span><\/div>\n<section  class='av_textblock_section av-lu8gow1e-300853e458ed741bd87d6cb78e55cc7a'  itemscope=\"itemscope\" itemtype=\"https:\/\/schema.org\/CreativeWork\" ><div class='avia_textblock'  itemprop=\"text\" ><h2>5 vantaggi dei modelli Volkswagen Caddy<\/h2>\n<p>Scegliere una Volkswagen Caddy usata comporta diversi vantaggi:<\/p>\n<ul>\n<li><strong>Convenienza<\/strong>Spesso un'auto usata ha un prezzo pi\u00f9 conveniente rispetto a un modello nuovo. Scegliendo un Volkswagen Caddy, si beneficia allo stesso tempo di un veicolo di qualit\u00e0.<\/li>\n<li><strong>Affidabilit\u00e0<\/strong>Volkswagen \u00e8 nota per i suoi veicoli affidabili. L'occasione Caddy ha una buona storia di manutenzione, quindi potete fidarvi di un veicolo commerciale.<\/li>\n<li><strong>Versatilit\u00e0 e spazio:<\/strong> Questo modello offre un abitacolo spazioso e uno spazio di carico versatile. Ci\u00f2 lo rende molto adatto a varie applicazioni, come il trasporto di merci e utensili.<\/li>\n<li><strong>Qualit\u00e0 costruttiva solida<\/strong>: Volkswagen \u00e8 nota per la qualit\u00e0 costruttiva e la lavorazione di alto livello. Con questo modello, potrete beneficiare di costruzione e durata.<\/li>\n<li><strong>Disponibilit\u00e0 di opzioni<\/strong>: Quando si acquista un Volkswagen Caddy usato, \u00e8 spesso possibile scegliere tra diverse configurazioni. Questo vi d\u00e0 l'opportunit\u00e0 di trovare un veicolo che si adatti completamente alle vostre esigenze e preferenze.<\/li>\n<\/ul>\n<p>Questo modello offre quindi un'eccellente combinazione di valore, affidabilit\u00e0 e versatilit\u00e0. Ci\u00f2 rende il veicolo commerciale un'opzione interessante per diversi utenti.<\/p>\n<\/div><\/section>\n<div class='flex_column av-f64w1-da126f42b61613402309283c14245a25 av_one_half  avia-builder-el-7  el_after_av_textblock  el_before_av_one_third  first flex_column_div column-top-margin'   ><section  class='av_textblock_section av-lu8gpqre-73cc2c17e6a6497ba6e1b58af22bd9e8'  itemscope=\"itemscope\" itemtype=\"https:\/\/schema.org\/CreativeWork\" ><div class='avia_textblock'  itemprop=\"text\" ><h2>3 motivi per scegliere un modello usato rispetto a un veicolo commerciale nuovo<\/h2>\n<p>Acquistare un Volkswagen Caddy di seconda mano \u00e8 spesso pi\u00f9 conveniente che optare per un modello nuovo. Perch\u00e9? Vi elenchiamo i motivi principali:<\/p>\n<ul>\n<li><strong>Prezzo<\/strong>Un modello di seconda mano \u00e8 pi\u00f9 vantaggioso in termini di prezzo. Ci\u00f2 consente di risparmiare sui costi di acquisto iniziali.<\/li>\n<li><strong>Declino del valore<\/strong>Un'auto nuova perde rapidamente il suo valore. Con un modello usato, qualcun altro ha gi\u00e0 pagato per questo deprezzamento iniziale. Di conseguenza, si deve fare i conti con una minore svalutazione.<\/li>\n<li><strong>Qualit\u00e0 equivalente<\/strong>: Le auto moderne sono costruite per durare. Un modello usato della nostra gamma \u00e8 ancora in ottime condizioni e offre ancora prestazioni affidabili. Con la cura e la manutenzione, un veicolo commerciale usato pu\u00f2 durare per anni.<\/li>\n<\/ul>\n<p>In breve, l'acquisto di un Volkswagen Caddy usato offre numerosi vantaggi.<\/p>\n<\/div><\/section><\/div>\n<div class='flex_column av-aldk9-ee694297f5c4032981677a02caab84d6 av_one_third  avia-builder-el-9  el_after_av_one_half  el_before_av_hr  flex_column_div column-top-margin'   ><style type=\"text\/css\" data-created_by=\"avia_inline_auto\" id=\"style-css-av-l1w9kpsf-4ec3fab772ec7a9adaa33cfc64ff0475\">\n.avia-image-container.av-l1w9kpsf-4ec3fab772ec7a9adaa33cfc64ff0475 .av-image-caption-overlay-center{\ncolor:#ffffff;\n}\n<\/style>\n<div  class='avia-image-container av-l1w9kpsf-4ec3fab772ec7a9adaa33cfc64ff0475 av-styling- avia-align-center  avia-builder-el-10  avia-builder-el-no-sibling'  itemprop=\"image\" itemscope=\"itemscope\" itemtype=\"https:\/\/schema.org\/ImageObject\" ><div class=\"avia-image-container-inner\"><div class=\"avia-image-overlay-wrap\"><img decoding=\"async\" class='wp-image-187 avia-img-lazy-loading-not-187 avia_image' src=\"https:\/\/www.vdhurk.nl\/wp-content\/uploads\/2022\/03\/Voorrad.png\" alt='' title='Stock'  height=\"758\" width=\"1135\"  itemprop=\"thumbnailUrl\" srcset=\"https:\/\/www.vdhurk.nl\/wp-content\/uploads\/2022\/03\/Voorrad.png 1135w, https:\/\/www.vdhurk.nl\/wp-content\/uploads\/2022\/03\/Voorrad-300x200.png 300w, https:\/\/www.vdhurk.nl\/wp-content\/uploads\/2022\/03\/Voorrad-1030x688.png 1030w, https:\/\/www.vdhurk.nl\/wp-content\/uploads\/2022\/03\/Voorrad-768x513.png 768w, https:\/\/www.vdhurk.nl\/wp-content\/uploads\/2022\/03\/Voorrad-18x12.png 18w, https:\/\/www.vdhurk.nl\/wp-content\/uploads\/2022\/03\/Voorrad-705x471.png 705w\" sizes=\"(max-width: 1135px) 100vw, 1135px\" \/><\/div><\/div><\/div><\/div>\n\n<style type=\"text\/css\" data-created_by=\"avia_inline_auto\" id=\"style-css-av-luqrjpjc-5a23a1fb5f94718ca85316a9df963e2f\">\n#top .hr.hr-invisible.av-luqrjpjc-5a23a1fb5f94718ca85316a9df963e2f{\nheight:50px;\n}\n<\/style>\n<div  class='hr av-luqrjpjc-5a23a1fb5f94718ca85316a9df963e2f hr-invisible  avia-builder-el-11  el_after_av_one_third  el_before_av_textblock'><span class='hr-inner'><span class=\"hr-inner-style\"><\/span><\/span><\/div>\n<section  class='av_textblock_section av-lu8gtjw7-4f3cee9304909518d86d2860d9d582dd'  itemscope=\"itemscope\" itemtype=\"https:\/\/schema.org\/CreativeWork\" ><div class='avia_textblock'  itemprop=\"text\" ><h2>Manuale o automatico: quale preferite?<\/h2>\n<p>Alla Van den Hurk riteniamo importante che ci sia qualcosa per tutti. Ecco perch\u00e9 offriamo diversi modelli di Volkswagen. Il Volkswagen Caddy \u00e8 disponibile in diverse versioni. \u00c8 possibile scegliere tra cambio o automatico.<\/p>\n<h2>Tutto quello che volete sapere sulla nostra azienda familiare<\/h2>\n<p>Van den Hurk \u00e8 una vera e propria azienda familiare fondata da Jan van den Hurk nel 1965. I suoi figli si sono occupati dell'espansione dell'azienda. Attualmente, con un team di 35 dipendenti, ci concentriamo sulla vendita di veicoli commerciali personalizzati. All'interno della gamma, troverete tutti i tipi e le marche di veicoli commerciali. Questo offre ai nostri clienti molte opzioni e c'\u00e8 sempre qualcosa che si adatta ai loro desideri e alle loro esigenze.<\/p>\n<h2>Opzioni di leasing finanziario<\/h2>\n<p>Il leasing di un'auto aziendale \u00e8 possibile. \u00c8 stato pensato appositamente per gli imprenditori che desiderano comodit\u00e0 e sicurezza. Presso il nostro <a href=\"https:\/\/www.vdhurk.nl\/it\/locazione-finanziaria\/\">locazione finanziaria <\/a>non \u00e8 necessario utilizzare le proprie risorse finanziarie. Il finanziamento \u00e8 separato da tutti gli altri finanziamenti aziendali. Decidete la durata in base al vostro ammortamento e al periodo di locazione. Pagate gli interessi per il leasing, che sono fissati in anticipo, e ottenete un importo mensile per il leasing. In questo modo saprete sempre a che punto siete.<\/p>\n<h2><b>Approfittate della nostra allerta stock<\/b><\/h2>\n<p>Offriamo sempre un ampio stock di veicoli commerciali di tutte le marche. Siete alla ricerca di un<a href=\"https:\/\/www.vdhurk.nl\/it\/mercedes-13\/\"> Veicoli commerciali Volkswagen <\/a>E l'auto dei vostri sogni non \u00e8 tra queste? Pu\u00f2 succedere, ovviamente. Anche con un'ampia scelta, l'auto aziendale adatta potrebbe non essere disponibile in magazzino. Non preoccupatevi, perch\u00e9 potete inviarci i vostri desideri tramite il nostro sito web <a href=\"https:\/\/www.vdhurk.nl\/it\/allarme-azionario\/\">allarme azionario<\/a>. Il nostro team di acquisto lavorer\u00e0 per voi per trovare il veicolo commerciale pi\u00f9 adatto alle vostre esigenze.<\/p>\n<\/div><\/section>","protected":false},"excerpt":{"rendered":"","protected":false},"author":3,"featured_media":0,"parent":372079,"menu_order":0,"comment_status":"closed","ping_status":"closed","template":"","meta":{"_acf_changed":false,"_improvement_type_select":"improve_an_existing","_thumb_yes_seoaic":false,"_frame_yes_seoaic":false,"seoaic_generate_description":"","seoaic_improve_instructions_prompt":"","seoaic_rollback_content_improvement":"","seoaic_idea_thumbnail_generator":"","thumbnail_generated":false,"thumbnail_generate_prompt":"","seoaic_article_description":"","footnotes":""},"class_list":["post-393610","page","type-page","status-publish","hentry"],"acf":[],"yoast_head":"<!-- This site is optimized with the Yoast SEO plugin v27.5 - https:\/\/yoast.com\/product\/yoast-seo-wordpress\/ -->\n<title>Ontdek alles over de Volkswagen Caddy occasion<\/title>\n<meta name=\"description\" content=\"Op zoek naar een betrouwbare Volkswagen Caddy occasion? Bekijk dan alle mogelijkheden binnen ons aanbod en vind de perfecte bedrijfswagen.\" \/>\n<meta name=\"robots\" content=\"index, follow, max-snippet:-1, max-image-preview:large, max-video-preview:-1\" \/>\n<link rel=\"canonical\" href=\"https:\/\/www.vdhurk.nl\/it\/mercedes-13\/mercedes-4\/\" \/>\n<meta property=\"og:locale\" content=\"it_IT\" \/>\n<meta property=\"og:type\" content=\"article\" \/>\n<meta property=\"og:title\" content=\"Ontdek alles over de Volkswagen Caddy occasion\" \/>\n<meta property=\"og:description\" content=\"Op zoek naar een betrouwbare Volkswagen Caddy occasion? Bekijk dan alle mogelijkheden binnen ons aanbod en vind de perfecte bedrijfswagen.\" \/>\n<meta property=\"og:url\" content=\"https:\/\/www.vdhurk.nl\/it\/mercedes-13\/mercedes-4\/\" \/>\n<meta property=\"og:site_name\" content=\"Van den Hurk Bedrijfswagens\" \/>\n<meta property=\"article:modified_time\" content=\"2024-07-08T12:22:13+00:00\" \/>\n<meta name=\"twitter:card\" content=\"summary_large_image\" \/>\n<meta name=\"twitter:label1\" content=\"Tempo di lettura stimato\" \/>\n\t<meta name=\"twitter:data1\" content=\"6 minuti\" \/>\n<script type=\"application\/ld+json\" class=\"yoast-schema-graph\">{\"@context\":\"https:\\\/\\\/schema.org\",\"@graph\":[{\"@type\":\"WebPage\",\"@id\":\"https:\\\/\\\/www.vdhurk.nl\\\/volkswagen-bedrijfswagens\\\/caddy\\\/\",\"url\":\"https:\\\/\\\/www.vdhurk.nl\\\/volkswagen-bedrijfswagens\\\/caddy\\\/\",\"name\":\"Ontdek alles over de Volkswagen Caddy occasion\",\"isPartOf\":{\"@id\":\"https:\\\/\\\/www.vdhurk.nl\\\/#website\"},\"datePublished\":\"2024-07-08T11:58:13+00:00\",\"dateModified\":\"2024-07-08T12:22:13+00:00\",\"description\":\"Op zoek naar een betrouwbare Volkswagen Caddy occasion? Bekijk dan alle mogelijkheden binnen ons aanbod en vind de perfecte bedrijfswagen.\",\"breadcrumb\":{\"@id\":\"https:\\\/\\\/www.vdhurk.nl\\\/volkswagen-bedrijfswagens\\\/caddy\\\/#breadcrumb\"},\"inLanguage\":\"it-IT\",\"potentialAction\":[{\"@type\":\"ReadAction\",\"target\":[\"https:\\\/\\\/www.vdhurk.nl\\\/volkswagen-bedrijfswagens\\\/caddy\\\/\"]}]},{\"@type\":\"BreadcrumbList\",\"@id\":\"https:\\\/\\\/www.vdhurk.nl\\\/volkswagen-bedrijfswagens\\\/caddy\\\/#breadcrumb\",\"itemListElement\":[{\"@type\":\"ListItem\",\"position\":1,\"name\":\"Home\",\"item\":\"https:\\\/\\\/www.vdhurk.nl\\\/home\\\/\"},{\"@type\":\"ListItem\",\"position\":2,\"name\":\"Volkswagen Bedrijfswagens\",\"item\":\"https:\\\/\\\/www.vdhurk.nl\\\/volkswagen-bedrijfswagens\\\/\"},{\"@type\":\"ListItem\",\"position\":3,\"name\":\"Volkswagen Caddy\"}]},{\"@type\":\"WebSite\",\"@id\":\"https:\\\/\\\/www.vdhurk.nl\\\/#website\",\"url\":\"https:\\\/\\\/www.vdhurk.nl\\\/\",\"name\":\"Van den Hurk Bedrijfswagens\",\"description\":\"Van den Hurk bedrijfswagens Helmond\",\"potentialAction\":[{\"@type\":\"SearchAction\",\"target\":{\"@type\":\"EntryPoint\",\"urlTemplate\":\"https:\\\/\\\/www.vdhurk.nl\\\/?s={search_term_string}\"},\"query-input\":{\"@type\":\"PropertyValueSpecification\",\"valueRequired\":true,\"valueName\":\"search_term_string\"}}],\"inLanguage\":\"it-IT\"}]}<\/script>\n<!-- \/ Yoast SEO plugin. -->","yoast_head_json":{"title":"Scoprite tutto sull'occasione Volkswagen Caddy","description":"Siete alla ricerca di un'auto usata Volkswagen Caddy affidabile? Date un'occhiata a tutte le opzioni della nostra gamma e trovate il veicolo commerciale perfetto.","robots":{"index":"index","follow":"follow","max-snippet":"max-snippet:-1","max-image-preview":"max-image-preview:large","max-video-preview":"max-video-preview:-1"},"canonical":"https:\/\/www.vdhurk.nl\/it\/mercedes-13\/mercedes-4\/","og_locale":"it_IT","og_type":"article","og_title":"Ontdek alles over de Volkswagen Caddy occasion","og_description":"Op zoek naar een betrouwbare Volkswagen Caddy occasion? Bekijk dan alle mogelijkheden binnen ons aanbod en vind de perfecte bedrijfswagen.","og_url":"https:\/\/www.vdhurk.nl\/it\/mercedes-13\/mercedes-4\/","og_site_name":"Van den Hurk Bedrijfswagens","article_modified_time":"2024-07-08T12:22:13+00:00","twitter_card":"summary_large_image","twitter_misc":{"Tempo di lettura stimato":"6 minuti"},"schema":{"@context":"https:\/\/schema.org","@graph":[{"@type":"WebPage","@id":"https:\/\/www.vdhurk.nl\/volkswagen-bedrijfswagens\/caddy\/","url":"https:\/\/www.vdhurk.nl\/volkswagen-bedrijfswagens\/caddy\/","name":"Scoprite tutto sull'occasione Volkswagen Caddy","isPartOf":{"@id":"https:\/\/www.vdhurk.nl\/#website"},"datePublished":"2024-07-08T11:58:13+00:00","dateModified":"2024-07-08T12:22:13+00:00","description":"Siete alla ricerca di un'auto usata Volkswagen Caddy affidabile? Date un'occhiata a tutte le opzioni della nostra gamma e trovate il veicolo commerciale perfetto.","breadcrumb":{"@id":"https:\/\/www.vdhurk.nl\/volkswagen-bedrijfswagens\/caddy\/#breadcrumb"},"inLanguage":"it-IT","potentialAction":[{"@type":"ReadAction","target":["https:\/\/www.vdhurk.nl\/volkswagen-bedrijfswagens\/caddy\/"]}]},{"@type":"BreadcrumbList","@id":"https:\/\/www.vdhurk.nl\/volkswagen-bedrijfswagens\/caddy\/#breadcrumb","itemListElement":[{"@type":"ListItem","position":1,"name":"Home","item":"https:\/\/www.vdhurk.nl\/home\/"},{"@type":"ListItem","position":2,"name":"Volkswagen Bedrijfswagens","item":"https:\/\/www.vdhurk.nl\/volkswagen-bedrijfswagens\/"},{"@type":"ListItem","position":3,"name":"Volkswagen Caddy"}]},{"@type":"WebSite","@id":"https:\/\/www.vdhurk.nl\/#website","url":"https:\/\/www.vdhurk.nl\/","name":"Veicoli commerciali Van den Hurk","description":"Van den Hurk veicoli commerciali Helmond","potentialAction":[{"@type":"SearchAction","target":{"@type":"EntryPoint","urlTemplate":"https:\/\/www.vdhurk.nl\/?s={search_term_string}"},"query-input":{"@type":"PropertyValueSpecification","valueRequired":true,"valueName":"search_term_string"}}],"inLanguage":"it-IT"}]}},"_links":{"self":[{"href":"https:\/\/www.vdhurk.nl\/it\/wp-json\/wp\/v2\/pages\/393610","targetHints":{"allow":["GET"]}}],"collection":[{"href":"https:\/\/www.vdhurk.nl\/it\/wp-json\/wp\/v2\/pages"}],"about":[{"href":"https:\/\/www.vdhurk.nl\/it\/wp-json\/wp\/v2\/types\/page"}],"author":[{"embeddable":true,"href":"https:\/\/www.vdhurk.nl\/it\/wp-json\/wp\/v2\/users\/3"}],"replies":[{"embeddable":true,"href":"https:\/\/www.vdhurk.nl\/it\/wp-json\/wp\/v2\/comments?post=393610"}],"version-history":[{"count":5,"href":"https:\/\/www.vdhurk.nl\/it\/wp-json\/wp\/v2\/pages\/393610\/revisions"}],"predecessor-version":[{"id":393650,"href":"https:\/\/www.vdhurk.nl\/it\/wp-json\/wp\/v2\/pages\/393610\/revisions\/393650"}],"up":[{"embeddable":true,"href":"https:\/\/www.vdhurk.nl\/it\/wp-json\/wp\/v2\/pages\/372079"}],"wp:attachment":[{"href":"https:\/\/www.vdhurk.nl\/it\/wp-json\/wp\/v2\/media?parent=393610"}],"curies":[{"name":"wp","href":"https:\/\/api.w.org\/{rel}","templated":true}]}}