{"id":393278,"date":"2024-07-05T10:23:05","date_gmt":"2024-07-05T08:23:05","guid":{"rendered":"https:\/\/www.vdhurk.nl\/?page_id=393278"},"modified":"2024-07-08T14:20:17","modified_gmt":"2024-07-08T12:20:17","slug":"mercedes-20","status":"publish","type":"page","link":"https:\/\/www.vdhurk.nl\/it\/mercedes-bedrijfswagens\/vito\/","title":{"rendered":"Mercedes Vito"},"content":{"rendered":"<section  class='av_textblock_section av-lu8gnh7d-4ac895489941e586c1d7c8cb72318135'  itemscope=\"itemscope\" itemtype=\"https:\/\/schema.org\/CreativeWork\" ><div class='avia_textblock'  itemprop=\"text\" ><h1>Tutto quello che volete sapere sull'occasione del Mercedes Benz Vito<\/h1>\n<p>Il Mercedes Vito \u00e8 un veicolo commerciale versatile che da molti anni \u00e8 apprezzato dagli imprenditori. Questo modello offre diverse caratteristiche pratiche ed \u00e8 progettato per soddisfare le esigenze aziendali. Grazie alle varie tecnologie avanzate, questo modello rimane un investimento prezioso anche come veicolo usato.<\/p>\n<\/div><\/section>\n\n<style type=\"text\/css\" data-created_by=\"avia_inline_auto\" id=\"style-css-av-lujjddpd-afa3d7a9eabd61123e643ed1228e781e\">\n#top .hr.hr-invisible.av-lujjddpd-afa3d7a9eabd61123e643ed1228e781e{\nheight:50px;\n}\n<\/style>\n<div  class='hr av-lujjddpd-afa3d7a9eabd61123e643ed1228e781e hr-invisible  avia-builder-el-1  el_after_av_textblock  el_before_av_codeblock'><span class='hr-inner'><span class=\"hr-inner-style\"><\/span><\/span><\/div>\n\n\n<style type=\"text\/css\" data-created_by=\"avia_inline_auto\" id=\"style-css-av-ah0xd-63338d9dc6b40410e22a712829c369d6\">\n#top .hr.hr-invisible.av-ah0xd-63338d9dc6b40410e22a712829c369d6{\nheight:50px;\n}\n<\/style>\n<div  class='hr av-ah0xd-63338d9dc6b40410e22a712829c369d6 hr-invisible  avia-builder-el-3  el_after_av_codeblock  el_before_av_buttonrow'><span class='hr-inner'><span class=\"hr-inner-style\"><\/span><\/span><\/div>\n<div  class='avia-buttonrow-wrap av-lycy2l1u-efac69e9f010a0319d432a3a571c80d4 avia-buttonrow-center  avia-builder-el-4  el_after_av_hr  el_before_av_hr'>\n\n<style type=\"text\/css\" data-created_by=\"avia_inline_auto\" id=\"style-css-av-lycy2co6-74b47d0012f7523fa8b311cf9f8637f3\">\n#top #wrap_all .avia-button.av-lycy2co6-74b47d0012f7523fa8b311cf9f8637f3{\nmargin-bottom:5px;\nmargin-right:3px;\nmargin-left:3px;\n}\n<\/style>\n<a href='https:\/\/www.vdhurk.nl\/it\/veicoli-commerciali\/#HYxBDoAgDAT_0rP6AD5jBPZQBUsKkqjx71ZPm5lk9qYM3ch9ExBRR4_9ooGyRCTznZsYikaoP00U5bVO3SqR8sNcFm0cjsRQZxeBnhc'  class='avia-button av-lycy2co6-74b47d0012f7523fa8b311cf9f8637f3 avia-icon_select-yes-right-icon avia-size-x-large avia-color-theme-color'  ><span class='avia_iconbox_title' >Siete curiosi di conoscere l'intera gamma di veicoli commerciali Mercedes Vito? Non esitate a dare un'occhiata!<\/span><span class='avia_button_icon avia_button_icon_right' aria-hidden='true' data-av_icon='\ue871' data-av_iconfont='entypo-fontello'><\/span><\/a>\n<\/div>\n\n<style type=\"text\/css\" data-created_by=\"avia_inline_auto\" id=\"style-css-av-av_hr-3a876428eececa9d35452247ddb053af\">\n#top .hr.hr-invisible.av-av_hr-3a876428eececa9d35452247ddb053af{\nheight:50px;\n}\n<\/style>\n<div  class='hr av-av_hr-3a876428eececa9d35452247ddb053af hr-invisible  avia-builder-el-5  el_after_av_buttonrow  el_before_av_textblock'><span class='hr-inner'><span class=\"hr-inner-style\"><\/span><\/span><\/div>\n<section  class='av_textblock_section av-lu8gow1e-300853e458ed741bd87d6cb78e55cc7a'  itemscope=\"itemscope\" itemtype=\"https:\/\/schema.org\/CreativeWork\" ><div class='avia_textblock'  itemprop=\"text\" ><h2>5 ragioni della popolarit\u00e0 di questo modello<\/h2>\n<p>Il Mercedes Vito si distingue nel mercato dei veicoli commerciali per una serie di vantaggi:<\/p>\n<ul>\n<li><strong>Affidabilit\u00e0 del marchio<\/strong>: Mercedes \u00e8 nota per la sua affidabilit\u00e0 e qualit\u00e0 costruttiva.<\/li>\n<li><strong>Qualit\u00e0 della costruzione<\/strong>Il Vito \u00e8 costruito per un uso intensivo. Questo garantisce una lunga durata e costi di manutenzione ridotti nel lungo periodo.<\/li>\n<li><strong>Comfort<\/strong>Questo modello \u00e8 caratterizzato da sedili confortevoli e sospensioni avanzate. Inoltre, l'abitacolo di facile utilizzo \u00e8 stato progettato con un occhio di riguardo all'ergonomia. Questo rende i lunghi viaggi meno faticosi.<\/li>\n<li><strong>Versatilit\u00e0<\/strong>Il Vito \u00e8 disponibile in diverse configurazioni. Sono disponibili diverse opzioni e accessori per adattare il veicolo commerciale alle vostre esigenze aziendali. Tra questi, la disposizione dello spazio di carico e le opzioni tecnologiche, come i sistemi di assistenza alla guida e i sistemi di sicurezza.<\/li>\n<li><strong>Eccellenti caratteristiche di sicurezza<\/strong>Questo modello \u00e8 dotato di sistemi di sicurezza avanzati. Questi includono l'assistenza alla frenata attiva, l'avviso di angolo cieco e il riconoscimento della stanchezza. Tutti questi sistemi contribuiscono alla sicurezza del conducente e dei passeggeri.<\/li>\n<\/ul>\n<p><strong>I vantaggi di un modello usato rispetto ai veicoli commerciali nuovi<\/strong><br \/>\nSe scegliete un Mercedes Vito di seconda mano, potrete beneficiare di una serie di vantaggi:<\/p>\n<ul>\n<li><strong>Risparmio sui costi<\/strong>I veicoli commerciali usati sono molto pi\u00f9 economici rispetto a quelli nuovi.<\/li>\n<li><strong>Meno colpiti dalla perdita di valore<\/strong>: I veicoli commerciali nuovi perdono valore pi\u00f9 rapidamente. Con un modello usato, questa perdita \u00e8 gi\u00e0 stata ampiamente assorbita. Di conseguenza, il deprezzamento \u00e8 pi\u00f9 lento.<\/li>\n<li><strong>Affidabile<\/strong>I nostri veicoli commerciali sono ben tenuti e funzionano correttamente nonostante siano modelli di seconda mano.<\/li>\n<\/ul>\n<\/div><\/section>\n<div class='flex_column av-f64w1-da126f42b61613402309283c14245a25 av_one_half  avia-builder-el-7  el_after_av_textblock  el_before_av_one_third  first flex_column_div column-top-margin'   ><section  class='av_textblock_section av-lu8gpqre-73cc2c17e6a6497ba6e1b58af22bd9e8'  itemscope=\"itemscope\" itemtype=\"https:\/\/schema.org\/CreativeWork\" ><div class='avia_textblock'  itemprop=\"text\" ><h2>Acquistare un Mercedes Vito: quali sono le considerazioni da fare?<\/h2>\n<p>L'acquisto di un Mercedes Vito usato \u00e8 un investimento intelligente per gli imprenditori. State pensando di acquistare questo modello? Allora \u00e8 bene considerare alcuni aspetti. Ad esempio, pensate a come volete utilizzare l'auto aziendale. Userete il Vito per le merci, per le persone o per una combinazione di entrambi? Inoltre, \u00e8 bene valutare tutte le opzioni di finanziamento. \u00c8 pi\u00f9 vantaggioso acquistare il Vito o \u00e8 forse pi\u00f9 intelligente optare per il leasing? Nel caso in cui si voglia acquistare il veicolo, \u00e8 bene pensare anche a un'assicurazione adeguata, ad esempio.<\/p>\n<\/div><\/section><\/div>\n<div class='flex_column av-aldk9-ee694297f5c4032981677a02caab84d6 av_one_third  avia-builder-el-9  el_after_av_one_half  el_before_av_hr  flex_column_div column-top-margin'   ><style type=\"text\/css\" data-created_by=\"avia_inline_auto\" id=\"style-css-av-l1w9kpsf-4ec3fab772ec7a9adaa33cfc64ff0475\">\n.avia-image-container.av-l1w9kpsf-4ec3fab772ec7a9adaa33cfc64ff0475 .av-image-caption-overlay-center{\ncolor:#ffffff;\n}\n<\/style>\n<div  class='avia-image-container av-l1w9kpsf-4ec3fab772ec7a9adaa33cfc64ff0475 av-styling- avia-align-center  avia-builder-el-10  avia-builder-el-no-sibling'  itemprop=\"image\" itemscope=\"itemscope\" itemtype=\"https:\/\/schema.org\/ImageObject\" ><div class=\"avia-image-container-inner\"><div class=\"avia-image-overlay-wrap\"><img decoding=\"async\" class='wp-image-187 avia-img-lazy-loading-not-187 avia_image' src=\"https:\/\/www.vdhurk.nl\/wp-content\/uploads\/2022\/03\/Voorrad.png\" alt='' title='Stock'  height=\"758\" width=\"1135\"  itemprop=\"thumbnailUrl\" srcset=\"https:\/\/www.vdhurk.nl\/wp-content\/uploads\/2022\/03\/Voorrad.png 1135w, https:\/\/www.vdhurk.nl\/wp-content\/uploads\/2022\/03\/Voorrad-300x200.png 300w, https:\/\/www.vdhurk.nl\/wp-content\/uploads\/2022\/03\/Voorrad-1030x688.png 1030w, https:\/\/www.vdhurk.nl\/wp-content\/uploads\/2022\/03\/Voorrad-768x513.png 768w, https:\/\/www.vdhurk.nl\/wp-content\/uploads\/2022\/03\/Voorrad-18x12.png 18w, https:\/\/www.vdhurk.nl\/wp-content\/uploads\/2022\/03\/Voorrad-705x471.png 705w\" sizes=\"(max-width: 1135px) 100vw, 1135px\" \/><\/div><\/div><\/div><\/div>\n\n<style type=\"text\/css\" data-created_by=\"avia_inline_auto\" id=\"style-css-av-luqrjpjc-5a23a1fb5f94718ca85316a9df963e2f\">\n#top .hr.hr-invisible.av-luqrjpjc-5a23a1fb5f94718ca85316a9df963e2f{\nheight:50px;\n}\n<\/style>\n<div  class='hr av-luqrjpjc-5a23a1fb5f94718ca85316a9df963e2f hr-invisible  avia-builder-el-11  el_after_av_one_third  el_before_av_textblock'><span class='hr-inner'><span class=\"hr-inner-style\"><\/span><\/span><\/div>\n<section  class='av_textblock_section av-lu8gtjw7-4f3cee9304909518d86d2860d9d582dd'  itemscope=\"itemscope\" itemtype=\"https:\/\/schema.org\/CreativeWork\" ><div class='avia_textblock'  itemprop=\"text\" ><h2>Leasing di un Mercedes Vito: quali sono i vantaggi?<\/h2>\n<p>Prima di acquistare un'auto aziendale, \u00e8 bene riflettere su quale sia la scelta pi\u00f9 vantaggiosa per voi. Da Van den Hurk, potete anche optare per il leasing finanziario. Il vantaggio \u00e8 quello di avere pagamenti mensili prevedibili, senza spendere molto denaro in una volta sola. Inoltre, la svalutazione \u00e8 minore. In definitiva, il leasing di un'auto aziendale presenta molti vantaggi. Volete saperne di pi\u00f9? Leggete tutto su <a href=\"https:\/\/www.vdhurk.nl\/it\/locazione-finanziaria\/\">locazione finanziaria<\/a>.<\/p>\n<h2>In qualit\u00e0 di rivenditore indipendente, offriamo diversi modelli<\/h2>\n<p>All'interno della nostra gamma, troverete diverse versioni del Mercedes Vito. Ad esempio, i modelli possono differire per l'anno di costruzione e per il prezzo. Anche le caratteristiche di ogni furgone sono diverse. Le diverse opzioni consentono di capire facilmente quali sono le vostre esigenze. Tutti i nostri modelli di Vito sono automatici.<\/p>\n<h2>Scoprite le diverse possibilit\u00e0<\/h2>\n<p>Noi di Van den Hurk siamo consapevoli che ogni imprenditore ha esigenze uniche quando si tratta di veicoli commerciali. Per questo motivo offriamo diverse opzioni. Ogni veicolo commerciale \u00e8 dotato di caratteristiche di sicurezza avanzate. Tutti i nostri veicoli aziendali sono accuratamente selezionati e ben mantenuti. Di conseguenza, potete contare su un veicolo commerciale affidabile e duraturo. Esplorate l'intera gamma e trovate il modello pi\u00f9 adatto alle vostre esigenze aziendali.<\/p>\n<\/div><\/section>","protected":false},"excerpt":{"rendered":"","protected":false},"author":3,"featured_media":0,"parent":370573,"menu_order":0,"comment_status":"closed","ping_status":"closed","template":"","meta":{"_acf_changed":false,"_improvement_type_select":"improve_an_existing","_thumb_yes_seoaic":false,"_frame_yes_seoaic":false,"seoaic_generate_description":"","seoaic_improve_instructions_prompt":"","seoaic_rollback_content_improvement":"","seoaic_idea_thumbnail_generator":"","thumbnail_generated":false,"thumbnail_generate_prompt":"","seoaic_article_description":"","footnotes":""},"class_list":["post-393278","page","type-page","status-publish","hentry"],"acf":[],"yoast_head":"<!-- This site is optimized with the Yoast SEO plugin v27.5 - https:\/\/yoast.com\/product\/yoast-seo-wordpress\/ -->\n<title>Vind de perfecte Mercedes Vito occasion voor jouw behoeften<\/title>\n<meta name=\"description\" content=\"Op zoek naar een goed werkende Mercedes Vito occasion? Deze vind je gegarandeerd binnen ons aanbod. Bekijk de mogelijkheden.\" \/>\n<meta name=\"robots\" content=\"index, follow, max-snippet:-1, max-image-preview:large, max-video-preview:-1\" \/>\n<link rel=\"canonical\" href=\"https:\/\/www.vdhurk.nl\/it\/mercedes-9\/mercedes-20\/\" \/>\n<meta property=\"og:locale\" content=\"it_IT\" \/>\n<meta property=\"og:type\" content=\"article\" \/>\n<meta property=\"og:title\" content=\"Vind de perfecte Mercedes Vito occasion voor jouw behoeften\" \/>\n<meta property=\"og:description\" content=\"Op zoek naar een goed werkende Mercedes Vito occasion? Deze vind je gegarandeerd binnen ons aanbod. Bekijk de mogelijkheden.\" \/>\n<meta property=\"og:url\" content=\"https:\/\/www.vdhurk.nl\/it\/mercedes-9\/mercedes-20\/\" \/>\n<meta property=\"og:site_name\" content=\"Van den Hurk Bedrijfswagens\" \/>\n<meta property=\"article:modified_time\" content=\"2024-07-08T12:20:17+00:00\" \/>\n<meta name=\"twitter:card\" content=\"summary_large_image\" \/>\n<meta name=\"twitter:label1\" content=\"Tempo di lettura stimato\" \/>\n\t<meta name=\"twitter:data1\" content=\"5 minuti\" \/>\n<script type=\"application\/ld+json\" class=\"yoast-schema-graph\">{\"@context\":\"https:\\\/\\\/schema.org\",\"@graph\":[{\"@type\":\"WebPage\",\"@id\":\"https:\\\/\\\/www.vdhurk.nl\\\/mercedes-bedrijfswagens\\\/vito\\\/\",\"url\":\"https:\\\/\\\/www.vdhurk.nl\\\/mercedes-bedrijfswagens\\\/vito\\\/\",\"name\":\"Vind de perfecte Mercedes Vito occasion voor jouw behoeften\",\"isPartOf\":{\"@id\":\"https:\\\/\\\/www.vdhurk.nl\\\/#website\"},\"datePublished\":\"2024-07-05T08:23:05+00:00\",\"dateModified\":\"2024-07-08T12:20:17+00:00\",\"description\":\"Op zoek naar een goed werkende Mercedes Vito occasion? Deze vind je gegarandeerd binnen ons aanbod. Bekijk de mogelijkheden.\",\"breadcrumb\":{\"@id\":\"https:\\\/\\\/www.vdhurk.nl\\\/mercedes-bedrijfswagens\\\/vito\\\/#breadcrumb\"},\"inLanguage\":\"it-IT\",\"potentialAction\":[{\"@type\":\"ReadAction\",\"target\":[\"https:\\\/\\\/www.vdhurk.nl\\\/mercedes-bedrijfswagens\\\/vito\\\/\"]}]},{\"@type\":\"BreadcrumbList\",\"@id\":\"https:\\\/\\\/www.vdhurk.nl\\\/mercedes-bedrijfswagens\\\/vito\\\/#breadcrumb\",\"itemListElement\":[{\"@type\":\"ListItem\",\"position\":1,\"name\":\"Home\",\"item\":\"https:\\\/\\\/www.vdhurk.nl\\\/home\\\/\"},{\"@type\":\"ListItem\",\"position\":2,\"name\":\"Mercedes Bedrijfswagens\",\"item\":\"https:\\\/\\\/www.vdhurk.nl\\\/mercedes-bedrijfswagens\\\/\"},{\"@type\":\"ListItem\",\"position\":3,\"name\":\"Mercedes Vito\"}]},{\"@type\":\"WebSite\",\"@id\":\"https:\\\/\\\/www.vdhurk.nl\\\/#website\",\"url\":\"https:\\\/\\\/www.vdhurk.nl\\\/\",\"name\":\"Van den Hurk Bedrijfswagens\",\"description\":\"Van den Hurk bedrijfswagens Helmond\",\"potentialAction\":[{\"@type\":\"SearchAction\",\"target\":{\"@type\":\"EntryPoint\",\"urlTemplate\":\"https:\\\/\\\/www.vdhurk.nl\\\/?s={search_term_string}\"},\"query-input\":{\"@type\":\"PropertyValueSpecification\",\"valueRequired\":true,\"valueName\":\"search_term_string\"}}],\"inLanguage\":\"it-IT\"}]}<\/script>\n<!-- \/ Yoast SEO plugin. -->","yoast_head_json":{"title":"Trova l'auto usata Mercedes Vito perfetta per le tue esigenze","description":"Siete alla ricerca di una buona occasione Mercedes Vito funzionante? La garanzia \u00e8 che ne troverete una all'interno della nostra gamma. Date un'occhiata alle opzioni.","robots":{"index":"index","follow":"follow","max-snippet":"max-snippet:-1","max-image-preview":"max-image-preview:large","max-video-preview":"max-video-preview:-1"},"canonical":"https:\/\/www.vdhurk.nl\/it\/mercedes-9\/mercedes-20\/","og_locale":"it_IT","og_type":"article","og_title":"Vind de perfecte Mercedes Vito occasion voor jouw behoeften","og_description":"Op zoek naar een goed werkende Mercedes Vito occasion? Deze vind je gegarandeerd binnen ons aanbod. Bekijk de mogelijkheden.","og_url":"https:\/\/www.vdhurk.nl\/it\/mercedes-9\/mercedes-20\/","og_site_name":"Van den Hurk Bedrijfswagens","article_modified_time":"2024-07-08T12:20:17+00:00","twitter_card":"summary_large_image","twitter_misc":{"Tempo di lettura stimato":"5 minuti"},"schema":{"@context":"https:\/\/schema.org","@graph":[{"@type":"WebPage","@id":"https:\/\/www.vdhurk.nl\/mercedes-bedrijfswagens\/vito\/","url":"https:\/\/www.vdhurk.nl\/mercedes-bedrijfswagens\/vito\/","name":"Trova l'auto usata Mercedes Vito perfetta per le tue esigenze","isPartOf":{"@id":"https:\/\/www.vdhurk.nl\/#website"},"datePublished":"2024-07-05T08:23:05+00:00","dateModified":"2024-07-08T12:20:17+00:00","description":"Siete alla ricerca di una buona occasione Mercedes Vito funzionante? La garanzia \u00e8 che ne troverete una all'interno della nostra gamma. Date un'occhiata alle opzioni.","breadcrumb":{"@id":"https:\/\/www.vdhurk.nl\/mercedes-bedrijfswagens\/vito\/#breadcrumb"},"inLanguage":"it-IT","potentialAction":[{"@type":"ReadAction","target":["https:\/\/www.vdhurk.nl\/mercedes-bedrijfswagens\/vito\/"]}]},{"@type":"BreadcrumbList","@id":"https:\/\/www.vdhurk.nl\/mercedes-bedrijfswagens\/vito\/#breadcrumb","itemListElement":[{"@type":"ListItem","position":1,"name":"Home","item":"https:\/\/www.vdhurk.nl\/home\/"},{"@type":"ListItem","position":2,"name":"Mercedes Bedrijfswagens","item":"https:\/\/www.vdhurk.nl\/mercedes-bedrijfswagens\/"},{"@type":"ListItem","position":3,"name":"Mercedes Vito"}]},{"@type":"WebSite","@id":"https:\/\/www.vdhurk.nl\/#website","url":"https:\/\/www.vdhurk.nl\/","name":"Veicoli commerciali Van den Hurk","description":"Van den Hurk veicoli commerciali Helmond","potentialAction":[{"@type":"SearchAction","target":{"@type":"EntryPoint","urlTemplate":"https:\/\/www.vdhurk.nl\/?s={search_term_string}"},"query-input":{"@type":"PropertyValueSpecification","valueRequired":true,"valueName":"search_term_string"}}],"inLanguage":"it-IT"}]}},"_links":{"self":[{"href":"https:\/\/www.vdhurk.nl\/it\/wp-json\/wp\/v2\/pages\/393278","targetHints":{"allow":["GET"]}}],"collection":[{"href":"https:\/\/www.vdhurk.nl\/it\/wp-json\/wp\/v2\/pages"}],"about":[{"href":"https:\/\/www.vdhurk.nl\/it\/wp-json\/wp\/v2\/types\/page"}],"author":[{"embeddable":true,"href":"https:\/\/www.vdhurk.nl\/it\/wp-json\/wp\/v2\/users\/3"}],"replies":[{"embeddable":true,"href":"https:\/\/www.vdhurk.nl\/it\/wp-json\/wp\/v2\/comments?post=393278"}],"version-history":[{"count":6,"href":"https:\/\/www.vdhurk.nl\/it\/wp-json\/wp\/v2\/pages\/393278\/revisions"}],"predecessor-version":[{"id":393648,"href":"https:\/\/www.vdhurk.nl\/it\/wp-json\/wp\/v2\/pages\/393278\/revisions\/393648"}],"up":[{"embeddable":true,"href":"https:\/\/www.vdhurk.nl\/it\/wp-json\/wp\/v2\/pages\/370573"}],"wp:attachment":[{"href":"https:\/\/www.vdhurk.nl\/it\/wp-json\/wp\/v2\/media?parent=393278"}],"curies":[{"name":"wp","href":"https:\/\/api.w.org\/{rel}","templated":true}]}}