{"id":376,"date":"2022-03-25T15:42:04","date_gmt":"2022-03-25T15:42:04","guid":{"rendered":"https:\/\/vdhurk.bonsaidev.nl\/?page_id=376"},"modified":"2023-03-01T14:08:43","modified_gmt":"2023-03-01T14:08:43","slug":"dichiarazione-sulla-privacy","status":"publish","type":"page","link":"https:\/\/www.vdhurk.nl\/it\/privacy-statement\/","title":{"rendered":"Informativa sulla privacy"},"content":{"rendered":"<div id='av_section_1'  class='avia-section av-tnfrc-55d1006b5eac650927aead0b6f0c3c20 main_color avia-section-default avia-no-border-styling  avia-builder-el-0  avia-builder-el-no-sibling  avia-bg-style-scroll container_wrap fullsize'  ><div class='container av-section-cont-open' ><main  role=\"main\" itemprop=\"mainContentOfPage\"  class='template-page content  av-content-full alpha units'><div class='post-entry post-entry-type-page post-entry-376'><div class='entry-content-wrapper clearfix'>\n<div class='flex_column av-eqj20-98da9af89e6de8b5df0e523475af323b av_three_fifth  avia-builder-el-1  el_before_av_two_fifth  avia-builder-el-first  first flex_column_div'   ><style type=\"text\/css\" data-created_by=\"avia_inline_auto\" id=\"style-css-av-l16ldcgr-1954b0a741eb857bd19aa19c8f02044e\">\n#top .av_textblock_section.av-l16ldcgr-1954b0a741eb857bd19aa19c8f02044e .avia_textblock{\nfont-size:19px;\n}\n<\/style>\n<section  class='av_textblock_section av-l16ldcgr-1954b0a741eb857bd19aa19c8f02044e'  itemscope=\"itemscope\" itemtype=\"https:\/\/schema.org\/CreativeWork\" ><div class='avia_textblock av_inherit_color'  itemprop=\"text\" ><h1>Informativa sulla privacy<\/h1>\n<p>Van den Hurk Bedrijfswagens prende sul serio la vostra privacy e tratter\u00e0 e utilizzer\u00e0 i vostri dati in modo sicuro. Il presente regolamento sulla privacy riguarda il trattamento dei vostri dati personali da parte di Van den Hurk Bedrijfswagens nell'ambito dei nostri servizi.<\/p>\n<p>Il trattamento dei dati personali comprende la raccolta, l'archiviazione, la modifica, la consultazione o la distruzione dei dati personali.<\/p>\n<p>Il modo in cui gestiamo la vostra visita al nostro sito web e l'uso dei cookie \u00e8 descritto di seguito.<\/p>\n<p>Van den Hurk Bedrijfswagens tratter\u00e0 i vostri dati con cura e si atterr\u00e0 alle leggi vigenti. Ci\u00f2 significa che Van den Hurk Bedrijfswagens:<\/p>\n<ul>\n<li>Informare l'utente in modo chiaro e aperto su come e per quale scopo i suoi dati vengono trattati<\/li>\n<li>Tratta i vostri dati solo se c'\u00e8 uno scopo chiaramente concordato con voi Sono in atto misure di sicurezza per proteggere i vostri dati da perdita e furto<\/li>\n<li>Informare l'utente dei suoi diritti in relazione ai dati personali da noi trattati<\/li>\n<\/ul>\n<h2>Perch\u00e9 trattiamo i dati?<\/h2>\n<p>Van den Hurk Bedrijfswagens tratta i vostri dati perch\u00e9 in alcuni casi siamo obbligati a farlo. Si pu\u00f2 pensare a dati di fatturazione come nome, indirizzo, codice postale e luogo di residenza. Inoltre, desideriamo confermare i nostri accordi via e-mail o, se desiderato, per telefono.<\/p>\n<p>Trattiamo i dati ai fini delle seguenti attivit\u00e0, tra le altre:<\/p>\n<ul>\n<li>Processo di quotazione<\/li>\n<li>Processo di ordinazione e fatturazione<\/li>\n<li>Stabilire la garanzia<\/li>\n<li>Conduzione di test drive<\/li>\n<li>Svolgere attivit\u00e0 di marketing<\/li>\n<li>I vostri dati personali<\/li>\n<\/ul>\n<h2>Ispezione<\/h2>\n<p>Se la Van den Hurk Bedrijfswagens tratta i vostri dati personali, siete autorizzati a prenderne visione. Potete anche richiedere una copia di questi dati.<\/p>\n<h2>Miglioramento<\/h2>\n<p>Se i dati sono stati da noi registrati in modo errato, avete il diritto di farli modificare.<\/p>\n<h2>Rimozione<\/h2>\n<p>Potete chiederci di cancellare i dati personali in nostro possesso dai nostri sistemi. In alcuni casi, potremmo non cancellare i dati a causa di altre norme e leggi. Vi informeremo di questo. Quando cancelleremo i vostri dati, non potremo pi\u00f9 tenervi informati sulle nostre promozioni e su altre informazioni rilevanti.<\/p>\n<h2>Fornitura di dati<\/h2>\n<p>Potete chiederci di fornirvi una copia dei vostri dati personali da noi trattati.  Van den Hurk Bedrijfswagens li metter\u00e0 a vostra disposizione in forma comune e strutturata (digitale).<\/p>\n<h2>Sicurezza<\/h2>\n<p>Prendere sul serio la vostra privacy significa anche proteggere i vostri dati personali. Van den Hurk Bedrijfswagens adotta ampie misure per proteggere i vostri dati.<\/p>\n<p>Se, nonostante tutte le misure adottate, dovesse verificarsi un incidente di sicurezza, ci impegneremo al massimo per ridurne al minimo le conseguenze. Se l'incidente di sicurezza dovesse rivelarsi una violazione dei dati, lo comunicheremo all'Autorit\u00e0 Garante per i dati personali.<\/p>\n<h2>Richiedenti<\/h2>\n<p>Anche quando vi candidate per una posizione all'interno di Van den Hurk Bedrijfswagens, prendiamo sul serio la sicurezza dei vostri dati personali. Desideriamo spiegarvi come trattiamo i dati personali da voi forniti e come ne garantiamo il trattamento sicuro.<\/p>\n<p>Per candidarsi a un posto di lavoro presso Van den Hurk Bedrijfswagens, chiediamo ai candidati di preparare una lettera di candidatura e di inviarcela insieme a un curriculum vitae. I dati personali forniti dai candidati saranno trattati con riservatezza e utilizzati esclusivamente per la procedura di candidatura presso Van den Hurk Bedrijfswagens. Inviando la lettera di candidatura e\/o un'e-mail con il CV, il candidato acconsente al trattamento dei dati personali da parte di van den Hurk Bedrijfswagens nell'ambito della procedura di candidatura.<\/p>\n<p>Van den Hurk Bedrijfswagens tratta i dati personali necessari ai fini del processo di reclutamento e selezione. Si tratta dei seguenti dati:<\/p>\n<ul>\n<li>nome e indirizzo, indirizzo e-mail e altri dettagli di contatto<\/li>\n<li>Data di nascita, et\u00e0 e sesso, stato civile, nazionalit\u00e0, copia del passaporto.<\/li>\n<li>Curriculum vitae (CV) informazioni su istruzione, stage ed esperienza lavorativa.<\/li>\n<li>Disponibilit\u00e0 e dati di congedo<\/li>\n<li>Altri dati che possono essere rilevanti nel contesto della valutazione dell'idoneit\u00e0 del candidato, ad esempio referenze e certificati.<\/li>\n<\/ul>\n<p>Raccogliamo e trattiamo i vostri dati personali per i seguenti scopi:<\/p>\n<ul>\n<li>Per contattarvi in seguito al vostro interesse per una posizione presso la nostra organizzazione<\/li>\n<li>Per condividere i vostri dati con il manager che ha un posto vacante<\/li>\n<li>Per valutare la vostra idoneit\u00e0 a una determinata posizione<\/li>\n<li>Per inserirvi eventualmente in una lista di candidati (se avete dato il vostro consenso)<\/li>\n<li>Compilare dati statistici anonimizzati sul processo di reclutamento e selezione.<\/li>\n<li>Condividiamo i vostri dati solo internamente al responsabile del processo di candidatura. Nessun dato viene condiviso con terzi, a meno che non sia richiesto dalla legge.<\/li>\n<\/ul>\n<p>Conserviamo i vostri dati personali senza consenso fino a un anno dopo la fine della procedura di candidatura. \u00c8 necessario che van den Hurk Bedrijfswagens conservi i dati per questo periodo, in quanto corrisponde alla durata del contratto temporaneo. Nel caso in cui il contratto di lavoro con un nuovo dipendente venga risolto nell'ambito di tale contratto, gli altri candidati possono ancora essere contattati.<\/p>\n<p>1 anno dopo la fine del processo di candidatura, i vostri dati saranno definitivamente cancellati dai nostri sistemi.<\/p>\n<p>Su richiesta, i candidati possono indicare se accettano che i loro dati vengano conservati per un periodo di tempo pi\u00f9 lungo, in modo da poter essere nuovamente contattati qualora si rendano disponibili posizioni idonee all'interno di van den Hurk Bedrijfswagens. Se avete accettato di essere inseriti in un elenco di candidati, i vostri dati saranno in ogni caso cancellati entro 2 anni dall'inserimento nell'elenco di candidati.<\/p>\n<p>Se non desiderate pi\u00f9 che i vostri dati personali siano conservati, li cancelleremo non appena lo richiederete. Potete comunicarcelo via e-mail: b.verhappen@vdhurk.nl La stessa procedura pu\u00f2 essere utilizzata per chiederci di indicare quali dati trattiamo su di voi, o per chiederci di completare o correggere i vostri dati.<\/p>\n<h2>Dove rivolgersi per domande e reclami<\/h2>\n<p>Se, dopo aver letto la presente informativa sulla privacy, avete ancora domande sul trattamento dei dati personali da parte di van den Hurk Bedrijfswagens, vi preghiamo di inviare un'e-mail a: b.verhappen@vdhurk.nl .<\/p>\n<p><em>(Questo indirizzo di posta elettronica pu\u00f2 essere utilizzato anche in caso di reclami sul trattamento dei dati personali).<\/em><\/p>\n<p>Se ritenete che Van den Hurk Bedrijfswagens stia violando la legislazione sulla privacy, potete contattare l'Autorit\u00e0 Garante per i dati personali.<\/p>\n<h2>Informativa sui cookie<\/h2>\n<p>Van den Hurk Bedrijfswagens utilizza cookie e altre tecniche sul sito web vdhurk.nl. I cookie sono piccoli file di informazioni che vengono memorizzati sul dispositivo utilizzato per visitare il nostro sito web, ad esempio un computer, un tablet, uno smartphone o uno smartwatch, quando si visita il sito web. Quando di seguito facciamo riferimento ai \"cookie\", intendiamo anche altre tecniche simili.<\/p>\n<p>I cookie consentono di riconoscere il vostro browser web. Utile, perch\u00e9 cos\u00ec non dovrete inserire nuovamente i vostri dati, indicare le vostre preferenze o modificare le vostre impostazioni. In questo modo possiamo anche migliorare il funzionamento del nostro sito web, possiamo conoscere il comportamento dei visitatori sul sito e altre parti possono conoscere il vostro comportamento di navigazione in modo da poter mostrare annunci personalizzati su pi\u00f9 siti web e omettere gli annunci non rivedibili.<\/p>\n<p>I cookie non compromettono la sicurezza del vostro computer.<\/p>\n<h2>Cookie funzionali e non funzionali<\/h2>\n<p>I cookie possono essere suddivisi in cookie funzionali e non funzionali. I cookie funzionali sono necessari per il corretto funzionamento del sito web o per garantire che le informazioni desiderate vengano visualizzate in modo rapido e corretto ogni volta che si visita il nostro sito web. Sono utili perch\u00e9 in questo modo non dovrete reinserire i vostri dati, indicare le vostre preferenze o modificare le vostre impostazioni, ad esempio. I cookie non funzionali servono a informarci sul numero di visitatori del sito web e su come questi utilizzano il sito. Possiamo utilizzare queste informazioni per migliorare ulteriormente il nostro sito web.<\/p>\n<p>Utilizziamo questi cookie anche per mostrarvi annunci appropriati su altri siti o per fornirvi offerte mirate.<\/p>\n<p>Questi file scompaiono automaticamente non appena si chiude il browser Internet o rimangono sul computer fino a 12 mesi dopo l'ultima visita.<\/p>\n<h2>Quali biscotti ci sono?<\/h2>\n<p>Si distinguono diversi tipi di cookie:<\/p>\n<h2>Cookie funzionali<\/h2>\n<p>Sono necessari per il corretto funzionamento del sito web. Ad esempio, garantiscono che ogni volta che visitate il nostro sito web vi vengano mostrate rapidamente e correttamente le informazioni desiderate. Non \u00e8 necessario richiedere l'autorizzazione all'inserimento di cookie funzionali.<\/p>\n<h2>Cookie analitici<\/h2>\n<p>Li utilizziamo per analizzare le modalit\u00e0 di utilizzo del nostro sito web, ad esempio la frequenza con cui viene visitato il nostro sito web, la pagina a cui si arriva sul nostro sito web, le pagine pi\u00f9 cliccate. Se i cookie analitici non hanno un impatto rilevante sulla privacy, non \u00e8 necessario richiedere il consenso, altrimenti s\u00ec.<\/p>\n<h2>Cookie di tracciamento<\/h2>\n<p>Si tratta di cookie in grado di tracciare il vostro comportamento di navigazione sul nostro sito web. Ci\u00f2 consente agli inserzionisti di mostrare annunci online personalizzati in base al vostro comportamento di navigazione. Per l'inserimento di questi cookie chiediamo il vostro consenso.<\/p>\n<h2>Cookie dei plug-in dei social media<\/h2>\n<p>I cookie dei plug-in dei social media sono utilizzati per visualizzare i contenuti dei social media sul nostro sito web. Chiediamo il vostro consenso per impostare questi cookie.<\/p>\n<h2>Potete anche disattivare i cookie?<\/h2>\n<p>S\u00ec. \u00c8 sempre possibile disabilitare i cookie o eliminarli dal proprio dispositivo. Il modo in cui \u00e8 possibile farlo varia a seconda del browser Internet e del dispositivo in uso. Se decidete di eliminare i cookie, il sito web potrebbe non funzionare pi\u00f9 in modo ottimale e potreste non essere in grado di utilizzare alcuni servizi.<\/p>\n<h2>Questa politica sui cookie pu\u00f2 essere aggiornata?<\/h2>\n<p>La presente informativa sui cookie pu\u00f2 essere aggiornata nel frattempo per annunciare eventuali modifiche. Se vengono apportate modifiche a questo documento, \u00e8 possibile sapere quando \u00e8 stata effettuata l'ultima volta grazie alla data riportata in fondo al documento.<br \/>\nSe intendiamo utilizzare i cookie per i quali avete dato il consenso per altri scopi, vi chiederemo il permesso di farlo.<\/p>\n<h2>Telecamere di sicurezza<\/h2>\n<p>La nostra filiale \u00e8 dotata di telecamere. Ci\u00f2 \u00e8 importante per la vostra sicurezza, ma anche per quella dei nostri colleghi e della propriet\u00e0. Le immagini delle telecamere vengono cancellate dopo un massimo di un (1) mese, a meno che non vi siano validi motivi per conservarle pi\u00f9 a lungo, ad esempio per le indagini di un'agenzia investigativa o della polizia.<\/p>\n<\/div><\/section><\/div><div class='flex_column av-7liqo-016a5e0ee5097bef6531dd82f299c2ff av_two_fifth  avia-builder-el-3  el_after_av_three_fifth  avia-builder-el-last  flex_column_div'   ><div  class='avia-video av-l6w3d0db-e928fa2b2410f0230ec7d150903ec468 avia-video-16-9 av-no-preview-image avia-video-load-always av-lazyload-immediate av-lazyload-video-embed'  itemprop=\"video\" itemtype=\"https:\/\/schema.org\/VideoObject\"  data-original_url='https:\/\/www.youtube.com\/watch?v=9fT_2naEIwI'><script type='text\/html' class='av-video-tmpl'><div class='avia-iframe-wrap'><iframe loading=\"lazy\" title=\"van den hurk promo\" width=\"1500\" height=\"844\" src=\"https:\/\/www.youtube.com\/embed\/9fT_2naEIwI?feature=oembed&autoplay=1&loop=0&controls=1&mute=1\" frameborder=\"0\" allow=\"accelerometer; autoplay; clipboard-write; encrypted-media; gyroscope; picture-in-picture\" allowfullscreen><\/iframe><\/div><\/script><div class='av-click-to-play-overlay'><div class=\"avia_playpause_icon\"><\/div><\/div><\/div><\/div>","protected":false},"excerpt":{"rendered":"","protected":false},"author":1,"featured_media":0,"parent":0,"menu_order":0,"comment_status":"closed","ping_status":"closed","template":"","meta":{"_acf_changed":false,"_improvement_type_select":"improve_an_existing","_thumb_yes_seoaic":false,"_frame_yes_seoaic":false,"seoaic_generate_description":"","seoaic_improve_instructions_prompt":"","seoaic_rollback_content_improvement":"","seoaic_idea_thumbnail_generator":"","thumbnail_generated":false,"thumbnail_generate_prompt":"","seoaic_article_description":"","footnotes":""},"class_list":["post-376","page","type-page","status-publish","hentry"],"acf":[],"yoast_head":"<!-- This site is optimized with the Yoast SEO plugin v27.5 - https:\/\/yoast.com\/product\/yoast-seo-wordpress\/ -->\n<title>Privacy statement - Van den Hurk Bedrijfswagens<\/title>\n<meta name=\"robots\" content=\"index, follow, max-snippet:-1, max-image-preview:large, max-video-preview:-1\" \/>\n<link rel=\"canonical\" href=\"https:\/\/www.vdhurk.nl\/it\/dichiarazione-sulla-privacy\/\" \/>\n<meta property=\"og:locale\" content=\"it_IT\" \/>\n<meta property=\"og:type\" content=\"article\" \/>\n<meta property=\"og:title\" content=\"Privacy statement - Van den Hurk Bedrijfswagens\" \/>\n<meta property=\"og:url\" content=\"https:\/\/www.vdhurk.nl\/it\/dichiarazione-sulla-privacy\/\" \/>\n<meta property=\"og:site_name\" content=\"Van den Hurk Bedrijfswagens\" \/>\n<meta property=\"article:modified_time\" content=\"2023-03-01T14:08:43+00:00\" \/>\n<meta name=\"twitter:card\" content=\"summary_large_image\" \/>\n<meta name=\"twitter:label1\" content=\"Tempo di lettura stimato\" \/>\n\t<meta name=\"twitter:data1\" content=\"10 minuti\" \/>\n<script type=\"application\/ld+json\" class=\"yoast-schema-graph\">{\"@context\":\"https:\\\/\\\/schema.org\",\"@graph\":[{\"@type\":\"WebPage\",\"@id\":\"https:\\\/\\\/www.vdhurk.nl\\\/privacy-statement\\\/\",\"url\":\"https:\\\/\\\/www.vdhurk.nl\\\/privacy-statement\\\/\",\"name\":\"Privacy statement - Van den Hurk Bedrijfswagens\",\"isPartOf\":{\"@id\":\"https:\\\/\\\/www.vdhurk.nl\\\/#website\"},\"datePublished\":\"2022-03-25T15:42:04+00:00\",\"dateModified\":\"2023-03-01T14:08:43+00:00\",\"breadcrumb\":{\"@id\":\"https:\\\/\\\/www.vdhurk.nl\\\/privacy-statement\\\/#breadcrumb\"},\"inLanguage\":\"it-IT\",\"potentialAction\":[{\"@type\":\"ReadAction\",\"target\":[\"https:\\\/\\\/www.vdhurk.nl\\\/privacy-statement\\\/\"]}]},{\"@type\":\"BreadcrumbList\",\"@id\":\"https:\\\/\\\/www.vdhurk.nl\\\/privacy-statement\\\/#breadcrumb\",\"itemListElement\":[{\"@type\":\"ListItem\",\"position\":1,\"name\":\"Home\",\"item\":\"https:\\\/\\\/www.vdhurk.nl\\\/home\\\/\"},{\"@type\":\"ListItem\",\"position\":2,\"name\":\"Privacy statement\"}]},{\"@type\":\"WebSite\",\"@id\":\"https:\\\/\\\/www.vdhurk.nl\\\/#website\",\"url\":\"https:\\\/\\\/www.vdhurk.nl\\\/\",\"name\":\"Van den Hurk Bedrijfswagens\",\"description\":\"Van den Hurk bedrijfswagens Helmond\",\"potentialAction\":[{\"@type\":\"SearchAction\",\"target\":{\"@type\":\"EntryPoint\",\"urlTemplate\":\"https:\\\/\\\/www.vdhurk.nl\\\/?s={search_term_string}\"},\"query-input\":{\"@type\":\"PropertyValueSpecification\",\"valueRequired\":true,\"valueName\":\"search_term_string\"}}],\"inLanguage\":\"it-IT\"}]}<\/script>\n<!-- \/ Yoast SEO plugin. -->","yoast_head_json":{"title":"Informativa sulla privacy - Van den Hurk Bedrijfswagens","robots":{"index":"index","follow":"follow","max-snippet":"max-snippet:-1","max-image-preview":"max-image-preview:large","max-video-preview":"max-video-preview:-1"},"canonical":"https:\/\/www.vdhurk.nl\/it\/dichiarazione-sulla-privacy\/","og_locale":"it_IT","og_type":"article","og_title":"Privacy statement - Van den Hurk Bedrijfswagens","og_url":"https:\/\/www.vdhurk.nl\/it\/dichiarazione-sulla-privacy\/","og_site_name":"Van den Hurk Bedrijfswagens","article_modified_time":"2023-03-01T14:08:43+00:00","twitter_card":"summary_large_image","twitter_misc":{"Tempo di lettura stimato":"10 minuti"},"schema":{"@context":"https:\/\/schema.org","@graph":[{"@type":"WebPage","@id":"https:\/\/www.vdhurk.nl\/privacy-statement\/","url":"https:\/\/www.vdhurk.nl\/privacy-statement\/","name":"Informativa sulla privacy - Van den Hurk Bedrijfswagens","isPartOf":{"@id":"https:\/\/www.vdhurk.nl\/#website"},"datePublished":"2022-03-25T15:42:04+00:00","dateModified":"2023-03-01T14:08:43+00:00","breadcrumb":{"@id":"https:\/\/www.vdhurk.nl\/privacy-statement\/#breadcrumb"},"inLanguage":"it-IT","potentialAction":[{"@type":"ReadAction","target":["https:\/\/www.vdhurk.nl\/privacy-statement\/"]}]},{"@type":"BreadcrumbList","@id":"https:\/\/www.vdhurk.nl\/privacy-statement\/#breadcrumb","itemListElement":[{"@type":"ListItem","position":1,"name":"Home","item":"https:\/\/www.vdhurk.nl\/home\/"},{"@type":"ListItem","position":2,"name":"Privacy statement"}]},{"@type":"WebSite","@id":"https:\/\/www.vdhurk.nl\/#website","url":"https:\/\/www.vdhurk.nl\/","name":"Veicoli commerciali Van den Hurk","description":"Van den Hurk veicoli commerciali Helmond","potentialAction":[{"@type":"SearchAction","target":{"@type":"EntryPoint","urlTemplate":"https:\/\/www.vdhurk.nl\/?s={search_term_string}"},"query-input":{"@type":"PropertyValueSpecification","valueRequired":true,"valueName":"search_term_string"}}],"inLanguage":"it-IT"}]}},"_links":{"self":[{"href":"https:\/\/www.vdhurk.nl\/it\/wp-json\/wp\/v2\/pages\/376","targetHints":{"allow":["GET"]}}],"collection":[{"href":"https:\/\/www.vdhurk.nl\/it\/wp-json\/wp\/v2\/pages"}],"about":[{"href":"https:\/\/www.vdhurk.nl\/it\/wp-json\/wp\/v2\/types\/page"}],"author":[{"embeddable":true,"href":"https:\/\/www.vdhurk.nl\/it\/wp-json\/wp\/v2\/users\/1"}],"replies":[{"embeddable":true,"href":"https:\/\/www.vdhurk.nl\/it\/wp-json\/wp\/v2\/comments?post=376"}],"version-history":[{"count":11,"href":"https:\/\/www.vdhurk.nl\/it\/wp-json\/wp\/v2\/pages\/376\/revisions"}],"predecessor-version":[{"id":162021,"href":"https:\/\/www.vdhurk.nl\/it\/wp-json\/wp\/v2\/pages\/376\/revisions\/162021"}],"wp:attachment":[{"href":"https:\/\/www.vdhurk.nl\/it\/wp-json\/wp\/v2\/media?parent=376"}],"curies":[{"name":"wp","href":"https:\/\/api.w.org\/{rel}","templated":true}]}}