{"id":372085,"date":"2024-04-15T16:57:18","date_gmt":"2024-04-15T14:57:18","guid":{"rendered":"https:\/\/www.vdhurk.nl\/?page_id=372085"},"modified":"2024-08-19T13:37:28","modified_gmt":"2024-08-19T11:37:28","slug":"veicoli-commerciali-citroen","status":"publish","type":"page","link":"https:\/\/www.vdhurk.nl\/it\/citroen-bedrijfswagens\/","title":{"rendered":"Citro\u00ebn Veicoli Commerciali"},"content":{"rendered":"<section  class='av_textblock_section av-lu8gnh7d-4ac895489941e586c1d7c8cb72318135'  itemscope=\"itemscope\" itemtype=\"https:\/\/schema.org\/CreativeWork\" ><div class='avia_textblock'  itemprop=\"text\" ><h1><b>Efficienza e comfort insieme: I veicoli commerciali Citro\u00ebn per ogni azienda<\/b><\/h1>\n<p>Citro\u00ebn \u00e8 un marchio automobilistico francese con una reputazione globale per il design innovativo. I veicoli commerciali Citro\u00ebn sono progettati per soddisfare le esigenze degli utenti commerciali. Offrono diversi modelli realizzati non solo per la funzionalit\u00e0 ma anche per il comfort. Il marchio si \u00e8 guadagnato una reputazione affidabile quando si tratta di furgoni commerciali, motivo per cui molti utenti scelgono questo marchio.<\/p>\n<\/div><\/section>\n\n<style type=\"text\/css\" data-created_by=\"avia_inline_auto\" id=\"style-css-av-lujjddpd-afa3d7a9eabd61123e643ed1228e781e\">\n#top .hr.hr-invisible.av-lujjddpd-afa3d7a9eabd61123e643ed1228e781e{\nheight:50px;\n}\n<\/style>\n<div  class='hr av-lujjddpd-afa3d7a9eabd61123e643ed1228e781e hr-invisible  avia-builder-el-1  el_after_av_textblock  el_before_av_codeblock'><span class='hr-inner'><span class=\"hr-inner-style\"><\/span><\/span><\/div>\n\n\n<style type=\"text\/css\" data-created_by=\"avia_inline_auto\" id=\"style-css-av-o1d5-cf77288da24053faf1b6ffbefcfc6222\">\n#top .hr.hr-invisible.av-o1d5-cf77288da24053faf1b6ffbefcfc6222{\nheight:50px;\n}\n<\/style>\n<div  class='hr av-o1d5-cf77288da24053faf1b6ffbefcfc6222 hr-invisible  avia-builder-el-3  el_after_av_codeblock  el_before_av_textblock'><span class='hr-inner'><span class=\"hr-inner-style\"><\/span><\/span><\/div>\n<section  class='av_textblock_section av-lu8gtjw7-4f3cee9304909518d86d2860d9d582dd'  itemscope=\"itemscope\" itemtype=\"https:\/\/schema.org\/CreativeWork\" ><div class='avia_textblock'  itemprop=\"text\" ><h2><b>La storia di Citro\u00ebn<\/b><\/h2>\n<h3><b>La creazione di Citro\u00ebn<\/b><\/h3>\n<p>Citro\u00ebn fu fondata da Andr\u00e9 Citro\u00ebn nel 1919. Questo ingegnere francese fu un pioniere della produzione di massa di automobili. La creazione di Citro\u00ebn fu una pietra miliare nell'industria automobilistica. Infatti, fu uno dei primi marchi a produrre su larga scala per il mercato europeo.<\/p>\n<h3><b>Il marchio negli anni<\/b><\/h3>\n<p>Una delle pietre miliari pi\u00f9 importanti nella storia del marchio \u00e8 stata l'introduzione della Citro\u00ebn Traction Avant nel 1934. Si trattava di un modello pionieristico, considerato un'icona dell'industria automobilistica. Questa vettura ha gettato le basi per molte tecnologie moderne. Nel corso degli anni, Citro\u00ebn si \u00e8 costruita una solida reputazione nella produzione di veicoli commerciali. Oggi il marchio rimane uno dei principali protagonisti dell'industria automobilistica. Rimane fedele al suo patrimonio di innovazione e si sforza di produrre veicoli che soddisfino le esigenze degli utenti commerciali.<\/p>\n<h2><b>Perch\u00e9 Citro\u00ebn \u00e8 popolare tra gli utenti business?<\/b><\/h2>\n<p>I veicoli commerciali Citro\u00ebn sono molto apprezzati dagli utenti business, e per una buona ragione. Le persone scelgono Citro\u00ebn per diversi motivi:<\/p>\n<ul>\n<li aria-level=\"1\"><b>L'innovazione<\/b>Il marchio \u00e8 noto per il suo design innovativo, funzionale ed elegante. I suoi veicoli commerciali offrono soluzioni intelligenti per le esigenze di trasporto, come gli ampi spazi di stivaggio.<\/li>\n<li aria-level=\"1\"><b>Esperienza di guida confortevole<\/b>: Citro\u00ebn progetta i suoi veicoli commerciali pensando al comfort. Questo fa s\u00ec che i veicoli siano ideali per percorrere lunghe distanze. I sedili ergonomici e l'isolamento acustico consentono a conducenti e passeggeri di godere di un'esperienza di guida fluida.<\/li>\n<li aria-level=\"1\"><b>Tecniche avanzate<\/b>Il marchio integra caratteristiche tecnologiche avanzate nei suoi veicoli commerciali per garantire sicurezza, connettivit\u00e0 ed efficienza.<\/li>\n<li aria-level=\"1\"><b>Sicurezza<\/b>: Niente \u00e8 meglio della sicurezza. Ecco perch\u00e9 i veicoli commerciali sono dotati di vari dispositivi di sicurezza. Questi includono sistemi come ABS, ESC, airbag e assistenza alla frenata.<\/li>\n<li aria-level=\"1\"><b>Efficienza del carburante<\/b>: Citro\u00ebn punta all'efficienza dei consumi in tutti i veicoli commerciali. Questo garantisce una riduzione dei costi operativi per gli utenti commerciali.<\/li>\n<\/ul>\n<p>Tutti questi vantaggi rendono questi veicoli commerciali una scelta interessante per gli utenti aziendali che cercano soluzioni di trasporto affidabili e confortevoli.<\/p>\n<h2><b>Modelli diversi<\/b><\/h2>\n<p>In qualit\u00e0 di concessionario di veicoli commerciali Citro\u00ebn, presso la nostra concessionaria troverete diversi modelli. Lo stock di veicoli commerciali Citro\u00ebn \u00e8 ampio, in quanto offriamo sia modelli nuovi che usati. Il vantaggio dei veicoli commerciali usati Citro\u00ebn \u00e8 che il loro prezzo \u00e8 pi\u00f9 basso. Potete rivolgervi a noi, tra le altre cose:<\/p>\n<ul>\n<li aria-level=\"1\"><strong>L'occasione del Citro\u00ebn Jumpy<\/strong>Si tratta di un modello affidabile e spazioso, dotato di versatilit\u00e0, comfort ed efficienza. Ci\u00f2 rende questo veicolo commerciale una soluzione adatta ai clienti commerciali alla ricerca di un veicolo usato.<\/li>\n<li aria-level=\"1\"><strong>L'occasione del ponticello Citro\u00ebn<\/strong><strong>:<\/strong> Si tratta di un modello molto richiesto dagli utenti business che cercano un'auto aziendale spaziosa e affidabile. Questo veicolo commerciale Citro\u00ebn \u00e8 noto per il suo ampio spazio di carico e per la sua esperienza di guida confortevole.<\/li>\n<\/ul>\n<h2>Servizio e qualit\u00e0 da Van den Hurk<\/h2>\n<p>Da oltre 50 anni, Van den Hurk Bedrijfswagens \u00e8 l'indirizzo giusto per l'acquisto, il leasing, il noleggio, la riparazione dei danni e la manutenzione del vostro camioncino. Che si tratti di un veicolo commerciale nuovo o usato, conosciamo a fondo ogni veicolo. Per questo garantiamo sempre la massima qualit\u00e0 e una mobilit\u00e0 ottimale. <a href=\"https:\/\/www.vdhurk.nl\/it\/veicoli-commerciali\/\">I nostri veicoli commerciali<\/a> sono noti non solo per l'eccellente qualit\u00e0, ma anche per i prezzi competitivi e l'affidabilit\u00e0. Siamo felici di pensare insieme a voi, in modo che presto possiate partire senza preoccupazioni con l'auto aziendale che si adatta perfettamente alle vostre esigenze!<\/p>\n<\/div><\/section>","protected":false},"excerpt":{"rendered":"","protected":false},"author":3,"featured_media":0,"parent":0,"menu_order":0,"comment_status":"closed","ping_status":"closed","template":"","meta":{"_acf_changed":false,"_improvement_type_select":"improve_an_existing","_thumb_yes_seoaic":false,"_frame_yes_seoaic":false,"seoaic_generate_description":"","seoaic_improve_instructions_prompt":"","seoaic_rollback_content_improvement":"","seoaic_idea_thumbnail_generator":"","thumbnail_generated":false,"thumbnail_generate_prompt":"","seoaic_article_description":"","footnotes":""},"class_list":["post-372085","page","type-page","status-publish","hentry"],"acf":[],"yoast_head":"<!-- This site is optimized with the Yoast SEO plugin v27.5 - https:\/\/yoast.com\/product\/yoast-seo-wordpress\/ -->\n<title>Citro\u00ebn bedrijfswagens: betrouwbaar en innovatief<\/title>\n<meta name=\"description\" content=\"Met Citro\u00ebn bedrijfswagens ben je verzekerd van een betrouwbaar voertuig. Ontdek het aanbod en ervaar zelf het comfort!\" \/>\n<meta name=\"robots\" content=\"index, follow, max-snippet:-1, max-image-preview:large, max-video-preview:-1\" \/>\n<link rel=\"canonical\" href=\"https:\/\/www.vdhurk.nl\/it\/veicoli-commerciali-citroen\/\" \/>\n<meta property=\"og:locale\" content=\"it_IT\" \/>\n<meta property=\"og:type\" content=\"article\" \/>\n<meta property=\"og:title\" content=\"Citro\u00ebn bedrijfswagens: betrouwbaar en innovatief\" \/>\n<meta property=\"og:description\" content=\"Met Citro\u00ebn bedrijfswagens ben je verzekerd van een betrouwbaar voertuig. Ontdek het aanbod en ervaar zelf het comfort!\" \/>\n<meta property=\"og:url\" content=\"https:\/\/www.vdhurk.nl\/it\/veicoli-commerciali-citroen\/\" \/>\n<meta property=\"og:site_name\" content=\"Van den Hurk Bedrijfswagens\" \/>\n<meta property=\"article:modified_time\" content=\"2024-08-19T11:37:28+00:00\" \/>\n<meta name=\"twitter:card\" content=\"summary_large_image\" \/>\n<meta name=\"twitter:label1\" content=\"Tempo di lettura stimato\" \/>\n\t<meta name=\"twitter:data1\" content=\"4 minuti\" \/>\n<script type=\"application\/ld+json\" class=\"yoast-schema-graph\">{\"@context\":\"https:\\\/\\\/schema.org\",\"@graph\":[{\"@type\":\"WebPage\",\"@id\":\"https:\\\/\\\/www.vdhurk.nl\\\/citroen-bedrijfswagens\\\/\",\"url\":\"https:\\\/\\\/www.vdhurk.nl\\\/citroen-bedrijfswagens\\\/\",\"name\":\"Citro\u00ebn bedrijfswagens: betrouwbaar en innovatief\",\"isPartOf\":{\"@id\":\"https:\\\/\\\/www.vdhurk.nl\\\/#website\"},\"datePublished\":\"2024-04-15T14:57:18+00:00\",\"dateModified\":\"2024-08-19T11:37:28+00:00\",\"description\":\"Met Citro\u00ebn bedrijfswagens ben je verzekerd van een betrouwbaar voertuig. Ontdek het aanbod en ervaar zelf het comfort!\",\"breadcrumb\":{\"@id\":\"https:\\\/\\\/www.vdhurk.nl\\\/citroen-bedrijfswagens\\\/#breadcrumb\"},\"inLanguage\":\"it-IT\",\"potentialAction\":[{\"@type\":\"ReadAction\",\"target\":[\"https:\\\/\\\/www.vdhurk.nl\\\/citroen-bedrijfswagens\\\/\"]}]},{\"@type\":\"BreadcrumbList\",\"@id\":\"https:\\\/\\\/www.vdhurk.nl\\\/citroen-bedrijfswagens\\\/#breadcrumb\",\"itemListElement\":[{\"@type\":\"ListItem\",\"position\":1,\"name\":\"Home\",\"item\":\"https:\\\/\\\/www.vdhurk.nl\\\/home\\\/\"},{\"@type\":\"ListItem\",\"position\":2,\"name\":\"Citro\u00ebn Bedrijfswagens\"}]},{\"@type\":\"WebSite\",\"@id\":\"https:\\\/\\\/www.vdhurk.nl\\\/#website\",\"url\":\"https:\\\/\\\/www.vdhurk.nl\\\/\",\"name\":\"Van den Hurk Bedrijfswagens\",\"description\":\"Van den Hurk bedrijfswagens Helmond\",\"potentialAction\":[{\"@type\":\"SearchAction\",\"target\":{\"@type\":\"EntryPoint\",\"urlTemplate\":\"https:\\\/\\\/www.vdhurk.nl\\\/?s={search_term_string}\"},\"query-input\":{\"@type\":\"PropertyValueSpecification\",\"valueRequired\":true,\"valueName\":\"search_term_string\"}}],\"inLanguage\":\"it-IT\"}]}<\/script>\n<!-- \/ Yoast SEO plugin. -->","yoast_head_json":{"title":"I veicoli commerciali Citro\u00ebn: affidabili e innovativi","description":"Con i veicoli commerciali Citro\u00ebn, avrete la certezza di un veicolo affidabile. Esplorate la gamma e provate voi stessi il comfort!","robots":{"index":"index","follow":"follow","max-snippet":"max-snippet:-1","max-image-preview":"max-image-preview:large","max-video-preview":"max-video-preview:-1"},"canonical":"https:\/\/www.vdhurk.nl\/it\/veicoli-commerciali-citroen\/","og_locale":"it_IT","og_type":"article","og_title":"Citro\u00ebn bedrijfswagens: betrouwbaar en innovatief","og_description":"Met Citro\u00ebn bedrijfswagens ben je verzekerd van een betrouwbaar voertuig. Ontdek het aanbod en ervaar zelf het comfort!","og_url":"https:\/\/www.vdhurk.nl\/it\/veicoli-commerciali-citroen\/","og_site_name":"Van den Hurk Bedrijfswagens","article_modified_time":"2024-08-19T11:37:28+00:00","twitter_card":"summary_large_image","twitter_misc":{"Tempo di lettura stimato":"4 minuti"},"schema":{"@context":"https:\/\/schema.org","@graph":[{"@type":"WebPage","@id":"https:\/\/www.vdhurk.nl\/citroen-bedrijfswagens\/","url":"https:\/\/www.vdhurk.nl\/citroen-bedrijfswagens\/","name":"I veicoli commerciali Citro\u00ebn: affidabili e innovativi","isPartOf":{"@id":"https:\/\/www.vdhurk.nl\/#website"},"datePublished":"2024-04-15T14:57:18+00:00","dateModified":"2024-08-19T11:37:28+00:00","description":"Con i veicoli commerciali Citro\u00ebn, avrete la certezza di un veicolo affidabile. Esplorate la gamma e provate voi stessi il comfort!","breadcrumb":{"@id":"https:\/\/www.vdhurk.nl\/citroen-bedrijfswagens\/#breadcrumb"},"inLanguage":"it-IT","potentialAction":[{"@type":"ReadAction","target":["https:\/\/www.vdhurk.nl\/citroen-bedrijfswagens\/"]}]},{"@type":"BreadcrumbList","@id":"https:\/\/www.vdhurk.nl\/citroen-bedrijfswagens\/#breadcrumb","itemListElement":[{"@type":"ListItem","position":1,"name":"Home","item":"https:\/\/www.vdhurk.nl\/home\/"},{"@type":"ListItem","position":2,"name":"Citro\u00ebn Bedrijfswagens"}]},{"@type":"WebSite","@id":"https:\/\/www.vdhurk.nl\/#website","url":"https:\/\/www.vdhurk.nl\/","name":"Veicoli commerciali Van den Hurk","description":"Van den Hurk veicoli commerciali Helmond","potentialAction":[{"@type":"SearchAction","target":{"@type":"EntryPoint","urlTemplate":"https:\/\/www.vdhurk.nl\/?s={search_term_string}"},"query-input":{"@type":"PropertyValueSpecification","valueRequired":true,"valueName":"search_term_string"}}],"inLanguage":"it-IT"}]}},"_links":{"self":[{"href":"https:\/\/www.vdhurk.nl\/it\/wp-json\/wp\/v2\/pages\/372085","targetHints":{"allow":["GET"]}}],"collection":[{"href":"https:\/\/www.vdhurk.nl\/it\/wp-json\/wp\/v2\/pages"}],"about":[{"href":"https:\/\/www.vdhurk.nl\/it\/wp-json\/wp\/v2\/types\/page"}],"author":[{"embeddable":true,"href":"https:\/\/www.vdhurk.nl\/it\/wp-json\/wp\/v2\/users\/3"}],"replies":[{"embeddable":true,"href":"https:\/\/www.vdhurk.nl\/it\/wp-json\/wp\/v2\/comments?post=372085"}],"version-history":[{"count":5,"href":"https:\/\/www.vdhurk.nl\/it\/wp-json\/wp\/v2\/pages\/372085\/revisions"}],"predecessor-version":[{"id":372292,"href":"https:\/\/www.vdhurk.nl\/it\/wp-json\/wp\/v2\/pages\/372085\/revisions\/372292"}],"wp:attachment":[{"href":"https:\/\/www.vdhurk.nl\/it\/wp-json\/wp\/v2\/media?parent=372085"}],"curies":[{"name":"wp","href":"https:\/\/api.w.org\/{rel}","templated":true}]}}