{"id":372079,"date":"2024-04-15T16:53:39","date_gmt":"2024-04-15T14:53:39","guid":{"rendered":"https:\/\/www.vdhurk.nl\/?page_id=372079"},"modified":"2024-04-16T14:11:22","modified_gmt":"2024-04-16T12:11:22","slug":"mercedes-13","status":"publish","type":"page","link":"https:\/\/www.vdhurk.nl\/it\/volkswagen-bedrijfswagens\/","title":{"rendered":"Volkswagen Veicoli Commerciali"},"content":{"rendered":"<section  class='av_textblock_section av-lu8gnh7d-4ac895489941e586c1d7c8cb72318135'  itemscope=\"itemscope\" itemtype=\"https:\/\/schema.org\/CreativeWork\" ><div class='avia_textblock'  itemprop=\"text\" ><h1><b>In sicurezza sulla strada con i veicoli commerciali Volkswagen<\/b><\/h1>\n<p>Volkswagen ha raggiunto una posizione di rilievo nell'industria automobilistica. Il marchio lo deve in parte all'innovazione e alla sostenibilit\u00e0. In qualit\u00e0 di leader della mobilit\u00e0, il marchio offre veicoli funzionali e adatti all'uso aziendale. I veicoli commerciali Volkswagen sono simbolo di affidabilit\u00e0 e progresso.<\/p>\n<\/div><\/section>\n\n<style type=\"text\/css\" data-created_by=\"avia_inline_auto\" id=\"style-css-av-lujjddpd-afa3d7a9eabd61123e643ed1228e781e\">\n#top .hr.hr-invisible.av-lujjddpd-afa3d7a9eabd61123e643ed1228e781e{\nheight:50px;\n}\n<\/style>\n<div  class='hr av-lujjddpd-afa3d7a9eabd61123e643ed1228e781e hr-invisible  avia-builder-el-1  el_after_av_textblock  el_before_av_codeblock'><span class='hr-inner'><span class=\"hr-inner-style\"><\/span><\/span><\/div>\n\n\n<style type=\"text\/css\" data-created_by=\"avia_inline_auto\" id=\"style-css-av-ah0xd-63338d9dc6b40410e22a712829c369d6\">\n#top .hr.hr-invisible.av-ah0xd-63338d9dc6b40410e22a712829c369d6{\nheight:50px;\n}\n<\/style>\n<div  class='hr av-ah0xd-63338d9dc6b40410e22a712829c369d6 hr-invisible  avia-builder-el-3  el_after_av_codeblock  el_before_av_buttonrow'><span class='hr-inner'><span class=\"hr-inner-style\"><\/span><\/span><\/div>\n<div  class='avia-buttonrow-wrap av-lujhssae-cff7d852879371e1ec58a3b104a5d229 avia-buttonrow-center  avia-builder-el-4  el_after_av_hr  el_before_av_hr'>\n\n<style type=\"text\/css\" data-created_by=\"avia_inline_auto\" id=\"style-css-av-lujhtay0-66b3e0c2bf74ffb01ae6511bbad0699a\">\n#top #wrap_all .avia-button.av-lujhtay0-66b3e0c2bf74ffb01ae6511bbad0699a{\nmargin-bottom:5px;\nmargin-right:3px;\nmargin-left:3px;\n}\n<\/style>\n<a href='https:\/\/www.vdhurk.nl\/it\/veicoli-commerciali\/#q1bKTS3KVrJSKsvPyS4uT0xPzVPSUcovSkktSqoEChcUZWYV65UB1eTnF4A58QWJRSWZyaU5malFVimpxclKtQA'  class='avia-button av-lujhtay0-66b3e0c2bf74ffb01ae6511bbad0699a avia-icon_select-yes-right-icon avia-size-x-large avia-color-theme-color'  ><span class='avia_iconbox_title' >Siete curiosi di conoscere l'intera gamma di veicoli commerciali Volkswagen? Non esitate a dare un'occhiata!<\/span><span class='avia_button_icon avia_button_icon_right' aria-hidden='true' data-av_icon='\ue871' data-av_iconfont='entypo-fontello'><\/span><\/a>\n<\/div>\n\n<style type=\"text\/css\" data-created_by=\"avia_inline_auto\" id=\"style-css-av-o1d5-cf77288da24053faf1b6ffbefcfc6222\">\n#top .hr.hr-invisible.av-o1d5-cf77288da24053faf1b6ffbefcfc6222{\nheight:50px;\n}\n<\/style>\n<div  class='hr av-o1d5-cf77288da24053faf1b6ffbefcfc6222 hr-invisible  avia-builder-el-5  el_after_av_buttonrow  el_before_av_textblock'><span class='hr-inner'><span class=\"hr-inner-style\"><\/span><\/span><\/div>\n<section  class='av_textblock_section av-lu8gow1e-300853e458ed741bd87d6cb78e55cc7a'  itemscope=\"itemscope\" itemtype=\"https:\/\/schema.org\/CreativeWork\" ><div class='avia_textblock'  itemprop=\"text\" ><h2><b>La storia di Volkswagen<\/b><\/h2>\n<p>Volkswagen ha una ricca storia. Nel corso degli anni, Volkswagen si \u00e8 affermata come leader nel mercato dei veicoli commerciali. L'azienda punta su innovazione, qualit\u00e0 e affidabilit\u00e0. Il marchio sviluppa e adatta costantemente i propri veicoli commerciali per soddisfare le esigenze degli utenti commerciali. I modelli prodotti vanno dai furgoni compatti ai robusti veicoli commerciali adatti a un'ampia gamma di applicazioni. Il marchio ha acquisito una presenza globale e rimane uno dei principali attori dell'industria automobilistica, pur rimanendo fedele alla propria maestria.<\/p>\n<h2><strong>I vantaggi: perch\u00e9 gli autobus Volkswagen sono popolari?<\/strong><\/h2>\n<ul>\n<li aria-level=\"1\"><b>Affidabilit\u00e0<\/b>Il marchio \u00e8 noto per l'affidabilit\u00e0 dei suoi veicoli commerciali, essenziale per le imprese che sono in viaggio ogni giorno.<\/li>\n<li aria-level=\"1\"><b>Versatilit\u00e0<\/b>La gamma Volkswagen offre un'ampia scelta di modelli. Dai furgoni compatti ai veicoli commerciali pi\u00f9 grandi. Questo permette agli utenti aziendali di trovare sempre la soluzione giusta per le loro esigenze specifiche.<\/li>\n<li aria-level=\"1\"><b>Comfort ed efficienza<\/b>I modelli del marchio offrono esperienze di guida confortevoli ed efficienza nei consumi. Ci\u00f2 \u00e8 particolarmente necessario per gli utenti con un elevato chilometraggio.<\/li>\n<li aria-level=\"1\"><b>Sviluppi innovativi<\/b>Il marchio continua a investire in tecnologie e caratteristiche innovative. Tra queste figurano funzioni di sicurezza avanzate e propulsori ecologici. Questo li rende interessanti per gli utenti business che cercano soluzioni moderne.<\/li>\n<li aria-level=\"1\"><b>Buona reputazione<\/b>Il marchio si \u00e8 costruito una buona reputazione nel corso dei decenni. \u00c8 considerato un marchio affidabile, adatto all'uso professionale.<\/li>\n<\/ul>\n<p><b>A cosa servono principalmente i veicoli commerciali Volkswagen?<\/b><\/p>\n<p>I veicoli commerciali Volkswagen sono utilizzati per diversi scopi commerciali. La loro versatilit\u00e0, affidabilit\u00e0 ed efficienza rendono i modelli molto adatti a diverse applicazioni. Vengono utilizzati soprattutto per:<\/p>\n<ul>\n<li aria-level=\"1\"><b>Trasporto di merci<\/b>: Gli autobus e gli altri veicoli commerciali del marchio sono spesso utilizzati per il trasporto di merci: dalle piccole consegne ai grandi carichi. I veicoli commerciali Volkswagen offrono un ampio spazio di carico e possono anche essere personalizzati con varie opzioni di stoccaggio per soddisfare le esigenze specifiche delle aziende.<\/li>\n<li aria-level=\"1\"><b>Assistenza e manutenzione<\/b>Meccanici, elettricisti, idraulici e altri professionisti utilizzano spesso le auto Volkswagen per recarsi nei cantieri per gli interventi di assistenza e manutenzione. I veicoli offrono spazio per attrezzi e apparecchiature. Inoltre, i veicoli sono dotati di cabine confortevoli per le lunghe distanze.<\/li>\n<li aria-level=\"1\"><b>Trasporto passeggeri<\/b>I modelli sono adatti non solo al trasporto di merci, ma anche di personale. Si pensi, ad esempio, ai servizi di navetta per i dipendenti, ai taxi, ai servizi alberghieri e ai bus navetta per gli eventi.<\/li>\n<\/ul>\n<h2><b>Opzioni finanziarie<\/b><\/h2>\n<p>Se siete interessati a una Volkswagen, avete diverse opzioni per l'acquisto di un veicolo commerciale. La prima opzione \u00e8 quella pi\u00f9 ovvia, ovvero l'acquisto di un furgone Volkswagen. Quando si acquista un veicolo, si diventa proprietari e non si ha a che fare, ad esempio, con le restrizioni sul chilometraggio. La seconda opzione offerta da Van den Hurk \u00e8 il leasing di un autobus Volkswagen. A <a href=\"https:\/\/www.vdhurk.nl\/it\/locazione-finanziaria\/\">locazione<\/a> si ha il vantaggio di avere costi iniziali pi\u00f9 bassi. Inoltre, i costi sono anche pi\u00f9 prevedibili. Volete sapere qual \u00e8 l'opzione migliore per voi? Saremo lieti di aiutarvi!<\/p>\n<h2><b>Modelli di seconda mano<\/b><\/h2>\n<p>Da Van den Hurk, potete scegliere un autobus Volkswagen occasionale. I veicoli commerciali usati sono molto apprezzati da molti utenti commerciali. Questo perch\u00e9 sono affidabili e convenienti. Infatti, acquistare un autobus Volkswagen di seconda mano \u00e8 molto pi\u00f9 economico che scegliere un modello nuovo. Saremo lieti di aiutarvi a trovare il modello adatto alle vostre specifiche esigenze.<\/p>\n<\/div><\/section>","protected":false},"excerpt":{"rendered":"","protected":false},"author":3,"featured_media":0,"parent":0,"menu_order":0,"comment_status":"closed","ping_status":"closed","template":"","meta":{"_acf_changed":false,"_improvement_type_select":"improve_an_existing","_thumb_yes_seoaic":false,"_frame_yes_seoaic":false,"seoaic_generate_description":"","seoaic_improve_instructions_prompt":"","seoaic_rollback_content_improvement":"","seoaic_idea_thumbnail_generator":"","thumbnail_generated":false,"thumbnail_generate_prompt":"","seoaic_article_description":"","footnotes":""},"class_list":["post-372079","page","type-page","status-publish","hentry"],"acf":[],"yoast_head":"<!-- This site is optimized with the Yoast SEO plugin v27.3 - https:\/\/yoast.com\/product\/yoast-seo-wordpress\/ -->\n<title>Alles onder \u00e9\u00e9n dak met de Volkswagen bedrijfswagens<\/title>\n<meta name=\"description\" content=\"Ben jij op zoek naar een goed functionerend voertuig voor zakelijk gebruik? Ontdek dan alles over de Volkswagen bedrijfswagens.\" \/>\n<meta name=\"robots\" content=\"index, follow, max-snippet:-1, max-image-preview:large, max-video-preview:-1\" \/>\n<link rel=\"canonical\" href=\"https:\/\/www.vdhurk.nl\/it\/mercedes-13\/\" \/>\n<meta property=\"og:locale\" content=\"it_IT\" \/>\n<meta property=\"og:type\" content=\"article\" \/>\n<meta property=\"og:title\" content=\"Alles onder \u00e9\u00e9n dak met de Volkswagen bedrijfswagens\" \/>\n<meta property=\"og:description\" content=\"Ben jij op zoek naar een goed functionerend voertuig voor zakelijk gebruik? Ontdek dan alles over de Volkswagen bedrijfswagens.\" \/>\n<meta property=\"og:url\" content=\"https:\/\/www.vdhurk.nl\/it\/mercedes-13\/\" \/>\n<meta property=\"og:site_name\" content=\"Van den Hurk Bedrijfswagens\" \/>\n<meta property=\"article:modified_time\" content=\"2024-04-16T12:11:22+00:00\" \/>\n<meta name=\"twitter:card\" content=\"summary_large_image\" \/>\n<meta name=\"twitter:label1\" content=\"Tempo di lettura stimato\" \/>\n\t<meta name=\"twitter:data1\" content=\"4 minuti\" \/>\n<script type=\"application\/ld+json\" class=\"yoast-schema-graph\">{\"@context\":\"https:\\\/\\\/schema.org\",\"@graph\":[{\"@type\":\"WebPage\",\"@id\":\"https:\\\/\\\/www.vdhurk.nl\\\/volkswagen-bedrijfswagens\\\/\",\"url\":\"https:\\\/\\\/www.vdhurk.nl\\\/volkswagen-bedrijfswagens\\\/\",\"name\":\"Alles onder \u00e9\u00e9n dak met de Volkswagen bedrijfswagens\",\"isPartOf\":{\"@id\":\"https:\\\/\\\/www.vdhurk.nl\\\/#website\"},\"datePublished\":\"2024-04-15T14:53:39+00:00\",\"dateModified\":\"2024-04-16T12:11:22+00:00\",\"description\":\"Ben jij op zoek naar een goed functionerend voertuig voor zakelijk gebruik? Ontdek dan alles over de Volkswagen bedrijfswagens.\",\"breadcrumb\":{\"@id\":\"https:\\\/\\\/www.vdhurk.nl\\\/volkswagen-bedrijfswagens\\\/#breadcrumb\"},\"inLanguage\":\"it-IT\",\"potentialAction\":[{\"@type\":\"ReadAction\",\"target\":[\"https:\\\/\\\/www.vdhurk.nl\\\/volkswagen-bedrijfswagens\\\/\"]}]},{\"@type\":\"BreadcrumbList\",\"@id\":\"https:\\\/\\\/www.vdhurk.nl\\\/volkswagen-bedrijfswagens\\\/#breadcrumb\",\"itemListElement\":[{\"@type\":\"ListItem\",\"position\":1,\"name\":\"Home\",\"item\":\"https:\\\/\\\/www.vdhurk.nl\\\/home\\\/\"},{\"@type\":\"ListItem\",\"position\":2,\"name\":\"Volkswagen Bedrijfswagens\"}]},{\"@type\":\"WebSite\",\"@id\":\"https:\\\/\\\/www.vdhurk.nl\\\/#website\",\"url\":\"https:\\\/\\\/www.vdhurk.nl\\\/\",\"name\":\"Van den Hurk Bedrijfswagens\",\"description\":\"Van den Hurk bedrijfswagens Helmond\",\"potentialAction\":[{\"@type\":\"SearchAction\",\"target\":{\"@type\":\"EntryPoint\",\"urlTemplate\":\"https:\\\/\\\/www.vdhurk.nl\\\/?s={search_term_string}\"},\"query-input\":{\"@type\":\"PropertyValueSpecification\",\"valueRequired\":true,\"valueName\":\"search_term_string\"}}],\"inLanguage\":\"it-IT\"}]}<\/script>\n<!-- \/ Yoast SEO plugin. -->","yoast_head_json":{"title":"Tutto sotto lo stesso tetto con i veicoli commerciali Volkswagen","description":"Siete alla ricerca di un veicolo ad alte prestazioni per uso professionale? Scoprite tutto sui veicoli commerciali Volkswagen.","robots":{"index":"index","follow":"follow","max-snippet":"max-snippet:-1","max-image-preview":"max-image-preview:large","max-video-preview":"max-video-preview:-1"},"canonical":"https:\/\/www.vdhurk.nl\/it\/mercedes-13\/","og_locale":"it_IT","og_type":"article","og_title":"Alles onder \u00e9\u00e9n dak met de Volkswagen bedrijfswagens","og_description":"Ben jij op zoek naar een goed functionerend voertuig voor zakelijk gebruik? Ontdek dan alles over de Volkswagen bedrijfswagens.","og_url":"https:\/\/www.vdhurk.nl\/it\/mercedes-13\/","og_site_name":"Van den Hurk Bedrijfswagens","article_modified_time":"2024-04-16T12:11:22+00:00","twitter_card":"summary_large_image","twitter_misc":{"Tempo di lettura stimato":"4 minuti"},"schema":{"@context":"https:\/\/schema.org","@graph":[{"@type":"WebPage","@id":"https:\/\/www.vdhurk.nl\/volkswagen-bedrijfswagens\/","url":"https:\/\/www.vdhurk.nl\/volkswagen-bedrijfswagens\/","name":"Tutto sotto lo stesso tetto con i veicoli commerciali Volkswagen","isPartOf":{"@id":"https:\/\/www.vdhurk.nl\/#website"},"datePublished":"2024-04-15T14:53:39+00:00","dateModified":"2024-04-16T12:11:22+00:00","description":"Siete alla ricerca di un veicolo ad alte prestazioni per uso professionale? Scoprite tutto sui veicoli commerciali Volkswagen.","breadcrumb":{"@id":"https:\/\/www.vdhurk.nl\/volkswagen-bedrijfswagens\/#breadcrumb"},"inLanguage":"it-IT","potentialAction":[{"@type":"ReadAction","target":["https:\/\/www.vdhurk.nl\/volkswagen-bedrijfswagens\/"]}]},{"@type":"BreadcrumbList","@id":"https:\/\/www.vdhurk.nl\/volkswagen-bedrijfswagens\/#breadcrumb","itemListElement":[{"@type":"ListItem","position":1,"name":"Home","item":"https:\/\/www.vdhurk.nl\/home\/"},{"@type":"ListItem","position":2,"name":"Volkswagen Bedrijfswagens"}]},{"@type":"WebSite","@id":"https:\/\/www.vdhurk.nl\/#website","url":"https:\/\/www.vdhurk.nl\/","name":"Veicoli commerciali Van den Hurk","description":"Van den Hurk veicoli commerciali Helmond","potentialAction":[{"@type":"SearchAction","target":{"@type":"EntryPoint","urlTemplate":"https:\/\/www.vdhurk.nl\/?s={search_term_string}"},"query-input":{"@type":"PropertyValueSpecification","valueRequired":true,"valueName":"search_term_string"}}],"inLanguage":"it-IT"}]}},"_links":{"self":[{"href":"https:\/\/www.vdhurk.nl\/it\/wp-json\/wp\/v2\/pages\/372079","targetHints":{"allow":["GET"]}}],"collection":[{"href":"https:\/\/www.vdhurk.nl\/it\/wp-json\/wp\/v2\/pages"}],"about":[{"href":"https:\/\/www.vdhurk.nl\/it\/wp-json\/wp\/v2\/types\/page"}],"author":[{"embeddable":true,"href":"https:\/\/www.vdhurk.nl\/it\/wp-json\/wp\/v2\/users\/3"}],"replies":[{"embeddable":true,"href":"https:\/\/www.vdhurk.nl\/it\/wp-json\/wp\/v2\/comments?post=372079"}],"version-history":[{"count":3,"href":"https:\/\/www.vdhurk.nl\/it\/wp-json\/wp\/v2\/pages\/372079\/revisions"}],"predecessor-version":[{"id":372425,"href":"https:\/\/www.vdhurk.nl\/it\/wp-json\/wp\/v2\/pages\/372079\/revisions\/372425"}],"wp:attachment":[{"href":"https:\/\/www.vdhurk.nl\/it\/wp-json\/wp\/v2\/media?parent=372079"}],"curies":[{"name":"wp","href":"https:\/\/api.w.org\/{rel}","templated":true}]}}