{"id":372067,"date":"2024-04-16T14:04:50","date_gmt":"2024-04-16T12:04:50","guid":{"rendered":"https:\/\/www.vdhurk.nl\/?page_id=372067"},"modified":"2024-04-16T14:04:50","modified_gmt":"2024-04-16T12:04:50","slug":"veicoli-commerciali-iveco","status":"publish","type":"page","link":"https:\/\/www.vdhurk.nl\/it\/iveco-bedrijfswagens\/","title":{"rendered":"Iveco Veicoli Commerciali"},"content":{"rendered":"<section  class='av_textblock_section av-lu8gnh7d-4ac895489941e586c1d7c8cb72318135'  itemscope=\"itemscope\" itemtype=\"https:\/\/schema.org\/CreativeWork\" ><div class='avia_textblock'  itemprop=\"text\" ><h1><b>Scoprite la versatilit\u00e0 di Iveco: veicoli commerciali affidabili per qualsiasi attivit\u00e0<\/b><\/h1>\n<p>Da Van den Hurk troverete una variet\u00e0 di veicoli commerciali Iveco. Questo marchio \u00e8 presente in tutto il mondo ed \u00e8 noto per la sua ampia gamma di veicoli commerciali, tra cui camion, furgoni, autobus e veicoli speciali. Iveco si \u00e8 costruita una solida reputazione di affidabilit\u00e0, efficienza e innovazione nel settore dei trasporti. Questo ne fa uno dei principali protagonisti dell'industria automobilistica.<\/p>\n<\/div><\/section>\n\n<style type=\"text\/css\" data-created_by=\"avia_inline_auto\" id=\"style-css-av-lujjddpd-afa3d7a9eabd61123e643ed1228e781e\">\n#top .hr.hr-invisible.av-lujjddpd-afa3d7a9eabd61123e643ed1228e781e{\nheight:50px;\n}\n<\/style>\n<div  class='hr av-lujjddpd-afa3d7a9eabd61123e643ed1228e781e hr-invisible  avia-builder-el-1  el_after_av_textblock  el_before_av_codeblock'><span class='hr-inner'><span class=\"hr-inner-style\"><\/span><\/span><\/div>\n\n\n<style type=\"text\/css\" data-created_by=\"avia_inline_auto\" id=\"style-css-av-o1d5-cf77288da24053faf1b6ffbefcfc6222\">\n#top .hr.hr-invisible.av-o1d5-cf77288da24053faf1b6ffbefcfc6222{\nheight:50px;\n}\n<\/style>\n<div  class='hr av-o1d5-cf77288da24053faf1b6ffbefcfc6222 hr-invisible  avia-builder-el-3  el_after_av_codeblock  el_before_av_textblock'><span class='hr-inner'><span class=\"hr-inner-style\"><\/span><\/span><\/div>\n<section  class='av_textblock_section av-lu8gtjw7-4f3cee9304909518d86d2860d9d582dd'  itemscope=\"itemscope\" itemtype=\"https:\/\/schema.org\/CreativeWork\" ><div class='avia_textblock'  itemprop=\"text\" ><h2><b>Come \u00e8 nata Iveco?<\/b><\/h2>\n<p>Iveco \u00e8 nata nel 1970 dalla fusione di diverse aziende. Il marchio ha iniziato con un piano ambizioso per rafforzare il mercato dei veicoli commerciali. Ben presto si \u00e8 trasformato in un attore potente all'interno dell'industria automobilistica. Iveco unisce competenze e risorse che le consentono di lavorare in modo efficiente e di sviluppare soluzioni innovative. Nel corso degli anni, il marchio ha ampliato la propria presenza a livello globale attraverso impianti di produzione e canali di distribuzione in vari Paesi del mondo.<\/p>\n<h2><b>Perch\u00e9 questi veicoli commerciali sono cos\u00ec popolari?<\/b><\/h2>\n<p>Gli autobus e gli altri veicoli Iveco godono di una popolarit\u00e0 globale. Ci\u00f2 \u00e8 dovuto in parte a:<\/p>\n<ul>\n<li aria-level=\"1\"><b>Affidabilit\u00e0:<\/b> Il marchio \u00e8 noto per i suoi affidabili veicoli commerciali, progettati per durare e funzionare in condizioni difficili. Gi\u00e0 molte aziende si affidano ai veicoli Iveco.<\/li>\n<li aria-level=\"1\"><b>Versatilit\u00e0: <\/b>L'offerta di Iveco comprende diversi veicoli commerciali. Questa versatilit\u00e0 permette ai clienti di trovare il veicolo giusto per le loro esigenze specifiche.<\/li>\n<li aria-level=\"1\"><b>L'innovazione<\/b>: Iveco rimane impegnata nell'innovazione, investendo costantemente in nuove tecnologie per migliorare i propri veicoli.<\/li>\n<li aria-level=\"1\"><b>Sostenibilit\u00e0:<\/b> Il marchio si concentra sulla riduzione dell'impatto ambientale dei suoi veicoli. Lo fa attraverso motori pi\u00f9 efficienti, promuovendo carburanti alternativi ed esplorando le opportunit\u00e0 dell'elettrificazione.<\/li>\n<\/ul>\n<h2><b>Cosa distingue Iveco dagli altri marchi automobilistici?<\/b><\/h2>\n<p>Iveco si distingue per diversi aspetti. Si concentra sui veicoli commerciali ed \u00e8 nota per la sua variet\u00e0 di veicoli. Si concentra principalmente sul settore dei trasporti e della logistica. Inoltre, si avvale di diverse tecnologie innovative. Ad esempio, tutti i veicoli sono dotati di motori efficienti, dispositivi di sicurezza avanzati e propulsori ecologici. Inoltre, attribuiscono grande importanza alla sostenibilit\u00e0 e al rispetto dell'ambiente. Si impegnano a ridurre il loro impatto sull'ambiente. Tutti questi aspetti fanno di Iveco un marchio unico nel settore automobilistico.<\/p>\n<h2><b>Opzioni di finanziamento<\/b><\/h2>\n<h3><b>Acquista<\/b><\/h3>\n<p>Da Van den Hurk avete a disposizione diverse opzioni di finanziamento. L'acquisto di un autobus Iveco \u00e8 una di queste opzioni. Il vantaggio dell'acquisto \u00e8 che diventate il vostro fidanzato. In questo modo avrete il pieno controllo del veicolo, senza pagamenti mensili in leasing. Inoltre, non dovrete preoccuparvi delle restrizioni sul chilometraggio. Questo \u00e8 particolarmente vantaggioso quando l'attivit\u00e0 di guida \u00e8 molto intensa.<\/p>\n<h3><b>Leasing<\/b><\/h3>\n<p>Il leasing di un autobus Iveco \u00e8 l'altra opzione. Il vantaggio \u00e8 che i costi iniziali sono inferiori rispetto all'acquisto. Questo vi offre una maggiore flessibilit\u00e0 finanziaria come azienda. Inoltre, le spese mensili sono prevedibili. Questo perch\u00e9 il contratto di leasing prevede il pagamento di un importo fisso al mese.<\/p>\n<h2><b>Scegliete il modello giusto per le vostre esigenze<\/b><\/h2>\n<p>All'interno della nostra gamma, troverete diversi modelli usati del marchio Iveco. Qual \u00e8 il modello pi\u00f9 adatto a voi? Dipende esclusivamente dai vostri desideri e dalle vostre esigenze. Uno dei modelli che offriamo \u00e8 l'Iveco daily occasion. Questo modello rappresenta un'opzione interessante per le aziende e gli imprenditori che cercano un modello affidabile a un prezzo relativamente pi\u00f9 basso rispetto all'acquisto di un veicolo nuovo.<\/p>\n<\/div><\/section>","protected":false},"excerpt":{"rendered":"","protected":false},"author":3,"featured_media":0,"parent":0,"menu_order":0,"comment_status":"closed","ping_status":"closed","template":"","meta":{"_acf_changed":false,"_improvement_type_select":"improve_an_existing","_thumb_yes_seoaic":false,"_frame_yes_seoaic":false,"seoaic_generate_description":"","seoaic_improve_instructions_prompt":"","seoaic_rollback_content_improvement":"","seoaic_idea_thumbnail_generator":"","thumbnail_generated":false,"thumbnail_generate_prompt":"","seoaic_article_description":"","footnotes":""},"class_list":["post-372067","page","type-page","status-publish","hentry"],"acf":[],"yoast_head":"<!-- This site is optimized with the Yoast SEO plugin v27.5 - https:\/\/yoast.com\/product\/yoast-seo-wordpress\/ -->\n<title>Iveco bedrijfswagens: voor duurzaam en betrouwbaar transport<\/title>\n<meta name=\"description\" content=\"Bekijk het aanbod met Iveco bedrijfswagens en kies het voertuig dat helemaal aansluit aan jouw wensen en behoeften. Ontdek nu!\" \/>\n<meta name=\"robots\" content=\"index, follow, max-snippet:-1, max-image-preview:large, max-video-preview:-1\" \/>\n<link rel=\"canonical\" href=\"https:\/\/www.vdhurk.nl\/it\/veicoli-commerciali-iveco\/\" \/>\n<meta property=\"og:locale\" content=\"it_IT\" \/>\n<meta property=\"og:type\" content=\"article\" \/>\n<meta property=\"og:title\" content=\"Iveco bedrijfswagens: voor duurzaam en betrouwbaar transport\" \/>\n<meta property=\"og:description\" content=\"Bekijk het aanbod met Iveco bedrijfswagens en kies het voertuig dat helemaal aansluit aan jouw wensen en behoeften. Ontdek nu!\" \/>\n<meta property=\"og:url\" content=\"https:\/\/www.vdhurk.nl\/it\/veicoli-commerciali-iveco\/\" \/>\n<meta property=\"og:site_name\" content=\"Van den Hurk Bedrijfswagens\" \/>\n<meta name=\"twitter:card\" content=\"summary_large_image\" \/>\n<meta name=\"twitter:label1\" content=\"Tempo di lettura stimato\" \/>\n\t<meta name=\"twitter:data1\" content=\"4 minuti\" \/>\n<script type=\"application\/ld+json\" class=\"yoast-schema-graph\">{\"@context\":\"https:\\\/\\\/schema.org\",\"@graph\":[{\"@type\":\"WebPage\",\"@id\":\"https:\\\/\\\/www.vdhurk.nl\\\/iveco-bedrijfswagens\\\/\",\"url\":\"https:\\\/\\\/www.vdhurk.nl\\\/iveco-bedrijfswagens\\\/\",\"name\":\"Iveco bedrijfswagens: voor duurzaam en betrouwbaar transport\",\"isPartOf\":{\"@id\":\"https:\\\/\\\/www.vdhurk.nl\\\/#website\"},\"datePublished\":\"2024-04-16T12:04:50+00:00\",\"description\":\"Bekijk het aanbod met Iveco bedrijfswagens en kies het voertuig dat helemaal aansluit aan jouw wensen en behoeften. Ontdek nu!\",\"breadcrumb\":{\"@id\":\"https:\\\/\\\/www.vdhurk.nl\\\/iveco-bedrijfswagens\\\/#breadcrumb\"},\"inLanguage\":\"it-IT\",\"potentialAction\":[{\"@type\":\"ReadAction\",\"target\":[\"https:\\\/\\\/www.vdhurk.nl\\\/iveco-bedrijfswagens\\\/\"]}]},{\"@type\":\"BreadcrumbList\",\"@id\":\"https:\\\/\\\/www.vdhurk.nl\\\/iveco-bedrijfswagens\\\/#breadcrumb\",\"itemListElement\":[{\"@type\":\"ListItem\",\"position\":1,\"name\":\"Home\",\"item\":\"https:\\\/\\\/www.vdhurk.nl\\\/home\\\/\"},{\"@type\":\"ListItem\",\"position\":2,\"name\":\"Iveco Bedrijfswagens\"}]},{\"@type\":\"WebSite\",\"@id\":\"https:\\\/\\\/www.vdhurk.nl\\\/#website\",\"url\":\"https:\\\/\\\/www.vdhurk.nl\\\/\",\"name\":\"Van den Hurk Bedrijfswagens\",\"description\":\"Van den Hurk bedrijfswagens Helmond\",\"potentialAction\":[{\"@type\":\"SearchAction\",\"target\":{\"@type\":\"EntryPoint\",\"urlTemplate\":\"https:\\\/\\\/www.vdhurk.nl\\\/?s={search_term_string}\"},\"query-input\":{\"@type\":\"PropertyValueSpecification\",\"valueRequired\":true,\"valueName\":\"search_term_string\"}}],\"inLanguage\":\"it-IT\"}]}<\/script>\n<!-- \/ Yoast SEO plugin. -->","yoast_head_json":{"title":"Veicoli commerciali Iveco: per un trasporto sostenibile e affidabile","description":"Date un'occhiata alla gamma di veicoli commerciali Iveco e scegliete il veicolo pi\u00f9 adatto alle vostre esigenze. Scopritelo ora!","robots":{"index":"index","follow":"follow","max-snippet":"max-snippet:-1","max-image-preview":"max-image-preview:large","max-video-preview":"max-video-preview:-1"},"canonical":"https:\/\/www.vdhurk.nl\/it\/veicoli-commerciali-iveco\/","og_locale":"it_IT","og_type":"article","og_title":"Iveco bedrijfswagens: voor duurzaam en betrouwbaar transport","og_description":"Bekijk het aanbod met Iveco bedrijfswagens en kies het voertuig dat helemaal aansluit aan jouw wensen en behoeften. Ontdek nu!","og_url":"https:\/\/www.vdhurk.nl\/it\/veicoli-commerciali-iveco\/","og_site_name":"Van den Hurk Bedrijfswagens","twitter_card":"summary_large_image","twitter_misc":{"Tempo di lettura stimato":"4 minuti"},"schema":{"@context":"https:\/\/schema.org","@graph":[{"@type":"WebPage","@id":"https:\/\/www.vdhurk.nl\/iveco-bedrijfswagens\/","url":"https:\/\/www.vdhurk.nl\/iveco-bedrijfswagens\/","name":"Veicoli commerciali Iveco: per un trasporto sostenibile e affidabile","isPartOf":{"@id":"https:\/\/www.vdhurk.nl\/#website"},"datePublished":"2024-04-16T12:04:50+00:00","description":"Date un'occhiata alla gamma di veicoli commerciali Iveco e scegliete il veicolo pi\u00f9 adatto alle vostre esigenze. Scopritelo ora!","breadcrumb":{"@id":"https:\/\/www.vdhurk.nl\/iveco-bedrijfswagens\/#breadcrumb"},"inLanguage":"it-IT","potentialAction":[{"@type":"ReadAction","target":["https:\/\/www.vdhurk.nl\/iveco-bedrijfswagens\/"]}]},{"@type":"BreadcrumbList","@id":"https:\/\/www.vdhurk.nl\/iveco-bedrijfswagens\/#breadcrumb","itemListElement":[{"@type":"ListItem","position":1,"name":"Home","item":"https:\/\/www.vdhurk.nl\/home\/"},{"@type":"ListItem","position":2,"name":"Iveco Bedrijfswagens"}]},{"@type":"WebSite","@id":"https:\/\/www.vdhurk.nl\/#website","url":"https:\/\/www.vdhurk.nl\/","name":"Veicoli commerciali Van den Hurk","description":"Van den Hurk veicoli commerciali Helmond","potentialAction":[{"@type":"SearchAction","target":{"@type":"EntryPoint","urlTemplate":"https:\/\/www.vdhurk.nl\/?s={search_term_string}"},"query-input":{"@type":"PropertyValueSpecification","valueRequired":true,"valueName":"search_term_string"}}],"inLanguage":"it-IT"}]}},"_links":{"self":[{"href":"https:\/\/www.vdhurk.nl\/it\/wp-json\/wp\/v2\/pages\/372067","targetHints":{"allow":["GET"]}}],"collection":[{"href":"https:\/\/www.vdhurk.nl\/it\/wp-json\/wp\/v2\/pages"}],"about":[{"href":"https:\/\/www.vdhurk.nl\/it\/wp-json\/wp\/v2\/types\/page"}],"author":[{"embeddable":true,"href":"https:\/\/www.vdhurk.nl\/it\/wp-json\/wp\/v2\/users\/3"}],"replies":[{"embeddable":true,"href":"https:\/\/www.vdhurk.nl\/it\/wp-json\/wp\/v2\/comments?post=372067"}],"version-history":[{"count":5,"href":"https:\/\/www.vdhurk.nl\/it\/wp-json\/wp\/v2\/pages\/372067\/revisions"}],"predecessor-version":[{"id":372072,"href":"https:\/\/www.vdhurk.nl\/it\/wp-json\/wp\/v2\/pages\/372067\/revisions\/372072"}],"wp:attachment":[{"href":"https:\/\/www.vdhurk.nl\/it\/wp-json\/wp\/v2\/media?parent=372067"}],"curies":[{"name":"wp","href":"https:\/\/api.w.org\/{rel}","templated":true}]}}