{"id":372062,"date":"2024-04-16T14:05:34","date_gmt":"2024-04-16T12:05:34","guid":{"rendered":"https:\/\/www.vdhurk.nl\/?page_id=372062"},"modified":"2024-04-16T14:06:19","modified_gmt":"2024-04-16T12:06:19","slug":"veicoli-commerciali-nissan","status":"publish","type":"page","link":"https:\/\/www.vdhurk.nl\/it\/nissan-bedrijfswagens\/","title":{"rendered":"Nissan Veicoli Commerciali"},"content":{"rendered":"<section  class='av_textblock_section av-lu8gnh7d-4ac895489941e586c1d7c8cb72318135'  itemscope=\"itemscope\" itemtype=\"https:\/\/schema.org\/CreativeWork\" ><div class='avia_textblock'  itemprop=\"text\" ><h1><b>Veicoli commerciali Nissan: guidare con facilit\u00e0<\/b><\/h1>\n<p>Entrate nel mondo dei veicoli commerciali Nissan e scoprite la gamma di veicoli diversi. Tutti i veicoli commerciali sono progettati per soddisfare le esigenze degli utenti aziendali. Il marchio ha tutto ci\u00f2 che desiderate per il vostro veicolo commerciale: dai modelli compatti e agili alle opzioni potenti e robuste. I veicoli di questo marchio sono sempre pronti per voi, quando e dove ne avete bisogno.<\/p>\n<\/div><\/section>\n\n<style type=\"text\/css\" data-created_by=\"avia_inline_auto\" id=\"style-css-av-lujjddpd-afa3d7a9eabd61123e643ed1228e781e\">\n#top .hr.hr-invisible.av-lujjddpd-afa3d7a9eabd61123e643ed1228e781e{\nheight:50px;\n}\n<\/style>\n<div  class='hr av-lujjddpd-afa3d7a9eabd61123e643ed1228e781e hr-invisible  avia-builder-el-1  el_after_av_textblock  el_before_av_codeblock'><span class='hr-inner'><span class=\"hr-inner-style\"><\/span><\/span><\/div>\n\n\n<style type=\"text\/css\" data-created_by=\"avia_inline_auto\" id=\"style-css-av-o1d5-cf77288da24053faf1b6ffbefcfc6222\">\n#top .hr.hr-invisible.av-o1d5-cf77288da24053faf1b6ffbefcfc6222{\nheight:50px;\n}\n<\/style>\n<div  class='hr av-o1d5-cf77288da24053faf1b6ffbefcfc6222 hr-invisible  avia-builder-el-3  el_after_av_codeblock  el_before_av_textblock'><span class='hr-inner'><span class=\"hr-inner-style\"><\/span><\/span><\/div>\n<section  class='av_textblock_section av-lu8gtjw7-4f3cee9304909518d86d2860d9d582dd'  itemscope=\"itemscope\" itemtype=\"https:\/\/schema.org\/CreativeWork\" ><div class='avia_textblock'  itemprop=\"text\" ><h2><b>L'inizio di Nissan<\/b><\/h2>\n<h3><b>Come \u00e8 nato il marchio?<\/b><\/h3>\n<p>Fondata originariamente come Kwaishinisha Motor Car Works nel 1911, Nissan \u00e8 diventata uno dei marchi automobilistici pi\u00f9 iconici del mondo. Il marchio ha una ricca storia di innovazione e progresso tecnologico. Nel corso degli anni, il marchio ha stretto diverse collaborazioni, tra cui l'alleanza strategica con <a href=\"https:\/\/www.vdhurk.nl\/it\/veicoli-commerciali-renault\/\">Renault<\/a>. Ne \u00e8 nata una delle pi\u00f9 grandi alleanze automobilistiche del mondo.<\/p>\n<h3><b>L'evoluzione di Nissan nel corso degli anni<\/b><\/h3>\n<p>Nissan ha vissuto un'evoluzione notevole. Ad esempio, il marchio si \u00e8 adattato ai vari cambiamenti del mercato e ha sempre continuato a perseguire nuove tecnologie. Nei primi anni, Nissan si \u00e8 concentrata principalmente sulla produzione di autovetture. In seguito, sono stati introdotti modelli iconici come la Datsun Fairlady e la Nissan Skyline. Nissan \u00e8 cresciuta fino a diventare un marchio automobilistico conosciuto in tutto il mondo con un'ampia gamma di veicoli diversi.<\/p>\n<p><span style=\"font-weight: 400;\">\u00a0<\/span><\/p>\n<h2><b>Caratteristiche di Nissan<\/b><\/h2>\n<p>Nissan \u00e8 nota per i suoi veicoli commerciali progettati per soddisfare le esigenze degli utenti aziendali. Alcune caratteristiche includono:<\/p>\n<ul>\n<li aria-level=\"1\"><b>Robusto: <\/b>I veicoli sono costruiti per durare nel tempo e resistere alle condizioni pi\u00f9 difficili.<\/li>\n<li aria-level=\"1\"><b>Versatile:<\/b> I veicoli commerciali possono essere utilizzati per qualsiasi cosa. Che si tratti di trasportare carichi, passeggeri o entrambi, Nissan \u00e8 in grado di farlo.<\/li>\n<li aria-level=\"1\"><b>Tecniche avanzate:<\/b> Il marchio sta integrando nuove caratteristiche tecnologiche per migliorare la sicurezza, l'efficienza e la connettivit\u00e0. Queste includono sistemi di assistenza alla guida e funzioni di connettivit\u00e0 che aumentano la produttivit\u00e0 del conducente.<\/li>\n<li aria-level=\"1\"><b>Efficienza del carburante<\/b>: L'attenzione per l'ambiente \u00e8 sempre maggiore. Ecco perch\u00e9 molti veicoli commerciali Nissan offrono opzioni di risparmio di carburante. Questo garantisce sia un risparmio sui costi che una riduzione dell'impronta di carbonio.<\/li>\n<li aria-level=\"1\"><b>Comfort:<\/b> Il marchio Nissan punta sul comfort e sull'ergonomia. Questo per consentire ai conducenti di trascorrere lunghi periodi di tempo sulla strada senza stancarsi. Questo include sedili regolabili, interni ergonomici e sistemi di assistenza avanzati che rendono la guida molto pi\u00f9 facile e confortevole.<\/li>\n<\/ul>\n<h2><b>Cosa distingue Nissan dagli altri marchi?<\/b><\/h2>\n<p>Gli autobus e i veicoli commerciali Nissan sono molto apprezzati per l'uso aziendale. Questo perch\u00e9 Nissan si distingue dagli altri marchi. Il marchio \u00e8 noto per la sua attenzione allo sviluppo innovativo e al progresso tecnologico. I veicoli si distinguono anche per gli elementi di design distintivi, funzionali ed eleganti. Nissan offre un'ampia gamma di veicoli composti da diversi modelli. In qualit\u00e0 di pioniere della mobilit\u00e0, il marchio ha anche una forte attenzione per la sostenibilit\u00e0 e l'ambiente. Nissan si \u00e8 anche costruita una reputazione di veicoli affidabili che durano a lungo e richiedono poca manutenzione.<\/p>\n<h2><b>Modelli di seconda mano<\/b><\/h2>\n<p>All'interno della nostra offerta troverete diversi modelli di seconda mano, tra cui il Nissan bus occasion. Il vantaggio dei modelli di seconda mano \u00e8 che sono generalmente pi\u00f9 economici rispetto a quelli nuovi. Inoltre, i veicoli nuovi perdono valore pi\u00f9 rapidamente, mentre i modelli di seconda mano mostrano spesso una svalutazione pi\u00f9 lenta.<\/p>\n<\/div><\/section>","protected":false},"excerpt":{"rendered":"","protected":false},"author":3,"featured_media":0,"parent":0,"menu_order":0,"comment_status":"closed","ping_status":"closed","template":"","meta":{"_acf_changed":false,"_improvement_type_select":"improve_an_existing","_thumb_yes_seoaic":false,"_frame_yes_seoaic":false,"seoaic_generate_description":"","seoaic_improve_instructions_prompt":"","seoaic_rollback_content_improvement":"","seoaic_idea_thumbnail_generator":"","thumbnail_generated":false,"thumbnail_generate_prompt":"","seoaic_article_description":"","footnotes":""},"class_list":["post-372062","page","type-page","status-publish","hentry"],"acf":[],"yoast_head":"<!-- This site is optimized with the Yoast SEO plugin v27.5 - https:\/\/yoast.com\/product\/yoast-seo-wordpress\/ -->\n<title>Ontdek het aanbod met verschillende Nissan bedrijfswagens<\/title>\n<meta name=\"description\" content=\"Nissan bedrijfswagens zijn uiterst geschikt voor zakelijke gebruikers. Ontdek de kracht van Nissan: innovatief en vol mogelijkheden\" \/>\n<meta name=\"robots\" content=\"index, follow, max-snippet:-1, max-image-preview:large, max-video-preview:-1\" \/>\n<link rel=\"canonical\" href=\"https:\/\/www.vdhurk.nl\/it\/veicoli-commerciali-nissan\/\" \/>\n<meta property=\"og:locale\" content=\"it_IT\" \/>\n<meta property=\"og:type\" content=\"article\" \/>\n<meta property=\"og:title\" content=\"Ontdek het aanbod met verschillende Nissan bedrijfswagens\" \/>\n<meta property=\"og:description\" content=\"Nissan bedrijfswagens zijn uiterst geschikt voor zakelijke gebruikers. Ontdek de kracht van Nissan: innovatief en vol mogelijkheden\" \/>\n<meta property=\"og:url\" content=\"https:\/\/www.vdhurk.nl\/it\/veicoli-commerciali-nissan\/\" \/>\n<meta property=\"og:site_name\" content=\"Van den Hurk Bedrijfswagens\" \/>\n<meta property=\"article:modified_time\" content=\"2024-04-16T12:06:19+00:00\" \/>\n<meta name=\"twitter:card\" content=\"summary_large_image\" \/>\n<meta name=\"twitter:label1\" content=\"Tempo di lettura stimato\" \/>\n\t<meta name=\"twitter:data1\" content=\"4 minuti\" \/>\n<script type=\"application\/ld+json\" class=\"yoast-schema-graph\">{\"@context\":\"https:\\\/\\\/schema.org\",\"@graph\":[{\"@type\":\"WebPage\",\"@id\":\"https:\\\/\\\/www.vdhurk.nl\\\/nissan-bedrijfswagens\\\/\",\"url\":\"https:\\\/\\\/www.vdhurk.nl\\\/nissan-bedrijfswagens\\\/\",\"name\":\"Ontdek het aanbod met verschillende Nissan bedrijfswagens\",\"isPartOf\":{\"@id\":\"https:\\\/\\\/www.vdhurk.nl\\\/#website\"},\"datePublished\":\"2024-04-16T12:05:34+00:00\",\"dateModified\":\"2024-04-16T12:06:19+00:00\",\"description\":\"Nissan bedrijfswagens zijn uiterst geschikt voor zakelijke gebruikers. Ontdek de kracht van Nissan: innovatief en vol mogelijkheden\",\"breadcrumb\":{\"@id\":\"https:\\\/\\\/www.vdhurk.nl\\\/nissan-bedrijfswagens\\\/#breadcrumb\"},\"inLanguage\":\"it-IT\",\"potentialAction\":[{\"@type\":\"ReadAction\",\"target\":[\"https:\\\/\\\/www.vdhurk.nl\\\/nissan-bedrijfswagens\\\/\"]}]},{\"@type\":\"BreadcrumbList\",\"@id\":\"https:\\\/\\\/www.vdhurk.nl\\\/nissan-bedrijfswagens\\\/#breadcrumb\",\"itemListElement\":[{\"@type\":\"ListItem\",\"position\":1,\"name\":\"Home\",\"item\":\"https:\\\/\\\/www.vdhurk.nl\\\/home\\\/\"},{\"@type\":\"ListItem\",\"position\":2,\"name\":\"Nissan Bedrijfswagens\"}]},{\"@type\":\"WebSite\",\"@id\":\"https:\\\/\\\/www.vdhurk.nl\\\/#website\",\"url\":\"https:\\\/\\\/www.vdhurk.nl\\\/\",\"name\":\"Van den Hurk Bedrijfswagens\",\"description\":\"Van den Hurk bedrijfswagens Helmond\",\"potentialAction\":[{\"@type\":\"SearchAction\",\"target\":{\"@type\":\"EntryPoint\",\"urlTemplate\":\"https:\\\/\\\/www.vdhurk.nl\\\/?s={search_term_string}\"},\"query-input\":{\"@type\":\"PropertyValueSpecification\",\"valueRequired\":true,\"valueName\":\"search_term_string\"}}],\"inLanguage\":\"it-IT\"}]}<\/script>\n<!-- \/ Yoast SEO plugin. -->","yoast_head_json":{"title":"Esplora la gamma dei diversi veicoli commerciali Nissan","description":"I veicoli commerciali Nissan sono ideali per gli utenti business. Scoprite la potenza di Nissan: innovativa e ricca di possibilit\u00e0","robots":{"index":"index","follow":"follow","max-snippet":"max-snippet:-1","max-image-preview":"max-image-preview:large","max-video-preview":"max-video-preview:-1"},"canonical":"https:\/\/www.vdhurk.nl\/it\/veicoli-commerciali-nissan\/","og_locale":"it_IT","og_type":"article","og_title":"Ontdek het aanbod met verschillende Nissan bedrijfswagens","og_description":"Nissan bedrijfswagens zijn uiterst geschikt voor zakelijke gebruikers. Ontdek de kracht van Nissan: innovatief en vol mogelijkheden","og_url":"https:\/\/www.vdhurk.nl\/it\/veicoli-commerciali-nissan\/","og_site_name":"Van den Hurk Bedrijfswagens","article_modified_time":"2024-04-16T12:06:19+00:00","twitter_card":"summary_large_image","twitter_misc":{"Tempo di lettura stimato":"4 minuti"},"schema":{"@context":"https:\/\/schema.org","@graph":[{"@type":"WebPage","@id":"https:\/\/www.vdhurk.nl\/nissan-bedrijfswagens\/","url":"https:\/\/www.vdhurk.nl\/nissan-bedrijfswagens\/","name":"Esplora la gamma dei diversi veicoli commerciali Nissan","isPartOf":{"@id":"https:\/\/www.vdhurk.nl\/#website"},"datePublished":"2024-04-16T12:05:34+00:00","dateModified":"2024-04-16T12:06:19+00:00","description":"I veicoli commerciali Nissan sono ideali per gli utenti business. Scoprite la potenza di Nissan: innovativa e ricca di possibilit\u00e0","breadcrumb":{"@id":"https:\/\/www.vdhurk.nl\/nissan-bedrijfswagens\/#breadcrumb"},"inLanguage":"it-IT","potentialAction":[{"@type":"ReadAction","target":["https:\/\/www.vdhurk.nl\/nissan-bedrijfswagens\/"]}]},{"@type":"BreadcrumbList","@id":"https:\/\/www.vdhurk.nl\/nissan-bedrijfswagens\/#breadcrumb","itemListElement":[{"@type":"ListItem","position":1,"name":"Home","item":"https:\/\/www.vdhurk.nl\/home\/"},{"@type":"ListItem","position":2,"name":"Nissan Bedrijfswagens"}]},{"@type":"WebSite","@id":"https:\/\/www.vdhurk.nl\/#website","url":"https:\/\/www.vdhurk.nl\/","name":"Veicoli commerciali Van den Hurk","description":"Van den Hurk veicoli commerciali Helmond","potentialAction":[{"@type":"SearchAction","target":{"@type":"EntryPoint","urlTemplate":"https:\/\/www.vdhurk.nl\/?s={search_term_string}"},"query-input":{"@type":"PropertyValueSpecification","valueRequired":true,"valueName":"search_term_string"}}],"inLanguage":"it-IT"}]}},"_links":{"self":[{"href":"https:\/\/www.vdhurk.nl\/it\/wp-json\/wp\/v2\/pages\/372062","targetHints":{"allow":["GET"]}}],"collection":[{"href":"https:\/\/www.vdhurk.nl\/it\/wp-json\/wp\/v2\/pages"}],"about":[{"href":"https:\/\/www.vdhurk.nl\/it\/wp-json\/wp\/v2\/types\/page"}],"author":[{"embeddable":true,"href":"https:\/\/www.vdhurk.nl\/it\/wp-json\/wp\/v2\/users\/3"}],"replies":[{"embeddable":true,"href":"https:\/\/www.vdhurk.nl\/it\/wp-json\/wp\/v2\/comments?post=372062"}],"version-history":[{"count":6,"href":"https:\/\/www.vdhurk.nl\/it\/wp-json\/wp\/v2\/pages\/372062\/revisions"}],"predecessor-version":[{"id":372294,"href":"https:\/\/www.vdhurk.nl\/it\/wp-json\/wp\/v2\/pages\/372062\/revisions\/372294"}],"wp:attachment":[{"href":"https:\/\/www.vdhurk.nl\/it\/wp-json\/wp\/v2\/media?parent=372062"}],"curies":[{"name":"wp","href":"https:\/\/api.w.org\/{rel}","templated":true}]}}