{"id":372057,"date":"2024-04-15T16:15:53","date_gmt":"2024-04-15T14:15:53","guid":{"rendered":"https:\/\/www.vdhurk.nl\/?page_id=372057"},"modified":"2024-04-16T14:10:18","modified_gmt":"2024-04-16T12:10:18","slug":"veicoli-commerciali-renault","status":"publish","type":"page","link":"https:\/\/www.vdhurk.nl\/it\/renault-bedrijfswagens\/","title":{"rendered":"Renault Veicoli Commerciali"},"content":{"rendered":"<section  class='av_textblock_section av-lu8gnh7d-4ac895489941e586c1d7c8cb72318135'  itemscope=\"itemscope\" itemtype=\"https:\/\/schema.org\/CreativeWork\" ><div class='avia_textblock'  itemprop=\"text\" ><h1><strong>I veicoli commerciali Renault: affidabili per ogni imprenditore<\/strong><\/h1>\n<p>Il marchio automobilistico francese Renault offre un'ampia gamma di veicoli commerciali. I veicoli commerciali Renault vanno dai furgoni compatti ai veicoli commerciali di grandi dimensioni. Tutti i veicoli commerciali sono noti per la loro affidabilit\u00e0, efficienza e per i modelli innovativi realizzati per soddisfare le esigenze degli utenti commerciali. Con una solida reputazione e una ricca storia nell'industria automobilistica, il marchio offre veicoli commerciali adatti a diversi scopi commerciali ed esigenze di trasporto.<\/p>\n<\/div><\/section>\n\n<style type=\"text\/css\" data-created_by=\"avia_inline_auto\" id=\"style-css-av-lujjddpd-afa3d7a9eabd61123e643ed1228e781e\">\n#top .hr.hr-invisible.av-lujjddpd-afa3d7a9eabd61123e643ed1228e781e{\nheight:50px;\n}\n<\/style>\n<div  class='hr av-lujjddpd-afa3d7a9eabd61123e643ed1228e781e hr-invisible  avia-builder-el-1  el_after_av_textblock  el_before_av_codeblock'><span class='hr-inner'><span class=\"hr-inner-style\"><\/span><\/span><\/div>\n\n\n<style type=\"text\/css\" data-created_by=\"avia_inline_auto\" id=\"style-css-av-ah0xd-63338d9dc6b40410e22a712829c369d6\">\n#top .hr.hr-invisible.av-ah0xd-63338d9dc6b40410e22a712829c369d6{\nheight:50px;\n}\n<\/style>\n<div  class='hr av-ah0xd-63338d9dc6b40410e22a712829c369d6 hr-invisible  avia-builder-el-3  el_after_av_codeblock  el_before_av_textblock'><span class='hr-inner'><span class=\"hr-inner-style\"><\/span><\/span><\/div>\n<section  class='av_textblock_section av-lu8gtjw7-4f3cee9304909518d86d2860d9d582dd'  itemscope=\"itemscope\" itemtype=\"https:\/\/schema.org\/CreativeWork\" ><div class='avia_textblock'  itemprop=\"text\" ><h2><b>La storia di Renault<\/b><\/h2>\n<h3><b>La nascita del marchio<\/b><\/h3>\n<p>Renault \u00e8 stata fondata nel 1899 da Louis Renault, Marcel Renault e Fernand Renault. Il marchio crebbe rapidamente e si fece apprezzare per il design innovativo e i progressi tecnologici. Durante la Prima Guerra Mondiale, il marchio produceva veicoli militari. Ci\u00f2 ha contribuito alla crescita e alla reputazione del marchio. Dopo la guerra, ha iniziato a produrre veicoli commerciali. Nel corso degli anni, Renault ha prodotto diversi tipi di modelli. In questo modo, il marchio \u00e8 riuscito a occupare un posto eccellente nell'industria automobilistica. Questo \u00e8 vero sia in Francia che fuori.<\/p>\n<h3><b>Evoluzione nel corso degli anni<\/b><\/h3>\n<p>Ci sono diversi momenti e sviluppi chiave nell'evoluzione del marchio. Negli anni dell'avvio, Renault produceva principalmente veicoli commerciali leggeri, come furgoni e piccoli camion. Questi veicoli sono utilizzati per il trasporto di merci. Con l'aumento della domanda di veicoli commerciali, Renault ha ampliato la sua gamma di prodotti e ha iniziato a produrre veicoli pi\u00f9 pesanti. Questi sono stati utilizzati in settori come il trasporto, l'edilizia e il trasporto pubblico. Nel corso degli anni, la Mer ha sviluppato e migliorato costantemente i veicoli commerciali. Questo ha portato a tecnologie e caratteristiche avanzate.<\/p>\n<h2><b>I vantaggi degli autobus e dei veicoli commerciali Renault<\/b><\/h2>\n<p>I veicoli commerciali Renault offrono una serie di vantaggi:<\/p>\n<ul>\n<li aria-level=\"1\"><b>Affidabilit\u00e0: <\/b>Il marchio \u00e8 noto per l'affidabilit\u00e0 dei suoi veicoli. Sia per la guida quotidiana che per le applicazioni aziendali pesanti, i veicoli commerciali offrono prestazioni costanti e un'affidabilit\u00e0 su cui si pu\u00f2 contare.<\/li>\n<li aria-level=\"1\"><b>Versatilit\u00e0: <\/b>Tutti i veicoli commerciali sono prodotti per uso aziendale. Sono stati lanciati diversi modelli per soddisfare i diversi settori.<\/li>\n<li aria-level=\"1\"><b>Efficienza:<\/b> Grazie all'avanzata tecnologia dei motori, i veicoli commerciali offrono una buona efficienza dei consumi. Ci\u00f2 garantisce costi di esercizio inferiori e un impatto ambientale ridotto. Soprattutto per le aziende con un elevato chilometraggio, questo \u00e8 un vantaggio importante.<\/li>\n<li aria-level=\"1\"><b>Comfort e convenienza: <\/b>I veicoli commerciali sono progettati con un occhio di riguardo al comfort del conducente e dei passeggeri. I veicoli commerciali sono dotati di sedili ergonomici e interni spaziosi.<\/li>\n<li aria-level=\"1\"><b>Sicurezza: <\/b>I veicoli sicuri sono incredibilmente importanti per Renault. I suoi veicoli commerciali sono dotati di dispositivi di sicurezza come ABS, controllo della trazione, airbag e sistemi di assistenza alla guida.<\/li>\n<li aria-level=\"1\"><b>Innovazione: <\/b>Il marchio continua a innovare e a investire nell'utilizzo di nuove tecnologie per migliorare le prestazioni, l'efficienza e la sicurezza delle proprie auto. In questo modo Renault rimane all'avanguardia nell'industria automobilistica.<\/li>\n<\/ul>\n<ul>\n<li style=\"list-style-type: none;\"><\/li>\n<\/ul>\n<h2><b>Acquistare o prendere in leasing un autobus Renault: qual \u00e8 l'opzione migliore?<\/b><\/h2>\n<p>Noi di Van den Hurk offriamo diverse opzioni se siete alla ricerca di un'auto aziendale. La prima opzione consiste nell'acquistare un'auto aziendale. Il vantaggio \u00e8 che il veicolo diventa di vostra propriet\u00e0. Ci\u00f2 significa che avete il pieno controllo. L'acquisto comporta anche una riduzione dei costi nel lungo periodo. Inoltre, con l'acquisto non si devono considerare le limitazioni di chilometraggio. La seconda opzione \u00e8 il noleggio di un autobus Renault. Il vantaggio \u00e8 che i costi iniziali sono pi\u00f9 bassi. Non \u00e8 necessario fare un grande investimento come quando si acquista un veicolo. Inoltre, con il leasing i costi sono pi\u00f9 prevedibili e quindi \u00e8 meno probabile che si verifichino spiacevoli sorprese.<\/p>\n<h2><b>Diverse opzioni nei modelli<\/b><\/h2>\n<p>Optare per un'occasione di autobus Renault o preferire un veicolo nuovo? Entrambe le opzioni sono possibili. All'interno della nostra offerta, troverete diversi veicoli commerciali nuovi e di seconda mano. Volete acquistare un autobus Renault usato? Allora potete scegliere tra:<\/p>\n<ul>\n<li aria-level=\"1\"><strong><a href=\"https:\/\/www.vdhurk.nl\/it\/veicoli-commerciali\/renault\/traffic\/\">Occasione di traffico Renault<\/a><\/strong><b>: <\/b>\u00c8 un modello molto apprezzato dalle aziende che cercano un veicolo affidabile e versatile. Questo modello \u00e8 noto per il suo ampio spazio di carico, gli interni confortevoli e i motori efficienti. Nonostante l'usato, il rapporto qualit\u00e0-prezzo \u00e8 perfetto e questo modello offre un perfetto equilibrio tra prezzo e qualit\u00e0. Questa auto usata \u00e8 una scelta pratica ed economica per l'uso aziendale.<\/li>\n<li aria-level=\"1\"><strong><a href=\"https:\/\/www.vdhurk.nl\/it\/veicoli-commerciali\/renault\/mercedes-10\/\">Occasione Renault kangoo<\/a><\/strong>: Si tratta di un veicolo commerciale compatto e versatile, ideale per diverse applicazioni commerciali. Questo modello \u00e8 dotato di interni pratici, motori a basso consumo ed \u00e8 agile in ambiente urbano. Ci\u00f2 rende questo modello una scelta popolare per le piccole imprese e i lavoratori autonomi. Come modello usato, il Kangoo offre convenienza e affidabilit\u00e0, rendendolo una scelta interessante per gli utenti commerciali.<\/li>\n<li aria-level=\"1\"><a href=\"https:\/\/www.vdhurk.nl\/it\/veicoli-commerciali\/renault\/maestro\/\"><strong>Renault master auto usate<\/strong><\/a>Questo veicolo commerciale robusto e spazioso \u00e8 adatto a diversi scopi commerciali. Il modello \u00e8 dotato di un ampio vano di carico, motori potenti e tecnologie avanzate. Questo modello \u00e8 particolarmente apprezzato dalle aziende che devono trasportare molte merci.<\/li>\n<\/ul>\n<\/div><\/section>","protected":false},"excerpt":{"rendered":"","protected":false},"author":3,"featured_media":0,"parent":0,"menu_order":0,"comment_status":"closed","ping_status":"closed","template":"","meta":{"_acf_changed":false,"_improvement_type_select":"improve_an_existing","_thumb_yes_seoaic":false,"_frame_yes_seoaic":false,"seoaic_generate_description":"","seoaic_improve_instructions_prompt":"","seoaic_rollback_content_improvement":"","seoaic_idea_thumbnail_generator":"","thumbnail_generated":false,"thumbnail_generate_prompt":"","seoaic_article_description":"","footnotes":""},"class_list":["post-372057","page","type-page","status-publish","hentry"],"acf":[],"yoast_head":"<!-- This site is optimized with the Yoast SEO plugin v27.2 - https:\/\/yoast.com\/product\/yoast-seo-wordpress\/ -->\n<title>Ontdek de kracht van innovatieve Renault bedrijfswagens<\/title>\n<meta name=\"description\" content=\"Renault bedrijfswagens zijn populair onder zakelijke gebruikers. Wil je weten wat de voordelen zijn van dit merk? Lees dan snel verder.\" \/>\n<meta name=\"robots\" content=\"index, follow, max-snippet:-1, max-image-preview:large, max-video-preview:-1\" \/>\n<link rel=\"canonical\" href=\"https:\/\/www.vdhurk.nl\/it\/veicoli-commerciali-renault\/\" \/>\n<meta property=\"og:locale\" content=\"it_IT\" \/>\n<meta property=\"og:type\" content=\"article\" \/>\n<meta property=\"og:title\" content=\"Ontdek de kracht van innovatieve Renault bedrijfswagens\" \/>\n<meta property=\"og:description\" content=\"Renault bedrijfswagens zijn populair onder zakelijke gebruikers. Wil je weten wat de voordelen zijn van dit merk? Lees dan snel verder.\" \/>\n<meta property=\"og:url\" content=\"https:\/\/www.vdhurk.nl\/it\/veicoli-commerciali-renault\/\" \/>\n<meta property=\"og:site_name\" content=\"Van den Hurk Bedrijfswagens\" \/>\n<meta property=\"article:modified_time\" content=\"2024-04-16T12:10:18+00:00\" \/>\n<meta name=\"twitter:card\" content=\"summary_large_image\" \/>\n<meta name=\"twitter:label1\" content=\"Tempo di lettura stimato\" \/>\n\t<meta name=\"twitter:data1\" content=\"5 minuti\" \/>\n<script type=\"application\/ld+json\" class=\"yoast-schema-graph\">{\"@context\":\"https:\/\/schema.org\",\"@graph\":[{\"@type\":\"WebPage\",\"@id\":\"https:\/\/www.vdhurk.nl\/renault-bedrijfswagens\/\",\"url\":\"https:\/\/www.vdhurk.nl\/renault-bedrijfswagens\/\",\"name\":\"Ontdek de kracht van innovatieve Renault bedrijfswagens\",\"isPartOf\":{\"@id\":\"https:\/\/www.vdhurk.nl\/#website\"},\"datePublished\":\"2024-04-15T14:15:53+00:00\",\"dateModified\":\"2024-04-16T12:10:18+00:00\",\"description\":\"Renault bedrijfswagens zijn populair onder zakelijke gebruikers. Wil je weten wat de voordelen zijn van dit merk? Lees dan snel verder.\",\"breadcrumb\":{\"@id\":\"https:\/\/www.vdhurk.nl\/renault-bedrijfswagens\/#breadcrumb\"},\"inLanguage\":\"it-IT\",\"potentialAction\":[{\"@type\":\"ReadAction\",\"target\":[\"https:\/\/www.vdhurk.nl\/renault-bedrijfswagens\/\"]}]},{\"@type\":\"BreadcrumbList\",\"@id\":\"https:\/\/www.vdhurk.nl\/renault-bedrijfswagens\/#breadcrumb\",\"itemListElement\":[{\"@type\":\"ListItem\",\"position\":1,\"name\":\"Home\",\"item\":\"https:\/\/www.vdhurk.nl\/home\/\"},{\"@type\":\"ListItem\",\"position\":2,\"name\":\"Renault Bedrijfswagens\"}]},{\"@type\":\"WebSite\",\"@id\":\"https:\/\/www.vdhurk.nl\/#website\",\"url\":\"https:\/\/www.vdhurk.nl\/\",\"name\":\"Van den Hurk Bedrijfswagens\",\"description\":\"Van den Hurk bedrijfswagens Helmond\",\"potentialAction\":[{\"@type\":\"SearchAction\",\"target\":{\"@type\":\"EntryPoint\",\"urlTemplate\":\"https:\/\/www.vdhurk.nl\/?s={search_term_string}\"},\"query-input\":{\"@type\":\"PropertyValueSpecification\",\"valueRequired\":true,\"valueName\":\"search_term_string\"}}],\"inLanguage\":\"it-IT\"}]}<\/script>\n<!-- \/ Yoast SEO plugin. -->","yoast_head_json":{"title":"Scoprite la potenza degli innovativi veicoli commerciali Renault","description":"I veicoli commerciali Renault sono molto apprezzati dagli utenti business. Volete sapere quali sono i vantaggi di questo marchio? Allora continuate a leggere.","robots":{"index":"index","follow":"follow","max-snippet":"max-snippet:-1","max-image-preview":"max-image-preview:large","max-video-preview":"max-video-preview:-1"},"canonical":"https:\/\/www.vdhurk.nl\/it\/veicoli-commerciali-renault\/","og_locale":"it_IT","og_type":"article","og_title":"Ontdek de kracht van innovatieve Renault bedrijfswagens","og_description":"Renault bedrijfswagens zijn populair onder zakelijke gebruikers. Wil je weten wat de voordelen zijn van dit merk? Lees dan snel verder.","og_url":"https:\/\/www.vdhurk.nl\/it\/veicoli-commerciali-renault\/","og_site_name":"Van den Hurk Bedrijfswagens","article_modified_time":"2024-04-16T12:10:18+00:00","twitter_card":"summary_large_image","twitter_misc":{"Tempo di lettura stimato":"5 minuti"},"schema":{"@context":"https:\/\/schema.org","@graph":[{"@type":"WebPage","@id":"https:\/\/www.vdhurk.nl\/renault-bedrijfswagens\/","url":"https:\/\/www.vdhurk.nl\/renault-bedrijfswagens\/","name":"Scoprite la potenza degli innovativi veicoli commerciali Renault","isPartOf":{"@id":"https:\/\/www.vdhurk.nl\/#website"},"datePublished":"2024-04-15T14:15:53+00:00","dateModified":"2024-04-16T12:10:18+00:00","description":"I veicoli commerciali Renault sono molto apprezzati dagli utenti business. Volete sapere quali sono i vantaggi di questo marchio? Allora continuate a leggere.","breadcrumb":{"@id":"https:\/\/www.vdhurk.nl\/renault-bedrijfswagens\/#breadcrumb"},"inLanguage":"it-IT","potentialAction":[{"@type":"ReadAction","target":["https:\/\/www.vdhurk.nl\/renault-bedrijfswagens\/"]}]},{"@type":"BreadcrumbList","@id":"https:\/\/www.vdhurk.nl\/renault-bedrijfswagens\/#breadcrumb","itemListElement":[{"@type":"ListItem","position":1,"name":"Home","item":"https:\/\/www.vdhurk.nl\/home\/"},{"@type":"ListItem","position":2,"name":"Renault Bedrijfswagens"}]},{"@type":"WebSite","@id":"https:\/\/www.vdhurk.nl\/#website","url":"https:\/\/www.vdhurk.nl\/","name":"Veicoli commerciali Van den Hurk","description":"Van den Hurk veicoli commerciali Helmond","potentialAction":[{"@type":"SearchAction","target":{"@type":"EntryPoint","urlTemplate":"https:\/\/www.vdhurk.nl\/?s={search_term_string}"},"query-input":{"@type":"PropertyValueSpecification","valueRequired":true,"valueName":"search_term_string"}}],"inLanguage":"it-IT"}]}},"_links":{"self":[{"href":"https:\/\/www.vdhurk.nl\/it\/wp-json\/wp\/v2\/pages\/372057","targetHints":{"allow":["GET"]}}],"collection":[{"href":"https:\/\/www.vdhurk.nl\/it\/wp-json\/wp\/v2\/pages"}],"about":[{"href":"https:\/\/www.vdhurk.nl\/it\/wp-json\/wp\/v2\/types\/page"}],"author":[{"embeddable":true,"href":"https:\/\/www.vdhurk.nl\/it\/wp-json\/wp\/v2\/users\/3"}],"replies":[{"embeddable":true,"href":"https:\/\/www.vdhurk.nl\/it\/wp-json\/wp\/v2\/comments?post=372057"}],"version-history":[{"count":5,"href":"https:\/\/www.vdhurk.nl\/it\/wp-json\/wp\/v2\/pages\/372057\/revisions"}],"predecessor-version":[{"id":372298,"href":"https:\/\/www.vdhurk.nl\/it\/wp-json\/wp\/v2\/pages\/372057\/revisions\/372298"}],"wp:attachment":[{"href":"https:\/\/www.vdhurk.nl\/it\/wp-json\/wp\/v2\/media?parent=372057"}],"curies":[{"name":"wp","href":"https:\/\/api.w.org\/{rel}","templated":true}]}}