{"id":370581,"date":"2024-04-16T14:08:59","date_gmt":"2024-04-16T12:08:59","guid":{"rendered":"https:\/\/www.vdhurk.nl\/?page_id=370581"},"modified":"2024-04-16T14:09:23","modified_gmt":"2024-04-16T12:09:23","slug":"veicoli-commerciali-peugeot","status":"publish","type":"page","link":"https:\/\/www.vdhurk.nl\/it\/peugeot-bedrijfswagens\/","title":{"rendered":"Peugeot Veicoli Commerciali"},"content":{"rendered":"<section  class='av_textblock_section av-lu8gnh7d-4ac895489941e586c1d7c8cb72318135'  itemscope=\"itemscope\" itemtype=\"https:\/\/schema.org\/CreativeWork\" ><div class='avia_textblock'  itemprop=\"text\" ><h1>Guidare al successo con i veicoli commerciali Peugeot<\/h1>\n<p>I veicoli commerciali Peugeot sono ideali per gli utenti business. Sia che si guidi quotidianamente nel frenetico traffico cittadino, che si percorrano lunghe distanze in autostrada o che si sia impegnati nei cantieri, Peugeot offre una soluzione per ogni applicazione. Van den Hurk ha diversi tipi di veicoli commerciali di questo marchio sotto lo stesso tetto. Cos\u00ec troverete sempre l'abbinamento perfetto per le vostre esigenze aziendali.<\/p>\n<\/div><\/section>\n\n<style type=\"text\/css\" data-created_by=\"avia_inline_auto\" id=\"style-css-av-lujjddpd-afa3d7a9eabd61123e643ed1228e781e\">\n#top .hr.hr-invisible.av-lujjddpd-afa3d7a9eabd61123e643ed1228e781e{\nheight:50px;\n}\n<\/style>\n<div  class='hr av-lujjddpd-afa3d7a9eabd61123e643ed1228e781e hr-invisible  avia-builder-el-1  el_after_av_textblock  el_before_av_codeblock'><span class='hr-inner'><span class=\"hr-inner-style\"><\/span><\/span><\/div>\n\n\n<style type=\"text\/css\" data-created_by=\"avia_inline_auto\" id=\"style-css-av-ah0xd-63338d9dc6b40410e22a712829c369d6\">\n#top .hr.hr-invisible.av-ah0xd-63338d9dc6b40410e22a712829c369d6{\nheight:50px;\n}\n<\/style>\n<div  class='hr av-ah0xd-63338d9dc6b40410e22a712829c369d6 hr-invisible  avia-builder-el-3  el_after_av_codeblock  el_before_av_buttonrow'><span class='hr-inner'><span class=\"hr-inner-style\"><\/span><\/span><\/div>\n<div  class='avia-buttonrow-wrap av-lujhssae-cff7d852879371e1ec58a3b104a5d229 avia-buttonrow-center  avia-builder-el-4  el_after_av_hr  el_before_av_hr'>\n\n<style type=\"text\/css\" data-created_by=\"avia_inline_auto\" id=\"style-css-av-lujhtay0-9b18704c776ba6fc9d37e1c1e0e9f10b\">\n#top #wrap_all .avia-button.av-lujhtay0-9b18704c776ba6fc9d37e1c1e0e9f10b{\nmargin-bottom:5px;\nmargin-right:3px;\nmargin-left:3px;\n}\n<\/style>\n<a href='https:\/\/www.vdhurk.nl\/it\/veicoli-commerciali\/#q1bKTS3KVrJSKkgtTU_NL1HSUcovSkktSqoEiRVlZhXrlQEV5OcXgDnxBYlFJZnJpTmZqUVWKanFyUq1AA'  class='avia-button av-lujhtay0-9b18704c776ba6fc9d37e1c1e0e9f10b avia-icon_select-yes-right-icon avia-size-x-large avia-color-theme-color'  ><span class='avia_iconbox_title' >Siete curiosi di conoscere l'intera gamma di veicoli commerciali Peugeot? Non esitate a dare un'occhiata!<\/span><span class='avia_button_icon avia_button_icon_right' aria-hidden='true' data-av_icon='\ue871' data-av_iconfont='entypo-fontello'><\/span><\/a>\n<\/div>\n\n<style type=\"text\/css\" data-created_by=\"avia_inline_auto\" id=\"style-css-av-o1d5-cf77288da24053faf1b6ffbefcfc6222\">\n#top .hr.hr-invisible.av-o1d5-cf77288da24053faf1b6ffbefcfc6222{\nheight:50px;\n}\n<\/style>\n<div  class='hr av-o1d5-cf77288da24053faf1b6ffbefcfc6222 hr-invisible  avia-builder-el-5  el_after_av_buttonrow  el_before_av_textblock'><span class='hr-inner'><span class=\"hr-inner-style\"><\/span><\/span><\/div>\n<section  class='av_textblock_section av-lu8gtjw7-4f3cee9304909518d86d2860d9d582dd'  itemscope=\"itemscope\" itemtype=\"https:\/\/schema.org\/CreativeWork\" ><div class='avia_textblock'  itemprop=\"text\" ><h2><b>La creazione e l'evoluzione di Peugeot<\/b><\/h2>\n<p>Peugeot \u00e8 uno dei marchi automobilistici pi\u00f9 antichi al mondo e vanta una ricca storia. Da allora, Peugeot \u00e8 cresciuta fino a diventare un produttore leader di automobili e veicoli commerciali, con un'attenzione particolare all'innovazione e alla maestria. Nel corso degli anni, Peugeot ha ampliato la propria offerta con una vasta gamma di veicoli diversi. Negli ultimi anni, il marchio si \u00e8 concentrato anche sull'elettrificazione e sulla sostenibilit\u00e0. Grazie all'innovazione e all'impegno per la qualit\u00e0, Peugeot rimane uno dei marchi automobilistici pi\u00f9 riconosciuti e rispettati al mondo.<\/p>\n<h2><b>Scegliere Peugeot: quali sono i vantaggi? <\/b><\/h2>\n<p><b><\/b>Gli autobus e i veicoli commerciali Peugeot sono una scelta molto adatta per gli utenti aziendali. Questo grazie ai loro numerosi vantaggi:<\/p>\n<ul>\n<li><b>Affidabilit\u00e0: <\/b>I veicoli commerciali Peugeot sono noti per la loro affidabilit\u00e0 e longevit\u00e0. Le aziende possono contare su questo marchio in ogni momento, sia per le brevi che per le lunghe distanze. Peugeot vi porta da a a b, senza problemi tecnici.<\/li>\n<li><b>Efficienza: <\/b>Le auto aziendali del marchio sono progettate all'insegna dell'efficienza. Ci\u00f2 significa che sono efficienti nei consumi e richiedono poca manutenzione. Queste caratteristiche aiutano le aziende a ridurre i costi operativi e a migliorare la redditivit\u00e0.<\/li>\n<li><b>Sicurezza: <\/b>La sicurezza \u00e8 al primo posto per Peugeot. Questo vale anche per i suoi veicoli commerciali. Grazie alle avanzate caratteristiche di sicurezza e ai sistemi di assistenza alla guida, i veicoli commerciali Peugeot offrono tranquillit\u00e0 sia al conducente che ai passeggeri.<\/li>\n<li><b>Flessibilit\u00e0: <\/b>Le auto aziendali sono disponibili in diversi modelli e configurazioni. Questo permette di soddisfare le diverse esigenze delle aziende. Peugeot ha il veicolo giusto per ogni azienda.<\/li>\n<li><b>Comfort e connettivit\u00e0: <\/b>Non solo vantaggi pratici, ma anche comfort e connettivit\u00e0 per conducente e passeggeri. I veicoli sono dotati di interni moderni, sedili ergonomici e sistemi avanzati. Questo rende ogni viaggio in auto Peugeot piacevole e produttivo.<\/li>\n<\/ul>\n<h2><b>L'uso aziendale di Peugeot<\/b><\/h2>\n<p>I veicoli commerciali Peugeot sono utilizzati in tutto il mondo da aziende di diversi settori e quindi per una variet\u00e0 di scopi commerciali. Ad esempio, molte aziende utilizzano i veicoli commerciali per il trasporto e la distribuzione. Inoltre, i veicoli commerciali vengono utilizzati per i servizi aziendali, come ad esempio i lavori di installazione. Gli interni confortevoli, la tecnologia avanzata e gli spazi di carico versatili rendono i veicoli commerciali ideali per svolgere le attivit\u00e0 su strada. Inoltre, questi veicoli commerciali svolgono un ruolo nella logistica e nelle attivit\u00e0 operative delle aziende.<\/p>\n<h2><b>Scegliete il nuovo o l'usato?<\/b><\/h2>\n<p>Da Van den Hurk potete scegliere tra autobus Peugeot nuovi e usati. I nuovi veicoli offrono la tecnologia e le prestazioni pi\u00f9 recenti per soddisfare le moderne esigenze aziendali. Le aziende beneficiano di un veicolo affidabile e versatile, dotato di eccellenti caratteristiche di sicurezza e di motori potenti. Un autobus Peugeot d'occasione offre un'alternativa conveniente per le aziende che cercano veicoli commerciali di qualit\u00e0 a un prezzo relativamente basso. Questa opzione consente comunque alle aziende di utilizzare un veicolo dalle buone prestazioni e affidabile.<\/p>\n<h2><b>Modelli diversi<\/b><\/h2>\n<p>Peugeot offre diversi modelli di veicoli commerciali adatti all'uso aziendale. In qualit\u00e0 di concessionario di veicoli commerciali Peugeot, all'interno della nostra gamma troverete:<\/p>\n<ul>\n<li><strong>Occasione Peugeot boxer<\/strong>Questo modello \u00e8 un furgone di grandi dimensioni adatto a carichi pesanti e a lunghe distanze. Con una struttura robusta e motori potenti, il veicolo \u00e8 in grado di trasportare grandi unit\u00e0 di merci con facilit\u00e0 ed efficienza.<\/li>\n<li><strong>Occasione Peugeot partner:<\/strong> \u00e8 un furgone compatto noto per la sua versatilit\u00e0 e facilit\u00e0 d'uso. Grazie a un ampio vano di carico e a numerose funzioni, questo modello \u00e8 ideale, ad esempio, per le consegne in citt\u00e0 e per le attivit\u00e0 commerciali.<\/li>\n<li><strong>Occasione per l'esperto Peugeot:<\/strong> questo furgone di medie dimensioni eccelle per comfort e prestazioni. Inoltre, questo modello offre opzioni per diverse applicazioni aziendali.<\/li>\n<\/ul>\n<h2><b>Beneficiare di qualit\u00e0 e servizio<\/b><\/h2>\n<p>Da Van den Hurk troverete diversi veicoli commerciali per uso aziendale. Con noi avrete la certezza di avere veicoli commerciali affidabili e di qualit\u00e0. Inoltre, potete noleggiare o acquistare un autobus Peugeot. Saremo lieti di aiutarvi a trovare l'opzione migliore per i vostri scopi.<\/p>\n<\/div><\/section>","protected":false},"excerpt":{"rendered":"","protected":false},"author":3,"featured_media":0,"parent":0,"menu_order":0,"comment_status":"closed","ping_status":"closed","template":"","meta":{"_acf_changed":false,"_improvement_type_select":"improve_an_existing","_thumb_yes_seoaic":false,"_frame_yes_seoaic":false,"seoaic_generate_description":"","seoaic_improve_instructions_prompt":"","seoaic_rollback_content_improvement":"","seoaic_idea_thumbnail_generator":"","thumbnail_generated":false,"thumbnail_generate_prompt":"","seoaic_article_description":"","footnotes":""},"class_list":["post-370581","page","type-page","status-publish","hentry"],"acf":[],"yoast_head":"<!-- This site is optimized with the Yoast SEO plugin v27.5 - https:\/\/yoast.com\/product\/yoast-seo-wordpress\/ -->\n<title>Peugeot bedrijfswagens: d\u00e9 match voor je zakelijke behoeften!<\/title>\n<meta name=\"description\" content=\"Rijd vooruit met Peugeot bedrijfswagens: effici\u00ebntie, innovatie en betrouwbaarheid in \u00e9\u00e9n! Ontdek het ruime aanbod van Peugeot.\" \/>\n<meta name=\"robots\" content=\"index, follow, max-snippet:-1, max-image-preview:large, max-video-preview:-1\" \/>\n<link rel=\"canonical\" href=\"https:\/\/www.vdhurk.nl\/it\/veicoli-commerciali-peugeot\/\" \/>\n<meta property=\"og:locale\" content=\"it_IT\" \/>\n<meta property=\"og:type\" content=\"article\" \/>\n<meta property=\"og:title\" content=\"Peugeot bedrijfswagens: d\u00e9 match voor je zakelijke behoeften!\" \/>\n<meta property=\"og:description\" content=\"Rijd vooruit met Peugeot bedrijfswagens: effici\u00ebntie, innovatie en betrouwbaarheid in \u00e9\u00e9n! Ontdek het ruime aanbod van Peugeot.\" \/>\n<meta property=\"og:url\" content=\"https:\/\/www.vdhurk.nl\/it\/veicoli-commerciali-peugeot\/\" \/>\n<meta property=\"og:site_name\" content=\"Van den Hurk Bedrijfswagens\" \/>\n<meta property=\"article:modified_time\" content=\"2024-04-16T12:09:23+00:00\" \/>\n<meta name=\"twitter:card\" content=\"summary_large_image\" \/>\n<meta name=\"twitter:label1\" content=\"Tempo di lettura stimato\" \/>\n\t<meta name=\"twitter:data1\" content=\"5 minuti\" \/>\n<script type=\"application\/ld+json\" class=\"yoast-schema-graph\">{\"@context\":\"https:\\\/\\\/schema.org\",\"@graph\":[{\"@type\":\"WebPage\",\"@id\":\"https:\\\/\\\/www.vdhurk.nl\\\/peugeot-bedrijfswagens\\\/\",\"url\":\"https:\\\/\\\/www.vdhurk.nl\\\/peugeot-bedrijfswagens\\\/\",\"name\":\"Peugeot bedrijfswagens: d\u00e9 match voor je zakelijke behoeften!\",\"isPartOf\":{\"@id\":\"https:\\\/\\\/www.vdhurk.nl\\\/#website\"},\"datePublished\":\"2024-04-16T12:08:59+00:00\",\"dateModified\":\"2024-04-16T12:09:23+00:00\",\"description\":\"Rijd vooruit met Peugeot bedrijfswagens: effici\u00ebntie, innovatie en betrouwbaarheid in \u00e9\u00e9n! Ontdek het ruime aanbod van Peugeot.\",\"breadcrumb\":{\"@id\":\"https:\\\/\\\/www.vdhurk.nl\\\/peugeot-bedrijfswagens\\\/#breadcrumb\"},\"inLanguage\":\"it-IT\",\"potentialAction\":[{\"@type\":\"ReadAction\",\"target\":[\"https:\\\/\\\/www.vdhurk.nl\\\/peugeot-bedrijfswagens\\\/\"]}]},{\"@type\":\"BreadcrumbList\",\"@id\":\"https:\\\/\\\/www.vdhurk.nl\\\/peugeot-bedrijfswagens\\\/#breadcrumb\",\"itemListElement\":[{\"@type\":\"ListItem\",\"position\":1,\"name\":\"Home\",\"item\":\"https:\\\/\\\/www.vdhurk.nl\\\/home\\\/\"},{\"@type\":\"ListItem\",\"position\":2,\"name\":\"Peugeot Bedrijfswagens\"}]},{\"@type\":\"WebSite\",\"@id\":\"https:\\\/\\\/www.vdhurk.nl\\\/#website\",\"url\":\"https:\\\/\\\/www.vdhurk.nl\\\/\",\"name\":\"Van den Hurk Bedrijfswagens\",\"description\":\"Van den Hurk bedrijfswagens Helmond\",\"potentialAction\":[{\"@type\":\"SearchAction\",\"target\":{\"@type\":\"EntryPoint\",\"urlTemplate\":\"https:\\\/\\\/www.vdhurk.nl\\\/?s={search_term_string}\"},\"query-input\":{\"@type\":\"PropertyValueSpecification\",\"valueRequired\":true,\"valueName\":\"search_term_string\"}}],\"inLanguage\":\"it-IT\"}]}<\/script>\n<!-- \/ Yoast SEO plugin. -->","yoast_head_json":{"title":"I veicoli commerciali Peugeot: l'abbinamento per le vostre esigenze aziendali!","description":"Andate avanti con i veicoli commerciali Peugeot: efficienza, innovazione e affidabilit\u00e0, tutto in uno! Scoprite l'ampia gamma di veicoli Peugeot.","robots":{"index":"index","follow":"follow","max-snippet":"max-snippet:-1","max-image-preview":"max-image-preview:large","max-video-preview":"max-video-preview:-1"},"canonical":"https:\/\/www.vdhurk.nl\/it\/veicoli-commerciali-peugeot\/","og_locale":"it_IT","og_type":"article","og_title":"Peugeot bedrijfswagens: d\u00e9 match voor je zakelijke behoeften!","og_description":"Rijd vooruit met Peugeot bedrijfswagens: effici\u00ebntie, innovatie en betrouwbaarheid in \u00e9\u00e9n! Ontdek het ruime aanbod van Peugeot.","og_url":"https:\/\/www.vdhurk.nl\/it\/veicoli-commerciali-peugeot\/","og_site_name":"Van den Hurk Bedrijfswagens","article_modified_time":"2024-04-16T12:09:23+00:00","twitter_card":"summary_large_image","twitter_misc":{"Tempo di lettura stimato":"5 minuti"},"schema":{"@context":"https:\/\/schema.org","@graph":[{"@type":"WebPage","@id":"https:\/\/www.vdhurk.nl\/peugeot-bedrijfswagens\/","url":"https:\/\/www.vdhurk.nl\/peugeot-bedrijfswagens\/","name":"I veicoli commerciali Peugeot: l'abbinamento per le vostre esigenze aziendali!","isPartOf":{"@id":"https:\/\/www.vdhurk.nl\/#website"},"datePublished":"2024-04-16T12:08:59+00:00","dateModified":"2024-04-16T12:09:23+00:00","description":"Andate avanti con i veicoli commerciali Peugeot: efficienza, innovazione e affidabilit\u00e0, tutto in uno! Scoprite l'ampia gamma di veicoli Peugeot.","breadcrumb":{"@id":"https:\/\/www.vdhurk.nl\/peugeot-bedrijfswagens\/#breadcrumb"},"inLanguage":"it-IT","potentialAction":[{"@type":"ReadAction","target":["https:\/\/www.vdhurk.nl\/peugeot-bedrijfswagens\/"]}]},{"@type":"BreadcrumbList","@id":"https:\/\/www.vdhurk.nl\/peugeot-bedrijfswagens\/#breadcrumb","itemListElement":[{"@type":"ListItem","position":1,"name":"Home","item":"https:\/\/www.vdhurk.nl\/home\/"},{"@type":"ListItem","position":2,"name":"Peugeot Bedrijfswagens"}]},{"@type":"WebSite","@id":"https:\/\/www.vdhurk.nl\/#website","url":"https:\/\/www.vdhurk.nl\/","name":"Veicoli commerciali Van den Hurk","description":"Van den Hurk veicoli commerciali Helmond","potentialAction":[{"@type":"SearchAction","target":{"@type":"EntryPoint","urlTemplate":"https:\/\/www.vdhurk.nl\/?s={search_term_string}"},"query-input":{"@type":"PropertyValueSpecification","valueRequired":true,"valueName":"search_term_string"}}],"inLanguage":"it-IT"}]}},"_links":{"self":[{"href":"https:\/\/www.vdhurk.nl\/it\/wp-json\/wp\/v2\/pages\/370581","targetHints":{"allow":["GET"]}}],"collection":[{"href":"https:\/\/www.vdhurk.nl\/it\/wp-json\/wp\/v2\/pages"}],"about":[{"href":"https:\/\/www.vdhurk.nl\/it\/wp-json\/wp\/v2\/types\/page"}],"author":[{"embeddable":true,"href":"https:\/\/www.vdhurk.nl\/it\/wp-json\/wp\/v2\/users\/3"}],"replies":[{"embeddable":true,"href":"https:\/\/www.vdhurk.nl\/it\/wp-json\/wp\/v2\/comments?post=370581"}],"version-history":[{"count":7,"href":"https:\/\/www.vdhurk.nl\/it\/wp-json\/wp\/v2\/pages\/370581\/revisions"}],"predecessor-version":[{"id":372297,"href":"https:\/\/www.vdhurk.nl\/it\/wp-json\/wp\/v2\/pages\/370581\/revisions\/372297"}],"wp:attachment":[{"href":"https:\/\/www.vdhurk.nl\/it\/wp-json\/wp\/v2\/media?parent=370581"}],"curies":[{"name":"wp","href":"https:\/\/api.w.org\/{rel}","templated":true}]}}