{"id":370573,"date":"2024-04-10T17:35:04","date_gmt":"2024-04-10T15:35:04","guid":{"rendered":"https:\/\/www.vdhurk.nl\/?page_id=370573"},"modified":"2024-04-15T16:55:46","modified_gmt":"2024-04-15T14:55:46","slug":"mercedes-9","status":"publish","type":"page","link":"https:\/\/www.vdhurk.nl\/it\/mercedes-bedrijfswagens\/","title":{"rendered":"Mercedes Veicoli Commerciali"},"content":{"rendered":"<section  class='av_textblock_section av-lu8gnh7d-4ac895489941e586c1d7c8cb72318135'  itemscope=\"itemscope\" itemtype=\"https:\/\/schema.org\/CreativeWork\" ><div class='avia_textblock'  itemprop=\"text\" ><h1>Scoprite la potenza dei veicoli commerciali Mercedes<\/h1>\n<p>I veicoli commerciali Mercedes sono sinonimo di qualit\u00e0, affidabilit\u00e0 e innovazione. In qualit\u00e0 di marchio leader nel settore automobilistico, Mercedes offre una gamma completa di veicoli commerciali per soddisfare le diverse esigenze di imprenditori e aziende. Mercedes combina tecnologie avanzate con un design sofisticato. Di conseguenza, gli utenti commerciali possono contare su prestazioni, comfort ed efficienza ottimali. Grazie alla costante innovazione, il marchio continua a stabilire lo standard per i veicoli commerciali in tutto il mondo.<\/p>\n<\/div><\/section>\n\n<style type=\"text\/css\" data-created_by=\"avia_inline_auto\" id=\"style-css-av-lujjddpd-afa3d7a9eabd61123e643ed1228e781e\">\n#top .hr.hr-invisible.av-lujjddpd-afa3d7a9eabd61123e643ed1228e781e{\nheight:50px;\n}\n<\/style>\n<div  class='hr av-lujjddpd-afa3d7a9eabd61123e643ed1228e781e hr-invisible  avia-builder-el-1  el_after_av_textblock  el_before_av_codeblock'><span class='hr-inner'><span class=\"hr-inner-style\"><\/span><\/span><\/div>\n\n\n<style type=\"text\/css\" data-created_by=\"avia_inline_auto\" id=\"style-css-av-ah0xd-63338d9dc6b40410e22a712829c369d6\">\n#top .hr.hr-invisible.av-ah0xd-63338d9dc6b40410e22a712829c369d6{\nheight:50px;\n}\n<\/style>\n<div  class='hr av-ah0xd-63338d9dc6b40410e22a712829c369d6 hr-invisible  avia-builder-el-3  el_after_av_codeblock  el_before_av_buttonrow'><span class='hr-inner'><span class=\"hr-inner-style\"><\/span><\/span><\/div>\n<div  class='avia-buttonrow-wrap av-lujhssae-cff7d852879371e1ec58a3b104a5d229 avia-buttonrow-center  avia-builder-el-4  el_after_av_hr  el_before_av_hr'>\n\n<style type=\"text\/css\" data-created_by=\"avia_inline_auto\" id=\"style-css-av-lujhtay0-149e4ab69c7860478a93da9d8e7b74c4\">\n#top #wrap_all .avia-button.av-lujhtay0-149e4ab69c7860478a93da9d8e7b74c4{\nmargin-bottom:5px;\nmargin-right:3px;\nmargin-left:3px;\n}\n<\/style>\n<a href='https:\/\/www.vdhurk.nl\/it\/veicoli-commerciali\/#q1bKTS3KVrICUcmpKanFukmpeVVKOkr5RSmpRUmVQJmCosysYr0yoLL8_AIwJ74gsagkM7k0JzO1yAqoJ1mpFgA'  class='avia-button av-lujhtay0-149e4ab69c7860478a93da9d8e7b74c4 avia-icon_select-yes-right-icon avia-size-x-large avia-color-theme-color'  ><span class='avia_iconbox_title' >Siete curiosi di conoscere l'intera gamma di veicoli commerciali Mercedes? Non esitate a dare un'occhiata!<\/span><span class='avia_button_icon avia_button_icon_right' aria-hidden='true' data-av_icon='\ue871' data-av_iconfont='entypo-fontello'><\/span><\/a>\n<\/div>\n\n<style type=\"text\/css\" data-created_by=\"avia_inline_auto\" id=\"style-css-av-o1d5-cf77288da24053faf1b6ffbefcfc6222\">\n#top .hr.hr-invisible.av-o1d5-cf77288da24053faf1b6ffbefcfc6222{\nheight:50px;\n}\n<\/style>\n<div  class='hr av-o1d5-cf77288da24053faf1b6ffbefcfc6222 hr-invisible  avia-builder-el-5  el_after_av_buttonrow  el_before_av_textblock'><span class='hr-inner'><span class=\"hr-inner-style\"><\/span><\/span><\/div>\n<section  class='av_textblock_section av-lu8gow1e-300853e458ed741bd87d6cb78e55cc7a'  itemscope=\"itemscope\" itemtype=\"https:\/\/schema.org\/CreativeWork\" ><div class='avia_textblock'  itemprop=\"text\" ><h2>Perch\u00e9 scegliere il marchio Mercedes?<\/h2>\n<p>Gli autobus e i veicoli commerciali Mercedes sono molto popolari tra gli utenti commerciali. Ci\u00f2 \u00e8 dovuto in parte a:<\/p>\n<ul>\n<li><b>Affidabilit\u00e0: <\/b>I veicoli utilitari hanno una struttura robusta e sono realizzati con materiali di alta qualit\u00e0. Sono costruiti per durare nel tempo e resistere a un uso intensivo.<\/li>\n<li><b>Prestazioni: <\/b>Le vetture offrono prestazioni impressionanti in termini di motori potenti, esperienza di guida fluida ed eccellente carico utile. Sono progettate per soddisfare le esigenze degli utenti business.<\/li>\n<li><b>Comfort e sicurezza: <\/b>Grazie alle nuove tecnologie e agli interni di alta qualit\u00e0, i veicoli commerciali offrono un'esperienza di guida confortevole e sicura sia per il conducente che per i passeggeri. Ci\u00f2 li rende ideali anche per i viaggi su lunghe distanze.<\/li>\n<li><b>Innovazione: <\/b>Mercedes \u00e8 nota per la sua costante ricerca di innovazione. I suoi veicoli commerciali sono dotati delle pi\u00f9 recenti tecnologie, che li rendono pi\u00f9 efficienti, pi\u00f9 intelligenti e pi\u00f9 facili da usare.<\/li>\n<li><b>Aspetto: <\/b>Guidare una Mercedes \u00e8 sinonimo di professionalit\u00e0 e qualit\u00e0. Il marchio gode di una buona reputazione che si traduce in professionalit\u00e0 e qualit\u00e0. In breve, ci sono molti motivi per scegliere Mercedes.<\/li>\n<\/ul>\n<\/div><\/section>\n<div class='flex_column av-f64w1-da126f42b61613402309283c14245a25 av_one_half  avia-builder-el-7  el_after_av_textblock  el_before_av_one_third  first flex_column_div column-top-margin'   ><section  class='av_textblock_section av-lu8gpqre-73cc2c17e6a6497ba6e1b58af22bd9e8'  itemscope=\"itemscope\" itemtype=\"https:\/\/schema.org\/CreativeWork\" ><div class='avia_textblock'  itemprop=\"text\" ><h2>Sviluppi all'interno del marchio<\/h2>\n<p>Nel corso degli anni, il marchio ha continuato a evolversi. Ad esempio, si concentra sulla sostenibilit\u00e0 e sul rispetto dell'ambiente. Mercedes \u00e8 impegnata nello sviluppo di veicoli commerciali ecologici, offrendo modelli con motori efficienti e alternative, come i veicoli elettrici e ibridi. Si tratta di sviluppi che contribuiscono alla crescente domanda di soluzioni di trasporto sostenibili. Il marchio rimane all'avanguardia anche per quanto riguarda la connettivit\u00e0. Utilizza sistemi avanzati di sicurezza e assistenza che migliorano sia la sicurezza che l'efficienza dei veicoli.<\/p>\n<\/div><\/section><\/div>\n<div class='flex_column av-aldk9-ee694297f5c4032981677a02caab84d6 av_one_third  avia-builder-el-9  el_after_av_one_half  el_before_av_hr  flex_column_div column-top-margin'   ><style type=\"text\/css\" data-created_by=\"avia_inline_auto\" id=\"style-css-av-l1w9kpsf-4ec3fab772ec7a9adaa33cfc64ff0475\">\n.avia-image-container.av-l1w9kpsf-4ec3fab772ec7a9adaa33cfc64ff0475 .av-image-caption-overlay-center{\ncolor:#ffffff;\n}\n<\/style>\n<div  class='avia-image-container av-l1w9kpsf-4ec3fab772ec7a9adaa33cfc64ff0475 av-styling- avia-align-center  avia-builder-el-10  avia-builder-el-no-sibling'  itemprop=\"image\" itemscope=\"itemscope\" itemtype=\"https:\/\/schema.org\/ImageObject\" ><div class=\"avia-image-container-inner\"><div class=\"avia-image-overlay-wrap\"><img decoding=\"async\" class='wp-image-187 avia-img-lazy-loading-not-187 avia_image' src=\"https:\/\/www.vdhurk.nl\/wp-content\/uploads\/2022\/03\/Voorrad.png\" alt='' title='Stock'  height=\"758\" width=\"1135\"  itemprop=\"thumbnailUrl\" srcset=\"https:\/\/www.vdhurk.nl\/wp-content\/uploads\/2022\/03\/Voorrad.png 1135w, https:\/\/www.vdhurk.nl\/wp-content\/uploads\/2022\/03\/Voorrad-300x200.png 300w, https:\/\/www.vdhurk.nl\/wp-content\/uploads\/2022\/03\/Voorrad-1030x688.png 1030w, https:\/\/www.vdhurk.nl\/wp-content\/uploads\/2022\/03\/Voorrad-768x513.png 768w, https:\/\/www.vdhurk.nl\/wp-content\/uploads\/2022\/03\/Voorrad-18x12.png 18w, https:\/\/www.vdhurk.nl\/wp-content\/uploads\/2022\/03\/Voorrad-705x471.png 705w\" sizes=\"(max-width: 1135px) 100vw, 1135px\" \/><\/div><\/div><\/div><\/div>\n\n<style type=\"text\/css\" data-created_by=\"avia_inline_auto\" id=\"style-css-av-luqrjpjc-5a23a1fb5f94718ca85316a9df963e2f\">\n#top .hr.hr-invisible.av-luqrjpjc-5a23a1fb5f94718ca85316a9df963e2f{\nheight:50px;\n}\n<\/style>\n<div  class='hr av-luqrjpjc-5a23a1fb5f94718ca85316a9df963e2f hr-invisible  avia-builder-el-11  el_after_av_one_third  el_before_av_textblock'><span class='hr-inner'><span class=\"hr-inner-style\"><\/span><\/span><\/div>\n<section  class='av_textblock_section av-lu8gtjw7-4f3cee9304909518d86d2860d9d582dd'  itemscope=\"itemscope\" itemtype=\"https:\/\/schema.org\/CreativeWork\" ><div class='avia_textblock'  itemprop=\"text\" ><h2><b>Modelli di autobus Mercedes: scegliere il nuovo o l'usato?<\/b><\/h2>\n<p>Quando si parla di modelli diversi, Mercedes offre diverse opzioni. Infatti, all'interno della nostra gamma troverete sia modelli nuovi che usati. Potete quindi acquistare un autobus Mercedes o prenderlo in leasing. Come per i modelli nuovi, l'occasione di un autobus Mercedes offre un'eccellente opportunit\u00e0 per gli utenti commerciali. I veicoli usati della nostra gamma sono affidabili, di alta qualit\u00e0 e offrono un ottimo rapporto qualit\u00e0-prezzo. Questi veicoli sono stati ispezionati e testati. In questo modo, garantiamo che soddisfino standard elevati. Inoltre, spesso offrono ancora gran parte del lusso e della funzionalit\u00e0 che ci si aspetta da un veicolo Mercedes.<\/p>\n<h2><b>Trovate l'auto aziendale perfetta per voi come utenti aziendali<\/b><\/h2>\n<p>I veicoli commerciali Mercedes offrono un'ampia gamma di modelli progettati per soddisfare le diverse esigenze degli utenti commerciali. All'interno della nostra gamma, troverete diversi modelli popolari:<\/p>\n<ul>\n<li style=\"font-weight: 400;\" aria-level=\"1\"><strong>Mercedes Sprinter usato<\/strong>Questo \u00e8 un furgone versatile con molto spazio. Questo modello \u00e8 noto per il suo carico utile, l'affidabilit\u00e0 e l'efficienza.<\/li>\n<li style=\"font-weight: 400;\" aria-level=\"1\"><strong>Occasione Mercedes Vito:<\/strong> questo modello si distingue per agilit\u00e0, comfort e tecnologia moderna. \u00c8 adatto sia al traffico cittadino che alle lunghe distanze e offre configurazioni flessibili per il trasporto di carichi o passeggeri.<\/li>\n<li style=\"font-weight: 400;\" aria-level=\"1\"><strong>Occasione Mercedes Citan:<\/strong> \u00e8 un furgone compatto adatto alla distribuzione urbana e alle applicazioni commerciali leggere. Con le sue dimensioni compatte, i motori a basso consumo di carburante e gli interni pratici, \u00e8 una scelta versatile per gli imprenditori impegnati in citt\u00e0.<\/li>\n<\/ul>\n<h2><b>Beneficiare di un servizio eccellente<\/b><\/h2>\n<p>Da Van den Hurk potete scegliere tra un'ampia gamma di veicoli commerciali Mercedes. Ce n'\u00e8 per tutti i gusti. Garantiamo una buona qualit\u00e0 e un servizio personalizzato. Se siete interessati a uno dei nostri veicoli commerciali, contattateci semplicemente al numero <a href=\"https:\/\/www.vdhurk.nl\/it\/contatto\/\">contattateci<\/a> su. Saremo lieti di aiutarvi nella scelta.<\/p>\n<\/div><\/section>","protected":false},"excerpt":{"rendered":"","protected":false},"author":3,"featured_media":0,"parent":0,"menu_order":0,"comment_status":"closed","ping_status":"closed","template":"","meta":{"_acf_changed":false,"_improvement_type_select":"improve_an_existing","_thumb_yes_seoaic":false,"_frame_yes_seoaic":false,"seoaic_generate_description":"","seoaic_improve_instructions_prompt":"","seoaic_rollback_content_improvement":"","seoaic_idea_thumbnail_generator":"","thumbnail_generated":false,"thumbnail_generate_prompt":"","seoaic_article_description":"","footnotes":""},"class_list":["post-370573","page","type-page","status-publish","hentry"],"acf":[],"yoast_head":"<!-- This site is optimized with the Yoast SEO plugin v27.5 - https:\/\/yoast.com\/product\/yoast-seo-wordpress\/ -->\n<title>Ontdek de Mercedes bedrijfswagens binnen ons assortiment.<\/title>\n<meta name=\"description\" content=\"Betrouwbaar en professioneel. Dat zijn onze Mercedes bedrijfswagens. Ontdek welke bedrijfswagens van het merk aansluiten bij jouw zakelijke behoeften.\" \/>\n<meta name=\"robots\" content=\"index, follow, max-snippet:-1, max-image-preview:large, max-video-preview:-1\" \/>\n<link rel=\"canonical\" href=\"https:\/\/www.vdhurk.nl\/it\/mercedes-9\/\" \/>\n<meta property=\"og:locale\" content=\"it_IT\" \/>\n<meta property=\"og:type\" content=\"article\" \/>\n<meta property=\"og:title\" content=\"Ontdek de Mercedes bedrijfswagens binnen ons assortiment.\" \/>\n<meta property=\"og:description\" content=\"Betrouwbaar en professioneel. Dat zijn onze Mercedes bedrijfswagens. Ontdek welke bedrijfswagens van het merk aansluiten bij jouw zakelijke behoeften.\" \/>\n<meta property=\"og:url\" content=\"https:\/\/www.vdhurk.nl\/it\/mercedes-9\/\" \/>\n<meta property=\"og:site_name\" content=\"Van den Hurk Bedrijfswagens\" \/>\n<meta property=\"article:modified_time\" content=\"2024-04-15T14:55:46+00:00\" \/>\n<meta name=\"twitter:card\" content=\"summary_large_image\" \/>\n<meta name=\"twitter:label1\" content=\"Tempo di lettura stimato\" \/>\n\t<meta name=\"twitter:data1\" content=\"6 minuti\" \/>\n<script type=\"application\/ld+json\" class=\"yoast-schema-graph\">{\"@context\":\"https:\\\/\\\/schema.org\",\"@graph\":[{\"@type\":\"WebPage\",\"@id\":\"https:\\\/\\\/www.vdhurk.nl\\\/mercedes-bedrijfswagens\\\/\",\"url\":\"https:\\\/\\\/www.vdhurk.nl\\\/mercedes-bedrijfswagens\\\/\",\"name\":\"Ontdek de Mercedes bedrijfswagens binnen ons assortiment.\",\"isPartOf\":{\"@id\":\"https:\\\/\\\/www.vdhurk.nl\\\/#website\"},\"datePublished\":\"2024-04-10T15:35:04+00:00\",\"dateModified\":\"2024-04-15T14:55:46+00:00\",\"description\":\"Betrouwbaar en professioneel. Dat zijn onze Mercedes bedrijfswagens. Ontdek welke bedrijfswagens van het merk aansluiten bij jouw zakelijke behoeften.\",\"breadcrumb\":{\"@id\":\"https:\\\/\\\/www.vdhurk.nl\\\/mercedes-bedrijfswagens\\\/#breadcrumb\"},\"inLanguage\":\"it-IT\",\"potentialAction\":[{\"@type\":\"ReadAction\",\"target\":[\"https:\\\/\\\/www.vdhurk.nl\\\/mercedes-bedrijfswagens\\\/\"]}]},{\"@type\":\"BreadcrumbList\",\"@id\":\"https:\\\/\\\/www.vdhurk.nl\\\/mercedes-bedrijfswagens\\\/#breadcrumb\",\"itemListElement\":[{\"@type\":\"ListItem\",\"position\":1,\"name\":\"Home\",\"item\":\"https:\\\/\\\/www.vdhurk.nl\\\/home\\\/\"},{\"@type\":\"ListItem\",\"position\":2,\"name\":\"Mercedes Bedrijfswagens\"}]},{\"@type\":\"WebSite\",\"@id\":\"https:\\\/\\\/www.vdhurk.nl\\\/#website\",\"url\":\"https:\\\/\\\/www.vdhurk.nl\\\/\",\"name\":\"Van den Hurk Bedrijfswagens\",\"description\":\"Van den Hurk bedrijfswagens Helmond\",\"potentialAction\":[{\"@type\":\"SearchAction\",\"target\":{\"@type\":\"EntryPoint\",\"urlTemplate\":\"https:\\\/\\\/www.vdhurk.nl\\\/?s={search_term_string}\"},\"query-input\":{\"@type\":\"PropertyValueSpecification\",\"valueRequired\":true,\"valueName\":\"search_term_string\"}}],\"inLanguage\":\"it-IT\"}]}<\/script>\n<!-- \/ Yoast SEO plugin. -->","yoast_head_json":{"title":"Scoprite i veicoli commerciali Mercedes della nostra gamma.","description":"Affidabili e professionali. Questi sono i nostri veicoli commerciali Mercedes. Scoprite quali sono i veicoli commerciali di marca pi\u00f9 adatti alle vostre esigenze aziendali.","robots":{"index":"index","follow":"follow","max-snippet":"max-snippet:-1","max-image-preview":"max-image-preview:large","max-video-preview":"max-video-preview:-1"},"canonical":"https:\/\/www.vdhurk.nl\/it\/mercedes-9\/","og_locale":"it_IT","og_type":"article","og_title":"Ontdek de Mercedes bedrijfswagens binnen ons assortiment.","og_description":"Betrouwbaar en professioneel. Dat zijn onze Mercedes bedrijfswagens. Ontdek welke bedrijfswagens van het merk aansluiten bij jouw zakelijke behoeften.","og_url":"https:\/\/www.vdhurk.nl\/it\/mercedes-9\/","og_site_name":"Van den Hurk Bedrijfswagens","article_modified_time":"2024-04-15T14:55:46+00:00","twitter_card":"summary_large_image","twitter_misc":{"Tempo di lettura stimato":"6 minuti"},"schema":{"@context":"https:\/\/schema.org","@graph":[{"@type":"WebPage","@id":"https:\/\/www.vdhurk.nl\/mercedes-bedrijfswagens\/","url":"https:\/\/www.vdhurk.nl\/mercedes-bedrijfswagens\/","name":"Scoprite i veicoli commerciali Mercedes della nostra gamma.","isPartOf":{"@id":"https:\/\/www.vdhurk.nl\/#website"},"datePublished":"2024-04-10T15:35:04+00:00","dateModified":"2024-04-15T14:55:46+00:00","description":"Affidabili e professionali. Questi sono i nostri veicoli commerciali Mercedes. Scoprite quali sono i veicoli commerciali di marca pi\u00f9 adatti alle vostre esigenze aziendali.","breadcrumb":{"@id":"https:\/\/www.vdhurk.nl\/mercedes-bedrijfswagens\/#breadcrumb"},"inLanguage":"it-IT","potentialAction":[{"@type":"ReadAction","target":["https:\/\/www.vdhurk.nl\/mercedes-bedrijfswagens\/"]}]},{"@type":"BreadcrumbList","@id":"https:\/\/www.vdhurk.nl\/mercedes-bedrijfswagens\/#breadcrumb","itemListElement":[{"@type":"ListItem","position":1,"name":"Home","item":"https:\/\/www.vdhurk.nl\/home\/"},{"@type":"ListItem","position":2,"name":"Mercedes Bedrijfswagens"}]},{"@type":"WebSite","@id":"https:\/\/www.vdhurk.nl\/#website","url":"https:\/\/www.vdhurk.nl\/","name":"Veicoli commerciali Van den Hurk","description":"Van den Hurk veicoli commerciali Helmond","potentialAction":[{"@type":"SearchAction","target":{"@type":"EntryPoint","urlTemplate":"https:\/\/www.vdhurk.nl\/?s={search_term_string}"},"query-input":{"@type":"PropertyValueSpecification","valueRequired":true,"valueName":"search_term_string"}}],"inLanguage":"it-IT"}]}},"_links":{"self":[{"href":"https:\/\/www.vdhurk.nl\/it\/wp-json\/wp\/v2\/pages\/370573","targetHints":{"allow":["GET"]}}],"collection":[{"href":"https:\/\/www.vdhurk.nl\/it\/wp-json\/wp\/v2\/pages"}],"about":[{"href":"https:\/\/www.vdhurk.nl\/it\/wp-json\/wp\/v2\/types\/page"}],"author":[{"embeddable":true,"href":"https:\/\/www.vdhurk.nl\/it\/wp-json\/wp\/v2\/users\/3"}],"replies":[{"embeddable":true,"href":"https:\/\/www.vdhurk.nl\/it\/wp-json\/wp\/v2\/comments?post=370573"}],"version-history":[{"count":9,"href":"https:\/\/www.vdhurk.nl\/it\/wp-json\/wp\/v2\/pages\/370573\/revisions"}],"predecessor-version":[{"id":372083,"href":"https:\/\/www.vdhurk.nl\/it\/wp-json\/wp\/v2\/pages\/370573\/revisions\/372083"}],"wp:attachment":[{"href":"https:\/\/www.vdhurk.nl\/it\/wp-json\/wp\/v2\/media?parent=370573"}],"curies":[{"name":"wp","href":"https:\/\/api.w.org\/{rel}","templated":true}]}}