{"id":112189,"date":"2023-02-15T10:20:41","date_gmt":"2023-02-15T10:20:41","guid":{"rendered":"https:\/\/vdhurk.bonsaidev.nl\/?page_id=112189"},"modified":"2023-04-26T10:55:39","modified_gmt":"2023-04-26T10:55:39","slug":"disclaimer","status":"publish","type":"page","link":"https:\/\/www.vdhurk.nl\/it\/disclaimer\/","title":{"rendered":"Dichiarazione di non responsabilit\u00e0"},"content":{"rendered":"<div id='av_section_1'  class='avia-section av-l07jud9-fb2626fe5dc081bb3e8ce5aa01c5b1d0 main_color avia-section-default avia-no-border-styling  avia-builder-el-0  avia-builder-el-no-sibling  avia-bg-style-scroll container_wrap fullsize'  ><div class='container av-section-cont-open' ><main  role=\"main\" itemprop=\"mainContentOfPage\"  class='template-page content  av-content-full alpha units'><div class='post-entry post-entry-type-page post-entry-112189'><div class='entry-content-wrapper clearfix'>\n<div class='flex_column av-ezk5dod-104967efc1d151473a665f425ae13514 av_three_fifth  avia-builder-el-1  el_before_av_two_fifth  avia-builder-el-first  first flex_column_div'   ><style type=\"text\/css\" data-created_by=\"avia_inline_auto\" id=\"style-css-av-le5ivnm3-ff26881d34d40773f4591b2178147ad4\">\n#top .av_textblock_section.av-le5ivnm3-ff26881d34d40773f4591b2178147ad4 .avia_textblock{\nfont-size:19px;\n}\n<\/style>\n<section  class='av_textblock_section av-le5ivnm3-ff26881d34d40773f4591b2178147ad4'  itemscope=\"itemscope\" itemtype=\"https:\/\/schema.org\/CreativeWork\" ><div class='avia_textblock av_inherit_color'  itemprop=\"text\" ><h1>Dichiarazione di non responsabilit\u00e0<\/h1>\n<p>Nonostante la costante cura e attenzione che prestiamo alla composizione di questo sito e alle informazioni in esso contenute, Van den Hurk bedrijfswagens non pu\u00f2 garantire la completezza, l'accuratezza o la continua attualit\u00e0 dei dati e dei contenuti del sito. Van den Hurk bedrijfswagens declina pertanto ogni responsabilit\u00e0 per qualsiasi danno diretto o indiretto, di qualsiasi natura, derivante o comunque connesso all'utilizzo del sito o alla sua (in)accessibilit\u00e0.<\/p>\n<p>Le dichiarazioni e le opinioni espresse negli articoli e nelle comunicazioni presenti nelle pagine di questo sito sono quelle dell'autore o degli autori e non (necessariamente) quelle del webmaster, del provider di servizi Internet o di van den hurk Bedrijfswagens, che non possono essere ritenuti in alcun modo responsabili per il loro contenuto e non sono responsabili per qualsiasi danno diretto o indiretto che possa derivare dalle relative espressioni.<\/p>\n<p>Van den Hurk bedrijfswagens non pu\u00f2 garantire che le informazioni contenute in questo sito siano adatte allo scopo per cui vengono consultate. Tutte le informazioni, i prodotti e i servizi sono offerti nello stato in cui si trovano effettivamente e senza alcuna garanzia (implicita) sulla loro solidit\u00e0, idoneit\u00e0 per uno scopo particolare o altro.<\/p>\n<p>I prezzi e i calcoli possono differire dalla realt\u00e0. I prezzi o i calcoli menzionati da van de Hurk bedrijfswagens si riservano il diritto di adeguare tali prezzi o refrazioni per garantire un prezzo o un calcolo corretto.   Per avere la certezza di un prezzo o di un calcolo \u00e8 sempre possibile contattarci.<\/p>\n<h2>Link ad altri siti web<\/h2>\n<p>Questo sito contiene una serie di link ad altri siti web. Van den Hurk bedrijfswagensr non \u00e8 responsabile del contenuto di tali siti e\/o del modo in cui tali siti trattano i vostri dati (personali). Si prega di leggere l'informativa sulla privacy, la clausola di esclusione della responsabilit\u00e0, la nota sul copyright e i termini e le condizioni generali, se presenti, del sito visitato.<\/p>\n<\/div><\/section><\/div><div class='flex_column av-15huzct-f68654b50c5fdded53d9fa508f758587 av_two_fifth  avia-builder-el-3  el_after_av_three_fifth  avia-builder-el-last  flex_column_div'   ><style type=\"text\/css\" data-created_by=\"avia_inline_auto\" id=\"style-css-av-8yyj7st-e199307906049af1393da61d6d9b3e6f\">\n.avia-video.av-8yyj7st-e199307906049af1393da61d6d9b3e6f{\nbackground-image:url(https:\/\/www.vdhurk.nl\/wp-content\/uploads\/2023\/04\/Thumbnail-Over-Van-Den-Hurk-300x169.jpg);\n}\n<\/style>\n<div  class='avia-video av-8yyj7st-e199307906049af1393da61d6d9b3e6f avia-video-16-9 av-preview-image avia-video-load-always av-lazyload-immediate av-lazyload-video-embed'  itemprop=\"video\" itemtype=\"https:\/\/schema.org\/VideoObject\"  data-original_url='https:\/\/www.youtube.com\/watch?v=9fT_2naEIwI'><script type='text\/html' class='av-video-tmpl'><div class='avia-iframe-wrap'><iframe loading=\"lazy\" title=\"van den hurk promo\" width=\"1500\" height=\"844\" src=\"https:\/\/www.youtube.com\/embed\/9fT_2naEIwI?feature=oembed&autoplay=1&loop=0&controls=1&mute=1\" frameborder=\"0\" allow=\"accelerometer; autoplay; clipboard-write; encrypted-media; gyroscope; picture-in-picture; web-share\" allowfullscreen><\/iframe><\/div><\/script><div class='av-click-to-play-overlay'><div class=\"avia_playpause_icon\"><\/div><\/div><\/div><\/div>","protected":false},"excerpt":{"rendered":"","protected":false},"author":1,"featured_media":0,"parent":0,"menu_order":0,"comment_status":"closed","ping_status":"closed","template":"","meta":{"_acf_changed":false,"_improvement_type_select":"improve_an_existing","_thumb_yes_seoaic":false,"_frame_yes_seoaic":false,"seoaic_generate_description":"","seoaic_improve_instructions_prompt":"","seoaic_rollback_content_improvement":"","seoaic_idea_thumbnail_generator":"","thumbnail_generated":false,"thumbnail_generate_prompt":"","seoaic_article_description":"","footnotes":""},"class_list":["post-112189","page","type-page","status-publish","hentry"],"acf":[],"yoast_head":"<!-- This site is optimized with the Yoast SEO plugin v27.5 - https:\/\/yoast.com\/product\/yoast-seo-wordpress\/ -->\n<title>Disclaimer - Van den Hurk Bedrijfswagens<\/title>\n<meta name=\"robots\" content=\"index, follow, max-snippet:-1, max-image-preview:large, max-video-preview:-1\" \/>\n<link rel=\"canonical\" href=\"https:\/\/www.vdhurk.nl\/it\/disclaimer\/\" \/>\n<meta property=\"og:locale\" content=\"it_IT\" \/>\n<meta property=\"og:type\" content=\"article\" \/>\n<meta property=\"og:title\" content=\"Disclaimer - Van den Hurk Bedrijfswagens\" \/>\n<meta property=\"og:url\" content=\"https:\/\/www.vdhurk.nl\/it\/disclaimer\/\" \/>\n<meta property=\"og:site_name\" content=\"Van den Hurk Bedrijfswagens\" \/>\n<meta property=\"article:modified_time\" content=\"2023-04-26T10:55:39+00:00\" \/>\n<meta name=\"twitter:card\" content=\"summary_large_image\" \/>\n<meta name=\"twitter:label1\" content=\"Tempo di lettura stimato\" \/>\n\t<meta name=\"twitter:data1\" content=\"3 minuti\" \/>\n<script type=\"application\/ld+json\" class=\"yoast-schema-graph\">{\"@context\":\"https:\\\/\\\/schema.org\",\"@graph\":[{\"@type\":\"WebPage\",\"@id\":\"https:\\\/\\\/www.vdhurk.nl\\\/disclaimer\\\/\",\"url\":\"https:\\\/\\\/www.vdhurk.nl\\\/disclaimer\\\/\",\"name\":\"Disclaimer - Van den Hurk Bedrijfswagens\",\"isPartOf\":{\"@id\":\"https:\\\/\\\/www.vdhurk.nl\\\/#website\"},\"datePublished\":\"2023-02-15T10:20:41+00:00\",\"dateModified\":\"2023-04-26T10:55:39+00:00\",\"breadcrumb\":{\"@id\":\"https:\\\/\\\/www.vdhurk.nl\\\/disclaimer\\\/#breadcrumb\"},\"inLanguage\":\"it-IT\",\"potentialAction\":[{\"@type\":\"ReadAction\",\"target\":[\"https:\\\/\\\/www.vdhurk.nl\\\/disclaimer\\\/\"]}]},{\"@type\":\"BreadcrumbList\",\"@id\":\"https:\\\/\\\/www.vdhurk.nl\\\/disclaimer\\\/#breadcrumb\",\"itemListElement\":[{\"@type\":\"ListItem\",\"position\":1,\"name\":\"Home\",\"item\":\"https:\\\/\\\/www.vdhurk.nl\\\/home\\\/\"},{\"@type\":\"ListItem\",\"position\":2,\"name\":\"Disclaimer\"}]},{\"@type\":\"WebSite\",\"@id\":\"https:\\\/\\\/www.vdhurk.nl\\\/#website\",\"url\":\"https:\\\/\\\/www.vdhurk.nl\\\/\",\"name\":\"Van den Hurk Bedrijfswagens\",\"description\":\"Van den Hurk bedrijfswagens Helmond\",\"potentialAction\":[{\"@type\":\"SearchAction\",\"target\":{\"@type\":\"EntryPoint\",\"urlTemplate\":\"https:\\\/\\\/www.vdhurk.nl\\\/?s={search_term_string}\"},\"query-input\":{\"@type\":\"PropertyValueSpecification\",\"valueRequired\":true,\"valueName\":\"search_term_string\"}}],\"inLanguage\":\"it-IT\"}]}<\/script>\n<!-- \/ Yoast SEO plugin. -->","yoast_head_json":{"title":"Disclaimer - Van den Hurk Bedrijfswagens","robots":{"index":"index","follow":"follow","max-snippet":"max-snippet:-1","max-image-preview":"max-image-preview:large","max-video-preview":"max-video-preview:-1"},"canonical":"https:\/\/www.vdhurk.nl\/it\/disclaimer\/","og_locale":"it_IT","og_type":"article","og_title":"Disclaimer - Van den Hurk Bedrijfswagens","og_url":"https:\/\/www.vdhurk.nl\/it\/disclaimer\/","og_site_name":"Van den Hurk Bedrijfswagens","article_modified_time":"2023-04-26T10:55:39+00:00","twitter_card":"summary_large_image","twitter_misc":{"Tempo di lettura stimato":"3 minuti"},"schema":{"@context":"https:\/\/schema.org","@graph":[{"@type":"WebPage","@id":"https:\/\/www.vdhurk.nl\/disclaimer\/","url":"https:\/\/www.vdhurk.nl\/disclaimer\/","name":"Disclaimer - Van den Hurk Bedrijfswagens","isPartOf":{"@id":"https:\/\/www.vdhurk.nl\/#website"},"datePublished":"2023-02-15T10:20:41+00:00","dateModified":"2023-04-26T10:55:39+00:00","breadcrumb":{"@id":"https:\/\/www.vdhurk.nl\/disclaimer\/#breadcrumb"},"inLanguage":"it-IT","potentialAction":[{"@type":"ReadAction","target":["https:\/\/www.vdhurk.nl\/disclaimer\/"]}]},{"@type":"BreadcrumbList","@id":"https:\/\/www.vdhurk.nl\/disclaimer\/#breadcrumb","itemListElement":[{"@type":"ListItem","position":1,"name":"Home","item":"https:\/\/www.vdhurk.nl\/home\/"},{"@type":"ListItem","position":2,"name":"Disclaimer"}]},{"@type":"WebSite","@id":"https:\/\/www.vdhurk.nl\/#website","url":"https:\/\/www.vdhurk.nl\/","name":"Veicoli commerciali Van den Hurk","description":"Van den Hurk veicoli commerciali Helmond","potentialAction":[{"@type":"SearchAction","target":{"@type":"EntryPoint","urlTemplate":"https:\/\/www.vdhurk.nl\/?s={search_term_string}"},"query-input":{"@type":"PropertyValueSpecification","valueRequired":true,"valueName":"search_term_string"}}],"inLanguage":"it-IT"}]}},"_links":{"self":[{"href":"https:\/\/www.vdhurk.nl\/it\/wp-json\/wp\/v2\/pages\/112189","targetHints":{"allow":["GET"]}}],"collection":[{"href":"https:\/\/www.vdhurk.nl\/it\/wp-json\/wp\/v2\/pages"}],"about":[{"href":"https:\/\/www.vdhurk.nl\/it\/wp-json\/wp\/v2\/types\/page"}],"author":[{"embeddable":true,"href":"https:\/\/www.vdhurk.nl\/it\/wp-json\/wp\/v2\/users\/1"}],"replies":[{"embeddable":true,"href":"https:\/\/www.vdhurk.nl\/it\/wp-json\/wp\/v2\/comments?post=112189"}],"version-history":[{"count":3,"href":"https:\/\/www.vdhurk.nl\/it\/wp-json\/wp\/v2\/pages\/112189\/revisions"}],"predecessor-version":[{"id":162007,"href":"https:\/\/www.vdhurk.nl\/it\/wp-json\/wp\/v2\/pages\/112189\/revisions\/162007"}],"wp:attachment":[{"href":"https:\/\/www.vdhurk.nl\/it\/wp-json\/wp\/v2\/media?parent=112189"}],"curies":[{"name":"wp","href":"https:\/\/api.w.org\/{rel}","templated":true}]}}