{"id":50799,"date":"2022-08-16T09:58:23","date_gmt":"2022-08-16T09:58:23","guid":{"rendered":"https:\/\/vdhurk.bonsaidev.nl\/?page_id=50799"},"modified":"2023-04-26T08:49:28","modified_gmt":"2023-04-26T08:49:28","slug":"location-financement-2","status":"publish","type":"page","link":"https:\/\/www.vdhurk.nl\/fr\/camperbussen\/","title":{"rendered":"Camping-cars"},"content":{"rendered":"<style type=\"text\/css\" data-created_by=\"avia_inline_auto\" id=\"style-css-av-4nbej-61809ecf5e9bb21cc33f7ee31dcc49b2\">\n.avia-section.av-4nbej-61809ecf5e9bb21cc33f7ee31dcc49b2{\nbackground-repeat:no-repeat;\nbackground-image:url(https:\/\/www.vdhurk.nl\/wp-content\/uploads\/2022\/03\/Financial-lease.png);\nbackground-position:50% 50%;\nbackground-attachment:scroll;\n}\n<\/style>\n<div id='av_section_1'  class='avia-section av-4nbej-61809ecf5e9bb21cc33f7ee31dcc49b2 main_color avia-section-no-padding avia-no-border-styling  avia-builder-el-0  el_before_av_section  avia-builder-el-first  head-container av-small-hide av-mini-hide avia-full-stretch avia-bg-style-scroll av-minimum-height av-minimum-height-custom  container_wrap fullsize'  data-section-bg-repeat='stretch'><div class='container av-section-cont-open' style='height:380px'><main  role=\"main\" itemprop=\"mainContentOfPage\"  class='template-page content  av-content-full alpha units'><div class='post-entry post-entry-type-page post-entry-50799'><div class='entry-content-wrapper clearfix'>\n<div class='flex_column_table av-3w867-b337048c8ba0d44fb6c33f690166ec96 sc-av_two_fifth av-equal-height-column-flextable'>\n<style type=\"text\/css\" data-created_by=\"avia_inline_auto\" id=\"style-css-av-3w867-b337048c8ba0d44fb6c33f690166ec96\">\n.flex_column.av-3w867-b337048c8ba0d44fb6c33f690166ec96{\npadding:90px 90px 90px 90px;\nheight:380px;\nbackground-color:#e41c1c;\n}\n<\/style>\n<div class='flex_column av-3w867-b337048c8ba0d44fb6c33f690166ec96 av_two_fifth  avia-builder-el-1  el_before_av_three_fifth  avia-builder-el-first  banner-left first no_margin flex_column_table_cell av-equal-height-column av-align-top'   ><p><section  class='av_textblock_section av-34x5b-9dd3591d61f944ec73c7b1c571ae10ec'  itemscope=\"itemscope\" itemtype=\"https:\/\/schema.org\/CreativeWork\" ><div class='avia_textblock freestyle'  itemprop=\"text\" ><p>Du bus au camping-car<\/p>\n<\/div><\/section><br \/>\n\n<style type=\"text\/css\" data-created_by=\"avia_inline_auto\" id=\"style-css-av-2n713-c05679f3a08ebdf9db45d2a4071db28b\">\n#top .av_textblock_section.av-2n713-c05679f3a08ebdf9db45d2a4071db28b .avia_textblock{\ncolor:#ffffff;\n}\n<\/style>\n<section  class='av_textblock_section av-2n713-c05679f3a08ebdf9db45d2a4071db28b'  itemscope=\"itemscope\" itemtype=\"https:\/\/schema.org\/CreativeWork\" ><div class='avia_textblock av_inherit_color'  itemprop=\"text\" ><h1>Tout sur les autocaristes<\/h1>\n<\/div><\/section><br \/>\n\n<style type=\"text\/css\" data-created_by=\"avia_inline_auto\" id=\"style-css-av-28dp3-7fa4a9571da3bd8023e9d812fede9695\">\n#top .hr.hr-invisible.av-28dp3-7fa4a9571da3bd8023e9d812fede9695{\nheight:15px;\n}\n<\/style>\n<div  class='hr av-28dp3-7fa4a9571da3bd8023e9d812fede9695 hr-invisible  avia-builder-el-4  el_after_av_textblock  avia-builder-el-last'><span class='hr-inner'><span class=\"hr-inner-style\"><\/span><\/span><\/div><\/p><\/div><div class='flex_column av-sg6b-83d21c1385e2c3b6903c57e20ad0efc8 av_three_fifth  avia-builder-el-5  el_after_av_two_fifth  avia-builder-el-last  no_margin flex_column_table_cell av-equal-height-column av-align-top avia-full-stretch'   ><\/div><\/div><!--close column table wrapper. Autoclose: 1 -->\n\n<\/div><\/div><\/main><!-- close content main element --><\/div><\/div><div id='av_section_2'  class='avia-section av-3vpowjz-67d384d24ed4ebfcf66c46db46471679 main_color avia-section-default avia-no-border-styling  avia-builder-el-6  el_after_av_section  el_before_av_section  avia-bg-style-scroll container_wrap fullsize'  ><div class='container av-section-cont-open' ><div class='template-page content  av-content-full alpha units'><div class='post-entry post-entry-type-page post-entry-50799'><div class='entry-content-wrapper clearfix'>\n\n<style type=\"text\/css\" data-created_by=\"avia_inline_auto\" id=\"style-css-av-3es5bf3-bbab8d78b0b15b1ed445e37a3317bc59\">\n.flex_column.av-3es5bf3-bbab8d78b0b15b1ed445e37a3317bc59{\nwidth:18%;\n}\n<\/style>\n<div class='flex_column av-3es5bf3-bbab8d78b0b15b1ed445e37a3317bc59 av_one_fifth  avia-builder-el-7  el_before_av_three_fifth  avia-builder-el-first  first flex_column_div'   ><\/div>\n<style type=\"text\/css\" data-created_by=\"avia_inline_auto\" id=\"style-css-av-a6f8vj-76eef170d7dff51c49e1749a1a39f9c7\">\n.flex_column.av-a6f8vj-76eef170d7dff51c49e1749a1a39f9c7{\nwidth:59%;\nmargin-left:2.5%;\n}\n<\/style>\n<div class='flex_column av-a6f8vj-76eef170d7dff51c49e1749a1a39f9c7 av_three_fifth  avia-builder-el-8  el_after_av_one_fifth  el_before_av_one_fifth  flex_column_div'   ><section  class='av_textblock_section av-lgw01zel-aff5c8f2a41f87e36714912234c4d8fb'  itemscope=\"itemscope\" itemtype=\"https:\/\/schema.org\/CreativeWork\" ><div class='avia_textblock'  itemprop=\"text\" ><h2>AUTOCAMPEURS<\/h2>\n<p>Depuis des lustres, les camping-cars sont extr\u00eamement populaires, surtout ces derni\u00e8res ann\u00e9es. La demande de camping-cars de type bus est en hausse, car les prix des camping-cars (normaux) sont mont\u00e9s en fl\u00e8che et l'offre s'est r\u00e9duite.<\/p>\n<\/div><\/section><br \/>\n\n<style type=\"text\/css\" data-created_by=\"avia_inline_auto\" id=\"style-css-av-2oyndsf-d4341ca95e2c43241543660fcac041c6\">\n#top .hr.hr-invisible.av-2oyndsf-d4341ca95e2c43241543660fcac041c6{\nheight:20px;\n}\n<\/style>\n<div  class='hr av-2oyndsf-d4341ca95e2c43241543660fcac041c6 hr-invisible  avia-builder-el-10  el_after_av_textblock  el_before_av_video'><span class='hr-inner'><span class=\"hr-inner-style\"><\/span><\/span><\/div><br \/>\n\n<style type=\"text\/css\" data-created_by=\"avia_inline_auto\" id=\"style-css-av-lgw03cwy-dd6ed3870ffa1ff5648a1b53724bcd0b\">\n.avia-video.av-lgw03cwy-dd6ed3870ffa1ff5648a1b53724bcd0b{\nbackground-image:url(https:\/\/www.vdhurk.nl\/wp-content\/uploads\/2023\/04\/Thumbnail-Camperbus-300x188.png);\n}\n<\/style>\n<div  class='avia-video av-lgw03cwy-dd6ed3870ffa1ff5648a1b53724bcd0b avia-video-16-9 av-preview-image avia-video-load-always av-lazyload-immediate av-lazyload-video-embed'  itemprop=\"video\" itemtype=\"https:\/\/schema.org\/VideoObject\"  data-original_url='https:\/\/youtu.be\/uQTewV7nGZg'><script type='text\/html' class='av-video-tmpl'><div class='avia-iframe-wrap'><iframe loading=\"lazy\" title=\"Buscamper bouwen? Uitleg over enkele modellen en categorien.\" width=\"1500\" height=\"844\" src=\"https:\/\/www.youtube.com\/embed\/uQTewV7nGZg?feature=oembed&autoplay=1&loop=0&controls=1&mute=1\" frameborder=\"0\" allow=\"accelerometer; autoplay; clipboard-write; encrypted-media; gyroscope; picture-in-picture\" allowfullscreen><\/iframe><\/div><\/script><div class='av-click-to-play-overlay'><div class=\"avia_playpause_icon\"><\/div><\/div><\/div><br \/>\n\n<style type=\"text\/css\" data-created_by=\"avia_inline_auto\" id=\"style-css-av-1khvytr-34aad970eaece9efef8521ccd5158779\">\n#top .hr.hr-invisible.av-1khvytr-34aad970eaece9efef8521ccd5158779{\nheight:20px;\n}\n<\/style>\n<div  class='hr av-1khvytr-34aad970eaece9efef8521ccd5158779 hr-invisible  avia-builder-el-12  el_after_av_video  el_before_av_textblock'><span class='hr-inner'><span class=\"hr-inner-style\"><\/span><\/span><\/div><br \/>\n<section  class='av_textblock_section av-lgvzzgiw-2fcfc063989a751fe5d0972326f7a3ea'  itemscope=\"itemscope\" itemtype=\"https:\/\/schema.org\/CreativeWork\" ><div class='avia_textblock av_inherit_color'  itemprop=\"text\" ><h3>CE QUE VOUS FEREZ VOUS-M\u00caME ET CE QUE VOUS EXTERNALISEREZ ;<\/h3>\n<p>Construire soi-m\u00eame est un projet extr\u00eamement amusant qui permet \u00e0 la voiture avec laquelle vous allez cr\u00e9er ces moments sp\u00e9ciaux de se sentir vraiment \u00e0 vous. Ne prenez pas les choses \u00e0 la l\u00e9g\u00e8re : vous construisez en quelque sorte une petite maison, avec de nombreux d\u00e9fis \u00e0 relever, comme l'isolation, l'\u00e9lectricit\u00e9, l'int\u00e9rieur, l'agencement et bien d'autres choses encore. Le faites-vous bien ? La voiture conservera alors sa valeur, et l'accent est donc clairement mis sur un am\u00e9nagement ad\u00e9quat et l'utilisation des bons mat\u00e9riaux.<\/p>\n<p>Vous n'\u00eates pas tr\u00e8s bricoleur, mais vous voulez quand m\u00eame am\u00e9nager le v\u00e9hicule \u00e0 votre go\u00fbt ? Dans ce cas, vous trouverez dans le pays de nombreux constructeurs de camping-cars, dont beaucoup viennent du secteur de l'am\u00e9nagement int\u00e9rieur et ont le sens du d\u00e9tail. C'est avec eux que vous \u00e9tablirez le plan de l'am\u00e9nagement int\u00e9rieur et des go\u00fbts qui vous conviennent le mieux. Apr\u00e8s les premi\u00e8res discussions, on s'oriente souvent vers un mod\u00e8le de v\u00e9hicule utilitaire, de la plus petite camionnette au grand camion, comme base.<\/p>\n<h3>LES \u00c9L\u00c9MENTS \u00c0 PRENDRE EN COMPTE LORS DE L'ACHAT ;<\/h3>\n<p>Le budget est important, mais n'oubliez pas qu'une installation correcte ne sera certainement pas bon march\u00e9 non plus. Vous installez cet int\u00e9rieur dans une vieille voiture dont le compteur kilom\u00e9trique est \u00e9lev\u00e9 ? Dans ce cas, la valeur de revente diminuera rapidement et les futures reprises ou ventes seront souvent beaucoup plus difficiles (et oui, une fois que vous aurez pris le coup de main, un nouveau projet vous viendra rapidement \u00e0 l'esprit). Plus important encore, votre sentiment \u00e0 l'\u00e9gard de la fiabilit\u00e9 de votre voiture doit rester \u00e9lev\u00e9, car apr\u00e8s tout, il s'agit des jours o\u00f9 vous devriez profiter de voyages bien m\u00e9rit\u00e9s et ne pas avoir \u00e0 faire face au garage local pour r\u00e9parer les pannes.<\/p>\n<h3>DE QUEL FORMAT AVEZ-VOUS BESOIN ?<\/h3>\n<p>Les vrais \"irr\u00e9ductibles\" peuvent d\u00e9j\u00e0 se d\u00e9brouiller avec un Ford Transit Connect (oui, s\u00e9rieusement). Ici, vous avez juste assez de place pour vous allonger apr\u00e8s les modifications n\u00e9cessaires et vous pouvez sortir une kitchenette sous votre couchette pour cuisiner \u00e0 l'ext\u00e9rieur de la voiture.<\/p>\n<p>Nombreux sont ceux qui trouvent ce format trop petit et, bien entendu, il n'est pas envisageable de disposer de plus de deux couchettes. L'\u00e9tape suivante est le format bien connu des Volkswagen California, Mercedes Marco Polo et Ford Transit Nugget, spacieux pour 2 personnes mais avec un toit sur\u00e9lev\u00e9 et des installations de couchage, il est d\u00e9j\u00e0 possible de camper avec 4 personnes dans la voiture. Nous vous recommandons de tester ce dernier \u00e0 l'avance avec une voiture de location. Lorsque tout le monde est install\u00e9 pour la nuit, c'est confortable, mais la conversion quotidienne du jour \u00e0 la nuit et vice versa peut \u00eatre assez difficile.<\/p>\n<p>Boxer\/ Jumper\/ Ducato, ce sont des mod\u00e8les qui ont obtenu un grand succ\u00e8s aupr\u00e8s du public des camping-cars d\u00e8s leur introduction, ils ont de la largeur ! Ce sont les seuls mod\u00e8les dans lesquels il est possible de dormir en largeur (sans modifier la carrosserie), jusqu'\u00e0 1,96 ! Cela facilite grandement les possibilit\u00e9s d'am\u00e9nagement, et une table avec banquette derri\u00e8re les si\u00e8ges avant est facile \u00e0 r\u00e9aliser.<\/p>\n<p>Avec les grands camping-cars, la transmission devient un \u00e9l\u00e9ment important, car lorsque vous regardez les versions plus longues de la gamme Ducato\/ Boxer\/ Jumper\/ Master\/ Movano, vous voyez souvent qu'il s'agit de v\u00e9hicules \u00e0 traction avant, ce qui est bien parce que vous gardez une marche basse, mais le cercle de braquage (pensez \u00e0 ces jolis endroits pittoresques) devient beaucoup plus large \u00e0 cause de cela.<\/p>\n<p>Parmi les mod\u00e8les plus grands, vous pouvez \u00e9galement envisager les mod\u00e8les Transit\/Crafter (2006-2018)\/Sprinter. Ces v\u00e9hicules sont davantage con\u00e7us pour des travaux plus lourds et disposent d'un ch\u00e2ssis diff\u00e9rent avec des roues arri\u00e8re motrices (l'essai est exp\u00e9riment\u00e9).<\/p>\n<p>Voir imm\u00e9diatement ce que nous avons \u00e0 offrir ?<\/p>\n<\/div><\/section><br \/>\n\n<style type=\"text\/css\" data-created_by=\"avia_inline_auto\" id=\"style-css-av-1jjtz0v-f401d03f006f67527f6988fa6a7725ec\">\n#top .hr.hr-invisible.av-1jjtz0v-f401d03f006f67527f6988fa6a7725ec{\nheight:20px;\n}\n<\/style>\n<div  class='hr av-1jjtz0v-f401d03f006f67527f6988fa6a7725ec hr-invisible  avia-builder-el-14  el_after_av_textblock  el_before_av_button'><span class='hr-inner'><span class=\"hr-inner-style\"><\/span><\/span><\/div><br \/>\n<div  class='avia-button-wrap avia-button-left  avia-builder-el-15  el_after_av_hr  el_before_av_image' ><a href='https:\/\/www.vdhurk.nl\/fr\/vehicules-commerciaux\/'  class='avia-button av-lgw1xrd9-5d4f76edbf6f127f7c57779fb6848f37 avia-icon_select-no avia-size-medium avia-position-left avia-color-theme-color-highlight' ><span class='avia_iconbox_title' >Voir notre stock<\/span><\/a><\/div><br \/>\n\n<style type=\"text\/css\" data-created_by=\"avia_inline_auto\" id=\"style-css-av-lgw1p6k3-95a6301aad5cfaa19d8f357b1d34796d\">\n.avia-image-container.av-lgw1p6k3-95a6301aad5cfaa19d8f357b1d34796d .av-image-caption-overlay-center{\ncolor:#ffffff;\n}\n<\/style>\n<div  class='avia-image-container av-lgw1p6k3-95a6301aad5cfaa19d8f357b1d34796d av-styling- avia-align-center  avia-builder-el-16  el_after_av_button  el_before_av_hr'  itemprop=\"image\" itemscope=\"itemscope\" itemtype=\"https:\/\/schema.org\/ImageObject\" ><div class=\"avia-image-container-inner\"><div class=\"avia-image-overlay-wrap\"><img decoding=\"async\" class='wp-image- avia-img-lazy-loading-not- avia_image' src=\"https:\/\/www.vdhurk.nl\/wp-content\/uploads\/autobedrijfvoertuigen\/voertuig\/32.694.942\/11844392683-32694942-5-300x225.jpg\" alt='' title=''   itemprop=\"thumbnailUrl\"  \/><\/div><\/div><\/div><br \/>\n\n<style type=\"text\/css\" data-created_by=\"avia_inline_auto\" id=\"style-css-av-12nptqn-d9921720a02dce648b729235df61d7a1\">\n#top .hr.hr-invisible.av-12nptqn-d9921720a02dce648b729235df61d7a1{\nheight:20px;\n}\n<\/style>\n<div  class='hr av-12nptqn-d9921720a02dce648b729235df61d7a1 hr-invisible  avia-builder-el-17  el_after_av_image  el_before_av_textblock'><span class='hr-inner'><span class=\"hr-inner-style\"><\/span><\/span><\/div><br \/>\n<section  class='av_textblock_section av-lgw1mclq-d7d10076c919bf8c2048026583a28a76'  itemscope=\"itemscope\" itemtype=\"https:\/\/schema.org\/CreativeWork\" ><div class='avia_textblock av_inherit_color'  itemprop=\"text\" ><h3>QUE POUVONS-NOUS FAIRE POUR VOUS ?<\/h3>\n<p>Nous aimons partager l'enthousiasme de nos clients et nous essayons de les conseiller au mieux, mais il suffit de regarder, de monter \u00e0 bord et de conduire les mod\u00e8les pour se faire une bonne id\u00e9e. Normalement, avec notre stock de +\/- 400 voitures, nous avons plusieurs variantes en stock.<\/p>\n<p>Nous pouvons vous aider jusqu'au moment de la construction dans des domaines tels que la pr\u00e9paration technique de la voiture, le changement de garantie jusqu'\u00e0 ce que la voiture ait \u00e9t\u00e9 transform\u00e9e. Nous pouvons d\u00e9j\u00e0 \u00e9quiper la voiture de barres lat\u00e9rales\/de pouss\u00e9e protectrices, de belles jantes, de cam\u00e9ras de stationnement, d'un r\u00e9gulateur de vitesse, d'un si\u00e8ge de luxe au lieu de la banquette du passager, mais aussi de fen\u00eatres, ce qui est souvent fait \u00e0 l'achat.<\/p>\n<h3>BPM, COMMENT \u00c7A MARCHE ?<\/h3>\n<p>Une erreur fr\u00e9quente est que les gens ne r\u00e9alisent pas que le BPM doit \u00eatre pay\u00e9, et de nombreux garages jouent commod\u00e9ment sur ce point en d\u00e9clarant que ce n'est pas le cas tant que la voiture de soci\u00e9t\u00e9 a plus de 5 ans. C'EST UNE ERREUR ! En tant que particulier, vous ne devez pas payer le MPE lorsque vous achetez une voiture de soci\u00e9t\u00e9 en service depuis 60 mois, mais lorsque vous pr\u00e9sentez la voiture au RDW, le num\u00e9ro d'immatriculation passe du gris au jaune et le MPE r\u00e9siduel est donc \u00e9galement d'application. Il est bon de le savoir \u00e0 l'avance et d'en tenir compte lors de l'\u00e9tablissement du budget. Vous vous demandez \u00e0 combien s'\u00e9l\u00e8ve le MPB ? Nous pouvons le v\u00e9rifier pour chaque v\u00e9hicule.<\/p>\n<p>Quand peut-on acheter des BPM gratuits ? Il y a une exception que beaucoup de gens ignorent, car nous faisons de la publicit\u00e9 pour des autobus de tourisme avec le reste du BPM ou m\u00eame gratuitement (remarque : beaucoup d'annonces d'autobus de tourisme chez nos concurrents sont des annonces nettes qui visent l'exportation, donc le BPM est quand m\u00eame ajout\u00e9 ici).<\/p>\n<p>Un autre avantage de ces bus de passagers est qu'ils sont d\u00e9j\u00e0 \u00e9quip\u00e9s de fen\u00eatres sur tout le pourtour, de parois lat\u00e9rales soign\u00e9es, de garnitures de toit et de si\u00e8ges d\u00e9j\u00e0 homologu\u00e9s, une cat\u00e9gorie qui est souvent n\u00e9glig\u00e9e.<\/p>\n<\/div><\/section><br \/>\n\n<style type=\"text\/css\" data-created_by=\"avia_inline_auto\" id=\"style-css-av-10x30wf-cc6852f741b949cd00ad7a58f4122ae9\">\n#top .hr.hr-invisible.av-10x30wf-cc6852f741b949cd00ad7a58f4122ae9{\nheight:20px;\n}\n<\/style>\n<div  class='hr av-10x30wf-cc6852f741b949cd00ad7a58f4122ae9 hr-invisible  avia-builder-el-19  el_after_av_textblock  avia-builder-el-last'><span class='hr-inner'><span class=\"hr-inner-style\"><\/span><\/span><\/div><\/p><\/div>\n<style type=\"text\/css\" data-created_by=\"avia_inline_auto\" id=\"style-css-av-rmnuen-17f9f303c492b8db0abe2b0dcb02ff5d\">\n.flex_column.av-rmnuen-17f9f303c492b8db0abe2b0dcb02ff5d{\nwidth:18%;\nmargin-left:2.5%;\n}\n<\/style>\n<div class='flex_column av-rmnuen-17f9f303c492b8db0abe2b0dcb02ff5d av_one_fifth  avia-builder-el-20  el_after_av_three_fifth  avia-builder-el-last  flex_column_div'   ><\/div><\/div><\/div><\/div><!-- close content main div --><\/div><\/div>\n<style type=\"text\/css\" data-created_by=\"avia_inline_auto\" id=\"style-css-av-l0nx5vch-61a276b5a8af02c9d25c6ca672a66eca\">\n.avia-section.av-l0nx5vch-61a276b5a8af02c9d25c6ca672a66eca{\nbackground-repeat:no-repeat;\nbackground-image:url(https:\/\/www.vdhurk.nl\/wp-content\/uploads\/2022\/03\/lease-calculator.png);\nbackground-position:50% 50%;\nbackground-attachment:scroll;\n}\n<\/style>\n<div id='lease-calculator'  class='avia-section av-l0nx5vch-61a276b5a8af02c9d25c6ca672a66eca main_color avia-section-large avia-no-border-styling  avia-builder-el-21  el_after_av_section  avia-builder-el-last  avia-full-stretch avia-bg-style-scroll container_wrap fullsize'  data-section-bg-repeat='stretch'><div class='container av-section-cont-open' ><div class='template-page content  av-content-full alpha units'><div class='post-entry post-entry-type-page post-entry-50799'><div class='entry-content-wrapper clearfix'><\/p>","protected":false},"excerpt":{"rendered":"","protected":false},"author":2,"featured_media":0,"parent":0,"menu_order":0,"comment_status":"closed","ping_status":"closed","template":"","meta":{"_acf_changed":false,"_improvement_type_select":"improve_an_existing","_thumb_yes_seoaic":false,"_frame_yes_seoaic":false,"seoaic_generate_description":"","seoaic_improve_instructions_prompt":"","seoaic_rollback_content_improvement":"","seoaic_idea_thumbnail_generator":"","thumbnail_generated":false,"thumbnail_generate_prompt":"","seoaic_article_description":"","footnotes":""},"class_list":["post-50799","page","type-page","status-publish","hentry"],"acf":[],"yoast_head":"<!-- This site is optimized with the Yoast SEO plugin v27.5 - https:\/\/yoast.com\/product\/yoast-seo-wordpress\/ -->\n<title>Camperbussen - Van den Hurk Bedrijfswagens<\/title>\n<meta name=\"robots\" content=\"index, follow, max-snippet:-1, max-image-preview:large, max-video-preview:-1\" \/>\n<link rel=\"canonical\" href=\"https:\/\/www.vdhurk.nl\/fr\/location-financement-2\/\" \/>\n<meta property=\"og:locale\" content=\"fr_FR\" \/>\n<meta property=\"og:type\" content=\"article\" \/>\n<meta property=\"og:title\" content=\"Camperbussen - Van den Hurk Bedrijfswagens\" \/>\n<meta property=\"og:url\" content=\"https:\/\/www.vdhurk.nl\/fr\/location-financement-2\/\" \/>\n<meta property=\"og:site_name\" content=\"Van den Hurk Bedrijfswagens\" \/>\n<meta property=\"article:modified_time\" content=\"2023-04-26T08:49:28+00:00\" \/>\n<meta name=\"twitter:card\" content=\"summary_large_image\" \/>\n<meta name=\"twitter:label1\" content=\"Dur\u00e9e de lecture estim\u00e9e\" \/>\n\t<meta name=\"twitter:data1\" content=\"9 minutes\" \/>\n<script type=\"application\/ld+json\" class=\"yoast-schema-graph\">{\"@context\":\"https:\\\/\\\/schema.org\",\"@graph\":[{\"@type\":\"WebPage\",\"@id\":\"https:\\\/\\\/www.vdhurk.nl\\\/camperbussen\\\/\",\"url\":\"https:\\\/\\\/www.vdhurk.nl\\\/camperbussen\\\/\",\"name\":\"Camperbussen - Van den Hurk Bedrijfswagens\",\"isPartOf\":{\"@id\":\"https:\\\/\\\/www.vdhurk.nl\\\/#website\"},\"datePublished\":\"2022-08-16T09:58:23+00:00\",\"dateModified\":\"2023-04-26T08:49:28+00:00\",\"breadcrumb\":{\"@id\":\"https:\\\/\\\/www.vdhurk.nl\\\/camperbussen\\\/#breadcrumb\"},\"inLanguage\":\"fr-FR\",\"potentialAction\":[{\"@type\":\"ReadAction\",\"target\":[\"https:\\\/\\\/www.vdhurk.nl\\\/camperbussen\\\/\"]}]},{\"@type\":\"BreadcrumbList\",\"@id\":\"https:\\\/\\\/www.vdhurk.nl\\\/camperbussen\\\/#breadcrumb\",\"itemListElement\":[{\"@type\":\"ListItem\",\"position\":1,\"name\":\"Home\",\"item\":\"https:\\\/\\\/www.vdhurk.nl\\\/home\\\/\"},{\"@type\":\"ListItem\",\"position\":2,\"name\":\"Camperbussen\"}]},{\"@type\":\"WebSite\",\"@id\":\"https:\\\/\\\/www.vdhurk.nl\\\/#website\",\"url\":\"https:\\\/\\\/www.vdhurk.nl\\\/\",\"name\":\"Van den Hurk Bedrijfswagens\",\"description\":\"Van den Hurk bedrijfswagens Helmond\",\"potentialAction\":[{\"@type\":\"SearchAction\",\"target\":{\"@type\":\"EntryPoint\",\"urlTemplate\":\"https:\\\/\\\/www.vdhurk.nl\\\/?s={search_term_string}\"},\"query-input\":{\"@type\":\"PropertyValueSpecification\",\"valueRequired\":true,\"valueName\":\"search_term_string\"}}],\"inLanguage\":\"fr-FR\"}]}<\/script>\n<!-- \/ Yoast SEO plugin. -->","yoast_head_json":{"title":"Autocaravanes - Van den Hurk Bedrijfswagens","robots":{"index":"index","follow":"follow","max-snippet":"max-snippet:-1","max-image-preview":"max-image-preview:large","max-video-preview":"max-video-preview:-1"},"canonical":"https:\/\/www.vdhurk.nl\/fr\/location-financement-2\/","og_locale":"fr_FR","og_type":"article","og_title":"Camperbussen - Van den Hurk Bedrijfswagens","og_url":"https:\/\/www.vdhurk.nl\/fr\/location-financement-2\/","og_site_name":"Van den Hurk Bedrijfswagens","article_modified_time":"2023-04-26T08:49:28+00:00","twitter_card":"summary_large_image","twitter_misc":{"Dur\u00e9e de lecture estim\u00e9e":"9 minutes"},"schema":{"@context":"https:\/\/schema.org","@graph":[{"@type":"WebPage","@id":"https:\/\/www.vdhurk.nl\/camperbussen\/","url":"https:\/\/www.vdhurk.nl\/camperbussen\/","name":"Autocaravanes - Van den Hurk Bedrijfswagens","isPartOf":{"@id":"https:\/\/www.vdhurk.nl\/#website"},"datePublished":"2022-08-16T09:58:23+00:00","dateModified":"2023-04-26T08:49:28+00:00","breadcrumb":{"@id":"https:\/\/www.vdhurk.nl\/camperbussen\/#breadcrumb"},"inLanguage":"fr-FR","potentialAction":[{"@type":"ReadAction","target":["https:\/\/www.vdhurk.nl\/camperbussen\/"]}]},{"@type":"BreadcrumbList","@id":"https:\/\/www.vdhurk.nl\/camperbussen\/#breadcrumb","itemListElement":[{"@type":"ListItem","position":1,"name":"Home","item":"https:\/\/www.vdhurk.nl\/home\/"},{"@type":"ListItem","position":2,"name":"Camperbussen"}]},{"@type":"WebSite","@id":"https:\/\/www.vdhurk.nl\/#website","url":"https:\/\/www.vdhurk.nl\/","name":"V\u00e9hicules utilitaires Van den Hurk","description":"V\u00e9hicules utilitaires Van den Hurk Helmond","potentialAction":[{"@type":"SearchAction","target":{"@type":"EntryPoint","urlTemplate":"https:\/\/www.vdhurk.nl\/?s={search_term_string}"},"query-input":{"@type":"PropertyValueSpecification","valueRequired":true,"valueName":"search_term_string"}}],"inLanguage":"fr-FR"}]}},"_links":{"self":[{"href":"https:\/\/www.vdhurk.nl\/fr\/wp-json\/wp\/v2\/pages\/50799","targetHints":{"allow":["GET"]}}],"collection":[{"href":"https:\/\/www.vdhurk.nl\/fr\/wp-json\/wp\/v2\/pages"}],"about":[{"href":"https:\/\/www.vdhurk.nl\/fr\/wp-json\/wp\/v2\/types\/page"}],"author":[{"embeddable":true,"href":"https:\/\/www.vdhurk.nl\/fr\/wp-json\/wp\/v2\/users\/2"}],"replies":[{"embeddable":true,"href":"https:\/\/www.vdhurk.nl\/fr\/wp-json\/wp\/v2\/comments?post=50799"}],"version-history":[{"count":21,"href":"https:\/\/www.vdhurk.nl\/fr\/wp-json\/wp\/v2\/pages\/50799\/revisions"}],"predecessor-version":[{"id":189944,"href":"https:\/\/www.vdhurk.nl\/fr\/wp-json\/wp\/v2\/pages\/50799\/revisions\/189944"}],"wp:attachment":[{"href":"https:\/\/www.vdhurk.nl\/fr\/wp-json\/wp\/v2\/media?parent=50799"}],"curies":[{"name":"wp","href":"https:\/\/api.w.org\/{rel}","templated":true}]}}