{"id":488091,"date":"2025-04-29T14:49:11","date_gmt":"2025-04-29T12:49:11","guid":{"rendered":"https:\/\/www.vdhurk.nl\/?page_id=488091"},"modified":"2025-04-29T14:52:15","modified_gmt":"2025-04-29T12:52:15","slug":"machine","status":"publish","type":"page","link":"https:\/\/www.vdhurk.nl\/fr\/iveco-bedrijfswagens\/daily\/automaat\/","title":{"rendered":"Iveco Daily automatique"},"content":{"rendered":"<section  class='av_textblock_section av-lu8gnh7d-4ac895489941e586c1d7c8cb72318135'  itemscope=\"itemscope\" itemtype=\"https:\/\/schema.org\/CreativeWork\" ><div class='avia_textblock'  itemprop=\"text\" ><h1>Choisirez-vous un Iveco Daily automatique ?<\/h1>\n<p>Vous ne voulez pas changer de vitesse et pr\u00e9f\u00e9rez profiter de la commodit\u00e9 d'une transmission automatique ? L'Iveco Daily automatique est alors un excellent choix. Ce v\u00e9hicule utilitaire a gagn\u00e9 en popularit\u00e9 ces derni\u00e8res ann\u00e9es gr\u00e2ce \u00e0 sa polyvalence et \u00e0 sa facilit\u00e9 d'utilisation. Vous vous demandez si l'Iveco Daily convient \u00e0 votre entreprise ? Lisez la suite et d\u00e9couvrez-le par vous-m\u00eame !<\/p>\n<\/div><\/section>\n\n<style type=\"text\/css\" data-created_by=\"avia_inline_auto\" id=\"style-css-av-lujjddpd-afa3d7a9eabd61123e643ed1228e781e\">\n#top .hr.hr-invisible.av-lujjddpd-afa3d7a9eabd61123e643ed1228e781e{\nheight:50px;\n}\n<\/style>\n<div  class='hr av-lujjddpd-afa3d7a9eabd61123e643ed1228e781e hr-invisible  avia-builder-el-1  el_after_av_textblock  el_before_av_codeblock'><span class='hr-inner'><span class=\"hr-inner-style\"><\/span><\/span><\/div>\n\n\n<style type=\"text\/css\" data-created_by=\"avia_inline_auto\" id=\"style-css-av-ah0xd-63338d9dc6b40410e22a712829c369d6\">\n#top .hr.hr-invisible.av-ah0xd-63338d9dc6b40410e22a712829c369d6{\nheight:50px;\n}\n<\/style>\n<div  class='hr av-ah0xd-63338d9dc6b40410e22a712829c369d6 hr-invisible  avia-builder-el-3  el_after_av_codeblock  el_before_av_textblock'><span class='hr-inner'><span class=\"hr-inner-style\"><\/span><\/span><\/div>\n<section  class='av_textblock_section av-lu8gow1e-300853e458ed741bd87d6cb78e55cc7a'  itemscope=\"itemscope\" itemtype=\"https:\/\/schema.org\/CreativeWork\" ><div class='avia_textblock'  itemprop=\"text\" ><h2>Une voiture automatique : quels sont les avantages ?<\/h2>\n<p>De plus en plus d'entreprises optent pour une transmission automatique, et ce n'est pas sans raison. Une transmission automatique offre plusieurs avantages par rapport aux fourgons manuels. Par exemple, vous b\u00e9n\u00e9ficiez d'un confort de conduite et d'une commodit\u00e9 accrus, car il n'est plus n\u00e9cessaire de changer de vitesse. C'est particuli\u00e8rement utile dans les situations de trafic intense, comme les embouteillages. En outre, vous pouvez vous concentrer pleinement sur la route, tandis que la voiture roule en douceur et ne peut pas caler, comme c'est le cas avec une bo\u00eete de vitesses manuelle. Avec tous ces avantages, l'Iveco Daily est un choix intelligent et fiable pour votre entreprise.<\/p>\n<\/div><\/section>\n<div class='flex_column av-f64w1-da126f42b61613402309283c14245a25 av_one_half  avia-builder-el-5  el_after_av_textblock  el_before_av_one_third  first flex_column_div column-top-margin'   ><section  class='av_textblock_section av-lu8gpqre-73cc2c17e6a6497ba6e1b58af22bd9e8'  itemscope=\"itemscope\" itemtype=\"https:\/\/schema.org\/CreativeWork\" ><div class='avia_textblock'  itemprop=\"text\" ><h2>Qu'est-ce qui fait de l'Iveco Daily un bon v\u00e9hicule utilitaire ?<\/h2>\n<p>L'Iveco Daily est connu comme un v\u00e9hicule utilitaire puissant et polyvalent qui r\u00e9pond parfaitement aux besoins des entrepreneurs. Gr\u00e2ce \u00e0 ses moteurs puissants et \u00e0 sa grande capacit\u00e9 de chargement, ce mod\u00e8le est id\u00e9al pour les charges l\u00e9g\u00e8res et lourdes. Que vous parcouriez souvent de longues distances ou que vous rouliez principalement en ville, ce v\u00e9hicule utilitaire a toujours une version adapt\u00e9e. En outre, le v\u00e9hicule est disponible en diff\u00e9rentes ann\u00e9es de construction, kilom\u00e9trages et couleurs, de sorte que vous trouverez toujours un mod\u00e8le qui convient parfaitement \u00e0 votre entreprise.<\/p>\n<\/div><\/section><\/div>\n<div class='flex_column av-aldk9-ee694297f5c4032981677a02caab84d6 av_one_third  avia-builder-el-7  el_after_av_one_half  el_before_av_hr  flex_column_div column-top-margin'   ><style type=\"text\/css\" data-created_by=\"avia_inline_auto\" id=\"style-css-av-l1w9kpsf-4ec3fab772ec7a9adaa33cfc64ff0475\">\n.avia-image-container.av-l1w9kpsf-4ec3fab772ec7a9adaa33cfc64ff0475 .av-image-caption-overlay-center{\ncolor:#ffffff;\n}\n<\/style>\n<div  class='avia-image-container av-l1w9kpsf-4ec3fab772ec7a9adaa33cfc64ff0475 av-styling- avia-align-center  avia-builder-el-8  avia-builder-el-no-sibling'  itemprop=\"image\" itemscope=\"itemscope\" itemtype=\"https:\/\/schema.org\/ImageObject\" ><div class=\"avia-image-container-inner\"><div class=\"avia-image-overlay-wrap\"><img decoding=\"async\" class='wp-image-187 avia-img-lazy-loading-not-187 avia_image' src=\"https:\/\/www.vdhurk.nl\/wp-content\/uploads\/2022\/03\/Voorrad.png\" alt='' title='Stock'  height=\"758\" width=\"1135\"  itemprop=\"thumbnailUrl\" srcset=\"https:\/\/www.vdhurk.nl\/wp-content\/uploads\/2022\/03\/Voorrad.png 1135w, https:\/\/www.vdhurk.nl\/wp-content\/uploads\/2022\/03\/Voorrad-300x200.png 300w, https:\/\/www.vdhurk.nl\/wp-content\/uploads\/2022\/03\/Voorrad-1030x688.png 1030w, https:\/\/www.vdhurk.nl\/wp-content\/uploads\/2022\/03\/Voorrad-768x513.png 768w, https:\/\/www.vdhurk.nl\/wp-content\/uploads\/2022\/03\/Voorrad-18x12.png 18w, https:\/\/www.vdhurk.nl\/wp-content\/uploads\/2022\/03\/Voorrad-705x471.png 705w\" sizes=\"(max-width: 1135px) 100vw, 1135px\" \/><\/div><\/div><\/div><\/div>\n\n<style type=\"text\/css\" data-created_by=\"avia_inline_auto\" id=\"style-css-av-luqrjpjc-5a23a1fb5f94718ca85316a9df963e2f\">\n#top .hr.hr-invisible.av-luqrjpjc-5a23a1fb5f94718ca85316a9df963e2f{\nheight:50px;\n}\n<\/style>\n<div  class='hr av-luqrjpjc-5a23a1fb5f94718ca85316a9df963e2f hr-invisible  avia-builder-el-9  el_after_av_one_third  el_before_av_textblock'><span class='hr-inner'><span class=\"hr-inner-style\"><\/span><\/span><\/div>\n<section  class='av_textblock_section av-lu8gtjw7-4f3cee9304909518d86d2860d9d582dd'  itemscope=\"itemscope\" itemtype=\"https:\/\/schema.org\/CreativeWork\" ><div class='avia_textblock'  itemprop=\"text\" ><h2>Quel est le co\u00fbt d'un v\u00e9hicule utilitaire Iveco Daily ?<\/h2>\n<p>Le prix d'un Iveco Daily automatique d\u00e9pend de plusieurs facteurs, tels que la version, l'ann\u00e9e de fabrication et le kilom\u00e9trage. Voulez-vous une version standard ou souhaitez-vous un peu plus de luxe ? Quoi qu'il en soit, il y a toujours une variante qui correspond \u00e0 votre budget et \u00e0 vos souhaits. Vous voulez savoir quelles sont les possibilit\u00e9s qui s'offrent \u00e0 vous dans le cadre du budget dont vous disposez ? N'h\u00e9sitez pas \u00e0 nous contacter, nous nous ferons un plaisir de vous aider \u00e0 trouver la voiture de soci\u00e9t\u00e9 id\u00e9ale.<\/p>\n<h2>Achat ou location<\/h2>\n<p>Chez Van den Hurk, vous avez plusieurs possibilit\u00e9s de financement pour votre v\u00e9hicule utilitaire. Vous souhaitez acheter l'Iveco Daily imm\u00e9diatement et payer en une seule fois ? Ou pr\u00e9f\u00e9rez-vous <a href=\"https:\/\/www.vdhurk.nl\/fr\/location-financiere\/\">location financi\u00e8re<\/a>o\u00f9 vous payez un montant mensuel fixe et devenez finalement propri\u00e9taire du v\u00e9hicule ? Avec cette forme de location, vous b\u00e9n\u00e9ficiez des avantages de l'\u00e9chelonnement des paiements, tandis que la voiture de soci\u00e9t\u00e9 vous appartient enti\u00e8rement \u00e0 la fin de la p\u00e9riode de location. Vous ne savez pas quelle est la meilleure option ? Nous nous ferons un plaisir de vous conseiller et de vous aider \u00e0 faire le bon choix.<\/p>\n<h2>Tenir \u00e0 jour les offres actuelles<\/h2>\n<p>Vous \u00eates convaincu que l'Iveco Daily automatic est le v\u00e9hicule utilitaire id\u00e9al pour vous ? Ou avez-vous besoin d'informations suppl\u00e9mentaires pour faire le bon choix ? Si vous avez des questions ou si vous avez besoin de plus d'informations, nous nous ferons un plaisir de vous aider. Contactez-nous ou consultez notre offre actuelle. Vous n'avez pas encore trouv\u00e9 ce que vous cherchiez ? Inscrivez-vous \u00e0 notre <a href=\"https:\/\/www.vdhurk.nl\/fr\/alerte-boursiere\/\">alerte boursi\u00e8re<\/a> Et restez \u00e0 l'\u00e9coute pour conna\u00eetre les derniers arrivages !<\/p>\n<\/div><\/section>\n<div class='flex_column av-81no9hv-44a80e93f621b2a9d4a87d97cff509c3 av_one_full  avia-builder-el-11  el_after_av_textblock  avia-builder-el-last  first flex_column_div column-top-margin'   ><\/div>","protected":false},"excerpt":{"rendered":"","protected":false},"author":3,"featured_media":0,"parent":409579,"menu_order":0,"comment_status":"closed","ping_status":"closed","template":"","meta":{"_acf_changed":false,"_improvement_type_select":"improve_an_existing","_thumb_yes_seoaic":false,"_frame_yes_seoaic":false,"seoaic_generate_description":"","seoaic_improve_instructions_prompt":"","seoaic_rollback_content_improvement":"","seoaic_idea_thumbnail_generator":"","thumbnail_generated":false,"thumbnail_generate_prompt":"","seoaic_article_description":"","footnotes":""},"class_list":["post-488091","page","type-page","status-publish","hentry"],"acf":[],"yoast_head":"<!-- This site is optimized with the Yoast SEO plugin v27.5 - https:\/\/yoast.com\/product\/yoast-seo-wordpress\/ -->\n<title>Kies je voor een Iveco Daily automaat?<\/title>\n<meta name=\"description\" content=\"Niet langer schakelen? Dan is de Iveco Daily automaat zeker het overwegen waard. Ontdek de verschillende specificaties, uitvoeringen en de vele voordelen.\" \/>\n<meta name=\"robots\" content=\"index, follow, max-snippet:-1, max-image-preview:large, max-video-preview:-1\" \/>\n<link rel=\"canonical\" href=\"https:\/\/www.vdhurk.nl\/fr\/iveco-commercial-vehicles\/mercedes-8\/machine\/\" \/>\n<meta property=\"og:locale\" content=\"fr_FR\" \/>\n<meta property=\"og:type\" content=\"article\" \/>\n<meta property=\"og:title\" content=\"Kies je voor een Iveco Daily automaat?\" \/>\n<meta property=\"og:description\" content=\"Niet langer schakelen? Dan is de Iveco Daily automaat zeker het overwegen waard. Ontdek de verschillende specificaties, uitvoeringen en de vele voordelen.\" \/>\n<meta property=\"og:url\" content=\"https:\/\/www.vdhurk.nl\/fr\/iveco-commercial-vehicles\/mercedes-8\/machine\/\" \/>\n<meta property=\"og:site_name\" content=\"Van den Hurk Bedrijfswagens\" \/>\n<meta property=\"article:modified_time\" content=\"2025-04-29T12:52:15+00:00\" \/>\n<meta name=\"twitter:card\" content=\"summary_large_image\" \/>\n<meta name=\"twitter:label1\" content=\"Dur\u00e9e de lecture estim\u00e9e\" \/>\n\t<meta name=\"twitter:data1\" content=\"5 minutes\" \/>\n<script type=\"application\/ld+json\" class=\"yoast-schema-graph\">{\"@context\":\"https:\\\/\\\/schema.org\",\"@graph\":[{\"@type\":\"WebPage\",\"@id\":\"https:\\\/\\\/www.vdhurk.nl\\\/iveco-bedrijfswagens\\\/daily\\\/automaat\\\/\",\"url\":\"https:\\\/\\\/www.vdhurk.nl\\\/iveco-bedrijfswagens\\\/daily\\\/automaat\\\/\",\"name\":\"Kies je voor een Iveco Daily automaat?\",\"isPartOf\":{\"@id\":\"https:\\\/\\\/www.vdhurk.nl\\\/#website\"},\"datePublished\":\"2025-04-29T12:49:11+00:00\",\"dateModified\":\"2025-04-29T12:52:15+00:00\",\"description\":\"Niet langer schakelen? Dan is de Iveco Daily automaat zeker het overwegen waard. Ontdek de verschillende specificaties, uitvoeringen en de vele voordelen.\",\"breadcrumb\":{\"@id\":\"https:\\\/\\\/www.vdhurk.nl\\\/iveco-bedrijfswagens\\\/daily\\\/automaat\\\/#breadcrumb\"},\"inLanguage\":\"fr-FR\",\"potentialAction\":[{\"@type\":\"ReadAction\",\"target\":[\"https:\\\/\\\/www.vdhurk.nl\\\/iveco-bedrijfswagens\\\/daily\\\/automaat\\\/\"]}]},{\"@type\":\"BreadcrumbList\",\"@id\":\"https:\\\/\\\/www.vdhurk.nl\\\/iveco-bedrijfswagens\\\/daily\\\/automaat\\\/#breadcrumb\",\"itemListElement\":[{\"@type\":\"ListItem\",\"position\":1,\"name\":\"Home\",\"item\":\"https:\\\/\\\/www.vdhurk.nl\\\/home\\\/\"},{\"@type\":\"ListItem\",\"position\":2,\"name\":\"Iveco Bedrijfswagens\",\"item\":\"https:\\\/\\\/www.vdhurk.nl\\\/iveco-bedrijfswagens\\\/\"},{\"@type\":\"ListItem\",\"position\":3,\"name\":\"Iveco Daily\",\"item\":\"https:\\\/\\\/www.vdhurk.nl\\\/iveco-bedrijfswagens\\\/daily\\\/\"},{\"@type\":\"ListItem\",\"position\":4,\"name\":\"Iveco Daily automaat\"}]},{\"@type\":\"WebSite\",\"@id\":\"https:\\\/\\\/www.vdhurk.nl\\\/#website\",\"url\":\"https:\\\/\\\/www.vdhurk.nl\\\/\",\"name\":\"Van den Hurk Bedrijfswagens\",\"description\":\"Van den Hurk bedrijfswagens Helmond\",\"potentialAction\":[{\"@type\":\"SearchAction\",\"target\":{\"@type\":\"EntryPoint\",\"urlTemplate\":\"https:\\\/\\\/www.vdhurk.nl\\\/?s={search_term_string}\"},\"query-input\":{\"@type\":\"PropertyValueSpecification\",\"valueRequired\":true,\"valueName\":\"search_term_string\"}}],\"inLanguage\":\"fr-FR\"}]}<\/script>\n<!-- \/ Yoast SEO plugin. -->","yoast_head_json":{"title":"Choisissez-vous un Iveco Daily automatique ?","description":"Vous n'arrivez plus \u00e0 passer les vitesses ? Dans ce cas, l'Iveco Daily automatique vaut vraiment la peine d'\u00eatre envisag\u00e9. D\u00e9couvrez les diff\u00e9rentes sp\u00e9cifications, les versions et les nombreux avantages.","robots":{"index":"index","follow":"follow","max-snippet":"max-snippet:-1","max-image-preview":"max-image-preview:large","max-video-preview":"max-video-preview:-1"},"canonical":"https:\/\/www.vdhurk.nl\/fr\/iveco-commercial-vehicles\/mercedes-8\/machine\/","og_locale":"fr_FR","og_type":"article","og_title":"Kies je voor een Iveco Daily automaat?","og_description":"Niet langer schakelen? Dan is de Iveco Daily automaat zeker het overwegen waard. Ontdek de verschillende specificaties, uitvoeringen en de vele voordelen.","og_url":"https:\/\/www.vdhurk.nl\/fr\/iveco-commercial-vehicles\/mercedes-8\/machine\/","og_site_name":"Van den Hurk Bedrijfswagens","article_modified_time":"2025-04-29T12:52:15+00:00","twitter_card":"summary_large_image","twitter_misc":{"Dur\u00e9e de lecture estim\u00e9e":"5 minutes"},"schema":{"@context":"https:\/\/schema.org","@graph":[{"@type":"WebPage","@id":"https:\/\/www.vdhurk.nl\/iveco-bedrijfswagens\/daily\/automaat\/","url":"https:\/\/www.vdhurk.nl\/iveco-bedrijfswagens\/daily\/automaat\/","name":"Choisissez-vous un Iveco Daily automatique ?","isPartOf":{"@id":"https:\/\/www.vdhurk.nl\/#website"},"datePublished":"2025-04-29T12:49:11+00:00","dateModified":"2025-04-29T12:52:15+00:00","description":"Vous n'arrivez plus \u00e0 passer les vitesses ? Dans ce cas, l'Iveco Daily automatique vaut vraiment la peine d'\u00eatre envisag\u00e9. D\u00e9couvrez les diff\u00e9rentes sp\u00e9cifications, les versions et les nombreux avantages.","breadcrumb":{"@id":"https:\/\/www.vdhurk.nl\/iveco-bedrijfswagens\/daily\/automaat\/#breadcrumb"},"inLanguage":"fr-FR","potentialAction":[{"@type":"ReadAction","target":["https:\/\/www.vdhurk.nl\/iveco-bedrijfswagens\/daily\/automaat\/"]}]},{"@type":"BreadcrumbList","@id":"https:\/\/www.vdhurk.nl\/iveco-bedrijfswagens\/daily\/automaat\/#breadcrumb","itemListElement":[{"@type":"ListItem","position":1,"name":"Home","item":"https:\/\/www.vdhurk.nl\/home\/"},{"@type":"ListItem","position":2,"name":"Iveco Bedrijfswagens","item":"https:\/\/www.vdhurk.nl\/iveco-bedrijfswagens\/"},{"@type":"ListItem","position":3,"name":"Iveco Daily","item":"https:\/\/www.vdhurk.nl\/iveco-bedrijfswagens\/daily\/"},{"@type":"ListItem","position":4,"name":"Iveco Daily automaat"}]},{"@type":"WebSite","@id":"https:\/\/www.vdhurk.nl\/#website","url":"https:\/\/www.vdhurk.nl\/","name":"V\u00e9hicules utilitaires Van den Hurk","description":"V\u00e9hicules utilitaires Van den Hurk Helmond","potentialAction":[{"@type":"SearchAction","target":{"@type":"EntryPoint","urlTemplate":"https:\/\/www.vdhurk.nl\/?s={search_term_string}"},"query-input":{"@type":"PropertyValueSpecification","valueRequired":true,"valueName":"search_term_string"}}],"inLanguage":"fr-FR"}]}},"_links":{"self":[{"href":"https:\/\/www.vdhurk.nl\/fr\/wp-json\/wp\/v2\/pages\/488091","targetHints":{"allow":["GET"]}}],"collection":[{"href":"https:\/\/www.vdhurk.nl\/fr\/wp-json\/wp\/v2\/pages"}],"about":[{"href":"https:\/\/www.vdhurk.nl\/fr\/wp-json\/wp\/v2\/types\/page"}],"author":[{"embeddable":true,"href":"https:\/\/www.vdhurk.nl\/fr\/wp-json\/wp\/v2\/users\/3"}],"replies":[{"embeddable":true,"href":"https:\/\/www.vdhurk.nl\/fr\/wp-json\/wp\/v2\/comments?post=488091"}],"version-history":[{"count":2,"href":"https:\/\/www.vdhurk.nl\/fr\/wp-json\/wp\/v2\/pages\/488091\/revisions"}],"predecessor-version":[{"id":488800,"href":"https:\/\/www.vdhurk.nl\/fr\/wp-json\/wp\/v2\/pages\/488091\/revisions\/488800"}],"up":[{"embeddable":true,"href":"https:\/\/www.vdhurk.nl\/fr\/wp-json\/wp\/v2\/pages\/409579"}],"wp:attachment":[{"href":"https:\/\/www.vdhurk.nl\/fr\/wp-json\/wp\/v2\/media?parent=488091"}],"curies":[{"name":"wp","href":"https:\/\/api.w.org\/{rel}","templated":true}]}}