{"id":488088,"date":"2025-04-29T14:26:06","date_gmt":"2025-04-29T12:26:06","guid":{"rendered":"https:\/\/www.vdhurk.nl\/?page_id=488088"},"modified":"2025-04-29T14:26:06","modified_gmt":"2025-04-29T12:26:06","slug":"machine","status":"publish","type":"page","link":"https:\/\/www.vdhurk.nl\/fr\/fiat-bedrijfswagens\/talento\/automaat\/","title":{"rendered":"Transmission automatique Fiat Talento"},"content":{"rendered":"<section  class='av_textblock_section av-lu8gnh7d-4ac895489941e586c1d7c8cb72318135'  itemscope=\"itemscope\" itemtype=\"https:\/\/schema.org\/CreativeWork\" ><div class='avia_textblock'  itemprop=\"text\" ><h1>Le Fiat Talento automatique est-il fait pour vous ?<\/h1>\n<p>Vous en avez assez de passer les vitesses et vous voulez plus de confort de conduite ? Alors pensez au Fiat Talento avec transmission automatique. Ce v\u00e9hicule utilitaire moderne est extr\u00eamement populaire parmi les conducteurs professionnels, et ce pour de bonnes raisons. Avec ses diff\u00e9rentes versions, ses sp\u00e9cifications intelligentes et sa transmission automatique, le Fiat Talento est un choix pratique et confortable pour tout entrepreneur. D\u00e9couvrez si ce v\u00e9hicule convient \u00e0 votre entreprise.<\/p>\n<\/div><\/section>\n\n<style type=\"text\/css\" data-created_by=\"avia_inline_auto\" id=\"style-css-av-lujjddpd-afa3d7a9eabd61123e643ed1228e781e\">\n#top .hr.hr-invisible.av-lujjddpd-afa3d7a9eabd61123e643ed1228e781e{\nheight:50px;\n}\n<\/style>\n<div  class='hr av-lujjddpd-afa3d7a9eabd61123e643ed1228e781e hr-invisible  avia-builder-el-1  el_after_av_textblock  el_before_av_codeblock'><span class='hr-inner'><span class=\"hr-inner-style\"><\/span><\/span><\/div>\n\n\n<style type=\"text\/css\" data-created_by=\"avia_inline_auto\" id=\"style-css-av-ah0xd-63338d9dc6b40410e22a712829c369d6\">\n#top .hr.hr-invisible.av-ah0xd-63338d9dc6b40410e22a712829c369d6{\nheight:50px;\n}\n<\/style>\n<div  class='hr av-ah0xd-63338d9dc6b40410e22a712829c369d6 hr-invisible  avia-builder-el-3  el_after_av_codeblock  el_before_av_one_half'><span class='hr-inner'><span class=\"hr-inner-style\"><\/span><\/span><\/div>\n<div class='flex_column av-f64w1-da126f42b61613402309283c14245a25 av_one_half  avia-builder-el-4  el_after_av_hr  el_before_av_one_third  first flex_column_div'   ><section  class='av_textblock_section av-lu8gpqre-73cc2c17e6a6497ba6e1b58af22bd9e8'  itemscope=\"itemscope\" itemtype=\"https:\/\/schema.org\/CreativeWork\" ><div class='avia_textblock'  itemprop=\"text\" ><h2>Les avantages d'une voiture de soci\u00e9t\u00e9 automatique<\/h2>\n<p>De plus en plus d'entrepreneurs choisissent d\u00e9lib\u00e9r\u00e9ment une voiture de soci\u00e9t\u00e9 \u00e0 transmission automatique, car elle offre de nombreux avantages. Une bo\u00eete automatique assure un confort de conduite maximal : plus de probl\u00e8mes de changement de vitesse ou d'embrayage. C'est un soulagement, surtout dans la circulation urbaine dense ou dans les embouteillages. De plus, elle accro\u00eet la s\u00e9curit\u00e9. Parce que vous gardez les mains sur le volant et que vous pouvez concentrer votre attention sur la route, vous conduisez plus calmement et avec plus de vigilance. En r\u00e9sum\u00e9 : pour les entreprises, une bo\u00eete automatique est un investissement intelligent en termes de confort et de s\u00e9curit\u00e9.<\/p>\n<\/div><\/section><\/div><div class='flex_column av-aldk9-ee694297f5c4032981677a02caab84d6 av_one_third  avia-builder-el-6  el_after_av_one_half  el_before_av_hr  flex_column_div'   ><style type=\"text\/css\" data-created_by=\"avia_inline_auto\" id=\"style-css-av-l1w9kpsf-4ec3fab772ec7a9adaa33cfc64ff0475\">\n.avia-image-container.av-l1w9kpsf-4ec3fab772ec7a9adaa33cfc64ff0475 .av-image-caption-overlay-center{\ncolor:#ffffff;\n}\n<\/style>\n<div  class='avia-image-container av-l1w9kpsf-4ec3fab772ec7a9adaa33cfc64ff0475 av-styling- avia-align-center  avia-builder-el-7  avia-builder-el-no-sibling'  itemprop=\"image\" itemscope=\"itemscope\" itemtype=\"https:\/\/schema.org\/ImageObject\" ><div class=\"avia-image-container-inner\"><div class=\"avia-image-overlay-wrap\"><img decoding=\"async\" class='wp-image-187 avia-img-lazy-loading-not-187 avia_image' src=\"https:\/\/www.vdhurk.nl\/wp-content\/uploads\/2022\/03\/Voorrad.png\" alt='' title='Stock'  height=\"758\" width=\"1135\"  itemprop=\"thumbnailUrl\" srcset=\"https:\/\/www.vdhurk.nl\/wp-content\/uploads\/2022\/03\/Voorrad.png 1135w, https:\/\/www.vdhurk.nl\/wp-content\/uploads\/2022\/03\/Voorrad-300x200.png 300w, https:\/\/www.vdhurk.nl\/wp-content\/uploads\/2022\/03\/Voorrad-1030x688.png 1030w, https:\/\/www.vdhurk.nl\/wp-content\/uploads\/2022\/03\/Voorrad-768x513.png 768w, https:\/\/www.vdhurk.nl\/wp-content\/uploads\/2022\/03\/Voorrad-18x12.png 18w, https:\/\/www.vdhurk.nl\/wp-content\/uploads\/2022\/03\/Voorrad-705x471.png 705w\" sizes=\"(max-width: 1135px) 100vw, 1135px\" \/><\/div><\/div><\/div><\/div><\/p>\n\n<style type=\"text\/css\" data-created_by=\"avia_inline_auto\" id=\"style-css-av-luqrjpjc-5a23a1fb5f94718ca85316a9df963e2f\">\n#top .hr.hr-invisible.av-luqrjpjc-5a23a1fb5f94718ca85316a9df963e2f{\nheight:50px;\n}\n<\/style>\n<div  class='hr av-luqrjpjc-5a23a1fb5f94718ca85316a9df963e2f hr-invisible  avia-builder-el-8  el_after_av_one_third  el_before_av_textblock'><span class='hr-inner'><span class=\"hr-inner-style\"><\/span><\/span><\/div>\n<section  class='av_textblock_section av-lu8gtjw7-4f3cee9304909518d86d2860d9d582dd'  itemscope=\"itemscope\" itemtype=\"https:\/\/schema.org\/CreativeWork\" ><div class='avia_textblock'  itemprop=\"text\" ><h2>Caract\u00e9ristiques du Fiat Talento \u00e0 transmission automatique<\/h2>\n<p>Fiat est depuis longtemps connu pour ses v\u00e9hicules utilitaires fiables et fonctionnels, et le Talento automatique en est un excellent exemple. Cette version combine la polyvalence et la solidit\u00e9 que vous attendez de Fiat, avec le confort suppl\u00e9mentaire d'une bo\u00eete de vitesses automatique. Que vous optiez pour un mod\u00e8le standard ou pour une version avec des modifications sp\u00e9cifiques, le Talento s'adapte sans effort aux besoins de votre entreprise. Ses dimensions compactes lui conf\u00e8rent une agilit\u00e9 surprenante, id\u00e9ale pour la circulation urbaine.<\/p>\n<h2>Quels sont les prix ?<\/h2>\n<p>Vous \u00eates int\u00e9ress\u00e9 par le Fiat Talento automatique ? Dans ce cas, vous voulez bien s\u00fbr savoir \u00e0 quoi vous pouvez vous attendre en termes de prix. Le prix final d\u00e9pend de facteurs tels que la version, l'ann\u00e9e de fabrication, le kilom\u00e9trage et l'\u00e9tat du v\u00e9hicule. Les bo\u00eetes de vitesses automatiques sont souvent tr\u00e8s int\u00e9ressantes en raison du confort de conduite accru et de la technologie moderne qu'elles offrent. Quoi que vous recherchiez, il y a toujours un Fiat Talento qui vous convient. Notre gamme \u00e9tant en constante \u00e9volution, nous vous conseillons de consulter r\u00e9guli\u00e8rement notre stock pour conna\u00eetre les options les plus r\u00e9centes.<\/p>\n<h2>Acheter ou louer un Fiat Talento ?<\/h2>\n<p>Vous souhaitez disposer d'une voiture de soci\u00e9t\u00e9, mais vous ne voulez pas faire un gros investissement d'un seul coup ? Dans ce cas <a href=\"https:\/\/www.vdhurk.nl\/fr\/location-financiere\/\">location financi\u00e8re<\/a> un choix judicieux. Vous remboursez le v\u00e9hicule par mensualit\u00e9s fixes et, \u00e0 la fin de la p\u00e9riode, vous en \u00eates pleinement propri\u00e9taire. Vous conservez ainsi votre marge de man\u0153uvre financi\u00e8re et votre s\u00e9curit\u00e9. Vous pr\u00e9f\u00e9rez devenir propri\u00e9taire imm\u00e9diatement ? Dans ce cas, vous pouvez \u00e9galement acheter le Fiat Talento automatique en une seule fois. C'est la solution id\u00e9ale si vous souhaitez inscrire imm\u00e9diatement le v\u00e9hicule \u00e0 votre bilan ou \u00e9viter les frais mensuels. Les deux options pr\u00e9sentent des avantages, choisissez celle qui convient le mieux \u00e0 votre situation.<\/p>\n<h2>Parcourez la gamme et trouvez la voiture de soci\u00e9t\u00e9 id\u00e9ale<\/h2>\n<p>Vous \u00eates convaincu que le Fiat Talento automatique est le v\u00e9hicule utilitaire id\u00e9al ? Ou peut-\u00eatre avez-vous besoin d'un peu plus d'informations pour prendre une bonne d\u00e9cision ? Notre \u00e9quipe est toujours pr\u00eate \u00e0 vous conseiller. Contactez-nous pour discuter de notre offre actuelle.<\/p>\n<\/div><\/section>\n<div class='flex_column av-81no9hv-44a80e93f621b2a9d4a87d97cff509c3 av_one_full  avia-builder-el-10  el_after_av_textblock  avia-builder-el-last  first flex_column_div column-top-margin'   ><\/div>","protected":false},"excerpt":{"rendered":"","protected":false},"author":3,"featured_media":0,"parent":402259,"menu_order":0,"comment_status":"closed","ping_status":"closed","template":"","meta":{"_acf_changed":false,"_improvement_type_select":"improve_an_existing","_thumb_yes_seoaic":false,"_frame_yes_seoaic":false,"seoaic_generate_description":"","seoaic_improve_instructions_prompt":"","seoaic_rollback_content_improvement":"","seoaic_idea_thumbnail_generator":"","thumbnail_generated":false,"thumbnail_generate_prompt":"","seoaic_article_description":"","footnotes":""},"class_list":["post-488088","page","type-page","status-publish","hentry"],"acf":[],"yoast_head":"<!-- This site is optimized with the Yoast SEO plugin v27.5 - https:\/\/yoast.com\/product\/yoast-seo-wordpress\/ -->\n<title>Niet langer schakelen? Kies een Fiat Talento automaat!<\/title>\n<meta name=\"description\" content=\"Benieuwd of de Fiat Talento automaat past bij jouw zakelijke behoeften? Bekijk het aanbod en ontdek meer over de specificaties en uitvoeringen.\" \/>\n<meta name=\"robots\" content=\"index, follow, max-snippet:-1, max-image-preview:large, max-video-preview:-1\" \/>\n<link rel=\"canonical\" href=\"https:\/\/www.vdhurk.nl\/fr\/vehicules-commerciaux-fiat\/mercedes-15\/machine\/\" \/>\n<meta property=\"og:locale\" content=\"fr_FR\" \/>\n<meta property=\"og:type\" content=\"article\" \/>\n<meta property=\"og:title\" content=\"Niet langer schakelen? Kies een Fiat Talento automaat!\" \/>\n<meta property=\"og:description\" content=\"Benieuwd of de Fiat Talento automaat past bij jouw zakelijke behoeften? Bekijk het aanbod en ontdek meer over de specificaties en uitvoeringen.\" \/>\n<meta property=\"og:url\" content=\"https:\/\/www.vdhurk.nl\/fr\/vehicules-commerciaux-fiat\/mercedes-15\/machine\/\" \/>\n<meta property=\"og:site_name\" content=\"Van den Hurk Bedrijfswagens\" \/>\n<meta name=\"twitter:card\" content=\"summary_large_image\" \/>\n<meta name=\"twitter:label1\" content=\"Dur\u00e9e de lecture estim\u00e9e\" \/>\n\t<meta name=\"twitter:data1\" content=\"5 minutes\" \/>\n<script type=\"application\/ld+json\" class=\"yoast-schema-graph\">{\"@context\":\"https:\\\/\\\/schema.org\",\"@graph\":[{\"@type\":\"WebPage\",\"@id\":\"https:\\\/\\\/www.vdhurk.nl\\\/fiat-bedrijfswagens\\\/talento\\\/automaat\\\/\",\"url\":\"https:\\\/\\\/www.vdhurk.nl\\\/fiat-bedrijfswagens\\\/talento\\\/automaat\\\/\",\"name\":\"Niet langer schakelen? Kies een Fiat Talento automaat!\",\"isPartOf\":{\"@id\":\"https:\\\/\\\/www.vdhurk.nl\\\/#website\"},\"datePublished\":\"2025-04-29T12:26:06+00:00\",\"description\":\"Benieuwd of de Fiat Talento automaat past bij jouw zakelijke behoeften? Bekijk het aanbod en ontdek meer over de specificaties en uitvoeringen.\",\"breadcrumb\":{\"@id\":\"https:\\\/\\\/www.vdhurk.nl\\\/fiat-bedrijfswagens\\\/talento\\\/automaat\\\/#breadcrumb\"},\"inLanguage\":\"fr-FR\",\"potentialAction\":[{\"@type\":\"ReadAction\",\"target\":[\"https:\\\/\\\/www.vdhurk.nl\\\/fiat-bedrijfswagens\\\/talento\\\/automaat\\\/\"]}]},{\"@type\":\"BreadcrumbList\",\"@id\":\"https:\\\/\\\/www.vdhurk.nl\\\/fiat-bedrijfswagens\\\/talento\\\/automaat\\\/#breadcrumb\",\"itemListElement\":[{\"@type\":\"ListItem\",\"position\":1,\"name\":\"Home\",\"item\":\"https:\\\/\\\/www.vdhurk.nl\\\/home\\\/\"},{\"@type\":\"ListItem\",\"position\":2,\"name\":\"Fiat Bedrijfswagens\",\"item\":\"https:\\\/\\\/www.vdhurk.nl\\\/fiat-bedrijfswagens\\\/\"},{\"@type\":\"ListItem\",\"position\":3,\"name\":\"Fiat Talento\",\"item\":\"https:\\\/\\\/www.vdhurk.nl\\\/fiat-bedrijfswagens\\\/talento\\\/\"},{\"@type\":\"ListItem\",\"position\":4,\"name\":\"Fiat Talento automaat\"}]},{\"@type\":\"WebSite\",\"@id\":\"https:\\\/\\\/www.vdhurk.nl\\\/#website\",\"url\":\"https:\\\/\\\/www.vdhurk.nl\\\/\",\"name\":\"Van den Hurk Bedrijfswagens\",\"description\":\"Van den Hurk bedrijfswagens Helmond\",\"potentialAction\":[{\"@type\":\"SearchAction\",\"target\":{\"@type\":\"EntryPoint\",\"urlTemplate\":\"https:\\\/\\\/www.vdhurk.nl\\\/?s={search_term_string}\"},\"query-input\":{\"@type\":\"PropertyValueSpecification\",\"valueRequired\":true,\"valueName\":\"search_term_string\"}}],\"inLanguage\":\"fr-FR\"}]}<\/script>\n<!-- \/ Yoast SEO plugin. -->","yoast_head_json":{"title":"Plus besoin de changer de vitesse ? Choisissez une Fiat Talento automatique !","description":"Vous vous demandez si le Fiat Talento automatique r\u00e9pondra aux besoins de votre entreprise ? D\u00e9couvrez la gamme et apprenez-en plus sur ses sp\u00e9cifications et ses versions.","robots":{"index":"index","follow":"follow","max-snippet":"max-snippet:-1","max-image-preview":"max-image-preview:large","max-video-preview":"max-video-preview:-1"},"canonical":"https:\/\/www.vdhurk.nl\/fr\/vehicules-commerciaux-fiat\/mercedes-15\/machine\/","og_locale":"fr_FR","og_type":"article","og_title":"Niet langer schakelen? Kies een Fiat Talento automaat!","og_description":"Benieuwd of de Fiat Talento automaat past bij jouw zakelijke behoeften? Bekijk het aanbod en ontdek meer over de specificaties en uitvoeringen.","og_url":"https:\/\/www.vdhurk.nl\/fr\/vehicules-commerciaux-fiat\/mercedes-15\/machine\/","og_site_name":"Van den Hurk Bedrijfswagens","twitter_card":"summary_large_image","twitter_misc":{"Dur\u00e9e de lecture estim\u00e9e":"5 minutes"},"schema":{"@context":"https:\/\/schema.org","@graph":[{"@type":"WebPage","@id":"https:\/\/www.vdhurk.nl\/fiat-bedrijfswagens\/talento\/automaat\/","url":"https:\/\/www.vdhurk.nl\/fiat-bedrijfswagens\/talento\/automaat\/","name":"Plus besoin de changer de vitesse ? Choisissez une Fiat Talento automatique !","isPartOf":{"@id":"https:\/\/www.vdhurk.nl\/#website"},"datePublished":"2025-04-29T12:26:06+00:00","description":"Vous vous demandez si le Fiat Talento automatique r\u00e9pondra aux besoins de votre entreprise ? D\u00e9couvrez la gamme et apprenez-en plus sur ses sp\u00e9cifications et ses versions.","breadcrumb":{"@id":"https:\/\/www.vdhurk.nl\/fiat-bedrijfswagens\/talento\/automaat\/#breadcrumb"},"inLanguage":"fr-FR","potentialAction":[{"@type":"ReadAction","target":["https:\/\/www.vdhurk.nl\/fiat-bedrijfswagens\/talento\/automaat\/"]}]},{"@type":"BreadcrumbList","@id":"https:\/\/www.vdhurk.nl\/fiat-bedrijfswagens\/talento\/automaat\/#breadcrumb","itemListElement":[{"@type":"ListItem","position":1,"name":"Home","item":"https:\/\/www.vdhurk.nl\/home\/"},{"@type":"ListItem","position":2,"name":"Fiat Bedrijfswagens","item":"https:\/\/www.vdhurk.nl\/fiat-bedrijfswagens\/"},{"@type":"ListItem","position":3,"name":"Fiat Talento","item":"https:\/\/www.vdhurk.nl\/fiat-bedrijfswagens\/talento\/"},{"@type":"ListItem","position":4,"name":"Fiat Talento automaat"}]},{"@type":"WebSite","@id":"https:\/\/www.vdhurk.nl\/#website","url":"https:\/\/www.vdhurk.nl\/","name":"V\u00e9hicules utilitaires Van den Hurk","description":"V\u00e9hicules utilitaires Van den Hurk Helmond","potentialAction":[{"@type":"SearchAction","target":{"@type":"EntryPoint","urlTemplate":"https:\/\/www.vdhurk.nl\/?s={search_term_string}"},"query-input":{"@type":"PropertyValueSpecification","valueRequired":true,"valueName":"search_term_string"}}],"inLanguage":"fr-FR"}]}},"_links":{"self":[{"href":"https:\/\/www.vdhurk.nl\/fr\/wp-json\/wp\/v2\/pages\/488088","targetHints":{"allow":["GET"]}}],"collection":[{"href":"https:\/\/www.vdhurk.nl\/fr\/wp-json\/wp\/v2\/pages"}],"about":[{"href":"https:\/\/www.vdhurk.nl\/fr\/wp-json\/wp\/v2\/types\/page"}],"author":[{"embeddable":true,"href":"https:\/\/www.vdhurk.nl\/fr\/wp-json\/wp\/v2\/users\/3"}],"replies":[{"embeddable":true,"href":"https:\/\/www.vdhurk.nl\/fr\/wp-json\/wp\/v2\/comments?post=488088"}],"version-history":[{"count":3,"href":"https:\/\/www.vdhurk.nl\/fr\/wp-json\/wp\/v2\/pages\/488088\/revisions"}],"predecessor-version":[{"id":488797,"href":"https:\/\/www.vdhurk.nl\/fr\/wp-json\/wp\/v2\/pages\/488088\/revisions\/488797"}],"up":[{"embeddable":true,"href":"https:\/\/www.vdhurk.nl\/fr\/wp-json\/wp\/v2\/pages\/402259"}],"wp:attachment":[{"href":"https:\/\/www.vdhurk.nl\/fr\/wp-json\/wp\/v2\/media?parent=488088"}],"curies":[{"name":"wp","href":"https:\/\/api.w.org\/{rel}","templated":true}]}}