{"id":488083,"date":"2025-04-29T14:15:57","date_gmt":"2025-04-29T12:15:57","guid":{"rendered":"https:\/\/www.vdhurk.nl\/?page_id=488083"},"modified":"2025-04-29T14:15:57","modified_gmt":"2025-04-29T12:15:57","slug":"machine","status":"publish","type":"page","link":"https:\/\/www.vdhurk.nl\/fr\/fiat-bedrijfswagens\/scudo\/automaat\/","title":{"rendered":"Fiat Scudo automatique"},"content":{"rendered":"<section  class='av_textblock_section av-lu8gnh7d-4ac895489941e586c1d7c8cb72318135'  itemscope=\"itemscope\" itemtype=\"https:\/\/schema.org\/CreativeWork\" ><div class='avia_textblock'  itemprop=\"text\" ><h1>Trouvez la transmission automatique id\u00e9ale pour Fiat Scudo<\/h1>\n<p>Vous ne voulez plus changer de vitesse et vous cherchez un v\u00e9hicule utilitaire \u00e0 transmission automatique ? Le Fiat Scudo automatique est ce qu'il vous faut. Sp\u00e9cialement con\u00e7u pour les professionnels, ce v\u00e9hicule utilitaire est tr\u00e8s appr\u00e9ci\u00e9 des entrepreneurs. D\u00e9couvrez les sp\u00e9cifications et les versions et d\u00e9cidez si le Fiat Scudo automatic conviendra \u00e0 votre entreprise.<\/p>\n<\/div><\/section>\n\n<style type=\"text\/css\" data-created_by=\"avia_inline_auto\" id=\"style-css-av-lujjddpd-afa3d7a9eabd61123e643ed1228e781e\">\n#top .hr.hr-invisible.av-lujjddpd-afa3d7a9eabd61123e643ed1228e781e{\nheight:50px;\n}\n<\/style>\n<div  class='hr av-lujjddpd-afa3d7a9eabd61123e643ed1228e781e hr-invisible  avia-builder-el-1  el_after_av_textblock  el_before_av_codeblock'><span class='hr-inner'><span class=\"hr-inner-style\"><\/span><\/span><\/div>\n\n\n<style type=\"text\/css\" data-created_by=\"avia_inline_auto\" id=\"style-css-av-ah0xd-63338d9dc6b40410e22a712829c369d6\">\n#top .hr.hr-invisible.av-ah0xd-63338d9dc6b40410e22a712829c369d6{\nheight:50px;\n}\n<\/style>\n<div  class='hr av-ah0xd-63338d9dc6b40410e22a712829c369d6 hr-invisible  avia-builder-el-3  el_after_av_codeblock  el_before_av_textblock'><span class='hr-inner'><span class=\"hr-inner-style\"><\/span><\/span><\/div>\n<section  class='av_textblock_section av-lu8gow1e-300853e458ed741bd87d6cb78e55cc7a'  itemscope=\"itemscope\" itemtype=\"https:\/\/schema.org\/CreativeWork\" ><div class='avia_textblock'  itemprop=\"text\" ><h2>Les avantages d'un syst\u00e8me automatique<\/h2>\n<p>Toujours des changements de vitesse en douceur et une conduite sans souci ? Le Fiat Scudo automatique vous d\u00e9charge de cette t\u00e2che pour que vous puissiez vous concentrer pleinement sur la route. Plus besoin d'embrayer dans les embouteillages ou de changer de vitesse sur les longs trajets, ce v\u00e9hicule utilitaire assure un confort de conduite ultime. Que vous conduisiez sur de longues distances ou que vous transportiez souvent de lourdes charges, le Scudo automatique s'adaptera sans effort \u00e0 votre rythme. Montez \u00e0 bord, faites l'exp\u00e9rience de la diff\u00e9rence et d\u00e9couvrez les avantages d'un v\u00e9hicule automatique.<\/p>\n<\/div><\/section>\n<div class='flex_column av-f64w1-da126f42b61613402309283c14245a25 av_one_half  avia-builder-el-5  el_after_av_textblock  el_before_av_one_third  first flex_column_div column-top-margin'   ><section  class='av_textblock_section av-lu8gpqre-73cc2c17e6a6497ba6e1b58af22bd9e8'  itemscope=\"itemscope\" itemtype=\"https:\/\/schema.org\/CreativeWork\" ><div class='avia_textblock'  itemprop=\"text\" ><h2>Pourquoi le Fiat Scudo est-il un choix judicieux ?<\/h2>\n<p>Le Fiat Scudo est un v\u00e9hicule utilitaire qui excelle en termes de polyvalence et d'efficacit\u00e9. Son espace de chargement spacieux et intelligemment agenc\u00e9 le rend parfait pour le transport de marchandises et de passagers. En outre, le Scudo offre des moteurs \u00e9conomes en carburant et de faibles co\u00fbts d'entretien, ce qui en fait une option \u00e9conomique pour les entreprises qui cherchent \u00e0 ma\u00eetriser leurs d\u00e9penses. De la logistique \u00e0 la construction en passant par les soins de sant\u00e9 et les entreprises de services, le Scudo est un partenaire fiable dans tous les secteurs. Gr\u00e2ce \u00e0 sa conception pratique et \u00e0 ses performances \u00e9conomiques, ce v\u00e9hicule utilitaire est un investissement judicieux pour tout entrepreneur.<\/p>\n<\/div><\/section><\/div><div class='flex_column av-aldk9-ee694297f5c4032981677a02caab84d6 av_one_third  avia-builder-el-7  el_after_av_one_half  el_before_av_hr  flex_column_div column-top-margin'   ><style type=\"text\/css\" data-created_by=\"avia_inline_auto\" id=\"style-css-av-l1w9kpsf-4ec3fab772ec7a9adaa33cfc64ff0475\">\n.avia-image-container.av-l1w9kpsf-4ec3fab772ec7a9adaa33cfc64ff0475 .av-image-caption-overlay-center{\ncolor:#ffffff;\n}\n<\/style>\n<div  class='avia-image-container av-l1w9kpsf-4ec3fab772ec7a9adaa33cfc64ff0475 av-styling- avia-align-center  avia-builder-el-8  avia-builder-el-no-sibling'  itemprop=\"image\" itemscope=\"itemscope\" itemtype=\"https:\/\/schema.org\/ImageObject\" ><div class=\"avia-image-container-inner\"><div class=\"avia-image-overlay-wrap\"><img decoding=\"async\" class='wp-image-187 avia-img-lazy-loading-not-187 avia_image' src=\"https:\/\/www.vdhurk.nl\/wp-content\/uploads\/2022\/03\/Voorrad.png\" alt='' title='Stock'  height=\"758\" width=\"1135\"  itemprop=\"thumbnailUrl\" srcset=\"https:\/\/www.vdhurk.nl\/wp-content\/uploads\/2022\/03\/Voorrad.png 1135w, https:\/\/www.vdhurk.nl\/wp-content\/uploads\/2022\/03\/Voorrad-300x200.png 300w, https:\/\/www.vdhurk.nl\/wp-content\/uploads\/2022\/03\/Voorrad-1030x688.png 1030w, https:\/\/www.vdhurk.nl\/wp-content\/uploads\/2022\/03\/Voorrad-768x513.png 768w, https:\/\/www.vdhurk.nl\/wp-content\/uploads\/2022\/03\/Voorrad-18x12.png 18w, https:\/\/www.vdhurk.nl\/wp-content\/uploads\/2022\/03\/Voorrad-705x471.png 705w\" sizes=\"(max-width: 1135px) 100vw, 1135px\" \/><\/div><\/div><\/div><\/div><\/p>\n\n<style type=\"text\/css\" data-created_by=\"avia_inline_auto\" id=\"style-css-av-luqrjpjc-5a23a1fb5f94718ca85316a9df963e2f\">\n#top .hr.hr-invisible.av-luqrjpjc-5a23a1fb5f94718ca85316a9df963e2f{\nheight:50px;\n}\n<\/style>\n<div  class='hr av-luqrjpjc-5a23a1fb5f94718ca85316a9df963e2f hr-invisible  avia-builder-el-9  el_after_av_one_third  el_before_av_textblock'><span class='hr-inner'><span class=\"hr-inner-style\"><\/span><\/span><\/div>\n<section  class='av_textblock_section av-lu8gtjw7-4f3cee9304909518d86d2860d9d582dd'  itemscope=\"itemscope\" itemtype=\"https:\/\/schema.org\/CreativeWork\" ><div class='avia_textblock'  itemprop=\"text\" ><h2>Quel est le prix d'une Fiat Scudo automatique ?<\/h2>\n<p>Le prix d'une Fiat Scudo automatique d\u00e9pend de plusieurs facteurs, tels que la version, l'ann\u00e9e de fabrication et le kilom\u00e9trage. Notre gamme change r\u00e9guli\u00e8rement, les prix varient donc. Vous recherchez un mod\u00e8le sp\u00e9cifique dans le cadre de votre budget ? Consultez notre offre actuelle ou contactez-nous pour un conseil personnalis\u00e9. Nous nous ferons un plaisir de vous aider \u00e0 trouver la voiture de soci\u00e9t\u00e9 id\u00e9ale, adapt\u00e9e \u00e0 vos besoins et \u00e0 votre budget.<\/p>\n<h2>Leasing ou achat d'une Fiat Scudo : qu'est-ce qui vous convient ?<\/h2>\n<p>Vous h\u00e9sitez entre l'achat et la location d'une Fiat Scudo automatique ? Chez Van den Hurk, nous proposons les deux options, afin que vous puissiez faire un choix adapt\u00e9 \u00e0 votre situation. L'achat est id\u00e9al si vous voulez \u00eatre propri\u00e9taire imm\u00e9diatement et ne pas \u00eatre li\u00e9 \u00e0 des engagements mensuels. <a href=\"https:\/\/www.vdhurk.nl\/fr\/location-financiere\/\">Leasing<\/a> vous permet de conduire la voiture de soci\u00e9t\u00e9 sans investissement initial important. Vous d\u00e9cidez de la dur\u00e9e et payez un montant mensuel fixe, ce qui vous permet de savoir exactement o\u00f9 vous en \u00eates. Quelle option convient le mieux \u00e0 votre entreprise ? Nous nous ferons un plaisir de vous aider \u00e0 faire le bon choix.<\/p>\n<h2>Trouvez la transmission automatique id\u00e9ale pour Fiat Scudo<\/h2>\n<p>Un Fiat Scudo automatique : chez Van den Hurk, vous trouverez le v\u00e9hicule utilitaire id\u00e9al qui r\u00e9pondra parfaitement aux besoins de votre entreprise. Nous sommes pr\u00eats \u00e0 vous aider. Contactez-nous pour un conseil personnalis\u00e9 ou pour discuter de notre offre actuelle. Acheter ou louer un Fiat Scudo automatic n'a jamais \u00e9t\u00e9 aussi simple.<\/p>\n<\/div><\/section>\n<div class='flex_column av-av_one_full-a93934ecd89fbb8a9566d39e89cd3725 av_one_full  avia-builder-el-11  el_after_av_textblock  avia-builder-el-last  first flex_column_div column-top-margin'   ><\/div>","protected":false},"excerpt":{"rendered":"","protected":false},"author":3,"featured_media":0,"parent":402263,"menu_order":0,"comment_status":"closed","ping_status":"closed","template":"","meta":{"_acf_changed":false,"_improvement_type_select":"improve_an_existing","_thumb_yes_seoaic":false,"_frame_yes_seoaic":false,"seoaic_generate_description":"","seoaic_improve_instructions_prompt":"","seoaic_rollback_content_improvement":"","seoaic_idea_thumbnail_generator":"","thumbnail_generated":false,"thumbnail_generate_prompt":"","seoaic_article_description":"","footnotes":""},"class_list":["post-488083","page","type-page","status-publish","hentry"],"acf":[],"yoast_head":"<!-- This site is optimized with the Yoast SEO plugin v27.5 - https:\/\/yoast.com\/product\/yoast-seo-wordpress\/ -->\n<title>Kies je voor een betrouwbare Fiat Scudo automaat?<\/title>\n<meta name=\"description\" content=\"Ben je op zoek naar een Fiat Scudo automaat? Bekijk het actuele aanbod bij Van den Hurk en vind de bedrijfswagen die perfect bij jou past.\" \/>\n<meta name=\"robots\" content=\"index, follow, max-snippet:-1, max-image-preview:large, max-video-preview:-1\" \/>\n<link rel=\"canonical\" href=\"https:\/\/www.vdhurk.nl\/fr\/vehicules-commerciaux-fiat\/mercedes-5\/machine\/\" \/>\n<meta property=\"og:locale\" content=\"fr_FR\" \/>\n<meta property=\"og:type\" content=\"article\" \/>\n<meta property=\"og:title\" content=\"Kies je voor een betrouwbare Fiat Scudo automaat?\" \/>\n<meta property=\"og:description\" content=\"Ben je op zoek naar een Fiat Scudo automaat? Bekijk het actuele aanbod bij Van den Hurk en vind de bedrijfswagen die perfect bij jou past.\" \/>\n<meta property=\"og:url\" content=\"https:\/\/www.vdhurk.nl\/fr\/vehicules-commerciaux-fiat\/mercedes-5\/machine\/\" \/>\n<meta property=\"og:site_name\" content=\"Van den Hurk Bedrijfswagens\" \/>\n<meta name=\"twitter:card\" content=\"summary_large_image\" \/>\n<meta name=\"twitter:label1\" content=\"Dur\u00e9e de lecture estim\u00e9e\" \/>\n\t<meta name=\"twitter:data1\" content=\"5 minutes\" \/>\n<script type=\"application\/ld+json\" class=\"yoast-schema-graph\">{\"@context\":\"https:\\\/\\\/schema.org\",\"@graph\":[{\"@type\":\"WebPage\",\"@id\":\"https:\\\/\\\/www.vdhurk.nl\\\/fiat-bedrijfswagens\\\/scudo\\\/automaat\\\/\",\"url\":\"https:\\\/\\\/www.vdhurk.nl\\\/fiat-bedrijfswagens\\\/scudo\\\/automaat\\\/\",\"name\":\"Kies je voor een betrouwbare Fiat Scudo automaat?\",\"isPartOf\":{\"@id\":\"https:\\\/\\\/www.vdhurk.nl\\\/#website\"},\"datePublished\":\"2025-04-29T12:15:57+00:00\",\"description\":\"Ben je op zoek naar een Fiat Scudo automaat? Bekijk het actuele aanbod bij Van den Hurk en vind de bedrijfswagen die perfect bij jou past.\",\"breadcrumb\":{\"@id\":\"https:\\\/\\\/www.vdhurk.nl\\\/fiat-bedrijfswagens\\\/scudo\\\/automaat\\\/#breadcrumb\"},\"inLanguage\":\"fr-FR\",\"potentialAction\":[{\"@type\":\"ReadAction\",\"target\":[\"https:\\\/\\\/www.vdhurk.nl\\\/fiat-bedrijfswagens\\\/scudo\\\/automaat\\\/\"]}]},{\"@type\":\"BreadcrumbList\",\"@id\":\"https:\\\/\\\/www.vdhurk.nl\\\/fiat-bedrijfswagens\\\/scudo\\\/automaat\\\/#breadcrumb\",\"itemListElement\":[{\"@type\":\"ListItem\",\"position\":1,\"name\":\"Home\",\"item\":\"https:\\\/\\\/www.vdhurk.nl\\\/home\\\/\"},{\"@type\":\"ListItem\",\"position\":2,\"name\":\"Fiat Bedrijfswagens\",\"item\":\"https:\\\/\\\/www.vdhurk.nl\\\/fiat-bedrijfswagens\\\/\"},{\"@type\":\"ListItem\",\"position\":3,\"name\":\"Fiat Scudo\",\"item\":\"https:\\\/\\\/www.vdhurk.nl\\\/fiat-bedrijfswagens\\\/scudo\\\/\"},{\"@type\":\"ListItem\",\"position\":4,\"name\":\"Fiat Scudo automaat\"}]},{\"@type\":\"WebSite\",\"@id\":\"https:\\\/\\\/www.vdhurk.nl\\\/#website\",\"url\":\"https:\\\/\\\/www.vdhurk.nl\\\/\",\"name\":\"Van den Hurk Bedrijfswagens\",\"description\":\"Van den Hurk bedrijfswagens Helmond\",\"potentialAction\":[{\"@type\":\"SearchAction\",\"target\":{\"@type\":\"EntryPoint\",\"urlTemplate\":\"https:\\\/\\\/www.vdhurk.nl\\\/?s={search_term_string}\"},\"query-input\":{\"@type\":\"PropertyValueSpecification\",\"valueRequired\":true,\"valueName\":\"search_term_string\"}}],\"inLanguage\":\"fr-FR\"}]}<\/script>\n<!-- \/ Yoast SEO plugin. -->","yoast_head_json":{"title":"Choisirez-vous une Fiat Scudo automatique fiable ?","description":"Vous \u00eates \u00e0 la recherche d'un Fiat Scudo automatique ? Consultez la gamme actuelle de Van den Hurk et trouvez le v\u00e9hicule utilitaire qui vous convient parfaitement.","robots":{"index":"index","follow":"follow","max-snippet":"max-snippet:-1","max-image-preview":"max-image-preview:large","max-video-preview":"max-video-preview:-1"},"canonical":"https:\/\/www.vdhurk.nl\/fr\/vehicules-commerciaux-fiat\/mercedes-5\/machine\/","og_locale":"fr_FR","og_type":"article","og_title":"Kies je voor een betrouwbare Fiat Scudo automaat?","og_description":"Ben je op zoek naar een Fiat Scudo automaat? Bekijk het actuele aanbod bij Van den Hurk en vind de bedrijfswagen die perfect bij jou past.","og_url":"https:\/\/www.vdhurk.nl\/fr\/vehicules-commerciaux-fiat\/mercedes-5\/machine\/","og_site_name":"Van den Hurk Bedrijfswagens","twitter_card":"summary_large_image","twitter_misc":{"Dur\u00e9e de lecture estim\u00e9e":"5 minutes"},"schema":{"@context":"https:\/\/schema.org","@graph":[{"@type":"WebPage","@id":"https:\/\/www.vdhurk.nl\/fiat-bedrijfswagens\/scudo\/automaat\/","url":"https:\/\/www.vdhurk.nl\/fiat-bedrijfswagens\/scudo\/automaat\/","name":"Choisirez-vous une Fiat Scudo automatique fiable ?","isPartOf":{"@id":"https:\/\/www.vdhurk.nl\/#website"},"datePublished":"2025-04-29T12:15:57+00:00","description":"Vous \u00eates \u00e0 la recherche d'un Fiat Scudo automatique ? Consultez la gamme actuelle de Van den Hurk et trouvez le v\u00e9hicule utilitaire qui vous convient parfaitement.","breadcrumb":{"@id":"https:\/\/www.vdhurk.nl\/fiat-bedrijfswagens\/scudo\/automaat\/#breadcrumb"},"inLanguage":"fr-FR","potentialAction":[{"@type":"ReadAction","target":["https:\/\/www.vdhurk.nl\/fiat-bedrijfswagens\/scudo\/automaat\/"]}]},{"@type":"BreadcrumbList","@id":"https:\/\/www.vdhurk.nl\/fiat-bedrijfswagens\/scudo\/automaat\/#breadcrumb","itemListElement":[{"@type":"ListItem","position":1,"name":"Home","item":"https:\/\/www.vdhurk.nl\/home\/"},{"@type":"ListItem","position":2,"name":"Fiat Bedrijfswagens","item":"https:\/\/www.vdhurk.nl\/fiat-bedrijfswagens\/"},{"@type":"ListItem","position":3,"name":"Fiat Scudo","item":"https:\/\/www.vdhurk.nl\/fiat-bedrijfswagens\/scudo\/"},{"@type":"ListItem","position":4,"name":"Fiat Scudo automaat"}]},{"@type":"WebSite","@id":"https:\/\/www.vdhurk.nl\/#website","url":"https:\/\/www.vdhurk.nl\/","name":"V\u00e9hicules utilitaires Van den Hurk","description":"V\u00e9hicules utilitaires Van den Hurk Helmond","potentialAction":[{"@type":"SearchAction","target":{"@type":"EntryPoint","urlTemplate":"https:\/\/www.vdhurk.nl\/?s={search_term_string}"},"query-input":{"@type":"PropertyValueSpecification","valueRequired":true,"valueName":"search_term_string"}}],"inLanguage":"fr-FR"}]}},"_links":{"self":[{"href":"https:\/\/www.vdhurk.nl\/fr\/wp-json\/wp\/v2\/pages\/488083","targetHints":{"allow":["GET"]}}],"collection":[{"href":"https:\/\/www.vdhurk.nl\/fr\/wp-json\/wp\/v2\/pages"}],"about":[{"href":"https:\/\/www.vdhurk.nl\/fr\/wp-json\/wp\/v2\/types\/page"}],"author":[{"embeddable":true,"href":"https:\/\/www.vdhurk.nl\/fr\/wp-json\/wp\/v2\/users\/3"}],"replies":[{"embeddable":true,"href":"https:\/\/www.vdhurk.nl\/fr\/wp-json\/wp\/v2\/comments?post=488083"}],"version-history":[{"count":4,"href":"https:\/\/www.vdhurk.nl\/fr\/wp-json\/wp\/v2\/pages\/488083\/revisions"}],"predecessor-version":[{"id":488087,"href":"https:\/\/www.vdhurk.nl\/fr\/wp-json\/wp\/v2\/pages\/488083\/revisions\/488087"}],"up":[{"embeddable":true,"href":"https:\/\/www.vdhurk.nl\/fr\/wp-json\/wp\/v2\/pages\/402263"}],"wp:attachment":[{"href":"https:\/\/www.vdhurk.nl\/fr\/wp-json\/wp\/v2\/media?parent=488083"}],"curies":[{"name":"wp","href":"https:\/\/api.w.org\/{rel}","templated":true}]}}