{"id":454900,"date":"2025-02-28T15:55:05","date_gmt":"2025-02-28T14:55:05","guid":{"rendered":"https:\/\/www.vdhurk.nl\/?page_id=454900"},"modified":"2025-02-28T15:55:05","modified_gmt":"2025-02-28T14:55:05","slug":"machine","status":"publish","type":"page","link":"https:\/\/www.vdhurk.nl\/fr\/fiat-bedrijfswagens\/ducato\/automaat\/","title":{"rendered":"Fiat Ducato Automatique"},"content":{"rendered":"<section  class='av_textblock_section av-lu8gnh7d-4ac895489941e586c1d7c8cb72318135'  itemscope=\"itemscope\" itemtype=\"https:\/\/schema.org\/CreativeWork\" ><div class='avia_textblock'  itemprop=\"text\" ><h1>Vous cherchez une transmission automatique pour Fiat Ducato ?<\/h1>\n<p>Une bonne voiture de soci\u00e9t\u00e9 est un \u00e9l\u00e9ment important de votre activit\u00e9. Vous cherchez une voiture fiable sans avoir \u00e0 changer de vitesse ? Dans ce cas, le Fiat Ducato automatique vaut vraiment la peine d'\u00eatre envisag\u00e9. Ce mod\u00e8le est r\u00e9put\u00e9 pour sa fiabilit\u00e9 et est souvent choisi par les conducteurs professionnels. Vous vous demandez si cette camionnette r\u00e9pond \u00e0 vos besoins ? Lisez la suite !<\/p>\n<\/div><\/section>\n\n<style type=\"text\/css\" data-created_by=\"avia_inline_auto\" id=\"style-css-av-lujjddpd-afa3d7a9eabd61123e643ed1228e781e\">\n#top .hr.hr-invisible.av-lujjddpd-afa3d7a9eabd61123e643ed1228e781e{\nheight:50px;\n}\n<\/style>\n<div  class='hr av-lujjddpd-afa3d7a9eabd61123e643ed1228e781e hr-invisible  avia-builder-el-1  el_after_av_textblock  el_before_av_codeblock'><span class='hr-inner'><span class=\"hr-inner-style\"><\/span><\/span><\/div>\n\n\n<style type=\"text\/css\" data-created_by=\"avia_inline_auto\" id=\"style-css-av-5op6opf-b2213bc341fb70d5a9a643132d6a8789\">\n#top .hr.hr-invisible.av-5op6opf-b2213bc341fb70d5a9a643132d6a8789{\nheight:50px;\n}\n<\/style>\n<div  class='hr av-5op6opf-b2213bc341fb70d5a9a643132d6a8789 hr-invisible  avia-builder-el-3  el_after_av_codeblock  el_before_av_textblock'><span class='hr-inner'><span class=\"hr-inner-style\"><\/span><\/span><\/div>\n<section  class='av_textblock_section av-lu8gow1e-300853e458ed741bd87d6cb78e55cc7a'  itemscope=\"itemscope\" itemtype=\"https:\/\/schema.org\/CreativeWork\" ><div class='avia_textblock'  itemprop=\"text\" ><h2>Les avantages d'une transmission automatique<\/h2>\n<p>Vous n'aimez pas changer de vitesse ou vous n'aimez tout simplement pas changer de vitesse ? Nous comprenons. Heureusement, le Fiat Ducato est \u00e9galement \u00e9quip\u00e9 d'une transmission automatique. Celle-ci vous permet de conduire sans embrayage ni changement de vitesse. Id\u00e9al en ville, dans les embouteillages ou sur les longs trajets. Mieux encore, vous ne sacrifiez rien \u00e0 l'espace ou \u00e0 la charge utile. Vous b\u00e9n\u00e9ficiez toujours d'un habitacle spacieux et d'une grande capacit\u00e9, comme avec la version manuelle. Bref, tous les avantages du Fiat Ducato, sans les changements de vitesse.<\/p>\n<\/div><\/section>\n<div class='flex_column av-f64w1-da126f42b61613402309283c14245a25 av_one_half  avia-builder-el-5  el_after_av_textblock  el_before_av_one_third  first flex_column_div column-top-margin'   ><section  class='av_textblock_section av-lu8gpqre-73cc2c17e6a6497ba6e1b58af22bd9e8'  itemscope=\"itemscope\" itemtype=\"https:\/\/schema.org\/CreativeWork\" ><div class='avia_textblock'  itemprop=\"text\" ><h2>Choisissez parmi les diff\u00e9rentes versions<\/h2>\n<p>Le Fiat Ducato est disponible en plusieurs versions, de sorte que vous trouverez toujours un mod\u00e8le parfaitement adapt\u00e9 \u00e0 vos activit\u00e9s. Vous avez besoin d'un grand espace de chargement pour vos outils ou vos marchandises ? Optez alors pour le fourgon t\u00f4l\u00e9, qui offre un volume de chargement impressionnant. Vous travaillez en \u00e9quipe et avez besoin de si\u00e8ges suppl\u00e9mentaires ? La double cabine est une solution pratique qui vous permet de transporter confortablement des personnes et du mat\u00e9riel. Que vous recherchiez une version compacte pour la circulation urbaine ou une version allong\u00e9e pour une capacit\u00e9 maximale, le Fiat Ducato offre toujours une version adapt\u00e9e \u00e0 votre activit\u00e9.<\/p>\n<\/div><\/section><\/div><div class='flex_column av-aldk9-ee694297f5c4032981677a02caab84d6 av_one_third  avia-builder-el-7  el_after_av_one_half  el_before_av_hr  flex_column_div column-top-margin'   ><style type=\"text\/css\" data-created_by=\"avia_inline_auto\" id=\"style-css-av-l1w9kpsf-4ec3fab772ec7a9adaa33cfc64ff0475\">\n.avia-image-container.av-l1w9kpsf-4ec3fab772ec7a9adaa33cfc64ff0475 .av-image-caption-overlay-center{\ncolor:#ffffff;\n}\n<\/style>\n<div  class='avia-image-container av-l1w9kpsf-4ec3fab772ec7a9adaa33cfc64ff0475 av-styling- avia-align-center  avia-builder-el-8  avia-builder-el-no-sibling'  itemprop=\"image\" itemscope=\"itemscope\" itemtype=\"https:\/\/schema.org\/ImageObject\" ><div class=\"avia-image-container-inner\"><div class=\"avia-image-overlay-wrap\"><img decoding=\"async\" class='wp-image-187 avia-img-lazy-loading-not-187 avia_image' src=\"https:\/\/www.vdhurk.nl\/wp-content\/uploads\/2022\/03\/Voorrad.png\" alt='' title='Stock'  height=\"758\" width=\"1135\"  itemprop=\"thumbnailUrl\" srcset=\"https:\/\/www.vdhurk.nl\/wp-content\/uploads\/2022\/03\/Voorrad.png 1135w, https:\/\/www.vdhurk.nl\/wp-content\/uploads\/2022\/03\/Voorrad-300x200.png 300w, https:\/\/www.vdhurk.nl\/wp-content\/uploads\/2022\/03\/Voorrad-1030x688.png 1030w, https:\/\/www.vdhurk.nl\/wp-content\/uploads\/2022\/03\/Voorrad-768x513.png 768w, https:\/\/www.vdhurk.nl\/wp-content\/uploads\/2022\/03\/Voorrad-18x12.png 18w, https:\/\/www.vdhurk.nl\/wp-content\/uploads\/2022\/03\/Voorrad-705x471.png 705w\" sizes=\"(max-width: 1135px) 100vw, 1135px\" \/><\/div><\/div><\/div><\/div><\/p>\n\n<style type=\"text\/css\" data-created_by=\"avia_inline_auto\" id=\"style-css-av-luqrjpjc-5a23a1fb5f94718ca85316a9df963e2f\">\n#top .hr.hr-invisible.av-luqrjpjc-5a23a1fb5f94718ca85316a9df963e2f{\nheight:50px;\n}\n<\/style>\n<div  class='hr av-luqrjpjc-5a23a1fb5f94718ca85316a9df963e2f hr-invisible  avia-builder-el-9  el_after_av_one_third  el_before_av_textblock'><span class='hr-inner'><span class=\"hr-inner-style\"><\/span><\/span><\/div>\n<section  class='av_textblock_section av-lu8gtjw7-4f3cee9304909518d86d2860d9d582dd'  itemscope=\"itemscope\" itemtype=\"https:\/\/schema.org\/CreativeWork\" ><div class='avia_textblock'  itemprop=\"text\" ><h2>Quel est le prix d'un Fiat Ducato automatique ?<\/h2>\n<p>Le prix d'un v\u00e9hicule utilitaire d\u00e9pend de vos souhaits et de vos besoins. Le Fiat Ducato automatique est disponible en diff\u00e9rentes versions, de la variante de base au mod\u00e8le de luxe avec tout le confort. Il y a toujours une option adapt\u00e9e \u00e0 votre budget.<\/p>\n<h2>Achat ou location ?<\/h2>\n<p>Que vous choisissiez d'acheter ou de louer, l'essentiel est de trouver une solution adapt\u00e9e \u00e0 votre activit\u00e9. Vous souhaitez poss\u00e9der votre Fiat Ducato imm\u00e9diatement ? L'achat est alors un bon choix. Vous pr\u00e9f\u00e9rez la diversification financi\u00e8re et souhaitez disposer d'un peu d'argent pour d'autres investissements ? Le leasing financier est alors une bonne option. Les deux options ont leurs avantages, et chez Van den Hurk, nous nous ferons un plaisir de vous conseiller personnellement afin que vous puissiez prendre la meilleure d\u00e9cision pour votre entreprise.<\/p>\n<h2>Trouver une voiture de soci\u00e9t\u00e9 appropri\u00e9e<\/h2>\n<p>Acheter un Fiat Ducato automatique, le louer ou en savoir plus sur ce qui convient \u00e0 votre situation ? Nous serons heureux de vous aider \u00e0 faire le bon choix. Consultez notre offre actuelle ou contactez-nous.<\/p>\n<\/div><\/section>","protected":false},"excerpt":{"rendered":"","protected":false},"author":3,"featured_media":0,"parent":402271,"menu_order":0,"comment_status":"closed","ping_status":"closed","template":"","meta":{"_acf_changed":false,"_improvement_type_select":"improve_an_existing","_thumb_yes_seoaic":false,"_frame_yes_seoaic":false,"seoaic_generate_description":"","seoaic_improve_instructions_prompt":"","seoaic_rollback_content_improvement":"","seoaic_idea_thumbnail_generator":"","thumbnail_generated":false,"thumbnail_generate_prompt":"","seoaic_article_description":"","footnotes":""},"class_list":["post-454900","page","type-page","status-publish","hentry"],"acf":[],"yoast_head":"<!-- This site is optimized with the Yoast SEO plugin v27.5 - https:\/\/yoast.com\/product\/yoast-seo-wordpress\/ -->\n<title>Bekijk het aanbod en vind jouw perfecte Fiat Ducato automaat<\/title>\n<meta name=\"description\" content=\"Vind de ideale Fiat Ducato automaat voor jouw onderneming. Ontdek ons actuele aanbod en kies de uitvoering die bij jouw werkzaamheden past.\" \/>\n<meta name=\"robots\" content=\"index, follow, max-snippet:-1, max-image-preview:large, max-video-preview:-1\" \/>\n<link rel=\"canonical\" href=\"https:\/\/www.vdhurk.nl\/fr\/vehicules-commerciaux-fiat\/mercedes-17\/machine\/\" \/>\n<meta property=\"og:locale\" content=\"fr_FR\" \/>\n<meta property=\"og:type\" content=\"article\" \/>\n<meta property=\"og:title\" content=\"Bekijk het aanbod en vind jouw perfecte Fiat Ducato automaat\" \/>\n<meta property=\"og:description\" content=\"Vind de ideale Fiat Ducato automaat voor jouw onderneming. Ontdek ons actuele aanbod en kies de uitvoering die bij jouw werkzaamheden past.\" \/>\n<meta property=\"og:url\" content=\"https:\/\/www.vdhurk.nl\/fr\/vehicules-commerciaux-fiat\/mercedes-17\/machine\/\" \/>\n<meta property=\"og:site_name\" content=\"Van den Hurk Bedrijfswagens\" \/>\n<meta name=\"twitter:card\" content=\"summary_large_image\" \/>\n<meta name=\"twitter:label1\" content=\"Dur\u00e9e de lecture estim\u00e9e\" \/>\n\t<meta name=\"twitter:data1\" content=\"4 minutes\" \/>\n<script type=\"application\/ld+json\" class=\"yoast-schema-graph\">{\"@context\":\"https:\\\/\\\/schema.org\",\"@graph\":[{\"@type\":\"WebPage\",\"@id\":\"https:\\\/\\\/www.vdhurk.nl\\\/fiat-bedrijfswagens\\\/ducato\\\/automaat\\\/\",\"url\":\"https:\\\/\\\/www.vdhurk.nl\\\/fiat-bedrijfswagens\\\/ducato\\\/automaat\\\/\",\"name\":\"Bekijk het aanbod en vind jouw perfecte Fiat Ducato automaat\",\"isPartOf\":{\"@id\":\"https:\\\/\\\/www.vdhurk.nl\\\/#website\"},\"datePublished\":\"2025-02-28T14:55:05+00:00\",\"description\":\"Vind de ideale Fiat Ducato automaat voor jouw onderneming. Ontdek ons actuele aanbod en kies de uitvoering die bij jouw werkzaamheden past.\",\"breadcrumb\":{\"@id\":\"https:\\\/\\\/www.vdhurk.nl\\\/fiat-bedrijfswagens\\\/ducato\\\/automaat\\\/#breadcrumb\"},\"inLanguage\":\"fr-FR\",\"potentialAction\":[{\"@type\":\"ReadAction\",\"target\":[\"https:\\\/\\\/www.vdhurk.nl\\\/fiat-bedrijfswagens\\\/ducato\\\/automaat\\\/\"]}]},{\"@type\":\"BreadcrumbList\",\"@id\":\"https:\\\/\\\/www.vdhurk.nl\\\/fiat-bedrijfswagens\\\/ducato\\\/automaat\\\/#breadcrumb\",\"itemListElement\":[{\"@type\":\"ListItem\",\"position\":1,\"name\":\"Home\",\"item\":\"https:\\\/\\\/www.vdhurk.nl\\\/home\\\/\"},{\"@type\":\"ListItem\",\"position\":2,\"name\":\"Fiat Bedrijfswagens\",\"item\":\"https:\\\/\\\/www.vdhurk.nl\\\/fiat-bedrijfswagens\\\/\"},{\"@type\":\"ListItem\",\"position\":3,\"name\":\"Fiat Ducato\",\"item\":\"https:\\\/\\\/www.vdhurk.nl\\\/fiat-bedrijfswagens\\\/ducato\\\/\"},{\"@type\":\"ListItem\",\"position\":4,\"name\":\"Fiat Ducato Automaat\"}]},{\"@type\":\"WebSite\",\"@id\":\"https:\\\/\\\/www.vdhurk.nl\\\/#website\",\"url\":\"https:\\\/\\\/www.vdhurk.nl\\\/\",\"name\":\"Van den Hurk Bedrijfswagens\",\"description\":\"Van den Hurk bedrijfswagens Helmond\",\"potentialAction\":[{\"@type\":\"SearchAction\",\"target\":{\"@type\":\"EntryPoint\",\"urlTemplate\":\"https:\\\/\\\/www.vdhurk.nl\\\/?s={search_term_string}\"},\"query-input\":{\"@type\":\"PropertyValueSpecification\",\"valueRequired\":true,\"valueName\":\"search_term_string\"}}],\"inLanguage\":\"fr-FR\"}]}<\/script>\n<!-- \/ Yoast SEO plugin. -->","yoast_head_json":{"title":"Consultez la gamme et trouvez le Fiat Ducato automatique qui vous convient.","description":"Trouvez le Fiat Ducato automatique id\u00e9al pour votre entreprise. D\u00e9couvrez notre gamme actuelle et choisissez la version qui convient \u00e0 vos activit\u00e9s.","robots":{"index":"index","follow":"follow","max-snippet":"max-snippet:-1","max-image-preview":"max-image-preview:large","max-video-preview":"max-video-preview:-1"},"canonical":"https:\/\/www.vdhurk.nl\/fr\/vehicules-commerciaux-fiat\/mercedes-17\/machine\/","og_locale":"fr_FR","og_type":"article","og_title":"Bekijk het aanbod en vind jouw perfecte Fiat Ducato automaat","og_description":"Vind de ideale Fiat Ducato automaat voor jouw onderneming. Ontdek ons actuele aanbod en kies de uitvoering die bij jouw werkzaamheden past.","og_url":"https:\/\/www.vdhurk.nl\/fr\/vehicules-commerciaux-fiat\/mercedes-17\/machine\/","og_site_name":"Van den Hurk Bedrijfswagens","twitter_card":"summary_large_image","twitter_misc":{"Dur\u00e9e de lecture estim\u00e9e":"4 minutes"},"schema":{"@context":"https:\/\/schema.org","@graph":[{"@type":"WebPage","@id":"https:\/\/www.vdhurk.nl\/fiat-bedrijfswagens\/ducato\/automaat\/","url":"https:\/\/www.vdhurk.nl\/fiat-bedrijfswagens\/ducato\/automaat\/","name":"Consultez la gamme et trouvez le Fiat Ducato automatique qui vous convient.","isPartOf":{"@id":"https:\/\/www.vdhurk.nl\/#website"},"datePublished":"2025-02-28T14:55:05+00:00","description":"Trouvez le Fiat Ducato automatique id\u00e9al pour votre entreprise. D\u00e9couvrez notre gamme actuelle et choisissez la version qui convient \u00e0 vos activit\u00e9s.","breadcrumb":{"@id":"https:\/\/www.vdhurk.nl\/fiat-bedrijfswagens\/ducato\/automaat\/#breadcrumb"},"inLanguage":"fr-FR","potentialAction":[{"@type":"ReadAction","target":["https:\/\/www.vdhurk.nl\/fiat-bedrijfswagens\/ducato\/automaat\/"]}]},{"@type":"BreadcrumbList","@id":"https:\/\/www.vdhurk.nl\/fiat-bedrijfswagens\/ducato\/automaat\/#breadcrumb","itemListElement":[{"@type":"ListItem","position":1,"name":"Home","item":"https:\/\/www.vdhurk.nl\/home\/"},{"@type":"ListItem","position":2,"name":"Fiat Bedrijfswagens","item":"https:\/\/www.vdhurk.nl\/fiat-bedrijfswagens\/"},{"@type":"ListItem","position":3,"name":"Fiat Ducato","item":"https:\/\/www.vdhurk.nl\/fiat-bedrijfswagens\/ducato\/"},{"@type":"ListItem","position":4,"name":"Fiat Ducato Automaat"}]},{"@type":"WebSite","@id":"https:\/\/www.vdhurk.nl\/#website","url":"https:\/\/www.vdhurk.nl\/","name":"V\u00e9hicules utilitaires Van den Hurk","description":"V\u00e9hicules utilitaires Van den Hurk Helmond","potentialAction":[{"@type":"SearchAction","target":{"@type":"EntryPoint","urlTemplate":"https:\/\/www.vdhurk.nl\/?s={search_term_string}"},"query-input":{"@type":"PropertyValueSpecification","valueRequired":true,"valueName":"search_term_string"}}],"inLanguage":"fr-FR"}]}},"_links":{"self":[{"href":"https:\/\/www.vdhurk.nl\/fr\/wp-json\/wp\/v2\/pages\/454900","targetHints":{"allow":["GET"]}}],"collection":[{"href":"https:\/\/www.vdhurk.nl\/fr\/wp-json\/wp\/v2\/pages"}],"about":[{"href":"https:\/\/www.vdhurk.nl\/fr\/wp-json\/wp\/v2\/types\/page"}],"author":[{"embeddable":true,"href":"https:\/\/www.vdhurk.nl\/fr\/wp-json\/wp\/v2\/users\/3"}],"replies":[{"embeddable":true,"href":"https:\/\/www.vdhurk.nl\/fr\/wp-json\/wp\/v2\/comments?post=454900"}],"version-history":[{"count":2,"href":"https:\/\/www.vdhurk.nl\/fr\/wp-json\/wp\/v2\/pages\/454900\/revisions"}],"predecessor-version":[{"id":454902,"href":"https:\/\/www.vdhurk.nl\/fr\/wp-json\/wp\/v2\/pages\/454900\/revisions\/454902"}],"up":[{"embeddable":true,"href":"https:\/\/www.vdhurk.nl\/fr\/wp-json\/wp\/v2\/pages\/402271"}],"wp:attachment":[{"href":"https:\/\/www.vdhurk.nl\/fr\/wp-json\/wp\/v2\/media?parent=454900"}],"curies":[{"name":"wp","href":"https:\/\/api.w.org\/{rel}","templated":true}]}}