{"id":454897,"date":"2025-02-28T15:58:31","date_gmt":"2025-02-28T14:58:31","guid":{"rendered":"https:\/\/www.vdhurk.nl\/?page_id=454897"},"modified":"2025-02-28T15:58:31","modified_gmt":"2025-02-28T14:58:31","slug":"machine","status":"publish","type":"page","link":"https:\/\/www.vdhurk.nl\/fr\/fiat-bedrijfswagens\/doblo\/automaat\/","title":{"rendered":"Fiat Doblo Automatic"},"content":{"rendered":"<section  class='av_textblock_section av-lu8gnh7d-4ac895489941e586c1d7c8cb72318135'  itemscope=\"itemscope\" itemtype=\"https:\/\/schema.org\/CreativeWork\" ><div class='avia_textblock'  itemprop=\"text\" ><h1>Vous cherchez une transmission automatique pour Fiat Doblo ?<\/h1>\n<p>Vous cherchez une voiture de soci\u00e9t\u00e9 spacieuse sans avoir \u00e0 changer de vitesse ? Vous voulez combiner fonctionnalit\u00e9, confort et efficacit\u00e9 dans un seul v\u00e9hicule ? Le Fiat Doblo automatic offre tout ce dont vous avez besoin pour vos d\u00e9placements professionnels. D\u00e9couvrez s'il s'agit du v\u00e9hicule id\u00e9al pour votre entreprise !<\/p>\n<\/div><\/section>\n\n<style type=\"text\/css\" data-created_by=\"avia_inline_auto\" id=\"style-css-av-lujjddpd-afa3d7a9eabd61123e643ed1228e781e\">\n#top .hr.hr-invisible.av-lujjddpd-afa3d7a9eabd61123e643ed1228e781e{\nheight:50px;\n}\n<\/style>\n<div  class='hr av-lujjddpd-afa3d7a9eabd61123e643ed1228e781e hr-invisible  avia-builder-el-1  el_after_av_textblock  el_before_av_codeblock'><span class='hr-inner'><span class=\"hr-inner-style\"><\/span><\/span><\/div>\n\n\n<style type=\"text\/css\" data-created_by=\"avia_inline_auto\" id=\"style-css-av-ah0xd-63338d9dc6b40410e22a712829c369d6\">\n#top .hr.hr-invisible.av-ah0xd-63338d9dc6b40410e22a712829c369d6{\nheight:50px;\n}\n<\/style>\n<div  class='hr av-ah0xd-63338d9dc6b40410e22a712829c369d6 hr-invisible  avia-builder-el-3  el_after_av_codeblock  el_before_av_textblock'><span class='hr-inner'><span class=\"hr-inner-style\"><\/span><\/span><\/div>\n<section  class='av_textblock_section av-lu8gow1e-300853e458ed741bd87d6cb78e55cc7a'  itemscope=\"itemscope\" itemtype=\"https:\/\/schema.org\/CreativeWork\" ><div class='avia_textblock'  itemprop=\"text\" ><h2>Pourquoi choisir un Fiat Doblo automatique ?<\/h2>\n<p>Si vous recherchez un v\u00e9hicule utilitaire sans avoir \u00e0 changer de vitesse, le Fiat Doblo automatique est un choix judicieux. Avec une bo\u00eete automatique, vous n'avez pas \u00e0 vous pr\u00e9occuper de l'embrayage et des changements de vitesse, ce qui est particuli\u00e8rement appr\u00e9ciable en cas de trafic urbain intense ou d'embouteillages. R\u00e9sultat ? Une exp\u00e9rience de conduite en douceur. Une transmission automatique est id\u00e9ale pour tous ceux qui souhaitent rouler en toute tranquillit\u00e9. Pourquoi se compliquer la vie quand on peut la simplifier ? Montez \u00e0 bord et laissez la bo\u00eete automatique faire le travail \u00e0 votre place.<\/p>\n<\/div><\/section>\n<div class='flex_column av-f64w1-da126f42b61613402309283c14245a25 av_one_half  avia-builder-el-5  el_after_av_textblock  el_before_av_one_third  first flex_column_div column-top-margin'   ><section  class='av_textblock_section av-lu8gpqre-73cc2c17e6a6497ba6e1b58af22bd9e8'  itemscope=\"itemscope\" itemtype=\"https:\/\/schema.org\/CreativeWork\" ><div class='avia_textblock'  itemprop=\"text\" ><h2>Choisissez parmi les diff\u00e9rentes versions<\/h2>\n<p>La transmission automatique du Fiat Doblo existe en plusieurs versions. Il y a donc toujours une version qui convient \u00e0 votre travail. Vous avez besoin d'un espace de chargement maximal pour les outils, les colis ou d'autres marchandises professionnelles ? Le fourgon est alors un choix logique. Vous souhaitez emmener des coll\u00e8gues ou du personnel avec le chargement ? La version double cabine est alors id\u00e9ale. Que vous soyez coursier, installateur ou prestataire de services, il y a toujours un Doblo pour faciliter votre journ\u00e9e de travail. Pas de complications inutiles, juste un bon v\u00e9hicule utilitaire qui fait ce qu'il est cens\u00e9 faire. Vous choisissez le mod\u00e8le, la bo\u00eete automatique fait le reste.<\/p>\n<\/div><\/section><\/div><div class='flex_column av-aldk9-ee694297f5c4032981677a02caab84d6 av_one_third  avia-builder-el-7  el_after_av_one_half  el_before_av_hr  flex_column_div column-top-margin'   ><style type=\"text\/css\" data-created_by=\"avia_inline_auto\" id=\"style-css-av-l1w9kpsf-4ec3fab772ec7a9adaa33cfc64ff0475\">\n.avia-image-container.av-l1w9kpsf-4ec3fab772ec7a9adaa33cfc64ff0475 .av-image-caption-overlay-center{\ncolor:#ffffff;\n}\n<\/style>\n<div  class='avia-image-container av-l1w9kpsf-4ec3fab772ec7a9adaa33cfc64ff0475 av-styling- avia-align-center  avia-builder-el-8  avia-builder-el-no-sibling'  itemprop=\"image\" itemscope=\"itemscope\" itemtype=\"https:\/\/schema.org\/ImageObject\" ><div class=\"avia-image-container-inner\"><div class=\"avia-image-overlay-wrap\"><img decoding=\"async\" class='wp-image-187 avia-img-lazy-loading-not-187 avia_image' src=\"https:\/\/www.vdhurk.nl\/wp-content\/uploads\/2022\/03\/Voorrad.png\" alt='' title='Stock'  height=\"758\" width=\"1135\"  itemprop=\"thumbnailUrl\" srcset=\"https:\/\/www.vdhurk.nl\/wp-content\/uploads\/2022\/03\/Voorrad.png 1135w, https:\/\/www.vdhurk.nl\/wp-content\/uploads\/2022\/03\/Voorrad-300x200.png 300w, https:\/\/www.vdhurk.nl\/wp-content\/uploads\/2022\/03\/Voorrad-1030x688.png 1030w, https:\/\/www.vdhurk.nl\/wp-content\/uploads\/2022\/03\/Voorrad-768x513.png 768w, https:\/\/www.vdhurk.nl\/wp-content\/uploads\/2022\/03\/Voorrad-18x12.png 18w, https:\/\/www.vdhurk.nl\/wp-content\/uploads\/2022\/03\/Voorrad-705x471.png 705w\" sizes=\"(max-width: 1135px) 100vw, 1135px\" \/><\/div><\/div><\/div><\/div><\/p>\n\n<style type=\"text\/css\" data-created_by=\"avia_inline_auto\" id=\"style-css-av-luqrjpjc-5a23a1fb5f94718ca85316a9df963e2f\">\n#top .hr.hr-invisible.av-luqrjpjc-5a23a1fb5f94718ca85316a9df963e2f{\nheight:50px;\n}\n<\/style>\n<div  class='hr av-luqrjpjc-5a23a1fb5f94718ca85316a9df963e2f hr-invisible  avia-builder-el-9  el_after_av_one_third  el_before_av_textblock'><span class='hr-inner'><span class=\"hr-inner-style\"><\/span><\/span><\/div>\n<section  class='av_textblock_section av-lu8gtjw7-4f3cee9304909518d86d2860d9d582dd'  itemscope=\"itemscope\" itemtype=\"https:\/\/schema.org\/CreativeWork\" ><div class='avia_textblock'  itemprop=\"text\" ><h2>Achat ou location ?<\/h2>\n<p>Chez Van den Hurk, vous avez le choix entre l'achat ou la location d'un v\u00e9hicule de soci\u00e9t\u00e9. L'achat d'une voiture de soci\u00e9t\u00e9 est un investissement important, c'est pourquoi il est important de bien r\u00e9fl\u00e9chir \u00e0 ce qui convient le mieux \u00e0 votre budget et aux besoins de votre entreprise. L'achat signifie que vous \u00eates imm\u00e9diatement propri\u00e9taire, tandis que le leasing signifie que vous \u00eates <a href=\"https:\/\/www.vdhurk.nl\/fr\/location-financiere\/\">louer<\/a> r\u00e9partir le co\u00fbt et payer en plusieurs fois. Au final, vous devenez propri\u00e9taire, sans avoir \u00e0 faire un gros investissement en une seule fois. L'option qui vous convient le mieux d\u00e9pend de votre budget et des besoins de votre entreprise. Quel que soit votre choix, nous nous ferons un plaisir de vous conseiller personnellement.<\/p>\n<h2>Choisir des v\u00e9hicules utilitaires fiables<\/h2>\n<p>Si vous \u00eates un utilisateur professionnel \u00e0 la recherche d'une voiture de soci\u00e9t\u00e9, le Fiat Doblo automatique vaut vraiment la peine d'\u00eatre consid\u00e9r\u00e9. Avec sa grande capacit\u00e9 de chargement et son niveau de confort \u00e9lev\u00e9, ce mod\u00e8le vous offre tout ce dont vous avez besoin sans avoir \u00e0 changer de vitesse. Vous avez encore des questions ? Chez Van den Hurk, nous sommes heureux de vous aider \u00e0 chaque \u00e9tape, afin que vous puissiez faire le bon choix en toute confiance.<\/p>\n<\/div><\/section>","protected":false},"excerpt":{"rendered":"","protected":false},"author":3,"featured_media":0,"parent":397536,"menu_order":0,"comment_status":"closed","ping_status":"closed","template":"","meta":{"_acf_changed":false,"_improvement_type_select":"improve_an_existing","_thumb_yes_seoaic":false,"_frame_yes_seoaic":false,"seoaic_generate_description":"","seoaic_improve_instructions_prompt":"","seoaic_rollback_content_improvement":"","seoaic_idea_thumbnail_generator":"","thumbnail_generated":false,"thumbnail_generate_prompt":"","seoaic_article_description":"","footnotes":""},"class_list":["post-454897","page","type-page","status-publish","hentry"],"acf":[],"yoast_head":"<!-- This site is optimized with the Yoast SEO plugin v27.3 - https:\/\/yoast.com\/product\/yoast-seo-wordpress\/ -->\n<title>Ontdek alles over de Fiat Doblo automaat<\/title>\n<meta name=\"description\" content=\"Overweeg je een Fiat Doblo automaat? Ervaar het rijcomfort en gemak van een automatische transmissie en ontdek of dit de ideale keuze voor jou is.\" \/>\n<meta name=\"robots\" content=\"index, follow, max-snippet:-1, max-image-preview:large, max-video-preview:-1\" \/>\n<link rel=\"canonical\" href=\"https:\/\/www.vdhurk.nl\/fr\/vehicules-commerciaux-fiat\/mercedes-21\/machine\/\" \/>\n<meta property=\"og:locale\" content=\"fr_FR\" \/>\n<meta property=\"og:type\" content=\"article\" \/>\n<meta property=\"og:title\" content=\"Ontdek alles over de Fiat Doblo automaat\" \/>\n<meta property=\"og:description\" content=\"Overweeg je een Fiat Doblo automaat? Ervaar het rijcomfort en gemak van een automatische transmissie en ontdek of dit de ideale keuze voor jou is.\" \/>\n<meta property=\"og:url\" content=\"https:\/\/www.vdhurk.nl\/fr\/vehicules-commerciaux-fiat\/mercedes-21\/machine\/\" \/>\n<meta property=\"og:site_name\" content=\"Van den Hurk Bedrijfswagens\" \/>\n<meta name=\"twitter:card\" content=\"summary_large_image\" \/>\n<meta name=\"twitter:label1\" content=\"Dur\u00e9e de lecture estim\u00e9e\" \/>\n\t<meta name=\"twitter:data1\" content=\"6 minutes\" \/>\n<script type=\"application\/ld+json\" class=\"yoast-schema-graph\">{\"@context\":\"https:\\\/\\\/schema.org\",\"@graph\":[{\"@type\":\"WebPage\",\"@id\":\"https:\\\/\\\/www.vdhurk.nl\\\/fiat-bedrijfswagens\\\/doblo\\\/automaat\\\/\",\"url\":\"https:\\\/\\\/www.vdhurk.nl\\\/fiat-bedrijfswagens\\\/doblo\\\/automaat\\\/\",\"name\":\"Ontdek alles over de Fiat Doblo automaat\",\"isPartOf\":{\"@id\":\"https:\\\/\\\/www.vdhurk.nl\\\/#website\"},\"datePublished\":\"2025-02-28T14:58:31+00:00\",\"description\":\"Overweeg je een Fiat Doblo automaat? Ervaar het rijcomfort en gemak van een automatische transmissie en ontdek of dit de ideale keuze voor jou is.\",\"breadcrumb\":{\"@id\":\"https:\\\/\\\/www.vdhurk.nl\\\/fiat-bedrijfswagens\\\/doblo\\\/automaat\\\/#breadcrumb\"},\"inLanguage\":\"fr-FR\",\"potentialAction\":[{\"@type\":\"ReadAction\",\"target\":[\"https:\\\/\\\/www.vdhurk.nl\\\/fiat-bedrijfswagens\\\/doblo\\\/automaat\\\/\"]}]},{\"@type\":\"BreadcrumbList\",\"@id\":\"https:\\\/\\\/www.vdhurk.nl\\\/fiat-bedrijfswagens\\\/doblo\\\/automaat\\\/#breadcrumb\",\"itemListElement\":[{\"@type\":\"ListItem\",\"position\":1,\"name\":\"Home\",\"item\":\"https:\\\/\\\/www.vdhurk.nl\\\/home\\\/\"},{\"@type\":\"ListItem\",\"position\":2,\"name\":\"Fiat Bedrijfswagens\",\"item\":\"https:\\\/\\\/www.vdhurk.nl\\\/fiat-bedrijfswagens\\\/\"},{\"@type\":\"ListItem\",\"position\":3,\"name\":\"Fiat Doblo\",\"item\":\"https:\\\/\\\/www.vdhurk.nl\\\/fiat-bedrijfswagens\\\/doblo\\\/\"},{\"@type\":\"ListItem\",\"position\":4,\"name\":\"Fiat Doblo Automaat\"}]},{\"@type\":\"WebSite\",\"@id\":\"https:\\\/\\\/www.vdhurk.nl\\\/#website\",\"url\":\"https:\\\/\\\/www.vdhurk.nl\\\/\",\"name\":\"Van den Hurk Bedrijfswagens\",\"description\":\"Van den Hurk bedrijfswagens Helmond\",\"potentialAction\":[{\"@type\":\"SearchAction\",\"target\":{\"@type\":\"EntryPoint\",\"urlTemplate\":\"https:\\\/\\\/www.vdhurk.nl\\\/?s={search_term_string}\"},\"query-input\":{\"@type\":\"PropertyValueSpecification\",\"valueRequired\":true,\"valueName\":\"search_term_string\"}}],\"inLanguage\":\"fr-FR\"}]}<\/script>\n<!-- \/ Yoast SEO plugin. -->","yoast_head_json":{"title":"D\u00e9couvrez tout sur la transmission automatique du Fiat Doblo","description":"Vous envisagez d'acheter une transmission automatique pour votre Fiat Doblo ? D\u00e9couvrez le confort de conduite et la commodit\u00e9 d'une transmission automatique et d\u00e9couvrez si c'est le choix id\u00e9al pour vous.","robots":{"index":"index","follow":"follow","max-snippet":"max-snippet:-1","max-image-preview":"max-image-preview:large","max-video-preview":"max-video-preview:-1"},"canonical":"https:\/\/www.vdhurk.nl\/fr\/vehicules-commerciaux-fiat\/mercedes-21\/machine\/","og_locale":"fr_FR","og_type":"article","og_title":"Ontdek alles over de Fiat Doblo automaat","og_description":"Overweeg je een Fiat Doblo automaat? Ervaar het rijcomfort en gemak van een automatische transmissie en ontdek of dit de ideale keuze voor jou is.","og_url":"https:\/\/www.vdhurk.nl\/fr\/vehicules-commerciaux-fiat\/mercedes-21\/machine\/","og_site_name":"Van den Hurk Bedrijfswagens","twitter_card":"summary_large_image","twitter_misc":{"Dur\u00e9e de lecture estim\u00e9e":"6 minutes"},"schema":{"@context":"https:\/\/schema.org","@graph":[{"@type":"WebPage","@id":"https:\/\/www.vdhurk.nl\/fiat-bedrijfswagens\/doblo\/automaat\/","url":"https:\/\/www.vdhurk.nl\/fiat-bedrijfswagens\/doblo\/automaat\/","name":"D\u00e9couvrez tout sur la transmission automatique du Fiat Doblo","isPartOf":{"@id":"https:\/\/www.vdhurk.nl\/#website"},"datePublished":"2025-02-28T14:58:31+00:00","description":"Vous envisagez d'acheter une transmission automatique pour votre Fiat Doblo ? D\u00e9couvrez le confort de conduite et la commodit\u00e9 d'une transmission automatique et d\u00e9couvrez si c'est le choix id\u00e9al pour vous.","breadcrumb":{"@id":"https:\/\/www.vdhurk.nl\/fiat-bedrijfswagens\/doblo\/automaat\/#breadcrumb"},"inLanguage":"fr-FR","potentialAction":[{"@type":"ReadAction","target":["https:\/\/www.vdhurk.nl\/fiat-bedrijfswagens\/doblo\/automaat\/"]}]},{"@type":"BreadcrumbList","@id":"https:\/\/www.vdhurk.nl\/fiat-bedrijfswagens\/doblo\/automaat\/#breadcrumb","itemListElement":[{"@type":"ListItem","position":1,"name":"Home","item":"https:\/\/www.vdhurk.nl\/home\/"},{"@type":"ListItem","position":2,"name":"Fiat Bedrijfswagens","item":"https:\/\/www.vdhurk.nl\/fiat-bedrijfswagens\/"},{"@type":"ListItem","position":3,"name":"Fiat Doblo","item":"https:\/\/www.vdhurk.nl\/fiat-bedrijfswagens\/doblo\/"},{"@type":"ListItem","position":4,"name":"Fiat Doblo Automaat"}]},{"@type":"WebSite","@id":"https:\/\/www.vdhurk.nl\/#website","url":"https:\/\/www.vdhurk.nl\/","name":"V\u00e9hicules utilitaires Van den Hurk","description":"V\u00e9hicules utilitaires Van den Hurk Helmond","potentialAction":[{"@type":"SearchAction","target":{"@type":"EntryPoint","urlTemplate":"https:\/\/www.vdhurk.nl\/?s={search_term_string}"},"query-input":{"@type":"PropertyValueSpecification","valueRequired":true,"valueName":"search_term_string"}}],"inLanguage":"fr-FR"}]}},"_links":{"self":[{"href":"https:\/\/www.vdhurk.nl\/fr\/wp-json\/wp\/v2\/pages\/454897","targetHints":{"allow":["GET"]}}],"collection":[{"href":"https:\/\/www.vdhurk.nl\/fr\/wp-json\/wp\/v2\/pages"}],"about":[{"href":"https:\/\/www.vdhurk.nl\/fr\/wp-json\/wp\/v2\/types\/page"}],"author":[{"embeddable":true,"href":"https:\/\/www.vdhurk.nl\/fr\/wp-json\/wp\/v2\/users\/3"}],"replies":[{"embeddable":true,"href":"https:\/\/www.vdhurk.nl\/fr\/wp-json\/wp\/v2\/comments?post=454897"}],"version-history":[{"count":2,"href":"https:\/\/www.vdhurk.nl\/fr\/wp-json\/wp\/v2\/pages\/454897\/revisions"}],"predecessor-version":[{"id":454899,"href":"https:\/\/www.vdhurk.nl\/fr\/wp-json\/wp\/v2\/pages\/454897\/revisions\/454899"}],"up":[{"embeddable":true,"href":"https:\/\/www.vdhurk.nl\/fr\/wp-json\/wp\/v2\/pages\/397536"}],"wp:attachment":[{"href":"https:\/\/www.vdhurk.nl\/fr\/wp-json\/wp\/v2\/media?parent=454897"}],"curies":[{"name":"wp","href":"https:\/\/api.w.org\/{rel}","templated":true}]}}