{"id":454894,"date":"2025-02-28T15:59:33","date_gmt":"2025-02-28T14:59:33","guid":{"rendered":"https:\/\/www.vdhurk.nl\/?page_id=454894"},"modified":"2025-02-28T15:59:33","modified_gmt":"2025-02-28T14:59:33","slug":"machine","status":"publish","type":"page","link":"https:\/\/www.vdhurk.nl\/fr\/renault-bedrijfswagens\/master\/automaat\/","title":{"rendered":"Renault Master Automatic"},"content":{"rendered":"<section  class='av_textblock_section av-lu8gnh7d-4ac895489941e586c1d7c8cb72318135'  itemscope=\"itemscope\" itemtype=\"https:\/\/schema.org\/CreativeWork\" ><div class='avia_textblock'  itemprop=\"text\" ><h1>Le Renault Master automatique convient-il \u00e0 votre entreprise ?<\/h1>\n<p>Vous recherchez une camionnette spacieuse et confortable sans avoir \u00e0 changer de vitesse ? Le Renault Master automatique est ce qu'il vous faut ! Ces v\u00e9hicules utilitaires sont tr\u00e8s populaires aupr\u00e8s de nombreux entrepreneurs. Vous voulez savoir ce que ces camionnettes ont \u00e0 vous offrir ? Lisez vite ce qui suit et d\u00e9couvrez si le Renault Master r\u00e9pond \u00e0 vos besoins.<\/p>\n<\/div><\/section>\n\n<style type=\"text\/css\" data-created_by=\"avia_inline_auto\" id=\"style-css-av-lujjddpd-afa3d7a9eabd61123e643ed1228e781e\">\n#top .hr.hr-invisible.av-lujjddpd-afa3d7a9eabd61123e643ed1228e781e{\nheight:50px;\n}\n<\/style>\n<div  class='hr av-lujjddpd-afa3d7a9eabd61123e643ed1228e781e hr-invisible  avia-builder-el-1  el_after_av_textblock  el_before_av_codeblock'><span class='hr-inner'><span class=\"hr-inner-style\"><\/span><\/span><\/div>\n\n\n<style type=\"text\/css\" data-created_by=\"avia_inline_auto\" id=\"style-css-av-ah0xd-63338d9dc6b40410e22a712829c369d6\">\n#top .hr.hr-invisible.av-ah0xd-63338d9dc6b40410e22a712829c369d6{\nheight:50px;\n}\n<\/style>\n<div  class='hr av-ah0xd-63338d9dc6b40410e22a712829c369d6 hr-invisible  avia-builder-el-3  el_after_av_codeblock  el_before_av_textblock'><span class='hr-inner'><span class=\"hr-inner-style\"><\/span><\/span><\/div>\n<section  class='av_textblock_section av-lu8gow1e-300853e458ed741bd87d6cb78e55cc7a'  itemscope=\"itemscope\" itemtype=\"https:\/\/schema.org\/CreativeWork\" ><div class='avia_textblock'  itemprop=\"text\" ><h2>Pourquoi choisir le Renault Master automatique ?<\/h2>\n<p>Vous n'avez pas envie de passer \u00e0 la vitesse sup\u00e9rieure ? C'est compr\u00e9hensible. Heureusement, le Renault Master est \u00e9galement disponible en version automatique ! Cela signifie une conduite souple et d\u00e9tendue, sans avoir \u00e0 se pr\u00e9occuper de l'embrayage et du changement de vitesse \u00e0 chaque fois. C'est l'id\u00e9al dans la circulation urbaine dense ou sur les longs trajets. Et non, vous n'avez pas \u00e0 vous soucier de la charge utile ou du poids de remorquage, qui restent largement identiques \u00e0 ceux de la version manuelle. En outre, la bo\u00eete automatique est parfaite pour ceux qui sont souvent sur la route et qui veulent conduire sans souci. Finies les jambes fatigu\u00e9es apr\u00e8s une longue journ\u00e9e de travail, finis les embouteillages avec des mont\u00e9es et descentes de vitesses incessantes. Montez \u00e0 bord, appuyez sur l'acc\u00e9l\u00e9rateur et laissez la bo\u00eete automatique faire le travail !<\/p>\n<\/div><\/section>\n<div class='flex_column av-f64w1-da126f42b61613402309283c14245a25 av_one_half  avia-builder-el-5  el_after_av_textblock  el_before_av_one_third  first flex_column_div column-top-margin'   ><section  class='av_textblock_section av-lu8gpqre-73cc2c17e6a6497ba6e1b58af22bd9e8'  itemscope=\"itemscope\" itemtype=\"https:\/\/schema.org\/CreativeWork\" ><div class='avia_textblock'  itemprop=\"text\" ><h2>Diff\u00e9rentes versions<\/h2>\n<p>Le Renault Master automatique est disponible en diff\u00e9rentes versions, de sorte que vous trouverez toujours un mod\u00e8le adapt\u00e9 \u00e0 vos activit\u00e9s. Vous optez pour un fourgon ferm\u00e9 offrant un maximum d'espace de chargement ou vous pr\u00e9f\u00e9rez une double cabine avec des si\u00e8ges suppl\u00e9mentaires ? Quels que soient vos besoins, il y a toujours un Renault Master adapt\u00e9 \u00e0 votre activit\u00e9. Vous ne trouvez pas votre Renault Master automatique id\u00e9al dans notre gamme ? Demandez \u00e0 un <a href=\"https:\/\/www.vdhurk.nl\/fr\/alerte-boursiere\/\">alerte stock<\/a> En.<\/p>\n<\/div><\/section><\/div><div class='flex_column av-aldk9-ee694297f5c4032981677a02caab84d6 av_one_third  avia-builder-el-7  el_after_av_one_half  el_before_av_hr  flex_column_div column-top-margin'   ><style type=\"text\/css\" data-created_by=\"avia_inline_auto\" id=\"style-css-av-l1w9kpsf-4ec3fab772ec7a9adaa33cfc64ff0475\">\n.avia-image-container.av-l1w9kpsf-4ec3fab772ec7a9adaa33cfc64ff0475 .av-image-caption-overlay-center{\ncolor:#ffffff;\n}\n<\/style>\n<div  class='avia-image-container av-l1w9kpsf-4ec3fab772ec7a9adaa33cfc64ff0475 av-styling- avia-align-center  avia-builder-el-8  avia-builder-el-no-sibling'  itemprop=\"image\" itemscope=\"itemscope\" itemtype=\"https:\/\/schema.org\/ImageObject\" ><div class=\"avia-image-container-inner\"><div class=\"avia-image-overlay-wrap\"><img decoding=\"async\" class='wp-image-187 avia-img-lazy-loading-not-187 avia_image' src=\"https:\/\/www.vdhurk.nl\/wp-content\/uploads\/2022\/03\/Voorrad.png\" alt='' title='Stock'  height=\"758\" width=\"1135\"  itemprop=\"thumbnailUrl\" srcset=\"https:\/\/www.vdhurk.nl\/wp-content\/uploads\/2022\/03\/Voorrad.png 1135w, https:\/\/www.vdhurk.nl\/wp-content\/uploads\/2022\/03\/Voorrad-300x200.png 300w, https:\/\/www.vdhurk.nl\/wp-content\/uploads\/2022\/03\/Voorrad-1030x688.png 1030w, https:\/\/www.vdhurk.nl\/wp-content\/uploads\/2022\/03\/Voorrad-768x513.png 768w, https:\/\/www.vdhurk.nl\/wp-content\/uploads\/2022\/03\/Voorrad-18x12.png 18w, https:\/\/www.vdhurk.nl\/wp-content\/uploads\/2022\/03\/Voorrad-705x471.png 705w\" sizes=\"(max-width: 1135px) 100vw, 1135px\" \/><\/div><\/div><\/div><\/div><\/p>\n\n<style type=\"text\/css\" data-created_by=\"avia_inline_auto\" id=\"style-css-av-luqrjpjc-5a23a1fb5f94718ca85316a9df963e2f\">\n#top .hr.hr-invisible.av-luqrjpjc-5a23a1fb5f94718ca85316a9df963e2f{\nheight:50px;\n}\n<\/style>\n<div  class='hr av-luqrjpjc-5a23a1fb5f94718ca85316a9df963e2f hr-invisible  avia-builder-el-9  el_after_av_one_third  el_before_av_textblock'><span class='hr-inner'><span class=\"hr-inner-style\"><\/span><\/span><\/div>\n<section  class='av_textblock_section av-lu8gtjw7-4f3cee9304909518d86d2860d9d582dd'  itemscope=\"itemscope\" itemtype=\"https:\/\/schema.org\/CreativeWork\" ><div class='avia_textblock'  itemprop=\"text\" ><h2>Quel est le co\u00fbt d'une Renault Master automatique ?<\/h2>\n<p>Le prix d'une Renault Master \u00e0 transmission automatique d\u00e9pend du mod\u00e8le, de l'ann\u00e9e de fabrication et de l'\u00e9quipement. Des mod\u00e8les pratiques aux variantes plus luxueuses offrant plus de confort et de technologie, il y a toujours une option adapt\u00e9e \u00e0 votre budget et \u00e0 vos besoins. Les transmissions automatiques ont tendance \u00e0 \u00eatre l\u00e9g\u00e8rement plus ch\u00e8res que les versions manuelles, mais vous b\u00e9n\u00e9ficiez en retour d'un confort de conduite nettement sup\u00e9rieur.<\/p>\n<h2>Options d'achat<\/h2>\n<p>Vous \u00eates confront\u00e9 au choix suivant : achat ou location ? Les deux options ont leurs avantages. Si vous pr\u00e9f\u00e9rez payer en une seule fois pour \u00eatre imm\u00e9diatement propri\u00e9taire, l'achat est la solution la plus rapide. Mais si vous pr\u00e9f\u00e9rez \u00e9taler un peu votre budget, l'achat est la solution la plus rapide. <a href=\"https:\/\/www.vdhurk.nl\/fr\/location-financiere\/\">location financi\u00e8re<\/a> une option intelligente. Vous partez imm\u00e9diatement avec votre Renault Master automatique et vous payez par tranches fixes et g\u00e9rables. Ce qui est g\u00e9nial, c'est qu'\u00e0 la fin du contrat, le v\u00e9hicule est \u00e0 vous. Vous combinez ainsi flexibilit\u00e9 et planification financi\u00e8re intelligente.<\/p>\n<h2>Trouvez la voiture de soci\u00e9t\u00e9 id\u00e9ale<\/h2>\n<p>\u00cates-vous convaincu que le Renault Master automatic correspond \u00e0 votre activit\u00e9 ? Ou bien vous avez encore des doutes et vous souhaitez obtenir des informations suppl\u00e9mentaires ? Pas de probl\u00e8me. Nous nous ferons un plaisir de vous aider \u00e0 faire le bon choix. Consultez notre offre actuelle ou contactez-nous.<\/p>\n<\/div><\/section>","protected":false},"excerpt":{"rendered":"","protected":false},"author":3,"featured_media":0,"parent":422128,"menu_order":0,"comment_status":"closed","ping_status":"closed","template":"","meta":{"_acf_changed":false,"_improvement_type_select":"improve_an_existing","_thumb_yes_seoaic":false,"_frame_yes_seoaic":false,"seoaic_generate_description":"","seoaic_improve_instructions_prompt":"","seoaic_rollback_content_improvement":"","seoaic_idea_thumbnail_generator":"","thumbnail_generated":false,"thumbnail_generate_prompt":"","seoaic_article_description":"","footnotes":""},"class_list":["post-454894","page","type-page","status-publish","hentry"],"acf":[],"yoast_head":"<!-- This site is optimized with the Yoast SEO plugin v27.3 - https:\/\/yoast.com\/product\/yoast-seo-wordpress\/ -->\n<title>De Renault Master automaat | Ideaal voor zakelijk gebruik<\/title>\n<meta name=\"description\" content=\"Met de Renault Master automaat rijd je moeiteloos en comfortabel. Ontdek en ervaar de vele voordelen van deze bedrijfswagen.\" \/>\n<meta name=\"robots\" content=\"index, follow, max-snippet:-1, max-image-preview:large, max-video-preview:-1\" \/>\n<link rel=\"canonical\" href=\"https:\/\/www.vdhurk.nl\/fr\/renault-commercial-vehicles\/maitre\/machine\/\" \/>\n<meta property=\"og:locale\" content=\"fr_FR\" \/>\n<meta property=\"og:type\" content=\"article\" \/>\n<meta property=\"og:title\" content=\"De Renault Master automaat | Ideaal voor zakelijk gebruik\" \/>\n<meta property=\"og:description\" content=\"Met de Renault Master automaat rijd je moeiteloos en comfortabel. Ontdek en ervaar de vele voordelen van deze bedrijfswagen.\" \/>\n<meta property=\"og:url\" content=\"https:\/\/www.vdhurk.nl\/fr\/renault-commercial-vehicles\/maitre\/machine\/\" \/>\n<meta property=\"og:site_name\" content=\"Van den Hurk Bedrijfswagens\" \/>\n<meta name=\"twitter:card\" content=\"summary_large_image\" \/>\n<meta name=\"twitter:label1\" content=\"Dur\u00e9e de lecture estim\u00e9e\" \/>\n\t<meta name=\"twitter:data1\" content=\"4 minutes\" \/>\n<script type=\"application\/ld+json\" class=\"yoast-schema-graph\">{\"@context\":\"https:\\\/\\\/schema.org\",\"@graph\":[{\"@type\":\"WebPage\",\"@id\":\"https:\\\/\\\/www.vdhurk.nl\\\/renault-bedrijfswagens\\\/master\\\/automaat\\\/\",\"url\":\"https:\\\/\\\/www.vdhurk.nl\\\/renault-bedrijfswagens\\\/master\\\/automaat\\\/\",\"name\":\"De Renault Master automaat | Ideaal voor zakelijk gebruik\",\"isPartOf\":{\"@id\":\"https:\\\/\\\/www.vdhurk.nl\\\/#website\"},\"datePublished\":\"2025-02-28T14:59:33+00:00\",\"description\":\"Met de Renault Master automaat rijd je moeiteloos en comfortabel. Ontdek en ervaar de vele voordelen van deze bedrijfswagen.\",\"breadcrumb\":{\"@id\":\"https:\\\/\\\/www.vdhurk.nl\\\/renault-bedrijfswagens\\\/master\\\/automaat\\\/#breadcrumb\"},\"inLanguage\":\"fr-FR\",\"potentialAction\":[{\"@type\":\"ReadAction\",\"target\":[\"https:\\\/\\\/www.vdhurk.nl\\\/renault-bedrijfswagens\\\/master\\\/automaat\\\/\"]}]},{\"@type\":\"BreadcrumbList\",\"@id\":\"https:\\\/\\\/www.vdhurk.nl\\\/renault-bedrijfswagens\\\/master\\\/automaat\\\/#breadcrumb\",\"itemListElement\":[{\"@type\":\"ListItem\",\"position\":1,\"name\":\"Home\",\"item\":\"https:\\\/\\\/www.vdhurk.nl\\\/home\\\/\"},{\"@type\":\"ListItem\",\"position\":2,\"name\":\"Renault Bedrijfswagens\",\"item\":\"https:\\\/\\\/www.vdhurk.nl\\\/renault-bedrijfswagens\\\/\"},{\"@type\":\"ListItem\",\"position\":3,\"name\":\"Renault Master\",\"item\":\"https:\\\/\\\/www.vdhurk.nl\\\/renault-bedrijfswagens\\\/master\\\/\"},{\"@type\":\"ListItem\",\"position\":4,\"name\":\"Renault Master Automaat\"}]},{\"@type\":\"WebSite\",\"@id\":\"https:\\\/\\\/www.vdhurk.nl\\\/#website\",\"url\":\"https:\\\/\\\/www.vdhurk.nl\\\/\",\"name\":\"Van den Hurk Bedrijfswagens\",\"description\":\"Van den Hurk bedrijfswagens Helmond\",\"potentialAction\":[{\"@type\":\"SearchAction\",\"target\":{\"@type\":\"EntryPoint\",\"urlTemplate\":\"https:\\\/\\\/www.vdhurk.nl\\\/?s={search_term_string}\"},\"query-input\":{\"@type\":\"PropertyValueSpecification\",\"valueRequired\":true,\"valueName\":\"search_term_string\"}}],\"inLanguage\":\"fr-FR\"}]}<\/script>\n<!-- \/ Yoast SEO plugin. -->","yoast_head_json":{"title":"Le Renault Master automatique | Id\u00e9al pour les entreprises","description":"Avec le Renault Master automatique, la conduite se fait sans effort et avec confort. D\u00e9couvrez et exp\u00e9rimentez les nombreux avantages de ce v\u00e9hicule utilitaire.","robots":{"index":"index","follow":"follow","max-snippet":"max-snippet:-1","max-image-preview":"max-image-preview:large","max-video-preview":"max-video-preview:-1"},"canonical":"https:\/\/www.vdhurk.nl\/fr\/renault-commercial-vehicles\/maitre\/machine\/","og_locale":"fr_FR","og_type":"article","og_title":"De Renault Master automaat | Ideaal voor zakelijk gebruik","og_description":"Met de Renault Master automaat rijd je moeiteloos en comfortabel. Ontdek en ervaar de vele voordelen van deze bedrijfswagen.","og_url":"https:\/\/www.vdhurk.nl\/fr\/renault-commercial-vehicles\/maitre\/machine\/","og_site_name":"Van den Hurk Bedrijfswagens","twitter_card":"summary_large_image","twitter_misc":{"Dur\u00e9e de lecture estim\u00e9e":"4 minutes"},"schema":{"@context":"https:\/\/schema.org","@graph":[{"@type":"WebPage","@id":"https:\/\/www.vdhurk.nl\/renault-bedrijfswagens\/master\/automaat\/","url":"https:\/\/www.vdhurk.nl\/renault-bedrijfswagens\/master\/automaat\/","name":"Le Renault Master automatique | Id\u00e9al pour les entreprises","isPartOf":{"@id":"https:\/\/www.vdhurk.nl\/#website"},"datePublished":"2025-02-28T14:59:33+00:00","description":"Avec le Renault Master automatique, la conduite se fait sans effort et avec confort. D\u00e9couvrez et exp\u00e9rimentez les nombreux avantages de ce v\u00e9hicule utilitaire.","breadcrumb":{"@id":"https:\/\/www.vdhurk.nl\/renault-bedrijfswagens\/master\/automaat\/#breadcrumb"},"inLanguage":"fr-FR","potentialAction":[{"@type":"ReadAction","target":["https:\/\/www.vdhurk.nl\/renault-bedrijfswagens\/master\/automaat\/"]}]},{"@type":"BreadcrumbList","@id":"https:\/\/www.vdhurk.nl\/renault-bedrijfswagens\/master\/automaat\/#breadcrumb","itemListElement":[{"@type":"ListItem","position":1,"name":"Home","item":"https:\/\/www.vdhurk.nl\/home\/"},{"@type":"ListItem","position":2,"name":"Renault Bedrijfswagens","item":"https:\/\/www.vdhurk.nl\/renault-bedrijfswagens\/"},{"@type":"ListItem","position":3,"name":"Renault Master","item":"https:\/\/www.vdhurk.nl\/renault-bedrijfswagens\/master\/"},{"@type":"ListItem","position":4,"name":"Renault Master Automaat"}]},{"@type":"WebSite","@id":"https:\/\/www.vdhurk.nl\/#website","url":"https:\/\/www.vdhurk.nl\/","name":"V\u00e9hicules utilitaires Van den Hurk","description":"V\u00e9hicules utilitaires Van den Hurk Helmond","potentialAction":[{"@type":"SearchAction","target":{"@type":"EntryPoint","urlTemplate":"https:\/\/www.vdhurk.nl\/?s={search_term_string}"},"query-input":{"@type":"PropertyValueSpecification","valueRequired":true,"valueName":"search_term_string"}}],"inLanguage":"fr-FR"}]}},"_links":{"self":[{"href":"https:\/\/www.vdhurk.nl\/fr\/wp-json\/wp\/v2\/pages\/454894","targetHints":{"allow":["GET"]}}],"collection":[{"href":"https:\/\/www.vdhurk.nl\/fr\/wp-json\/wp\/v2\/pages"}],"about":[{"href":"https:\/\/www.vdhurk.nl\/fr\/wp-json\/wp\/v2\/types\/page"}],"author":[{"embeddable":true,"href":"https:\/\/www.vdhurk.nl\/fr\/wp-json\/wp\/v2\/users\/3"}],"replies":[{"embeddable":true,"href":"https:\/\/www.vdhurk.nl\/fr\/wp-json\/wp\/v2\/comments?post=454894"}],"version-history":[{"count":2,"href":"https:\/\/www.vdhurk.nl\/fr\/wp-json\/wp\/v2\/pages\/454894\/revisions"}],"predecessor-version":[{"id":454896,"href":"https:\/\/www.vdhurk.nl\/fr\/wp-json\/wp\/v2\/pages\/454894\/revisions\/454896"}],"up":[{"embeddable":true,"href":"https:\/\/www.vdhurk.nl\/fr\/wp-json\/wp\/v2\/pages\/422128"}],"wp:attachment":[{"href":"https:\/\/www.vdhurk.nl\/fr\/wp-json\/wp\/v2\/media?parent=454894"}],"curies":[{"name":"wp","href":"https:\/\/api.w.org\/{rel}","templated":true}]}}