{"id":454891,"date":"2025-02-28T15:35:12","date_gmt":"2025-02-28T14:35:12","guid":{"rendered":"https:\/\/www.vdhurk.nl\/?page_id=454891"},"modified":"2025-02-28T15:35:12","modified_gmt":"2025-02-28T14:35:12","slug":"machine","status":"publish","type":"page","link":"https:\/\/www.vdhurk.nl\/fr\/renault-bedrijfswagens\/kangoo\/automaat\/","title":{"rendered":"Renault Kangoo Automatique"},"content":{"rendered":"<section  class='av_textblock_section av-lu8gnh7d-4ac895489941e586c1d7c8cb72318135'  itemscope=\"itemscope\" itemtype=\"https:\/\/schema.org\/CreativeWork\" ><div class='avia_textblock'  itemprop=\"text\" ><h1>Choisirez-vous le Renault Kangoo automatique ?<\/h1>\n<p>Vous \u00eates \u00e0 la recherche d'un nouveau v\u00e9hicule utilitaire sans avoir \u00e0 changer de vitesse ? Le Renault Kangoo automatique est un choix judicieux ! Polyvalent et appr\u00e9ci\u00e9 des entrepreneurs gr\u00e2ce aux diff\u00e9rentes versions et options que vous pouvez adapter \u00e0 vos besoins. Curieux de conna\u00eetre les possibilit\u00e9s ? D\u00e9couvrez ce v\u00e9hicule !<\/p>\n<\/div><\/section>\n\n<style type=\"text\/css\" data-created_by=\"avia_inline_auto\" id=\"style-css-av-lujjddpd-afa3d7a9eabd61123e643ed1228e781e\">\n#top .hr.hr-invisible.av-lujjddpd-afa3d7a9eabd61123e643ed1228e781e{\nheight:50px;\n}\n<\/style>\n<div  class='hr av-lujjddpd-afa3d7a9eabd61123e643ed1228e781e hr-invisible  avia-builder-el-1  el_after_av_textblock  el_before_av_codeblock'><span class='hr-inner'><span class=\"hr-inner-style\"><\/span><\/span><\/div>\n\n\n<style type=\"text\/css\" data-created_by=\"avia_inline_auto\" id=\"style-css-av-ah0xd-63338d9dc6b40410e22a712829c369d6\">\n#top .hr.hr-invisible.av-ah0xd-63338d9dc6b40410e22a712829c369d6{\nheight:50px;\n}\n<\/style>\n<div  class='hr av-ah0xd-63338d9dc6b40410e22a712829c369d6 hr-invisible  avia-builder-el-3  el_after_av_codeblock  el_before_av_textblock'><span class='hr-inner'><span class=\"hr-inner-style\"><\/span><\/span><\/div>\n<section  class='av_textblock_section av-lu8gow1e-300853e458ed741bd87d6cb78e55cc7a'  itemscope=\"itemscope\" itemtype=\"https:\/\/schema.org\/CreativeWork\" ><div class='avia_textblock'  itemprop=\"text\" ><h2>D\u00e9couvrez les avantages d'un syst\u00e8me automatique<\/h2>\n<p>De plus en plus d'entrepreneurs optent pour un v\u00e9hicule utilitaire dot\u00e9 d'une transmission automatique, et ce n'est pas sans raison. Une transmission automatique offre de nombreux avantages qui conviennent parfaitement aux entrepreneurs. Par exemple, une transmission automatique rend la conduite non seulement plus facile, mais aussi plus confortable, car il n'est plus n\u00e9cessaire de changer de vitesse. C'est particuli\u00e8rement id\u00e9al dans la circulation urbaine dense ou dans les embouteillages. De plus, vous pouvez vous concentrer pleinement sur la route, sans risquer de caler comme avec une voiture manuelle. En r\u00e9sum\u00e9, une voiture automatique est un choix judicieux pour un plaisir de conduire efficace et sans effort.<\/p>\n<\/div><\/section>\n<div class='flex_column av-f64w1-da126f42b61613402309283c14245a25 av_one_half  avia-builder-el-5  el_after_av_textblock  el_before_av_one_third  first flex_column_div column-top-margin'   ><section  class='av_textblock_section av-lu8gpqre-73cc2c17e6a6497ba6e1b58af22bd9e8'  itemscope=\"itemscope\" itemtype=\"https:\/\/schema.org\/CreativeWork\" ><div class='avia_textblock'  itemprop=\"text\" ><h2>Tout ce dont vous avez besoin \u00e0 port\u00e9e de main<\/h2>\n<p>Le Renault Kangoo automatique est con\u00e7u pour les utilisateurs professionnels qui souhaitent voyager sans effort et efficacement. Avec sa grande capacit\u00e9 de chargement et son agencement intelligent, vous utilisez l'espace au maximum. La transmission automatique assure un confort de conduite sans faille, id\u00e9al pour la circulation urbaine et les longs trajets. De plus, le Kangoo offre des syst\u00e8mes d'aide \u00e0 la conduite modernes, pour vous permettre d'accomplir chaque journ\u00e9e de travail avec aisance. Choisissez un v\u00e9hicule utilitaire fiable qui vous facilite le travail. D\u00e9couvrez d\u00e8s aujourd'hui votre Renault Kangoo automatique id\u00e9al !<\/p>\n<\/div><\/section><\/div><div class='flex_column av-aldk9-ee694297f5c4032981677a02caab84d6 av_one_third  avia-builder-el-7  el_after_av_one_half  el_before_av_hr  flex_column_div column-top-margin'   ><style type=\"text\/css\" data-created_by=\"avia_inline_auto\" id=\"style-css-av-l1w9kpsf-4ec3fab772ec7a9adaa33cfc64ff0475\">\n.avia-image-container.av-l1w9kpsf-4ec3fab772ec7a9adaa33cfc64ff0475 .av-image-caption-overlay-center{\ncolor:#ffffff;\n}\n<\/style>\n<div  class='avia-image-container av-l1w9kpsf-4ec3fab772ec7a9adaa33cfc64ff0475 av-styling- avia-align-center  avia-builder-el-8  avia-builder-el-no-sibling'  itemprop=\"image\" itemscope=\"itemscope\" itemtype=\"https:\/\/schema.org\/ImageObject\" ><div class=\"avia-image-container-inner\"><div class=\"avia-image-overlay-wrap\"><img decoding=\"async\" class='wp-image-187 avia-img-lazy-loading-not-187 avia_image' src=\"https:\/\/www.vdhurk.nl\/wp-content\/uploads\/2022\/03\/Voorrad.png\" alt='' title='Stock'  height=\"758\" width=\"1135\"  itemprop=\"thumbnailUrl\" srcset=\"https:\/\/www.vdhurk.nl\/wp-content\/uploads\/2022\/03\/Voorrad.png 1135w, https:\/\/www.vdhurk.nl\/wp-content\/uploads\/2022\/03\/Voorrad-300x200.png 300w, https:\/\/www.vdhurk.nl\/wp-content\/uploads\/2022\/03\/Voorrad-1030x688.png 1030w, https:\/\/www.vdhurk.nl\/wp-content\/uploads\/2022\/03\/Voorrad-768x513.png 768w, https:\/\/www.vdhurk.nl\/wp-content\/uploads\/2022\/03\/Voorrad-18x12.png 18w, https:\/\/www.vdhurk.nl\/wp-content\/uploads\/2022\/03\/Voorrad-705x471.png 705w\" sizes=\"(max-width: 1135px) 100vw, 1135px\" \/><\/div><\/div><\/div><\/div><\/p>\n\n<style type=\"text\/css\" data-created_by=\"avia_inline_auto\" id=\"style-css-av-luqrjpjc-5a23a1fb5f94718ca85316a9df963e2f\">\n#top .hr.hr-invisible.av-luqrjpjc-5a23a1fb5f94718ca85316a9df963e2f{\nheight:50px;\n}\n<\/style>\n<div  class='hr av-luqrjpjc-5a23a1fb5f94718ca85316a9df963e2f hr-invisible  avia-builder-el-9  el_after_av_one_third  el_before_av_textblock'><span class='hr-inner'><span class=\"hr-inner-style\"><\/span><\/span><\/div>\n<section  class='av_textblock_section av-lu8gtjw7-4f3cee9304909518d86d2860d9d582dd'  itemscope=\"itemscope\" itemtype=\"https:\/\/schema.org\/CreativeWork\" ><div class='avia_textblock'  itemprop=\"text\" ><h2>Quels sont les frais \u00e0 pr\u00e9voir pour une Renault Kangoo ?<\/h2>\n<p>Vous \u00eates curieux de conna\u00eetre le prix d'une Renault Kangoo automatique ? Cela d\u00e9pend de la finition, des options et de la motorisation que vous choisissez. Que vous optiez pour un mod\u00e8le neuf ou une occasion fiable, il y a toujours un Kangoo qui correspond \u00e0 votre budget. Vous voulez savoir quelles sont les options qui s'offrent \u00e0 vous ? Consultez la gamme et d\u00e9couvrez la voiture de soci\u00e9t\u00e9 qui convient le mieux \u00e0 votre entreprise !<\/p>\n<h2>Le cr\u00e9dit-bail est-il fait pour vous ?<\/h2>\n<p>Vous voulez acheter un Renault Kangoo ? Chez Van den Hurk, c'est vous qui d\u00e9cidez du mode de paiement. Vous voulez payer en une seule fois et devenir imm\u00e9diatement propri\u00e9taire ? Pas de probl\u00e8me ! Mais saviez-vous que vous pouvez aussi opter pour <a href=\"https:\/\/www.vdhurk.nl\/fr\/location-financiere\/\">location financi\u00e8re<\/a>? Cela vous permet de partir imm\u00e9diatement avec votre voiture de soci\u00e9t\u00e9, tout en payant par mensualit\u00e9s fixes. Vous combinez ainsi le confort d'un nouveau v\u00e9hicule de soci\u00e9t\u00e9 et la flexibilit\u00e9 financi\u00e8re.<\/p>\n<h2>Gardez un \u0153il sur notre offre actuelle<\/h2>\n<p>Vous souhaitez acheter un Renault Kangoo automatique ? Ou vous avez besoin de plus d'informations avant de prendre une d\u00e9cision ? Nous nous ferons un plaisir de vous aider \u00e0 faire le bon choix. Consultez notre offre actuelle ou contactez-nous.<\/p>\n<\/div><\/section>","protected":false},"excerpt":{"rendered":"","protected":false},"author":3,"featured_media":0,"parent":409559,"menu_order":0,"comment_status":"closed","ping_status":"closed","template":"","meta":{"_acf_changed":false,"_improvement_type_select":"improve_an_existing","_thumb_yes_seoaic":false,"_frame_yes_seoaic":false,"seoaic_generate_description":"","seoaic_improve_instructions_prompt":"","seoaic_rollback_content_improvement":"","seoaic_idea_thumbnail_generator":"","thumbnail_generated":false,"thumbnail_generate_prompt":"","seoaic_article_description":"","footnotes":""},"class_list":["post-454891","page","type-page","status-publish","hentry"],"acf":[],"yoast_head":"<!-- This site is optimized with the Yoast SEO plugin v27.5 - https:\/\/yoast.com\/product\/yoast-seo-wordpress\/ -->\n<title>Ontdek de voordelen van de Renault Kangoo automaat<\/title>\n<meta name=\"description\" content=\"Op zoek naar een Renault Kangoo automaat? Ontdek de verschillende varianten en vind de bedrijfswagen die perfect bij jouw onderneming past.\" \/>\n<meta name=\"robots\" content=\"index, follow, max-snippet:-1, max-image-preview:large, max-video-preview:-1\" \/>\n<link rel=\"canonical\" href=\"https:\/\/www.vdhurk.nl\/fr\/renault-commercial-vehicles\/mercedes-10\/machine\/\" \/>\n<meta property=\"og:locale\" content=\"fr_FR\" \/>\n<meta property=\"og:type\" content=\"article\" \/>\n<meta property=\"og:title\" content=\"Ontdek de voordelen van de Renault Kangoo automaat\" \/>\n<meta property=\"og:description\" content=\"Op zoek naar een Renault Kangoo automaat? Ontdek de verschillende varianten en vind de bedrijfswagen die perfect bij jouw onderneming past.\" \/>\n<meta property=\"og:url\" content=\"https:\/\/www.vdhurk.nl\/fr\/renault-commercial-vehicles\/mercedes-10\/machine\/\" \/>\n<meta property=\"og:site_name\" content=\"Van den Hurk Bedrijfswagens\" \/>\n<meta name=\"twitter:card\" content=\"summary_large_image\" \/>\n<meta name=\"twitter:label1\" content=\"Dur\u00e9e de lecture estim\u00e9e\" \/>\n\t<meta name=\"twitter:data1\" content=\"4 minutes\" \/>\n<script type=\"application\/ld+json\" class=\"yoast-schema-graph\">{\"@context\":\"https:\\\/\\\/schema.org\",\"@graph\":[{\"@type\":\"WebPage\",\"@id\":\"https:\\\/\\\/www.vdhurk.nl\\\/renault-bedrijfswagens\\\/kangoo\\\/automaat\\\/\",\"url\":\"https:\\\/\\\/www.vdhurk.nl\\\/renault-bedrijfswagens\\\/kangoo\\\/automaat\\\/\",\"name\":\"Ontdek de voordelen van de Renault Kangoo automaat\",\"isPartOf\":{\"@id\":\"https:\\\/\\\/www.vdhurk.nl\\\/#website\"},\"datePublished\":\"2025-02-28T14:35:12+00:00\",\"description\":\"Op zoek naar een Renault Kangoo automaat? Ontdek de verschillende varianten en vind de bedrijfswagen die perfect bij jouw onderneming past.\",\"breadcrumb\":{\"@id\":\"https:\\\/\\\/www.vdhurk.nl\\\/renault-bedrijfswagens\\\/kangoo\\\/automaat\\\/#breadcrumb\"},\"inLanguage\":\"fr-FR\",\"potentialAction\":[{\"@type\":\"ReadAction\",\"target\":[\"https:\\\/\\\/www.vdhurk.nl\\\/renault-bedrijfswagens\\\/kangoo\\\/automaat\\\/\"]}]},{\"@type\":\"BreadcrumbList\",\"@id\":\"https:\\\/\\\/www.vdhurk.nl\\\/renault-bedrijfswagens\\\/kangoo\\\/automaat\\\/#breadcrumb\",\"itemListElement\":[{\"@type\":\"ListItem\",\"position\":1,\"name\":\"Home\",\"item\":\"https:\\\/\\\/www.vdhurk.nl\\\/home\\\/\"},{\"@type\":\"ListItem\",\"position\":2,\"name\":\"Renault Bedrijfswagens\",\"item\":\"https:\\\/\\\/www.vdhurk.nl\\\/renault-bedrijfswagens\\\/\"},{\"@type\":\"ListItem\",\"position\":3,\"name\":\"Renault Kangoo\",\"item\":\"https:\\\/\\\/www.vdhurk.nl\\\/renault-bedrijfswagens\\\/kangoo\\\/\"},{\"@type\":\"ListItem\",\"position\":4,\"name\":\"Renault Kangoo Automaat\"}]},{\"@type\":\"WebSite\",\"@id\":\"https:\\\/\\\/www.vdhurk.nl\\\/#website\",\"url\":\"https:\\\/\\\/www.vdhurk.nl\\\/\",\"name\":\"Van den Hurk Bedrijfswagens\",\"description\":\"Van den Hurk bedrijfswagens Helmond\",\"potentialAction\":[{\"@type\":\"SearchAction\",\"target\":{\"@type\":\"EntryPoint\",\"urlTemplate\":\"https:\\\/\\\/www.vdhurk.nl\\\/?s={search_term_string}\"},\"query-input\":{\"@type\":\"PropertyValueSpecification\",\"valueRequired\":true,\"valueName\":\"search_term_string\"}}],\"inLanguage\":\"fr-FR\"}]}<\/script>\n<!-- \/ Yoast SEO plugin. -->","yoast_head_json":{"title":"D\u00e9couvrez les avantages de la transmission automatique de Renault Kangoo","description":"Vous cherchez un Renault Kangoo automatique ? D\u00e9couvrez les diff\u00e9rentes variantes et trouvez le v\u00e9hicule utilitaire qui convient parfaitement \u00e0 votre entreprise.","robots":{"index":"index","follow":"follow","max-snippet":"max-snippet:-1","max-image-preview":"max-image-preview:large","max-video-preview":"max-video-preview:-1"},"canonical":"https:\/\/www.vdhurk.nl\/fr\/renault-commercial-vehicles\/mercedes-10\/machine\/","og_locale":"fr_FR","og_type":"article","og_title":"Ontdek de voordelen van de Renault Kangoo automaat","og_description":"Op zoek naar een Renault Kangoo automaat? Ontdek de verschillende varianten en vind de bedrijfswagen die perfect bij jouw onderneming past.","og_url":"https:\/\/www.vdhurk.nl\/fr\/renault-commercial-vehicles\/mercedes-10\/machine\/","og_site_name":"Van den Hurk Bedrijfswagens","twitter_card":"summary_large_image","twitter_misc":{"Dur\u00e9e de lecture estim\u00e9e":"4 minutes"},"schema":{"@context":"https:\/\/schema.org","@graph":[{"@type":"WebPage","@id":"https:\/\/www.vdhurk.nl\/renault-bedrijfswagens\/kangoo\/automaat\/","url":"https:\/\/www.vdhurk.nl\/renault-bedrijfswagens\/kangoo\/automaat\/","name":"D\u00e9couvrez les avantages de la transmission automatique de Renault Kangoo","isPartOf":{"@id":"https:\/\/www.vdhurk.nl\/#website"},"datePublished":"2025-02-28T14:35:12+00:00","description":"Vous cherchez un Renault Kangoo automatique ? D\u00e9couvrez les diff\u00e9rentes variantes et trouvez le v\u00e9hicule utilitaire qui convient parfaitement \u00e0 votre entreprise.","breadcrumb":{"@id":"https:\/\/www.vdhurk.nl\/renault-bedrijfswagens\/kangoo\/automaat\/#breadcrumb"},"inLanguage":"fr-FR","potentialAction":[{"@type":"ReadAction","target":["https:\/\/www.vdhurk.nl\/renault-bedrijfswagens\/kangoo\/automaat\/"]}]},{"@type":"BreadcrumbList","@id":"https:\/\/www.vdhurk.nl\/renault-bedrijfswagens\/kangoo\/automaat\/#breadcrumb","itemListElement":[{"@type":"ListItem","position":1,"name":"Home","item":"https:\/\/www.vdhurk.nl\/home\/"},{"@type":"ListItem","position":2,"name":"Renault Bedrijfswagens","item":"https:\/\/www.vdhurk.nl\/renault-bedrijfswagens\/"},{"@type":"ListItem","position":3,"name":"Renault Kangoo","item":"https:\/\/www.vdhurk.nl\/renault-bedrijfswagens\/kangoo\/"},{"@type":"ListItem","position":4,"name":"Renault Kangoo Automaat"}]},{"@type":"WebSite","@id":"https:\/\/www.vdhurk.nl\/#website","url":"https:\/\/www.vdhurk.nl\/","name":"V\u00e9hicules utilitaires Van den Hurk","description":"V\u00e9hicules utilitaires Van den Hurk Helmond","potentialAction":[{"@type":"SearchAction","target":{"@type":"EntryPoint","urlTemplate":"https:\/\/www.vdhurk.nl\/?s={search_term_string}"},"query-input":{"@type":"PropertyValueSpecification","valueRequired":true,"valueName":"search_term_string"}}],"inLanguage":"fr-FR"}]}},"_links":{"self":[{"href":"https:\/\/www.vdhurk.nl\/fr\/wp-json\/wp\/v2\/pages\/454891","targetHints":{"allow":["GET"]}}],"collection":[{"href":"https:\/\/www.vdhurk.nl\/fr\/wp-json\/wp\/v2\/pages"}],"about":[{"href":"https:\/\/www.vdhurk.nl\/fr\/wp-json\/wp\/v2\/types\/page"}],"author":[{"embeddable":true,"href":"https:\/\/www.vdhurk.nl\/fr\/wp-json\/wp\/v2\/users\/3"}],"replies":[{"embeddable":true,"href":"https:\/\/www.vdhurk.nl\/fr\/wp-json\/wp\/v2\/comments?post=454891"}],"version-history":[{"count":2,"href":"https:\/\/www.vdhurk.nl\/fr\/wp-json\/wp\/v2\/pages\/454891\/revisions"}],"predecessor-version":[{"id":454893,"href":"https:\/\/www.vdhurk.nl\/fr\/wp-json\/wp\/v2\/pages\/454891\/revisions\/454893"}],"up":[{"embeddable":true,"href":"https:\/\/www.vdhurk.nl\/fr\/wp-json\/wp\/v2\/pages\/409559"}],"wp:attachment":[{"href":"https:\/\/www.vdhurk.nl\/fr\/wp-json\/wp\/v2\/media?parent=454891"}],"curies":[{"name":"wp","href":"https:\/\/api.w.org\/{rel}","templated":true}]}}