{"id":454888,"date":"2025-02-28T15:27:04","date_gmt":"2025-02-28T14:27:04","guid":{"rendered":"https:\/\/www.vdhurk.nl\/?page_id=454888"},"modified":"2025-02-28T15:58:18","modified_gmt":"2025-02-28T14:58:18","slug":"machine","status":"publish","type":"page","link":"https:\/\/www.vdhurk.nl\/fr\/opel-bedrijfswagens\/vivaro\/automaat\/","title":{"rendered":"Opel Vivaro Automatique"},"content":{"rendered":"<section  class='av_textblock_section av-lu8gnh7d-4ac895489941e586c1d7c8cb72318135'  itemscope=\"itemscope\" itemtype=\"https:\/\/schema.org\/CreativeWork\" ><div class='avia_textblock'  itemprop=\"text\" ><h1>Vous cherchez une Opel Vivaro automatique ?<\/h1>\n<p>Vous avez besoin d'une nouvelle voiture de soci\u00e9t\u00e9 et vous voulez conduire sans changer de vitesse ? L'Opel Vivaro automatique est la solution pour votre entreprise. Fiable, polyvalent et extr\u00eamement populaire aupr\u00e8s des entrepreneurs. D\u00e9couvrez pourquoi ce mod\u00e8le r\u00e9pond parfaitement aux besoins de votre entreprise !<\/p>\n<\/div><\/section>\n\n<style type=\"text\/css\" data-created_by=\"avia_inline_auto\" id=\"style-css-av-lujjddpd-afa3d7a9eabd61123e643ed1228e781e\">\n#top .hr.hr-invisible.av-lujjddpd-afa3d7a9eabd61123e643ed1228e781e{\nheight:50px;\n}\n<\/style>\n<div  class='hr av-lujjddpd-afa3d7a9eabd61123e643ed1228e781e hr-invisible  avia-builder-el-1  el_after_av_textblock  el_before_av_codeblock'><span class='hr-inner'><span class=\"hr-inner-style\"><\/span><\/span><\/div>\n\n\n<style type=\"text\/css\" data-created_by=\"avia_inline_auto\" id=\"style-css-av-ah0xd-63338d9dc6b40410e22a712829c369d6\">\n#top .hr.hr-invisible.av-ah0xd-63338d9dc6b40410e22a712829c369d6{\nheight:50px;\n}\n<\/style>\n<div  class='hr av-ah0xd-63338d9dc6b40410e22a712829c369d6 hr-invisible  avia-builder-el-3  el_after_av_codeblock  el_before_av_textblock'><span class='hr-inner'><span class=\"hr-inner-style\"><\/span><\/span><\/div>\n<section  class='av_textblock_section av-lu8gow1e-300853e458ed741bd87d6cb78e55cc7a'  itemscope=\"itemscope\" itemtype=\"https:\/\/schema.org\/CreativeWork\" ><div class='avia_textblock'  itemprop=\"text\" ><h2>Pourquoi choisir l'Opel Vivaro automatique ?<\/h2>\n<p>L'Opel Vivaro automatic est le v\u00e9hicule utilitaire id\u00e9al pour ceux qui veulent \u00eatre confortables et efficaces sur la route. Ce fourgon de taille moyenne allie espace, facilit\u00e9 de conduite et fiabilit\u00e9, ce qui le rend parfaitement adapt\u00e9 aux besoins de votre entreprise. Que vous parcouriez quotidiennement de nombreux kilom\u00e8tres ou que vous transportiez r\u00e9guli\u00e8rement de lourdes charges, le Vivaro automatic s'adapte sans effort. Sa conception conviviale est un atout majeur. Les portes arri\u00e8re \u00e0 ouverture extra-large facilitent le chargement et le d\u00e9chargement. A l'int\u00e9rieur, vous trouverez un habitacle pratique et robuste, con\u00e7u pour faire face \u00e0 une utilisation intensive. Gr\u00e2ce \u00e0 ses mat\u00e9riaux robustes, ce fourgon est un choix durable, qui vous permet de vous rendre d'un point A \u00e0 un point B en toute s\u00e9r\u00e9nit\u00e9.<\/p>\n<\/div><\/section>\n<div class='flex_column av-f64w1-da126f42b61613402309283c14245a25 av_one_half  avia-builder-el-5  el_after_av_textblock  el_before_av_one_third  first flex_column_div column-top-margin'   ><section  class='av_textblock_section av-lu8gpqre-73cc2c17e6a6497ba6e1b58af22bd9e8'  itemscope=\"itemscope\" itemtype=\"https:\/\/schema.org\/CreativeWork\" ><div class='avia_textblock'  itemprop=\"text\" ><h2>Les avantages d'un syst\u00e8me automatique<\/h2>\n<p>De plus en plus de chefs d'entreprise optent pour une voiture de soci\u00e9t\u00e9 \u00e9quip\u00e9e d'une bo\u00eete de vitesses automatique, et ce pour de bonnes raisons. Une transmission automatique rend la conduite beaucoup plus confortable et facile, surtout si vous \u00eates souvent sur la route. Finis les changements de vitesse dans la circulation urbaine dense et les embrayages interminables dans les embouteillages. Vous pouvez vous concentrer pleinement sur la route. Une bo\u00eete de vitesses automatique offre un confort et un plaisir de conduite accrus, ce qui en fait un choix judicieux pour toute entreprise.<\/p>\n<\/div><\/section><\/div><div class='flex_column av-aldk9-ee694297f5c4032981677a02caab84d6 av_one_third  avia-builder-el-7  el_after_av_one_half  el_before_av_hr  flex_column_div column-top-margin'   ><style type=\"text\/css\" data-created_by=\"avia_inline_auto\" id=\"style-css-av-l1w9kpsf-4ec3fab772ec7a9adaa33cfc64ff0475\">\n.avia-image-container.av-l1w9kpsf-4ec3fab772ec7a9adaa33cfc64ff0475 .av-image-caption-overlay-center{\ncolor:#ffffff;\n}\n<\/style>\n<div  class='avia-image-container av-l1w9kpsf-4ec3fab772ec7a9adaa33cfc64ff0475 av-styling- avia-align-center  avia-builder-el-8  avia-builder-el-no-sibling'  itemprop=\"image\" itemscope=\"itemscope\" itemtype=\"https:\/\/schema.org\/ImageObject\" ><div class=\"avia-image-container-inner\"><div class=\"avia-image-overlay-wrap\"><img decoding=\"async\" class='wp-image-187 avia-img-lazy-loading-not-187 avia_image' src=\"https:\/\/www.vdhurk.nl\/wp-content\/uploads\/2022\/03\/Voorrad.png\" alt='' title='Stock'  height=\"758\" width=\"1135\"  itemprop=\"thumbnailUrl\" srcset=\"https:\/\/www.vdhurk.nl\/wp-content\/uploads\/2022\/03\/Voorrad.png 1135w, https:\/\/www.vdhurk.nl\/wp-content\/uploads\/2022\/03\/Voorrad-300x200.png 300w, https:\/\/www.vdhurk.nl\/wp-content\/uploads\/2022\/03\/Voorrad-1030x688.png 1030w, https:\/\/www.vdhurk.nl\/wp-content\/uploads\/2022\/03\/Voorrad-768x513.png 768w, https:\/\/www.vdhurk.nl\/wp-content\/uploads\/2022\/03\/Voorrad-18x12.png 18w, https:\/\/www.vdhurk.nl\/wp-content\/uploads\/2022\/03\/Voorrad-705x471.png 705w\" sizes=\"(max-width: 1135px) 100vw, 1135px\" \/><\/div><\/div><\/div><\/div><\/p>\n\n<style type=\"text\/css\" data-created_by=\"avia_inline_auto\" id=\"style-css-av-luqrjpjc-5a23a1fb5f94718ca85316a9df963e2f\">\n#top .hr.hr-invisible.av-luqrjpjc-5a23a1fb5f94718ca85316a9df963e2f{\nheight:50px;\n}\n<\/style>\n<div  class='hr av-luqrjpjc-5a23a1fb5f94718ca85316a9df963e2f hr-invisible  avia-builder-el-9  el_after_av_one_third  el_before_av_textblock'><span class='hr-inner'><span class=\"hr-inner-style\"><\/span><\/span><\/div>\n<section  class='av_textblock_section av-lu8gtjw7-4f3cee9304909518d86d2860d9d582dd'  itemscope=\"itemscope\" itemtype=\"https:\/\/schema.org\/CreativeWork\" ><div class='avia_textblock'  itemprop=\"text\" ><h2>Le co\u00fbt d'une Opel Vivaro automatique ?<\/h2>\n<p>Le prix d'un Opel Vivaro automatique d\u00e9pend de ce que vous recherchez. Dans notre offre, vous trouverez diff\u00e9rentes variantes, des versions de base simples aux mod\u00e8les enti\u00e8rement \u00e9quip\u00e9s. Notre gamme change constamment, ce qui rend difficile de donner une indication de prix. Il y a toujours une version qui correspond \u00e0 votre budget.<\/p>\n<h2>Achat ou location Opel Vivaro<\/h2>\n<p>Saviez-vous que nous vous offrons plusieurs options de paiement ? Vous pouvez choisir d'acheter un v\u00e9hicule utilitaire ou d'en louer un. Avec <a href=\"https:\/\/www.vdhurk.nl\/fr\/location-financiere\/\">location financi\u00e8re<\/a> vous payez un montant fixe par mois, ce qui vous \u00e9vite d'investir une somme importante en une seule fois. Pendant la p\u00e9riode de location, vous devenez progressivement propri\u00e9taire du v\u00e9hicule. Le contrat est termin\u00e9 ? Vous \u00eates alors pleinement propri\u00e9taire !<\/p>\n<h2>Trouvez l'Opel Vivaro qui vous convient<\/h2>\n<p>Vous \u00eates convaincu que l'Opel Vivaro automatic est la voiture de soci\u00e9t\u00e9 id\u00e9ale ? Ou avez-vous encore besoin d'informations compl\u00e9mentaires ? Nous nous ferons un plaisir de vous en dire plus sur ce mod\u00e8le, afin que vous fassiez toujours le bon choix. <a href=\"https:\/\/www.vdhurk.nl\/fr\/contacter\/\">Contactez nous<\/a> pour plus d'informations ou surveillez notre offre actuelle.<\/p>\n<\/div><\/section>","protected":false},"excerpt":{"rendered":"","protected":false},"author":3,"featured_media":0,"parent":422100,"menu_order":0,"comment_status":"closed","ping_status":"closed","template":"","meta":{"_acf_changed":false,"_improvement_type_select":"improve_an_existing","_thumb_yes_seoaic":false,"_frame_yes_seoaic":false,"seoaic_generate_description":"","seoaic_improve_instructions_prompt":"","seoaic_rollback_content_improvement":"","seoaic_idea_thumbnail_generator":"","thumbnail_generated":false,"thumbnail_generate_prompt":"","seoaic_article_description":"","footnotes":""},"class_list":["post-454888","page","type-page","status-publish","hentry"],"acf":[],"yoast_head":"<!-- This site is optimized with the Yoast SEO plugin v27.5 - https:\/\/yoast.com\/product\/yoast-seo-wordpress\/ -->\n<title>Op zoek naar een Opel Vivaro automaat? Bekijk het aanbod!<\/title>\n<meta name=\"description\" content=\"Overweeg je een Opel Vivaro automaat? Ontdek de specificaties en voordelen van dit model en bepaal of dit bij jouw onderneming past.\" \/>\n<meta name=\"robots\" content=\"index, follow, max-snippet:-1, max-image-preview:large, max-video-preview:-1\" \/>\n<link rel=\"canonical\" href=\"https:\/\/www.vdhurk.nl\/fr\/vehicules-utilitaires-vauxhall\/vivaro\/machine\/\" \/>\n<meta property=\"og:locale\" content=\"fr_FR\" \/>\n<meta property=\"og:type\" content=\"article\" \/>\n<meta property=\"og:title\" content=\"Op zoek naar een Opel Vivaro automaat? Bekijk het aanbod!\" \/>\n<meta property=\"og:description\" content=\"Overweeg je een Opel Vivaro automaat? Ontdek de specificaties en voordelen van dit model en bepaal of dit bij jouw onderneming past.\" \/>\n<meta property=\"og:url\" content=\"https:\/\/www.vdhurk.nl\/fr\/vehicules-utilitaires-vauxhall\/vivaro\/machine\/\" \/>\n<meta property=\"og:site_name\" content=\"Van den Hurk Bedrijfswagens\" \/>\n<meta property=\"article:modified_time\" content=\"2025-02-28T14:58:18+00:00\" \/>\n<meta name=\"twitter:card\" content=\"summary_large_image\" \/>\n<meta name=\"twitter:label1\" content=\"Dur\u00e9e de lecture estim\u00e9e\" \/>\n\t<meta name=\"twitter:data1\" content=\"4 minutes\" \/>\n<script type=\"application\/ld+json\" class=\"yoast-schema-graph\">{\"@context\":\"https:\\\/\\\/schema.org\",\"@graph\":[{\"@type\":\"WebPage\",\"@id\":\"https:\\\/\\\/www.vdhurk.nl\\\/opel-bedrijfswagens\\\/vivaro\\\/automaat\\\/\",\"url\":\"https:\\\/\\\/www.vdhurk.nl\\\/opel-bedrijfswagens\\\/vivaro\\\/automaat\\\/\",\"name\":\"Op zoek naar een Opel Vivaro automaat? Bekijk het aanbod!\",\"isPartOf\":{\"@id\":\"https:\\\/\\\/www.vdhurk.nl\\\/#website\"},\"datePublished\":\"2025-02-28T14:27:04+00:00\",\"dateModified\":\"2025-02-28T14:58:18+00:00\",\"description\":\"Overweeg je een Opel Vivaro automaat? Ontdek de specificaties en voordelen van dit model en bepaal of dit bij jouw onderneming past.\",\"breadcrumb\":{\"@id\":\"https:\\\/\\\/www.vdhurk.nl\\\/opel-bedrijfswagens\\\/vivaro\\\/automaat\\\/#breadcrumb\"},\"inLanguage\":\"fr-FR\",\"potentialAction\":[{\"@type\":\"ReadAction\",\"target\":[\"https:\\\/\\\/www.vdhurk.nl\\\/opel-bedrijfswagens\\\/vivaro\\\/automaat\\\/\"]}]},{\"@type\":\"BreadcrumbList\",\"@id\":\"https:\\\/\\\/www.vdhurk.nl\\\/opel-bedrijfswagens\\\/vivaro\\\/automaat\\\/#breadcrumb\",\"itemListElement\":[{\"@type\":\"ListItem\",\"position\":1,\"name\":\"Home\",\"item\":\"https:\\\/\\\/www.vdhurk.nl\\\/home\\\/\"},{\"@type\":\"ListItem\",\"position\":2,\"name\":\"Opel Bedrijfswagens\",\"item\":\"https:\\\/\\\/www.vdhurk.nl\\\/opel-bedrijfswagens\\\/\"},{\"@type\":\"ListItem\",\"position\":3,\"name\":\"Open Vivaro\",\"item\":\"https:\\\/\\\/www.vdhurk.nl\\\/opel-bedrijfswagens\\\/vivaro\\\/\"},{\"@type\":\"ListItem\",\"position\":4,\"name\":\"Opel Vivaro Automaat\"}]},{\"@type\":\"WebSite\",\"@id\":\"https:\\\/\\\/www.vdhurk.nl\\\/#website\",\"url\":\"https:\\\/\\\/www.vdhurk.nl\\\/\",\"name\":\"Van den Hurk Bedrijfswagens\",\"description\":\"Van den Hurk bedrijfswagens Helmond\",\"potentialAction\":[{\"@type\":\"SearchAction\",\"target\":{\"@type\":\"EntryPoint\",\"urlTemplate\":\"https:\\\/\\\/www.vdhurk.nl\\\/?s={search_term_string}\"},\"query-input\":{\"@type\":\"PropertyValueSpecification\",\"valueRequired\":true,\"valueName\":\"search_term_string\"}}],\"inLanguage\":\"fr-FR\"}]}<\/script>\n<!-- \/ Yoast SEO plugin. -->","yoast_head_json":{"title":"Vous cherchez une Opel Vivaro automatique ? Consultez l'offre !","description":"Vous envisagez d'acheter un Opel Vivaro automatique ? D\u00e9couvrez les sp\u00e9cifications et les avantages de ce mod\u00e8le et d\u00e9cidez s'il convient \u00e0 votre entreprise.","robots":{"index":"index","follow":"follow","max-snippet":"max-snippet:-1","max-image-preview":"max-image-preview:large","max-video-preview":"max-video-preview:-1"},"canonical":"https:\/\/www.vdhurk.nl\/fr\/vehicules-utilitaires-vauxhall\/vivaro\/machine\/","og_locale":"fr_FR","og_type":"article","og_title":"Op zoek naar een Opel Vivaro automaat? Bekijk het aanbod!","og_description":"Overweeg je een Opel Vivaro automaat? Ontdek de specificaties en voordelen van dit model en bepaal of dit bij jouw onderneming past.","og_url":"https:\/\/www.vdhurk.nl\/fr\/vehicules-utilitaires-vauxhall\/vivaro\/machine\/","og_site_name":"Van den Hurk Bedrijfswagens","article_modified_time":"2025-02-28T14:58:18+00:00","twitter_card":"summary_large_image","twitter_misc":{"Dur\u00e9e de lecture estim\u00e9e":"4 minutes"},"schema":{"@context":"https:\/\/schema.org","@graph":[{"@type":"WebPage","@id":"https:\/\/www.vdhurk.nl\/opel-bedrijfswagens\/vivaro\/automaat\/","url":"https:\/\/www.vdhurk.nl\/opel-bedrijfswagens\/vivaro\/automaat\/","name":"Vous cherchez une Opel Vivaro automatique ? Consultez l'offre !","isPartOf":{"@id":"https:\/\/www.vdhurk.nl\/#website"},"datePublished":"2025-02-28T14:27:04+00:00","dateModified":"2025-02-28T14:58:18+00:00","description":"Vous envisagez d'acheter un Opel Vivaro automatique ? D\u00e9couvrez les sp\u00e9cifications et les avantages de ce mod\u00e8le et d\u00e9cidez s'il convient \u00e0 votre entreprise.","breadcrumb":{"@id":"https:\/\/www.vdhurk.nl\/opel-bedrijfswagens\/vivaro\/automaat\/#breadcrumb"},"inLanguage":"fr-FR","potentialAction":[{"@type":"ReadAction","target":["https:\/\/www.vdhurk.nl\/opel-bedrijfswagens\/vivaro\/automaat\/"]}]},{"@type":"BreadcrumbList","@id":"https:\/\/www.vdhurk.nl\/opel-bedrijfswagens\/vivaro\/automaat\/#breadcrumb","itemListElement":[{"@type":"ListItem","position":1,"name":"Home","item":"https:\/\/www.vdhurk.nl\/home\/"},{"@type":"ListItem","position":2,"name":"Opel Bedrijfswagens","item":"https:\/\/www.vdhurk.nl\/opel-bedrijfswagens\/"},{"@type":"ListItem","position":3,"name":"Open Vivaro","item":"https:\/\/www.vdhurk.nl\/opel-bedrijfswagens\/vivaro\/"},{"@type":"ListItem","position":4,"name":"Opel Vivaro Automaat"}]},{"@type":"WebSite","@id":"https:\/\/www.vdhurk.nl\/#website","url":"https:\/\/www.vdhurk.nl\/","name":"V\u00e9hicules utilitaires Van den Hurk","description":"V\u00e9hicules utilitaires Van den Hurk Helmond","potentialAction":[{"@type":"SearchAction","target":{"@type":"EntryPoint","urlTemplate":"https:\/\/www.vdhurk.nl\/?s={search_term_string}"},"query-input":{"@type":"PropertyValueSpecification","valueRequired":true,"valueName":"search_term_string"}}],"inLanguage":"fr-FR"}]}},"_links":{"self":[{"href":"https:\/\/www.vdhurk.nl\/fr\/wp-json\/wp\/v2\/pages\/454888","targetHints":{"allow":["GET"]}}],"collection":[{"href":"https:\/\/www.vdhurk.nl\/fr\/wp-json\/wp\/v2\/pages"}],"about":[{"href":"https:\/\/www.vdhurk.nl\/fr\/wp-json\/wp\/v2\/types\/page"}],"author":[{"embeddable":true,"href":"https:\/\/www.vdhurk.nl\/fr\/wp-json\/wp\/v2\/users\/3"}],"replies":[{"embeddable":true,"href":"https:\/\/www.vdhurk.nl\/fr\/wp-json\/wp\/v2\/comments?post=454888"}],"version-history":[{"count":3,"href":"https:\/\/www.vdhurk.nl\/fr\/wp-json\/wp\/v2\/pages\/454888\/revisions"}],"predecessor-version":[{"id":454905,"href":"https:\/\/www.vdhurk.nl\/fr\/wp-json\/wp\/v2\/pages\/454888\/revisions\/454905"}],"up":[{"embeddable":true,"href":"https:\/\/www.vdhurk.nl\/fr\/wp-json\/wp\/v2\/pages\/422100"}],"wp:attachment":[{"href":"https:\/\/www.vdhurk.nl\/fr\/wp-json\/wp\/v2\/media?parent=454888"}],"curies":[{"name":"wp","href":"https:\/\/api.w.org\/{rel}","templated":true}]}}