{"id":442881,"date":"2025-02-06T17:19:07","date_gmt":"2025-02-06T16:19:07","guid":{"rendered":"https:\/\/www.vdhurk.nl\/?page_id=442881"},"modified":"2025-02-06T17:19:07","modified_gmt":"2025-02-06T16:19:07","slug":"machine","status":"publish","type":"page","link":"https:\/\/www.vdhurk.nl\/fr\/volkswagen-bedrijfswagens\/transporter\/automaat\/","title":{"rendered":"Volkswagen Transporter Automatic"},"content":{"rendered":"<section  class='av_textblock_section av-lu8gnh7d-4ac895489941e586c1d7c8cb72318135'  itemscope=\"itemscope\" itemtype=\"https:\/\/schema.org\/CreativeWork\" ><div class='avia_textblock'  itemprop=\"text\" ><h1>Acheter Volkswagen Transporter automatique ?<\/h1>\n<p>Vous cherchez un v\u00e9hicule utilitaire qui allie fiabilit\u00e9 et confort ? Le Volkswagen Transporter automatique est le choix parfait pour les entrepreneurs qui veulent tirer le maximum de leur v\u00e9hicule commercial. Les mod\u00e8les Volkswagen Transporter font passer votre exp\u00e9rience de conduite \u00e0 un niveau sup\u00e9rieur gr\u00e2ce \u00e0 la commodit\u00e9 d'une transmission automatique. D\u00e9couvrez toutes les options par vous-m\u00eame.<\/p>\n<\/div><\/section>\n\n<style type=\"text\/css\" data-created_by=\"avia_inline_auto\" id=\"style-css-av-lujjddpd-afa3d7a9eabd61123e643ed1228e781e\">\n#top .hr.hr-invisible.av-lujjddpd-afa3d7a9eabd61123e643ed1228e781e{\nheight:50px;\n}\n<\/style>\n<div  class='hr av-lujjddpd-afa3d7a9eabd61123e643ed1228e781e hr-invisible  avia-builder-el-1  el_after_av_textblock  el_before_av_codeblock'><span class='hr-inner'><span class=\"hr-inner-style\"><\/span><\/span><\/div>\n\n\n<style type=\"text\/css\" data-created_by=\"avia_inline_auto\" id=\"style-css-av-ah0xd-63338d9dc6b40410e22a712829c369d6\">\n#top .hr.hr-invisible.av-ah0xd-63338d9dc6b40410e22a712829c369d6{\nheight:50px;\n}\n<\/style>\n<div  class='hr av-ah0xd-63338d9dc6b40410e22a712829c369d6 hr-invisible  avia-builder-el-3  el_after_av_codeblock  el_before_av_textblock'><span class='hr-inner'><span class=\"hr-inner-style\"><\/span><\/span><\/div>\n<section  class='av_textblock_section av-lu8gow1e-300853e458ed741bd87d6cb78e55cc7a'  itemscope=\"itemscope\" itemtype=\"https:\/\/schema.org\/CreativeWork\" ><div class='avia_textblock'  itemprop=\"text\" ><h2>Pourquoi choisir une voiture automatique ?<\/h2>\n<p>De plus en plus d'entrepreneurs optent pour un v\u00e9hicule utilitaire dot\u00e9 d'une transmission automatique, et ce pour de bonnes raisons. Une transmission automatique offre un confort et permet de mieux se concentrer sur la route, car le passage des vitesses est enti\u00e8rement automatique. C'est l'id\u00e9al dans la circulation urbaine intense ou dans les embouteillages. Les transmissions automatiques offrent \u00e9galement de meilleures performances, par exemple sur les terrains vallonn\u00e9s. En outre, une bo\u00eete automatique est plus accessible \u00e0 diff\u00e9rents conducteurs, ce qui la rend id\u00e9ale pour une utilisation professionnelle. Choisissez un v\u00e9hicule utilitaire dot\u00e9 d'une bo\u00eete de vitesses automatique et faites l'exp\u00e9rience de la commodit\u00e9 et de la polyvalence !<\/p>\n<\/div><\/section>\n<div class='flex_column av-f64w1-da126f42b61613402309283c14245a25 av_one_half  avia-builder-el-5  el_after_av_textblock  el_before_av_one_third  first flex_column_div column-top-margin'   ><section  class='av_textblock_section av-lu8gpqre-73cc2c17e6a6497ba6e1b58af22bd9e8'  itemscope=\"itemscope\" itemtype=\"https:\/\/schema.org\/CreativeWork\" ><div class='avia_textblock'  itemprop=\"text\" ><h2>Avantages du Volkswagen Transporter<\/h2>\n<p>Nous comprenons pourquoi ces mod\u00e8les sont si populaires aupr\u00e8s des utilisateurs professionnels. Les Volkswagen Transporter d'occasion et neufs se distinguent par leur polyvalence et conviennent aussi bien au transport de marchandises qu'au transport de personnes. Avec une qualit\u00e9 de construction robuste, des moteurs puissants et un int\u00e9rieur spacieux et confortable, ces v\u00e9hicules utilitaires sont un choix fiable. Les nombreux \u00e9quipements de s\u00e9curit\u00e9, tels que les syst\u00e8mes d'aide \u00e0 la conduite, apportent un confort suppl\u00e9mentaire. En r\u00e9sum\u00e9, le Volkswagen Transporter avec transmission automatique est un investissement intelligent pour vous en tant qu'entrepreneur.<\/p>\n<\/div><\/section><\/div><div class='flex_column av-aldk9-ee694297f5c4032981677a02caab84d6 av_one_third  avia-builder-el-7  el_after_av_one_half  el_before_av_hr  flex_column_div column-top-margin'   ><style type=\"text\/css\" data-created_by=\"avia_inline_auto\" id=\"style-css-av-l1w9kpsf-4ec3fab772ec7a9adaa33cfc64ff0475\">\n.avia-image-container.av-l1w9kpsf-4ec3fab772ec7a9adaa33cfc64ff0475 .av-image-caption-overlay-center{\ncolor:#ffffff;\n}\n<\/style>\n<div  class='avia-image-container av-l1w9kpsf-4ec3fab772ec7a9adaa33cfc64ff0475 av-styling- avia-align-center  avia-builder-el-8  avia-builder-el-no-sibling'  itemprop=\"image\" itemscope=\"itemscope\" itemtype=\"https:\/\/schema.org\/ImageObject\" ><div class=\"avia-image-container-inner\"><div class=\"avia-image-overlay-wrap\"><img decoding=\"async\" class='wp-image-187 avia-img-lazy-loading-not-187 avia_image' src=\"https:\/\/www.vdhurk.nl\/wp-content\/uploads\/2022\/03\/Voorrad.png\" alt='' title='Stock'  height=\"758\" width=\"1135\"  itemprop=\"thumbnailUrl\" srcset=\"https:\/\/www.vdhurk.nl\/wp-content\/uploads\/2022\/03\/Voorrad.png 1135w, https:\/\/www.vdhurk.nl\/wp-content\/uploads\/2022\/03\/Voorrad-300x200.png 300w, https:\/\/www.vdhurk.nl\/wp-content\/uploads\/2022\/03\/Voorrad-1030x688.png 1030w, https:\/\/www.vdhurk.nl\/wp-content\/uploads\/2022\/03\/Voorrad-768x513.png 768w, https:\/\/www.vdhurk.nl\/wp-content\/uploads\/2022\/03\/Voorrad-18x12.png 18w, https:\/\/www.vdhurk.nl\/wp-content\/uploads\/2022\/03\/Voorrad-705x471.png 705w\" sizes=\"(max-width: 1135px) 100vw, 1135px\" \/><\/div><\/div><\/div><\/div><\/p>\n\n<style type=\"text\/css\" data-created_by=\"avia_inline_auto\" id=\"style-css-av-luqrjpjc-5a23a1fb5f94718ca85316a9df963e2f\">\n#top .hr.hr-invisible.av-luqrjpjc-5a23a1fb5f94718ca85316a9df963e2f{\nheight:50px;\n}\n<\/style>\n<div  class='hr av-luqrjpjc-5a23a1fb5f94718ca85316a9df963e2f hr-invisible  avia-builder-el-9  el_after_av_one_third  el_before_av_textblock'><span class='hr-inner'><span class=\"hr-inner-style\"><\/span><\/span><\/div>\n<section  class='av_textblock_section av-lu8gtjw7-4f3cee9304909518d86d2860d9d582dd'  itemscope=\"itemscope\" itemtype=\"https:\/\/schema.org\/CreativeWork\" ><div class='avia_textblock'  itemprop=\"text\" ><h2>Acheter ou louer un Volkswagen Transporter ?<\/h2>\n<p>Chez Van den Hurk, nous offrons non seulement la possibilit\u00e9 d'acheter un v\u00e9hicule utilitaire, mais aussi de le louer. Le leasing d'un Volkswagen Transporter vous offre flexibilit\u00e9 et s\u00e9curit\u00e9 en tant qu'entrepreneur. Chez <a href=\"https:\/\/www.vdhurk.nl\/fr\/location-financiere\/\">location financi\u00e8re<\/a> vous b\u00e9n\u00e9ficiez d'une redevance mensuelle fixe et poss\u00e9dez votre propre v\u00e9hicule utilitaire \u00e0 la fin du contrat.<\/p>\n<h2>\u00c0 quel prix devriez-vous penser ?<\/h2>\n<p>Le prix d'un Volkswagen Transporter automatique d\u00e9pend de plusieurs facteurs tels que l'ann\u00e9e de fabrication, la finition, le kilom\u00e9trage et les options suppl\u00e9mentaires choisies. Chez Van den Hurk, nous nous ferons un plaisir de vous fournir un devis sur mesure afin que vous sachiez exactement \u00e0 combien s'\u00e9l\u00e8vera le prix. N'h\u00e9sitez pas \u00e0 <a href=\"https:\/\/www.vdhurk.nl\/fr\/contacter\/\">nous contacter<\/a> pour plus d'informations et des conseils personnalis\u00e9s.<\/p>\n<h2>D\u00e9couvrez les possibilit\u00e9s<\/h2>\n<p>Le Volkswagen Transporter automatique offre tout ce dont vous avez besoin pour atteindre vos objectifs professionnels. Avec la commodit\u00e9 d'une transmission automatique, c'est un investissement qui porte ses fruits. Chez Van den Hurk, nous sommes heureux de vous aider \u00e0 faire le meilleur choix en fonction de vos besoins professionnels et de votre budget. D\u00e9couvrez les diff\u00e9rentes options.<\/p>\n<\/div><\/section>","protected":false},"excerpt":{"rendered":"","protected":false},"author":3,"featured_media":0,"parent":393643,"menu_order":0,"comment_status":"closed","ping_status":"closed","template":"","meta":{"_acf_changed":false,"_improvement_type_select":"improve_an_existing","_thumb_yes_seoaic":false,"_frame_yes_seoaic":false,"seoaic_generate_description":"","seoaic_improve_instructions_prompt":"","seoaic_rollback_content_improvement":"","seoaic_idea_thumbnail_generator":"","thumbnail_generated":false,"thumbnail_generate_prompt":"","seoaic_article_description":"","footnotes":""},"class_list":["post-442881","page","type-page","status-publish","hentry"],"acf":[],"yoast_head":"<!-- This site is optimized with the Yoast SEO plugin v27.5 - https:\/\/yoast.com\/product\/yoast-seo-wordpress\/ -->\n<title>Vind de ideale Volkswagen Transporter automaat<\/title>\n<meta name=\"description\" content=\"Een Volkswagen Transporter automaat kopen? Ontdek de verschillende specificaties en mogelijkheden en vind de bedrijfswagen die bij jouw onderneming past.\" \/>\n<meta name=\"robots\" content=\"index, follow, max-snippet:-1, max-image-preview:large, max-video-preview:-1\" \/>\n<link rel=\"canonical\" href=\"https:\/\/www.vdhurk.nl\/fr\/volkswagen-commercial-vehicles\/mercedes-14\/machine\/\" \/>\n<meta property=\"og:locale\" content=\"fr_FR\" \/>\n<meta property=\"og:type\" content=\"article\" \/>\n<meta property=\"og:title\" content=\"Vind de ideale Volkswagen Transporter automaat\" \/>\n<meta property=\"og:description\" content=\"Een Volkswagen Transporter automaat kopen? Ontdek de verschillende specificaties en mogelijkheden en vind de bedrijfswagen die bij jouw onderneming past.\" \/>\n<meta property=\"og:url\" content=\"https:\/\/www.vdhurk.nl\/fr\/volkswagen-commercial-vehicles\/mercedes-14\/machine\/\" \/>\n<meta property=\"og:site_name\" content=\"Van den Hurk Bedrijfswagens\" \/>\n<meta name=\"twitter:card\" content=\"summary_large_image\" \/>\n<meta name=\"twitter:label1\" content=\"Dur\u00e9e de lecture estim\u00e9e\" \/>\n\t<meta name=\"twitter:data1\" content=\"4 minutes\" \/>\n<script type=\"application\/ld+json\" class=\"yoast-schema-graph\">{\"@context\":\"https:\\\/\\\/schema.org\",\"@graph\":[{\"@type\":\"WebPage\",\"@id\":\"https:\\\/\\\/www.vdhurk.nl\\\/volkswagen-bedrijfswagens\\\/transporter\\\/automaat\\\/\",\"url\":\"https:\\\/\\\/www.vdhurk.nl\\\/volkswagen-bedrijfswagens\\\/transporter\\\/automaat\\\/\",\"name\":\"Vind de ideale Volkswagen Transporter automaat\",\"isPartOf\":{\"@id\":\"https:\\\/\\\/www.vdhurk.nl\\\/#website\"},\"datePublished\":\"2025-02-06T16:19:07+00:00\",\"description\":\"Een Volkswagen Transporter automaat kopen? Ontdek de verschillende specificaties en mogelijkheden en vind de bedrijfswagen die bij jouw onderneming past.\",\"breadcrumb\":{\"@id\":\"https:\\\/\\\/www.vdhurk.nl\\\/volkswagen-bedrijfswagens\\\/transporter\\\/automaat\\\/#breadcrumb\"},\"inLanguage\":\"fr-FR\",\"potentialAction\":[{\"@type\":\"ReadAction\",\"target\":[\"https:\\\/\\\/www.vdhurk.nl\\\/volkswagen-bedrijfswagens\\\/transporter\\\/automaat\\\/\"]}]},{\"@type\":\"BreadcrumbList\",\"@id\":\"https:\\\/\\\/www.vdhurk.nl\\\/volkswagen-bedrijfswagens\\\/transporter\\\/automaat\\\/#breadcrumb\",\"itemListElement\":[{\"@type\":\"ListItem\",\"position\":1,\"name\":\"Home\",\"item\":\"https:\\\/\\\/www.vdhurk.nl\\\/home\\\/\"},{\"@type\":\"ListItem\",\"position\":2,\"name\":\"Volkswagen Bedrijfswagens\",\"item\":\"https:\\\/\\\/www.vdhurk.nl\\\/volkswagen-bedrijfswagens\\\/\"},{\"@type\":\"ListItem\",\"position\":3,\"name\":\"Volkswagen Transporter\",\"item\":\"https:\\\/\\\/www.vdhurk.nl\\\/volkswagen-bedrijfswagens\\\/transporter\\\/\"},{\"@type\":\"ListItem\",\"position\":4,\"name\":\"Volkswagen Transporter Automaat\"}]},{\"@type\":\"WebSite\",\"@id\":\"https:\\\/\\\/www.vdhurk.nl\\\/#website\",\"url\":\"https:\\\/\\\/www.vdhurk.nl\\\/\",\"name\":\"Van den Hurk Bedrijfswagens\",\"description\":\"Van den Hurk bedrijfswagens Helmond\",\"potentialAction\":[{\"@type\":\"SearchAction\",\"target\":{\"@type\":\"EntryPoint\",\"urlTemplate\":\"https:\\\/\\\/www.vdhurk.nl\\\/?s={search_term_string}\"},\"query-input\":{\"@type\":\"PropertyValueSpecification\",\"valueRequired\":true,\"valueName\":\"search_term_string\"}}],\"inLanguage\":\"fr-FR\"}]}<\/script>\n<!-- \/ Yoast SEO plugin. -->","yoast_head_json":{"title":"Trouvez le Volkswagen Transporter automatique id\u00e9al","description":"Vous voulez acheter un Volkswagen Transporter automatique ? Explorez les diff\u00e9rentes sp\u00e9cifications et options et trouvez le v\u00e9hicule commercial qui convient \u00e0 votre entreprise.","robots":{"index":"index","follow":"follow","max-snippet":"max-snippet:-1","max-image-preview":"max-image-preview:large","max-video-preview":"max-video-preview:-1"},"canonical":"https:\/\/www.vdhurk.nl\/fr\/volkswagen-commercial-vehicles\/mercedes-14\/machine\/","og_locale":"fr_FR","og_type":"article","og_title":"Vind de ideale Volkswagen Transporter automaat","og_description":"Een Volkswagen Transporter automaat kopen? Ontdek de verschillende specificaties en mogelijkheden en vind de bedrijfswagen die bij jouw onderneming past.","og_url":"https:\/\/www.vdhurk.nl\/fr\/volkswagen-commercial-vehicles\/mercedes-14\/machine\/","og_site_name":"Van den Hurk Bedrijfswagens","twitter_card":"summary_large_image","twitter_misc":{"Dur\u00e9e de lecture estim\u00e9e":"4 minutes"},"schema":{"@context":"https:\/\/schema.org","@graph":[{"@type":"WebPage","@id":"https:\/\/www.vdhurk.nl\/volkswagen-bedrijfswagens\/transporter\/automaat\/","url":"https:\/\/www.vdhurk.nl\/volkswagen-bedrijfswagens\/transporter\/automaat\/","name":"Trouvez le Volkswagen Transporter automatique id\u00e9al","isPartOf":{"@id":"https:\/\/www.vdhurk.nl\/#website"},"datePublished":"2025-02-06T16:19:07+00:00","description":"Vous voulez acheter un Volkswagen Transporter automatique ? Explorez les diff\u00e9rentes sp\u00e9cifications et options et trouvez le v\u00e9hicule commercial qui convient \u00e0 votre entreprise.","breadcrumb":{"@id":"https:\/\/www.vdhurk.nl\/volkswagen-bedrijfswagens\/transporter\/automaat\/#breadcrumb"},"inLanguage":"fr-FR","potentialAction":[{"@type":"ReadAction","target":["https:\/\/www.vdhurk.nl\/volkswagen-bedrijfswagens\/transporter\/automaat\/"]}]},{"@type":"BreadcrumbList","@id":"https:\/\/www.vdhurk.nl\/volkswagen-bedrijfswagens\/transporter\/automaat\/#breadcrumb","itemListElement":[{"@type":"ListItem","position":1,"name":"Home","item":"https:\/\/www.vdhurk.nl\/home\/"},{"@type":"ListItem","position":2,"name":"Volkswagen Bedrijfswagens","item":"https:\/\/www.vdhurk.nl\/volkswagen-bedrijfswagens\/"},{"@type":"ListItem","position":3,"name":"Volkswagen Transporter","item":"https:\/\/www.vdhurk.nl\/volkswagen-bedrijfswagens\/transporter\/"},{"@type":"ListItem","position":4,"name":"Volkswagen Transporter Automaat"}]},{"@type":"WebSite","@id":"https:\/\/www.vdhurk.nl\/#website","url":"https:\/\/www.vdhurk.nl\/","name":"V\u00e9hicules utilitaires Van den Hurk","description":"V\u00e9hicules utilitaires Van den Hurk Helmond","potentialAction":[{"@type":"SearchAction","target":{"@type":"EntryPoint","urlTemplate":"https:\/\/www.vdhurk.nl\/?s={search_term_string}"},"query-input":{"@type":"PropertyValueSpecification","valueRequired":true,"valueName":"search_term_string"}}],"inLanguage":"fr-FR"}]}},"_links":{"self":[{"href":"https:\/\/www.vdhurk.nl\/fr\/wp-json\/wp\/v2\/pages\/442881","targetHints":{"allow":["GET"]}}],"collection":[{"href":"https:\/\/www.vdhurk.nl\/fr\/wp-json\/wp\/v2\/pages"}],"about":[{"href":"https:\/\/www.vdhurk.nl\/fr\/wp-json\/wp\/v2\/types\/page"}],"author":[{"embeddable":true,"href":"https:\/\/www.vdhurk.nl\/fr\/wp-json\/wp\/v2\/users\/3"}],"replies":[{"embeddable":true,"href":"https:\/\/www.vdhurk.nl\/fr\/wp-json\/wp\/v2\/comments?post=442881"}],"version-history":[{"count":2,"href":"https:\/\/www.vdhurk.nl\/fr\/wp-json\/wp\/v2\/pages\/442881\/revisions"}],"predecessor-version":[{"id":442902,"href":"https:\/\/www.vdhurk.nl\/fr\/wp-json\/wp\/v2\/pages\/442881\/revisions\/442902"}],"up":[{"embeddable":true,"href":"https:\/\/www.vdhurk.nl\/fr\/wp-json\/wp\/v2\/pages\/393643"}],"wp:attachment":[{"href":"https:\/\/www.vdhurk.nl\/fr\/wp-json\/wp\/v2\/media?parent=442881"}],"curies":[{"name":"wp","href":"https:\/\/api.w.org\/{rel}","templated":true}]}}