{"id":442876,"date":"2025-02-06T17:15:21","date_gmt":"2025-02-06T16:15:21","guid":{"rendered":"https:\/\/www.vdhurk.nl\/?page_id=442876"},"modified":"2025-02-06T17:15:21","modified_gmt":"2025-02-06T16:15:21","slug":"machine","status":"publish","type":"page","link":"https:\/\/www.vdhurk.nl\/fr\/mercedes-bedrijfswagens\/sprinter\/automaat\/","title":{"rendered":"Mercedes Sprinter Automatique"},"content":{"rendered":"<section  class='av_textblock_section av-lu8gnh7d-4ac895489941e586c1d7c8cb72318135'  itemscope=\"itemscope\" itemtype=\"https:\/\/schema.org\/CreativeWork\" ><div class='avia_textblock'  itemprop=\"text\" ><h1>D\u00e9couvrez la transmission automatique du Mercedes Sprinter<\/h1>\n<p>Vous n'avez plus envie de changer de vitesse ? Optez pour la commodit\u00e9 et le confort avec le Mercedes Sprinter automatique. Ces v\u00e9hicules utilitaires populaires sont tr\u00e8s appr\u00e9ci\u00e9s des utilisateurs professionnels pour leur fiabilit\u00e9, leur confort et leur grande capacit\u00e9 de chargement. Le Sprinter s'adapte sans effort \u00e0 vos besoins. D\u00e9couvrez les avantages et les raisons pour lesquelles tant d'entreprises choisissent le Sprinter.<\/p>\n<\/div><\/section>\n\n<style type=\"text\/css\" data-created_by=\"avia_inline_auto\" id=\"style-css-av-lujjddpd-afa3d7a9eabd61123e643ed1228e781e\">\n#top .hr.hr-invisible.av-lujjddpd-afa3d7a9eabd61123e643ed1228e781e{\nheight:50px;\n}\n<\/style>\n<div  class='hr av-lujjddpd-afa3d7a9eabd61123e643ed1228e781e hr-invisible  avia-builder-el-1  el_after_av_textblock  el_before_av_codeblock'><span class='hr-inner'><span class=\"hr-inner-style\"><\/span><\/span><\/div>\n\n\n<style type=\"text\/css\" data-created_by=\"avia_inline_auto\" id=\"style-css-av-o1d5-cf77288da24053faf1b6ffbefcfc6222\">\n#top .hr.hr-invisible.av-o1d5-cf77288da24053faf1b6ffbefcfc6222{\nheight:50px;\n}\n<\/style>\n<div  class='hr av-o1d5-cf77288da24053faf1b6ffbefcfc6222 hr-invisible  avia-builder-el-3  el_after_av_codeblock  el_before_av_textblock'><span class='hr-inner'><span class=\"hr-inner-style\"><\/span><\/span><\/div>\n<section  class='av_textblock_section av-lu8gow1e-300853e458ed741bd87d6cb78e55cc7a'  itemscope=\"itemscope\" itemtype=\"https:\/\/schema.org\/CreativeWork\" ><div class='avia_textblock'  itemprop=\"text\" ><h2>Les avantages d'un syst\u00e8me automatique<\/h2>\n<p>De plus en plus d'entreprises optent pour une bo\u00eete de vitesses automatique, et ce pour de bonnes raisons. En effet, une bo\u00eete de vitesses automatique offre un confort de conduite optimal : il n'est pas n\u00e9cessaire d'embrayer ou de changer de vitesse soi-m\u00eame. C'est particuli\u00e8rement appr\u00e9ciable dans une circulation dense, par exemple dans les embouteillages. Une bo\u00eete automatique contribue \u00e9galement \u00e0 une plus grande s\u00e9curit\u00e9, car vous pouvez vous concentrer pleinement sur la route et \u00eates moins facilement distrait par les changements de vitesse. Les bo\u00eetes de vitesses automatiques modernes sont \u00e9galement plus efficaces : elles changent de vitesse plus rapidement et en douceur que les bo\u00eetes de vitesses manuelles. Cela permet non seulement d'am\u00e9liorer le confort de conduite, mais aussi d'\u00e9conomiser du carburant. Pour les entreprises, il s'agit d'un choix pratique et \u00e9conomique qui allie confort et efficacit\u00e9.<\/p>\n<\/div><\/section>\n<div class='flex_column av-f64w1-da126f42b61613402309283c14245a25 av_one_half  avia-builder-el-5  el_after_av_textblock  el_before_av_one_third  first flex_column_div column-top-margin'   ><section  class='av_textblock_section av-lu8gpqre-73cc2c17e6a6497ba6e1b58af22bd9e8'  itemscope=\"itemscope\" itemtype=\"https:\/\/schema.org\/CreativeWork\" ><div class='avia_textblock'  itemprop=\"text\" ><h2>Pourquoi choisir un Mercedes Sprinter ?<\/h2>\n<p>Les mod\u00e8les Mercedes Sprinter sont r\u00e9put\u00e9s pour leur qualit\u00e9, leur polyvalence et leur fiabilit\u00e9. Ce v\u00e9hicule utilitaire a \u00e9t\u00e9 con\u00e7u dans un souci de confort et de facilit\u00e9 d'utilisation, afin de rendre chaque trajet agr\u00e9able. Les si\u00e8ges ergonomiques offrent un excellent confort d'assise, id\u00e9al pour les longues journ\u00e9es de travail sur la route. De plus, le Sprinter est disponible en plusieurs versions, avec des ann\u00e9es de construction et des kilom\u00e9trages diff\u00e9rents. Que vous recherchiez une grande capacit\u00e9 de chargement, une technologie moderne ou un mod\u00e8le compact, il y a toujours un Sprinter qui r\u00e9pond parfaitement \u00e0 vos besoins professionnels.<\/p>\n<\/div><\/section><\/div><div class='flex_column av-aldk9-ee694297f5c4032981677a02caab84d6 av_one_third  avia-builder-el-7  el_after_av_one_half  el_before_av_hr  flex_column_div column-top-margin'   ><style type=\"text\/css\" data-created_by=\"avia_inline_auto\" id=\"style-css-av-l1w9kpsf-4ec3fab772ec7a9adaa33cfc64ff0475\">\n.avia-image-container.av-l1w9kpsf-4ec3fab772ec7a9adaa33cfc64ff0475 .av-image-caption-overlay-center{\ncolor:#ffffff;\n}\n<\/style>\n<div  class='avia-image-container av-l1w9kpsf-4ec3fab772ec7a9adaa33cfc64ff0475 av-styling- avia-align-center  avia-builder-el-8  avia-builder-el-no-sibling'  itemprop=\"image\" itemscope=\"itemscope\" itemtype=\"https:\/\/schema.org\/ImageObject\" ><div class=\"avia-image-container-inner\"><div class=\"avia-image-overlay-wrap\"><img decoding=\"async\" class='wp-image-187 avia-img-lazy-loading-not-187 avia_image' src=\"https:\/\/www.vdhurk.nl\/wp-content\/uploads\/2022\/03\/Voorrad.png\" alt='' title='Stock'  height=\"758\" width=\"1135\"  itemprop=\"thumbnailUrl\" srcset=\"https:\/\/www.vdhurk.nl\/wp-content\/uploads\/2022\/03\/Voorrad.png 1135w, https:\/\/www.vdhurk.nl\/wp-content\/uploads\/2022\/03\/Voorrad-300x200.png 300w, https:\/\/www.vdhurk.nl\/wp-content\/uploads\/2022\/03\/Voorrad-1030x688.png 1030w, https:\/\/www.vdhurk.nl\/wp-content\/uploads\/2022\/03\/Voorrad-768x513.png 768w, https:\/\/www.vdhurk.nl\/wp-content\/uploads\/2022\/03\/Voorrad-18x12.png 18w, https:\/\/www.vdhurk.nl\/wp-content\/uploads\/2022\/03\/Voorrad-705x471.png 705w\" sizes=\"(max-width: 1135px) 100vw, 1135px\" \/><\/div><\/div><\/div><\/div><\/p>\n\n<style type=\"text\/css\" data-created_by=\"avia_inline_auto\" id=\"style-css-av-luqrjpjc-5a23a1fb5f94718ca85316a9df963e2f\">\n#top .hr.hr-invisible.av-luqrjpjc-5a23a1fb5f94718ca85316a9df963e2f{\nheight:50px;\n}\n<\/style>\n<div  class='hr av-luqrjpjc-5a23a1fb5f94718ca85316a9df963e2f hr-invisible  avia-builder-el-9  el_after_av_one_third  el_before_av_textblock'><span class='hr-inner'><span class=\"hr-inner-style\"><\/span><\/span><\/div>\n<section  class='av_textblock_section av-lu8gtjw7-4f3cee9304909518d86d2860d9d582dd'  itemscope=\"itemscope\" itemtype=\"https:\/\/schema.org\/CreativeWork\" ><div class='avia_textblock'  itemprop=\"text\" ><h2>Acheter ou louer un Mercedes Sprinter ?<\/h2>\n<p>Chez Van den Hurk, nous proposons des options de financement flexibles pour r\u00e9pondre aux besoins de votre entreprise. Vous voulez devenir imm\u00e9diatement propri\u00e9taire ? Choisissez l'option d'achat d'une voiture de soci\u00e9t\u00e9. Vous pr\u00e9f\u00e9rez \u00e9chelonner le paiement plut\u00f4t que de le faire en une seule fois ? Dans ce cas, notre <a href=\"https:\/\/www.vdhurk.nl\/fr\/location-financiere\/\">location financi\u00e8re<\/a> la solution id\u00e9ale. Ce type de leasing est sp\u00e9cialement con\u00e7u pour les entreprises qui attachent de l'importance \u00e0 la s\u00e9curit\u00e9 et \u00e0 la commodit\u00e9 financi\u00e8re. Le leasing d'une Mercedes Sprinter se traduit par des co\u00fbts mensuels fixes, tout en permettant d'utiliser imm\u00e9diatement votre Mercedes Sprinter.<\/p>\n<h2>Trouvez le v\u00e9hicule utilitaire id\u00e9al<\/h2>\n<p>Que vous choisissiez un Mercedes Sprinter d'occasion ou neuf, vous \u00eates toujours assur\u00e9 d'une qualit\u00e9 sup\u00e9rieure. Avec une transmission automatique, vous b\u00e9n\u00e9ficiez en outre d'un confort et d'une commodit\u00e9 accrus lors de chaque trajet. En tant que concessionnaire Mercedes Sprinter exp\u00e9riment\u00e9, nous sommes pr\u00eats \u00e0 vous informer et \u00e0 vous conseiller, afin que vous puissiez choisir le v\u00e9hicule utilitaire id\u00e9al en toute confiance. Contactez-nous et d\u00e9couvrez ce que le Sprinter peut faire pour votre entreprise.<\/p>\n<\/div><\/section>","protected":false},"excerpt":{"rendered":"","protected":false},"author":3,"featured_media":0,"parent":393273,"menu_order":0,"comment_status":"closed","ping_status":"closed","template":"","meta":{"_acf_changed":false,"_improvement_type_select":"improve_an_existing","_thumb_yes_seoaic":false,"_frame_yes_seoaic":false,"seoaic_generate_description":"","seoaic_improve_instructions_prompt":"","seoaic_rollback_content_improvement":"","seoaic_idea_thumbnail_generator":"","thumbnail_generated":false,"thumbnail_generate_prompt":"","seoaic_article_description":"","footnotes":""},"class_list":["post-442876","page","type-page","status-publish","hentry"],"acf":[],"yoast_head":"<!-- This site is optimized with the Yoast SEO plugin v27.3 - https:\/\/yoast.com\/product\/yoast-seo-wordpress\/ -->\n<title>Op zoek naar een Mercedes Sprinter automaat?<\/title>\n<meta name=\"description\" content=\"Ontdek de betrouwbare Mercedes Sprinter automaat. Perfect voor zakelijk gebruik met ultiem rijcomfort, ruime laadruimte en moderne technologie.\" \/>\n<meta name=\"robots\" content=\"index, follow, max-snippet:-1, max-image-preview:large, max-video-preview:-1\" \/>\n<link rel=\"canonical\" href=\"https:\/\/www.vdhurk.nl\/fr\/mercedes-9\/sprinter\/machine\/\" \/>\n<meta property=\"og:locale\" content=\"fr_FR\" \/>\n<meta property=\"og:type\" content=\"article\" \/>\n<meta property=\"og:title\" content=\"Op zoek naar een Mercedes Sprinter automaat?\" \/>\n<meta property=\"og:description\" content=\"Ontdek de betrouwbare Mercedes Sprinter automaat. Perfect voor zakelijk gebruik met ultiem rijcomfort, ruime laadruimte en moderne technologie.\" \/>\n<meta property=\"og:url\" content=\"https:\/\/www.vdhurk.nl\/fr\/mercedes-9\/sprinter\/machine\/\" \/>\n<meta property=\"og:site_name\" content=\"Van den Hurk Bedrijfswagens\" \/>\n<meta name=\"twitter:card\" content=\"summary_large_image\" \/>\n<meta name=\"twitter:label1\" content=\"Dur\u00e9e de lecture estim\u00e9e\" \/>\n\t<meta name=\"twitter:data1\" content=\"4 minutes\" \/>\n<script type=\"application\/ld+json\" class=\"yoast-schema-graph\">{\"@context\":\"https:\\\/\\\/schema.org\",\"@graph\":[{\"@type\":\"WebPage\",\"@id\":\"https:\\\/\\\/www.vdhurk.nl\\\/mercedes-bedrijfswagens\\\/sprinter\\\/automaat\\\/\",\"url\":\"https:\\\/\\\/www.vdhurk.nl\\\/mercedes-bedrijfswagens\\\/sprinter\\\/automaat\\\/\",\"name\":\"Op zoek naar een Mercedes Sprinter automaat?\",\"isPartOf\":{\"@id\":\"https:\\\/\\\/www.vdhurk.nl\\\/#website\"},\"datePublished\":\"2025-02-06T16:15:21+00:00\",\"description\":\"Ontdek de betrouwbare Mercedes Sprinter automaat. Perfect voor zakelijk gebruik met ultiem rijcomfort, ruime laadruimte en moderne technologie.\",\"breadcrumb\":{\"@id\":\"https:\\\/\\\/www.vdhurk.nl\\\/mercedes-bedrijfswagens\\\/sprinter\\\/automaat\\\/#breadcrumb\"},\"inLanguage\":\"fr-FR\",\"potentialAction\":[{\"@type\":\"ReadAction\",\"target\":[\"https:\\\/\\\/www.vdhurk.nl\\\/mercedes-bedrijfswagens\\\/sprinter\\\/automaat\\\/\"]}]},{\"@type\":\"BreadcrumbList\",\"@id\":\"https:\\\/\\\/www.vdhurk.nl\\\/mercedes-bedrijfswagens\\\/sprinter\\\/automaat\\\/#breadcrumb\",\"itemListElement\":[{\"@type\":\"ListItem\",\"position\":1,\"name\":\"Home\",\"item\":\"https:\\\/\\\/www.vdhurk.nl\\\/home\\\/\"},{\"@type\":\"ListItem\",\"position\":2,\"name\":\"Mercedes Bedrijfswagens\",\"item\":\"https:\\\/\\\/www.vdhurk.nl\\\/mercedes-bedrijfswagens\\\/\"},{\"@type\":\"ListItem\",\"position\":3,\"name\":\"Mercedes Sprinter\",\"item\":\"https:\\\/\\\/www.vdhurk.nl\\\/mercedes-bedrijfswagens\\\/sprinter\\\/\"},{\"@type\":\"ListItem\",\"position\":4,\"name\":\"Mercedes Sprinter Automaat\"}]},{\"@type\":\"WebSite\",\"@id\":\"https:\\\/\\\/www.vdhurk.nl\\\/#website\",\"url\":\"https:\\\/\\\/www.vdhurk.nl\\\/\",\"name\":\"Van den Hurk Bedrijfswagens\",\"description\":\"Van den Hurk bedrijfswagens Helmond\",\"potentialAction\":[{\"@type\":\"SearchAction\",\"target\":{\"@type\":\"EntryPoint\",\"urlTemplate\":\"https:\\\/\\\/www.vdhurk.nl\\\/?s={search_term_string}\"},\"query-input\":{\"@type\":\"PropertyValueSpecification\",\"valueRequired\":true,\"valueName\":\"search_term_string\"}}],\"inLanguage\":\"fr-FR\"}]}<\/script>\n<!-- \/ Yoast SEO plugin. -->","yoast_head_json":{"title":"Vous cherchez une Mercedes Sprinter automatique ?","description":"D\u00e9couvrez la fiabilit\u00e9 du Mercedes Sprinter automatique. Parfait pour une utilisation professionnelle avec un confort de conduite ultime, un espace de chargement spacieux et une technologie moderne.","robots":{"index":"index","follow":"follow","max-snippet":"max-snippet:-1","max-image-preview":"max-image-preview:large","max-video-preview":"max-video-preview:-1"},"canonical":"https:\/\/www.vdhurk.nl\/fr\/mercedes-9\/sprinter\/machine\/","og_locale":"fr_FR","og_type":"article","og_title":"Op zoek naar een Mercedes Sprinter automaat?","og_description":"Ontdek de betrouwbare Mercedes Sprinter automaat. Perfect voor zakelijk gebruik met ultiem rijcomfort, ruime laadruimte en moderne technologie.","og_url":"https:\/\/www.vdhurk.nl\/fr\/mercedes-9\/sprinter\/machine\/","og_site_name":"Van den Hurk Bedrijfswagens","twitter_card":"summary_large_image","twitter_misc":{"Dur\u00e9e de lecture estim\u00e9e":"4 minutes"},"schema":{"@context":"https:\/\/schema.org","@graph":[{"@type":"WebPage","@id":"https:\/\/www.vdhurk.nl\/mercedes-bedrijfswagens\/sprinter\/automaat\/","url":"https:\/\/www.vdhurk.nl\/mercedes-bedrijfswagens\/sprinter\/automaat\/","name":"Vous cherchez une Mercedes Sprinter automatique ?","isPartOf":{"@id":"https:\/\/www.vdhurk.nl\/#website"},"datePublished":"2025-02-06T16:15:21+00:00","description":"D\u00e9couvrez la fiabilit\u00e9 du Mercedes Sprinter automatique. Parfait pour une utilisation professionnelle avec un confort de conduite ultime, un espace de chargement spacieux et une technologie moderne.","breadcrumb":{"@id":"https:\/\/www.vdhurk.nl\/mercedes-bedrijfswagens\/sprinter\/automaat\/#breadcrumb"},"inLanguage":"fr-FR","potentialAction":[{"@type":"ReadAction","target":["https:\/\/www.vdhurk.nl\/mercedes-bedrijfswagens\/sprinter\/automaat\/"]}]},{"@type":"BreadcrumbList","@id":"https:\/\/www.vdhurk.nl\/mercedes-bedrijfswagens\/sprinter\/automaat\/#breadcrumb","itemListElement":[{"@type":"ListItem","position":1,"name":"Home","item":"https:\/\/www.vdhurk.nl\/home\/"},{"@type":"ListItem","position":2,"name":"Mercedes Bedrijfswagens","item":"https:\/\/www.vdhurk.nl\/mercedes-bedrijfswagens\/"},{"@type":"ListItem","position":3,"name":"Mercedes Sprinter","item":"https:\/\/www.vdhurk.nl\/mercedes-bedrijfswagens\/sprinter\/"},{"@type":"ListItem","position":4,"name":"Mercedes Sprinter Automaat"}]},{"@type":"WebSite","@id":"https:\/\/www.vdhurk.nl\/#website","url":"https:\/\/www.vdhurk.nl\/","name":"V\u00e9hicules utilitaires Van den Hurk","description":"V\u00e9hicules utilitaires Van den Hurk Helmond","potentialAction":[{"@type":"SearchAction","target":{"@type":"EntryPoint","urlTemplate":"https:\/\/www.vdhurk.nl\/?s={search_term_string}"},"query-input":{"@type":"PropertyValueSpecification","valueRequired":true,"valueName":"search_term_string"}}],"inLanguage":"fr-FR"}]}},"_links":{"self":[{"href":"https:\/\/www.vdhurk.nl\/fr\/wp-json\/wp\/v2\/pages\/442876","targetHints":{"allow":["GET"]}}],"collection":[{"href":"https:\/\/www.vdhurk.nl\/fr\/wp-json\/wp\/v2\/pages"}],"about":[{"href":"https:\/\/www.vdhurk.nl\/fr\/wp-json\/wp\/v2\/types\/page"}],"author":[{"embeddable":true,"href":"https:\/\/www.vdhurk.nl\/fr\/wp-json\/wp\/v2\/users\/3"}],"replies":[{"embeddable":true,"href":"https:\/\/www.vdhurk.nl\/fr\/wp-json\/wp\/v2\/comments?post=442876"}],"version-history":[{"count":5,"href":"https:\/\/www.vdhurk.nl\/fr\/wp-json\/wp\/v2\/pages\/442876\/revisions"}],"predecessor-version":[{"id":442901,"href":"https:\/\/www.vdhurk.nl\/fr\/wp-json\/wp\/v2\/pages\/442876\/revisions\/442901"}],"up":[{"embeddable":true,"href":"https:\/\/www.vdhurk.nl\/fr\/wp-json\/wp\/v2\/pages\/393273"}],"wp:attachment":[{"href":"https:\/\/www.vdhurk.nl\/fr\/wp-json\/wp\/v2\/media?parent=442876"}],"curies":[{"name":"wp","href":"https:\/\/api.w.org\/{rel}","templated":true}]}}