{"id":442871,"date":"2025-02-06T17:10:19","date_gmt":"2025-02-06T16:10:19","guid":{"rendered":"https:\/\/www.vdhurk.nl\/?page_id=442871"},"modified":"2025-02-06T17:10:19","modified_gmt":"2025-02-06T16:10:19","slug":"machine","status":"publish","type":"page","link":"https:\/\/www.vdhurk.nl\/fr\/mercedes-bedrijfswagens\/citan\/automaat\/","title":{"rendered":"Mercedes Citan Automatique"},"content":{"rendered":"<section  class='av_textblock_section av-lu8gnh7d-4ac895489941e586c1d7c8cb72318135'  itemscope=\"itemscope\" itemtype=\"https:\/\/schema.org\/CreativeWork\" ><div class='avia_textblock'  itemprop=\"text\" ><h1>Acheter un Mercedes Citan automatique ?<\/h1>\n<p>Les changements de vitesse sont inconfortables ? Le Mercedes Citan automatique offre la solution parfaite. Ce v\u00e9hicule utilitaire compact et polyvalent allie sans effort confort et performance. Il est id\u00e9al pour les entrepreneurs qui ont besoin d'un v\u00e9hicule commercial fiable dans un trafic dense. En savoir plus sur les sp\u00e9cifications et les avantages et d\u00e9couvrir pourquoi le Mercedes Citan automatique est si populaire.<\/p>\n<\/div><\/section>\n\n<style type=\"text\/css\" data-created_by=\"avia_inline_auto\" id=\"style-css-av-lujjddpd-afa3d7a9eabd61123e643ed1228e781e\">\n#top .hr.hr-invisible.av-lujjddpd-afa3d7a9eabd61123e643ed1228e781e{\nheight:50px;\n}\n<\/style>\n<div  class='hr av-lujjddpd-afa3d7a9eabd61123e643ed1228e781e hr-invisible  avia-builder-el-1  el_after_av_textblock  el_before_av_codeblock'><span class='hr-inner'><span class=\"hr-inner-style\"><\/span><\/span><\/div>\n\n\n<style type=\"text\/css\" data-created_by=\"avia_inline_auto\" id=\"style-css-av-ah0xd-63338d9dc6b40410e22a712829c369d6\">\n#top .hr.hr-invisible.av-ah0xd-63338d9dc6b40410e22a712829c369d6{\nheight:50px;\n}\n<\/style>\n<div  class='hr av-ah0xd-63338d9dc6b40410e22a712829c369d6 hr-invisible  avia-builder-el-3  el_after_av_codeblock  el_before_av_textblock'><span class='hr-inner'><span class=\"hr-inner-style\"><\/span><\/span><\/div>\n<section  class='av_textblock_section av-lu8gow1e-300853e458ed741bd87d6cb78e55cc7a'  itemscope=\"itemscope\" itemtype=\"https:\/\/schema.org\/CreativeWork\" ><div class='avia_textblock'  itemprop=\"text\" ><h2>Les avantages d'un syst\u00e8me automatique<\/h2>\n<p>De plus en plus d'entreprises optent pour une voiture de soci\u00e9t\u00e9 \u00e9quip\u00e9e d'une bo\u00eete de vitesses automatique, et ce \u00e0 juste titre. En effet, une bo\u00eete automatique offre plusieurs avantages qui r\u00e9pondent parfaitement aux besoins des entreprises. Par exemple, de nombreux conducteurs b\u00e9n\u00e9ficient d'un plus grand confort et d'une plus grande facilit\u00e9 d'utilisation, car il n'est plus n\u00e9cessaire de changer de vitesse. La bo\u00eete de vitesses automatique est donc id\u00e9ale pour les trafics intenses, comme les embouteillages. En outre, vous pouvez vous concentrer pleinement sur la route, tandis que la voiture roule facilement et ne peut pas s'arr\u00eater comme une voiture \u00e0 bo\u00eete de vitesses. Gr\u00e2ce \u00e0 ces avantages, les mod\u00e8les Mercedes Citan constituent un choix intelligent et fiable pour votre entreprise.<\/p>\n<\/div><\/section>\n<div class='flex_column av-f64w1-da126f42b61613402309283c14245a25 av_one_half  avia-builder-el-5  el_after_av_textblock  el_before_av_one_third  first flex_column_div column-top-margin'   ><section  class='av_textblock_section av-lu8gpqre-73cc2c17e6a6497ba6e1b58af22bd9e8'  itemscope=\"itemscope\" itemtype=\"https:\/\/schema.org\/CreativeWork\" ><div class='avia_textblock'  itemprop=\"text\" ><h2>Pourquoi choisir le Mercedes Citan automatique ?<\/h2>\n<p>Le Mercedes Citan est un v\u00e9hicule utilitaire unique en son genre, gr\u00e2ce \u00e0 sa polyvalence et \u00e0 son design \u00e9l\u00e9gant. Ce qui fait la popularit\u00e9 de ce v\u00e9hicule utilitaire, c'est le bon \u00e9quilibre entre robustesse et confort. Le Citan offre non seulement une capacit\u00e9 de chargement impressionnante et un int\u00e9rieur personnalisable, mais aussi la fiabilit\u00e9 qui fait la r\u00e9putation de Mercedes-Benz. En outre, son rendement \u00e9nerg\u00e9tique r\u00e9duit les co\u00fbts d'exploitation, ce qui en fait un v\u00e9hicule id\u00e9al pour les entreprises qui parcourent des distances courtes ou longues. Ces caract\u00e9ristiques uniques font du Mercedes Citan un partenaire indispensable pour les entreprises.<\/p>\n<\/div><\/section><\/div><div class='flex_column av-aldk9-ee694297f5c4032981677a02caab84d6 av_one_third  avia-builder-el-7  el_after_av_one_half  el_before_av_hr  flex_column_div column-top-margin'   ><style type=\"text\/css\" data-created_by=\"avia_inline_auto\" id=\"style-css-av-l1w9kpsf-4ec3fab772ec7a9adaa33cfc64ff0475\">\n.avia-image-container.av-l1w9kpsf-4ec3fab772ec7a9adaa33cfc64ff0475 .av-image-caption-overlay-center{\ncolor:#ffffff;\n}\n<\/style>\n<div  class='avia-image-container av-l1w9kpsf-4ec3fab772ec7a9adaa33cfc64ff0475 av-styling- avia-align-center  avia-builder-el-8  avia-builder-el-no-sibling'  itemprop=\"image\" itemscope=\"itemscope\" itemtype=\"https:\/\/schema.org\/ImageObject\" ><div class=\"avia-image-container-inner\"><div class=\"avia-image-overlay-wrap\"><img decoding=\"async\" class='wp-image-187 avia-img-lazy-loading-not-187 avia_image' src=\"https:\/\/www.vdhurk.nl\/wp-content\/uploads\/2022\/03\/Voorrad.png\" alt='' title='Stock'  height=\"758\" width=\"1135\"  itemprop=\"thumbnailUrl\" srcset=\"https:\/\/www.vdhurk.nl\/wp-content\/uploads\/2022\/03\/Voorrad.png 1135w, https:\/\/www.vdhurk.nl\/wp-content\/uploads\/2022\/03\/Voorrad-300x200.png 300w, https:\/\/www.vdhurk.nl\/wp-content\/uploads\/2022\/03\/Voorrad-1030x688.png 1030w, https:\/\/www.vdhurk.nl\/wp-content\/uploads\/2022\/03\/Voorrad-768x513.png 768w, https:\/\/www.vdhurk.nl\/wp-content\/uploads\/2022\/03\/Voorrad-18x12.png 18w, https:\/\/www.vdhurk.nl\/wp-content\/uploads\/2022\/03\/Voorrad-705x471.png 705w\" sizes=\"(max-width: 1135px) 100vw, 1135px\" \/><\/div><\/div><\/div><\/div><\/p>\n\n<style type=\"text\/css\" data-created_by=\"avia_inline_auto\" id=\"style-css-av-luqrjpjc-5a23a1fb5f94718ca85316a9df963e2f\">\n#top .hr.hr-invisible.av-luqrjpjc-5a23a1fb5f94718ca85316a9df963e2f{\nheight:50px;\n}\n<\/style>\n<div  class='hr av-luqrjpjc-5a23a1fb5f94718ca85316a9df963e2f hr-invisible  avia-builder-el-9  el_after_av_one_third  el_before_av_textblock'><span class='hr-inner'><span class=\"hr-inner-style\"><\/span><\/span><\/div>\n<section  class='av_textblock_section av-lu8gtjw7-4f3cee9304909518d86d2860d9d582dd'  itemscope=\"itemscope\" itemtype=\"https:\/\/schema.org\/CreativeWork\" ><div class='avia_textblock'  itemprop=\"text\" ><h2>Louer un Mercedes Citan ?<\/h2>\n<p>Le choix de la bonne voiture de soci\u00e9t\u00e9 est une \u00e9tape importante pour votre entreprise. Chez Van den Hurk, vous avez la possibilit\u00e9 d'opter pour un leasing financier. Cette option vous permet de b\u00e9n\u00e9ficier de co\u00fbts mensuels fixes sans devoir faire un gros investissement en une seule fois. Vous b\u00e9n\u00e9ficiez ainsi non seulement d'une plus grande s\u00e9curit\u00e9 financi\u00e8re, mais aussi d'avantages tels que la flexibilit\u00e9. En outre, vous n'avez pas \u00e0 vous soucier de l'amortissement imm\u00e9diat. Pour ceux qui pr\u00e9f\u00e8rent \u00eatre propri\u00e9taires imm\u00e9diatement, il est \u00e9galement possible d'acheter une Mercedes Vito en une seule fois. Le choix qui convient le mieux \u00e0 votre entreprise d\u00e9pend de vos besoins. Curieux de conna\u00eetre les options ? En savoir plus sur <a href=\"https:\/\/www.vdhurk.nl\/fr\/location-financiere\/\">location financi\u00e8re<\/a> ou l'achat direct et trouver la solution parfaite pour votre entreprise.<\/p>\n<h2>Dans quelle gamme de prix se situe le Mercedes Citan automatique ?<\/h2>\n<p>Le prix d'un Mercedes Citan d\u00e9pend de la version et des sp\u00e9cifications choisies. Chaque entreprise a des souhaits et des besoins diff\u00e9rents, et ce mod\u00e8le offre de nombreuses options pour y r\u00e9pondre. Que vous optiez pour une version de base ou pour un mod\u00e8le plus luxueux avec des options suppl\u00e9mentaires, avec Mercedes-Benz, vous pouvez toujours compter sur un bon rapport qualit\u00e9-prix. Vous souhaitez conna\u00eetre le prix du Mercedes Citan ? Prenez contact avec nous. Nous nous ferons un plaisir de vous en dire plus.<\/p>\n<h2>Vous achetez un Mercedes Citan ? Consultez l'offre !<\/h2>\n<p>Acheter un Mercedes Citan d'occasion ou neuf ? Les deux options sont possibles. Nous souhaitons vous aider \u00e0 faire le meilleur choix, c'est pourquoi nous sommes heureux de vous en dire plus sur nos v\u00e9hicules utilitaires. De cette mani\u00e8re, nous trouverons toujours un v\u00e9hicule qui r\u00e9pondra parfaitement aux besoins de votre entreprise.<\/p>\n<\/div><\/section>","protected":false},"excerpt":{"rendered":"","protected":false},"author":3,"featured_media":0,"parent":397532,"menu_order":0,"comment_status":"closed","ping_status":"closed","template":"","meta":{"_acf_changed":false,"_improvement_type_select":"improve_an_existing","_thumb_yes_seoaic":false,"_frame_yes_seoaic":false,"seoaic_generate_description":"","seoaic_improve_instructions_prompt":"","seoaic_rollback_content_improvement":"","seoaic_idea_thumbnail_generator":"","thumbnail_generated":false,"thumbnail_generate_prompt":"","seoaic_article_description":"","footnotes":""},"class_list":["post-442871","page","type-page","status-publish","hentry"],"acf":[],"yoast_head":"<!-- This site is optimized with the Yoast SEO plugin v27.5 - https:\/\/yoast.com\/product\/yoast-seo-wordpress\/ -->\n<title>Mercedes Citan automaat kopen?<\/title>\n<meta name=\"description\" content=\"Op zoek naar een Mercedes Citan automaat? Bekijk ons aanbod en vind de bedrijfswagen die helemaal past bij jouw zakelijke behoeften.\" \/>\n<meta name=\"robots\" content=\"index, follow, max-snippet:-1, max-image-preview:large, max-video-preview:-1\" \/>\n<link rel=\"canonical\" href=\"https:\/\/www.vdhurk.nl\/fr\/mercedes-9\/mercedes-22\/machine\/\" \/>\n<meta property=\"og:locale\" content=\"fr_FR\" \/>\n<meta property=\"og:type\" content=\"article\" \/>\n<meta property=\"og:title\" content=\"Mercedes Citan automaat kopen?\" \/>\n<meta property=\"og:description\" content=\"Op zoek naar een Mercedes Citan automaat? Bekijk ons aanbod en vind de bedrijfswagen die helemaal past bij jouw zakelijke behoeften.\" \/>\n<meta property=\"og:url\" content=\"https:\/\/www.vdhurk.nl\/fr\/mercedes-9\/mercedes-22\/machine\/\" \/>\n<meta property=\"og:site_name\" content=\"Van den Hurk Bedrijfswagens\" \/>\n<meta name=\"twitter:card\" content=\"summary_large_image\" \/>\n<meta name=\"twitter:label1\" content=\"Dur\u00e9e de lecture estim\u00e9e\" \/>\n\t<meta name=\"twitter:data1\" content=\"4 minutes\" \/>\n<script type=\"application\/ld+json\" class=\"yoast-schema-graph\">{\"@context\":\"https:\\\/\\\/schema.org\",\"@graph\":[{\"@type\":\"WebPage\",\"@id\":\"https:\\\/\\\/www.vdhurk.nl\\\/mercedes-bedrijfswagens\\\/citan\\\/automaat\\\/\",\"url\":\"https:\\\/\\\/www.vdhurk.nl\\\/mercedes-bedrijfswagens\\\/citan\\\/automaat\\\/\",\"name\":\"Mercedes Citan automaat kopen?\",\"isPartOf\":{\"@id\":\"https:\\\/\\\/www.vdhurk.nl\\\/#website\"},\"datePublished\":\"2025-02-06T16:10:19+00:00\",\"description\":\"Op zoek naar een Mercedes Citan automaat? Bekijk ons aanbod en vind de bedrijfswagen die helemaal past bij jouw zakelijke behoeften.\",\"breadcrumb\":{\"@id\":\"https:\\\/\\\/www.vdhurk.nl\\\/mercedes-bedrijfswagens\\\/citan\\\/automaat\\\/#breadcrumb\"},\"inLanguage\":\"fr-FR\",\"potentialAction\":[{\"@type\":\"ReadAction\",\"target\":[\"https:\\\/\\\/www.vdhurk.nl\\\/mercedes-bedrijfswagens\\\/citan\\\/automaat\\\/\"]}]},{\"@type\":\"BreadcrumbList\",\"@id\":\"https:\\\/\\\/www.vdhurk.nl\\\/mercedes-bedrijfswagens\\\/citan\\\/automaat\\\/#breadcrumb\",\"itemListElement\":[{\"@type\":\"ListItem\",\"position\":1,\"name\":\"Home\",\"item\":\"https:\\\/\\\/www.vdhurk.nl\\\/home\\\/\"},{\"@type\":\"ListItem\",\"position\":2,\"name\":\"Mercedes Bedrijfswagens\",\"item\":\"https:\\\/\\\/www.vdhurk.nl\\\/mercedes-bedrijfswagens\\\/\"},{\"@type\":\"ListItem\",\"position\":3,\"name\":\"Mercedes Citan\",\"item\":\"https:\\\/\\\/www.vdhurk.nl\\\/mercedes-bedrijfswagens\\\/citan\\\/\"},{\"@type\":\"ListItem\",\"position\":4,\"name\":\"Mercedes Citan Automaat\"}]},{\"@type\":\"WebSite\",\"@id\":\"https:\\\/\\\/www.vdhurk.nl\\\/#website\",\"url\":\"https:\\\/\\\/www.vdhurk.nl\\\/\",\"name\":\"Van den Hurk Bedrijfswagens\",\"description\":\"Van den Hurk bedrijfswagens Helmond\",\"potentialAction\":[{\"@type\":\"SearchAction\",\"target\":{\"@type\":\"EntryPoint\",\"urlTemplate\":\"https:\\\/\\\/www.vdhurk.nl\\\/?s={search_term_string}\"},\"query-input\":{\"@type\":\"PropertyValueSpecification\",\"valueRequired\":true,\"valueName\":\"search_term_string\"}}],\"inLanguage\":\"fr-FR\"}]}<\/script>\n<!-- \/ Yoast SEO plugin. -->","yoast_head_json":{"title":"Acheter un Mercedes Citan automatique ?","description":"Vous cherchez un Mercedes Citan automatique ? Consultez notre gamme et trouvez le v\u00e9hicule utilitaire qui r\u00e9pondra parfaitement aux besoins de votre entreprise.","robots":{"index":"index","follow":"follow","max-snippet":"max-snippet:-1","max-image-preview":"max-image-preview:large","max-video-preview":"max-video-preview:-1"},"canonical":"https:\/\/www.vdhurk.nl\/fr\/mercedes-9\/mercedes-22\/machine\/","og_locale":"fr_FR","og_type":"article","og_title":"Mercedes Citan automaat kopen?","og_description":"Op zoek naar een Mercedes Citan automaat? Bekijk ons aanbod en vind de bedrijfswagen die helemaal past bij jouw zakelijke behoeften.","og_url":"https:\/\/www.vdhurk.nl\/fr\/mercedes-9\/mercedes-22\/machine\/","og_site_name":"Van den Hurk Bedrijfswagens","twitter_card":"summary_large_image","twitter_misc":{"Dur\u00e9e de lecture estim\u00e9e":"4 minutes"},"schema":{"@context":"https:\/\/schema.org","@graph":[{"@type":"WebPage","@id":"https:\/\/www.vdhurk.nl\/mercedes-bedrijfswagens\/citan\/automaat\/","url":"https:\/\/www.vdhurk.nl\/mercedes-bedrijfswagens\/citan\/automaat\/","name":"Acheter un Mercedes Citan automatique ?","isPartOf":{"@id":"https:\/\/www.vdhurk.nl\/#website"},"datePublished":"2025-02-06T16:10:19+00:00","description":"Vous cherchez un Mercedes Citan automatique ? Consultez notre gamme et trouvez le v\u00e9hicule utilitaire qui r\u00e9pondra parfaitement aux besoins de votre entreprise.","breadcrumb":{"@id":"https:\/\/www.vdhurk.nl\/mercedes-bedrijfswagens\/citan\/automaat\/#breadcrumb"},"inLanguage":"fr-FR","potentialAction":[{"@type":"ReadAction","target":["https:\/\/www.vdhurk.nl\/mercedes-bedrijfswagens\/citan\/automaat\/"]}]},{"@type":"BreadcrumbList","@id":"https:\/\/www.vdhurk.nl\/mercedes-bedrijfswagens\/citan\/automaat\/#breadcrumb","itemListElement":[{"@type":"ListItem","position":1,"name":"Home","item":"https:\/\/www.vdhurk.nl\/home\/"},{"@type":"ListItem","position":2,"name":"Mercedes Bedrijfswagens","item":"https:\/\/www.vdhurk.nl\/mercedes-bedrijfswagens\/"},{"@type":"ListItem","position":3,"name":"Mercedes Citan","item":"https:\/\/www.vdhurk.nl\/mercedes-bedrijfswagens\/citan\/"},{"@type":"ListItem","position":4,"name":"Mercedes Citan Automaat"}]},{"@type":"WebSite","@id":"https:\/\/www.vdhurk.nl\/#website","url":"https:\/\/www.vdhurk.nl\/","name":"V\u00e9hicules utilitaires Van den Hurk","description":"V\u00e9hicules utilitaires Van den Hurk Helmond","potentialAction":[{"@type":"SearchAction","target":{"@type":"EntryPoint","urlTemplate":"https:\/\/www.vdhurk.nl\/?s={search_term_string}"},"query-input":{"@type":"PropertyValueSpecification","valueRequired":true,"valueName":"search_term_string"}}],"inLanguage":"fr-FR"}]}},"_links":{"self":[{"href":"https:\/\/www.vdhurk.nl\/fr\/wp-json\/wp\/v2\/pages\/442871","targetHints":{"allow":["GET"]}}],"collection":[{"href":"https:\/\/www.vdhurk.nl\/fr\/wp-json\/wp\/v2\/pages"}],"about":[{"href":"https:\/\/www.vdhurk.nl\/fr\/wp-json\/wp\/v2\/types\/page"}],"author":[{"embeddable":true,"href":"https:\/\/www.vdhurk.nl\/fr\/wp-json\/wp\/v2\/users\/3"}],"replies":[{"embeddable":true,"href":"https:\/\/www.vdhurk.nl\/fr\/wp-json\/wp\/v2\/comments?post=442871"}],"version-history":[{"count":4,"href":"https:\/\/www.vdhurk.nl\/fr\/wp-json\/wp\/v2\/pages\/442871\/revisions"}],"predecessor-version":[{"id":442875,"href":"https:\/\/www.vdhurk.nl\/fr\/wp-json\/wp\/v2\/pages\/442871\/revisions\/442875"}],"up":[{"embeddable":true,"href":"https:\/\/www.vdhurk.nl\/fr\/wp-json\/wp\/v2\/pages\/397532"}],"wp:attachment":[{"href":"https:\/\/www.vdhurk.nl\/fr\/wp-json\/wp\/v2\/media?parent=442871"}],"curies":[{"name":"wp","href":"https:\/\/api.w.org\/{rel}","templated":true}]}}