{"id":442867,"date":"2025-02-06T16:55:30","date_gmt":"2025-02-06T15:55:30","guid":{"rendered":"https:\/\/www.vdhurk.nl\/?page_id=442867"},"modified":"2025-02-06T17:23:50","modified_gmt":"2025-02-06T16:23:50","slug":"machine","status":"publish","type":"page","link":"https:\/\/www.vdhurk.nl\/fr\/mercedes-bedrijfswagens\/vito\/automaat\/","title":{"rendered":"Mercedes Vito Automatic"},"content":{"rendered":"<section  class='av_textblock_section av-lu8gnh7d-4ac895489941e586c1d7c8cb72318135'  itemscope=\"itemscope\" itemtype=\"https:\/\/schema.org\/CreativeWork\" ><div class='avia_textblock'  itemprop=\"text\" ><h1>Tout sur la transmission automatique de la Mercedes Vito<\/h1>\n<p>Vous trouvez les changements de vitesse peu pratiques ou inconfortables ? Le Mercedes Vito automatique est la solution. Ce v\u00e9hicule utilitaire polyvalent allie confort et performance et est tr\u00e8s appr\u00e9ci\u00e9 des entrepreneurs depuis des ann\u00e9es. D\u00e9couvrez les sp\u00e9cifications et les avantages de ce v\u00e9hicule utilitaire, ainsi que les raisons de sa popularit\u00e9.<\/p>\n<\/div><\/section>\n\n<style type=\"text\/css\" data-created_by=\"avia_inline_auto\" id=\"style-css-av-lujjddpd-afa3d7a9eabd61123e643ed1228e781e\">\n#top .hr.hr-invisible.av-lujjddpd-afa3d7a9eabd61123e643ed1228e781e{\nheight:50px;\n}\n<\/style>\n<div  class='hr av-lujjddpd-afa3d7a9eabd61123e643ed1228e781e hr-invisible  avia-builder-el-1  el_after_av_textblock  el_before_av_codeblock'><span class='hr-inner'><span class=\"hr-inner-style\"><\/span><\/span><\/div>\n\n\n<style type=\"text\/css\" data-created_by=\"avia_inline_auto\" id=\"style-css-av-ah0xd-63338d9dc6b40410e22a712829c369d6\">\n#top .hr.hr-invisible.av-ah0xd-63338d9dc6b40410e22a712829c369d6{\nheight:50px;\n}\n<\/style>\n<div  class='hr av-ah0xd-63338d9dc6b40410e22a712829c369d6 hr-invisible  avia-builder-el-3  el_after_av_codeblock  el_before_av_textblock'><span class='hr-inner'><span class=\"hr-inner-style\"><\/span><\/span><\/div>\n<section  class='av_textblock_section av-lu8gow1e-300853e458ed741bd87d6cb78e55cc7a'  itemscope=\"itemscope\" itemtype=\"https:\/\/schema.org\/CreativeWork\" ><div class='avia_textblock'  itemprop=\"text\" ><h2>Pourquoi choisir une voiture automatique ?<\/h2>\n<p>De plus en plus d'entreprises optent pour une voiture de soci\u00e9t\u00e9 \u00e9quip\u00e9e d'une bo\u00eete de vitesses automatique, et ce pour de bonnes raisons. En effet, une bo\u00eete automatique pr\u00e9sente plusieurs avantages qui r\u00e9pondent aux besoins des entreprises. Par exemple, de nombreux conducteurs trouvent la bo\u00eete automatique plus confortable et plus conviviale, car il n'est plus n\u00e9cessaire de changer de vitesse. C'est surtout une aubaine dans un trafic dense, comme les embouteillages ou la distribution urbaine. Avec une bo\u00eete automatique, vous pouvez vous concentrer pleinement sur la route et elle ne cale jamais ou presque, contrairement aux voitures \u00e0 bo\u00eete de vitesses. Gr\u00e2ce \u00e0 tous ces avantages, les mod\u00e8les Mercedes Vito constituent un choix judicieux pour votre entreprise.<\/p>\n<\/div><\/section>\n<div class='flex_column av-f64w1-da126f42b61613402309283c14245a25 av_one_half  avia-builder-el-5  el_after_av_textblock  el_before_av_one_third  first flex_column_div column-top-margin'   ><section  class='av_textblock_section av-lu8gpqre-73cc2c17e6a6497ba6e1b58af22bd9e8'  itemscope=\"itemscope\" itemtype=\"https:\/\/schema.org\/CreativeWork\" ><div class='avia_textblock'  itemprop=\"text\" ><h2>Les avantages d'une Mercedes Vito<\/h2>\n<p>Le Mercedes Vito se distingue des autres v\u00e9hicules utilitaires dans plusieurs domaines. La marque s'est forg\u00e9e une r\u00e9putation de grande fiabilit\u00e9 gr\u00e2ce \u00e0 la qualit\u00e9 constante de tous ses mod\u00e8les. Con\u00e7u pour un usage intensif, le Vito offre un excellent confort et dispose de syst\u00e8mes d'aide \u00e0 la conduite performants qui garantissent des conditions de circulation s\u00fbres. En outre, le Mercedes Vito est disponible en diff\u00e9rentes versions, de sorte qu'il existe toujours un mod\u00e8le adapt\u00e9 \u00e0 vos besoins professionnels sp\u00e9cifiques. Gr\u00e2ce \u00e0 des options telles que l'am\u00e9nagement intelligent des compartiments de chargement, vous pouvez adapter le Vito \u00e0 vos activit\u00e9s.<\/p>\n<\/div><\/section><\/div>\n<div class='flex_column av-aldk9-ee694297f5c4032981677a02caab84d6 av_one_third  avia-builder-el-7  el_after_av_one_half  el_before_av_hr  flex_column_div column-top-margin'   ><style type=\"text\/css\" data-created_by=\"avia_inline_auto\" id=\"style-css-av-l1w9kpsf-4ec3fab772ec7a9adaa33cfc64ff0475\">\n.avia-image-container.av-l1w9kpsf-4ec3fab772ec7a9adaa33cfc64ff0475 .av-image-caption-overlay-center{\ncolor:#ffffff;\n}\n<\/style>\n<div  class='avia-image-container av-l1w9kpsf-4ec3fab772ec7a9adaa33cfc64ff0475 av-styling- avia-align-center  avia-builder-el-8  avia-builder-el-no-sibling'  itemprop=\"image\" itemscope=\"itemscope\" itemtype=\"https:\/\/schema.org\/ImageObject\" ><div class=\"avia-image-container-inner\"><div class=\"avia-image-overlay-wrap\"><img decoding=\"async\" class='wp-image-187 avia-img-lazy-loading-not-187 avia_image' src=\"https:\/\/www.vdhurk.nl\/wp-content\/uploads\/2022\/03\/Voorrad.png\" alt='' title='Stock'  height=\"758\" width=\"1135\"  itemprop=\"thumbnailUrl\" srcset=\"https:\/\/www.vdhurk.nl\/wp-content\/uploads\/2022\/03\/Voorrad.png 1135w, https:\/\/www.vdhurk.nl\/wp-content\/uploads\/2022\/03\/Voorrad-300x200.png 300w, https:\/\/www.vdhurk.nl\/wp-content\/uploads\/2022\/03\/Voorrad-1030x688.png 1030w, https:\/\/www.vdhurk.nl\/wp-content\/uploads\/2022\/03\/Voorrad-768x513.png 768w, https:\/\/www.vdhurk.nl\/wp-content\/uploads\/2022\/03\/Voorrad-18x12.png 18w, https:\/\/www.vdhurk.nl\/wp-content\/uploads\/2022\/03\/Voorrad-705x471.png 705w\" sizes=\"(max-width: 1135px) 100vw, 1135px\" \/><\/div><\/div><\/div><\/div>\n\n<style type=\"text\/css\" data-created_by=\"avia_inline_auto\" id=\"style-css-av-luqrjpjc-5a23a1fb5f94718ca85316a9df963e2f\">\n#top .hr.hr-invisible.av-luqrjpjc-5a23a1fb5f94718ca85316a9df963e2f{\nheight:50px;\n}\n<\/style>\n<div  class='hr av-luqrjpjc-5a23a1fb5f94718ca85316a9df963e2f hr-invisible  avia-builder-el-9  el_after_av_one_third  el_before_av_textblock'><span class='hr-inner'><span class=\"hr-inner-style\"><\/span><\/span><\/div>\n<section  class='av_textblock_section av-lu8gtjw7-4f3cee9304909518d86d2860d9d582dd'  itemscope=\"itemscope\" itemtype=\"https:\/\/schema.org\/CreativeWork\" ><div class='avia_textblock'  itemprop=\"text\" ><h2>Acheter ou louer une Mercedes Vito ?<\/h2>\n<p>Lors de l'achat d'une voiture de soci\u00e9t\u00e9, il est important de r\u00e9fl\u00e9chir \u00e0 l'option qui convient le mieux \u00e0 votre entreprise. Chez Van den Hurk, vous pouvez choisir <a href=\"https:\/\/www.vdhurk.nl\/fr\/location-financiere\/\">location financi\u00e8re<\/a>Vous b\u00e9n\u00e9ficiez ainsi de co\u00fbts mensuels fixes et n'avez pas \u00e0 faire un gros investissement en une seule fois. Cela garantit la pr\u00e9visibilit\u00e9 de votre budget, tout en vous \u00e9vitant de devoir faire face \u00e0 la d\u00e9pr\u00e9ciation. En outre, le leasing d'une voiture de soci\u00e9t\u00e9 offre de nombreux autres avantages, tels que la flexibilit\u00e9 et les avantages fiscaux. Bien entendu, vous pouvez \u00e9galement opter pour l'achat d'une Mercedes Vito, si vous pr\u00e9f\u00e9rez r\u00e9aliser l'investissement complet en une seule fois. Les deux options offrent leurs propres avantages, en fonction des besoins de votre entreprise. Envie d'en savoir plus ? D\u00e9couvrez toutes les options de leasing financier et d'achat.<\/p>\n<h2>Voir l'offre<\/h2>\n<p>Vous achetez une Mercedes Vito ? Ou vous avez besoin de plus d'informations ? En tant que concessionnaire Mercedes Vito, nous sommes heureux de vous en dire plus sur ce mod\u00e8le afin que vous puissiez faire un choix \u00e9clair\u00e9. Que vous optiez pour une Mercedes Vito d'occasion ou neuve, vous trouverez toujours un v\u00e9hicule utilitaire adapt\u00e9 \u00e0 votre activit\u00e9.<\/p>\n<\/div><\/section>","protected":false},"excerpt":{"rendered":"","protected":false},"author":3,"featured_media":0,"parent":393278,"menu_order":0,"comment_status":"closed","ping_status":"closed","template":"","meta":{"_acf_changed":false,"_improvement_type_select":"improve_an_existing","_thumb_yes_seoaic":false,"_frame_yes_seoaic":false,"seoaic_generate_description":"","seoaic_improve_instructions_prompt":"","seoaic_rollback_content_improvement":"","seoaic_idea_thumbnail_generator":"","thumbnail_generated":false,"thumbnail_generate_prompt":"","seoaic_article_description":"","footnotes":""},"class_list":["post-442867","page","type-page","status-publish","hentry"],"acf":[],"yoast_head":"<!-- This site is optimized with the Yoast SEO plugin v27.5 - https:\/\/yoast.com\/product\/yoast-seo-wordpress\/ -->\n<title>Mercedes Vito Automaat | Comfort en gemak in \u00e9\u00e9n<\/title>\n<meta name=\"description\" content=\"Ontdek de Mercedes Vito Automaat: ultiem rijcomfort, betrouwbaarheid en veelzijdigheid. Bekijk ons aanbod!\" \/>\n<meta name=\"robots\" content=\"index, follow, max-snippet:-1, max-image-preview:large, max-video-preview:-1\" \/>\n<link rel=\"canonical\" href=\"https:\/\/www.vdhurk.nl\/fr\/mercedes-9\/mercedes-20\/machine\/\" \/>\n<meta property=\"og:locale\" content=\"fr_FR\" \/>\n<meta property=\"og:type\" content=\"article\" \/>\n<meta property=\"og:title\" content=\"Mercedes Vito Automaat | Comfort en gemak in \u00e9\u00e9n\" \/>\n<meta property=\"og:description\" content=\"Ontdek de Mercedes Vito Automaat: ultiem rijcomfort, betrouwbaarheid en veelzijdigheid. Bekijk ons aanbod!\" \/>\n<meta property=\"og:url\" content=\"https:\/\/www.vdhurk.nl\/fr\/mercedes-9\/mercedes-20\/machine\/\" \/>\n<meta property=\"og:site_name\" content=\"Van den Hurk Bedrijfswagens\" \/>\n<meta property=\"article:modified_time\" content=\"2025-02-06T16:23:50+00:00\" \/>\n<meta name=\"twitter:card\" content=\"summary_large_image\" \/>\n<meta name=\"twitter:label1\" content=\"Dur\u00e9e de lecture estim\u00e9e\" \/>\n\t<meta name=\"twitter:data1\" content=\"4 minutes\" \/>\n<script type=\"application\/ld+json\" class=\"yoast-schema-graph\">{\"@context\":\"https:\\\/\\\/schema.org\",\"@graph\":[{\"@type\":\"WebPage\",\"@id\":\"https:\\\/\\\/www.vdhurk.nl\\\/mercedes-bedrijfswagens\\\/vito\\\/automaat\\\/\",\"url\":\"https:\\\/\\\/www.vdhurk.nl\\\/mercedes-bedrijfswagens\\\/vito\\\/automaat\\\/\",\"name\":\"Mercedes Vito Automaat | Comfort en gemak in \u00e9\u00e9n\",\"isPartOf\":{\"@id\":\"https:\\\/\\\/www.vdhurk.nl\\\/#website\"},\"datePublished\":\"2025-02-06T15:55:30+00:00\",\"dateModified\":\"2025-02-06T16:23:50+00:00\",\"description\":\"Ontdek de Mercedes Vito Automaat: ultiem rijcomfort, betrouwbaarheid en veelzijdigheid. Bekijk ons aanbod!\",\"breadcrumb\":{\"@id\":\"https:\\\/\\\/www.vdhurk.nl\\\/mercedes-bedrijfswagens\\\/vito\\\/automaat\\\/#breadcrumb\"},\"inLanguage\":\"fr-FR\",\"potentialAction\":[{\"@type\":\"ReadAction\",\"target\":[\"https:\\\/\\\/www.vdhurk.nl\\\/mercedes-bedrijfswagens\\\/vito\\\/automaat\\\/\"]}]},{\"@type\":\"BreadcrumbList\",\"@id\":\"https:\\\/\\\/www.vdhurk.nl\\\/mercedes-bedrijfswagens\\\/vito\\\/automaat\\\/#breadcrumb\",\"itemListElement\":[{\"@type\":\"ListItem\",\"position\":1,\"name\":\"Home\",\"item\":\"https:\\\/\\\/www.vdhurk.nl\\\/home\\\/\"},{\"@type\":\"ListItem\",\"position\":2,\"name\":\"Mercedes Bedrijfswagens\",\"item\":\"https:\\\/\\\/www.vdhurk.nl\\\/mercedes-bedrijfswagens\\\/\"},{\"@type\":\"ListItem\",\"position\":3,\"name\":\"Mercedes Vito\",\"item\":\"https:\\\/\\\/www.vdhurk.nl\\\/mercedes-bedrijfswagens\\\/vito\\\/\"},{\"@type\":\"ListItem\",\"position\":4,\"name\":\"Mercedes Vito Automaat\"}]},{\"@type\":\"WebSite\",\"@id\":\"https:\\\/\\\/www.vdhurk.nl\\\/#website\",\"url\":\"https:\\\/\\\/www.vdhurk.nl\\\/\",\"name\":\"Van den Hurk Bedrijfswagens\",\"description\":\"Van den Hurk bedrijfswagens Helmond\",\"potentialAction\":[{\"@type\":\"SearchAction\",\"target\":{\"@type\":\"EntryPoint\",\"urlTemplate\":\"https:\\\/\\\/www.vdhurk.nl\\\/?s={search_term_string}\"},\"query-input\":{\"@type\":\"PropertyValueSpecification\",\"valueRequired\":true,\"valueName\":\"search_term_string\"}}],\"inLanguage\":\"fr-FR\"}]}<\/script>\n<!-- \/ Yoast SEO plugin. -->","yoast_head_json":{"title":"Mercedes Vito Automatic | Confort et commodit\u00e9 en un seul v\u00e9hicule","description":"D\u00e9couvrez le Mercedes Vito Automatic : confort de conduite, fiabilit\u00e9 et polyvalence. D\u00e9couvrez notre gamme !","robots":{"index":"index","follow":"follow","max-snippet":"max-snippet:-1","max-image-preview":"max-image-preview:large","max-video-preview":"max-video-preview:-1"},"canonical":"https:\/\/www.vdhurk.nl\/fr\/mercedes-9\/mercedes-20\/machine\/","og_locale":"fr_FR","og_type":"article","og_title":"Mercedes Vito Automaat | Comfort en gemak in \u00e9\u00e9n","og_description":"Ontdek de Mercedes Vito Automaat: ultiem rijcomfort, betrouwbaarheid en veelzijdigheid. Bekijk ons aanbod!","og_url":"https:\/\/www.vdhurk.nl\/fr\/mercedes-9\/mercedes-20\/machine\/","og_site_name":"Van den Hurk Bedrijfswagens","article_modified_time":"2025-02-06T16:23:50+00:00","twitter_card":"summary_large_image","twitter_misc":{"Dur\u00e9e de lecture estim\u00e9e":"4 minutes"},"schema":{"@context":"https:\/\/schema.org","@graph":[{"@type":"WebPage","@id":"https:\/\/www.vdhurk.nl\/mercedes-bedrijfswagens\/vito\/automaat\/","url":"https:\/\/www.vdhurk.nl\/mercedes-bedrijfswagens\/vito\/automaat\/","name":"Mercedes Vito Automatic | Confort et commodit\u00e9 en un seul v\u00e9hicule","isPartOf":{"@id":"https:\/\/www.vdhurk.nl\/#website"},"datePublished":"2025-02-06T15:55:30+00:00","dateModified":"2025-02-06T16:23:50+00:00","description":"D\u00e9couvrez le Mercedes Vito Automatic : confort de conduite, fiabilit\u00e9 et polyvalence. D\u00e9couvrez notre gamme !","breadcrumb":{"@id":"https:\/\/www.vdhurk.nl\/mercedes-bedrijfswagens\/vito\/automaat\/#breadcrumb"},"inLanguage":"fr-FR","potentialAction":[{"@type":"ReadAction","target":["https:\/\/www.vdhurk.nl\/mercedes-bedrijfswagens\/vito\/automaat\/"]}]},{"@type":"BreadcrumbList","@id":"https:\/\/www.vdhurk.nl\/mercedes-bedrijfswagens\/vito\/automaat\/#breadcrumb","itemListElement":[{"@type":"ListItem","position":1,"name":"Home","item":"https:\/\/www.vdhurk.nl\/home\/"},{"@type":"ListItem","position":2,"name":"Mercedes Bedrijfswagens","item":"https:\/\/www.vdhurk.nl\/mercedes-bedrijfswagens\/"},{"@type":"ListItem","position":3,"name":"Mercedes Vito","item":"https:\/\/www.vdhurk.nl\/mercedes-bedrijfswagens\/vito\/"},{"@type":"ListItem","position":4,"name":"Mercedes Vito Automaat"}]},{"@type":"WebSite","@id":"https:\/\/www.vdhurk.nl\/#website","url":"https:\/\/www.vdhurk.nl\/","name":"V\u00e9hicules utilitaires Van den Hurk","description":"V\u00e9hicules utilitaires Van den Hurk Helmond","potentialAction":[{"@type":"SearchAction","target":{"@type":"EntryPoint","urlTemplate":"https:\/\/www.vdhurk.nl\/?s={search_term_string}"},"query-input":{"@type":"PropertyValueSpecification","valueRequired":true,"valueName":"search_term_string"}}],"inLanguage":"fr-FR"}]}},"_links":{"self":[{"href":"https:\/\/www.vdhurk.nl\/fr\/wp-json\/wp\/v2\/pages\/442867","targetHints":{"allow":["GET"]}}],"collection":[{"href":"https:\/\/www.vdhurk.nl\/fr\/wp-json\/wp\/v2\/pages"}],"about":[{"href":"https:\/\/www.vdhurk.nl\/fr\/wp-json\/wp\/v2\/types\/page"}],"author":[{"embeddable":true,"href":"https:\/\/www.vdhurk.nl\/fr\/wp-json\/wp\/v2\/users\/3"}],"replies":[{"embeddable":true,"href":"https:\/\/www.vdhurk.nl\/fr\/wp-json\/wp\/v2\/comments?post=442867"}],"version-history":[{"count":5,"href":"https:\/\/www.vdhurk.nl\/fr\/wp-json\/wp\/v2\/pages\/442867\/revisions"}],"predecessor-version":[{"id":442899,"href":"https:\/\/www.vdhurk.nl\/fr\/wp-json\/wp\/v2\/pages\/442867\/revisions\/442899"}],"up":[{"embeddable":true,"href":"https:\/\/www.vdhurk.nl\/fr\/wp-json\/wp\/v2\/pages\/393278"}],"wp:attachment":[{"href":"https:\/\/www.vdhurk.nl\/fr\/wp-json\/wp\/v2\/media?parent=442867"}],"curies":[{"name":"wp","href":"https:\/\/api.w.org\/{rel}","templated":true}]}}