{"id":442863,"date":"2025-02-06T16:29:35","date_gmt":"2025-02-06T15:29:35","guid":{"rendered":"https:\/\/www.vdhurk.nl\/?page_id=442863"},"modified":"2025-02-06T17:23:35","modified_gmt":"2025-02-06T16:23:35","slug":"machine","status":"publish","type":"page","link":"https:\/\/www.vdhurk.nl\/fr\/volkswagen-bedrijfswagens\/caddy\/automaat\/","title":{"rendered":"Volkswagen Caddy Automatique"},"content":{"rendered":"<section  class='av_textblock_section av-lu8gnh7d-4ac895489941e586c1d7c8cb72318135'  itemscope=\"itemscope\" itemtype=\"https:\/\/schema.org\/CreativeWork\" ><div class='avia_textblock'  itemprop=\"text\" ><h1>D\u00e9couvrez la transmission automatique du Volkswagen Caddy<\/h1>\n<p>Vous cherchez un v\u00e9hicule utilitaire qui allie fiabilit\u00e9 et confort de conduite ultime ? Optez pour le Volkswagen Caddy occasion avec transmission automatique. Ce mod\u00e8le offre la commodit\u00e9 et la qualit\u00e9 qui font la r\u00e9putation de Volkswagen. D\u00e9couvrez les sp\u00e9cifications et voyez si ce v\u00e9hicule utilitaire r\u00e9pond parfaitement aux besoins de votre entreprise.<\/p>\n<\/div><\/section>\n\n<style type=\"text\/css\" data-created_by=\"avia_inline_auto\" id=\"style-css-av-lujjddpd-afa3d7a9eabd61123e643ed1228e781e\">\n#top .hr.hr-invisible.av-lujjddpd-afa3d7a9eabd61123e643ed1228e781e{\nheight:50px;\n}\n<\/style>\n<div  class='hr av-lujjddpd-afa3d7a9eabd61123e643ed1228e781e hr-invisible  avia-builder-el-1  el_after_av_textblock  el_before_av_codeblock'><span class='hr-inner'><span class=\"hr-inner-style\"><\/span><\/span><\/div>\n\n\n<style type=\"text\/css\" data-created_by=\"avia_inline_auto\" id=\"style-css-av-ah0xd-63338d9dc6b40410e22a712829c369d6\">\n#top .hr.hr-invisible.av-ah0xd-63338d9dc6b40410e22a712829c369d6{\nheight:50px;\n}\n<\/style>\n<div  class='hr av-ah0xd-63338d9dc6b40410e22a712829c369d6 hr-invisible  avia-builder-el-3  el_after_av_codeblock  el_before_av_textblock'><span class='hr-inner'><span class=\"hr-inner-style\"><\/span><\/span><\/div>\n<section  class='av_textblock_section av-lu8gow1e-300853e458ed741bd87d6cb78e55cc7a'  itemscope=\"itemscope\" itemtype=\"https:\/\/schema.org\/CreativeWork\" ><div class='avia_textblock'  itemprop=\"text\" ><h2>Pourquoi choisir le Volkswagen Caddy ?<\/h2>\n<p>Vous souhaitez combiner fiabilit\u00e9 et polyvalence dans une voiture de soci\u00e9t\u00e9 ? Le Volkswagen Caddy automatique est un bon choix. Avec son int\u00e9rieur spacieux et son grand espace de chargement, ce v\u00e9hicule utilitaire est id\u00e9al pour diverses applications, telles que le transport d'outils, de marchandises ou d'autres \u00e9l\u00e9ments essentiels \u00e0 l'entreprise. En outre, le Volkswagen Caddy est r\u00e9put\u00e9 pour sa qualit\u00e9 de construction et son excellente finition. Que vous soyez \u00e0 la recherche d'une solution flexible pour un usage quotidien ou d'une voiture de soci\u00e9t\u00e9 qui rehausse l'image de votre entreprise, le Volkswagen Caddy d'occasion ou neuf vous offre tout ce dont vous avez besoin.<\/p>\n<\/div><\/section>\n<div class='flex_column av-f64w1-da126f42b61613402309283c14245a25 av_one_half  avia-builder-el-5  el_after_av_textblock  el_before_av_one_third  first flex_column_div column-top-margin'   ><section  class='av_textblock_section av-lu8gpqre-73cc2c17e6a6497ba6e1b58af22bd9e8'  itemscope=\"itemscope\" itemtype=\"https:\/\/schema.org\/CreativeWork\" ><div class='avia_textblock'  itemprop=\"text\" ><h2>Les avantages d'une transmission automatique<\/h2>\n<p>De plus en plus d'entreprises optent pour un v\u00e9hicule utilitaire dot\u00e9 d'une transmission automatique, et ce pour de bonnes raisons. En effet, une transmission automatique offre de nombreux avantages qui conviennent parfaitement aux besoins quotidiens des entrepreneurs. Pour de nombreux conducteurs, une bo\u00eete automatique est plus confortable et plus facile \u00e0 utiliser, car il n'est plus n\u00e9cessaire de changer de vitesse. Il s'agit l\u00e0 d'un avantage consid\u00e9rable, en particulier dans la circulation urbaine dense ou dans les embouteillages. En outre, une voiture automatique vous permet de rester pleinement concentr\u00e9 sur la route et \u00e9vite le risque de calage, qui se produit parfois avec les voitures manuelles. Autant de raisons d'opter pour une voiture automatique.<\/p>\n<\/div><\/section><\/div>\n<div class='flex_column av-aldk9-ee694297f5c4032981677a02caab84d6 av_one_third  avia-builder-el-7  el_after_av_one_half  el_before_av_hr  flex_column_div column-top-margin'   ><style type=\"text\/css\" data-created_by=\"avia_inline_auto\" id=\"style-css-av-l1w9kpsf-4ec3fab772ec7a9adaa33cfc64ff0475\">\n.avia-image-container.av-l1w9kpsf-4ec3fab772ec7a9adaa33cfc64ff0475 .av-image-caption-overlay-center{\ncolor:#ffffff;\n}\n<\/style>\n<div  class='avia-image-container av-l1w9kpsf-4ec3fab772ec7a9adaa33cfc64ff0475 av-styling- avia-align-center  avia-builder-el-8  avia-builder-el-no-sibling'  itemprop=\"image\" itemscope=\"itemscope\" itemtype=\"https:\/\/schema.org\/ImageObject\" ><div class=\"avia-image-container-inner\"><div class=\"avia-image-overlay-wrap\"><img decoding=\"async\" class='wp-image-187 avia-img-lazy-loading-not-187 avia_image' src=\"https:\/\/www.vdhurk.nl\/wp-content\/uploads\/2022\/03\/Voorrad.png\" alt='' title='Stock'  height=\"758\" width=\"1135\"  itemprop=\"thumbnailUrl\" srcset=\"https:\/\/www.vdhurk.nl\/wp-content\/uploads\/2022\/03\/Voorrad.png 1135w, https:\/\/www.vdhurk.nl\/wp-content\/uploads\/2022\/03\/Voorrad-300x200.png 300w, https:\/\/www.vdhurk.nl\/wp-content\/uploads\/2022\/03\/Voorrad-1030x688.png 1030w, https:\/\/www.vdhurk.nl\/wp-content\/uploads\/2022\/03\/Voorrad-768x513.png 768w, https:\/\/www.vdhurk.nl\/wp-content\/uploads\/2022\/03\/Voorrad-18x12.png 18w, https:\/\/www.vdhurk.nl\/wp-content\/uploads\/2022\/03\/Voorrad-705x471.png 705w\" sizes=\"(max-width: 1135px) 100vw, 1135px\" \/><\/div><\/div><\/div><\/div>\n\n<style type=\"text\/css\" data-created_by=\"avia_inline_auto\" id=\"style-css-av-luqrjpjc-5a23a1fb5f94718ca85316a9df963e2f\">\n#top .hr.hr-invisible.av-luqrjpjc-5a23a1fb5f94718ca85316a9df963e2f{\nheight:50px;\n}\n<\/style>\n<div  class='hr av-luqrjpjc-5a23a1fb5f94718ca85316a9df963e2f hr-invisible  avia-builder-el-9  el_after_av_one_third  el_before_av_textblock'><span class='hr-inner'><span class=\"hr-inner-style\"><\/span><\/span><\/div>\n<section  class='av_textblock_section av-lu8gtjw7-4f3cee9304909518d86d2860d9d582dd'  itemscope=\"itemscope\" itemtype=\"https:\/\/schema.org\/CreativeWork\" ><div class='avia_textblock'  itemprop=\"text\" ><h2>Acheter ou louer un Volkswagen Caddy ?<\/h2>\n<p>Avec nous, vous pouvez choisir d'acheter ou de louer une voiture de soci\u00e9t\u00e9. Avec notre <a href=\"https:\/\/www.vdhurk.nl\/fr\/location-financiere\/\">location financi\u00e8re<\/a> nous offrons une solution sur mesure aux propri\u00e9taires d'entreprises qui recherchent la commodit\u00e9 et la s\u00e9curit\u00e9 financi\u00e8re. Vous optez pour le leasing d'une Volkswagen Caddy ? Vous payez alors un montant fixe par mois et devenez propri\u00e9taire \u00e0 part enti\u00e8re de votre voiture de soci\u00e9t\u00e9 apr\u00e8s un certain temps. De cette mani\u00e8re, vous profitez imm\u00e9diatement des avantages du Caddy, tout en r\u00e9partissant l'investissement. L'objectif final est le m\u00eame, mais le chemin pour y parvenir d\u00e9pend de vous.<\/p>\n<h2>D\u00e9couvrez les possibilit\u00e9s<\/h2>\n<p>Vous h\u00e9sitez encore \u00e0 choisir une transmission automatique ? Ou vous souhaitez obtenir plus d'informations pour prendre la bonne d\u00e9cision ? En tant que concessionnaire Volkswagen Caddy, nous sommes pr\u00eats \u00e0 vous aider. N'h\u00e9sitez pas \u00e0 nous contacter et \u00e0 d\u00e9couvrir tout ce que vous voulez savoir sur la Volkswagen Caddy automatique. Vous ne voulez rien manquer ? Inscrivez-vous \u00e0 notre <a href=\"https:\/\/www.vdhurk.nl\/fr\/alerte-boursiere\/\">alerte boursi\u00e8re<\/a> et de se tenir au courant de nos offres actuelles.<\/p>\n<\/div><\/section>","protected":false},"excerpt":{"rendered":"","protected":false},"author":3,"featured_media":0,"parent":393610,"menu_order":0,"comment_status":"closed","ping_status":"closed","template":"","meta":{"_acf_changed":false,"_improvement_type_select":"improve_an_existing","_thumb_yes_seoaic":false,"_frame_yes_seoaic":false,"seoaic_generate_description":"","seoaic_improve_instructions_prompt":"","seoaic_rollback_content_improvement":"","seoaic_idea_thumbnail_generator":"","thumbnail_generated":false,"thumbnail_generate_prompt":"","seoaic_article_description":"","footnotes":""},"class_list":["post-442863","page","type-page","status-publish","hentry"],"acf":[],"yoast_head":"<!-- This site is optimized with the Yoast SEO plugin v27.5 - https:\/\/yoast.com\/product\/yoast-seo-wordpress\/ -->\n<title>Kies je voor de Volkswagen Caddy automaat?<\/title>\n<meta name=\"description\" content=\"Niet langer schakelen? Kies voor de Volkswagen Caddy automaat en ervaar een betrouwbare en veelzijdige bedrijfswagen.\" \/>\n<meta name=\"robots\" content=\"index, follow, max-snippet:-1, max-image-preview:large, max-video-preview:-1\" \/>\n<link rel=\"canonical\" href=\"https:\/\/www.vdhurk.nl\/fr\/volkswagen-commercial-vehicles\/mercedes-4\/machine\/\" \/>\n<meta property=\"og:locale\" content=\"fr_FR\" \/>\n<meta property=\"og:type\" content=\"article\" \/>\n<meta property=\"og:title\" content=\"Kies je voor de Volkswagen Caddy automaat?\" \/>\n<meta property=\"og:description\" content=\"Niet langer schakelen? Kies voor de Volkswagen Caddy automaat en ervaar een betrouwbare en veelzijdige bedrijfswagen.\" \/>\n<meta property=\"og:url\" content=\"https:\/\/www.vdhurk.nl\/fr\/volkswagen-commercial-vehicles\/mercedes-4\/machine\/\" \/>\n<meta property=\"og:site_name\" content=\"Van den Hurk Bedrijfswagens\" \/>\n<meta property=\"article:modified_time\" content=\"2025-02-06T16:23:35+00:00\" \/>\n<meta name=\"twitter:card\" content=\"summary_large_image\" \/>\n<meta name=\"twitter:label1\" content=\"Dur\u00e9e de lecture estim\u00e9e\" \/>\n\t<meta name=\"twitter:data1\" content=\"4 minutes\" \/>\n<script type=\"application\/ld+json\" class=\"yoast-schema-graph\">{\"@context\":\"https:\\\/\\\/schema.org\",\"@graph\":[{\"@type\":\"WebPage\",\"@id\":\"https:\\\/\\\/www.vdhurk.nl\\\/volkswagen-bedrijfswagens\\\/caddy\\\/automaat\\\/\",\"url\":\"https:\\\/\\\/www.vdhurk.nl\\\/volkswagen-bedrijfswagens\\\/caddy\\\/automaat\\\/\",\"name\":\"Kies je voor de Volkswagen Caddy automaat?\",\"isPartOf\":{\"@id\":\"https:\\\/\\\/www.vdhurk.nl\\\/#website\"},\"datePublished\":\"2025-02-06T15:29:35+00:00\",\"dateModified\":\"2025-02-06T16:23:35+00:00\",\"description\":\"Niet langer schakelen? Kies voor de Volkswagen Caddy automaat en ervaar een betrouwbare en veelzijdige bedrijfswagen.\",\"breadcrumb\":{\"@id\":\"https:\\\/\\\/www.vdhurk.nl\\\/volkswagen-bedrijfswagens\\\/caddy\\\/automaat\\\/#breadcrumb\"},\"inLanguage\":\"fr-FR\",\"potentialAction\":[{\"@type\":\"ReadAction\",\"target\":[\"https:\\\/\\\/www.vdhurk.nl\\\/volkswagen-bedrijfswagens\\\/caddy\\\/automaat\\\/\"]}]},{\"@type\":\"BreadcrumbList\",\"@id\":\"https:\\\/\\\/www.vdhurk.nl\\\/volkswagen-bedrijfswagens\\\/caddy\\\/automaat\\\/#breadcrumb\",\"itemListElement\":[{\"@type\":\"ListItem\",\"position\":1,\"name\":\"Home\",\"item\":\"https:\\\/\\\/www.vdhurk.nl\\\/home\\\/\"},{\"@type\":\"ListItem\",\"position\":2,\"name\":\"Volkswagen Bedrijfswagens\",\"item\":\"https:\\\/\\\/www.vdhurk.nl\\\/volkswagen-bedrijfswagens\\\/\"},{\"@type\":\"ListItem\",\"position\":3,\"name\":\"Volkswagen Caddy\",\"item\":\"https:\\\/\\\/www.vdhurk.nl\\\/volkswagen-bedrijfswagens\\\/caddy\\\/\"},{\"@type\":\"ListItem\",\"position\":4,\"name\":\"Volkswagen Caddy Automaat\"}]},{\"@type\":\"WebSite\",\"@id\":\"https:\\\/\\\/www.vdhurk.nl\\\/#website\",\"url\":\"https:\\\/\\\/www.vdhurk.nl\\\/\",\"name\":\"Van den Hurk Bedrijfswagens\",\"description\":\"Van den Hurk bedrijfswagens Helmond\",\"potentialAction\":[{\"@type\":\"SearchAction\",\"target\":{\"@type\":\"EntryPoint\",\"urlTemplate\":\"https:\\\/\\\/www.vdhurk.nl\\\/?s={search_term_string}\"},\"query-input\":{\"@type\":\"PropertyValueSpecification\",\"valueRequired\":true,\"valueName\":\"search_term_string\"}}],\"inLanguage\":\"fr-FR\"}]}<\/script>\n<!-- \/ Yoast SEO plugin. -->","yoast_head_json":{"title":"Choisissez-vous la Volkswagen Caddy automatique ?","description":"Plus besoin de changer de vitesse ? Choisissez le Volkswagen Caddy automatique et faites l'exp\u00e9rience d'un v\u00e9hicule utilitaire fiable et polyvalent.","robots":{"index":"index","follow":"follow","max-snippet":"max-snippet:-1","max-image-preview":"max-image-preview:large","max-video-preview":"max-video-preview:-1"},"canonical":"https:\/\/www.vdhurk.nl\/fr\/volkswagen-commercial-vehicles\/mercedes-4\/machine\/","og_locale":"fr_FR","og_type":"article","og_title":"Kies je voor de Volkswagen Caddy automaat?","og_description":"Niet langer schakelen? Kies voor de Volkswagen Caddy automaat en ervaar een betrouwbare en veelzijdige bedrijfswagen.","og_url":"https:\/\/www.vdhurk.nl\/fr\/volkswagen-commercial-vehicles\/mercedes-4\/machine\/","og_site_name":"Van den Hurk Bedrijfswagens","article_modified_time":"2025-02-06T16:23:35+00:00","twitter_card":"summary_large_image","twitter_misc":{"Dur\u00e9e de lecture estim\u00e9e":"4 minutes"},"schema":{"@context":"https:\/\/schema.org","@graph":[{"@type":"WebPage","@id":"https:\/\/www.vdhurk.nl\/volkswagen-bedrijfswagens\/caddy\/automaat\/","url":"https:\/\/www.vdhurk.nl\/volkswagen-bedrijfswagens\/caddy\/automaat\/","name":"Choisissez-vous la Volkswagen Caddy automatique ?","isPartOf":{"@id":"https:\/\/www.vdhurk.nl\/#website"},"datePublished":"2025-02-06T15:29:35+00:00","dateModified":"2025-02-06T16:23:35+00:00","description":"Plus besoin de changer de vitesse ? Choisissez le Volkswagen Caddy automatique et faites l'exp\u00e9rience d'un v\u00e9hicule utilitaire fiable et polyvalent.","breadcrumb":{"@id":"https:\/\/www.vdhurk.nl\/volkswagen-bedrijfswagens\/caddy\/automaat\/#breadcrumb"},"inLanguage":"fr-FR","potentialAction":[{"@type":"ReadAction","target":["https:\/\/www.vdhurk.nl\/volkswagen-bedrijfswagens\/caddy\/automaat\/"]}]},{"@type":"BreadcrumbList","@id":"https:\/\/www.vdhurk.nl\/volkswagen-bedrijfswagens\/caddy\/automaat\/#breadcrumb","itemListElement":[{"@type":"ListItem","position":1,"name":"Home","item":"https:\/\/www.vdhurk.nl\/home\/"},{"@type":"ListItem","position":2,"name":"Volkswagen Bedrijfswagens","item":"https:\/\/www.vdhurk.nl\/volkswagen-bedrijfswagens\/"},{"@type":"ListItem","position":3,"name":"Volkswagen Caddy","item":"https:\/\/www.vdhurk.nl\/volkswagen-bedrijfswagens\/caddy\/"},{"@type":"ListItem","position":4,"name":"Volkswagen Caddy Automaat"}]},{"@type":"WebSite","@id":"https:\/\/www.vdhurk.nl\/#website","url":"https:\/\/www.vdhurk.nl\/","name":"V\u00e9hicules utilitaires Van den Hurk","description":"V\u00e9hicules utilitaires Van den Hurk Helmond","potentialAction":[{"@type":"SearchAction","target":{"@type":"EntryPoint","urlTemplate":"https:\/\/www.vdhurk.nl\/?s={search_term_string}"},"query-input":{"@type":"PropertyValueSpecification","valueRequired":true,"valueName":"search_term_string"}}],"inLanguage":"fr-FR"}]}},"_links":{"self":[{"href":"https:\/\/www.vdhurk.nl\/fr\/wp-json\/wp\/v2\/pages\/442863","targetHints":{"allow":["GET"]}}],"collection":[{"href":"https:\/\/www.vdhurk.nl\/fr\/wp-json\/wp\/v2\/pages"}],"about":[{"href":"https:\/\/www.vdhurk.nl\/fr\/wp-json\/wp\/v2\/types\/page"}],"author":[{"embeddable":true,"href":"https:\/\/www.vdhurk.nl\/fr\/wp-json\/wp\/v2\/users\/3"}],"replies":[{"embeddable":true,"href":"https:\/\/www.vdhurk.nl\/fr\/wp-json\/wp\/v2\/comments?post=442863"}],"version-history":[{"count":5,"href":"https:\/\/www.vdhurk.nl\/fr\/wp-json\/wp\/v2\/pages\/442863\/revisions"}],"predecessor-version":[{"id":442897,"href":"https:\/\/www.vdhurk.nl\/fr\/wp-json\/wp\/v2\/pages\/442863\/revisions\/442897"}],"up":[{"embeddable":true,"href":"https:\/\/www.vdhurk.nl\/fr\/wp-json\/wp\/v2\/pages\/393610"}],"wp:attachment":[{"href":"https:\/\/www.vdhurk.nl\/fr\/wp-json\/wp\/v2\/media?parent=442863"}],"curies":[{"name":"wp","href":"https:\/\/api.w.org\/{rel}","templated":true}]}}