{"id":442821,"date":"2025-02-06T14:55:32","date_gmt":"2025-02-06T13:55:32","guid":{"rendered":"https:\/\/www.vdhurk.nl\/?page_id=442821"},"modified":"2025-02-06T17:22:18","modified_gmt":"2025-02-06T16:22:18","slug":"machine","status":"publish","type":"page","link":"https:\/\/www.vdhurk.nl\/fr\/renault-bedrijfswagens\/trafic\/automaat\/","title":{"rendered":"Renault Trafic Automatique"},"content":{"rendered":"<section  class='av_textblock_section av-lu8gnh7d-4ac895489941e586c1d7c8cb72318135'  itemscope=\"itemscope\" itemtype=\"https:\/\/schema.org\/CreativeWork\" ><div class='avia_textblock'  itemprop=\"text\" ><h1>Acheter Renault Trafic automatique ?<\/h1>\n<p>Un v\u00e9hicule utilitaire polyvalent et fiable est indispensable \u00e0 toute entreprise. Le Renault Trafic automatique offre exactement ce dont vous avez besoin : une combinaison de performances, de confort et d'efficacit\u00e9. Depuis de nombreuses ann\u00e9es, Renault est r\u00e9put\u00e9 pour ses v\u00e9hicules utilitaires solides et innovants. Explorez la vaste gamme et trouvez le v\u00e9hicule utilitaire id\u00e9al qui r\u00e9pond parfaitement aux besoins de votre entreprise.<\/p>\n<\/div><\/section>\n\n<style type=\"text\/css\" data-created_by=\"avia_inline_auto\" id=\"style-css-av-lujjddpd-afa3d7a9eabd61123e643ed1228e781e\">\n#top .hr.hr-invisible.av-lujjddpd-afa3d7a9eabd61123e643ed1228e781e{\nheight:50px;\n}\n<\/style>\n<div  class='hr av-lujjddpd-afa3d7a9eabd61123e643ed1228e781e hr-invisible  avia-builder-el-1  el_after_av_textblock  el_before_av_codeblock'><span class='hr-inner'><span class=\"hr-inner-style\"><\/span><\/span><\/div>\n\n\n<style type=\"text\/css\" data-created_by=\"avia_inline_auto\" id=\"style-css-av-ah0xd-63338d9dc6b40410e22a712829c369d6\">\n#top .hr.hr-invisible.av-ah0xd-63338d9dc6b40410e22a712829c369d6{\nheight:50px;\n}\n<\/style>\n<div  class='hr av-ah0xd-63338d9dc6b40410e22a712829c369d6 hr-invisible  avia-builder-el-3  el_after_av_codeblock  el_before_av_textblock'><span class='hr-inner'><span class=\"hr-inner-style\"><\/span><\/span><\/div>\n<section  class='av_textblock_section av-lu8gow1e-300853e458ed741bd87d6cb78e55cc7a'  itemscope=\"itemscope\" itemtype=\"https:\/\/schema.org\/CreativeWork\" ><div class='avia_textblock'  itemprop=\"text\" ><h2>Pourquoi choisir une version automatique ?<\/h2>\n<p>En tant qu'entrepreneur, vous souhaitez une voiture de soci\u00e9t\u00e9 qui soit non seulement performante, mais qui facilite \u00e9galement la conduite au quotidien. \u00c0 cet \u00e9gard, la bo\u00eete automatique pr\u00e9sente des avantages ind\u00e9niables par rapport aux mod\u00e8les manuels de Renault Trafic. Avec une bo\u00eete automatique, vous n'utilisez qu'un seul pied, ce qui rend la conduite plus confortable, en particulier sur les longs trajets ou lors d'arr\u00eats et d'acc\u00e9l\u00e9rations constants dans un trafic dense. De plus, une transmission automatique offre une exp\u00e9rience de conduite en douceur, sans risque de calage du moteur. Avec une bo\u00eete automatique, vous optez donc pour la commodit\u00e9, la durabilit\u00e9 et les \u00e9conomies. Exactement la combinaison que vous recherchez pour votre entreprise.<\/p>\n<\/div><\/section>\n<div class='flex_column av-f64w1-da126f42b61613402309283c14245a25 av_one_half  avia-builder-el-5  el_after_av_textblock  el_before_av_one_third  first flex_column_div column-top-margin'   ><section  class='av_textblock_section av-lu8gpqre-73cc2c17e6a6497ba6e1b58af22bd9e8'  itemscope=\"itemscope\" itemtype=\"https:\/\/schema.org\/CreativeWork\" ><div class='avia_textblock'  itemprop=\"text\" ><h2>Les avantages du Renault Trafic<\/h2>\n<p>Le Renault Trafic used est un choix judicieux pour les entrepreneurs \u00e0 la recherche d'un v\u00e9hicule utilitaire offrant confort, espace et fiabilit\u00e9. Gr\u00e2ce \u00e0 son design ergonomique, chaque trajet est confortable, m\u00eame pendant les longues journ\u00e9es de travail. Vous b\u00e9n\u00e9ficiez \u00e9galement d'une grande capacit\u00e9 de chargement avec des options de stockage pratiques, id\u00e9ales pour transporter efficacement des marchandises et du mat\u00e9riel. En mati\u00e8re de s\u00e9curit\u00e9, le Trafic ne d\u00e9\u00e7oit pas non plus : avec des syst\u00e8mes modernes d'aide \u00e0 la conduite tels que l'ABS, l'ESP et l'assistant de freinage d'urgence, vous conduisez toujours en toute s\u00e9r\u00e9nit\u00e9. Avec le Renault Trafic, vous \u00eates donc assur\u00e9 de disposer d'un v\u00e9hicule utilitaire qui r\u00e9pond parfaitement aux besoins de votre entreprise.<\/p>\n<\/div><\/section><\/div>\n<div class='flex_column av-aldk9-ee694297f5c4032981677a02caab84d6 av_one_third  avia-builder-el-7  el_after_av_one_half  el_before_av_hr  flex_column_div column-top-margin'   ><style type=\"text\/css\" data-created_by=\"avia_inline_auto\" id=\"style-css-av-l1w9kpsf-4ec3fab772ec7a9adaa33cfc64ff0475\">\n.avia-image-container.av-l1w9kpsf-4ec3fab772ec7a9adaa33cfc64ff0475 .av-image-caption-overlay-center{\ncolor:#ffffff;\n}\n<\/style>\n<div  class='avia-image-container av-l1w9kpsf-4ec3fab772ec7a9adaa33cfc64ff0475 av-styling- avia-align-center  avia-builder-el-8  avia-builder-el-no-sibling'  itemprop=\"image\" itemscope=\"itemscope\" itemtype=\"https:\/\/schema.org\/ImageObject\" ><div class=\"avia-image-container-inner\"><div class=\"avia-image-overlay-wrap\"><img decoding=\"async\" class='wp-image-187 avia-img-lazy-loading-not-187 avia_image' src=\"https:\/\/www.vdhurk.nl\/wp-content\/uploads\/2022\/03\/Voorrad.png\" alt='' title='Stock'  height=\"758\" width=\"1135\"  itemprop=\"thumbnailUrl\" srcset=\"https:\/\/www.vdhurk.nl\/wp-content\/uploads\/2022\/03\/Voorrad.png 1135w, https:\/\/www.vdhurk.nl\/wp-content\/uploads\/2022\/03\/Voorrad-300x200.png 300w, https:\/\/www.vdhurk.nl\/wp-content\/uploads\/2022\/03\/Voorrad-1030x688.png 1030w, https:\/\/www.vdhurk.nl\/wp-content\/uploads\/2022\/03\/Voorrad-768x513.png 768w, https:\/\/www.vdhurk.nl\/wp-content\/uploads\/2022\/03\/Voorrad-18x12.png 18w, https:\/\/www.vdhurk.nl\/wp-content\/uploads\/2022\/03\/Voorrad-705x471.png 705w\" sizes=\"(max-width: 1135px) 100vw, 1135px\" \/><\/div><\/div><\/div><\/div>\n\n<style type=\"text\/css\" data-created_by=\"avia_inline_auto\" id=\"style-css-av-luqrjpjc-5a23a1fb5f94718ca85316a9df963e2f\">\n#top .hr.hr-invisible.av-luqrjpjc-5a23a1fb5f94718ca85316a9df963e2f{\nheight:50px;\n}\n<\/style>\n<div  class='hr av-luqrjpjc-5a23a1fb5f94718ca85316a9df963e2f hr-invisible  avia-builder-el-9  el_after_av_one_third  el_before_av_textblock'><span class='hr-inner'><span class=\"hr-inner-style\"><\/span><\/span><\/div>\n<section  class='av_textblock_section av-lu8gtjw7-4f3cee9304909518d86d2860d9d582dd'  itemscope=\"itemscope\" itemtype=\"https:\/\/schema.org\/CreativeWork\" ><div class='avia_textblock'  itemprop=\"text\" ><h2>Acheter ou louer un Renault Trafic ?<\/h2>\n<p>Saviez-vous que vous pouvez choisir parmi plusieurs options de paiement pour votre voiture de soci\u00e9t\u00e9 chez Van den Hurk ? Vous pouvez choisir de payer le montant total en une seule fois, mais... <a href=\"https:\/\/www.vdhurk.nl\/fr\/location-financiere\/\">location financi\u00e8re<\/a> est une alternative int\u00e9ressante si vous pr\u00e9f\u00e9rez payer au mois. Le grand avantage du leasing de Renault Trafic ? \u00c0 la fin de la p\u00e9riode de leasing, vous \u00eates pleinement propri\u00e9taire du Renault Trafic. Vous disposez donc imm\u00e9diatement d'une voiture de soci\u00e9t\u00e9 fiable, sans devoir faire un gros investissement tout de suite.<\/p>\n<h2>Dans quelle gamme de prix se situent ces v\u00e9hicules utilitaires Renault ?<\/h2>\n<p>Les prix d'un Renault Trafic automatique varient, et pour cause. Dans notre offre actuelle, vous trouverez diff\u00e9rentes versions, ann\u00e9es de fabrication et kilom\u00e9trages, ce qui se traduit par des fourchettes de prix variables. Il est donc difficile de donner une indication de prix fixe, mais vous avez la possibilit\u00e9 de trouver un v\u00e9hicule utilitaire qui correspond \u00e0 votre budget. Vous souhaitez en savoir plus sur les prix ou obtenir des conseils sur mesure ? N'h\u00e9sitez pas \u00e0 nous contacter, nous nous ferons un plaisir de r\u00e9fl\u00e9chir avec vous.<\/p>\n<h2>Trouver un Renault Trafic appropri\u00e9<\/h2>\n<p>Vous avez trouv\u00e9 un Renault Trafic automatique qui correspond aux besoins de votre entreprise ? C'est parfait ! Vous n'avez pas encore trouv\u00e9 ce que vous cherchiez ? Ne vous inqui\u00e9tez pas. Inscrivez-vous \u00e0 notre <a href=\"https:\/\/www.vdhurk.nl\/fr\/alerte-boursiere\/\">alerte boursi\u00e8re<\/a> et de se tenir facilement au courant des nouvelles versions automatiques. Ensemble, nous trouverons le v\u00e9hicule utilitaire id\u00e9al.<\/p>\n<\/div><\/section>","protected":false},"excerpt":{"rendered":"","protected":false},"author":3,"featured_media":0,"parent":409484,"menu_order":0,"comment_status":"closed","ping_status":"closed","template":"","meta":{"_acf_changed":false,"_improvement_type_select":"improve_an_existing","_thumb_yes_seoaic":false,"_frame_yes_seoaic":false,"seoaic_generate_description":"","seoaic_improve_instructions_prompt":"","seoaic_rollback_content_improvement":"","seoaic_idea_thumbnail_generator":"","thumbnail_generated":false,"thumbnail_generate_prompt":"","seoaic_article_description":"","footnotes":""},"class_list":["post-442821","page","type-page","status-publish","hentry"],"acf":[],"yoast_head":"<!-- This site is optimized with the Yoast SEO plugin v27.3 - https:\/\/yoast.com\/product\/yoast-seo-wordpress\/ -->\n<title>Vind de Renault Trafic automaat die bij jou past<\/title>\n<meta name=\"description\" content=\"Ben je op zoek naar een veelzijdige Renault Trafic automaat voor jouw onderneming? Bekijk ons aanbod en vind de bedrijfswagen die bij jou past.\" \/>\n<meta name=\"robots\" content=\"index, follow, max-snippet:-1, max-image-preview:large, max-video-preview:-1\" \/>\n<link rel=\"canonical\" href=\"https:\/\/www.vdhurk.nl\/fr\/renault-commercial-vehicles\/mercedes-7\/machine\/\" \/>\n<meta property=\"og:locale\" content=\"fr_FR\" \/>\n<meta property=\"og:type\" content=\"article\" \/>\n<meta property=\"og:title\" content=\"Vind de Renault Trafic automaat die bij jou past\" \/>\n<meta property=\"og:description\" content=\"Ben je op zoek naar een veelzijdige Renault Trafic automaat voor jouw onderneming? Bekijk ons aanbod en vind de bedrijfswagen die bij jou past.\" \/>\n<meta property=\"og:url\" content=\"https:\/\/www.vdhurk.nl\/fr\/renault-commercial-vehicles\/mercedes-7\/machine\/\" \/>\n<meta property=\"og:site_name\" content=\"Van den Hurk Bedrijfswagens\" \/>\n<meta property=\"article:modified_time\" content=\"2025-02-06T16:22:18+00:00\" \/>\n<meta name=\"twitter:card\" content=\"summary_large_image\" \/>\n<meta name=\"twitter:label1\" content=\"Dur\u00e9e de lecture estim\u00e9e\" \/>\n\t<meta name=\"twitter:data1\" content=\"4 minutes\" \/>\n<script type=\"application\/ld+json\" class=\"yoast-schema-graph\">{\"@context\":\"https:\\\/\\\/schema.org\",\"@graph\":[{\"@type\":\"WebPage\",\"@id\":\"https:\\\/\\\/www.vdhurk.nl\\\/renault-bedrijfswagens\\\/trafic\\\/automaat\\\/\",\"url\":\"https:\\\/\\\/www.vdhurk.nl\\\/renault-bedrijfswagens\\\/trafic\\\/automaat\\\/\",\"name\":\"Vind de Renault Trafic automaat die bij jou past\",\"isPartOf\":{\"@id\":\"https:\\\/\\\/www.vdhurk.nl\\\/#website\"},\"datePublished\":\"2025-02-06T13:55:32+00:00\",\"dateModified\":\"2025-02-06T16:22:18+00:00\",\"description\":\"Ben je op zoek naar een veelzijdige Renault Trafic automaat voor jouw onderneming? Bekijk ons aanbod en vind de bedrijfswagen die bij jou past.\",\"breadcrumb\":{\"@id\":\"https:\\\/\\\/www.vdhurk.nl\\\/renault-bedrijfswagens\\\/trafic\\\/automaat\\\/#breadcrumb\"},\"inLanguage\":\"fr-FR\",\"potentialAction\":[{\"@type\":\"ReadAction\",\"target\":[\"https:\\\/\\\/www.vdhurk.nl\\\/renault-bedrijfswagens\\\/trafic\\\/automaat\\\/\"]}]},{\"@type\":\"BreadcrumbList\",\"@id\":\"https:\\\/\\\/www.vdhurk.nl\\\/renault-bedrijfswagens\\\/trafic\\\/automaat\\\/#breadcrumb\",\"itemListElement\":[{\"@type\":\"ListItem\",\"position\":1,\"name\":\"Home\",\"item\":\"https:\\\/\\\/www.vdhurk.nl\\\/home\\\/\"},{\"@type\":\"ListItem\",\"position\":2,\"name\":\"Renault Bedrijfswagens\",\"item\":\"https:\\\/\\\/www.vdhurk.nl\\\/renault-bedrijfswagens\\\/\"},{\"@type\":\"ListItem\",\"position\":3,\"name\":\"Renault Trafic\",\"item\":\"https:\\\/\\\/www.vdhurk.nl\\\/renault-bedrijfswagens\\\/trafic\\\/\"},{\"@type\":\"ListItem\",\"position\":4,\"name\":\"Renault Trafic Automaat\"}]},{\"@type\":\"WebSite\",\"@id\":\"https:\\\/\\\/www.vdhurk.nl\\\/#website\",\"url\":\"https:\\\/\\\/www.vdhurk.nl\\\/\",\"name\":\"Van den Hurk Bedrijfswagens\",\"description\":\"Van den Hurk bedrijfswagens Helmond\",\"potentialAction\":[{\"@type\":\"SearchAction\",\"target\":{\"@type\":\"EntryPoint\",\"urlTemplate\":\"https:\\\/\\\/www.vdhurk.nl\\\/?s={search_term_string}\"},\"query-input\":{\"@type\":\"PropertyValueSpecification\",\"valueRequired\":true,\"valueName\":\"search_term_string\"}}],\"inLanguage\":\"fr-FR\"}]}<\/script>\n<!-- \/ Yoast SEO plugin. -->","yoast_head_json":{"title":"Trouvez le Renault Trafic automatique qui vous convient","description":"Vous recherchez un Renault Trafic automatique polyvalent pour votre entreprise ? Consultez notre gamme et trouvez le v\u00e9hicule utilitaire qui vous convient.","robots":{"index":"index","follow":"follow","max-snippet":"max-snippet:-1","max-image-preview":"max-image-preview:large","max-video-preview":"max-video-preview:-1"},"canonical":"https:\/\/www.vdhurk.nl\/fr\/renault-commercial-vehicles\/mercedes-7\/machine\/","og_locale":"fr_FR","og_type":"article","og_title":"Vind de Renault Trafic automaat die bij jou past","og_description":"Ben je op zoek naar een veelzijdige Renault Trafic automaat voor jouw onderneming? Bekijk ons aanbod en vind de bedrijfswagen die bij jou past.","og_url":"https:\/\/www.vdhurk.nl\/fr\/renault-commercial-vehicles\/mercedes-7\/machine\/","og_site_name":"Van den Hurk Bedrijfswagens","article_modified_time":"2025-02-06T16:22:18+00:00","twitter_card":"summary_large_image","twitter_misc":{"Dur\u00e9e de lecture estim\u00e9e":"4 minutes"},"schema":{"@context":"https:\/\/schema.org","@graph":[{"@type":"WebPage","@id":"https:\/\/www.vdhurk.nl\/renault-bedrijfswagens\/trafic\/automaat\/","url":"https:\/\/www.vdhurk.nl\/renault-bedrijfswagens\/trafic\/automaat\/","name":"Trouvez le Renault Trafic automatique qui vous convient","isPartOf":{"@id":"https:\/\/www.vdhurk.nl\/#website"},"datePublished":"2025-02-06T13:55:32+00:00","dateModified":"2025-02-06T16:22:18+00:00","description":"Vous recherchez un Renault Trafic automatique polyvalent pour votre entreprise ? Consultez notre gamme et trouvez le v\u00e9hicule utilitaire qui vous convient.","breadcrumb":{"@id":"https:\/\/www.vdhurk.nl\/renault-bedrijfswagens\/trafic\/automaat\/#breadcrumb"},"inLanguage":"fr-FR","potentialAction":[{"@type":"ReadAction","target":["https:\/\/www.vdhurk.nl\/renault-bedrijfswagens\/trafic\/automaat\/"]}]},{"@type":"BreadcrumbList","@id":"https:\/\/www.vdhurk.nl\/renault-bedrijfswagens\/trafic\/automaat\/#breadcrumb","itemListElement":[{"@type":"ListItem","position":1,"name":"Home","item":"https:\/\/www.vdhurk.nl\/home\/"},{"@type":"ListItem","position":2,"name":"Renault Bedrijfswagens","item":"https:\/\/www.vdhurk.nl\/renault-bedrijfswagens\/"},{"@type":"ListItem","position":3,"name":"Renault Trafic","item":"https:\/\/www.vdhurk.nl\/renault-bedrijfswagens\/trafic\/"},{"@type":"ListItem","position":4,"name":"Renault Trafic Automaat"}]},{"@type":"WebSite","@id":"https:\/\/www.vdhurk.nl\/#website","url":"https:\/\/www.vdhurk.nl\/","name":"V\u00e9hicules utilitaires Van den Hurk","description":"V\u00e9hicules utilitaires Van den Hurk Helmond","potentialAction":[{"@type":"SearchAction","target":{"@type":"EntryPoint","urlTemplate":"https:\/\/www.vdhurk.nl\/?s={search_term_string}"},"query-input":{"@type":"PropertyValueSpecification","valueRequired":true,"valueName":"search_term_string"}}],"inLanguage":"fr-FR"}]}},"_links":{"self":[{"href":"https:\/\/www.vdhurk.nl\/fr\/wp-json\/wp\/v2\/pages\/442821","targetHints":{"allow":["GET"]}}],"collection":[{"href":"https:\/\/www.vdhurk.nl\/fr\/wp-json\/wp\/v2\/pages"}],"about":[{"href":"https:\/\/www.vdhurk.nl\/fr\/wp-json\/wp\/v2\/types\/page"}],"author":[{"embeddable":true,"href":"https:\/\/www.vdhurk.nl\/fr\/wp-json\/wp\/v2\/users\/3"}],"replies":[{"embeddable":true,"href":"https:\/\/www.vdhurk.nl\/fr\/wp-json\/wp\/v2\/comments?post=442821"}],"version-history":[{"count":5,"href":"https:\/\/www.vdhurk.nl\/fr\/wp-json\/wp\/v2\/pages\/442821\/revisions"}],"predecessor-version":[{"id":442892,"href":"https:\/\/www.vdhurk.nl\/fr\/wp-json\/wp\/v2\/pages\/442821\/revisions\/442892"}],"up":[{"embeddable":true,"href":"https:\/\/www.vdhurk.nl\/fr\/wp-json\/wp\/v2\/pages\/409484"}],"wp:attachment":[{"href":"https:\/\/www.vdhurk.nl\/fr\/wp-json\/wp\/v2\/media?parent=442821"}],"curies":[{"name":"wp","href":"https:\/\/api.w.org\/{rel}","templated":true}]}}