{"id":442819,"date":"2025-02-06T14:39:02","date_gmt":"2025-02-06T13:39:02","guid":{"rendered":"https:\/\/www.vdhurk.nl\/?page_id=442819"},"modified":"2025-02-06T17:20:59","modified_gmt":"2025-02-06T16:20:59","slug":"machine","status":"publish","type":"page","link":"https:\/\/www.vdhurk.nl\/fr\/peugeot-bedrijfswagens\/boxer\/automaat\/","title":{"rendered":"Peugeot Boxer Automatique"},"content":{"rendered":"<section  class='av_textblock_section av-lu8gnh7d-4ac895489941e586c1d7c8cb72318135'  itemscope=\"itemscope\" itemtype=\"https:\/\/schema.org\/CreativeWork\" ><div class='avia_textblock'  itemprop=\"text\" ><h1>Vous cherchez une Peugeot Boxer automatique ?<\/h1>\n<p>Vous \u00eates \u00e0 la recherche d'une voiture de soci\u00e9t\u00e9 fiable pour votre entreprise ? Dans ce cas, le Peugeot Boxer automatique m\u00e9rite certainement votre attention. Ce mod\u00e8le est tr\u00e8s appr\u00e9ci\u00e9 des utilisateurs professionnels, et ce pour de bonnes raisons. Avec son confort de conduite et sa grande capacit\u00e9 de chargement, le Peugeot Boxer est un excellent choix pour les chefs d'entreprise qui attachent de l'importance \u00e0 la qualit\u00e9 et \u00e0 l'efficacit\u00e9. Lisez la suite et d\u00e9couvrez si ce v\u00e9hicule utilitaire r\u00e9pond parfaitement aux besoins de votre entreprise.<\/p>\n<\/div><\/section>\n\n<style type=\"text\/css\" data-created_by=\"avia_inline_auto\" id=\"style-css-av-lujjddpd-afa3d7a9eabd61123e643ed1228e781e\">\n#top .hr.hr-invisible.av-lujjddpd-afa3d7a9eabd61123e643ed1228e781e{\nheight:50px;\n}\n<\/style>\n<div  class='hr av-lujjddpd-afa3d7a9eabd61123e643ed1228e781e hr-invisible  avia-builder-el-1  el_after_av_textblock  el_before_av_codeblock'><span class='hr-inner'><span class=\"hr-inner-style\"><\/span><\/span><\/div>\n\n\n<style type=\"text\/css\" data-created_by=\"avia_inline_auto\" id=\"style-css-av-ah0xd-63338d9dc6b40410e22a712829c369d6\">\n#top .hr.hr-invisible.av-ah0xd-63338d9dc6b40410e22a712829c369d6{\nheight:50px;\n}\n<\/style>\n<div  class='hr av-ah0xd-63338d9dc6b40410e22a712829c369d6 hr-invisible  avia-builder-el-3  el_after_av_codeblock  el_before_av_textblock'><span class='hr-inner'><span class=\"hr-inner-style\"><\/span><\/span><\/div>\n<section  class='av_textblock_section av-lu8gow1e-300853e458ed741bd87d6cb78e55cc7a'  itemscope=\"itemscope\" itemtype=\"https:\/\/schema.org\/CreativeWork\" ><div class='avia_textblock'  itemprop=\"text\" ><h2>Les avantages d'une version automatique<\/h2>\n<p>En tant qu'entrepreneur, vous souhaitez naturellement disposer d'une voiture de soci\u00e9t\u00e9 qui non seulement fonctionne de mani\u00e8re efficace, mais qui rend \u00e9galement la conduite aussi facile que possible. Une bo\u00eete automatique offre pr\u00e9cis\u00e9ment ces avantages et se distingue clairement des mod\u00e8les manuels de Peugeot Boxer. Comme vous n'utilisez qu'un seul pied, vous b\u00e9n\u00e9ficiez d'un confort de conduite accru. C'est particuli\u00e8rement avantageux lors de longs trajets ou lorsque vous devez r\u00e9guli\u00e8rement vous arr\u00eater et acc\u00e9l\u00e9rer dans un trafic urbain dense. Avec un Renault Trafic automatique, vous investissez dans le confort et la fiabilit\u00e9.<\/p>\n<\/div><\/section>\n<div class='flex_column av-f64w1-da126f42b61613402309283c14245a25 av_one_half  avia-builder-el-5  el_after_av_textblock  el_before_av_one_third  first flex_column_div column-top-margin'   ><section  class='av_textblock_section av-lu8gpqre-73cc2c17e6a6497ba6e1b58af22bd9e8'  itemscope=\"itemscope\" itemtype=\"https:\/\/schema.org\/CreativeWork\" ><div class='avia_textblock'  itemprop=\"text\" ><h2>Pourquoi choisir un Peugeot Boxer d'occasion ou neuf ?<\/h2>\n<p>Vous envisagez d'acheter un Peugeot Boxer ? Vous optez alors pour un v\u00e9hicule utilitaire qui offre de nombreux avantages. L'habitacle est con\u00e7u pour un confort optimal, ce qui permet de passer de longues journ\u00e9es de travail au volant sans effort. Gr\u00e2ce aux espaces de rangement spacieux et aux \u00e9quipements pratiques, vous b\u00e9n\u00e9ficiez d'une conduite confortable au quotidien. Le Peugeot Boxer est \u00e9galement tr\u00e8s polyvalent et se d\u00e9cline en plusieurs versions pour r\u00e9pondre aux diff\u00e9rents besoins professionnels. Que vous cherchiez un mod\u00e8le pour le transport de marchandises ou pour des usages professionnels sp\u00e9cifiques, il y a toujours une variante qui vous convient. En r\u00e9sum\u00e9, le Peugeot Boxer offre une combinaison de confort, de polyvalence et de choix. Ce v\u00e9hicule utilitaire est donc id\u00e9al pour toutes les entreprises.<\/p>\n<\/div><\/section><\/div>\n<div class='flex_column av-aldk9-ee694297f5c4032981677a02caab84d6 av_one_third  avia-builder-el-7  el_after_av_one_half  el_before_av_hr  flex_column_div column-top-margin'   ><style type=\"text\/css\" data-created_by=\"avia_inline_auto\" id=\"style-css-av-l1w9kpsf-4ec3fab772ec7a9adaa33cfc64ff0475\">\n.avia-image-container.av-l1w9kpsf-4ec3fab772ec7a9adaa33cfc64ff0475 .av-image-caption-overlay-center{\ncolor:#ffffff;\n}\n<\/style>\n<div  class='avia-image-container av-l1w9kpsf-4ec3fab772ec7a9adaa33cfc64ff0475 av-styling- avia-align-center  avia-builder-el-8  avia-builder-el-no-sibling'  itemprop=\"image\" itemscope=\"itemscope\" itemtype=\"https:\/\/schema.org\/ImageObject\" ><div class=\"avia-image-container-inner\"><div class=\"avia-image-overlay-wrap\"><img decoding=\"async\" class='wp-image-187 avia-img-lazy-loading-not-187 avia_image' src=\"https:\/\/www.vdhurk.nl\/wp-content\/uploads\/2022\/03\/Voorrad.png\" alt='' title='Stock'  height=\"758\" width=\"1135\"  itemprop=\"thumbnailUrl\" srcset=\"https:\/\/www.vdhurk.nl\/wp-content\/uploads\/2022\/03\/Voorrad.png 1135w, https:\/\/www.vdhurk.nl\/wp-content\/uploads\/2022\/03\/Voorrad-300x200.png 300w, https:\/\/www.vdhurk.nl\/wp-content\/uploads\/2022\/03\/Voorrad-1030x688.png 1030w, https:\/\/www.vdhurk.nl\/wp-content\/uploads\/2022\/03\/Voorrad-768x513.png 768w, https:\/\/www.vdhurk.nl\/wp-content\/uploads\/2022\/03\/Voorrad-18x12.png 18w, https:\/\/www.vdhurk.nl\/wp-content\/uploads\/2022\/03\/Voorrad-705x471.png 705w\" sizes=\"(max-width: 1135px) 100vw, 1135px\" \/><\/div><\/div><\/div><\/div>\n\n<style type=\"text\/css\" data-created_by=\"avia_inline_auto\" id=\"style-css-av-luqrjpjc-5a23a1fb5f94718ca85316a9df963e2f\">\n#top .hr.hr-invisible.av-luqrjpjc-5a23a1fb5f94718ca85316a9df963e2f{\nheight:50px;\n}\n<\/style>\n<div  class='hr av-luqrjpjc-5a23a1fb5f94718ca85316a9df963e2f hr-invisible  avia-builder-el-9  el_after_av_one_third  el_before_av_textblock'><span class='hr-inner'><span class=\"hr-inner-style\"><\/span><\/span><\/div>\n<section  class='av_textblock_section av-lu8gtjw7-4f3cee9304909518d86d2860d9d582dd'  itemscope=\"itemscope\" itemtype=\"https:\/\/schema.org\/CreativeWork\" ><div class='avia_textblock'  itemprop=\"text\" ><h2>Une indication de prix<\/h2>\n<p>Les prix d'un Peugeot Boxer automatique varient en fonction des diff\u00e9rentes versions et sp\u00e9cifications que nous proposons. Que vous soyez \u00e0 la recherche d'une simple Peugeot Boxer ou d'une version enti\u00e8rement \u00e9quip\u00e9e, vous trouverez toujours dans notre gamme un mod\u00e8le adapt\u00e9 \u00e0 vos besoins. Notre offre \u00e9tant en constante \u00e9volution, nous ne pouvons pas vous proposer de prix fixe. C'est pourquoi nous vous prions de garder \u00e0 l'esprit notre <a href=\"https:\/\/www.vdhurk.nl\/fr\/vehicules-commerciaux\/\">offre actuelle<\/a> avec soin.<\/p>\n<h2>Acheter ou louer un Peugeot Boxer ?<\/h2>\n<p>Chez Van den Hurk, vous avez non seulement la possibilit\u00e9 d'acheter directement un v\u00e9hicule utilitaire, mais vous pouvez aussi opter pour <a href=\"https:\/\/www.vdhurk.nl\/fr\/location-financiere\/\">location financi\u00e8re<\/a>. Le leasing d'un Peugeot Boxer signifie que vous payez un montant fixe par mois. Pendant la p\u00e9riode de location, vous devenez de plus en plus propri\u00e9taire et, \u00e0 la fin du contrat, vous \u00eates pleinement propri\u00e9taire du v\u00e9hicule, sans devoir verser un acompte important.<\/p>\n<h2>Trouvez la voiture de soci\u00e9t\u00e9 id\u00e9ale<\/h2>\n<p>Vous \u00eates convaincu et pr\u00eat \u00e0 acheter un Peugeot Boxer automatique ? Ou avez-vous encore besoin d'informations suppl\u00e9mentaires pour faire le bon choix ? En tant que concessionnaire Peugeot Boxer, nous sommes pr\u00eats \u00e0 r\u00e9pondre \u00e0 toutes vos questions. Contactez-nous pour plus de d\u00e9tails ou consultez notre gamme actuelle pour trouver le v\u00e9hicule utilitaire id\u00e9al.<\/p>\n<\/div><\/section>","protected":false},"excerpt":{"rendered":"","protected":false},"author":3,"featured_media":0,"parent":405923,"menu_order":0,"comment_status":"closed","ping_status":"closed","template":"","meta":{"_acf_changed":false,"_improvement_type_select":"improve_an_existing","_thumb_yes_seoaic":false,"_frame_yes_seoaic":false,"seoaic_generate_description":"","seoaic_improve_instructions_prompt":"","seoaic_rollback_content_improvement":"","seoaic_idea_thumbnail_generator":"","thumbnail_generated":false,"thumbnail_generate_prompt":"","seoaic_article_description":"","footnotes":""},"class_list":["post-442819","page","type-page","status-publish","hentry"],"acf":[],"yoast_head":"<!-- This site is optimized with the Yoast SEO plugin v27.5 - https:\/\/yoast.com\/product\/yoast-seo-wordpress\/ -->\n<title>Vind jouw Peugeot Boxer automaat | Bekijk ons aanbod<\/title>\n<meta name=\"description\" content=\"Zoek je een Peugeot Boxer automaat? Ontdek de mogelijkheden en vind de bedrijfswagen die perfect aansluit bij jouw zakelijke behoeften.\" \/>\n<meta name=\"robots\" content=\"index, follow, max-snippet:-1, max-image-preview:large, max-video-preview:-1\" \/>\n<link rel=\"canonical\" href=\"https:\/\/www.vdhurk.nl\/fr\/vehicules-utilitaires-peugeot\/mercedes-11\/machine\/\" \/>\n<meta property=\"og:locale\" content=\"fr_FR\" \/>\n<meta property=\"og:type\" content=\"article\" \/>\n<meta property=\"og:title\" content=\"Vind jouw Peugeot Boxer automaat | Bekijk ons aanbod\" \/>\n<meta property=\"og:description\" content=\"Zoek je een Peugeot Boxer automaat? Ontdek de mogelijkheden en vind de bedrijfswagen die perfect aansluit bij jouw zakelijke behoeften.\" \/>\n<meta property=\"og:url\" content=\"https:\/\/www.vdhurk.nl\/fr\/vehicules-utilitaires-peugeot\/mercedes-11\/machine\/\" \/>\n<meta property=\"og:site_name\" content=\"Van den Hurk Bedrijfswagens\" \/>\n<meta property=\"article:modified_time\" content=\"2025-02-06T16:20:59+00:00\" \/>\n<meta name=\"twitter:card\" content=\"summary_large_image\" \/>\n<meta name=\"twitter:label1\" content=\"Dur\u00e9e de lecture estim\u00e9e\" \/>\n\t<meta name=\"twitter:data1\" content=\"4 minutes\" \/>\n<script type=\"application\/ld+json\" class=\"yoast-schema-graph\">{\"@context\":\"https:\\\/\\\/schema.org\",\"@graph\":[{\"@type\":\"WebPage\",\"@id\":\"https:\\\/\\\/www.vdhurk.nl\\\/peugeot-bedrijfswagens\\\/boxer\\\/automaat\\\/\",\"url\":\"https:\\\/\\\/www.vdhurk.nl\\\/peugeot-bedrijfswagens\\\/boxer\\\/automaat\\\/\",\"name\":\"Vind jouw Peugeot Boxer automaat | Bekijk ons aanbod\",\"isPartOf\":{\"@id\":\"https:\\\/\\\/www.vdhurk.nl\\\/#website\"},\"datePublished\":\"2025-02-06T13:39:02+00:00\",\"dateModified\":\"2025-02-06T16:20:59+00:00\",\"description\":\"Zoek je een Peugeot Boxer automaat? Ontdek de mogelijkheden en vind de bedrijfswagen die perfect aansluit bij jouw zakelijke behoeften.\",\"breadcrumb\":{\"@id\":\"https:\\\/\\\/www.vdhurk.nl\\\/peugeot-bedrijfswagens\\\/boxer\\\/automaat\\\/#breadcrumb\"},\"inLanguage\":\"fr-FR\",\"potentialAction\":[{\"@type\":\"ReadAction\",\"target\":[\"https:\\\/\\\/www.vdhurk.nl\\\/peugeot-bedrijfswagens\\\/boxer\\\/automaat\\\/\"]}]},{\"@type\":\"BreadcrumbList\",\"@id\":\"https:\\\/\\\/www.vdhurk.nl\\\/peugeot-bedrijfswagens\\\/boxer\\\/automaat\\\/#breadcrumb\",\"itemListElement\":[{\"@type\":\"ListItem\",\"position\":1,\"name\":\"Home\",\"item\":\"https:\\\/\\\/www.vdhurk.nl\\\/home\\\/\"},{\"@type\":\"ListItem\",\"position\":2,\"name\":\"Peugeot Bedrijfswagens\",\"item\":\"https:\\\/\\\/www.vdhurk.nl\\\/peugeot-bedrijfswagens\\\/\"},{\"@type\":\"ListItem\",\"position\":3,\"name\":\"Peugeot Boxer\",\"item\":\"https:\\\/\\\/www.vdhurk.nl\\\/peugeot-bedrijfswagens\\\/boxer\\\/\"},{\"@type\":\"ListItem\",\"position\":4,\"name\":\"Peugeot Boxer Automaat\"}]},{\"@type\":\"WebSite\",\"@id\":\"https:\\\/\\\/www.vdhurk.nl\\\/#website\",\"url\":\"https:\\\/\\\/www.vdhurk.nl\\\/\",\"name\":\"Van den Hurk Bedrijfswagens\",\"description\":\"Van den Hurk bedrijfswagens Helmond\",\"potentialAction\":[{\"@type\":\"SearchAction\",\"target\":{\"@type\":\"EntryPoint\",\"urlTemplate\":\"https:\\\/\\\/www.vdhurk.nl\\\/?s={search_term_string}\"},\"query-input\":{\"@type\":\"PropertyValueSpecification\",\"valueRequired\":true,\"valueName\":\"search_term_string\"}}],\"inLanguage\":\"fr-FR\"}]}<\/script>\n<!-- \/ Yoast SEO plugin. -->","yoast_head_json":{"title":"Trouvez votre Peugeot Boxer automatique | Voir notre offre","description":"Vous cherchez un Peugeot Boxer automatique ? Explorez les options et trouvez le v\u00e9hicule utilitaire qui r\u00e9pond parfaitement aux besoins de votre entreprise.","robots":{"index":"index","follow":"follow","max-snippet":"max-snippet:-1","max-image-preview":"max-image-preview:large","max-video-preview":"max-video-preview:-1"},"canonical":"https:\/\/www.vdhurk.nl\/fr\/vehicules-utilitaires-peugeot\/mercedes-11\/machine\/","og_locale":"fr_FR","og_type":"article","og_title":"Vind jouw Peugeot Boxer automaat | Bekijk ons aanbod","og_description":"Zoek je een Peugeot Boxer automaat? Ontdek de mogelijkheden en vind de bedrijfswagen die perfect aansluit bij jouw zakelijke behoeften.","og_url":"https:\/\/www.vdhurk.nl\/fr\/vehicules-utilitaires-peugeot\/mercedes-11\/machine\/","og_site_name":"Van den Hurk Bedrijfswagens","article_modified_time":"2025-02-06T16:20:59+00:00","twitter_card":"summary_large_image","twitter_misc":{"Dur\u00e9e de lecture estim\u00e9e":"4 minutes"},"schema":{"@context":"https:\/\/schema.org","@graph":[{"@type":"WebPage","@id":"https:\/\/www.vdhurk.nl\/peugeot-bedrijfswagens\/boxer\/automaat\/","url":"https:\/\/www.vdhurk.nl\/peugeot-bedrijfswagens\/boxer\/automaat\/","name":"Trouvez votre Peugeot Boxer automatique | Voir notre offre","isPartOf":{"@id":"https:\/\/www.vdhurk.nl\/#website"},"datePublished":"2025-02-06T13:39:02+00:00","dateModified":"2025-02-06T16:20:59+00:00","description":"Vous cherchez un Peugeot Boxer automatique ? Explorez les options et trouvez le v\u00e9hicule utilitaire qui r\u00e9pond parfaitement aux besoins de votre entreprise.","breadcrumb":{"@id":"https:\/\/www.vdhurk.nl\/peugeot-bedrijfswagens\/boxer\/automaat\/#breadcrumb"},"inLanguage":"fr-FR","potentialAction":[{"@type":"ReadAction","target":["https:\/\/www.vdhurk.nl\/peugeot-bedrijfswagens\/boxer\/automaat\/"]}]},{"@type":"BreadcrumbList","@id":"https:\/\/www.vdhurk.nl\/peugeot-bedrijfswagens\/boxer\/automaat\/#breadcrumb","itemListElement":[{"@type":"ListItem","position":1,"name":"Home","item":"https:\/\/www.vdhurk.nl\/home\/"},{"@type":"ListItem","position":2,"name":"Peugeot Bedrijfswagens","item":"https:\/\/www.vdhurk.nl\/peugeot-bedrijfswagens\/"},{"@type":"ListItem","position":3,"name":"Peugeot Boxer","item":"https:\/\/www.vdhurk.nl\/peugeot-bedrijfswagens\/boxer\/"},{"@type":"ListItem","position":4,"name":"Peugeot Boxer Automaat"}]},{"@type":"WebSite","@id":"https:\/\/www.vdhurk.nl\/#website","url":"https:\/\/www.vdhurk.nl\/","name":"V\u00e9hicules utilitaires Van den Hurk","description":"V\u00e9hicules utilitaires Van den Hurk Helmond","potentialAction":[{"@type":"SearchAction","target":{"@type":"EntryPoint","urlTemplate":"https:\/\/www.vdhurk.nl\/?s={search_term_string}"},"query-input":{"@type":"PropertyValueSpecification","valueRequired":true,"valueName":"search_term_string"}}],"inLanguage":"fr-FR"}]}},"_links":{"self":[{"href":"https:\/\/www.vdhurk.nl\/fr\/wp-json\/wp\/v2\/pages\/442819","targetHints":{"allow":["GET"]}}],"collection":[{"href":"https:\/\/www.vdhurk.nl\/fr\/wp-json\/wp\/v2\/pages"}],"about":[{"href":"https:\/\/www.vdhurk.nl\/fr\/wp-json\/wp\/v2\/types\/page"}],"author":[{"embeddable":true,"href":"https:\/\/www.vdhurk.nl\/fr\/wp-json\/wp\/v2\/users\/3"}],"replies":[{"embeddable":true,"href":"https:\/\/www.vdhurk.nl\/fr\/wp-json\/wp\/v2\/comments?post=442819"}],"version-history":[{"count":3,"href":"https:\/\/www.vdhurk.nl\/fr\/wp-json\/wp\/v2\/pages\/442819\/revisions"}],"predecessor-version":[{"id":442890,"href":"https:\/\/www.vdhurk.nl\/fr\/wp-json\/wp\/v2\/pages\/442819\/revisions\/442890"}],"up":[{"embeddable":true,"href":"https:\/\/www.vdhurk.nl\/fr\/wp-json\/wp\/v2\/pages\/405923"}],"wp:attachment":[{"href":"https:\/\/www.vdhurk.nl\/fr\/wp-json\/wp\/v2\/media?parent=442819"}],"curies":[{"name":"wp","href":"https:\/\/api.w.org\/{rel}","templated":true}]}}