{"id":442817,"date":"2025-02-06T14:04:20","date_gmt":"2025-02-06T13:04:20","guid":{"rendered":"https:\/\/www.vdhurk.nl\/?page_id=442817"},"modified":"2025-02-06T17:20:38","modified_gmt":"2025-02-06T16:20:38","slug":"machine","status":"publish","type":"page","link":"https:\/\/www.vdhurk.nl\/fr\/peugeot-bedrijfswagens\/partner\/automaat\/","title":{"rendered":"Peugeot Partner Automatique"},"content":{"rendered":"<section  class='av_textblock_section av-lu8gnh7d-4ac895489941e586c1d7c8cb72318135'  itemscope=\"itemscope\" itemtype=\"https:\/\/schema.org\/CreativeWork\" ><div class='avia_textblock'  itemprop=\"text\" ><h1>Trouvez la transmission automatique de votre Peugeot Partner<\/h1>\n<p>Votre v\u00e9hicule utilitaire doit \u00eatre remplac\u00e9 ? Vous \u00eates \u00e0 la recherche de votre premier v\u00e9hicule utilitaire ou vous souhaitez passer \u00e0 une transmission automatique ? Le Peugeot Partner automatique est un excellent choix. Avec ses caract\u00e9ristiques polyvalentes et ses sp\u00e9cifications pratiques, ce fourgon est le partenaire id\u00e9al pour votre entreprise. Vous vous demandez pourquoi ? Lisez la suite et d\u00e9couvrez si le Peugeot Partner est fait pour vous.<\/p>\n<\/div><\/section>\n\n<style type=\"text\/css\" data-created_by=\"avia_inline_auto\" id=\"style-css-av-lujjddpd-afa3d7a9eabd61123e643ed1228e781e\">\n#top .hr.hr-invisible.av-lujjddpd-afa3d7a9eabd61123e643ed1228e781e{\nheight:50px;\n}\n<\/style>\n<div  class='hr av-lujjddpd-afa3d7a9eabd61123e643ed1228e781e hr-invisible  avia-builder-el-1  el_after_av_textblock  el_before_av_codeblock'><span class='hr-inner'><span class=\"hr-inner-style\"><\/span><\/span><\/div>\n\n\n<style type=\"text\/css\" data-created_by=\"avia_inline_auto\" id=\"style-css-av-ah0xd-63338d9dc6b40410e22a712829c369d6\">\n#top .hr.hr-invisible.av-ah0xd-63338d9dc6b40410e22a712829c369d6{\nheight:50px;\n}\n<\/style>\n<div  class='hr av-ah0xd-63338d9dc6b40410e22a712829c369d6 hr-invisible  avia-builder-el-3  el_after_av_codeblock  el_before_av_textblock'><span class='hr-inner'><span class=\"hr-inner-style\"><\/span><\/span><\/div>\n<section  class='av_textblock_section av-lu8gow1e-300853e458ed741bd87d6cb78e55cc7a'  itemscope=\"itemscope\" itemtype=\"https:\/\/schema.org\/CreativeWork\" ><div class='avia_textblock'  itemprop=\"text\" ><h2>Quels sont les avantages d'un v\u00e9hicule automatique ?<\/h2>\n<p>En tant qu'entrepreneur, vous recherchez une voiture de soci\u00e9t\u00e9 qui soit non seulement efficace, mais qui offre \u00e9galement un confort de conduite sup\u00e9rieur. C'est ce que vous offre la bo\u00eete automatique, qui pr\u00e9sente des avantages ind\u00e9niables par rapport aux Peugeot Partner \u00e0 bo\u00eete manuelle. En n'utilisant qu'un seul pied, vous conduisez toujours confortablement, m\u00eame sur les longs trajets. Avec un Peugeot Partner automatique, vous investissez donc dans le confort et la durabilit\u00e9.<\/p>\n<\/div><\/section>\n<div class='flex_column av-f64w1-da126f42b61613402309283c14245a25 av_one_half  avia-builder-el-5  el_after_av_textblock  el_before_av_one_third  first flex_column_div column-top-margin'   ><section  class='av_textblock_section av-lu8gpqre-73cc2c17e6a6497ba6e1b58af22bd9e8'  itemscope=\"itemscope\" itemtype=\"https:\/\/schema.org\/CreativeWork\" ><div class='avia_textblock'  itemprop=\"text\" ><h2>Pourquoi choisir un Peugeot Partner ?<\/h2>\n<p>Le Peugeot Partner est un v\u00e9hicule utilitaire fiable et polyvalent, ce qui se refl\u00e8te dans les nombreux avantages qu'offre ce mod\u00e8le. Gr\u00e2ce \u00e0 sa taille compacte, le Partner se d\u00e9place sans effort en ville et dans la circulation dense, ce qui vous permet d'arriver rapidement \u00e0 destination. L'espace de chargement spacieux est id\u00e9al pour transporter tout votre mat\u00e9riel et vos \u00e9quipements, de sorte que vous ne manquerez de rien. L'int\u00e9rieur est flexible et ergonomique, ce qui garantit une conduite confortable m\u00eame sur les longs trajets. Et la s\u00e9curit\u00e9 ? Elle est garantie. Le Peugeot Partner est \u00e9quip\u00e9 de plusieurs syst\u00e8mes de s\u00e9curit\u00e9 avanc\u00e9s, ce qui vous permet de prendre la route en toute confiance. En r\u00e9sum\u00e9, le Peugeot Partner est une voiture de soci\u00e9t\u00e9 fiable et efficace qui vous accompagne au quotidien dans votre travail.<\/p>\n<\/div><\/section><\/div>\n<div class='flex_column av-aldk9-ee694297f5c4032981677a02caab84d6 av_one_third  avia-builder-el-7  el_after_av_one_half  el_before_av_hr  flex_column_div column-top-margin'   ><style type=\"text\/css\" data-created_by=\"avia_inline_auto\" id=\"style-css-av-l1w9kpsf-4ec3fab772ec7a9adaa33cfc64ff0475\">\n.avia-image-container.av-l1w9kpsf-4ec3fab772ec7a9adaa33cfc64ff0475 .av-image-caption-overlay-center{\ncolor:#ffffff;\n}\n<\/style>\n<div  class='avia-image-container av-l1w9kpsf-4ec3fab772ec7a9adaa33cfc64ff0475 av-styling- avia-align-center  avia-builder-el-8  avia-builder-el-no-sibling'  itemprop=\"image\" itemscope=\"itemscope\" itemtype=\"https:\/\/schema.org\/ImageObject\" ><div class=\"avia-image-container-inner\"><div class=\"avia-image-overlay-wrap\"><img decoding=\"async\" class='wp-image-187 avia-img-lazy-loading-not-187 avia_image' src=\"https:\/\/www.vdhurk.nl\/wp-content\/uploads\/2022\/03\/Voorrad.png\" alt='' title='Stock'  height=\"758\" width=\"1135\"  itemprop=\"thumbnailUrl\" srcset=\"https:\/\/www.vdhurk.nl\/wp-content\/uploads\/2022\/03\/Voorrad.png 1135w, https:\/\/www.vdhurk.nl\/wp-content\/uploads\/2022\/03\/Voorrad-300x200.png 300w, https:\/\/www.vdhurk.nl\/wp-content\/uploads\/2022\/03\/Voorrad-1030x688.png 1030w, https:\/\/www.vdhurk.nl\/wp-content\/uploads\/2022\/03\/Voorrad-768x513.png 768w, https:\/\/www.vdhurk.nl\/wp-content\/uploads\/2022\/03\/Voorrad-18x12.png 18w, https:\/\/www.vdhurk.nl\/wp-content\/uploads\/2022\/03\/Voorrad-705x471.png 705w\" sizes=\"(max-width: 1135px) 100vw, 1135px\" \/><\/div><\/div><\/div><\/div>\n\n<style type=\"text\/css\" data-created_by=\"avia_inline_auto\" id=\"style-css-av-luqrjpjc-5a23a1fb5f94718ca85316a9df963e2f\">\n#top .hr.hr-invisible.av-luqrjpjc-5a23a1fb5f94718ca85316a9df963e2f{\nheight:50px;\n}\n<\/style>\n<div  class='hr av-luqrjpjc-5a23a1fb5f94718ca85316a9df963e2f hr-invisible  avia-builder-el-9  el_after_av_one_third  el_before_av_textblock'><span class='hr-inner'><span class=\"hr-inner-style\"><\/span><\/span><\/div>\n<section  class='av_textblock_section av-lu8gtjw7-4f3cee9304909518d86d2860d9d582dd'  itemscope=\"itemscope\" itemtype=\"https:\/\/schema.org\/CreativeWork\" ><div class='avia_textblock'  itemprop=\"text\" ><h2>Quels sont les prix ?<\/h2>\n<p>Les prix d'un Peugeot Partner automatique varient, ce qui n'est pas surprenant. Dans notre offre, vous trouverez aussi bien des mod\u00e8les simples de Peugeot Partner que des versions enti\u00e8rement \u00e9quip\u00e9es. Comme notre offre actuelle change constamment, nous ne pouvons pas donner d'indication de prix exacte. Comme l'offre change constamment, il y a toujours quelque chose dans votre gamme de prix.<\/p>\n<h2>Acheter ou louer un Peugeot Partner ?<\/h2>\n<p>Chez Van den Hurk, vous avez le choix entre plusieurs modes de paiement pour votre Peugeot Partner. Vous voulez acheter un Peugeot Partner tout de suite ? Bien s\u00fbr que oui ! Mais avez-vous aussi pens\u00e9 \u00e0 <a href=\"https:\/\/www.vdhurk.nl\/fr\/location-financiere\/\">location financi\u00e8re<\/a>? Le leasing d'un Peugeot Partner vous permet de payer un montant fixe tous les mois, plut\u00f4t qu'une somme importante en une seule fois. Le v\u00e9hicule devient progressivement votre propri\u00e9t\u00e9 pendant la dur\u00e9e du contrat de location. Et \u00e0 la fin du contrat de location, vous en \u00eates l'heureux propri\u00e9taire sans avoir \u00e0 supporter un lourd investissement initial. En r\u00e9sum\u00e9, le leasing financier vous offre \u00e0 la fois les avantages d'une nouvelle voiture de soci\u00e9t\u00e9 et d'un mode de paiement abordable !<\/p>\n<h2>Voir notre offre actuelle<\/h2>\n<p>Enthousiasm\u00e9 par la bo\u00eete de vitesses automatique du Peugeot Partner ? Ou vous avez besoin de plus d'informations ? En tant que concessionnaire Peugeot Partner, nous sommes toujours pr\u00eats \u00e0 r\u00e9pondre \u00e0 vos questions. Vous aider \u00e0 faire le bon choix est notre priorit\u00e9. Que vous optiez pour un Peugeot Partner d'occasion ou neuf, vous avez toujours l'assurance d'un v\u00e9hicule performant. Consultez notre offre actuelle ou contactez-nous pour plus d'informations.<\/p>\n<\/div><\/section>","protected":false},"excerpt":{"rendered":"","protected":false},"author":3,"featured_media":0,"parent":405925,"menu_order":0,"comment_status":"closed","ping_status":"closed","template":"","meta":{"_acf_changed":false,"_improvement_type_select":"improve_an_existing","_thumb_yes_seoaic":false,"_frame_yes_seoaic":false,"seoaic_generate_description":"","seoaic_improve_instructions_prompt":"","seoaic_rollback_content_improvement":"","seoaic_idea_thumbnail_generator":"","thumbnail_generated":false,"thumbnail_generate_prompt":"","seoaic_article_description":"","footnotes":""},"class_list":["post-442817","page","type-page","status-publish","hentry"],"acf":[],"yoast_head":"<!-- This site is optimized with the Yoast SEO plugin v27.5 - https:\/\/yoast.com\/product\/yoast-seo-wordpress\/ -->\n<title>Kies jouw Peugeot Partner automaat | Ontdek de opties<\/title>\n<meta name=\"description\" content=\"Denk je aan een Peugeot automaat? Ontdek ons volledige aanbod en vind de auto die perfect bij jou past.\" \/>\n<meta name=\"robots\" content=\"index, follow, max-snippet:-1, max-image-preview:large, max-video-preview:-1\" \/>\n<link rel=\"canonical\" href=\"https:\/\/www.vdhurk.nl\/fr\/vehicules-utilitaires-peugeot\/mercedes-6\/machine\/\" \/>\n<meta property=\"og:locale\" content=\"fr_FR\" \/>\n<meta property=\"og:type\" content=\"article\" \/>\n<meta property=\"og:title\" content=\"Kies jouw Peugeot Partner automaat | Ontdek de opties\" \/>\n<meta property=\"og:description\" content=\"Denk je aan een Peugeot automaat? Ontdek ons volledige aanbod en vind de auto die perfect bij jou past.\" \/>\n<meta property=\"og:url\" content=\"https:\/\/www.vdhurk.nl\/fr\/vehicules-utilitaires-peugeot\/mercedes-6\/machine\/\" \/>\n<meta property=\"og:site_name\" content=\"Van den Hurk Bedrijfswagens\" \/>\n<meta property=\"article:modified_time\" content=\"2025-02-06T16:20:38+00:00\" \/>\n<meta name=\"twitter:card\" content=\"summary_large_image\" \/>\n<meta name=\"twitter:label1\" content=\"Dur\u00e9e de lecture estim\u00e9e\" \/>\n\t<meta name=\"twitter:data1\" content=\"5 minutes\" \/>\n<script type=\"application\/ld+json\" class=\"yoast-schema-graph\">{\"@context\":\"https:\\\/\\\/schema.org\",\"@graph\":[{\"@type\":\"WebPage\",\"@id\":\"https:\\\/\\\/www.vdhurk.nl\\\/peugeot-bedrijfswagens\\\/partner\\\/automaat\\\/\",\"url\":\"https:\\\/\\\/www.vdhurk.nl\\\/peugeot-bedrijfswagens\\\/partner\\\/automaat\\\/\",\"name\":\"Kies jouw Peugeot Partner automaat | Ontdek de opties\",\"isPartOf\":{\"@id\":\"https:\\\/\\\/www.vdhurk.nl\\\/#website\"},\"datePublished\":\"2025-02-06T13:04:20+00:00\",\"dateModified\":\"2025-02-06T16:20:38+00:00\",\"description\":\"Denk je aan een Peugeot automaat? Ontdek ons volledige aanbod en vind de auto die perfect bij jou past.\",\"breadcrumb\":{\"@id\":\"https:\\\/\\\/www.vdhurk.nl\\\/peugeot-bedrijfswagens\\\/partner\\\/automaat\\\/#breadcrumb\"},\"inLanguage\":\"fr-FR\",\"potentialAction\":[{\"@type\":\"ReadAction\",\"target\":[\"https:\\\/\\\/www.vdhurk.nl\\\/peugeot-bedrijfswagens\\\/partner\\\/automaat\\\/\"]}]},{\"@type\":\"BreadcrumbList\",\"@id\":\"https:\\\/\\\/www.vdhurk.nl\\\/peugeot-bedrijfswagens\\\/partner\\\/automaat\\\/#breadcrumb\",\"itemListElement\":[{\"@type\":\"ListItem\",\"position\":1,\"name\":\"Home\",\"item\":\"https:\\\/\\\/www.vdhurk.nl\\\/home\\\/\"},{\"@type\":\"ListItem\",\"position\":2,\"name\":\"Peugeot Bedrijfswagens\",\"item\":\"https:\\\/\\\/www.vdhurk.nl\\\/peugeot-bedrijfswagens\\\/\"},{\"@type\":\"ListItem\",\"position\":3,\"name\":\"Peugeot Partner\",\"item\":\"https:\\\/\\\/www.vdhurk.nl\\\/peugeot-bedrijfswagens\\\/partner\\\/\"},{\"@type\":\"ListItem\",\"position\":4,\"name\":\"Peugeot Partner Automaat\"}]},{\"@type\":\"WebSite\",\"@id\":\"https:\\\/\\\/www.vdhurk.nl\\\/#website\",\"url\":\"https:\\\/\\\/www.vdhurk.nl\\\/\",\"name\":\"Van den Hurk Bedrijfswagens\",\"description\":\"Van den Hurk bedrijfswagens Helmond\",\"potentialAction\":[{\"@type\":\"SearchAction\",\"target\":{\"@type\":\"EntryPoint\",\"urlTemplate\":\"https:\\\/\\\/www.vdhurk.nl\\\/?s={search_term_string}\"},\"query-input\":{\"@type\":\"PropertyValueSpecification\",\"valueRequired\":true,\"valueName\":\"search_term_string\"}}],\"inLanguage\":\"fr-FR\"}]}<\/script>\n<!-- \/ Yoast SEO plugin. -->","yoast_head_json":{"title":"Choisissez la transmission automatique de votre Peugeot Partner | D\u00e9couvrez les options","description":"Vous envisagez d'acheter une Peugeot automatique ? D\u00e9couvrez notre gamme compl\u00e8te et trouvez la voiture qui vous convient parfaitement.","robots":{"index":"index","follow":"follow","max-snippet":"max-snippet:-1","max-image-preview":"max-image-preview:large","max-video-preview":"max-video-preview:-1"},"canonical":"https:\/\/www.vdhurk.nl\/fr\/vehicules-utilitaires-peugeot\/mercedes-6\/machine\/","og_locale":"fr_FR","og_type":"article","og_title":"Kies jouw Peugeot Partner automaat | Ontdek de opties","og_description":"Denk je aan een Peugeot automaat? Ontdek ons volledige aanbod en vind de auto die perfect bij jou past.","og_url":"https:\/\/www.vdhurk.nl\/fr\/vehicules-utilitaires-peugeot\/mercedes-6\/machine\/","og_site_name":"Van den Hurk Bedrijfswagens","article_modified_time":"2025-02-06T16:20:38+00:00","twitter_card":"summary_large_image","twitter_misc":{"Dur\u00e9e de lecture estim\u00e9e":"5 minutes"},"schema":{"@context":"https:\/\/schema.org","@graph":[{"@type":"WebPage","@id":"https:\/\/www.vdhurk.nl\/peugeot-bedrijfswagens\/partner\/automaat\/","url":"https:\/\/www.vdhurk.nl\/peugeot-bedrijfswagens\/partner\/automaat\/","name":"Choisissez la transmission automatique de votre Peugeot Partner | D\u00e9couvrez les options","isPartOf":{"@id":"https:\/\/www.vdhurk.nl\/#website"},"datePublished":"2025-02-06T13:04:20+00:00","dateModified":"2025-02-06T16:20:38+00:00","description":"Vous envisagez d'acheter une Peugeot automatique ? D\u00e9couvrez notre gamme compl\u00e8te et trouvez la voiture qui vous convient parfaitement.","breadcrumb":{"@id":"https:\/\/www.vdhurk.nl\/peugeot-bedrijfswagens\/partner\/automaat\/#breadcrumb"},"inLanguage":"fr-FR","potentialAction":[{"@type":"ReadAction","target":["https:\/\/www.vdhurk.nl\/peugeot-bedrijfswagens\/partner\/automaat\/"]}]},{"@type":"BreadcrumbList","@id":"https:\/\/www.vdhurk.nl\/peugeot-bedrijfswagens\/partner\/automaat\/#breadcrumb","itemListElement":[{"@type":"ListItem","position":1,"name":"Home","item":"https:\/\/www.vdhurk.nl\/home\/"},{"@type":"ListItem","position":2,"name":"Peugeot Bedrijfswagens","item":"https:\/\/www.vdhurk.nl\/peugeot-bedrijfswagens\/"},{"@type":"ListItem","position":3,"name":"Peugeot Partner","item":"https:\/\/www.vdhurk.nl\/peugeot-bedrijfswagens\/partner\/"},{"@type":"ListItem","position":4,"name":"Peugeot Partner Automaat"}]},{"@type":"WebSite","@id":"https:\/\/www.vdhurk.nl\/#website","url":"https:\/\/www.vdhurk.nl\/","name":"V\u00e9hicules utilitaires Van den Hurk","description":"V\u00e9hicules utilitaires Van den Hurk Helmond","potentialAction":[{"@type":"SearchAction","target":{"@type":"EntryPoint","urlTemplate":"https:\/\/www.vdhurk.nl\/?s={search_term_string}"},"query-input":{"@type":"PropertyValueSpecification","valueRequired":true,"valueName":"search_term_string"}}],"inLanguage":"fr-FR"}]}},"_links":{"self":[{"href":"https:\/\/www.vdhurk.nl\/fr\/wp-json\/wp\/v2\/pages\/442817","targetHints":{"allow":["GET"]}}],"collection":[{"href":"https:\/\/www.vdhurk.nl\/fr\/wp-json\/wp\/v2\/pages"}],"about":[{"href":"https:\/\/www.vdhurk.nl\/fr\/wp-json\/wp\/v2\/types\/page"}],"author":[{"embeddable":true,"href":"https:\/\/www.vdhurk.nl\/fr\/wp-json\/wp\/v2\/users\/3"}],"replies":[{"embeddable":true,"href":"https:\/\/www.vdhurk.nl\/fr\/wp-json\/wp\/v2\/comments?post=442817"}],"version-history":[{"count":3,"href":"https:\/\/www.vdhurk.nl\/fr\/wp-json\/wp\/v2\/pages\/442817\/revisions"}],"predecessor-version":[{"id":442888,"href":"https:\/\/www.vdhurk.nl\/fr\/wp-json\/wp\/v2\/pages\/442817\/revisions\/442888"}],"up":[{"embeddable":true,"href":"https:\/\/www.vdhurk.nl\/fr\/wp-json\/wp\/v2\/pages\/405925"}],"wp:attachment":[{"href":"https:\/\/www.vdhurk.nl\/fr\/wp-json\/wp\/v2\/media?parent=442817"}],"curies":[{"name":"wp","href":"https:\/\/api.w.org\/{rel}","templated":true}]}}