{"id":442814,"date":"2025-02-06T13:51:05","date_gmt":"2025-02-06T12:51:05","guid":{"rendered":"https:\/\/www.vdhurk.nl\/?page_id=442814"},"modified":"2025-02-06T17:20:26","modified_gmt":"2025-02-06T16:20:26","slug":"machine","status":"publish","type":"page","link":"https:\/\/www.vdhurk.nl\/fr\/peugeot-bedrijfswagens\/expert\/automaat\/","title":{"rendered":"Peugeot Expert Automatique"},"content":{"rendered":"<section  class='av_textblock_section av-lu8gnh7d-4ac895489941e586c1d7c8cb72318135'  itemscope=\"itemscope\" itemtype=\"https:\/\/schema.org\/CreativeWork\" ><div class='avia_textblock'  itemprop=\"text\" ><h1>Vous achetez une Peugeot Expert \u00e0 bo\u00eete automatique ?<\/h1>\n<p>Vous \u00eates \u00e0 la recherche d'un nouveau v\u00e9hicule utilitaire qui allie confort et praticit\u00e9 ? Avec le Peugeot Expert automatique, vous n'aurez plus jamais \u00e0 changer de vitesse. Cette camionnette pratique et polyvalente est disponible en plusieurs versions, de sorte qu'il y a toujours un mod\u00e8le qui r\u00e9pond parfaitement aux besoins de votre entreprise et \u00e0 votre budget. Consultez toutes les sp\u00e9cifications et d\u00e9couvrez toutes les possibilit\u00e9s.<\/p>\n<\/div><\/section>\n\n<style type=\"text\/css\" data-created_by=\"avia_inline_auto\" id=\"style-css-av-lujjddpd-afa3d7a9eabd61123e643ed1228e781e\">\n#top .hr.hr-invisible.av-lujjddpd-afa3d7a9eabd61123e643ed1228e781e{\nheight:50px;\n}\n<\/style>\n<div  class='hr av-lujjddpd-afa3d7a9eabd61123e643ed1228e781e hr-invisible  avia-builder-el-1  el_after_av_textblock  el_before_av_codeblock'><span class='hr-inner'><span class=\"hr-inner-style\"><\/span><\/span><\/div>\n\n\n<style type=\"text\/css\" data-created_by=\"avia_inline_auto\" id=\"style-css-av-ah0xd-63338d9dc6b40410e22a712829c369d6\">\n#top .hr.hr-invisible.av-ah0xd-63338d9dc6b40410e22a712829c369d6{\nheight:50px;\n}\n<\/style>\n<div  class='hr av-ah0xd-63338d9dc6b40410e22a712829c369d6 hr-invisible  avia-builder-el-3  el_after_av_codeblock  el_before_av_textblock'><span class='hr-inner'><span class=\"hr-inner-style\"><\/span><\/span><\/div>\n<section  class='av_textblock_section av-lu8gow1e-300853e458ed741bd87d6cb78e55cc7a'  itemscope=\"itemscope\" itemtype=\"https:\/\/schema.org\/CreativeWork\" ><div class='avia_textblock'  itemprop=\"text\" ><h2>Les avantages d'une transmission automatique<\/h2>\n<p>En tant qu'entrepreneur, vous souhaitez non seulement une voiture de soci\u00e9t\u00e9 fiable, mais aussi un mod\u00e8le qui augmente le confort de conduite. Une bo\u00eete de vitesses automatique offre ce confort suppl\u00e9mentaire et pr\u00e9sente plusieurs avantages par rapport aux versions manuelles. Gr\u00e2ce \u00e0 la bo\u00eete de vitesses automatique, vous n'avez plus qu'\u00e0 vous concentrer sur la conduite, ce qui apporte un confort suppl\u00e9mentaire, surtout sur les longs trajets. Vous n'avez pas \u00e0 vous pr\u00e9occuper du passage des vitesses, ce qui r\u00e9duit les risques de probl\u00e8mes de moteur. Autant de raisons de choisir une bo\u00eete automatique !<\/p>\n<\/div><\/section>\n<div class='flex_column av-f64w1-da126f42b61613402309283c14245a25 av_one_half  avia-builder-el-5  el_after_av_textblock  el_before_av_one_third  first flex_column_div column-top-margin'   ><section  class='av_textblock_section av-lu8gpqre-73cc2c17e6a6497ba6e1b58af22bd9e8'  itemscope=\"itemscope\" itemtype=\"https:\/\/schema.org\/CreativeWork\" ><div class='avia_textblock'  itemprop=\"text\" ><h2>Pourquoi acheter une Peugeot Expert ?<\/h2>\n<p>Le Peugeot Expert est un choix polyvalent et fiable pour les entrepreneurs \u00e0 la recherche d'un v\u00e9hicule utilitaire \u00e0 la fois pratique et fiable. Avec une capacit\u00e9 de chargement g\u00e9n\u00e9reuse, les mod\u00e8les Peugeot Expert offrent suffisamment d'espace pour transporter tout ce dont vous avez besoin. Qu'il s'agisse d'outils ou de charges plus importantes, vous serez toujours bien pr\u00e9par\u00e9 sur la route avec ce v\u00e9hicule utilitaire. Le confort de conduite \u00e9lev\u00e9 rend les longs trajets sans effort, id\u00e9al pour ceux qui passent beaucoup de temps sur la route. En outre, les moteurs diesel \u00e9conomiques garantissent une consommation de carburant r\u00e9duite, ce qui vous permet de r\u00e9aliser des \u00e9conomies. Gr\u00e2ce \u00e0 sa conception compacte et \u00e0 son excellente maniabilit\u00e9, le Peugeot Expert est \u00e9galement parfait pour les environnements urbains tr\u00e8s fr\u00e9quent\u00e9s, tout en se comportant id\u00e9alement sur autoroute. Le Peugeot Expert allie ainsi flexibilit\u00e9, efficacit\u00e9 et confort dans un seul v\u00e9hicule utilitaire.<\/p>\n<\/div><\/section><\/div>\n<div class='flex_column av-aldk9-ee694297f5c4032981677a02caab84d6 av_one_third  avia-builder-el-7  el_after_av_one_half  el_before_av_hr  flex_column_div column-top-margin'   ><style type=\"text\/css\" data-created_by=\"avia_inline_auto\" id=\"style-css-av-l1w9kpsf-4ec3fab772ec7a9adaa33cfc64ff0475\">\n.avia-image-container.av-l1w9kpsf-4ec3fab772ec7a9adaa33cfc64ff0475 .av-image-caption-overlay-center{\ncolor:#ffffff;\n}\n<\/style>\n<div  class='avia-image-container av-l1w9kpsf-4ec3fab772ec7a9adaa33cfc64ff0475 av-styling- avia-align-center  avia-builder-el-8  avia-builder-el-no-sibling'  itemprop=\"image\" itemscope=\"itemscope\" itemtype=\"https:\/\/schema.org\/ImageObject\" ><div class=\"avia-image-container-inner\"><div class=\"avia-image-overlay-wrap\"><img decoding=\"async\" class='wp-image-187 avia-img-lazy-loading-not-187 avia_image' src=\"https:\/\/www.vdhurk.nl\/wp-content\/uploads\/2022\/03\/Voorrad.png\" alt='' title='Stock'  height=\"758\" width=\"1135\"  itemprop=\"thumbnailUrl\" srcset=\"https:\/\/www.vdhurk.nl\/wp-content\/uploads\/2022\/03\/Voorrad.png 1135w, https:\/\/www.vdhurk.nl\/wp-content\/uploads\/2022\/03\/Voorrad-300x200.png 300w, https:\/\/www.vdhurk.nl\/wp-content\/uploads\/2022\/03\/Voorrad-1030x688.png 1030w, https:\/\/www.vdhurk.nl\/wp-content\/uploads\/2022\/03\/Voorrad-768x513.png 768w, https:\/\/www.vdhurk.nl\/wp-content\/uploads\/2022\/03\/Voorrad-18x12.png 18w, https:\/\/www.vdhurk.nl\/wp-content\/uploads\/2022\/03\/Voorrad-705x471.png 705w\" sizes=\"(max-width: 1135px) 100vw, 1135px\" \/><\/div><\/div><\/div><\/div>\n\n<style type=\"text\/css\" data-created_by=\"avia_inline_auto\" id=\"style-css-av-luqrjpjc-5a23a1fb5f94718ca85316a9df963e2f\">\n#top .hr.hr-invisible.av-luqrjpjc-5a23a1fb5f94718ca85316a9df963e2f{\nheight:50px;\n}\n<\/style>\n<div  class='hr av-luqrjpjc-5a23a1fb5f94718ca85316a9df963e2f hr-invisible  avia-builder-el-9  el_after_av_one_third  el_before_av_textblock'><span class='hr-inner'><span class=\"hr-inner-style\"><\/span><\/span><\/div>\n<section  class='av_textblock_section av-lu8gtjw7-4f3cee9304909518d86d2860d9d582dd'  itemscope=\"itemscope\" itemtype=\"https:\/\/schema.org\/CreativeWork\" ><div class='avia_textblock'  itemprop=\"text\" ><h2>\u00c0 quels prix devriez-vous penser ?<\/h2>\n<p>Les prix de nos mod\u00e8les Peugeot Expert varient. Cela s'explique par les diff\u00e9rents choix possibles. Allez-vous opter pour une version de base ou une variante avec des sp\u00e9cifications suppl\u00e9mentaires ? Le prix est d\u00e9termin\u00e9 par vos souhaits et vos besoins. Quels que soient vos besoins, vous trouverez toujours un mod\u00e8le adapt\u00e9 \u00e0 votre budget.<\/p>\n<h2>Achat ou leasing d'une Peugeot Expert : quel est le meilleur choix pour vous ?<\/h2>\n<p>Chez Van den Hurk, nous proposons diff\u00e9rentes options de financement pour votre v\u00e9hicule utilitaire. Vous choisissez ainsi toujours la meilleure option pour votre situation sp\u00e9cifique. Vous pouvez choisir de payer le v\u00e9hicule en une seule fois ou d'en \u00e9taler le co\u00fbt avec <a href=\"https:\/\/www.vdhurk.nl\/fr\/location-financiere\/\">location financi\u00e8re<\/a>. Le leasing d'une Peugeot Expert consiste \u00e0 payer un montant mensuel fixe. Cette option est sp\u00e9cialement con\u00e7ue pour les personnes qui recherchent la flexibilit\u00e9. Dans les deux cas, vous devenez propri\u00e9taire du v\u00e9hicule : avec le leasing financier, vous l'\u00eates d\u00e8s la finalisation du contrat, tandis qu'avec le paiement direct, vous recevez les cl\u00e9s et devenez imm\u00e9diatement propri\u00e9taire.<\/p>\n<h2>Trouvez le v\u00e9hicule utilitaire id\u00e9al<\/h2>\n<p>Vous voulez acheter une Peugeot Expert automatique ? Que vous optiez pour une Peugeot Expert d'occasion ou neuve, vous b\u00e9n\u00e9ficiez toujours d'une bonne qualit\u00e9. D\u00e9couvrez les <a href=\"https:\/\/www.vdhurk.nl\/fr\/vehicules-commerciaux\/\">offre actuelle<\/a> pour conna\u00eetre les possibilit\u00e9s. Vous n'\u00eates pas tout \u00e0 fait au point et vous aimeriez que notre personnel vous conseille ? Pas de probl\u00e8me. Nos collaborateurs sont pr\u00eats \u00e0 vous aider \u00e0 faire le meilleur choix.<\/p>\n<\/div><\/section>","protected":false},"excerpt":{"rendered":"","protected":false},"author":3,"featured_media":0,"parent":405921,"menu_order":0,"comment_status":"closed","ping_status":"closed","template":"","meta":{"_acf_changed":false,"_improvement_type_select":"improve_an_existing","_thumb_yes_seoaic":false,"_frame_yes_seoaic":false,"seoaic_generate_description":"","seoaic_improve_instructions_prompt":"","seoaic_rollback_content_improvement":"","seoaic_idea_thumbnail_generator":"","thumbnail_generated":false,"thumbnail_generate_prompt":"","seoaic_article_description":"","footnotes":""},"class_list":["post-442814","page","type-page","status-publish","hentry"],"acf":[],"yoast_head":"<!-- This site is optimized with the Yoast SEO plugin v27.5 - https:\/\/yoast.com\/product\/yoast-seo-wordpress\/ -->\n<title>Peugeot Expert automaat kopen? Bekijk de mogelijkheden!<\/title>\n<meta name=\"description\" content=\"Zoek je een Peugeot Expert automaat? Ontdek het aanbod en vind jouw ideale bedrijfswagen bij Van den Hurk.\" \/>\n<meta name=\"robots\" content=\"index, follow, max-snippet:-1, max-image-preview:large, max-video-preview:-1\" \/>\n<link rel=\"canonical\" href=\"https:\/\/www.vdhurk.nl\/fr\/vehicules-utilitaires-peugeot\/mercedes-19\/machine\/\" \/>\n<meta property=\"og:locale\" content=\"fr_FR\" \/>\n<meta property=\"og:type\" content=\"article\" \/>\n<meta property=\"og:title\" content=\"Peugeot Expert automaat kopen? Bekijk de mogelijkheden!\" \/>\n<meta property=\"og:description\" content=\"Zoek je een Peugeot Expert automaat? Ontdek het aanbod en vind jouw ideale bedrijfswagen bij Van den Hurk.\" \/>\n<meta property=\"og:url\" content=\"https:\/\/www.vdhurk.nl\/fr\/vehicules-utilitaires-peugeot\/mercedes-19\/machine\/\" \/>\n<meta property=\"og:site_name\" content=\"Van den Hurk Bedrijfswagens\" \/>\n<meta property=\"article:modified_time\" content=\"2025-02-06T16:20:26+00:00\" \/>\n<meta name=\"twitter:card\" content=\"summary_large_image\" \/>\n<meta name=\"twitter:label1\" content=\"Dur\u00e9e de lecture estim\u00e9e\" \/>\n\t<meta name=\"twitter:data1\" content=\"5 minutes\" \/>\n<script type=\"application\/ld+json\" class=\"yoast-schema-graph\">{\"@context\":\"https:\\\/\\\/schema.org\",\"@graph\":[{\"@type\":\"WebPage\",\"@id\":\"https:\\\/\\\/www.vdhurk.nl\\\/peugeot-bedrijfswagens\\\/expert\\\/automaat\\\/\",\"url\":\"https:\\\/\\\/www.vdhurk.nl\\\/peugeot-bedrijfswagens\\\/expert\\\/automaat\\\/\",\"name\":\"Peugeot Expert automaat kopen? Bekijk de mogelijkheden!\",\"isPartOf\":{\"@id\":\"https:\\\/\\\/www.vdhurk.nl\\\/#website\"},\"datePublished\":\"2025-02-06T12:51:05+00:00\",\"dateModified\":\"2025-02-06T16:20:26+00:00\",\"description\":\"Zoek je een Peugeot Expert automaat? Ontdek het aanbod en vind jouw ideale bedrijfswagen bij Van den Hurk.\",\"breadcrumb\":{\"@id\":\"https:\\\/\\\/www.vdhurk.nl\\\/peugeot-bedrijfswagens\\\/expert\\\/automaat\\\/#breadcrumb\"},\"inLanguage\":\"fr-FR\",\"potentialAction\":[{\"@type\":\"ReadAction\",\"target\":[\"https:\\\/\\\/www.vdhurk.nl\\\/peugeot-bedrijfswagens\\\/expert\\\/automaat\\\/\"]}]},{\"@type\":\"BreadcrumbList\",\"@id\":\"https:\\\/\\\/www.vdhurk.nl\\\/peugeot-bedrijfswagens\\\/expert\\\/automaat\\\/#breadcrumb\",\"itemListElement\":[{\"@type\":\"ListItem\",\"position\":1,\"name\":\"Home\",\"item\":\"https:\\\/\\\/www.vdhurk.nl\\\/home\\\/\"},{\"@type\":\"ListItem\",\"position\":2,\"name\":\"Peugeot Bedrijfswagens\",\"item\":\"https:\\\/\\\/www.vdhurk.nl\\\/peugeot-bedrijfswagens\\\/\"},{\"@type\":\"ListItem\",\"position\":3,\"name\":\"Peugeot Expert\",\"item\":\"https:\\\/\\\/www.vdhurk.nl\\\/peugeot-bedrijfswagens\\\/expert\\\/\"},{\"@type\":\"ListItem\",\"position\":4,\"name\":\"Peugeot Expert Automaat\"}]},{\"@type\":\"WebSite\",\"@id\":\"https:\\\/\\\/www.vdhurk.nl\\\/#website\",\"url\":\"https:\\\/\\\/www.vdhurk.nl\\\/\",\"name\":\"Van den Hurk Bedrijfswagens\",\"description\":\"Van den Hurk bedrijfswagens Helmond\",\"potentialAction\":[{\"@type\":\"SearchAction\",\"target\":{\"@type\":\"EntryPoint\",\"urlTemplate\":\"https:\\\/\\\/www.vdhurk.nl\\\/?s={search_term_string}\"},\"query-input\":{\"@type\":\"PropertyValueSpecification\",\"valueRequired\":true,\"valueName\":\"search_term_string\"}}],\"inLanguage\":\"fr-FR\"}]}<\/script>\n<!-- \/ Yoast SEO plugin. -->","yoast_head_json":{"title":"Acheter une Peugeot Expert \u00e0 transmission automatique ? Consultez les options !","description":"A la recherche d'un Peugeot Expert automatique ? D\u00e9couvrez la gamme et trouvez votre v\u00e9hicule utilitaire id\u00e9al chez Van den Hurk.","robots":{"index":"index","follow":"follow","max-snippet":"max-snippet:-1","max-image-preview":"max-image-preview:large","max-video-preview":"max-video-preview:-1"},"canonical":"https:\/\/www.vdhurk.nl\/fr\/vehicules-utilitaires-peugeot\/mercedes-19\/machine\/","og_locale":"fr_FR","og_type":"article","og_title":"Peugeot Expert automaat kopen? Bekijk de mogelijkheden!","og_description":"Zoek je een Peugeot Expert automaat? Ontdek het aanbod en vind jouw ideale bedrijfswagen bij Van den Hurk.","og_url":"https:\/\/www.vdhurk.nl\/fr\/vehicules-utilitaires-peugeot\/mercedes-19\/machine\/","og_site_name":"Van den Hurk Bedrijfswagens","article_modified_time":"2025-02-06T16:20:26+00:00","twitter_card":"summary_large_image","twitter_misc":{"Dur\u00e9e de lecture estim\u00e9e":"5 minutes"},"schema":{"@context":"https:\/\/schema.org","@graph":[{"@type":"WebPage","@id":"https:\/\/www.vdhurk.nl\/peugeot-bedrijfswagens\/expert\/automaat\/","url":"https:\/\/www.vdhurk.nl\/peugeot-bedrijfswagens\/expert\/automaat\/","name":"Acheter une Peugeot Expert \u00e0 transmission automatique ? Consultez les options !","isPartOf":{"@id":"https:\/\/www.vdhurk.nl\/#website"},"datePublished":"2025-02-06T12:51:05+00:00","dateModified":"2025-02-06T16:20:26+00:00","description":"A la recherche d'un Peugeot Expert automatique ? D\u00e9couvrez la gamme et trouvez votre v\u00e9hicule utilitaire id\u00e9al chez Van den Hurk.","breadcrumb":{"@id":"https:\/\/www.vdhurk.nl\/peugeot-bedrijfswagens\/expert\/automaat\/#breadcrumb"},"inLanguage":"fr-FR","potentialAction":[{"@type":"ReadAction","target":["https:\/\/www.vdhurk.nl\/peugeot-bedrijfswagens\/expert\/automaat\/"]}]},{"@type":"BreadcrumbList","@id":"https:\/\/www.vdhurk.nl\/peugeot-bedrijfswagens\/expert\/automaat\/#breadcrumb","itemListElement":[{"@type":"ListItem","position":1,"name":"Home","item":"https:\/\/www.vdhurk.nl\/home\/"},{"@type":"ListItem","position":2,"name":"Peugeot Bedrijfswagens","item":"https:\/\/www.vdhurk.nl\/peugeot-bedrijfswagens\/"},{"@type":"ListItem","position":3,"name":"Peugeot Expert","item":"https:\/\/www.vdhurk.nl\/peugeot-bedrijfswagens\/expert\/"},{"@type":"ListItem","position":4,"name":"Peugeot Expert Automaat"}]},{"@type":"WebSite","@id":"https:\/\/www.vdhurk.nl\/#website","url":"https:\/\/www.vdhurk.nl\/","name":"V\u00e9hicules utilitaires Van den Hurk","description":"V\u00e9hicules utilitaires Van den Hurk Helmond","potentialAction":[{"@type":"SearchAction","target":{"@type":"EntryPoint","urlTemplate":"https:\/\/www.vdhurk.nl\/?s={search_term_string}"},"query-input":{"@type":"PropertyValueSpecification","valueRequired":true,"valueName":"search_term_string"}}],"inLanguage":"fr-FR"}]}},"_links":{"self":[{"href":"https:\/\/www.vdhurk.nl\/fr\/wp-json\/wp\/v2\/pages\/442814","targetHints":{"allow":["GET"]}}],"collection":[{"href":"https:\/\/www.vdhurk.nl\/fr\/wp-json\/wp\/v2\/pages"}],"about":[{"href":"https:\/\/www.vdhurk.nl\/fr\/wp-json\/wp\/v2\/types\/page"}],"author":[{"embeddable":true,"href":"https:\/\/www.vdhurk.nl\/fr\/wp-json\/wp\/v2\/users\/3"}],"replies":[{"embeddable":true,"href":"https:\/\/www.vdhurk.nl\/fr\/wp-json\/wp\/v2\/comments?post=442814"}],"version-history":[{"count":4,"href":"https:\/\/www.vdhurk.nl\/fr\/wp-json\/wp\/v2\/pages\/442814\/revisions"}],"predecessor-version":[{"id":442886,"href":"https:\/\/www.vdhurk.nl\/fr\/wp-json\/wp\/v2\/pages\/442814\/revisions\/442886"}],"up":[{"embeddable":true,"href":"https:\/\/www.vdhurk.nl\/fr\/wp-json\/wp\/v2\/pages\/405921"}],"wp:attachment":[{"href":"https:\/\/www.vdhurk.nl\/fr\/wp-json\/wp\/v2\/media?parent=442814"}],"curies":[{"name":"wp","href":"https:\/\/api.w.org\/{rel}","templated":true}]}}