{"id":434872,"date":"2025-02-06T15:48:28","date_gmt":"2025-02-06T14:48:28","guid":{"rendered":"https:\/\/www.vdhurk.nl\/?page_id=434872"},"modified":"2025-02-06T17:22:53","modified_gmt":"2025-02-06T16:22:53","slug":"sauteur","status":"publish","type":"page","link":"https:\/\/www.vdhurk.nl\/fr\/citroen-bedrijfswagens\/jumper\/","title":{"rendered":"Pull Citro\u00ebn"},"content":{"rendered":"<section  class='av_textblock_section av-lu8gnh7d-4ac895489941e586c1d7c8cb72318135'  itemscope=\"itemscope\" itemtype=\"https:\/\/schema.org\/CreativeWork\" ><div class='avia_textblock'  itemprop=\"text\" ><h1>Achat d'un Citro\u00ebn Jumper occasion ?<\/h1>\n<p>Vous cherchez un v\u00e9hicule utilitaire fiable qui r\u00e9ponde \u00e0 tous vos besoins professionnels ? Le Citro\u00ebn Jumper occasion est l'un des v\u00e9hicules pr\u00e9f\u00e9r\u00e9s des chefs d'entreprise, et ce pour de bonnes raisons. D\u00e9couvrez pourquoi ce v\u00e9hicule utilitaire convient parfaitement \u00e0 votre entreprise !<\/p>\n<\/div><\/section>\n\n<style type=\"text\/css\" data-created_by=\"avia_inline_auto\" id=\"style-css-av-lujjddpd-afa3d7a9eabd61123e643ed1228e781e\">\n#top .hr.hr-invisible.av-lujjddpd-afa3d7a9eabd61123e643ed1228e781e{\nheight:50px;\n}\n<\/style>\n<div  class='hr av-lujjddpd-afa3d7a9eabd61123e643ed1228e781e hr-invisible  avia-builder-el-1  el_after_av_textblock  el_before_av_codeblock'><span class='hr-inner'><span class=\"hr-inner-style\"><\/span><\/span><\/div>\n\n\n<style type=\"text\/css\" data-created_by=\"avia_inline_auto\" id=\"style-css-av-ah0xd-63338d9dc6b40410e22a712829c369d6\">\n#top .hr.hr-invisible.av-ah0xd-63338d9dc6b40410e22a712829c369d6{\nheight:50px;\n}\n<\/style>\n<div  class='hr av-ah0xd-63338d9dc6b40410e22a712829c369d6 hr-invisible  avia-builder-el-3  el_after_av_codeblock  el_before_av_textblock'><span class='hr-inner'><span class=\"hr-inner-style\"><\/span><\/span><\/div>\n<section  class='av_textblock_section av-lu8gow1e-300853e458ed741bd87d6cb78e55cc7a'  itemscope=\"itemscope\" itemtype=\"https:\/\/schema.org\/CreativeWork\" ><div class='avia_textblock'  itemprop=\"text\" ><h2>Les sp\u00e9cifications et l'\u00e9quipement de l'occasion Citro\u00ebn Jumper<\/h2>\n<p>Ce v\u00e9hicule utilitaire propose de nombreuses versions pour r\u00e9pondre \u00e0 vos besoins sp\u00e9cifiques. Que vous ayez besoin d'une caisse ouverte, de nombreux si\u00e8ges ou d'un espace de chargement suppl\u00e9mentaire, le Citro\u00ebn Jumper a tout ce qu'il vous faut. De plus, vous pouvez choisir entre une transmission manuelle ou une confortable transmission automatique. Quel que soit votre choix, le Citro\u00ebn Jumper est connu pour sa charge utile importante et ses sp\u00e9cifications pratiques. Il est \u00e9galement \u00e9quip\u00e9 de caract\u00e9ristiques techniques modernes et de dispositifs de s\u00e9curit\u00e9 \u00e9tendus. Ainsi, vous ne prenez pas seulement la route de mani\u00e8re efficace, mais aussi en toute s\u00e9r\u00e9nit\u00e9. Avec le Citro\u00ebn Jumper, vous \u00eates toujours pr\u00eat \u00e0 affronter n'importe quelle t\u00e2che !<\/p>\n<\/div><\/section>\n<div class='flex_column av-f64w1-da126f42b61613402309283c14245a25 av_one_half  avia-builder-el-5  el_after_av_textblock  el_before_av_one_third  first flex_column_div column-top-margin'   ><section  class='av_textblock_section av-lu8gpqre-73cc2c17e6a6497ba6e1b58af22bd9e8'  itemscope=\"itemscope\" itemtype=\"https:\/\/schema.org\/CreativeWork\" ><div class='avia_textblock'  itemprop=\"text\" ><h2>Quels sont les avantages de cette camionnette ?<\/h2>\n<p>Ce Citro\u00ebn Jumper se distingue par son design intelligent, confortable, s\u00fbr et \u00e9conomique. Comme tous les <a href=\"https:\/\/www.vdhurk.nl\/fr\/citroen-vehicules-utilitaires\/\">V\u00e9hicules utilitaires Citro\u00ebn<\/a> le Jumper respire la fiabilit\u00e9 et la qualit\u00e9. Gr\u00e2ce \u00e0 sa conception robuste et \u00e0 son utilisation intensive, il constitue un choix id\u00e9al pour ceux qui recherchent un investissement durable \u00e0 long terme. L'habitacle spacieux, avec des si\u00e8ges r\u00e9glables et beaucoup d'espace pour les jambes, rend chaque trajet tr\u00e8s agr\u00e9able. Qu'il s'agisse de d\u00e9placements quotidiens ou de longues distances, le Citro\u00ebn Jumper offre \u00e0 la fois confort et commodit\u00e9.<\/p>\n<\/div><\/section><\/div><div class='flex_column av-aldk9-ee694297f5c4032981677a02caab84d6 av_one_third  avia-builder-el-7  el_after_av_one_half  el_before_av_hr  flex_column_div column-top-margin'   ><style type=\"text\/css\" data-created_by=\"avia_inline_auto\" id=\"style-css-av-l1w9kpsf-4ec3fab772ec7a9adaa33cfc64ff0475\">\n.avia-image-container.av-l1w9kpsf-4ec3fab772ec7a9adaa33cfc64ff0475 .av-image-caption-overlay-center{\ncolor:#ffffff;\n}\n<\/style>\n<div  class='avia-image-container av-l1w9kpsf-4ec3fab772ec7a9adaa33cfc64ff0475 av-styling- avia-align-center  avia-builder-el-8  avia-builder-el-no-sibling'  itemprop=\"image\" itemscope=\"itemscope\" itemtype=\"https:\/\/schema.org\/ImageObject\" ><div class=\"avia-image-container-inner\"><div class=\"avia-image-overlay-wrap\"><img decoding=\"async\" class='wp-image-187 avia-img-lazy-loading-not-187 avia_image' src=\"https:\/\/www.vdhurk.nl\/wp-content\/uploads\/2022\/03\/Voorrad.png\" alt='' title='Stock'  height=\"758\" width=\"1135\"  itemprop=\"thumbnailUrl\" srcset=\"https:\/\/www.vdhurk.nl\/wp-content\/uploads\/2022\/03\/Voorrad.png 1135w, https:\/\/www.vdhurk.nl\/wp-content\/uploads\/2022\/03\/Voorrad-300x200.png 300w, https:\/\/www.vdhurk.nl\/wp-content\/uploads\/2022\/03\/Voorrad-1030x688.png 1030w, https:\/\/www.vdhurk.nl\/wp-content\/uploads\/2022\/03\/Voorrad-768x513.png 768w, https:\/\/www.vdhurk.nl\/wp-content\/uploads\/2022\/03\/Voorrad-18x12.png 18w, https:\/\/www.vdhurk.nl\/wp-content\/uploads\/2022\/03\/Voorrad-705x471.png 705w\" sizes=\"(max-width: 1135px) 100vw, 1135px\" \/><\/div><\/div><\/div><\/div><\/p>\n\n<style type=\"text\/css\" data-created_by=\"avia_inline_auto\" id=\"style-css-av-luqrjpjc-5a23a1fb5f94718ca85316a9df963e2f\">\n#top .hr.hr-invisible.av-luqrjpjc-5a23a1fb5f94718ca85316a9df963e2f{\nheight:50px;\n}\n<\/style>\n<div  class='hr av-luqrjpjc-5a23a1fb5f94718ca85316a9df963e2f hr-invisible  avia-builder-el-9  el_after_av_one_third  el_before_av_textblock'><span class='hr-inner'><span class=\"hr-inner-style\"><\/span><\/span><\/div>\n<section  class='av_textblock_section av-lu8gtjw7-4f3cee9304909518d86d2860d9d582dd'  itemscope=\"itemscope\" itemtype=\"https:\/\/schema.org\/CreativeWork\" ><div class='avia_textblock'  itemprop=\"text\" ><h2>Trouver un sauteur adapt\u00e9 \u00e0 votre budget<\/h2>\n<p>L'achat d'un v\u00e9hicule utilitaire est un investissement important, et le prix du Citro\u00ebn Jumper y est pour beaucoup. Les co\u00fbts varient selon la version et selon que vous optez pour un mod\u00e8le neuf ou d'occasion. Les mod\u00e8les d'occasion offrent souvent un excellent rapport qualit\u00e9-prix, tandis que les mod\u00e8les neufs vous permettent d'acc\u00e9der aux derni\u00e8res technologies et fonctionnalit\u00e9s. Bien que ces derniers aient g\u00e9n\u00e9ralement un prix d'achat plus \u00e9lev\u00e9, ils sont id\u00e9aux pour ceux qui recherchent les derni\u00e8res innovations et une garantie \u00e9tendue. Quels que soient vos besoins ou votre budget, il y a toujours un Citro\u00ebn Jumper qui r\u00e9pond parfaitement aux exigences de votre entreprise. Renseignez-vous sur les options et d\u00e9couvrez la version qui vous convient le mieux !<\/p>\n<h2>Vous optez pour un cr\u00e9dit-bail ?<\/h2>\n<p>Outre l'achat direct d'un v\u00e9hicule utilitaire, vous pouvez \u00e9galement b\u00e9n\u00e9ficier des services suivants <a href=\"https:\/\/www.vdhurk.nl\/fr\/location-financiere\/\">location financi\u00e8re<\/a>. Avec cette option, vous r\u00e9partissez le co\u00fbt sur plusieurs versements, de sorte que vous n'avez pas \u00e0 payer un montant \u00e9lev\u00e9 en une seule fois. Vous payez un montant fixe chaque mois, ce qui vous assure une pr\u00e9visibilit\u00e9 financi\u00e8re et une flexibilit\u00e9 dans votre budget. \u00c0 la fin de la p\u00e9riode de location, vous serez pleinement propri\u00e9taire du v\u00e9hicule, sans avoir \u00e0 faire d'investissements importants au d\u00e9part. Le leasing d'un Citro\u00ebn Jumper est une fa\u00e7on intelligente et accessible d'investir dans votre voiture de soci\u00e9t\u00e9.<\/p>\n<h2>Trouvez la camionnette qui convient \u00e0 votre entreprise<\/h2>\n<p>Acheter un Citro\u00ebn Jumper d'occasion ou neuf ? Ou vous voulez en savoir plus sur ce qui convient \u00e0 votre entreprise ? Nous serons heureux de vous aider \u00e0 faire le bon choix. Jetez un coup d'\u0153il \u00e0 notre <a href=\"https:\/\/www.vdhurk.nl\/fr\/vehicules-commerciaux\/\">offre actuelle<\/a> ou simplement nous contacter.<\/p>\n<\/div><\/section>","protected":false},"excerpt":{"rendered":"","protected":false},"author":3,"featured_media":0,"parent":372085,"menu_order":0,"comment_status":"closed","ping_status":"closed","template":"","meta":{"_acf_changed":false,"_improvement_type_select":"improve_an_existing","_thumb_yes_seoaic":false,"_frame_yes_seoaic":false,"seoaic_generate_description":"","seoaic_improve_instructions_prompt":"","seoaic_rollback_content_improvement":"","seoaic_idea_thumbnail_generator":"","thumbnail_generated":false,"thumbnail_generate_prompt":"","seoaic_article_description":"","footnotes":""},"class_list":["post-434872","page","type-page","status-publish","hentry"],"acf":[],"yoast_head":"<!-- This site is optimized with the Yoast SEO plugin v27.5 - https:\/\/yoast.com\/product\/yoast-seo-wordpress\/ -->\n<title>Betrouwbare Citro\u00ebn Jumper occasion kopen?<\/title>\n<meta name=\"description\" content=\"Op zoek naar een veelzijdige bedrijfswagen? De Citro\u00ebn Jumper occasion biedt alles wat je nodig hebt. Ontdek alle voordelen.\" \/>\n<meta name=\"robots\" content=\"index, follow, max-snippet:-1, max-image-preview:large, max-video-preview:-1\" \/>\n<link rel=\"canonical\" href=\"https:\/\/www.vdhurk.nl\/fr\/citroen-vehicules-utilitaires\/sauteur\/\" \/>\n<meta property=\"og:locale\" content=\"fr_FR\" \/>\n<meta property=\"og:type\" content=\"article\" \/>\n<meta property=\"og:title\" content=\"Betrouwbare Citro\u00ebn Jumper occasion kopen?\" \/>\n<meta property=\"og:description\" content=\"Op zoek naar een veelzijdige bedrijfswagen? De Citro\u00ebn Jumper occasion biedt alles wat je nodig hebt. Ontdek alle voordelen.\" \/>\n<meta property=\"og:url\" content=\"https:\/\/www.vdhurk.nl\/fr\/citroen-vehicules-utilitaires\/sauteur\/\" \/>\n<meta property=\"og:site_name\" content=\"Van den Hurk Bedrijfswagens\" \/>\n<meta property=\"article:modified_time\" content=\"2025-02-06T16:22:53+00:00\" \/>\n<meta name=\"twitter:card\" content=\"summary_large_image\" \/>\n<meta name=\"twitter:label1\" content=\"Dur\u00e9e de lecture estim\u00e9e\" \/>\n\t<meta name=\"twitter:data1\" content=\"4 minutes\" \/>\n<script type=\"application\/ld+json\" class=\"yoast-schema-graph\">{\"@context\":\"https:\\\/\\\/schema.org\",\"@graph\":[{\"@type\":\"WebPage\",\"@id\":\"https:\\\/\\\/www.vdhurk.nl\\\/citroen-bedrijfswagens\\\/jumper\\\/\",\"url\":\"https:\\\/\\\/www.vdhurk.nl\\\/citroen-bedrijfswagens\\\/jumper\\\/\",\"name\":\"Betrouwbare Citro\u00ebn Jumper occasion kopen?\",\"isPartOf\":{\"@id\":\"https:\\\/\\\/www.vdhurk.nl\\\/#website\"},\"datePublished\":\"2025-02-06T14:48:28+00:00\",\"dateModified\":\"2025-02-06T16:22:53+00:00\",\"description\":\"Op zoek naar een veelzijdige bedrijfswagen? De Citro\u00ebn Jumper occasion biedt alles wat je nodig hebt. Ontdek alle voordelen.\",\"breadcrumb\":{\"@id\":\"https:\\\/\\\/www.vdhurk.nl\\\/citroen-bedrijfswagens\\\/jumper\\\/#breadcrumb\"},\"inLanguage\":\"fr-FR\",\"potentialAction\":[{\"@type\":\"ReadAction\",\"target\":[\"https:\\\/\\\/www.vdhurk.nl\\\/citroen-bedrijfswagens\\\/jumper\\\/\"]}]},{\"@type\":\"BreadcrumbList\",\"@id\":\"https:\\\/\\\/www.vdhurk.nl\\\/citroen-bedrijfswagens\\\/jumper\\\/#breadcrumb\",\"itemListElement\":[{\"@type\":\"ListItem\",\"position\":1,\"name\":\"Home\",\"item\":\"https:\\\/\\\/www.vdhurk.nl\\\/home\\\/\"},{\"@type\":\"ListItem\",\"position\":2,\"name\":\"Citro\u00ebn Bedrijfswagens\",\"item\":\"https:\\\/\\\/www.vdhurk.nl\\\/citroen-bedrijfswagens\\\/\"},{\"@type\":\"ListItem\",\"position\":3,\"name\":\"Citro\u00ebn Jumper\"}]},{\"@type\":\"WebSite\",\"@id\":\"https:\\\/\\\/www.vdhurk.nl\\\/#website\",\"url\":\"https:\\\/\\\/www.vdhurk.nl\\\/\",\"name\":\"Van den Hurk Bedrijfswagens\",\"description\":\"Van den Hurk bedrijfswagens Helmond\",\"potentialAction\":[{\"@type\":\"SearchAction\",\"target\":{\"@type\":\"EntryPoint\",\"urlTemplate\":\"https:\\\/\\\/www.vdhurk.nl\\\/?s={search_term_string}\"},\"query-input\":{\"@type\":\"PropertyValueSpecification\",\"valueRequired\":true,\"valueName\":\"search_term_string\"}}],\"inLanguage\":\"fr-FR\"}]}<\/script>\n<!-- \/ Yoast SEO plugin. -->","yoast_head_json":{"title":"Acheter une voiture d'occasion Citro\u00ebn Jumper fiable ?","description":"Vous recherchez un v\u00e9hicule utilitaire polyvalent ? Le Citro\u00ebn Jumper occasion offre tout ce dont vous avez besoin. D\u00e9couvrez tous les avantages.","robots":{"index":"index","follow":"follow","max-snippet":"max-snippet:-1","max-image-preview":"max-image-preview:large","max-video-preview":"max-video-preview:-1"},"canonical":"https:\/\/www.vdhurk.nl\/fr\/citroen-vehicules-utilitaires\/sauteur\/","og_locale":"fr_FR","og_type":"article","og_title":"Betrouwbare Citro\u00ebn Jumper occasion kopen?","og_description":"Op zoek naar een veelzijdige bedrijfswagen? De Citro\u00ebn Jumper occasion biedt alles wat je nodig hebt. Ontdek alle voordelen.","og_url":"https:\/\/www.vdhurk.nl\/fr\/citroen-vehicules-utilitaires\/sauteur\/","og_site_name":"Van den Hurk Bedrijfswagens","article_modified_time":"2025-02-06T16:22:53+00:00","twitter_card":"summary_large_image","twitter_misc":{"Dur\u00e9e de lecture estim\u00e9e":"4 minutes"},"schema":{"@context":"https:\/\/schema.org","@graph":[{"@type":"WebPage","@id":"https:\/\/www.vdhurk.nl\/citroen-bedrijfswagens\/jumper\/","url":"https:\/\/www.vdhurk.nl\/citroen-bedrijfswagens\/jumper\/","name":"Acheter une voiture d'occasion Citro\u00ebn Jumper fiable ?","isPartOf":{"@id":"https:\/\/www.vdhurk.nl\/#website"},"datePublished":"2025-02-06T14:48:28+00:00","dateModified":"2025-02-06T16:22:53+00:00","description":"Vous recherchez un v\u00e9hicule utilitaire polyvalent ? Le Citro\u00ebn Jumper occasion offre tout ce dont vous avez besoin. D\u00e9couvrez tous les avantages.","breadcrumb":{"@id":"https:\/\/www.vdhurk.nl\/citroen-bedrijfswagens\/jumper\/#breadcrumb"},"inLanguage":"fr-FR","potentialAction":[{"@type":"ReadAction","target":["https:\/\/www.vdhurk.nl\/citroen-bedrijfswagens\/jumper\/"]}]},{"@type":"BreadcrumbList","@id":"https:\/\/www.vdhurk.nl\/citroen-bedrijfswagens\/jumper\/#breadcrumb","itemListElement":[{"@type":"ListItem","position":1,"name":"Home","item":"https:\/\/www.vdhurk.nl\/home\/"},{"@type":"ListItem","position":2,"name":"Citro\u00ebn Bedrijfswagens","item":"https:\/\/www.vdhurk.nl\/citroen-bedrijfswagens\/"},{"@type":"ListItem","position":3,"name":"Citro\u00ebn Jumper"}]},{"@type":"WebSite","@id":"https:\/\/www.vdhurk.nl\/#website","url":"https:\/\/www.vdhurk.nl\/","name":"V\u00e9hicules utilitaires Van den Hurk","description":"V\u00e9hicules utilitaires Van den Hurk Helmond","potentialAction":[{"@type":"SearchAction","target":{"@type":"EntryPoint","urlTemplate":"https:\/\/www.vdhurk.nl\/?s={search_term_string}"},"query-input":{"@type":"PropertyValueSpecification","valueRequired":true,"valueName":"search_term_string"}}],"inLanguage":"fr-FR"}]}},"_links":{"self":[{"href":"https:\/\/www.vdhurk.nl\/fr\/wp-json\/wp\/v2\/pages\/434872","targetHints":{"allow":["GET"]}}],"collection":[{"href":"https:\/\/www.vdhurk.nl\/fr\/wp-json\/wp\/v2\/pages"}],"about":[{"href":"https:\/\/www.vdhurk.nl\/fr\/wp-json\/wp\/v2\/types\/page"}],"author":[{"embeddable":true,"href":"https:\/\/www.vdhurk.nl\/fr\/wp-json\/wp\/v2\/users\/3"}],"replies":[{"embeddable":true,"href":"https:\/\/www.vdhurk.nl\/fr\/wp-json\/wp\/v2\/comments?post=434872"}],"version-history":[{"count":5,"href":"https:\/\/www.vdhurk.nl\/fr\/wp-json\/wp\/v2\/pages\/434872\/revisions"}],"predecessor-version":[{"id":442895,"href":"https:\/\/www.vdhurk.nl\/fr\/wp-json\/wp\/v2\/pages\/434872\/revisions\/442895"}],"up":[{"embeddable":true,"href":"https:\/\/www.vdhurk.nl\/fr\/wp-json\/wp\/v2\/pages\/372085"}],"wp:attachment":[{"href":"https:\/\/www.vdhurk.nl\/fr\/wp-json\/wp\/v2\/media?parent=434872"}],"curies":[{"name":"wp","href":"https:\/\/api.w.org\/{rel}","templated":true}]}}